{"id":21106,"date":"2025-10-01T17:22:32","date_gmt":"2025-10-01T17:22:32","guid":{"rendered":"https:\/\/neylaropadedanza.es\/product\/muhsina\/"},"modified":"2025-10-01T17:22:32","modified_gmt":"2025-10-01T17:22:32","slug":"muhsina","status":"publish","type":"product","link":"https:\/\/neylaropadedanza.es\/fr\/product\/muhsina\/","title":{"rendered":"Muhsina"},"content":{"rendered":"<h3>\u2728 Ensemble Muhsina \u2013 Force et style en violet m\u00e9tallis\u00e9 \u2728<\/h3>\n<p data-start=\"198\" data-end=\"565\">L<strong data-start=\"201\" data-end=\"221\">\u2019Ensemble Muhsina<\/strong> est une proposition moderne et polyvalente pour les danseuses qui souhaitent se d\u00e9marquer \u00e0 chaque r\u00e9p\u00e9tition et repr\u00e9sentation. Con\u00e7u dans une superbe <strong data-start=\"353\" data-end=\"372\">couleur violet m\u00e9tallis\u00e9<\/strong>, cet ensemble allie force, style et confort dans une seule tenue, en faisant un choix incontournable pour votre garde-robe de danse orientale, tribal et fusions contemporaines. <\/p>\n<p data-start=\"567\" data-end=\"683\"><strong data-start=\"570\" data-end=\"598\">\ud83d\udc8e Design et d\u00e9tails uniques<\/strong><br data-start=\"598\" data-end=\"601\">Cet ensemble se compose de deux pi\u00e8ces parfaitement assorties :<\/p>\n<ul data-start=\"684\" data-end=\"961\">\n<li data-start=\"684\" data-end=\"798\">\n<p data-start=\"686\" data-end=\"798\"><strong data-start=\"686\" data-end=\"714\">Un top court \u00e0 manches 3\/4<\/strong>, avec un col rond et une coupe ajust\u00e9e qui met en valeur la silhouette tout en restant confortable.<\/p>\n<\/li>\n<li data-start=\"799\" data-end=\"961\">\n<p data-start=\"801\" data-end=\"961\"><strong data-start=\"801\" data-end=\"850\">Un pantalon taille haute avec des fentes frontales, <\/strong>qui apporte dynamisme et fluidit\u00e9 \u00e0 chaque pas, en soulignant les mouvements de hanches, les tours et les d\u00e9placements.<\/p>\n<\/li>\n<\/ul>\n<p data-start=\"963\" data-end=\"1139\">R\u00e9alis\u00e9 dans un tissu \u00e9lastique et brillant, il met en valeur la silhouette tout en refl\u00e9tant la lumi\u00e8re, cr\u00e9ant ainsi un effet visuel spectaculaire aussi bien en cours que sur sc\u00e8ne.<\/p>\n<p data-start=\"1141\" data-end=\"1536\">\u2728<strong data-start=\"1143\" data-end=\"1171\"> Confort et polyvalence<\/strong><br data-start=\"1171\" data-end=\"1174\">L<strong data-start=\"1177\" data-end=\"1197\">\u2019Ensemble Muhsina <\/strong>est con\u00e7u pour s\u2019adapter \u00e0 diff\u00e9rents styles de danse, de la danse orientale classique aux fusions modernes, au tribal ou aux spectacles sc\u00e9niques. Gr\u00e2ce \u00e0 son tissu flexible et \u00e0 sa coupe ergonomique, il offre une libert\u00e9 de mouvement totale, devenant l\u2019alli\u00e9 id\u00e9al pour l\u2019entra\u00eenement, les r\u00e9p\u00e9titions, les galas et les prestations. <\/p>\n<p data-start=\"1538\" data-end=\"1882\">\ud83c\udf1f <strong data-start=\"1541\" data-end=\"1579\">Pourquoi choisir l\u2019Ensemble Muhsina<\/strong><br data-start=\"1579\" data-end=\"1582\">\u2714 Couleur violet m\u00e9tallis\u00e9 qui transmet force et \u00e9l\u00e9gance.<br data-start=\"1639\" data-end=\"1642\">\u2714 Top court \u00e0 manches 3\/4 alliant confort et style.<br data-start=\"1700\" data-end=\"1703\">\u2714 Pantalon avec fentes qui mettent en valeur chaque mouvement.<br data-start=\"1756\" data-end=\"1759\">\u2714 Tissu \u00e9lastique et l\u00e9ger qui s\u2019adapte \u00e0 la silhouette.<br data-start=\"1813\" data-end=\"1816\">\u2714 Id\u00e9al pour danse orientale, tribal, fusions et spectacles.<\/p>\n<p data-start=\"1884\" data-end=\"2073\">L<strong data-start=\"1887\" data-end=\"1907\">\u2019Ensemble Muhsina<\/strong> n\u2019est pas seulement une tenue de danse, c\u2019est une d\u00e9claration de style et d\u2019\u00e9nergie. Son design contemporain vous fera sentir confiante, puissante et pr\u00eate \u00e0 briller dans chaque chor\u00e9graphie. <\/p>\n<p data-start=\"2075\" data-end=\"2183\">\u27a1\ufe0f D\u00e9couvrez plus d\u2019ensembles exclusifs chez Neyla Dancewear et cr\u00e9ez des looks pleins de personnalit\u00e9 pour votre danse.<\/p>\n","protected":false},"excerpt":{"rendered":"<p>\u2728 Ensemble Muhsina \u2013 Force et style en violet m\u00e9tallis\u00e9 \u2728 L\u2019Ensemble Muhsina est une proposition moderne et polyvalente pour les danseuses qui souhaitent se d\u00e9marquer \u00e0 chaque r\u00e9p\u00e9tition et repr\u00e9sentation. Con\u00e7u dans une superbe couleur violet m\u00e9tallis\u00e9, cet ensemble allie force, style et confort dans une seule tenue, en faisant un choix incontournable pour [&hellip;]<\/p>\n","protected":false},"featured_media":21094,"comment_status":"open","ping_status":"closed","template":"","meta":{"content-type":"","_monsterinsights_skip_tracking":false,"_monsterinsights_sitenote_active":false,"_monsterinsights_sitenote_note":"","_monsterinsights_sitenote_category":0,"_uf_show_specific_survey":0,"_uf_disable_surveys":false},"product_brand":[],"product_cat":[973,969],"product_tag":[],"class_list":{"0":"post-21106","1":"product","2":"type-product","3":"status-publish","4":"has-post-thumbnail","6":"product_cat-ensambles","7":"product_cat-vetements-dentrainement","8":"product_shipping_class-standard-fr","10":"first","11":"instock","12":"sale","13":"taxable","14":"shipping-taxable","15":"purchasable","16":"product-type-variable","17":"add-to-wishlist-after_add_to_cart"},"yoast_head":"<!-- This site is optimized with the Yoast SEO plugin v26.6 - https:\/\/yoast.com\/wordpress\/plugins\/seo\/ -->\n<title>Muhsina - Neyla Dancewear - V\u00eatements de danse du ventre<\/title>\n<meta name=\"description\" content=\"Ensemble Muhsina en violet m\u00e9tallis\u00e9. Top \u00e0 manches 3\/4 et pantalon \u00e0 fentes qui mettent en valeur chaque mouvement. Id\u00e9al pour danse orientale, tribal et fusions.\" \/>\n<meta name=\"robots\" content=\"index, follow, max-snippet:-1, max-image-preview:large, max-video-preview:-1\" \/>\n<link rel=\"canonical\" href=\"https:\/\/neylaropadedanza.es\/fr\/product\/muhsina\/\" \/>\n<meta property=\"og:locale\" content=\"fr_FR\" \/>\n<meta property=\"og:type\" content=\"article\" \/>\n<meta property=\"og:title\" content=\"Muhsina - Neyla Dancewear - V\u00eatements de danse du ventre\" \/>\n<meta property=\"og:description\" content=\"Ensemble Muhsina en violet m\u00e9tallis\u00e9. Top \u00e0 manches 3\/4 et pantalon \u00e0 fentes qui mettent en valeur chaque mouvement. Id\u00e9al pour danse orientale, tribal et fusions.\" \/>\n<meta property=\"og:url\" content=\"https:\/\/neylaropadedanza.es\/fr\/product\/muhsina\/\" \/>\n<meta property=\"og:site_name\" content=\"Neyla Dancewear\" \/>\n<meta property=\"article:publisher\" content=\"https:\/\/www.facebook.com\/neyladancewear\/\" \/>\n<meta property=\"og:image\" content=\"https:\/\/neylaropadedanza.es\/wp-content\/uploads\/2025\/10\/Ropa-de-Danza-del-Vientre-48.jpg\" \/>\n\t<meta property=\"og:image:width\" content=\"1031\" \/>\n\t<meta property=\"og:image:height\" content=\"1100\" \/>\n\t<meta property=\"og:image:type\" content=\"image\/jpeg\" \/>\n<meta name=\"twitter:card\" content=\"summary_large_image\" \/>\n<meta name=\"twitter:label1\" content=\"Dur\u00e9e de lecture estim\u00e9e\" \/>\n\t<meta name=\"twitter:data1\" content=\"2 minutes\" \/>\n<script type=\"application\/ld+json\" class=\"yoast-schema-graph\">{\"@context\":\"https:\/\/schema.org\",\"@graph\":[{\"@type\":\"WebPage\",\"@id\":\"https:\/\/neylaropadedanza.es\/fr\/product\/muhsina\/\",\"url\":\"https:\/\/neylaropadedanza.es\/fr\/product\/muhsina\/\",\"name\":\"Muhsina - Neyla Dancewear - V\u00eatements de danse du ventre\",\"isPartOf\":{\"@id\":\"https:\/\/neylaropadedanza.com\/#website\"},\"primaryImageOfPage\":{\"@id\":\"https:\/\/neylaropadedanza.es\/fr\/product\/muhsina\/#primaryimage\"},\"image\":{\"@id\":\"https:\/\/neylaropadedanza.es\/fr\/product\/muhsina\/#primaryimage\"},\"thumbnailUrl\":\"https:\/\/neylaropadedanza.es\/wp-content\/uploads\/2025\/10\/Ropa-de-Danza-del-Vientre-48.jpg\",\"datePublished\":\"2025-10-01T17:22:32+00:00\",\"description\":\"Ensemble Muhsina en violet m\u00e9tallis\u00e9. Top \u00e0 manches 3\/4 et pantalon \u00e0 fentes qui mettent en valeur chaque mouvement. Id\u00e9al pour danse orientale, tribal et fusions.\",\"breadcrumb\":{\"@id\":\"https:\/\/neylaropadedanza.es\/fr\/product\/muhsina\/#breadcrumb\"},\"inLanguage\":\"fr-FR\",\"potentialAction\":[{\"@type\":\"ReadAction\",\"target\":[\"https:\/\/neylaropadedanza.es\/fr\/product\/muhsina\/\"]}]},{\"@type\":\"ImageObject\",\"inLanguage\":\"fr-FR\",\"@id\":\"https:\/\/neylaropadedanza.es\/fr\/product\/muhsina\/#primaryimage\",\"url\":\"https:\/\/neylaropadedanza.es\/wp-content\/uploads\/2025\/10\/Ropa-de-Danza-del-Vientre-48.jpg\",\"contentUrl\":\"https:\/\/neylaropadedanza.es\/wp-content\/uploads\/2025\/10\/Ropa-de-Danza-del-Vientre-48.jpg\",\"width\":1031,\"height\":1100,\"caption\":\"Ensemble de danse Muhsina en violet m\u00e9tallis\u00e9 avec top \u00e0 manches 3\/4 et pantalon \u00e0 fentes.\"},{\"@type\":\"BreadcrumbList\",\"@id\":\"https:\/\/neylaropadedanza.es\/fr\/product\/muhsina\/#breadcrumb\",\"itemListElement\":[{\"@type\":\"ListItem\",\"position\":1,\"name\":\"Home\",\"item\":\"https:\/\/neylaropadedanza.es\/fr\/\"},{\"@type\":\"ListItem\",\"position\":2,\"name\":\"Produits\",\"item\":\"https:\/\/neylaropadedanza.es\/fr\/shop\/\"},{\"@type\":\"ListItem\",\"position\":3,\"name\":\"Muhsina\"}]},{\"@type\":\"WebSite\",\"@id\":\"https:\/\/neylaropadedanza.com\/#website\",\"url\":\"https:\/\/neylaropadedanza.com\/\",\"name\":\"NeylaRopaDeDanza\",\"description\":\"Ropa de Danza del Vientre, danza oriental, trajes, ropa de ensayo y mucho m\u00e1s!\",\"publisher\":{\"@id\":\"https:\/\/neylaropadedanza.com\/#organization\"},\"potentialAction\":[{\"@type\":\"SearchAction\",\"target\":{\"@type\":\"EntryPoint\",\"urlTemplate\":\"https:\/\/neylaropadedanza.com\/?s={search_term_string}\"},\"query-input\":{\"@type\":\"PropertyValueSpecification\",\"valueRequired\":true,\"valueName\":\"search_term_string\"}}],\"inLanguage\":\"fr-FR\"},{\"@type\":\"Organization\",\"@id\":\"https:\/\/neylaropadedanza.com\/#organization\",\"name\":\"NeylaRopaDeDanza\",\"url\":\"https:\/\/neylaropadedanza.com\/\",\"logo\":{\"@type\":\"ImageObject\",\"inLanguage\":\"fr-FR\",\"@id\":\"https:\/\/neylaropadedanza.com\/#\/schema\/logo\/image\/\",\"url\":\"https:\/\/neylaropadedanza.es\/wp-content\/uploads\/2025\/04\/Neyla-Blanc.webp\",\"contentUrl\":\"https:\/\/neylaropadedanza.es\/wp-content\/uploads\/2025\/04\/Neyla-Blanc.webp\",\"width\":1970,\"height\":936,\"caption\":\"NeylaRopaDeDanza\"},\"image\":{\"@id\":\"https:\/\/neylaropadedanza.com\/#\/schema\/logo\/image\/\"},\"sameAs\":[\"https:\/\/www.facebook.com\/neyladancewear\/\",\"https:\/\/www.instagram.com\/neyladancewear\/\",\"https:\/\/www.youtube.com\/channel\/UCKlqrANcZD0QqKXzpy4taWA?view_as=subscriber\"]}]}<\/script>\n<!-- \/ Yoast SEO plugin. -->","yoast_head_json":{"title":"Muhsina - Neyla Dancewear - V\u00eatements de danse du ventre","description":"Ensemble Muhsina en violet m\u00e9tallis\u00e9. Top \u00e0 manches 3\/4 et pantalon \u00e0 fentes qui mettent en valeur chaque mouvement. Id\u00e9al pour danse orientale, tribal et fusions.","robots":{"index":"index","follow":"follow","max-snippet":"max-snippet:-1","max-image-preview":"max-image-preview:large","max-video-preview":"max-video-preview:-1"},"canonical":"https:\/\/neylaropadedanza.es\/fr\/product\/muhsina\/","og_locale":"fr_FR","og_type":"article","og_title":"Muhsina - Neyla Dancewear - V\u00eatements de danse du ventre","og_description":"Ensemble Muhsina en violet m\u00e9tallis\u00e9. Top \u00e0 manches 3\/4 et pantalon \u00e0 fentes qui mettent en valeur chaque mouvement. Id\u00e9al pour danse orientale, tribal et fusions.","og_url":"https:\/\/neylaropadedanza.es\/fr\/product\/muhsina\/","og_site_name":"Neyla Dancewear","article_publisher":"https:\/\/www.facebook.com\/neyladancewear\/","og_image":[{"width":1031,"height":1100,"url":"https:\/\/neylaropadedanza.es\/wp-content\/uploads\/2025\/10\/Ropa-de-Danza-del-Vientre-48.jpg","type":"image\/jpeg"}],"twitter_card":"summary_large_image","twitter_misc":{"Dur\u00e9e de lecture estim\u00e9e":"2 minutes"},"schema":{"@context":"https:\/\/schema.org","@graph":[{"@type":"WebPage","@id":"https:\/\/neylaropadedanza.es\/fr\/product\/muhsina\/","url":"https:\/\/neylaropadedanza.es\/fr\/product\/muhsina\/","name":"Muhsina - Neyla Dancewear - V\u00eatements de danse du ventre","isPartOf":{"@id":"https:\/\/neylaropadedanza.com\/#website"},"primaryImageOfPage":{"@id":"https:\/\/neylaropadedanza.es\/fr\/product\/muhsina\/#primaryimage"},"image":{"@id":"https:\/\/neylaropadedanza.es\/fr\/product\/muhsina\/#primaryimage"},"thumbnailUrl":"https:\/\/neylaropadedanza.es\/wp-content\/uploads\/2025\/10\/Ropa-de-Danza-del-Vientre-48.jpg","datePublished":"2025-10-01T17:22:32+00:00","description":"Ensemble Muhsina en violet m\u00e9tallis\u00e9. Top \u00e0 manches 3\/4 et pantalon \u00e0 fentes qui mettent en valeur chaque mouvement. Id\u00e9al pour danse orientale, tribal et fusions.","breadcrumb":{"@id":"https:\/\/neylaropadedanza.es\/fr\/product\/muhsina\/#breadcrumb"},"inLanguage":"fr-FR","potentialAction":[{"@type":"ReadAction","target":["https:\/\/neylaropadedanza.es\/fr\/product\/muhsina\/"]}]},{"@type":"ImageObject","inLanguage":"fr-FR","@id":"https:\/\/neylaropadedanza.es\/fr\/product\/muhsina\/#primaryimage","url":"https:\/\/neylaropadedanza.es\/wp-content\/uploads\/2025\/10\/Ropa-de-Danza-del-Vientre-48.jpg","contentUrl":"https:\/\/neylaropadedanza.es\/wp-content\/uploads\/2025\/10\/Ropa-de-Danza-del-Vientre-48.jpg","width":1031,"height":1100,"caption":"Ensemble de danse Muhsina en violet m\u00e9tallis\u00e9 avec top \u00e0 manches 3\/4 et pantalon \u00e0 fentes."},{"@type":"BreadcrumbList","@id":"https:\/\/neylaropadedanza.es\/fr\/product\/muhsina\/#breadcrumb","itemListElement":[{"@type":"ListItem","position":1,"name":"Home","item":"https:\/\/neylaropadedanza.es\/fr\/"},{"@type":"ListItem","position":2,"name":"Produits","item":"https:\/\/neylaropadedanza.es\/fr\/shop\/"},{"@type":"ListItem","position":3,"name":"Muhsina"}]},{"@type":"WebSite","@id":"https:\/\/neylaropadedanza.com\/#website","url":"https:\/\/neylaropadedanza.com\/","name":"NeylaRopaDeDanza","description":"Ropa de Danza del Vientre, danza oriental, trajes, ropa de ensayo y mucho m\u00e1s!","publisher":{"@id":"https:\/\/neylaropadedanza.com\/#organization"},"potentialAction":[{"@type":"SearchAction","target":{"@type":"EntryPoint","urlTemplate":"https:\/\/neylaropadedanza.com\/?s={search_term_string}"},"query-input":{"@type":"PropertyValueSpecification","valueRequired":true,"valueName":"search_term_string"}}],"inLanguage":"fr-FR"},{"@type":"Organization","@id":"https:\/\/neylaropadedanza.com\/#organization","name":"NeylaRopaDeDanza","url":"https:\/\/neylaropadedanza.com\/","logo":{"@type":"ImageObject","inLanguage":"fr-FR","@id":"https:\/\/neylaropadedanza.com\/#\/schema\/logo\/image\/","url":"https:\/\/neylaropadedanza.es\/wp-content\/uploads\/2025\/04\/Neyla-Blanc.webp","contentUrl":"https:\/\/neylaropadedanza.es\/wp-content\/uploads\/2025\/04\/Neyla-Blanc.webp","width":1970,"height":936,"caption":"NeylaRopaDeDanza"},"image":{"@id":"https:\/\/neylaropadedanza.com\/#\/schema\/logo\/image\/"},"sameAs":["https:\/\/www.facebook.com\/neyladancewear\/","https:\/\/www.instagram.com\/neyladancewear\/","https:\/\/www.youtube.com\/channel\/UCKlqrANcZD0QqKXzpy4taWA?view_as=subscriber"]}]}},"_links":{"self":[{"href":"https:\/\/neylaropadedanza.es\/fr\/wp-json\/wp\/v2\/product\/21106","targetHints":{"allow":["GET"]}}],"collection":[{"href":"https:\/\/neylaropadedanza.es\/fr\/wp-json\/wp\/v2\/product"}],"about":[{"href":"https:\/\/neylaropadedanza.es\/fr\/wp-json\/wp\/v2\/types\/product"}],"replies":[{"embeddable":true,"href":"https:\/\/neylaropadedanza.es\/fr\/wp-json\/wp\/v2\/comments?post=21106"}],"version-history":[{"count":0,"href":"https:\/\/neylaropadedanza.es\/fr\/wp-json\/wp\/v2\/product\/21106\/revisions"}],"wp:featuredmedia":[{"embeddable":true,"href":"https:\/\/neylaropadedanza.es\/fr\/wp-json\/wp\/v2\/media\/21094"}],"wp:attachment":[{"href":"https:\/\/neylaropadedanza.es\/fr\/wp-json\/wp\/v2\/media?parent=21106"}],"wp:term":[{"taxonomy":"product_brand","embeddable":true,"href":"https:\/\/neylaropadedanza.es\/fr\/wp-json\/wp\/v2\/product_brand?post=21106"},{"taxonomy":"product_cat","embeddable":true,"href":"https:\/\/neylaropadedanza.es\/fr\/wp-json\/wp\/v2\/product_cat?post=21106"},{"taxonomy":"product_tag","embeddable":true,"href":"https:\/\/neylaropadedanza.es\/fr\/wp-json\/wp\/v2\/product_tag?post=21106"}],"curies":[{"name":"wp","href":"https:\/\/api.w.org\/{rel}","templated":true}]}}