{"id":20562,"date":"2025-09-02T15:55:29","date_gmt":"2025-09-02T15:55:29","guid":{"rendered":"https:\/\/neylaropadedanza.es\/product\/iman\/"},"modified":"2025-09-02T15:55:29","modified_gmt":"2025-09-02T15:55:29","slug":"iman","status":"publish","type":"product","link":"https:\/\/neylaropadedanza.es\/fr\/product\/iman\/","title":{"rendered":"Iman"},"content":{"rendered":"<h2 data-start=\"101\" data-end=\"161\">\ud83c\udf1f Jupe Iman \u2013 Style boh\u00e8me et libert\u00e9 dans ta danse \ud83c\udf1f<\/h2>\n<p data-start=\"163\" data-end=\"586\">La<strong data-start=\"166\" data-end=\"180\"> jupe Iman<\/strong> est une pi\u00e8ce polyvalente et pleine de personnalit\u00e9, con\u00e7ue pour les danseuses qui recherchent un look frais, confortable et original pour leurs cours et spectacles d<strong data-start=\"331\" data-end=\"396\">e danse du ventre, danse orientale, tribal ou fusions modernes. <\/strong>Avec un imprim\u00e9 dans des tons terre, bordeaux et dor\u00e9s rappelant des motifs boh\u00e8mes et ethniques, cette jupe devient un accessoire unique qui apporte du caract\u00e8re et de l\u2019\u00e9l\u00e9gance \u00e0 ta garde-robe de danse. <\/p>\n<h3 data-start=\"588\" data-end=\"614\">\ud83d\udc8e <strong data-start=\"591\" data-end=\"612\">Design et D\u00e9tails<\/strong><\/h3>\n<ul data-start=\"615\" data-end=\"932\">\n<li data-start=\"615\" data-end=\"739\">\n<p data-start=\"617\" data-end=\"739\">Confectionn\u00e9e en tissu l\u00e9ger et fluide, elle permet une totale libert\u00e9 de mouvement lors des tours, d\u00e9placements et vibrations.<\/p>\n<\/li>\n<li data-start=\"740\" data-end=\"843\">\n<p data-start=\"742\" data-end=\"843\">Sa <strong data-start=\"745\" data-end=\"782\">coupe asym\u00e9trique avec une chute fluide <\/strong>cr\u00e9e du dynamisme et un style boh\u00e8me chic.<\/p>\n<\/li>\n<li data-start=\"844\" data-end=\"932\">\n<p data-start=\"846\" data-end=\"932\">La<strong data-start=\"849\" data-end=\"869\"> ceinture \u00e9lastique<\/strong> assure un ajustement confortable et adaptable \u00e0 diff\u00e9rentes silhouettes.<\/p>\n<\/li>\n<\/ul>\n<h3 data-start=\"934\" data-end=\"972\">\ud83c\udf1f <strong data-start=\"937\" data-end=\"970\">Pourquoi choisir la jupe Iman :<\/strong><\/h3>\n<ul data-start=\"973\" data-end=\"1236\">\n<li data-start=\"973\" data-end=\"1048\">\n<p data-start=\"975\" data-end=\"1048\">Imprim\u00e9 boh\u00e8me dans des tons chauds qui transmettent style et originalit\u00e9.<\/p>\n<\/li>\n<li data-start=\"1049\" data-end=\"1096\">\n<p data-start=\"1051\" data-end=\"1096\">Design asym\u00e9trique qui met en valeur le mouvement.<\/p>\n<\/li>\n<li data-start=\"1097\" data-end=\"1149\">\n<p data-start=\"1099\" data-end=\"1149\">Tissu l\u00e9ger, id\u00e9al pour les r\u00e9p\u00e9titions et les spectacles.<\/p>\n<\/li>\n<li data-start=\"1150\" data-end=\"1236\">\n<p data-start=\"1152\" data-end=\"1236\">Polyvalente : se combine facilement avec des tops unis, en dentelle ou des ceintures perl\u00e9es.<\/p>\n<\/li>\n<\/ul>\n<h3 data-start=\"1238\" data-end=\"1419\">\ud83d\udd17<strong data-start=\"1241\" data-end=\"1265\"> \u00c0 combiner avec style<\/strong><\/h3>\n<p data-start=\"1238\" data-end=\"1419\"><br data-start=\"1265\" data-end=\"1268\">La jupe Iman peut \u00eatre associ\u00e9e \u00e0 des accessoires marquants comme des <a href=\"https:\/\/neylaropadedanza.es\/fr\/voiles-en-soie\/\">voiles en soie <\/a>ou des <a href=\"https:\/\/neylaropadedanza.es\/fr\/foulard-de-hanches\/\">ceintures \u00e0 pi\u00e8ces<\/a> pour accentuer son esprit boh\u00e8me et dynamique.<\/p>\n<p data-start=\"1421\" data-end=\"1514\">\u27a1\ufe0f <strong data-start=\"1424\" data-end=\"1512\">Avec la jupe Iman, tu ajouteras de la fra\u00eecheur, du mouvement et une touche unique \u00e0 chaque chor\u00e9graphie.<\/strong><\/p>\n","protected":false},"excerpt":{"rendered":"<p>\ud83c\udf1f Jupe Iman \u2013 Style boh\u00e8me et libert\u00e9 dans ta danse \ud83c\udf1f La jupe Iman est une pi\u00e8ce polyvalente et pleine de personnalit\u00e9, con\u00e7ue pour les danseuses qui recherchent un look frais, confortable et original pour leurs cours et spectacles de danse du ventre, danse orientale, tribal ou fusions modernes. Avec un imprim\u00e9 dans des [&hellip;]<\/p>\n","protected":false},"featured_media":20551,"comment_status":"open","ping_status":"closed","template":"","meta":{"content-type":"","_monsterinsights_skip_tracking":false,"_monsterinsights_sitenote_active":false,"_monsterinsights_sitenote_note":"","_monsterinsights_sitenote_category":0,"_uf_show_specific_survey":0,"_uf_disable_surveys":false},"product_brand":[],"product_cat":[975,969],"product_tag":[2074,1124,1120,2068,1405,1407,2069,2070,2071,2072,1417,2073,1307,1297],"class_list":{"0":"post-20562","1":"product","2":"type-product","3":"status-publish","4":"has-post-thumbnail","6":"product_cat-jupes","7":"product_cat-vetements-dentrainement","8":"product_tag-bellydance-fr","9":"product_tag-danse-arabe","10":"product_tag-danse-du-ventre","11":"product_tag-danse-orientale-fr","12":"product_tag-danse-tribal","13":"product_tag-jupe-asymetrique","14":"product_tag-jupe-boheme","15":"product_tag-jupe-de-danse","16":"product_tag-jupe-fusion","17":"product_tag-jupe-legere","18":"product_tag-robe-orientale","19":"product_tag-tenue-de-spectacle","20":"product_tag-vetements-dentrainement","21":"product_tag-vetements-de-danse","22":"product_shipping_class-standard-fr","24":"first","25":"instock","26":"sale","27":"taxable","28":"shipping-taxable","29":"purchasable","30":"product-type-variable","31":"add-to-wishlist-after_add_to_cart"},"yoast_head":"<!-- This site is optimized with the Yoast SEO plugin v26.6 - https:\/\/yoast.com\/wordpress\/plugins\/seo\/ -->\n<title>Iman - Neyla Dancewear - V\u00eatements de danse du ventre<\/title>\n<meta name=\"description\" content=\"Jupe Iman avec imprim\u00e9 boh\u00e8me dans des tons terre, bordeaux et dor\u00e9s. Coupe asym\u00e9trique, tissu l\u00e9ger et taille \u00e9lastique. Parfaite pour la danse du ventre et les fusions.\" \/>\n<meta name=\"robots\" content=\"index, follow, max-snippet:-1, max-image-preview:large, max-video-preview:-1\" \/>\n<link rel=\"canonical\" href=\"https:\/\/neylaropadedanza.es\/fr\/product\/iman\/\" \/>\n<meta property=\"og:locale\" content=\"fr_FR\" \/>\n<meta property=\"og:type\" content=\"article\" \/>\n<meta property=\"og:title\" content=\"Iman - Neyla Dancewear - V\u00eatements de danse du ventre\" \/>\n<meta property=\"og:description\" content=\"Jupe Iman avec imprim\u00e9 boh\u00e8me dans des tons terre, bordeaux et dor\u00e9s. Coupe asym\u00e9trique, tissu l\u00e9ger et taille \u00e9lastique. Parfaite pour la danse du ventre et les fusions.\" \/>\n<meta property=\"og:url\" content=\"https:\/\/neylaropadedanza.es\/fr\/product\/iman\/\" \/>\n<meta property=\"og:site_name\" content=\"Neyla Dancewear\" \/>\n<meta property=\"article:publisher\" content=\"https:\/\/www.facebook.com\/neyladancewear\/\" \/>\n<meta property=\"og:image\" content=\"https:\/\/neylaropadedanza.com\/wp-content\/uploads\/2025\/09\/Ropa-Danza-del-Vientre-13.jpg\" \/>\n\t<meta property=\"og:image:width\" content=\"1094\" \/>\n\t<meta property=\"og:image:height\" content=\"1100\" \/>\n\t<meta property=\"og:image:type\" content=\"image\/jpeg\" \/>\n<meta name=\"twitter:card\" content=\"summary_large_image\" \/>\n<meta name=\"twitter:label1\" content=\"Dur\u00e9e de lecture estim\u00e9e\" \/>\n\t<meta name=\"twitter:data1\" content=\"1 minute\" \/>\n<script type=\"application\/ld+json\" class=\"yoast-schema-graph\">{\"@context\":\"https:\/\/schema.org\",\"@graph\":[{\"@type\":\"WebPage\",\"@id\":\"https:\/\/neylaropadedanza.es\/fr\/product\/iman\/\",\"url\":\"https:\/\/neylaropadedanza.es\/fr\/product\/iman\/\",\"name\":\"Iman - Neyla Dancewear - V\u00eatements de danse du ventre\",\"isPartOf\":{\"@id\":\"https:\/\/neylaropadedanza.com\/#website\"},\"primaryImageOfPage\":{\"@id\":\"https:\/\/neylaropadedanza.es\/fr\/product\/iman\/#primaryimage\"},\"image\":{\"@id\":\"https:\/\/neylaropadedanza.es\/fr\/product\/iman\/#primaryimage\"},\"thumbnailUrl\":\"https:\/\/neylaropadedanza.es\/wp-content\/uploads\/2025\/09\/Ropa-Danza-del-Vientre-13.jpg\",\"datePublished\":\"2025-09-02T15:55:29+00:00\",\"description\":\"Jupe Iman avec imprim\u00e9 boh\u00e8me dans des tons terre, bordeaux et dor\u00e9s. Coupe asym\u00e9trique, tissu l\u00e9ger et taille \u00e9lastique. Parfaite pour la danse du ventre et les fusions.\",\"breadcrumb\":{\"@id\":\"https:\/\/neylaropadedanza.es\/fr\/product\/iman\/#breadcrumb\"},\"inLanguage\":\"fr-FR\",\"potentialAction\":[{\"@type\":\"ReadAction\",\"target\":[\"https:\/\/neylaropadedanza.es\/fr\/product\/iman\/\"]}]},{\"@type\":\"ImageObject\",\"inLanguage\":\"fr-FR\",\"@id\":\"https:\/\/neylaropadedanza.es\/fr\/product\/iman\/#primaryimage\",\"url\":\"https:\/\/neylaropadedanza.es\/wp-content\/uploads\/2025\/09\/Ropa-Danza-del-Vientre-13.jpg\",\"contentUrl\":\"https:\/\/neylaropadedanza.es\/wp-content\/uploads\/2025\/09\/Ropa-Danza-del-Vientre-13.jpg\",\"width\":1094,\"height\":1100,\"caption\":\"Jupe Iman de danse du ventre avec imprim\u00e9 boh\u00e8me en tons terre, bordeaux et dor\u00e9s.\"},{\"@type\":\"BreadcrumbList\",\"@id\":\"https:\/\/neylaropadedanza.es\/fr\/product\/iman\/#breadcrumb\",\"itemListElement\":[{\"@type\":\"ListItem\",\"position\":1,\"name\":\"Home\",\"item\":\"https:\/\/neylaropadedanza.es\/fr\/\"},{\"@type\":\"ListItem\",\"position\":2,\"name\":\"Produits\",\"item\":\"https:\/\/neylaropadedanza.es\/fr\/shop\/\"},{\"@type\":\"ListItem\",\"position\":3,\"name\":\"Iman\"}]},{\"@type\":\"WebSite\",\"@id\":\"https:\/\/neylaropadedanza.com\/#website\",\"url\":\"https:\/\/neylaropadedanza.com\/\",\"name\":\"NeylaRopaDeDanza\",\"description\":\"Ropa de Danza del Vientre, danza oriental, trajes, ropa de ensayo y mucho m\u00e1s!\",\"publisher\":{\"@id\":\"https:\/\/neylaropadedanza.com\/#organization\"},\"potentialAction\":[{\"@type\":\"SearchAction\",\"target\":{\"@type\":\"EntryPoint\",\"urlTemplate\":\"https:\/\/neylaropadedanza.com\/?s={search_term_string}\"},\"query-input\":{\"@type\":\"PropertyValueSpecification\",\"valueRequired\":true,\"valueName\":\"search_term_string\"}}],\"inLanguage\":\"fr-FR\"},{\"@type\":\"Organization\",\"@id\":\"https:\/\/neylaropadedanza.com\/#organization\",\"name\":\"NeylaRopaDeDanza\",\"url\":\"https:\/\/neylaropadedanza.com\/\",\"logo\":{\"@type\":\"ImageObject\",\"inLanguage\":\"fr-FR\",\"@id\":\"https:\/\/neylaropadedanza.com\/#\/schema\/logo\/image\/\",\"url\":\"https:\/\/neylaropadedanza.es\/wp-content\/uploads\/2025\/04\/Neyla-Blanc.webp\",\"contentUrl\":\"https:\/\/neylaropadedanza.es\/wp-content\/uploads\/2025\/04\/Neyla-Blanc.webp\",\"width\":1970,\"height\":936,\"caption\":\"NeylaRopaDeDanza\"},\"image\":{\"@id\":\"https:\/\/neylaropadedanza.com\/#\/schema\/logo\/image\/\"},\"sameAs\":[\"https:\/\/www.facebook.com\/neyladancewear\/\",\"https:\/\/www.instagram.com\/neyladancewear\/\",\"https:\/\/www.youtube.com\/channel\/UCKlqrANcZD0QqKXzpy4taWA?view_as=subscriber\"]}]}<\/script>\n<!-- \/ Yoast SEO plugin. -->","yoast_head_json":{"title":"Iman - Neyla Dancewear - V\u00eatements de danse du ventre","description":"Jupe Iman avec imprim\u00e9 boh\u00e8me dans des tons terre, bordeaux et dor\u00e9s. Coupe asym\u00e9trique, tissu l\u00e9ger et taille \u00e9lastique. Parfaite pour la danse du ventre et les fusions.","robots":{"index":"index","follow":"follow","max-snippet":"max-snippet:-1","max-image-preview":"max-image-preview:large","max-video-preview":"max-video-preview:-1"},"canonical":"https:\/\/neylaropadedanza.es\/fr\/product\/iman\/","og_locale":"fr_FR","og_type":"article","og_title":"Iman - Neyla Dancewear - V\u00eatements de danse du ventre","og_description":"Jupe Iman avec imprim\u00e9 boh\u00e8me dans des tons terre, bordeaux et dor\u00e9s. Coupe asym\u00e9trique, tissu l\u00e9ger et taille \u00e9lastique. Parfaite pour la danse du ventre et les fusions.","og_url":"https:\/\/neylaropadedanza.es\/fr\/product\/iman\/","og_site_name":"Neyla Dancewear","article_publisher":"https:\/\/www.facebook.com\/neyladancewear\/","og_image":[{"width":1094,"height":1100,"url":"https:\/\/neylaropadedanza.com\/wp-content\/uploads\/2025\/09\/Ropa-Danza-del-Vientre-13.jpg","type":"image\/jpeg"}],"twitter_card":"summary_large_image","twitter_misc":{"Dur\u00e9e de lecture estim\u00e9e":"1 minute"},"schema":{"@context":"https:\/\/schema.org","@graph":[{"@type":"WebPage","@id":"https:\/\/neylaropadedanza.es\/fr\/product\/iman\/","url":"https:\/\/neylaropadedanza.es\/fr\/product\/iman\/","name":"Iman - Neyla Dancewear - V\u00eatements de danse du ventre","isPartOf":{"@id":"https:\/\/neylaropadedanza.com\/#website"},"primaryImageOfPage":{"@id":"https:\/\/neylaropadedanza.es\/fr\/product\/iman\/#primaryimage"},"image":{"@id":"https:\/\/neylaropadedanza.es\/fr\/product\/iman\/#primaryimage"},"thumbnailUrl":"https:\/\/neylaropadedanza.es\/wp-content\/uploads\/2025\/09\/Ropa-Danza-del-Vientre-13.jpg","datePublished":"2025-09-02T15:55:29+00:00","description":"Jupe Iman avec imprim\u00e9 boh\u00e8me dans des tons terre, bordeaux et dor\u00e9s. Coupe asym\u00e9trique, tissu l\u00e9ger et taille \u00e9lastique. Parfaite pour la danse du ventre et les fusions.","breadcrumb":{"@id":"https:\/\/neylaropadedanza.es\/fr\/product\/iman\/#breadcrumb"},"inLanguage":"fr-FR","potentialAction":[{"@type":"ReadAction","target":["https:\/\/neylaropadedanza.es\/fr\/product\/iman\/"]}]},{"@type":"ImageObject","inLanguage":"fr-FR","@id":"https:\/\/neylaropadedanza.es\/fr\/product\/iman\/#primaryimage","url":"https:\/\/neylaropadedanza.es\/wp-content\/uploads\/2025\/09\/Ropa-Danza-del-Vientre-13.jpg","contentUrl":"https:\/\/neylaropadedanza.es\/wp-content\/uploads\/2025\/09\/Ropa-Danza-del-Vientre-13.jpg","width":1094,"height":1100,"caption":"Jupe Iman de danse du ventre avec imprim\u00e9 boh\u00e8me en tons terre, bordeaux et dor\u00e9s."},{"@type":"BreadcrumbList","@id":"https:\/\/neylaropadedanza.es\/fr\/product\/iman\/#breadcrumb","itemListElement":[{"@type":"ListItem","position":1,"name":"Home","item":"https:\/\/neylaropadedanza.es\/fr\/"},{"@type":"ListItem","position":2,"name":"Produits","item":"https:\/\/neylaropadedanza.es\/fr\/shop\/"},{"@type":"ListItem","position":3,"name":"Iman"}]},{"@type":"WebSite","@id":"https:\/\/neylaropadedanza.com\/#website","url":"https:\/\/neylaropadedanza.com\/","name":"NeylaRopaDeDanza","description":"Ropa de Danza del Vientre, danza oriental, trajes, ropa de ensayo y mucho m\u00e1s!","publisher":{"@id":"https:\/\/neylaropadedanza.com\/#organization"},"potentialAction":[{"@type":"SearchAction","target":{"@type":"EntryPoint","urlTemplate":"https:\/\/neylaropadedanza.com\/?s={search_term_string}"},"query-input":{"@type":"PropertyValueSpecification","valueRequired":true,"valueName":"search_term_string"}}],"inLanguage":"fr-FR"},{"@type":"Organization","@id":"https:\/\/neylaropadedanza.com\/#organization","name":"NeylaRopaDeDanza","url":"https:\/\/neylaropadedanza.com\/","logo":{"@type":"ImageObject","inLanguage":"fr-FR","@id":"https:\/\/neylaropadedanza.com\/#\/schema\/logo\/image\/","url":"https:\/\/neylaropadedanza.es\/wp-content\/uploads\/2025\/04\/Neyla-Blanc.webp","contentUrl":"https:\/\/neylaropadedanza.es\/wp-content\/uploads\/2025\/04\/Neyla-Blanc.webp","width":1970,"height":936,"caption":"NeylaRopaDeDanza"},"image":{"@id":"https:\/\/neylaropadedanza.com\/#\/schema\/logo\/image\/"},"sameAs":["https:\/\/www.facebook.com\/neyladancewear\/","https:\/\/www.instagram.com\/neyladancewear\/","https:\/\/www.youtube.com\/channel\/UCKlqrANcZD0QqKXzpy4taWA?view_as=subscriber"]}]}},"_links":{"self":[{"href":"https:\/\/neylaropadedanza.es\/fr\/wp-json\/wp\/v2\/product\/20562","targetHints":{"allow":["GET"]}}],"collection":[{"href":"https:\/\/neylaropadedanza.es\/fr\/wp-json\/wp\/v2\/product"}],"about":[{"href":"https:\/\/neylaropadedanza.es\/fr\/wp-json\/wp\/v2\/types\/product"}],"replies":[{"embeddable":true,"href":"https:\/\/neylaropadedanza.es\/fr\/wp-json\/wp\/v2\/comments?post=20562"}],"version-history":[{"count":0,"href":"https:\/\/neylaropadedanza.es\/fr\/wp-json\/wp\/v2\/product\/20562\/revisions"}],"wp:featuredmedia":[{"embeddable":true,"href":"https:\/\/neylaropadedanza.es\/fr\/wp-json\/wp\/v2\/media\/20551"}],"wp:attachment":[{"href":"https:\/\/neylaropadedanza.es\/fr\/wp-json\/wp\/v2\/media?parent=20562"}],"wp:term":[{"taxonomy":"product_brand","embeddable":true,"href":"https:\/\/neylaropadedanza.es\/fr\/wp-json\/wp\/v2\/product_brand?post=20562"},{"taxonomy":"product_cat","embeddable":true,"href":"https:\/\/neylaropadedanza.es\/fr\/wp-json\/wp\/v2\/product_cat?post=20562"},{"taxonomy":"product_tag","embeddable":true,"href":"https:\/\/neylaropadedanza.es\/fr\/wp-json\/wp\/v2\/product_tag?post=20562"}],"curies":[{"name":"wp","href":"https:\/\/api.w.org\/{rel}","templated":true}]}}