{"id":20526,"date":"2025-09-02T15:28:40","date_gmt":"2025-09-02T15:28:40","guid":{"rendered":"https:\/\/neylaropadedanza.es\/product\/shula\/"},"modified":"2025-09-02T15:28:40","modified_gmt":"2025-09-02T15:28:40","slug":"shula","status":"publish","type":"product","link":"https:\/\/neylaropadedanza.es\/fr\/product\/shula\/","title":{"rendered":"Shula"},"content":{"rendered":"<h2 data-start=\"152\" data-end=\"203\">\u2728 Jupe Shula \u2013 Fra\u00eecheur et Style en Turquoise \u2728<\/h2>\n<p data-start=\"205\" data-end=\"557\">La <strong data-start=\"208\" data-end=\"223\">jupe Shula <\/strong>est une pi\u00e8ce pleine d\u2019\u00e9nergie et de sophistication, con\u00e7ue pour vous accompagner lors de vos r\u00e9p\u00e9titions, cours et spectacles de<strong data-start=\"337\" data-end=\"402\"> danse du ventre, danse orientale, tribal ou fusions modernes. <\/strong>Confectionn\u00e9e en<strong data-start=\"421\" data-end=\"458\"> dentelle extensible turquoise<\/strong>, cette jupe se distingue par sa l\u00e9g\u00e8ret\u00e9, son confort et son style vibrant qui illumine la sc\u00e8ne. <\/p>\n<h3 data-start=\"559\" data-end=\"585\">\ud83d\udc8e <strong data-start=\"562\" data-end=\"583\">Design et D\u00e9tails<\/strong><\/h3>\n<ul data-start=\"586\" data-end=\"1070\">\n<li data-start=\"586\" data-end=\"766\">\n<p data-start=\"588\" data-end=\"766\">Sa <strong data-start=\"591\" data-end=\"611\">coupe asym\u00e9trique <\/strong>apporte du dynamisme et de l\u2019originalit\u00e9, tandis que les <strong data-start=\"662\" data-end=\"685\">volants en cascade <\/strong>cr\u00e9ent un mouvement fluide \u00e0 chaque tour, vibration et ondulation.<\/p>\n<\/li>\n<li data-start=\"767\" data-end=\"919\">\n<p data-start=\"769\" data-end=\"919\">La <strong data-start=\"772\" data-end=\"789\">dentelle florale<\/strong> lui conf\u00e8re une touche d\u00e9licate et \u00e9l\u00e9gante, tandis que sa couleur turquoise apporte fra\u00eecheur et vitalit\u00e9 \u00e0 votre tenue de danse.<\/p>\n<\/li>\n<li data-start=\"920\" data-end=\"1070\">\n<p data-start=\"922\" data-end=\"1070\">Gr\u00e2ce \u00e0 sa <strong data-start=\"935\" data-end=\"955\">ceinture \u00e9lastique<\/strong>, elle s\u2019adapte confortablement \u00e0 diff\u00e9rentes silhouettes, vous offrant une libert\u00e9 totale de mouvement.<\/p>\n<\/li>\n<\/ul>\n<h3 data-start=\"1072\" data-end=\"1111\">\ud83c\udf1f<strong data-start=\"1075\" data-end=\"1109\"> Pourquoi choisir la jupe Shula :<\/strong><\/h3>\n<ul data-start=\"1112\" data-end=\"1391\">\n<li data-start=\"1112\" data-end=\"1154\">\n<p data-start=\"1114\" data-end=\"1154\">Couleur turquoise vibrante et flatteuse.<\/p>\n<\/li>\n<li data-start=\"1155\" data-end=\"1197\">\n<p data-start=\"1157\" data-end=\"1197\">Dentelle extensible l\u00e9g\u00e8re et respirante.<\/p>\n<\/li>\n<li data-start=\"1198\" data-end=\"1254\">\n<p data-start=\"1200\" data-end=\"1254\">Coupe asym\u00e9trique avec volants pour plus de mouvement.<\/p>\n<\/li>\n<li data-start=\"1255\" data-end=\"1318\">\n<p data-start=\"1257\" data-end=\"1318\">Confort et adaptabilit\u00e9 avec une ceinture \u00e9lastique.<\/p>\n<\/li>\n<li data-start=\"1319\" data-end=\"1391\">\n<p data-start=\"1321\" data-end=\"1391\">Parfaite pour les cours, r\u00e9p\u00e9titions, spectacles et s\u00e9ances photo.<\/p>\n<\/li>\n<\/ul>\n<h3 data-start=\"1393\" data-end=\"1597\">\ud83d\udd17<strong data-start=\"1396\" data-end=\"1420\"> \u00c0 combiner avec style<\/strong><\/h3>\n<p data-start=\"1393\" data-end=\"1597\"><br data-start=\"1420\" data-end=\"1423\">La jupe Shula se marie parfaitement avec des tops unis ou en dentelle dans des tons neutres ou contrast\u00e9s, ainsi qu\u2019avec des ceintures orn\u00e9es de strass qui renforcent son \u00e9clat et son \u00e9l\u00e9gance<\/p>\n<p data-start=\"1599\" data-end=\"1695\">\u27a1\ufe0f<strong data-start=\"1602\" data-end=\"1693\"> Adoptez la jupe Shula et brillez de fra\u00eecheur, de dynamisme et d\u2019\u00e9l\u00e9gance \u00e0 chaque prestation.<\/strong><\/p>\n","protected":false},"excerpt":{"rendered":"<p>\u2728 Jupe Shula \u2013 Fra\u00eecheur et Style en Turquoise \u2728 La jupe Shula est une pi\u00e8ce pleine d\u2019\u00e9nergie et de sophistication, con\u00e7ue pour vous accompagner lors de vos r\u00e9p\u00e9titions, cours et spectacles de danse du ventre, danse orientale, tribal ou fusions modernes. Confectionn\u00e9e en dentelle extensible turquoise, cette jupe se distingue par sa l\u00e9g\u00e8ret\u00e9, son [&hellip;]<\/p>\n","protected":false},"featured_media":20515,"comment_status":"open","ping_status":"closed","template":"","meta":{"content-type":"","_monsterinsights_skip_tracking":false,"_monsterinsights_sitenote_active":false,"_monsterinsights_sitenote_note":"","_monsterinsights_sitenote_category":0,"_uf_show_specific_survey":0,"_uf_disable_surveys":false},"product_brand":[],"product_cat":[975,969],"product_tag":[],"class_list":{"0":"post-20526","1":"product","2":"type-product","3":"status-publish","4":"has-post-thumbnail","6":"product_cat-jupes","7":"product_cat-vetements-dentrainement","8":"product_shipping_class-standard-fr","10":"first","11":"instock","12":"sale","13":"taxable","14":"shipping-taxable","15":"purchasable","16":"product-type-variable","17":"add-to-wishlist-after_add_to_cart"},"yoast_head":"<!-- This site is optimized with the Yoast SEO plugin v27.4 - https:\/\/yoast.com\/product\/yoast-seo-wordpress\/ -->\n<title>Shula - Neyla Dancewear - V\u00eatements de danse du ventre<\/title>\n<meta name=\"description\" content=\"Jupe Shula turquoise en dentelle avec coupe asym\u00e9trique et volants. L\u00e9g\u00e8re, \u00e9l\u00e9gante et id\u00e9ale pour danse du ventre et orientale.\" \/>\n<meta name=\"robots\" content=\"index, follow, max-snippet:-1, max-image-preview:large, max-video-preview:-1\" \/>\n<link rel=\"canonical\" href=\"https:\/\/neylaropadedanza.es\/fr\/product\/shula\/\" \/>\n<meta property=\"og:locale\" content=\"fr_FR\" \/>\n<meta property=\"og:type\" content=\"article\" \/>\n<meta property=\"og:title\" content=\"Shula - Neyla Dancewear - V\u00eatements de danse du ventre\" \/>\n<meta property=\"og:description\" content=\"Jupe Shula turquoise en dentelle avec coupe asym\u00e9trique et volants. L\u00e9g\u00e8re, \u00e9l\u00e9gante et id\u00e9ale pour danse du ventre et orientale.\" \/>\n<meta property=\"og:url\" content=\"https:\/\/neylaropadedanza.es\/fr\/product\/shula\/\" \/>\n<meta property=\"og:site_name\" content=\"Neyla Dancewear\" \/>\n<meta property=\"article:publisher\" content=\"https:\/\/www.facebook.com\/neyladancewear\/\" \/>\n<meta property=\"og:image\" content=\"https:\/\/neylaropadedanza.com\/wp-content\/uploads\/2025\/09\/Ropa-Danza-del-Vientre-7.jpg\" \/>\n\t<meta property=\"og:image:width\" content=\"987\" \/>\n\t<meta property=\"og:image:height\" content=\"1100\" \/>\n\t<meta property=\"og:image:type\" content=\"image\/jpeg\" \/>\n<meta name=\"twitter:card\" content=\"summary_large_image\" \/>\n<meta name=\"twitter:label1\" content=\"Dur\u00e9e de lecture estim\u00e9e\" \/>\n\t<meta name=\"twitter:data1\" content=\"1 minute\" \/>\n<script type=\"application\/ld+json\" class=\"yoast-schema-graph\">{\"@context\":\"https:\\\/\\\/schema.org\",\"@graph\":[{\"@type\":\"WebPage\",\"@id\":\"https:\\\/\\\/neylaropadedanza.es\\\/fr\\\/product\\\/shula\\\/\",\"url\":\"https:\\\/\\\/neylaropadedanza.es\\\/fr\\\/product\\\/shula\\\/\",\"name\":\"Shula - Neyla Dancewear - V\u00eatements de danse du ventre\",\"isPartOf\":{\"@id\":\"https:\\\/\\\/neylaropadedanza.com\\\/#website\"},\"primaryImageOfPage\":{\"@id\":\"https:\\\/\\\/neylaropadedanza.es\\\/fr\\\/product\\\/shula\\\/#primaryimage\"},\"image\":{\"@id\":\"https:\\\/\\\/neylaropadedanza.es\\\/fr\\\/product\\\/shula\\\/#primaryimage\"},\"thumbnailUrl\":\"https:\\\/\\\/neylaropadedanza.es\\\/wp-content\\\/uploads\\\/2025\\\/09\\\/Ropa-Danza-del-Vientre-7.jpg\",\"datePublished\":\"2025-09-02T15:28:40+00:00\",\"description\":\"Jupe Shula turquoise en dentelle avec coupe asym\u00e9trique et volants. L\u00e9g\u00e8re, \u00e9l\u00e9gante et id\u00e9ale pour danse du ventre et orientale.\",\"breadcrumb\":{\"@id\":\"https:\\\/\\\/neylaropadedanza.es\\\/fr\\\/product\\\/shula\\\/#breadcrumb\"},\"inLanguage\":\"fr-FR\",\"potentialAction\":[{\"@type\":\"ReadAction\",\"target\":[\"https:\\\/\\\/neylaropadedanza.es\\\/fr\\\/product\\\/shula\\\/\"]}]},{\"@type\":\"ImageObject\",\"inLanguage\":\"fr-FR\",\"@id\":\"https:\\\/\\\/neylaropadedanza.es\\\/fr\\\/product\\\/shula\\\/#primaryimage\",\"url\":\"https:\\\/\\\/neylaropadedanza.es\\\/wp-content\\\/uploads\\\/2025\\\/09\\\/Ropa-Danza-del-Vientre-7.jpg\",\"contentUrl\":\"https:\\\/\\\/neylaropadedanza.es\\\/wp-content\\\/uploads\\\/2025\\\/09\\\/Ropa-Danza-del-Vientre-7.jpg\",\"width\":987,\"height\":1100,\"caption\":\"Jupe Shula en dentelle turquoise avec coupe asym\u00e9trique et volants en cascade pour danse orientale.\"},{\"@type\":\"BreadcrumbList\",\"@id\":\"https:\\\/\\\/neylaropadedanza.es\\\/fr\\\/product\\\/shula\\\/#breadcrumb\",\"itemListElement\":[{\"@type\":\"ListItem\",\"position\":1,\"name\":\"Home\",\"item\":\"https:\\\/\\\/neylaropadedanza.es\\\/fr\\\/\"},{\"@type\":\"ListItem\",\"position\":2,\"name\":\"Produits\",\"item\":\"https:\\\/\\\/neylaropadedanza.es\\\/fr\\\/shop\\\/\"},{\"@type\":\"ListItem\",\"position\":3,\"name\":\"Shula\"}]},{\"@type\":\"WebSite\",\"@id\":\"https:\\\/\\\/neylaropadedanza.com\\\/#website\",\"url\":\"https:\\\/\\\/neylaropadedanza.com\\\/\",\"name\":\"NeylaRopaDeDanza\",\"description\":\"Ropa de Danza del Vientre, danza oriental, trajes, ropa de ensayo y mucho m\u00e1s!\",\"publisher\":{\"@id\":\"https:\\\/\\\/neylaropadedanza.com\\\/#organization\"},\"potentialAction\":[{\"@type\":\"SearchAction\",\"target\":{\"@type\":\"EntryPoint\",\"urlTemplate\":\"https:\\\/\\\/neylaropadedanza.com\\\/?s={search_term_string}\"},\"query-input\":{\"@type\":\"PropertyValueSpecification\",\"valueRequired\":true,\"valueName\":\"search_term_string\"}}],\"inLanguage\":\"fr-FR\"},{\"@type\":\"Organization\",\"@id\":\"https:\\\/\\\/neylaropadedanza.com\\\/#organization\",\"name\":\"NeylaRopaDeDanza\",\"url\":\"https:\\\/\\\/neylaropadedanza.com\\\/\",\"logo\":{\"@type\":\"ImageObject\",\"inLanguage\":\"fr-FR\",\"@id\":\"https:\\\/\\\/neylaropadedanza.com\\\/#\\\/schema\\\/logo\\\/image\\\/\",\"url\":\"https:\\\/\\\/neylaropadedanza.es\\\/wp-content\\\/uploads\\\/2025\\\/04\\\/Neyla-Blanc.webp\",\"contentUrl\":\"https:\\\/\\\/neylaropadedanza.es\\\/wp-content\\\/uploads\\\/2025\\\/04\\\/Neyla-Blanc.webp\",\"width\":1970,\"height\":936,\"caption\":\"NeylaRopaDeDanza\"},\"image\":{\"@id\":\"https:\\\/\\\/neylaropadedanza.com\\\/#\\\/schema\\\/logo\\\/image\\\/\"},\"sameAs\":[\"https:\\\/\\\/www.facebook.com\\\/neyladancewear\\\/\",\"https:\\\/\\\/www.instagram.com\\\/neyladancewear\\\/\",\"https:\\\/\\\/www.youtube.com\\\/channel\\\/UCKlqrANcZD0QqKXzpy4taWA?view_as=subscriber\"]}]}<\/script>\n<!-- \/ Yoast SEO plugin. -->","yoast_head_json":{"title":"Shula - Neyla Dancewear - V\u00eatements de danse du ventre","description":"Jupe Shula turquoise en dentelle avec coupe asym\u00e9trique et volants. L\u00e9g\u00e8re, \u00e9l\u00e9gante et id\u00e9ale pour danse du ventre et orientale.","robots":{"index":"index","follow":"follow","max-snippet":"max-snippet:-1","max-image-preview":"max-image-preview:large","max-video-preview":"max-video-preview:-1"},"canonical":"https:\/\/neylaropadedanza.es\/fr\/product\/shula\/","og_locale":"fr_FR","og_type":"article","og_title":"Shula - Neyla Dancewear - V\u00eatements de danse du ventre","og_description":"Jupe Shula turquoise en dentelle avec coupe asym\u00e9trique et volants. L\u00e9g\u00e8re, \u00e9l\u00e9gante et id\u00e9ale pour danse du ventre et orientale.","og_url":"https:\/\/neylaropadedanza.es\/fr\/product\/shula\/","og_site_name":"Neyla Dancewear","article_publisher":"https:\/\/www.facebook.com\/neyladancewear\/","og_image":[{"width":987,"height":1100,"url":"https:\/\/neylaropadedanza.com\/wp-content\/uploads\/2025\/09\/Ropa-Danza-del-Vientre-7.jpg","type":"image\/jpeg"}],"twitter_card":"summary_large_image","twitter_misc":{"Dur\u00e9e de lecture estim\u00e9e":"1 minute"},"schema":{"@context":"https:\/\/schema.org","@graph":[{"@type":"WebPage","@id":"https:\/\/neylaropadedanza.es\/fr\/product\/shula\/","url":"https:\/\/neylaropadedanza.es\/fr\/product\/shula\/","name":"Shula - Neyla Dancewear - V\u00eatements de danse du ventre","isPartOf":{"@id":"https:\/\/neylaropadedanza.com\/#website"},"primaryImageOfPage":{"@id":"https:\/\/neylaropadedanza.es\/fr\/product\/shula\/#primaryimage"},"image":{"@id":"https:\/\/neylaropadedanza.es\/fr\/product\/shula\/#primaryimage"},"thumbnailUrl":"https:\/\/neylaropadedanza.es\/wp-content\/uploads\/2025\/09\/Ropa-Danza-del-Vientre-7.jpg","datePublished":"2025-09-02T15:28:40+00:00","description":"Jupe Shula turquoise en dentelle avec coupe asym\u00e9trique et volants. L\u00e9g\u00e8re, \u00e9l\u00e9gante et id\u00e9ale pour danse du ventre et orientale.","breadcrumb":{"@id":"https:\/\/neylaropadedanza.es\/fr\/product\/shula\/#breadcrumb"},"inLanguage":"fr-FR","potentialAction":[{"@type":"ReadAction","target":["https:\/\/neylaropadedanza.es\/fr\/product\/shula\/"]}]},{"@type":"ImageObject","inLanguage":"fr-FR","@id":"https:\/\/neylaropadedanza.es\/fr\/product\/shula\/#primaryimage","url":"https:\/\/neylaropadedanza.es\/wp-content\/uploads\/2025\/09\/Ropa-Danza-del-Vientre-7.jpg","contentUrl":"https:\/\/neylaropadedanza.es\/wp-content\/uploads\/2025\/09\/Ropa-Danza-del-Vientre-7.jpg","width":987,"height":1100,"caption":"Jupe Shula en dentelle turquoise avec coupe asym\u00e9trique et volants en cascade pour danse orientale."},{"@type":"BreadcrumbList","@id":"https:\/\/neylaropadedanza.es\/fr\/product\/shula\/#breadcrumb","itemListElement":[{"@type":"ListItem","position":1,"name":"Home","item":"https:\/\/neylaropadedanza.es\/fr\/"},{"@type":"ListItem","position":2,"name":"Produits","item":"https:\/\/neylaropadedanza.es\/fr\/shop\/"},{"@type":"ListItem","position":3,"name":"Shula"}]},{"@type":"WebSite","@id":"https:\/\/neylaropadedanza.com\/#website","url":"https:\/\/neylaropadedanza.com\/","name":"NeylaRopaDeDanza","description":"Ropa de Danza del Vientre, danza oriental, trajes, ropa de ensayo y mucho m\u00e1s!","publisher":{"@id":"https:\/\/neylaropadedanza.com\/#organization"},"potentialAction":[{"@type":"SearchAction","target":{"@type":"EntryPoint","urlTemplate":"https:\/\/neylaropadedanza.com\/?s={search_term_string}"},"query-input":{"@type":"PropertyValueSpecification","valueRequired":true,"valueName":"search_term_string"}}],"inLanguage":"fr-FR"},{"@type":"Organization","@id":"https:\/\/neylaropadedanza.com\/#organization","name":"NeylaRopaDeDanza","url":"https:\/\/neylaropadedanza.com\/","logo":{"@type":"ImageObject","inLanguage":"fr-FR","@id":"https:\/\/neylaropadedanza.com\/#\/schema\/logo\/image\/","url":"https:\/\/neylaropadedanza.es\/wp-content\/uploads\/2025\/04\/Neyla-Blanc.webp","contentUrl":"https:\/\/neylaropadedanza.es\/wp-content\/uploads\/2025\/04\/Neyla-Blanc.webp","width":1970,"height":936,"caption":"NeylaRopaDeDanza"},"image":{"@id":"https:\/\/neylaropadedanza.com\/#\/schema\/logo\/image\/"},"sameAs":["https:\/\/www.facebook.com\/neyladancewear\/","https:\/\/www.instagram.com\/neyladancewear\/","https:\/\/www.youtube.com\/channel\/UCKlqrANcZD0QqKXzpy4taWA?view_as=subscriber"]}]}},"_links":{"self":[{"href":"https:\/\/neylaropadedanza.es\/fr\/wp-json\/wp\/v2\/product\/20526","targetHints":{"allow":["GET"]}}],"collection":[{"href":"https:\/\/neylaropadedanza.es\/fr\/wp-json\/wp\/v2\/product"}],"about":[{"href":"https:\/\/neylaropadedanza.es\/fr\/wp-json\/wp\/v2\/types\/product"}],"replies":[{"embeddable":true,"href":"https:\/\/neylaropadedanza.es\/fr\/wp-json\/wp\/v2\/comments?post=20526"}],"version-history":[{"count":0,"href":"https:\/\/neylaropadedanza.es\/fr\/wp-json\/wp\/v2\/product\/20526\/revisions"}],"wp:featuredmedia":[{"embeddable":true,"href":"https:\/\/neylaropadedanza.es\/fr\/wp-json\/wp\/v2\/media\/20515"}],"wp:attachment":[{"href":"https:\/\/neylaropadedanza.es\/fr\/wp-json\/wp\/v2\/media?parent=20526"}],"wp:term":[{"taxonomy":"product_brand","embeddable":true,"href":"https:\/\/neylaropadedanza.es\/fr\/wp-json\/wp\/v2\/product_brand?post=20526"},{"taxonomy":"product_cat","embeddable":true,"href":"https:\/\/neylaropadedanza.es\/fr\/wp-json\/wp\/v2\/product_cat?post=20526"},{"taxonomy":"product_tag","embeddable":true,"href":"https:\/\/neylaropadedanza.es\/fr\/wp-json\/wp\/v2\/product_tag?post=20526"}],"curies":[{"name":"wp","href":"https:\/\/api.w.org\/{rel}","templated":true}]}}