{"id":20058,"date":"2025-08-21T16:31:38","date_gmt":"2025-08-21T16:31:38","guid":{"rendered":"https:\/\/neylaropadedanza.es\/product\/zulaija\/"},"modified":"2025-11-27T21:09:10","modified_gmt":"2025-11-27T21:09:10","slug":"zulaija","status":"publish","type":"product","link":"https:\/\/neylaropadedanza.es\/fr\/product\/zulaija\/","title":{"rendered":"Zulaija"},"content":{"rendered":"<h2 data-start=\"236\" data-end=\"305\">\u2728 Ceinture de Hanches Zulaija \u2013 \u00c9clat Court en Plusieurs Couleurs \u2728<\/h2>\n<p data-start=\"307\" data-end=\"696\">La<strong data-start=\"310\" data-end=\"339\"> ceinture de hanches Zulaija<\/strong> est l\u2019accessoire parfait pour apporter \u00e9clat et mouvement \u00e0 vos prestations de <strong data-start=\"432\" data-end=\"489\">danse du ventre, danse orientale et fusions modernes. <\/strong>Confectionn\u00e9e dans une <strong data-start=\"512\" data-end=\"539\">maille l\u00e9g\u00e8re et souple<\/strong>, elle est orn\u00e9e de rang\u00e9es de<strong data-start=\"570\" data-end=\"618\"> franges courtes en strass <\/strong>qui captent la lumi\u00e8re et subliment chaque tour, vibration et ondulation des hanches. <\/p>\n<p data-start=\"698\" data-end=\"1033\">\ud83d\udc8e<strong data-start=\"701\" data-end=\"722\"> Design et D\u00e9tails<\/strong><br data-start=\"722\" data-end=\"725\">Sa coupe courte fait de la ceinture Zulaija un accessoire confortable et polyvalent, id\u00e9al aussi bien pour les r\u00e9p\u00e9titions que pour les spectacles. Les franges en strass tombent avec \u00e9l\u00e9gance, cr\u00e9ant un effet dynamique qui met en valeur la silhouette de la danseuse et intensifie l\u2019expressivit\u00e9 de chaque mouvement. <\/p>\n<p data-start=\"1035\" data-end=\"1197\">\ud83c\udf08<strong data-start=\"1038\" data-end=\"1061\"> Couleurs Disponibles<\/strong><br data-start=\"1061\" data-end=\"1064\">La ceinture Zulaija est disponible dans une large gamme de couleurs pour que vous trouviez celle qui correspond le mieux \u00e0 votre style et \u00e0 votre tenue :<\/p>\n<ul data-start=\"1198\" data-end=\"1494\">\n<li data-start=\"1198\" data-end=\"1251\">\n<p data-start=\"1200\" data-end=\"1251\">\ud83c\udf3a <strong data-start=\"1203\" data-end=\"1219\">Fuchsia Fluo :<\/strong> vibrant et plein d\u2019\u00e9nergie.<\/p>\n<\/li>\n<li data-start=\"1252\" data-end=\"1291\">\n<p data-start=\"1254\" data-end=\"1291\">\ud83d\udda4<strong data-start=\"1257\" data-end=\"1266\"> Noir <\/strong>: \u00e9l\u00e9gant et intemporel.<\/p>\n<\/li>\n<li data-start=\"1292\" data-end=\"1348\">\n<p data-start=\"1294\" data-end=\"1348\">\u26aa<strong data-start=\"1296\" data-end=\"1304\"> Gris <\/strong>: sophistiqu\u00e9 et neutre, facile \u00e0 assortir.<\/p>\n<\/li>\n<li data-start=\"1349\" data-end=\"1399\">\n<p data-start=\"1351\" data-end=\"1399\">\ud83c\udf08<strong data-start=\"1354\" data-end=\"1367\"> Arc-en-ciel <\/strong>: joyeux, color\u00e9 et original.<\/p>\n<\/li>\n<li data-start=\"1400\" data-end=\"1442\">\n<p data-start=\"1402\" data-end=\"1442\">\ud83c\udf77<strong data-start=\"1405\" data-end=\"1416\"> Grenat : <\/strong>intense et raffin\u00e9.<\/p>\n<\/li>\n<li data-start=\"1443\" data-end=\"1494\">\n<p data-start=\"1445\" data-end=\"1494\">\ud83d\udc9c<strong data-start=\"1448\" data-end=\"1463\"> Lilas Pastel <\/strong>: d\u00e9licat, doux et f\u00e9minin.<\/p>\n<\/li>\n<\/ul>\n<p data-start=\"1496\" data-end=\"1828\">\ud83d\udd17<strong data-start=\"1499\" data-end=\"1527\"> Polyvalence et Confort<\/strong><br data-start=\"1527\" data-end=\"1530\">Gr\u00e2ce \u00e0 son tissu l\u00e9ger et souple, cette ceinture s\u2019adapte facilement \u00e0 diff\u00e9rentes silhouettes et permet une totale libert\u00e9 de mouvement. Sa coupe courte la rend pratique pour les cours et les r\u00e9p\u00e9titions, tandis que son \u00e9clat la rend irr\u00e9sistible pour les spectacles et les s\u00e9ances photo. <\/p>\n<p data-start=\"1830\" data-end=\"2039\">\ud83c\udf1f<strong data-start=\"1833\" data-end=\"1870\"> L\u2019accessoire id\u00e9al pour briller<\/strong><br data-start=\"1870\" data-end=\"1873\">La ceinture Zulaija n\u2019est pas seulement un accessoire : c\u2019est un <strong data-start=\"1924\" data-end=\"1939\">bijou textile<\/strong> qui transforme votre look de danse et apporte sophistication et fra\u00eecheur \u00e0 chaque chor\u00e9graphie.<\/p>\n<p data-start=\"2041\" data-end=\"2139\">\u27a1\ufe0f <strong data-start=\"2044\" data-end=\"2137\">Adoptez la ceinture Zulaija et choisissez votre couleur pr\u00e9f\u00e9r\u00e9e pour briller \u00e0 chacun de vos mouvements.<\/strong><\/p>\n","protected":false},"excerpt":{"rendered":"<p>\u2728 Ceinture de Hanches Zulaija \u2013 \u00c9clat Court en Plusieurs Couleurs \u2728 La ceinture de hanches Zulaija est l\u2019accessoire parfait pour apporter \u00e9clat et mouvement \u00e0 vos prestations de danse du ventre, danse orientale et fusions modernes. Confectionn\u00e9e dans une maille l\u00e9g\u00e8re et souple, elle est orn\u00e9e de rang\u00e9es de franges courtes en strass qui [&hellip;]<\/p>\n","protected":false},"featured_media":20027,"comment_status":"open","ping_status":"closed","template":"","meta":{"content-type":"","_monsterinsights_skip_tracking":false,"_monsterinsights_sitenote_active":false,"_monsterinsights_sitenote_note":"","_monsterinsights_sitenote_category":0,"_uf_show_specific_survey":0,"_uf_disable_surveys":false},"product_brand":[],"product_cat":[979,969],"product_tag":[1022,1977,1836,1979,1978,1980,1076,1915,1981,1267,1982,1269,1983,1305],"class_list":{"0":"post-20058","1":"product","2":"type-product","3":"status-publish","4":"has-post-thumbnail","6":"product_cat-foulards","7":"product_cat-vetements-dentrainement","8":"product_tag-accessoires-de-danse-du-ventre-fr","9":"product_tag-accessoires-de-danse-orientale","10":"product_tag-ceinture-a-strass","11":"product_tag-ceinture-de-danse-du-ventre","12":"product_tag-ceinture-de-danse-orientale","13":"product_tag-ceinture-de-strass-fr","14":"product_tag-ceinture-de-strass","15":"product_tag-ceinture-fuchsia-fluo","16":"product_tag-foulard-brillant","17":"product_tag-foulard-de-danse-du-ventre","18":"product_tag-foulard-de-danse-orientale","19":"product_tag-foulard-de-hanche","20":"product_tag-foulard-zulaija","21":"product_tag-vetements-de-danse-du-ventre-fr","22":"product_shipping_class-standard-fr","24":"first","25":"instock","26":"sale","27":"taxable","28":"shipping-taxable","29":"purchasable","30":"product-type-variable","31":"add-to-wishlist-after_add_to_cart"},"yoast_head":"<!-- This site is optimized with the Yoast SEO plugin v26.6 - https:\/\/yoast.com\/wordpress\/plugins\/seo\/ -->\n<title>Zulaija - Neyla Dancewear - V\u00eatements de danse du ventre<\/title>\n<meta name=\"description\" content=\"Ceinture de hanches Zulaija courte avec strass, disponible en fuchsia fluo, noir, gris, arc-en-ciel, grenat et lilas pastel. Id\u00e9ale pour la danse orientale.\" \/>\n<meta name=\"robots\" content=\"index, follow, max-snippet:-1, max-image-preview:large, max-video-preview:-1\" \/>\n<link rel=\"canonical\" href=\"https:\/\/neylaropadedanza.es\/fr\/product\/zulaija\/\" \/>\n<meta property=\"og:locale\" content=\"fr_FR\" \/>\n<meta property=\"og:type\" content=\"article\" \/>\n<meta property=\"og:title\" content=\"Zulaija - Neyla Dancewear - V\u00eatements de danse du ventre\" \/>\n<meta property=\"og:description\" content=\"Ceinture de hanches Zulaija courte avec strass, disponible en fuchsia fluo, noir, gris, arc-en-ciel, grenat et lilas pastel. Id\u00e9ale pour la danse orientale.\" \/>\n<meta property=\"og:url\" content=\"https:\/\/neylaropadedanza.es\/fr\/product\/zulaija\/\" \/>\n<meta property=\"og:site_name\" content=\"Neyla Dancewear\" \/>\n<meta property=\"article:publisher\" content=\"https:\/\/www.facebook.com\/neyladancewear\/\" \/>\n<meta property=\"article:modified_time\" content=\"2025-11-27T21:09:10+00:00\" \/>\n<meta property=\"og:image\" content=\"https:\/\/neylaropadedanza.com\/wp-content\/uploads\/2025\/08\/Ropa-de-Danza-del-Vientre-20-1.jpg\" \/>\n\t<meta property=\"og:image:width\" content=\"825\" \/>\n\t<meta property=\"og:image:height\" content=\"1100\" \/>\n\t<meta property=\"og:image:type\" content=\"image\/jpeg\" \/>\n<meta name=\"twitter:card\" content=\"summary_large_image\" \/>\n<meta name=\"twitter:label1\" content=\"Dur\u00e9e de lecture estim\u00e9e\" \/>\n\t<meta name=\"twitter:data1\" content=\"1 minute\" \/>\n<script type=\"application\/ld+json\" class=\"yoast-schema-graph\">{\"@context\":\"https:\/\/schema.org\",\"@graph\":[{\"@type\":\"WebPage\",\"@id\":\"https:\/\/neylaropadedanza.es\/fr\/product\/zulaija\/\",\"url\":\"https:\/\/neylaropadedanza.es\/fr\/product\/zulaija\/\",\"name\":\"Zulaija - Neyla Dancewear - V\u00eatements de danse du ventre\",\"isPartOf\":{\"@id\":\"https:\/\/neylaropadedanza.com\/#website\"},\"primaryImageOfPage\":{\"@id\":\"https:\/\/neylaropadedanza.es\/fr\/product\/zulaija\/#primaryimage\"},\"image\":{\"@id\":\"https:\/\/neylaropadedanza.es\/fr\/product\/zulaija\/#primaryimage\"},\"thumbnailUrl\":\"https:\/\/neylaropadedanza.es\/wp-content\/uploads\/2025\/08\/Ropa-de-Danza-del-Vientre-20-1.jpg\",\"datePublished\":\"2025-08-21T16:31:38+00:00\",\"dateModified\":\"2025-11-27T21:09:10+00:00\",\"description\":\"Ceinture de hanches Zulaija courte avec strass, disponible en fuchsia fluo, noir, gris, arc-en-ciel, grenat et lilas pastel. Id\u00e9ale pour la danse orientale.\",\"breadcrumb\":{\"@id\":\"https:\/\/neylaropadedanza.es\/fr\/product\/zulaija\/#breadcrumb\"},\"inLanguage\":\"fr-FR\",\"potentialAction\":[{\"@type\":\"ReadAction\",\"target\":[\"https:\/\/neylaropadedanza.es\/fr\/product\/zulaija\/\"]}]},{\"@type\":\"ImageObject\",\"inLanguage\":\"fr-FR\",\"@id\":\"https:\/\/neylaropadedanza.es\/fr\/product\/zulaija\/#primaryimage\",\"url\":\"https:\/\/neylaropadedanza.es\/wp-content\/uploads\/2025\/08\/Ropa-de-Danza-del-Vientre-20-1.jpg\",\"contentUrl\":\"https:\/\/neylaropadedanza.es\/wp-content\/uploads\/2025\/08\/Ropa-de-Danza-del-Vientre-20-1.jpg\",\"width\":825,\"height\":1100,\"caption\":\"Ceinture de hanche Zulaija en fuchsia fluo avec strass scintillants pour danse orientale.\"},{\"@type\":\"BreadcrumbList\",\"@id\":\"https:\/\/neylaropadedanza.es\/fr\/product\/zulaija\/#breadcrumb\",\"itemListElement\":[{\"@type\":\"ListItem\",\"position\":1,\"name\":\"Home\",\"item\":\"https:\/\/neylaropadedanza.es\/fr\/\"},{\"@type\":\"ListItem\",\"position\":2,\"name\":\"Produits\",\"item\":\"https:\/\/neylaropadedanza.es\/fr\/shop\/\"},{\"@type\":\"ListItem\",\"position\":3,\"name\":\"Zulaija\"}]},{\"@type\":\"WebSite\",\"@id\":\"https:\/\/neylaropadedanza.com\/#website\",\"url\":\"https:\/\/neylaropadedanza.com\/\",\"name\":\"NeylaRopaDeDanza\",\"description\":\"Ropa de Danza del Vientre, danza oriental, trajes, ropa de ensayo y mucho m\u00e1s!\",\"publisher\":{\"@id\":\"https:\/\/neylaropadedanza.com\/#organization\"},\"potentialAction\":[{\"@type\":\"SearchAction\",\"target\":{\"@type\":\"EntryPoint\",\"urlTemplate\":\"https:\/\/neylaropadedanza.com\/?s={search_term_string}\"},\"query-input\":{\"@type\":\"PropertyValueSpecification\",\"valueRequired\":true,\"valueName\":\"search_term_string\"}}],\"inLanguage\":\"fr-FR\"},{\"@type\":\"Organization\",\"@id\":\"https:\/\/neylaropadedanza.com\/#organization\",\"name\":\"NeylaRopaDeDanza\",\"url\":\"https:\/\/neylaropadedanza.com\/\",\"logo\":{\"@type\":\"ImageObject\",\"inLanguage\":\"fr-FR\",\"@id\":\"https:\/\/neylaropadedanza.com\/#\/schema\/logo\/image\/\",\"url\":\"https:\/\/neylaropadedanza.es\/wp-content\/uploads\/2025\/04\/Neyla-Blanc.webp\",\"contentUrl\":\"https:\/\/neylaropadedanza.es\/wp-content\/uploads\/2025\/04\/Neyla-Blanc.webp\",\"width\":1970,\"height\":936,\"caption\":\"NeylaRopaDeDanza\"},\"image\":{\"@id\":\"https:\/\/neylaropadedanza.com\/#\/schema\/logo\/image\/\"},\"sameAs\":[\"https:\/\/www.facebook.com\/neyladancewear\/\",\"https:\/\/www.instagram.com\/neyladancewear\/\",\"https:\/\/www.youtube.com\/channel\/UCKlqrANcZD0QqKXzpy4taWA?view_as=subscriber\"]}]}<\/script>\n<!-- \/ Yoast SEO plugin. -->","yoast_head_json":{"title":"Zulaija - Neyla Dancewear - V\u00eatements de danse du ventre","description":"Ceinture de hanches Zulaija courte avec strass, disponible en fuchsia fluo, noir, gris, arc-en-ciel, grenat et lilas pastel. Id\u00e9ale pour la danse orientale.","robots":{"index":"index","follow":"follow","max-snippet":"max-snippet:-1","max-image-preview":"max-image-preview:large","max-video-preview":"max-video-preview:-1"},"canonical":"https:\/\/neylaropadedanza.es\/fr\/product\/zulaija\/","og_locale":"fr_FR","og_type":"article","og_title":"Zulaija - Neyla Dancewear - V\u00eatements de danse du ventre","og_description":"Ceinture de hanches Zulaija courte avec strass, disponible en fuchsia fluo, noir, gris, arc-en-ciel, grenat et lilas pastel. Id\u00e9ale pour la danse orientale.","og_url":"https:\/\/neylaropadedanza.es\/fr\/product\/zulaija\/","og_site_name":"Neyla Dancewear","article_publisher":"https:\/\/www.facebook.com\/neyladancewear\/","article_modified_time":"2025-11-27T21:09:10+00:00","og_image":[{"width":825,"height":1100,"url":"https:\/\/neylaropadedanza.com\/wp-content\/uploads\/2025\/08\/Ropa-de-Danza-del-Vientre-20-1.jpg","type":"image\/jpeg"}],"twitter_card":"summary_large_image","twitter_misc":{"Dur\u00e9e de lecture estim\u00e9e":"1 minute"},"schema":{"@context":"https:\/\/schema.org","@graph":[{"@type":"WebPage","@id":"https:\/\/neylaropadedanza.es\/fr\/product\/zulaija\/","url":"https:\/\/neylaropadedanza.es\/fr\/product\/zulaija\/","name":"Zulaija - Neyla Dancewear - V\u00eatements de danse du ventre","isPartOf":{"@id":"https:\/\/neylaropadedanza.com\/#website"},"primaryImageOfPage":{"@id":"https:\/\/neylaropadedanza.es\/fr\/product\/zulaija\/#primaryimage"},"image":{"@id":"https:\/\/neylaropadedanza.es\/fr\/product\/zulaija\/#primaryimage"},"thumbnailUrl":"https:\/\/neylaropadedanza.es\/wp-content\/uploads\/2025\/08\/Ropa-de-Danza-del-Vientre-20-1.jpg","datePublished":"2025-08-21T16:31:38+00:00","dateModified":"2025-11-27T21:09:10+00:00","description":"Ceinture de hanches Zulaija courte avec strass, disponible en fuchsia fluo, noir, gris, arc-en-ciel, grenat et lilas pastel. Id\u00e9ale pour la danse orientale.","breadcrumb":{"@id":"https:\/\/neylaropadedanza.es\/fr\/product\/zulaija\/#breadcrumb"},"inLanguage":"fr-FR","potentialAction":[{"@type":"ReadAction","target":["https:\/\/neylaropadedanza.es\/fr\/product\/zulaija\/"]}]},{"@type":"ImageObject","inLanguage":"fr-FR","@id":"https:\/\/neylaropadedanza.es\/fr\/product\/zulaija\/#primaryimage","url":"https:\/\/neylaropadedanza.es\/wp-content\/uploads\/2025\/08\/Ropa-de-Danza-del-Vientre-20-1.jpg","contentUrl":"https:\/\/neylaropadedanza.es\/wp-content\/uploads\/2025\/08\/Ropa-de-Danza-del-Vientre-20-1.jpg","width":825,"height":1100,"caption":"Ceinture de hanche Zulaija en fuchsia fluo avec strass scintillants pour danse orientale."},{"@type":"BreadcrumbList","@id":"https:\/\/neylaropadedanza.es\/fr\/product\/zulaija\/#breadcrumb","itemListElement":[{"@type":"ListItem","position":1,"name":"Home","item":"https:\/\/neylaropadedanza.es\/fr\/"},{"@type":"ListItem","position":2,"name":"Produits","item":"https:\/\/neylaropadedanza.es\/fr\/shop\/"},{"@type":"ListItem","position":3,"name":"Zulaija"}]},{"@type":"WebSite","@id":"https:\/\/neylaropadedanza.com\/#website","url":"https:\/\/neylaropadedanza.com\/","name":"NeylaRopaDeDanza","description":"Ropa de Danza del Vientre, danza oriental, trajes, ropa de ensayo y mucho m\u00e1s!","publisher":{"@id":"https:\/\/neylaropadedanza.com\/#organization"},"potentialAction":[{"@type":"SearchAction","target":{"@type":"EntryPoint","urlTemplate":"https:\/\/neylaropadedanza.com\/?s={search_term_string}"},"query-input":{"@type":"PropertyValueSpecification","valueRequired":true,"valueName":"search_term_string"}}],"inLanguage":"fr-FR"},{"@type":"Organization","@id":"https:\/\/neylaropadedanza.com\/#organization","name":"NeylaRopaDeDanza","url":"https:\/\/neylaropadedanza.com\/","logo":{"@type":"ImageObject","inLanguage":"fr-FR","@id":"https:\/\/neylaropadedanza.com\/#\/schema\/logo\/image\/","url":"https:\/\/neylaropadedanza.es\/wp-content\/uploads\/2025\/04\/Neyla-Blanc.webp","contentUrl":"https:\/\/neylaropadedanza.es\/wp-content\/uploads\/2025\/04\/Neyla-Blanc.webp","width":1970,"height":936,"caption":"NeylaRopaDeDanza"},"image":{"@id":"https:\/\/neylaropadedanza.com\/#\/schema\/logo\/image\/"},"sameAs":["https:\/\/www.facebook.com\/neyladancewear\/","https:\/\/www.instagram.com\/neyladancewear\/","https:\/\/www.youtube.com\/channel\/UCKlqrANcZD0QqKXzpy4taWA?view_as=subscriber"]}]}},"_links":{"self":[{"href":"https:\/\/neylaropadedanza.es\/fr\/wp-json\/wp\/v2\/product\/20058","targetHints":{"allow":["GET"]}}],"collection":[{"href":"https:\/\/neylaropadedanza.es\/fr\/wp-json\/wp\/v2\/product"}],"about":[{"href":"https:\/\/neylaropadedanza.es\/fr\/wp-json\/wp\/v2\/types\/product"}],"replies":[{"embeddable":true,"href":"https:\/\/neylaropadedanza.es\/fr\/wp-json\/wp\/v2\/comments?post=20058"}],"version-history":[{"count":1,"href":"https:\/\/neylaropadedanza.es\/fr\/wp-json\/wp\/v2\/product\/20058\/revisions"}],"predecessor-version":[{"id":20268,"href":"https:\/\/neylaropadedanza.es\/fr\/wp-json\/wp\/v2\/product\/20058\/revisions\/20268"}],"wp:featuredmedia":[{"embeddable":true,"href":"https:\/\/neylaropadedanza.es\/fr\/wp-json\/wp\/v2\/media\/20027"}],"wp:attachment":[{"href":"https:\/\/neylaropadedanza.es\/fr\/wp-json\/wp\/v2\/media?parent=20058"}],"wp:term":[{"taxonomy":"product_brand","embeddable":true,"href":"https:\/\/neylaropadedanza.es\/fr\/wp-json\/wp\/v2\/product_brand?post=20058"},{"taxonomy":"product_cat","embeddable":true,"href":"https:\/\/neylaropadedanza.es\/fr\/wp-json\/wp\/v2\/product_cat?post=20058"},{"taxonomy":"product_tag","embeddable":true,"href":"https:\/\/neylaropadedanza.es\/fr\/wp-json\/wp\/v2\/product_tag?post=20058"}],"curies":[{"name":"wp","href":"https:\/\/api.w.org\/{rel}","templated":true}]}}