{"id":20039,"date":"2025-08-18T15:22:31","date_gmt":"2025-08-18T15:22:31","guid":{"rendered":"https:\/\/neylaropadedanza.es\/product\/basma\/"},"modified":"2025-08-29T07:56:52","modified_gmt":"2025-08-29T07:56:52","slug":"basma","status":"publish","type":"product","link":"https:\/\/neylaropadedanza.es\/fr\/product\/basma\/","title":{"rendered":"Basma"},"content":{"rendered":"<h1 data-start=\"324\" data-end=\"397\">\u2728 Ceinture de Hanches Basma \u2013 \u00c9clat et \u00c9l\u00e9gance en Plusieurs Couleurs \u2728<\/h1>\n<p data-start=\"399\" data-end=\"815\">La <strong data-start=\"402\" data-end=\"429\">ceinture de hanches Basma<\/strong> est un grand classique con\u00e7u pour sublimer chacun de vos mouvements en<strong data-start=\"507\" data-end=\"564\"> danse du ventre, danse orientale et fusions modernes<\/strong>. R\u00e9alis\u00e9e en r\u00e9sille l\u00e9g\u00e8re et d\u00e9licate, orn\u00e9e de rang\u00e9es de <strong data-start=\"630\" data-end=\"671\">franges scintillantes en strass<\/strong>, elle ajoute \u00e9l\u00e9gance et dynamisme \u00e0 vos chor\u00e9graphies, cr\u00e9ant un effet hypnotique \u00e0 chaque tour et vibration de hanches. <\/p>\n<p data-start=\"817\" data-end=\"1193\">\ud83d\udc8e <strong data-start=\"820\" data-end=\"841\">Design et D\u00e9tails<\/strong><br data-start=\"841\" data-end=\"844\">La coupe longue de la ceinture Basma en fait une pi\u00e8ce sophistiqu\u00e9e et remarquable, id\u00e9ale aussi bien pour les cours que pour la sc\u00e8ne. Les franges en strass tombent avec fluidit\u00e9, apportant volume et \u00e9clat \u00e0 chaque pas. Sa maille souple garantit un ajustement confortable \u00e0 la taille, en s\u2019adaptant facilement \u00e0 diff\u00e9rentes silhouettes.  <\/p>\n<p data-start=\"1195\" data-end=\"1353\">\ud83c\udf08 <strong data-start=\"1198\" data-end=\"1221\">Couleurs Disponibles<\/strong><br data-start=\"1221\" data-end=\"1224\">Choisissez la ceinture Basma dans la teinte qui refl\u00e8te le mieux votre style et votre tenue de danse :<\/p>\n<ul data-start=\"1354\" data-end=\"1683\">\n<li data-start=\"1354\" data-end=\"1413\">\n<p data-start=\"1356\" data-end=\"1413\">\ud83d\udda4 <strong data-start=\"1359\" data-end=\"1368\">Noir <\/strong>: l\u2019\u00e9l\u00e9gance intemporelle qui s\u2019accorde avec tout.<\/p>\n<\/li>\n<li data-start=\"1414\" data-end=\"1457\">\n<p data-start=\"1416\" data-end=\"1457\">\ud83c\udf77 <strong data-start=\"1419\" data-end=\"1430\">Grenat<\/strong> : profond et sophistiqu\u00e9.<\/p>\n<\/li>\n<li data-start=\"1458\" data-end=\"1509\">\n<p data-start=\"1460\" data-end=\"1509\">\ud83d\udc9c<strong data-start=\"1463\" data-end=\"1478\"> Lilas pastel <\/strong>: doux, d\u00e9licat et f\u00e9minin.<\/p>\n<\/li>\n<li data-start=\"1510\" data-end=\"1566\">\n<p data-start=\"1512\" data-end=\"1566\">\ud83c\udf08<strong data-start=\"1515\" data-end=\"1528\"> Arc-en-ciel : <\/strong>plein d\u2019\u00e9nergie, de joie et de couleur.<\/p>\n<\/li>\n<li data-start=\"1567\" data-end=\"1628\">\n<p data-start=\"1569\" data-end=\"1628\">\ud83c\udf3f <strong data-start=\"1572\" data-end=\"1590\">Vert p\u00e9trole <\/strong>: unique avec un \u00e9clat iris\u00e9.<\/p>\n<\/li>\n<li data-start=\"1629\" data-end=\"1683\">\n<p data-start=\"1631\" data-end=\"1683\">\ud83c\udf3a <strong data-start=\"1634\" data-end=\"1650\">Fuchsia fluo<\/strong> : audacieux, vibrant et moderne.<\/p>\n<\/li>\n<\/ul>\n<p data-start=\"1685\" data-end=\"2013\">\ud83d\udd17 <strong data-start=\"1688\" data-end=\"1716\">Polyvalence et Confort<\/strong><br data-start=\"1716\" data-end=\"1719\">Gr\u00e2ce \u00e0 son design flexible, la ceinture Basma s\u2019attache facilement \u00e0 la taille et permet une totale libert\u00e9 de mouvement. Elle est parfaite aussi bien pour les<strong data-start=\"1864\" data-end=\"1875\"> r\u00e9p\u00e9titions<\/strong> que pour les <strong data-start=\"1886\" data-end=\"1914\">spectacles<\/strong>, offrant une brillance subtile lors des entra\u00eenements et une pr\u00e9sence \u00e9clatante sous les projecteurs. <\/p>\n<p data-start=\"2015\" data-end=\"2216\">\ud83c\udf1f <strong data-start=\"2018\" data-end=\"2058\">Un accessoire qui transforme votre danse<\/strong><br data-start=\"2058\" data-end=\"2061\">La ceinture Basma n\u2019est pas seulement un accessoire \u2013 c\u2019est un <strong data-start=\"2121\" data-end=\"2136\">bijou textile<\/strong> qui met en valeur votre art, amplifie votre expressivit\u00e9 et capte l\u2019attention du public.<\/p>\n<p data-start=\"2218\" data-end=\"2320\">\u27a1\ufe0f <strong data-start=\"2221\" data-end=\"2318\">Faites v\u00f4tre la ceinture Basma et choisissez la couleur qui exprime le mieux votre personnalit\u00e9 sur sc\u00e8ne.<\/strong><\/p>\n","protected":false},"excerpt":{"rendered":"<p>\u2728 Ceinture de Hanches Basma \u2013 \u00c9clat et \u00c9l\u00e9gance en Plusieurs Couleurs \u2728 La ceinture de hanches Basma est un grand classique con\u00e7u pour sublimer chacun de vos mouvements en danse du ventre, danse orientale et fusions modernes. R\u00e9alis\u00e9e en r\u00e9sille l\u00e9g\u00e8re et d\u00e9licate, orn\u00e9e de rang\u00e9es de franges scintillantes en strass, elle ajoute \u00e9l\u00e9gance [&hellip;]<\/p>\n","protected":false},"featured_media":20003,"comment_status":"open","ping_status":"closed","template":"","meta":{"content-type":"","_monsterinsights_skip_tracking":false,"_monsterinsights_sitenote_active":false,"_monsterinsights_sitenote_note":"","_monsterinsights_sitenote_category":0,"_uf_show_specific_survey":0,"_uf_disable_surveys":false},"product_brand":[],"product_cat":[979,969],"product_tag":[1939,1018,1934,1932,1267,1937,1938,1935,1936,1933],"class_list":{"0":"post-20039","1":"product","2":"type-product","3":"status-publish","4":"has-post-thumbnail","6":"product_cat-foulards","7":"product_cat-vetements-dentrainement","8":"product_tag-accessoires-danse-du-ventre","9":"product_tag-accessoires-de-danse-du-ventre","10":"product_tag-ceinture-de-danse-scintillante","11":"product_tag-foulard-a-strass-violet-clair","12":"product_tag-foulard-de-danse-du-ventre","13":"product_tag-foulard-de-danse-tribal","14":"product_tag-foulard-de-danse-violet-clair","15":"product_tag-foulard-de-hanche-danse-du-ventre","16":"product_tag-foulard-en-resille-avec-strass","17":"product_tag-panuelo-de-hip-scarf-danza-oriental-fr","18":"product_shipping_class-standard-fr","20":"first","21":"instock","22":"sale","23":"taxable","24":"shipping-taxable","25":"purchasable","26":"product-type-variable","27":"add-to-wishlist-after_add_to_cart"},"yoast_head":"<!-- This site is optimized with the Yoast SEO plugin v26.6 - https:\/\/yoast.com\/wordpress\/plugins\/seo\/ -->\n<title>Basma - Neyla Dancewear - Foulard de hanche de danse du ventre<\/title>\n<meta name=\"description\" content=\"Basma hip scarf with sparkling rhinestones in black, garnet, pastel lilac, rainbow, petrol green, and fluorescent fuchsia. Perfect for belly dance.\" \/>\n<meta name=\"robots\" content=\"index, follow, max-snippet:-1, max-image-preview:large, max-video-preview:-1\" \/>\n<link rel=\"canonical\" href=\"https:\/\/neylaropadedanza.es\/fr\/product\/basma\/\" \/>\n<meta property=\"og:locale\" content=\"fr_FR\" \/>\n<meta property=\"og:type\" content=\"article\" \/>\n<meta property=\"og:title\" content=\"Basma - Neyla Dancewear - Foulard de hanche de danse du ventre\" \/>\n<meta property=\"og:description\" content=\"Basma hip scarf with sparkling rhinestones in black, garnet, pastel lilac, rainbow, petrol green, and fluorescent fuchsia. Perfect for belly dance.\" \/>\n<meta property=\"og:url\" content=\"https:\/\/neylaropadedanza.es\/fr\/product\/basma\/\" \/>\n<meta property=\"og:site_name\" content=\"Neyla Dancewear\" \/>\n<meta property=\"article:publisher\" content=\"https:\/\/www.facebook.com\/neyladancewear\/\" \/>\n<meta property=\"article:modified_time\" content=\"2025-08-29T07:56:52+00:00\" \/>\n<meta property=\"og:image\" content=\"https:\/\/neylaropadedanza.com\/wp-content\/uploads\/2025\/08\/Ropa-de-Danza-del-Vientre-12-1.jpg\" \/>\n\t<meta property=\"og:image:width\" content=\"854\" \/>\n\t<meta property=\"og:image:height\" content=\"1100\" \/>\n\t<meta property=\"og:image:type\" content=\"image\/jpeg\" \/>\n<meta name=\"twitter:card\" content=\"summary_large_image\" \/>\n<meta name=\"twitter:label1\" content=\"Dur\u00e9e de lecture estim\u00e9e\" \/>\n\t<meta name=\"twitter:data1\" content=\"2 minutes\" \/>\n<script type=\"application\/ld+json\" class=\"yoast-schema-graph\">{\"@context\":\"https:\/\/schema.org\",\"@graph\":[{\"@type\":\"WebPage\",\"@id\":\"https:\/\/neylaropadedanza.es\/fr\/product\/basma\/\",\"url\":\"https:\/\/neylaropadedanza.es\/fr\/product\/basma\/\",\"name\":\"Basma - Neyla Dancewear - Foulard de hanche de danse du ventre\",\"isPartOf\":{\"@id\":\"https:\/\/neylaropadedanza.com\/#website\"},\"primaryImageOfPage\":{\"@id\":\"https:\/\/neylaropadedanza.es\/fr\/product\/basma\/#primaryimage\"},\"image\":{\"@id\":\"https:\/\/neylaropadedanza.es\/fr\/product\/basma\/#primaryimage\"},\"thumbnailUrl\":\"https:\/\/neylaropadedanza.es\/wp-content\/uploads\/2025\/08\/Ropa-de-Danza-del-Vientre-12-1.jpg\",\"datePublished\":\"2025-08-18T15:22:31+00:00\",\"dateModified\":\"2025-08-29T07:56:52+00:00\",\"description\":\"Basma hip scarf with sparkling rhinestones in black, garnet, pastel lilac, rainbow, petrol green, and fluorescent fuchsia. Perfect for belly dance.\",\"breadcrumb\":{\"@id\":\"https:\/\/neylaropadedanza.es\/fr\/product\/basma\/#breadcrumb\"},\"inLanguage\":\"fr-FR\",\"potentialAction\":[{\"@type\":\"ReadAction\",\"target\":[\"https:\/\/neylaropadedanza.es\/fr\/product\/basma\/\"]}]},{\"@type\":\"ImageObject\",\"inLanguage\":\"fr-FR\",\"@id\":\"https:\/\/neylaropadedanza.es\/fr\/product\/basma\/#primaryimage\",\"url\":\"https:\/\/neylaropadedanza.es\/wp-content\/uploads\/2025\/08\/Ropa-de-Danza-del-Vientre-12-1.jpg\",\"contentUrl\":\"https:\/\/neylaropadedanza.es\/wp-content\/uploads\/2025\/08\/Ropa-de-Danza-del-Vientre-12-1.jpg\",\"width\":854,\"height\":1100,\"caption\":\"Foulard Basma violet clair orn\u00e9 de strass pour danse du ventre et danse orientale.\"},{\"@type\":\"BreadcrumbList\",\"@id\":\"https:\/\/neylaropadedanza.es\/fr\/product\/basma\/#breadcrumb\",\"itemListElement\":[{\"@type\":\"ListItem\",\"position\":1,\"name\":\"Home\",\"item\":\"https:\/\/neylaropadedanza.es\/fr\/\"},{\"@type\":\"ListItem\",\"position\":2,\"name\":\"Produits\",\"item\":\"https:\/\/neylaropadedanza.es\/fr\/shop\/\"},{\"@type\":\"ListItem\",\"position\":3,\"name\":\"Basma\"}]},{\"@type\":\"WebSite\",\"@id\":\"https:\/\/neylaropadedanza.com\/#website\",\"url\":\"https:\/\/neylaropadedanza.com\/\",\"name\":\"NeylaRopaDeDanza\",\"description\":\"Ropa de Danza del Vientre, danza oriental, trajes, ropa de ensayo y mucho m\u00e1s!\",\"publisher\":{\"@id\":\"https:\/\/neylaropadedanza.com\/#organization\"},\"potentialAction\":[{\"@type\":\"SearchAction\",\"target\":{\"@type\":\"EntryPoint\",\"urlTemplate\":\"https:\/\/neylaropadedanza.com\/?s={search_term_string}\"},\"query-input\":{\"@type\":\"PropertyValueSpecification\",\"valueRequired\":true,\"valueName\":\"search_term_string\"}}],\"inLanguage\":\"fr-FR\"},{\"@type\":\"Organization\",\"@id\":\"https:\/\/neylaropadedanza.com\/#organization\",\"name\":\"NeylaRopaDeDanza\",\"url\":\"https:\/\/neylaropadedanza.com\/\",\"logo\":{\"@type\":\"ImageObject\",\"inLanguage\":\"fr-FR\",\"@id\":\"https:\/\/neylaropadedanza.com\/#\/schema\/logo\/image\/\",\"url\":\"https:\/\/neylaropadedanza.es\/wp-content\/uploads\/2025\/04\/Neyla-Blanc.webp\",\"contentUrl\":\"https:\/\/neylaropadedanza.es\/wp-content\/uploads\/2025\/04\/Neyla-Blanc.webp\",\"width\":1970,\"height\":936,\"caption\":\"NeylaRopaDeDanza\"},\"image\":{\"@id\":\"https:\/\/neylaropadedanza.com\/#\/schema\/logo\/image\/\"},\"sameAs\":[\"https:\/\/www.facebook.com\/neyladancewear\/\",\"https:\/\/www.instagram.com\/neyladancewear\/\",\"https:\/\/www.youtube.com\/channel\/UCKlqrANcZD0QqKXzpy4taWA?view_as=subscriber\"]}]}<\/script>\n<!-- \/ Yoast SEO plugin. -->","yoast_head_json":{"title":"Basma - Neyla Dancewear - Foulard de hanche de danse du ventre","description":"Basma hip scarf with sparkling rhinestones in black, garnet, pastel lilac, rainbow, petrol green, and fluorescent fuchsia. Perfect for belly dance.","robots":{"index":"index","follow":"follow","max-snippet":"max-snippet:-1","max-image-preview":"max-image-preview:large","max-video-preview":"max-video-preview:-1"},"canonical":"https:\/\/neylaropadedanza.es\/fr\/product\/basma\/","og_locale":"fr_FR","og_type":"article","og_title":"Basma - Neyla Dancewear - Foulard de hanche de danse du ventre","og_description":"Basma hip scarf with sparkling rhinestones in black, garnet, pastel lilac, rainbow, petrol green, and fluorescent fuchsia. Perfect for belly dance.","og_url":"https:\/\/neylaropadedanza.es\/fr\/product\/basma\/","og_site_name":"Neyla Dancewear","article_publisher":"https:\/\/www.facebook.com\/neyladancewear\/","article_modified_time":"2025-08-29T07:56:52+00:00","og_image":[{"width":854,"height":1100,"url":"https:\/\/neylaropadedanza.com\/wp-content\/uploads\/2025\/08\/Ropa-de-Danza-del-Vientre-12-1.jpg","type":"image\/jpeg"}],"twitter_card":"summary_large_image","twitter_misc":{"Dur\u00e9e de lecture estim\u00e9e":"2 minutes"},"schema":{"@context":"https:\/\/schema.org","@graph":[{"@type":"WebPage","@id":"https:\/\/neylaropadedanza.es\/fr\/product\/basma\/","url":"https:\/\/neylaropadedanza.es\/fr\/product\/basma\/","name":"Basma - Neyla Dancewear - Foulard de hanche de danse du ventre","isPartOf":{"@id":"https:\/\/neylaropadedanza.com\/#website"},"primaryImageOfPage":{"@id":"https:\/\/neylaropadedanza.es\/fr\/product\/basma\/#primaryimage"},"image":{"@id":"https:\/\/neylaropadedanza.es\/fr\/product\/basma\/#primaryimage"},"thumbnailUrl":"https:\/\/neylaropadedanza.es\/wp-content\/uploads\/2025\/08\/Ropa-de-Danza-del-Vientre-12-1.jpg","datePublished":"2025-08-18T15:22:31+00:00","dateModified":"2025-08-29T07:56:52+00:00","description":"Basma hip scarf with sparkling rhinestones in black, garnet, pastel lilac, rainbow, petrol green, and fluorescent fuchsia. Perfect for belly dance.","breadcrumb":{"@id":"https:\/\/neylaropadedanza.es\/fr\/product\/basma\/#breadcrumb"},"inLanguage":"fr-FR","potentialAction":[{"@type":"ReadAction","target":["https:\/\/neylaropadedanza.es\/fr\/product\/basma\/"]}]},{"@type":"ImageObject","inLanguage":"fr-FR","@id":"https:\/\/neylaropadedanza.es\/fr\/product\/basma\/#primaryimage","url":"https:\/\/neylaropadedanza.es\/wp-content\/uploads\/2025\/08\/Ropa-de-Danza-del-Vientre-12-1.jpg","contentUrl":"https:\/\/neylaropadedanza.es\/wp-content\/uploads\/2025\/08\/Ropa-de-Danza-del-Vientre-12-1.jpg","width":854,"height":1100,"caption":"Foulard Basma violet clair orn\u00e9 de strass pour danse du ventre et danse orientale."},{"@type":"BreadcrumbList","@id":"https:\/\/neylaropadedanza.es\/fr\/product\/basma\/#breadcrumb","itemListElement":[{"@type":"ListItem","position":1,"name":"Home","item":"https:\/\/neylaropadedanza.es\/fr\/"},{"@type":"ListItem","position":2,"name":"Produits","item":"https:\/\/neylaropadedanza.es\/fr\/shop\/"},{"@type":"ListItem","position":3,"name":"Basma"}]},{"@type":"WebSite","@id":"https:\/\/neylaropadedanza.com\/#website","url":"https:\/\/neylaropadedanza.com\/","name":"NeylaRopaDeDanza","description":"Ropa de Danza del Vientre, danza oriental, trajes, ropa de ensayo y mucho m\u00e1s!","publisher":{"@id":"https:\/\/neylaropadedanza.com\/#organization"},"potentialAction":[{"@type":"SearchAction","target":{"@type":"EntryPoint","urlTemplate":"https:\/\/neylaropadedanza.com\/?s={search_term_string}"},"query-input":{"@type":"PropertyValueSpecification","valueRequired":true,"valueName":"search_term_string"}}],"inLanguage":"fr-FR"},{"@type":"Organization","@id":"https:\/\/neylaropadedanza.com\/#organization","name":"NeylaRopaDeDanza","url":"https:\/\/neylaropadedanza.com\/","logo":{"@type":"ImageObject","inLanguage":"fr-FR","@id":"https:\/\/neylaropadedanza.com\/#\/schema\/logo\/image\/","url":"https:\/\/neylaropadedanza.es\/wp-content\/uploads\/2025\/04\/Neyla-Blanc.webp","contentUrl":"https:\/\/neylaropadedanza.es\/wp-content\/uploads\/2025\/04\/Neyla-Blanc.webp","width":1970,"height":936,"caption":"NeylaRopaDeDanza"},"image":{"@id":"https:\/\/neylaropadedanza.com\/#\/schema\/logo\/image\/"},"sameAs":["https:\/\/www.facebook.com\/neyladancewear\/","https:\/\/www.instagram.com\/neyladancewear\/","https:\/\/www.youtube.com\/channel\/UCKlqrANcZD0QqKXzpy4taWA?view_as=subscriber"]}]}},"_links":{"self":[{"href":"https:\/\/neylaropadedanza.es\/fr\/wp-json\/wp\/v2\/product\/20039","targetHints":{"allow":["GET"]}}],"collection":[{"href":"https:\/\/neylaropadedanza.es\/fr\/wp-json\/wp\/v2\/product"}],"about":[{"href":"https:\/\/neylaropadedanza.es\/fr\/wp-json\/wp\/v2\/types\/product"}],"replies":[{"embeddable":true,"href":"https:\/\/neylaropadedanza.es\/fr\/wp-json\/wp\/v2\/comments?post=20039"}],"version-history":[{"count":2,"href":"https:\/\/neylaropadedanza.es\/fr\/wp-json\/wp\/v2\/product\/20039\/revisions"}],"predecessor-version":[{"id":20261,"href":"https:\/\/neylaropadedanza.es\/fr\/wp-json\/wp\/v2\/product\/20039\/revisions\/20261"}],"wp:featuredmedia":[{"embeddable":true,"href":"https:\/\/neylaropadedanza.es\/fr\/wp-json\/wp\/v2\/media\/20003"}],"wp:attachment":[{"href":"https:\/\/neylaropadedanza.es\/fr\/wp-json\/wp\/v2\/media?parent=20039"}],"wp:term":[{"taxonomy":"product_brand","embeddable":true,"href":"https:\/\/neylaropadedanza.es\/fr\/wp-json\/wp\/v2\/product_brand?post=20039"},{"taxonomy":"product_cat","embeddable":true,"href":"https:\/\/neylaropadedanza.es\/fr\/wp-json\/wp\/v2\/product_cat?post=20039"},{"taxonomy":"product_tag","embeddable":true,"href":"https:\/\/neylaropadedanza.es\/fr\/wp-json\/wp\/v2\/product_tag?post=20039"}],"curies":[{"name":"wp","href":"https:\/\/api.w.org\/{rel}","templated":true}]}}