{"id":19940,"date":"2025-08-13T15:56:52","date_gmt":"2025-08-13T15:56:52","guid":{"rendered":"https:\/\/neylaropadedanza.es\/product\/cala-2\/"},"modified":"2025-08-13T15:56:52","modified_gmt":"2025-08-13T15:56:52","slug":"cala-2","status":"publish","type":"product","link":"https:\/\/neylaropadedanza.es\/fr\/product\/cala-2\/","title":{"rendered":"Cala"},"content":{"rendered":"<h2 data-start=\"179\" data-end=\"247\">\ud83d\udc96 Jupe Cala \u2013 Mouvement et \u00c9clat pour Votre Danse Orientale \u2728\ud83d\udc83<\/h2>\n<p data-start=\"249\" data-end=\"565\">La<strong data-start=\"252\" data-end=\"266\"> jupe Cala<\/strong> est con\u00e7ue pour sublimer chacun de vos mouvements en danse du ventre et danse orientale. Avec son<strong data-start=\"392\" data-end=\"408\"> coloris fuchsia \u00e9clatant<\/strong>, elle allie \u00e9l\u00e9gance et brillance gr\u00e2ce \u00e0 sa <strong data-start=\"473\" data-end=\"515\">large ceinture \u00e0 effet m\u00e9tallis\u00e9,<\/strong> qui apporte lumi\u00e8re et sophistication \u00e0 votre tenue. <\/p>\n<p data-start=\"567\" data-end=\"899\">Confectionn\u00e9e dans un<strong data-start=\"584\" data-end=\"608\"> tissu fluide et l\u00e9ger<\/strong>, elle offre un mouvement naturel et gracieux \u00e0 chaque tour. Sa <strong data-start=\"690\" data-end=\"749\">coupe asym\u00e9trique, plus courte \u00e0 l\u2019avant et plus longue \u00e0 l\u2019arri\u00e8re<\/strong>, affine la silhouette et ajoute du dynamisme \u00e0 votre prestation. Les <strong data-start=\"812\" data-end=\"835\">volants superpos\u00e9s <\/strong>apportent du volume et cr\u00e9ent un effet visuel hypnotisant lorsque vous dansez. <\/p>\n<h3 data-start=\"901\" data-end=\"935\">\ud83c\udf1f Caract\u00e9ristiques:<\/h3>\n<ul data-start=\"936\" data-end=\"1244\">\n<li data-start=\"936\" data-end=\"1011\">\n<p data-start=\"938\" data-end=\"1011\"><strong data-start=\"938\" data-end=\"959\">Coupe asym\u00e9trique <\/strong>qui met en valeur le mouvement et affine la silhouette.<\/p>\n<\/li>\n<li data-start=\"1012\" data-end=\"1101\">\n<p data-start=\"1014\" data-end=\"1101\"><strong data-start=\"1014\" data-end=\"1045\">Large ceinture \u00e9lastique <\/strong>\u00e0 finition brillante pour un maintien s\u00fbr et confortable.<\/p>\n<\/li>\n<li data-start=\"1102\" data-end=\"1172\">\n<p data-start=\"1104\" data-end=\"1172\"><strong data-start=\"1104\" data-end=\"1130\">Tissu l\u00e9ger et fluide<\/strong>, id\u00e9al pour les tours et d\u00e9placements.<\/p>\n<\/li>\n<li data-start=\"1173\" data-end=\"1244\">\n<p data-start=\"1175\" data-end=\"1244\"><strong data-start=\"1175\" data-end=\"1196\">Volants en cascade<\/strong> pour l\u2019\u00e9l\u00e9gance et le style sc\u00e9nique.<\/p>\n<\/li>\n<\/ul>\n<h3 data-start=\"1246\" data-end=\"1264\">\ud83d\udc83 Id\u00e9ale Pour:<\/h3>\n<ul data-start=\"1265\" data-end=\"1414\">\n<li data-start=\"1265\" data-end=\"1304\">\n<p data-start=\"1267\" data-end=\"1304\">Les entra\u00eenements et r\u00e9p\u00e9titions avec style.<\/p>\n<\/li>\n<li data-start=\"1305\" data-end=\"1359\">\n<p data-start=\"1307\" data-end=\"1359\">Les spectacles et repr\u00e9sentations o\u00f9 vous souhaitez briller.<\/p>\n<\/li>\n<li data-start=\"1360\" data-end=\"1414\">\n<p data-start=\"1362\" data-end=\"1414\">Les s\u00e9ances photo hautes en couleur et en dynamisme.<\/p>\n<\/li>\n<\/ul>\n<p data-start=\"1416\" data-end=\"1636\">Chez <strong data-start=\"1419\" data-end=\"1438\">Neyla Dancewear,<\/strong> nous cr\u00e9ons des pi\u00e8ces \u00e0 la fois confortables, r\u00e9sistantes et capables de refl\u00e9ter votre personnalit\u00e9 sur sc\u00e8ne. Avec la jupe Cala, <strong data-start=\"1577\" data-end=\"1633\">chaque pas devient une d\u00e9claration d\u2019\u00e9l\u00e9gance et de passion.<\/strong> <\/p>\n<p data-start=\"1638\" data-end=\"1687\">\u2728<strong data-start=\"1640\" data-end=\"1687\"> Laissez votre danse briller avec la jupe Cala.<\/strong><\/p>\n","protected":false},"excerpt":{"rendered":"<p>\ud83d\udc96 Jupe Cala \u2013 Mouvement et \u00c9clat pour Votre Danse Orientale \u2728\ud83d\udc83 La jupe Cala est con\u00e7ue pour sublimer chacun de vos mouvements en danse du ventre et danse orientale. Avec son coloris fuchsia \u00e9clatant, elle allie \u00e9l\u00e9gance et brillance gr\u00e2ce \u00e0 sa large ceinture \u00e0 effet m\u00e9tallis\u00e9, qui apporte lumi\u00e8re et sophistication \u00e0 votre [&hellip;]<\/p>\n","protected":false},"featured_media":19909,"comment_status":"open","ping_status":"closed","template":"","meta":{"content-type":"","_monsterinsights_skip_tracking":false,"_monsterinsights_sitenote_active":false,"_monsterinsights_sitenote_note":"","_monsterinsights_sitenote_category":0,"_uf_show_specific_survey":0,"_uf_disable_surveys":false},"product_brand":[],"product_cat":[975,969],"product_tag":[1883,1407,1170,1878,1879,1885,1884],"class_list":{"0":"post-19940","1":"product","2":"type-product","3":"status-publish","4":"has-post-thumbnail","6":"product_cat-jupes","7":"product_cat-vetements-dentrainement","8":"product_tag-jupe-a-volants","9":"product_tag-jupe-asymetrique","10":"product_tag-jupe-de-danse-du-ventre","11":"product_tag-jupe-de-danse-orientale","12":"product_tag-jupe-de-scene","13":"product_tag-jupe-de-spectacle","14":"product_tag-jupe-fuchsia","15":"product_shipping_class-standard-fr","17":"first","18":"instock","19":"sale","20":"taxable","21":"shipping-taxable","22":"purchasable","23":"product-type-variable","24":"add-to-wishlist-after_add_to_cart"},"yoast_head":"<!-- This site is optimized with the Yoast SEO plugin v26.6 - https:\/\/yoast.com\/wordpress\/plugins\/seo\/ -->\n<title>Cala - Neyla Dancewear<\/title>\n<meta name=\"robots\" content=\"index, follow, max-snippet:-1, max-image-preview:large, max-video-preview:-1\" \/>\n<link rel=\"canonical\" href=\"https:\/\/neylaropadedanza.es\/fr\/product\/cala-2\/\" \/>\n<meta property=\"og:locale\" content=\"fr_FR\" \/>\n<meta property=\"og:type\" content=\"article\" \/>\n<meta property=\"og:title\" content=\"Cala - Neyla Dancewear\" \/>\n<meta property=\"og:description\" content=\"\ud83d\udc96 Jupe Cala \u2013 Mouvement et \u00c9clat pour Votre Danse Orientale \u2728\ud83d\udc83 La jupe Cala est con\u00e7ue pour sublimer chacun de vos mouvements en danse du ventre et danse orientale. Avec son coloris fuchsia \u00e9clatant, elle allie \u00e9l\u00e9gance et brillance gr\u00e2ce \u00e0 sa large ceinture \u00e0 effet m\u00e9tallis\u00e9, qui apporte lumi\u00e8re et sophistication \u00e0 votre [&hellip;]\" \/>\n<meta property=\"og:url\" content=\"https:\/\/neylaropadedanza.es\/fr\/product\/cala-2\/\" \/>\n<meta property=\"og:site_name\" content=\"Neyla Dancewear\" \/>\n<meta property=\"article:publisher\" content=\"https:\/\/www.facebook.com\/neyladancewear\/\" \/>\n<meta property=\"og:image\" content=\"https:\/\/neylaropadedanza.com\/wp-content\/uploads\/2025\/08\/Danza-del-vientre-1.jpg\" \/>\n\t<meta property=\"og:image:width\" content=\"874\" \/>\n\t<meta property=\"og:image:height\" content=\"1100\" \/>\n\t<meta property=\"og:image:type\" content=\"image\/jpeg\" \/>\n<meta name=\"twitter:card\" content=\"summary_large_image\" \/>\n<meta name=\"twitter:label1\" content=\"Dur\u00e9e de lecture estim\u00e9e\" \/>\n\t<meta name=\"twitter:data1\" content=\"1 minute\" \/>\n<script type=\"application\/ld+json\" class=\"yoast-schema-graph\">{\"@context\":\"https:\/\/schema.org\",\"@graph\":[{\"@type\":\"WebPage\",\"@id\":\"https:\/\/neylaropadedanza.es\/fr\/product\/cala-2\/\",\"url\":\"https:\/\/neylaropadedanza.es\/fr\/product\/cala-2\/\",\"name\":\"Cala - Neyla Dancewear\",\"isPartOf\":{\"@id\":\"https:\/\/neylaropadedanza.com\/#website\"},\"primaryImageOfPage\":{\"@id\":\"https:\/\/neylaropadedanza.es\/fr\/product\/cala-2\/#primaryimage\"},\"image\":{\"@id\":\"https:\/\/neylaropadedanza.es\/fr\/product\/cala-2\/#primaryimage\"},\"thumbnailUrl\":\"https:\/\/neylaropadedanza.es\/wp-content\/uploads\/2025\/08\/Danza-del-vientre-1.jpg\",\"datePublished\":\"2025-08-13T15:56:52+00:00\",\"breadcrumb\":{\"@id\":\"https:\/\/neylaropadedanza.es\/fr\/product\/cala-2\/#breadcrumb\"},\"inLanguage\":\"fr-FR\",\"potentialAction\":[{\"@type\":\"ReadAction\",\"target\":[\"https:\/\/neylaropadedanza.es\/fr\/product\/cala-2\/\"]}]},{\"@type\":\"ImageObject\",\"inLanguage\":\"fr-FR\",\"@id\":\"https:\/\/neylaropadedanza.es\/fr\/product\/cala-2\/#primaryimage\",\"url\":\"https:\/\/neylaropadedanza.es\/wp-content\/uploads\/2025\/08\/Danza-del-vientre-1.jpg\",\"contentUrl\":\"https:\/\/neylaropadedanza.es\/wp-content\/uploads\/2025\/08\/Danza-del-vientre-1.jpg\",\"width\":874,\"height\":1100,\"caption\":\"Jupe Cala fuchsia asym\u00e9trique avec volants et ceinture brillante pour danse orientale\"},{\"@type\":\"BreadcrumbList\",\"@id\":\"https:\/\/neylaropadedanza.es\/fr\/product\/cala-2\/#breadcrumb\",\"itemListElement\":[{\"@type\":\"ListItem\",\"position\":1,\"name\":\"Home\",\"item\":\"https:\/\/neylaropadedanza.es\/fr\/\"},{\"@type\":\"ListItem\",\"position\":2,\"name\":\"Produits\",\"item\":\"https:\/\/neylaropadedanza.es\/fr\/shop\/\"},{\"@type\":\"ListItem\",\"position\":3,\"name\":\"Cala\"}]},{\"@type\":\"WebSite\",\"@id\":\"https:\/\/neylaropadedanza.com\/#website\",\"url\":\"https:\/\/neylaropadedanza.com\/\",\"name\":\"NeylaRopaDeDanza\",\"description\":\"Ropa de Danza del Vientre, danza oriental, trajes, ropa de ensayo y mucho m\u00e1s!\",\"publisher\":{\"@id\":\"https:\/\/neylaropadedanza.com\/#organization\"},\"potentialAction\":[{\"@type\":\"SearchAction\",\"target\":{\"@type\":\"EntryPoint\",\"urlTemplate\":\"https:\/\/neylaropadedanza.com\/?s={search_term_string}\"},\"query-input\":{\"@type\":\"PropertyValueSpecification\",\"valueRequired\":true,\"valueName\":\"search_term_string\"}}],\"inLanguage\":\"fr-FR\"},{\"@type\":\"Organization\",\"@id\":\"https:\/\/neylaropadedanza.com\/#organization\",\"name\":\"NeylaRopaDeDanza\",\"url\":\"https:\/\/neylaropadedanza.com\/\",\"logo\":{\"@type\":\"ImageObject\",\"inLanguage\":\"fr-FR\",\"@id\":\"https:\/\/neylaropadedanza.com\/#\/schema\/logo\/image\/\",\"url\":\"https:\/\/neylaropadedanza.es\/wp-content\/uploads\/2025\/04\/Neyla-Blanc.webp\",\"contentUrl\":\"https:\/\/neylaropadedanza.es\/wp-content\/uploads\/2025\/04\/Neyla-Blanc.webp\",\"width\":1970,\"height\":936,\"caption\":\"NeylaRopaDeDanza\"},\"image\":{\"@id\":\"https:\/\/neylaropadedanza.com\/#\/schema\/logo\/image\/\"},\"sameAs\":[\"https:\/\/www.facebook.com\/neyladancewear\/\",\"https:\/\/www.instagram.com\/neyladancewear\/\",\"https:\/\/www.youtube.com\/channel\/UCKlqrANcZD0QqKXzpy4taWA?view_as=subscriber\"]}]}<\/script>\n<!-- \/ Yoast SEO plugin. -->","yoast_head_json":{"title":"Cala - Neyla Dancewear","robots":{"index":"index","follow":"follow","max-snippet":"max-snippet:-1","max-image-preview":"max-image-preview:large","max-video-preview":"max-video-preview:-1"},"canonical":"https:\/\/neylaropadedanza.es\/fr\/product\/cala-2\/","og_locale":"fr_FR","og_type":"article","og_title":"Cala - Neyla Dancewear","og_description":"\ud83d\udc96 Jupe Cala \u2013 Mouvement et \u00c9clat pour Votre Danse Orientale \u2728\ud83d\udc83 La jupe Cala est con\u00e7ue pour sublimer chacun de vos mouvements en danse du ventre et danse orientale. Avec son coloris fuchsia \u00e9clatant, elle allie \u00e9l\u00e9gance et brillance gr\u00e2ce \u00e0 sa large ceinture \u00e0 effet m\u00e9tallis\u00e9, qui apporte lumi\u00e8re et sophistication \u00e0 votre [&hellip;]","og_url":"https:\/\/neylaropadedanza.es\/fr\/product\/cala-2\/","og_site_name":"Neyla Dancewear","article_publisher":"https:\/\/www.facebook.com\/neyladancewear\/","og_image":[{"width":874,"height":1100,"url":"https:\/\/neylaropadedanza.com\/wp-content\/uploads\/2025\/08\/Danza-del-vientre-1.jpg","type":"image\/jpeg"}],"twitter_card":"summary_large_image","twitter_misc":{"Dur\u00e9e de lecture estim\u00e9e":"1 minute"},"schema":{"@context":"https:\/\/schema.org","@graph":[{"@type":"WebPage","@id":"https:\/\/neylaropadedanza.es\/fr\/product\/cala-2\/","url":"https:\/\/neylaropadedanza.es\/fr\/product\/cala-2\/","name":"Cala - Neyla Dancewear","isPartOf":{"@id":"https:\/\/neylaropadedanza.com\/#website"},"primaryImageOfPage":{"@id":"https:\/\/neylaropadedanza.es\/fr\/product\/cala-2\/#primaryimage"},"image":{"@id":"https:\/\/neylaropadedanza.es\/fr\/product\/cala-2\/#primaryimage"},"thumbnailUrl":"https:\/\/neylaropadedanza.es\/wp-content\/uploads\/2025\/08\/Danza-del-vientre-1.jpg","datePublished":"2025-08-13T15:56:52+00:00","breadcrumb":{"@id":"https:\/\/neylaropadedanza.es\/fr\/product\/cala-2\/#breadcrumb"},"inLanguage":"fr-FR","potentialAction":[{"@type":"ReadAction","target":["https:\/\/neylaropadedanza.es\/fr\/product\/cala-2\/"]}]},{"@type":"ImageObject","inLanguage":"fr-FR","@id":"https:\/\/neylaropadedanza.es\/fr\/product\/cala-2\/#primaryimage","url":"https:\/\/neylaropadedanza.es\/wp-content\/uploads\/2025\/08\/Danza-del-vientre-1.jpg","contentUrl":"https:\/\/neylaropadedanza.es\/wp-content\/uploads\/2025\/08\/Danza-del-vientre-1.jpg","width":874,"height":1100,"caption":"Jupe Cala fuchsia asym\u00e9trique avec volants et ceinture brillante pour danse orientale"},{"@type":"BreadcrumbList","@id":"https:\/\/neylaropadedanza.es\/fr\/product\/cala-2\/#breadcrumb","itemListElement":[{"@type":"ListItem","position":1,"name":"Home","item":"https:\/\/neylaropadedanza.es\/fr\/"},{"@type":"ListItem","position":2,"name":"Produits","item":"https:\/\/neylaropadedanza.es\/fr\/shop\/"},{"@type":"ListItem","position":3,"name":"Cala"}]},{"@type":"WebSite","@id":"https:\/\/neylaropadedanza.com\/#website","url":"https:\/\/neylaropadedanza.com\/","name":"NeylaRopaDeDanza","description":"Ropa de Danza del Vientre, danza oriental, trajes, ropa de ensayo y mucho m\u00e1s!","publisher":{"@id":"https:\/\/neylaropadedanza.com\/#organization"},"potentialAction":[{"@type":"SearchAction","target":{"@type":"EntryPoint","urlTemplate":"https:\/\/neylaropadedanza.com\/?s={search_term_string}"},"query-input":{"@type":"PropertyValueSpecification","valueRequired":true,"valueName":"search_term_string"}}],"inLanguage":"fr-FR"},{"@type":"Organization","@id":"https:\/\/neylaropadedanza.com\/#organization","name":"NeylaRopaDeDanza","url":"https:\/\/neylaropadedanza.com\/","logo":{"@type":"ImageObject","inLanguage":"fr-FR","@id":"https:\/\/neylaropadedanza.com\/#\/schema\/logo\/image\/","url":"https:\/\/neylaropadedanza.es\/wp-content\/uploads\/2025\/04\/Neyla-Blanc.webp","contentUrl":"https:\/\/neylaropadedanza.es\/wp-content\/uploads\/2025\/04\/Neyla-Blanc.webp","width":1970,"height":936,"caption":"NeylaRopaDeDanza"},"image":{"@id":"https:\/\/neylaropadedanza.com\/#\/schema\/logo\/image\/"},"sameAs":["https:\/\/www.facebook.com\/neyladancewear\/","https:\/\/www.instagram.com\/neyladancewear\/","https:\/\/www.youtube.com\/channel\/UCKlqrANcZD0QqKXzpy4taWA?view_as=subscriber"]}]}},"_links":{"self":[{"href":"https:\/\/neylaropadedanza.es\/fr\/wp-json\/wp\/v2\/product\/19940","targetHints":{"allow":["GET"]}}],"collection":[{"href":"https:\/\/neylaropadedanza.es\/fr\/wp-json\/wp\/v2\/product"}],"about":[{"href":"https:\/\/neylaropadedanza.es\/fr\/wp-json\/wp\/v2\/types\/product"}],"replies":[{"embeddable":true,"href":"https:\/\/neylaropadedanza.es\/fr\/wp-json\/wp\/v2\/comments?post=19940"}],"version-history":[{"count":0,"href":"https:\/\/neylaropadedanza.es\/fr\/wp-json\/wp\/v2\/product\/19940\/revisions"}],"wp:featuredmedia":[{"embeddable":true,"href":"https:\/\/neylaropadedanza.es\/fr\/wp-json\/wp\/v2\/media\/19909"}],"wp:attachment":[{"href":"https:\/\/neylaropadedanza.es\/fr\/wp-json\/wp\/v2\/media?parent=19940"}],"wp:term":[{"taxonomy":"product_brand","embeddable":true,"href":"https:\/\/neylaropadedanza.es\/fr\/wp-json\/wp\/v2\/product_brand?post=19940"},{"taxonomy":"product_cat","embeddable":true,"href":"https:\/\/neylaropadedanza.es\/fr\/wp-json\/wp\/v2\/product_cat?post=19940"},{"taxonomy":"product_tag","embeddable":true,"href":"https:\/\/neylaropadedanza.es\/fr\/wp-json\/wp\/v2\/product_tag?post=19940"}],"curies":[{"name":"wp","href":"https:\/\/api.w.org\/{rel}","templated":true}]}}