{"id":19902,"date":"2023-10-20T14:01:19","date_gmt":"2023-10-20T12:01:19","guid":{"rendered":"https:\/\/neylaropadedanza.es\/product\/sakina\/"},"modified":"2023-10-20T14:01:19","modified_gmt":"2023-10-20T14:01:19","slug":"sakina","status":"publish","type":"product","link":"https:\/\/neylaropadedanza.es\/fr\/product\/sakina\/","title":{"rendered":"Sakina"},"content":{"rendered":"<h2 data-start=\"231\" data-end=\"340\"><strong data-start=\"234\" data-end=\"340\">Fran\u00e7ais \u2013 Ensemble Sakina \u2013 L\u2019alliance parfaite d\u2019\u00e9l\u00e9gance et de mouvement pour la danse orientale \ud83d\udc83\u2728<\/strong><\/h2>\n<p data-start=\"342\" data-end=\"693\">L\u2019<strong data-start=\"345\" data-end=\"364\">ensemble Sakina<\/strong> est le choix id\u00e9al pour les danseuses orientales et de danse du ventre recherchant une tenue alliant <strong data-start=\"474\" data-end=\"487\">confort,<\/strong> <strong data-start=\"489\" data-end=\"499\">style <\/strong>et <strong data-start=\"502\" data-end=\"518\">polyvalence.<\/strong> Con\u00e7u en <strong data-start=\"533\" data-end=\"559\">dentelle de haute qualit\u00e9 d<\/strong>ans un superbe coloris fuchsia, cet ensemble deux pi\u00e8ces est pens\u00e9 pour vous faire briller en cours comme sur sc\u00e8ne. <\/p>\n<h3 data-start=\"695\" data-end=\"731\">\ud83c\udf38 <strong data-start=\"702\" data-end=\"729\">D\u00e9tails du Top Sakina<\/strong><\/h3>\n<ul data-start=\"732\" data-end=\"989\">\n<li data-start=\"732\" data-end=\"811\">\n<p data-start=\"734\" data-end=\"811\">Confectionn\u00e9 en <strong data-start=\"751\" data-end=\"770\">dentelle extensible<\/strong> qui \u00e9pouse parfaitement le corps.<\/p>\n<\/li>\n<li data-start=\"812\" data-end=\"881\">\n<p data-start=\"814\" data-end=\"881\"><strong data-start=\"814\" data-end=\"844\">Manches courtes \u00e0 volants <\/strong>apportant \u00e9l\u00e9gance et dynamisme.<\/p>\n<\/li>\n<li data-start=\"882\" data-end=\"989\">\n<p data-start=\"884\" data-end=\"989\">Longueur \u00e9tudi\u00e9e pour<strong data-start=\"903\" data-end=\"940\"> mettre en valeur les mouvements<\/strong> du buste et permettre une libert\u00e9 totale.<\/p>\n<\/li>\n<\/ul>\n<h3 data-start=\"991\" data-end=\"1031\">\ud83c\udf3a <strong data-start=\"998\" data-end=\"1029\">D\u00e9tails de la Jupe Sakina<\/strong><\/h3>\n<ul data-start=\"1032\" data-end=\"1229\">\n<li data-start=\"1032\" data-end=\"1085\">\n<p data-start=\"1034\" data-end=\"1085\">Coupe <strong data-start=\"1041\" data-end=\"1055\">asym\u00e9trique<\/strong> avec couches de dentelle fluide.<\/p>\n<\/li>\n<li data-start=\"1086\" data-end=\"1144\">\n<p data-start=\"1088\" data-end=\"1144\"><strong data-start=\"1088\" data-end=\"1108\">Ceinture \u00e9lastique<\/strong> assurant un maintien ferme et confortable.<\/p>\n<\/li>\n<li data-start=\"1145\" data-end=\"1229\">\n<p data-start=\"1147\" data-end=\"1229\"><strong data-start=\"1147\" data-end=\"1159\">Volants<\/strong> ajoutant du volume et du caract\u00e8re, sublimant chaque tour et d\u00e9placement.<\/p>\n<\/li>\n<\/ul>\n<h3 data-start=\"1231\" data-end=\"1277\">\ud83c\udf1f <strong data-start=\"1238\" data-end=\"1275\">Pourquoi Choisir l\u2019Ensemble Sakina<\/strong><\/h3>\n<ul data-start=\"1278\" data-end=\"1658\">\n<li data-start=\"1278\" data-end=\"1366\">\n<p data-start=\"1280\" data-end=\"1366\"><strong data-start=\"1280\" data-end=\"1300\">Design exclusif<\/strong> : Dentelle fuchsia, volants et coupe asym\u00e9trique unique.<\/p>\n<\/li>\n<li data-start=\"1367\" data-end=\"1464\">\n<p data-start=\"1369\" data-end=\"1464\"><strong data-start=\"1369\" data-end=\"1385\">Polyvalence <\/strong>: Id\u00e9al pour les cours, spectacles, \u00e9v\u00e9nements culturels ou s\u00e9ances photo.<\/p>\n<\/li>\n<li data-start=\"1465\" data-end=\"1554\">\n<p data-start=\"1467\" data-end=\"1554\"><strong data-start=\"1467\" data-end=\"1487\">Mati\u00e8re premium<\/strong> : Dentelle extensible confortable et durable, parfaite pour un usage fr\u00e9quent.<\/p>\n<\/li>\n<li data-start=\"1555\" data-end=\"1658\">\n<p data-start=\"1557\" data-end=\"1658\"><strong data-start=\"1557\" data-end=\"1579\">Confort absolu <\/strong>: Libert\u00e9 de mouvement indispensable \u00e0 la danse orientale et \u00e0 la danse du ventre.<\/p>\n<\/li>\n<\/ul>\n<h3 data-start=\"1660\" data-end=\"1689\">\ud83d\udc8e <strong data-start=\"1667\" data-end=\"1687\">Compl\u00e9tez Votre Look<\/strong><\/h3>\n<p data-start=\"1690\" data-end=\"1816\">Associez-le \u00e0 nos <a href=\"https:\/\/neylaropadedanza.es\/fr\/accessoires\/\">accessoires exclusifs <\/a>: ceintures, bracelets et plus encore pour magnifier votre tenue.<\/p>\n<p data-start=\"1818\" data-end=\"1944\">L\u2019<strong data-start=\"1821\" data-end=\"1840\">ensemble Sakina<\/strong> n\u2019est pas seulement une tenue \u2013 <strong data-start=\"1864\" data-end=\"1941\">c\u2019est un outil pour mettre en valeur votre talent et briller \u00e0 chaque prestation.<\/strong><\/p>\n","protected":false},"excerpt":{"rendered":"<p>Fran\u00e7ais \u2013 Ensemble Sakina \u2013 L\u2019alliance parfaite d\u2019\u00e9l\u00e9gance et de mouvement pour la danse orientale \ud83d\udc83\u2728 L\u2019ensemble Sakina est le choix id\u00e9al pour les danseuses orientales et de danse du ventre recherchant une tenue alliant confort, style et polyvalence. Con\u00e7u en dentelle de haute qualit\u00e9 dans un superbe coloris fuchsia, cet ensemble deux pi\u00e8ces est [&hellip;]<\/p>\n","protected":false},"featured_media":19899,"comment_status":"open","ping_status":"closed","template":"","meta":{"content-type":"","_monsterinsights_skip_tracking":false,"_monsterinsights_sitenote_active":false,"_monsterinsights_sitenote_note":"","_monsterinsights_sitenote_category":0,"_uf_show_specific_survey":0,"_uf_disable_surveys":false},"product_brand":[],"product_cat":[973,969],"product_tag":[1104,1098,1860,1856,1859,1861,1857,1858,1194,1108,1307,1305],"class_list":{"0":"post-19902","1":"product","2":"type-product","3":"status-publish","4":"has-post-thumbnail","6":"product_cat-ensambles","7":"product_cat-vetements-dentrainement","8":"product_tag-costume-de-danse-orientale","9":"product_tag-ensemble","10":"product_tag-ensemble-dentrainement","11":"product_tag-ensemble-danse-orientale","12":"product_tag-ensemble-de-scene","13":"product_tag-ensemble-de-spectacle","14":"product_tag-ensemble-en-dentelle","15":"product_tag-ensemble-fuchsia","16":"product_tag-fuchsia-fr","17":"product_tag-tenue-dentrainement","18":"product_tag-vetements-dentrainement","19":"product_tag-vetements-de-danse-du-ventre-fr","20":"product_shipping_class-standard-fr","22":"first","23":"instock","24":"sale","25":"taxable","26":"shipping-taxable","27":"purchasable","28":"product-type-variable","29":"add-to-wishlist-after_add_to_cart"},"yoast_head":"<!-- This site is optimized with the Yoast SEO plugin v26.6 - https:\/\/yoast.com\/wordpress\/plugins\/seo\/ -->\n<title>Sakina - Neyla Dancewear - V\u00eatements de danse du ventre<\/title>\n<meta name=\"description\" content=\"Ensemble Sakina en dentelle fuchsia avec top \u00e0 manches courtes \u00e0 volants et jupe asym\u00e9trique en dentelle fluide.\" \/>\n<meta name=\"robots\" content=\"index, follow, max-snippet:-1, max-image-preview:large, max-video-preview:-1\" \/>\n<link rel=\"canonical\" href=\"https:\/\/neylaropadedanza.es\/fr\/product\/sakina\/\" \/>\n<meta property=\"og:locale\" content=\"fr_FR\" \/>\n<meta property=\"og:type\" content=\"article\" \/>\n<meta property=\"og:title\" content=\"Sakina - Neyla Dancewear - V\u00eatements de danse du ventre\" \/>\n<meta property=\"og:description\" content=\"Ensemble Sakina en dentelle fuchsia avec top \u00e0 manches courtes \u00e0 volants et jupe asym\u00e9trique en dentelle fluide.\" \/>\n<meta property=\"og:url\" content=\"https:\/\/neylaropadedanza.es\/fr\/product\/sakina\/\" \/>\n<meta property=\"og:site_name\" content=\"Neyla Dancewear\" \/>\n<meta property=\"article:publisher\" content=\"https:\/\/www.facebook.com\/neyladancewear\/\" \/>\n<meta property=\"article:modified_time\" content=\"2023-10-20T14:01:19+00:00\" \/>\n<meta property=\"og:image\" content=\"https:\/\/neylaropadedanza.es\/wp-content\/uploads\/2023\/10\/Ropa-de-Danza-del-Vientre_Sakina.jpg\" \/>\n\t<meta property=\"og:image:width\" content=\"1107\" \/>\n\t<meta property=\"og:image:height\" content=\"1100\" \/>\n\t<meta property=\"og:image:type\" content=\"image\/jpeg\" \/>\n<meta name=\"twitter:card\" content=\"summary_large_image\" \/>\n<meta name=\"twitter:label1\" content=\"Dur\u00e9e de lecture estim\u00e9e\" \/>\n\t<meta name=\"twitter:data1\" content=\"1 minute\" \/>\n<script type=\"application\/ld+json\" class=\"yoast-schema-graph\">{\"@context\":\"https:\/\/schema.org\",\"@graph\":[{\"@type\":\"WebPage\",\"@id\":\"https:\/\/neylaropadedanza.es\/fr\/product\/sakina\/\",\"url\":\"https:\/\/neylaropadedanza.es\/fr\/product\/sakina\/\",\"name\":\"Sakina - Neyla Dancewear - V\u00eatements de danse du ventre\",\"isPartOf\":{\"@id\":\"https:\/\/neylaropadedanza.com\/#website\"},\"primaryImageOfPage\":{\"@id\":\"https:\/\/neylaropadedanza.es\/fr\/product\/sakina\/#primaryimage\"},\"image\":{\"@id\":\"https:\/\/neylaropadedanza.es\/fr\/product\/sakina\/#primaryimage\"},\"thumbnailUrl\":\"https:\/\/neylaropadedanza.es\/wp-content\/uploads\/2023\/10\/Ropa-de-Danza-del-Vientre_Sakina.jpg\",\"datePublished\":\"2023-10-20T12:01:19+00:00\",\"dateModified\":\"2023-10-20T14:01:19+00:00\",\"description\":\"Ensemble Sakina en dentelle fuchsia avec top \u00e0 manches courtes \u00e0 volants et jupe asym\u00e9trique en dentelle fluide.\",\"breadcrumb\":{\"@id\":\"https:\/\/neylaropadedanza.es\/fr\/product\/sakina\/#breadcrumb\"},\"inLanguage\":\"fr-FR\",\"potentialAction\":[{\"@type\":\"ReadAction\",\"target\":[\"https:\/\/neylaropadedanza.es\/fr\/product\/sakina\/\"]}]},{\"@type\":\"ImageObject\",\"inLanguage\":\"fr-FR\",\"@id\":\"https:\/\/neylaropadedanza.es\/fr\/product\/sakina\/#primaryimage\",\"url\":\"https:\/\/neylaropadedanza.es\/wp-content\/uploads\/2023\/10\/Ropa-de-Danza-del-Vientre_Sakina.jpg\",\"contentUrl\":\"https:\/\/neylaropadedanza.es\/wp-content\/uploads\/2023\/10\/Ropa-de-Danza-del-Vientre_Sakina.jpg\",\"width\":1107,\"height\":1100,\"caption\":\"Ensemble Sakina en dentelle fuchsia pour danse orientale et danse du ventre\"},{\"@type\":\"BreadcrumbList\",\"@id\":\"https:\/\/neylaropadedanza.es\/fr\/product\/sakina\/#breadcrumb\",\"itemListElement\":[{\"@type\":\"ListItem\",\"position\":1,\"name\":\"Home\",\"item\":\"https:\/\/neylaropadedanza.es\/fr\/\"},{\"@type\":\"ListItem\",\"position\":2,\"name\":\"Produits\",\"item\":\"https:\/\/neylaropadedanza.es\/fr\/shop\/\"},{\"@type\":\"ListItem\",\"position\":3,\"name\":\"Sakina\"}]},{\"@type\":\"WebSite\",\"@id\":\"https:\/\/neylaropadedanza.com\/#website\",\"url\":\"https:\/\/neylaropadedanza.com\/\",\"name\":\"NeylaRopaDeDanza\",\"description\":\"Ropa de Danza del Vientre, danza oriental, trajes, ropa de ensayo y mucho m\u00e1s!\",\"publisher\":{\"@id\":\"https:\/\/neylaropadedanza.com\/#organization\"},\"potentialAction\":[{\"@type\":\"SearchAction\",\"target\":{\"@type\":\"EntryPoint\",\"urlTemplate\":\"https:\/\/neylaropadedanza.com\/?s={search_term_string}\"},\"query-input\":{\"@type\":\"PropertyValueSpecification\",\"valueRequired\":true,\"valueName\":\"search_term_string\"}}],\"inLanguage\":\"fr-FR\"},{\"@type\":\"Organization\",\"@id\":\"https:\/\/neylaropadedanza.com\/#organization\",\"name\":\"NeylaRopaDeDanza\",\"url\":\"https:\/\/neylaropadedanza.com\/\",\"logo\":{\"@type\":\"ImageObject\",\"inLanguage\":\"fr-FR\",\"@id\":\"https:\/\/neylaropadedanza.com\/#\/schema\/logo\/image\/\",\"url\":\"https:\/\/neylaropadedanza.es\/wp-content\/uploads\/2025\/04\/Neyla-Blanc.webp\",\"contentUrl\":\"https:\/\/neylaropadedanza.es\/wp-content\/uploads\/2025\/04\/Neyla-Blanc.webp\",\"width\":1970,\"height\":936,\"caption\":\"NeylaRopaDeDanza\"},\"image\":{\"@id\":\"https:\/\/neylaropadedanza.com\/#\/schema\/logo\/image\/\"},\"sameAs\":[\"https:\/\/www.facebook.com\/neyladancewear\/\",\"https:\/\/www.instagram.com\/neyladancewear\/\",\"https:\/\/www.youtube.com\/channel\/UCKlqrANcZD0QqKXzpy4taWA?view_as=subscriber\"]}]}<\/script>\n<!-- \/ Yoast SEO plugin. -->","yoast_head_json":{"title":"Sakina - Neyla Dancewear - V\u00eatements de danse du ventre","description":"Ensemble Sakina en dentelle fuchsia avec top \u00e0 manches courtes \u00e0 volants et jupe asym\u00e9trique en dentelle fluide.","robots":{"index":"index","follow":"follow","max-snippet":"max-snippet:-1","max-image-preview":"max-image-preview:large","max-video-preview":"max-video-preview:-1"},"canonical":"https:\/\/neylaropadedanza.es\/fr\/product\/sakina\/","og_locale":"fr_FR","og_type":"article","og_title":"Sakina - Neyla Dancewear - V\u00eatements de danse du ventre","og_description":"Ensemble Sakina en dentelle fuchsia avec top \u00e0 manches courtes \u00e0 volants et jupe asym\u00e9trique en dentelle fluide.","og_url":"https:\/\/neylaropadedanza.es\/fr\/product\/sakina\/","og_site_name":"Neyla Dancewear","article_publisher":"https:\/\/www.facebook.com\/neyladancewear\/","article_modified_time":"2023-10-20T14:01:19+00:00","og_image":[{"width":1107,"height":1100,"url":"https:\/\/neylaropadedanza.es\/wp-content\/uploads\/2023\/10\/Ropa-de-Danza-del-Vientre_Sakina.jpg","type":"image\/jpeg"}],"twitter_card":"summary_large_image","twitter_misc":{"Dur\u00e9e de lecture estim\u00e9e":"1 minute"},"schema":{"@context":"https:\/\/schema.org","@graph":[{"@type":"WebPage","@id":"https:\/\/neylaropadedanza.es\/fr\/product\/sakina\/","url":"https:\/\/neylaropadedanza.es\/fr\/product\/sakina\/","name":"Sakina - Neyla Dancewear - V\u00eatements de danse du ventre","isPartOf":{"@id":"https:\/\/neylaropadedanza.com\/#website"},"primaryImageOfPage":{"@id":"https:\/\/neylaropadedanza.es\/fr\/product\/sakina\/#primaryimage"},"image":{"@id":"https:\/\/neylaropadedanza.es\/fr\/product\/sakina\/#primaryimage"},"thumbnailUrl":"https:\/\/neylaropadedanza.es\/wp-content\/uploads\/2023\/10\/Ropa-de-Danza-del-Vientre_Sakina.jpg","datePublished":"2023-10-20T12:01:19+00:00","dateModified":"2023-10-20T14:01:19+00:00","description":"Ensemble Sakina en dentelle fuchsia avec top \u00e0 manches courtes \u00e0 volants et jupe asym\u00e9trique en dentelle fluide.","breadcrumb":{"@id":"https:\/\/neylaropadedanza.es\/fr\/product\/sakina\/#breadcrumb"},"inLanguage":"fr-FR","potentialAction":[{"@type":"ReadAction","target":["https:\/\/neylaropadedanza.es\/fr\/product\/sakina\/"]}]},{"@type":"ImageObject","inLanguage":"fr-FR","@id":"https:\/\/neylaropadedanza.es\/fr\/product\/sakina\/#primaryimage","url":"https:\/\/neylaropadedanza.es\/wp-content\/uploads\/2023\/10\/Ropa-de-Danza-del-Vientre_Sakina.jpg","contentUrl":"https:\/\/neylaropadedanza.es\/wp-content\/uploads\/2023\/10\/Ropa-de-Danza-del-Vientre_Sakina.jpg","width":1107,"height":1100,"caption":"Ensemble Sakina en dentelle fuchsia pour danse orientale et danse du ventre"},{"@type":"BreadcrumbList","@id":"https:\/\/neylaropadedanza.es\/fr\/product\/sakina\/#breadcrumb","itemListElement":[{"@type":"ListItem","position":1,"name":"Home","item":"https:\/\/neylaropadedanza.es\/fr\/"},{"@type":"ListItem","position":2,"name":"Produits","item":"https:\/\/neylaropadedanza.es\/fr\/shop\/"},{"@type":"ListItem","position":3,"name":"Sakina"}]},{"@type":"WebSite","@id":"https:\/\/neylaropadedanza.com\/#website","url":"https:\/\/neylaropadedanza.com\/","name":"NeylaRopaDeDanza","description":"Ropa de Danza del Vientre, danza oriental, trajes, ropa de ensayo y mucho m\u00e1s!","publisher":{"@id":"https:\/\/neylaropadedanza.com\/#organization"},"potentialAction":[{"@type":"SearchAction","target":{"@type":"EntryPoint","urlTemplate":"https:\/\/neylaropadedanza.com\/?s={search_term_string}"},"query-input":{"@type":"PropertyValueSpecification","valueRequired":true,"valueName":"search_term_string"}}],"inLanguage":"fr-FR"},{"@type":"Organization","@id":"https:\/\/neylaropadedanza.com\/#organization","name":"NeylaRopaDeDanza","url":"https:\/\/neylaropadedanza.com\/","logo":{"@type":"ImageObject","inLanguage":"fr-FR","@id":"https:\/\/neylaropadedanza.com\/#\/schema\/logo\/image\/","url":"https:\/\/neylaropadedanza.es\/wp-content\/uploads\/2025\/04\/Neyla-Blanc.webp","contentUrl":"https:\/\/neylaropadedanza.es\/wp-content\/uploads\/2025\/04\/Neyla-Blanc.webp","width":1970,"height":936,"caption":"NeylaRopaDeDanza"},"image":{"@id":"https:\/\/neylaropadedanza.com\/#\/schema\/logo\/image\/"},"sameAs":["https:\/\/www.facebook.com\/neyladancewear\/","https:\/\/www.instagram.com\/neyladancewear\/","https:\/\/www.youtube.com\/channel\/UCKlqrANcZD0QqKXzpy4taWA?view_as=subscriber"]}]}},"_links":{"self":[{"href":"https:\/\/neylaropadedanza.es\/fr\/wp-json\/wp\/v2\/product\/19902","targetHints":{"allow":["GET"]}}],"collection":[{"href":"https:\/\/neylaropadedanza.es\/fr\/wp-json\/wp\/v2\/product"}],"about":[{"href":"https:\/\/neylaropadedanza.es\/fr\/wp-json\/wp\/v2\/types\/product"}],"replies":[{"embeddable":true,"href":"https:\/\/neylaropadedanza.es\/fr\/wp-json\/wp\/v2\/comments?post=19902"}],"version-history":[{"count":0,"href":"https:\/\/neylaropadedanza.es\/fr\/wp-json\/wp\/v2\/product\/19902\/revisions"}],"wp:featuredmedia":[{"embeddable":true,"href":"https:\/\/neylaropadedanza.es\/fr\/wp-json\/wp\/v2\/media\/19899"}],"wp:attachment":[{"href":"https:\/\/neylaropadedanza.es\/fr\/wp-json\/wp\/v2\/media?parent=19902"}],"wp:term":[{"taxonomy":"product_brand","embeddable":true,"href":"https:\/\/neylaropadedanza.es\/fr\/wp-json\/wp\/v2\/product_brand?post=19902"},{"taxonomy":"product_cat","embeddable":true,"href":"https:\/\/neylaropadedanza.es\/fr\/wp-json\/wp\/v2\/product_cat?post=19902"},{"taxonomy":"product_tag","embeddable":true,"href":"https:\/\/neylaropadedanza.es\/fr\/wp-json\/wp\/v2\/product_tag?post=19902"}],"curies":[{"name":"wp","href":"https:\/\/api.w.org\/{rel}","templated":true}]}}