{"id":19648,"date":"2017-11-24T19:52:29","date_gmt":"2017-11-24T19:52:29","guid":{"rendered":"https:\/\/neylaropadedanza.es\/product\/coupes-egyptiennes-ou-soutiens-gorge\/"},"modified":"2017-11-24T19:52:29","modified_gmt":"2017-11-24T19:52:29","slug":"coupes-egyptiennes-ou-soutiens-gorge","status":"publish","type":"product","link":"https:\/\/neylaropadedanza.es\/fr\/product\/coupes-egyptiennes-ou-soutiens-gorge\/","title":{"rendered":"Coupes \u00e9gyptiennes ou soutiens-gorge"},"content":{"rendered":"<div class=\"grey-p\">\n<h2 data-start=\"328\" data-end=\"430\">Coupes \u00e9gyptiennes ou soutiens-gorge \u2013 La base parfaite pour cr\u00e9er votre costume de danse du ventre unique \u2728\ud83d\udc59<\/h2>\n<p data-start=\"432\" data-end=\"966\">Les <strong data-start=\"436\" data-end=\"468\">coupes \u00e9gyptiennes ou soutiens-gorge <\/strong>sont la pi\u00e8ce essentielle pour concevoir et fabriquer votre propre costume de danse du ventre avec un style authentique et professionnel. Disponibles en diff\u00e9rentes formes et finitions, ces soutiens-gorge sont con\u00e7us pour \u00eatre recouverts et d\u00e9cor\u00e9s selon vos go\u00fbts, vous offrant une libert\u00e9 totale pour cr\u00e9er un design personnalis\u00e9 et spectaculaire qui refl\u00e8te votre essence de danseuse. Chez Neyla Dancewear, nous s\u00e9lectionnons soigneusement des coupes \u00e9gyptiennes de haute qualit\u00e9 pour garantir que votre costume soit impeccable et durable. \ud83c\udf1f\ud83c\udfa8   <\/p>\n<p data-start=\"968\" data-end=\"1308\">Nos soutiens-gorge \u00e9gyptiens disposent de bonnets DINA et sont disponibles en blanc et couleur chair (ocre). Les bretelles \u00e9lastiques doubles au dos assurent un ajustement confortable et s\u00e9curis\u00e9, vous permettant de danser avec une totale libert\u00e9 et confiance. Les fermetures ne sont pas incluses pour que vous puissiez les adapter parfaitement \u00e0 votre design et \u00e0 vos besoins. \ud83e\ude71\u2728   <\/p>\n<p data-start=\"1310\" data-end=\"1579\">Si vous pr\u00e9f\u00e9rez une couleur sp\u00e9cifique, blanc ou chair, vous pouvez le sp\u00e9cifier lors de votre commande ou nous contacter par e-mail \u00e0 <a class=\"cursor-pointer\" rel=\"noopener\" data-start=\"1437\" data-end=\"1474\">atencionalcliente@neylaropadedanza.es<\/a> ou via notre formulaire de contact. Les envois se feront dans une couleur al\u00e9atoire sauf si vous pr\u00e9cisez votre pr\u00e9f\u00e9rence. <\/p>\n<h3 data-start=\"1586\" data-end=\"1620\">Comment calculer votre taille \u00e9gyptienne<\/h3>\n<p data-start=\"1622\" data-end=\"1749\">Pour choisir la taille id\u00e9ale, mesurez le bonnet d\u2019un soutien-gorge que vous portez habituellement et consultez l\u2019\u00e9quivalence dans le tableau suivant :<\/p>\n<p><img fetchpriority=\"high\" decoding=\"async\" class=\"aligncenter wp-image-7897\" src=\"https:\/\/neylaropadedanza.es\/wp-content\/uploads\/2023\/09\/Dibujo-copia-scaled-1.jpg\" alt=\"\" width=\"477\" height=\"357\" srcset=\"https:\/\/neylaropadedanza.es\/wp-content\/uploads\/2023\/09\/Dibujo-copia-scaled-1.jpg 2560w, https:\/\/neylaropadedanza.es\/wp-content\/uploads\/2023\/09\/Dibujo-copia-scaled-1-300x225.jpg 300w, https:\/\/neylaropadedanza.es\/wp-content\/uploads\/2023\/09\/Dibujo-copia-scaled-1-1024x767.jpg 1024w, https:\/\/neylaropadedanza.es\/wp-content\/uploads\/2023\/09\/Dibujo-copia-scaled-1-768x575.jpg 768w, https:\/\/neylaropadedanza.es\/wp-content\/uploads\/2023\/09\/Dibujo-copia-scaled-1-1536x1150.jpg 1536w, https:\/\/neylaropadedanza.es\/wp-content\/uploads\/2023\/09\/Dibujo-copia-scaled-1-2048x1534.jpg 2048w, https:\/\/neylaropadedanza.es\/wp-content\/uploads\/2023\/09\/Dibujo-copia-scaled-1-600x449.jpg 600w\" sizes=\"(max-width: 477px) 100vw, 477px\" \/><\/p>\n<div><\/div>\n<div><\/div>\n<div>\n<table style=\"height: 162px; width: 100%;\" width=\"316\">\n<tbody>\n<tr style=\"height: 27px;\">\n<td style=\"width: 150px; height: 27px;\"><strong>Mesures Soutien-Gorge \u00c9gyptien<\/strong><\/td>\n<td style=\"width: 150px; text-align: center; height: 27px;\"><strong>Taille \u00c9gyptienne<\/strong><\/td>\n<\/tr>\n<tr style=\"height: 27px;\">\n<td style=\"width: 150px; height: 27px;\">L. 13,5 cm H. 16 cm<\/td>\n<td style=\"width: 150px; text-align: center; height: 27px;\">B<\/td>\n<\/tr>\n<tr style=\"height: 27px;\">\n<td style=\"width: 150px; height: 27px;\">L. 16 cm H. 18 cm<\/td>\n<td style=\"width: 150px; text-align: center; height: 27px;\">C<\/td>\n<\/tr>\n<tr style=\"height: 27px;\">\n<td style=\"width: 150px; height: 27px;\">L. 17 cm H. 19 cm<\/td>\n<td style=\"width: 150px; text-align: center; height: 27px;\">D<\/td>\n<\/tr>\n<tr style=\"height: 27px;\">\n<td style=\"width: 150px; height: 27px;\">L. 18,5 cm H. 20 cm<\/td>\n<td style=\"width: 150px; text-align: center; height: 27px;\">E<\/td>\n<\/tr>\n<tr style=\"height: 27px;\">\n<td style=\"width: 150px; height: 27px;\">L. 21cm H. 23cm<\/td>\n<td style=\"width: 150px; text-align: center; height: 27px;\">F<\/td>\n<\/tr>\n<\/tbody>\n<\/table>\n<\/div>\n<div class=\"grey-p\">\n<div><\/div>\n<div class=\"clearfix\">Les tailles \u00e9gyptiennes vont de A \u00e0 F. Nous recommandons de choisir un soutien-gorge \u00e9gyptien l\u00e9g\u00e8rement plus grand pour garantir le confort et la possibilit\u00e9 d\u2019ajouter un rembourrage si vous le souhaitez.<\/div>\n<\/div>\n<h3 data-start=\"2252\" data-end=\"2290\">Qualit\u00e9, service et disponibilit\u00e9<\/h3>\n<p data-start=\"2292\" data-end=\"2598\">Chez Neyla Dancewear, nous nous engageons \u00e0 offrir des produits de la plus haute qualit\u00e9, fabriqu\u00e9s avec des mat\u00e9riaux durables con\u00e7us pour vous accompagner dans chaque mouvement avec style et confort. Nous disposons de tailles pour toutes les danseuses, et les d\u00e9lais de livraison peuvent varier en fonction de la disponibilit\u00e9 des stocks. <\/p>\n<p data-start=\"2605\" data-end=\"2836\">Concevez votre costume de danse du ventre \u00e0 partir de la base avec les<strong data-start=\"2664\" data-end=\"2696\"> coupes \u00e9gyptiennes<\/strong> ou soutiens-gorge de Neyla Dancewear et laissez libre cours \u00e0 votre cr\u00e9ativit\u00e9 pour obtenir un ensemble unique et in\u00e9gal\u00e9. Commencez d\u00e8s aujourd\u2019hui et brillez \u00e0 chaque pas ! \ud83d\udc83\ud83d\udc51  <\/p>\n<\/div>\n","protected":false},"excerpt":{"rendered":"<p>Coupes \u00e9gyptiennes ou soutiens-gorge \u2013 La base parfaite pour cr\u00e9er votre costume de danse du ventre unique \u2728\ud83d\udc59 Les coupes \u00e9gyptiennes ou soutiens-gorge sont la pi\u00e8ce essentielle pour concevoir et fabriquer votre propre costume de danse du ventre avec un style authentique et professionnel. Disponibles en diff\u00e9rentes formes et finitions, ces soutiens-gorge sont con\u00e7us pour [&hellip;]<\/p>\n","protected":false},"featured_media":17456,"comment_status":"open","ping_status":"closed","template":"","meta":{"content-type":"","_monsterinsights_skip_tracking":false,"_monsterinsights_sitenote_active":false,"_monsterinsights_sitenote_note":"","_monsterinsights_sitenote_category":0,"_uf_show_specific_survey":0,"_uf_disable_surveys":false},"product_brand":[],"product_cat":[950,959],"product_tag":[1359,1120,1403,1136,1086,1305],"class_list":{"0":"post-19648","1":"product","2":"type-product","3":"status-publish","4":"has-post-thumbnail","6":"product_cat-accessoires","7":"product_cat-do-it-yourself-fr","8":"product_tag-costume-de-danse-du-ventre","9":"product_tag-danse-du-ventre","10":"product_tag-danse-orientale","11":"product_tag-egyptien","12":"product_tag-soutiens-gorge-egyptiens","13":"product_tag-vetements-de-danse-du-ventre-fr","14":"product_shipping_class-standard-fr","16":"first","17":"instock","18":"sale","19":"taxable","20":"shipping-taxable","21":"purchasable","22":"product-type-variable","23":"add-to-wishlist-after_add_to_cart"},"yoast_head":"<!-- This site is optimized with the Yoast SEO plugin v26.6 - https:\/\/yoast.com\/wordpress\/plugins\/seo\/ -->\n<title>Coques ou soutiens-gorge \u00e9gyptiens \u2013 V\u00eatements de danse orientale<\/title>\n<meta name=\"description\" content=\"Les coques ou soutiens-gorge \u00e9gyptiens sont parfaits pour cr\u00e9er votre propre costume de danse orientale ou de danse du ventre ! Il vous suffit de les recouvrir de tissu et de les d\u00e9corer, et vous aurez cr\u00e9\u00e9 votre costume ! Chez Neyla Ropa de Danza, vous trouverez des accessoires et des v\u00eatements de danse orientale.\" \/>\n<meta name=\"robots\" content=\"index, follow, max-snippet:-1, max-image-preview:large, max-video-preview:-1\" \/>\n<link rel=\"canonical\" href=\"https:\/\/neylaropadedanza.es\/fr\/product\/coupes-egyptiennes-ou-soutiens-gorge\/\" \/>\n<meta property=\"og:locale\" content=\"fr_FR\" \/>\n<meta property=\"og:type\" content=\"article\" \/>\n<meta property=\"og:title\" content=\"Coques ou soutiens-gorge \u00e9gyptiens \u2013 V\u00eatements de danse orientale\" \/>\n<meta property=\"og:description\" content=\"Les coques ou soutiens-gorge \u00e9gyptiens sont parfaits pour cr\u00e9er votre propre costume de danse orientale ou de danse du ventre ! Il vous suffit de les recouvrir de tissu et de les d\u00e9corer, et vous aurez cr\u00e9\u00e9 votre costume ! Chez Neyla Ropa de Danza, vous trouverez des accessoires et des v\u00eatements de danse orientale.\" \/>\n<meta property=\"og:url\" content=\"https:\/\/neylaropadedanza.es\/fr\/product\/coupes-egyptiennes-ou-soutiens-gorge\/\" \/>\n<meta property=\"og:site_name\" content=\"Neyla Dancewear\" \/>\n<meta property=\"article:publisher\" content=\"https:\/\/www.facebook.com\/neyladancewear\/\" \/>\n<meta property=\"og:image\" content=\"https:\/\/neylaropadedanza.com\/wp-content\/uploads\/2019\/01\/Cocos-Egipcios-Formas.jpg\" \/>\n\t<meta property=\"og:image:width\" content=\"1024\" \/>\n\t<meta property=\"og:image:height\" content=\"937\" \/>\n\t<meta property=\"og:image:type\" content=\"image\/jpeg\" \/>\n<meta name=\"twitter:card\" content=\"summary_large_image\" \/>\n<meta name=\"twitter:label1\" content=\"Dur\u00e9e de lecture estim\u00e9e\" \/>\n\t<meta name=\"twitter:data1\" content=\"2 minutes\" \/>\n<script type=\"application\/ld+json\" class=\"yoast-schema-graph\">{\"@context\":\"https:\/\/schema.org\",\"@graph\":[{\"@type\":\"WebPage\",\"@id\":\"https:\/\/neylaropadedanza.es\/fr\/product\/coupes-egyptiennes-ou-soutiens-gorge\/\",\"url\":\"https:\/\/neylaropadedanza.es\/fr\/product\/coupes-egyptiennes-ou-soutiens-gorge\/\",\"name\":\"Coques ou soutiens-gorge \u00e9gyptiens \u2013 V\u00eatements de danse orientale\",\"isPartOf\":{\"@id\":\"https:\/\/neylaropadedanza.com\/#website\"},\"primaryImageOfPage\":{\"@id\":\"https:\/\/neylaropadedanza.es\/fr\/product\/coupes-egyptiennes-ou-soutiens-gorge\/#primaryimage\"},\"image\":{\"@id\":\"https:\/\/neylaropadedanza.es\/fr\/product\/coupes-egyptiennes-ou-soutiens-gorge\/#primaryimage\"},\"thumbnailUrl\":\"https:\/\/neylaropadedanza.es\/wp-content\/uploads\/2019\/01\/Cocos-Egipcios-Formas.jpg\",\"datePublished\":\"2017-11-24T19:52:29+00:00\",\"description\":\"Les coques ou soutiens-gorge \u00e9gyptiens sont parfaits pour cr\u00e9er votre propre costume de danse orientale ou de danse du ventre ! Il vous suffit de les recouvrir de tissu et de les d\u00e9corer, et vous aurez cr\u00e9\u00e9 votre costume ! Chez Neyla Ropa de Danza, vous trouverez des accessoires et des v\u00eatements de danse orientale.\",\"breadcrumb\":{\"@id\":\"https:\/\/neylaropadedanza.es\/fr\/product\/coupes-egyptiennes-ou-soutiens-gorge\/#breadcrumb\"},\"inLanguage\":\"fr-FR\",\"potentialAction\":[{\"@type\":\"ReadAction\",\"target\":[\"https:\/\/neylaropadedanza.es\/fr\/product\/coupes-egyptiennes-ou-soutiens-gorge\/\"]}]},{\"@type\":\"ImageObject\",\"inLanguage\":\"fr-FR\",\"@id\":\"https:\/\/neylaropadedanza.es\/fr\/product\/coupes-egyptiennes-ou-soutiens-gorge\/#primaryimage\",\"url\":\"https:\/\/neylaropadedanza.es\/wp-content\/uploads\/2019\/01\/Cocos-Egipcios-Formas.jpg\",\"contentUrl\":\"https:\/\/neylaropadedanza.es\/wp-content\/uploads\/2019\/01\/Cocos-Egipcios-Formas.jpg\",\"width\":1024,\"height\":937,\"caption\":\"Los Cocos o Sujetadores Egipcios son perfectos para crear tu propio traje de danza del vientre! Solo necesitas forrarlo con tela y decorarlos y habr\u00e1s creado tu traje!\"},{\"@type\":\"BreadcrumbList\",\"@id\":\"https:\/\/neylaropadedanza.es\/fr\/product\/coupes-egyptiennes-ou-soutiens-gorge\/#breadcrumb\",\"itemListElement\":[{\"@type\":\"ListItem\",\"position\":1,\"name\":\"Home\",\"item\":\"https:\/\/neylaropadedanza.es\/fr\/\"},{\"@type\":\"ListItem\",\"position\":2,\"name\":\"Produits\",\"item\":\"https:\/\/neylaropadedanza.es\/fr\/shop\/\"},{\"@type\":\"ListItem\",\"position\":3,\"name\":\"Coupes \u00e9gyptiennes ou soutiens-gorge\"}]},{\"@type\":\"WebSite\",\"@id\":\"https:\/\/neylaropadedanza.com\/#website\",\"url\":\"https:\/\/neylaropadedanza.com\/\",\"name\":\"NeylaRopaDeDanza\",\"description\":\"Ropa de Danza del Vientre, danza oriental, trajes, ropa de ensayo y mucho m\u00e1s!\",\"publisher\":{\"@id\":\"https:\/\/neylaropadedanza.com\/#organization\"},\"potentialAction\":[{\"@type\":\"SearchAction\",\"target\":{\"@type\":\"EntryPoint\",\"urlTemplate\":\"https:\/\/neylaropadedanza.com\/?s={search_term_string}\"},\"query-input\":{\"@type\":\"PropertyValueSpecification\",\"valueRequired\":true,\"valueName\":\"search_term_string\"}}],\"inLanguage\":\"fr-FR\"},{\"@type\":\"Organization\",\"@id\":\"https:\/\/neylaropadedanza.com\/#organization\",\"name\":\"NeylaRopaDeDanza\",\"url\":\"https:\/\/neylaropadedanza.com\/\",\"logo\":{\"@type\":\"ImageObject\",\"inLanguage\":\"fr-FR\",\"@id\":\"https:\/\/neylaropadedanza.com\/#\/schema\/logo\/image\/\",\"url\":\"https:\/\/neylaropadedanza.es\/wp-content\/uploads\/2025\/04\/Neyla-Blanc.webp\",\"contentUrl\":\"https:\/\/neylaropadedanza.es\/wp-content\/uploads\/2025\/04\/Neyla-Blanc.webp\",\"width\":1970,\"height\":936,\"caption\":\"NeylaRopaDeDanza\"},\"image\":{\"@id\":\"https:\/\/neylaropadedanza.com\/#\/schema\/logo\/image\/\"},\"sameAs\":[\"https:\/\/www.facebook.com\/neyladancewear\/\",\"https:\/\/www.instagram.com\/neyladancewear\/\",\"https:\/\/www.youtube.com\/channel\/UCKlqrANcZD0QqKXzpy4taWA?view_as=subscriber\"]}]}<\/script>\n<!-- \/ Yoast SEO plugin. -->","yoast_head_json":{"title":"Coques ou soutiens-gorge \u00e9gyptiens \u2013 V\u00eatements de danse orientale","description":"Les coques ou soutiens-gorge \u00e9gyptiens sont parfaits pour cr\u00e9er votre propre costume de danse orientale ou de danse du ventre ! Il vous suffit de les recouvrir de tissu et de les d\u00e9corer, et vous aurez cr\u00e9\u00e9 votre costume ! Chez Neyla Ropa de Danza, vous trouverez des accessoires et des v\u00eatements de danse orientale.","robots":{"index":"index","follow":"follow","max-snippet":"max-snippet:-1","max-image-preview":"max-image-preview:large","max-video-preview":"max-video-preview:-1"},"canonical":"https:\/\/neylaropadedanza.es\/fr\/product\/coupes-egyptiennes-ou-soutiens-gorge\/","og_locale":"fr_FR","og_type":"article","og_title":"Coques ou soutiens-gorge \u00e9gyptiens \u2013 V\u00eatements de danse orientale","og_description":"Les coques ou soutiens-gorge \u00e9gyptiens sont parfaits pour cr\u00e9er votre propre costume de danse orientale ou de danse du ventre ! Il vous suffit de les recouvrir de tissu et de les d\u00e9corer, et vous aurez cr\u00e9\u00e9 votre costume ! Chez Neyla Ropa de Danza, vous trouverez des accessoires et des v\u00eatements de danse orientale.","og_url":"https:\/\/neylaropadedanza.es\/fr\/product\/coupes-egyptiennes-ou-soutiens-gorge\/","og_site_name":"Neyla Dancewear","article_publisher":"https:\/\/www.facebook.com\/neyladancewear\/","og_image":[{"width":1024,"height":937,"url":"https:\/\/neylaropadedanza.com\/wp-content\/uploads\/2019\/01\/Cocos-Egipcios-Formas.jpg","type":"image\/jpeg"}],"twitter_card":"summary_large_image","twitter_misc":{"Dur\u00e9e de lecture estim\u00e9e":"2 minutes"},"schema":{"@context":"https:\/\/schema.org","@graph":[{"@type":"WebPage","@id":"https:\/\/neylaropadedanza.es\/fr\/product\/coupes-egyptiennes-ou-soutiens-gorge\/","url":"https:\/\/neylaropadedanza.es\/fr\/product\/coupes-egyptiennes-ou-soutiens-gorge\/","name":"Coques ou soutiens-gorge \u00e9gyptiens \u2013 V\u00eatements de danse orientale","isPartOf":{"@id":"https:\/\/neylaropadedanza.com\/#website"},"primaryImageOfPage":{"@id":"https:\/\/neylaropadedanza.es\/fr\/product\/coupes-egyptiennes-ou-soutiens-gorge\/#primaryimage"},"image":{"@id":"https:\/\/neylaropadedanza.es\/fr\/product\/coupes-egyptiennes-ou-soutiens-gorge\/#primaryimage"},"thumbnailUrl":"https:\/\/neylaropadedanza.es\/wp-content\/uploads\/2019\/01\/Cocos-Egipcios-Formas.jpg","datePublished":"2017-11-24T19:52:29+00:00","description":"Les coques ou soutiens-gorge \u00e9gyptiens sont parfaits pour cr\u00e9er votre propre costume de danse orientale ou de danse du ventre ! Il vous suffit de les recouvrir de tissu et de les d\u00e9corer, et vous aurez cr\u00e9\u00e9 votre costume ! Chez Neyla Ropa de Danza, vous trouverez des accessoires et des v\u00eatements de danse orientale.","breadcrumb":{"@id":"https:\/\/neylaropadedanza.es\/fr\/product\/coupes-egyptiennes-ou-soutiens-gorge\/#breadcrumb"},"inLanguage":"fr-FR","potentialAction":[{"@type":"ReadAction","target":["https:\/\/neylaropadedanza.es\/fr\/product\/coupes-egyptiennes-ou-soutiens-gorge\/"]}]},{"@type":"ImageObject","inLanguage":"fr-FR","@id":"https:\/\/neylaropadedanza.es\/fr\/product\/coupes-egyptiennes-ou-soutiens-gorge\/#primaryimage","url":"https:\/\/neylaropadedanza.es\/wp-content\/uploads\/2019\/01\/Cocos-Egipcios-Formas.jpg","contentUrl":"https:\/\/neylaropadedanza.es\/wp-content\/uploads\/2019\/01\/Cocos-Egipcios-Formas.jpg","width":1024,"height":937,"caption":"Los Cocos o Sujetadores Egipcios son perfectos para crear tu propio traje de danza del vientre! Solo necesitas forrarlo con tela y decorarlos y habr\u00e1s creado tu traje!"},{"@type":"BreadcrumbList","@id":"https:\/\/neylaropadedanza.es\/fr\/product\/coupes-egyptiennes-ou-soutiens-gorge\/#breadcrumb","itemListElement":[{"@type":"ListItem","position":1,"name":"Home","item":"https:\/\/neylaropadedanza.es\/fr\/"},{"@type":"ListItem","position":2,"name":"Produits","item":"https:\/\/neylaropadedanza.es\/fr\/shop\/"},{"@type":"ListItem","position":3,"name":"Coupes \u00e9gyptiennes ou soutiens-gorge"}]},{"@type":"WebSite","@id":"https:\/\/neylaropadedanza.com\/#website","url":"https:\/\/neylaropadedanza.com\/","name":"NeylaRopaDeDanza","description":"Ropa de Danza del Vientre, danza oriental, trajes, ropa de ensayo y mucho m\u00e1s!","publisher":{"@id":"https:\/\/neylaropadedanza.com\/#organization"},"potentialAction":[{"@type":"SearchAction","target":{"@type":"EntryPoint","urlTemplate":"https:\/\/neylaropadedanza.com\/?s={search_term_string}"},"query-input":{"@type":"PropertyValueSpecification","valueRequired":true,"valueName":"search_term_string"}}],"inLanguage":"fr-FR"},{"@type":"Organization","@id":"https:\/\/neylaropadedanza.com\/#organization","name":"NeylaRopaDeDanza","url":"https:\/\/neylaropadedanza.com\/","logo":{"@type":"ImageObject","inLanguage":"fr-FR","@id":"https:\/\/neylaropadedanza.com\/#\/schema\/logo\/image\/","url":"https:\/\/neylaropadedanza.es\/wp-content\/uploads\/2025\/04\/Neyla-Blanc.webp","contentUrl":"https:\/\/neylaropadedanza.es\/wp-content\/uploads\/2025\/04\/Neyla-Blanc.webp","width":1970,"height":936,"caption":"NeylaRopaDeDanza"},"image":{"@id":"https:\/\/neylaropadedanza.com\/#\/schema\/logo\/image\/"},"sameAs":["https:\/\/www.facebook.com\/neyladancewear\/","https:\/\/www.instagram.com\/neyladancewear\/","https:\/\/www.youtube.com\/channel\/UCKlqrANcZD0QqKXzpy4taWA?view_as=subscriber"]}]}},"_links":{"self":[{"href":"https:\/\/neylaropadedanza.es\/fr\/wp-json\/wp\/v2\/product\/19648","targetHints":{"allow":["GET"]}}],"collection":[{"href":"https:\/\/neylaropadedanza.es\/fr\/wp-json\/wp\/v2\/product"}],"about":[{"href":"https:\/\/neylaropadedanza.es\/fr\/wp-json\/wp\/v2\/types\/product"}],"replies":[{"embeddable":true,"href":"https:\/\/neylaropadedanza.es\/fr\/wp-json\/wp\/v2\/comments?post=19648"}],"version-history":[{"count":0,"href":"https:\/\/neylaropadedanza.es\/fr\/wp-json\/wp\/v2\/product\/19648\/revisions"}],"wp:featuredmedia":[{"embeddable":true,"href":"https:\/\/neylaropadedanza.es\/fr\/wp-json\/wp\/v2\/media\/17456"}],"wp:attachment":[{"href":"https:\/\/neylaropadedanza.es\/fr\/wp-json\/wp\/v2\/media?parent=19648"}],"wp:term":[{"taxonomy":"product_brand","embeddable":true,"href":"https:\/\/neylaropadedanza.es\/fr\/wp-json\/wp\/v2\/product_brand?post=19648"},{"taxonomy":"product_cat","embeddable":true,"href":"https:\/\/neylaropadedanza.es\/fr\/wp-json\/wp\/v2\/product_cat?post=19648"},{"taxonomy":"product_tag","embeddable":true,"href":"https:\/\/neylaropadedanza.es\/fr\/wp-json\/wp\/v2\/product_tag?post=19648"}],"curies":[{"name":"wp","href":"https:\/\/api.w.org\/{rel}","templated":true}]}}