{"id":19627,"date":"2019-01-05T21:02:51","date_gmt":"2019-01-05T21:02:51","guid":{"rendered":"https:\/\/neylaropadedanza.es\/product\/coupes-egyptiennes-ou-soutien-gorge-aux-formes-arrondies\/"},"modified":"2019-01-05T21:02:51","modified_gmt":"2019-01-05T21:02:51","slug":"coupes-egyptiennes-ou-soutien-gorge-aux-formes-arrondies","status":"publish","type":"product","link":"https:\/\/neylaropadedanza.es\/fr\/product\/coupes-egyptiennes-ou-soutien-gorge-aux-formes-arrondies\/","title":{"rendered":"Coupes \u00e9gyptiennes ou soutien-gorge aux formes arrondies"},"content":{"rendered":"<h2 data-start=\"253\" data-end=\"365\">Coupes \u00e9gyptiennes ou soutien-gorge aux formes arrondies \u2013 La base parfaite pour votre costume de danse du ventre \u2728\ud83d\udc59<\/h2>\n<p data-start=\"367\" data-end=\"870\">Les <strong data-start=\"371\" data-end=\"425\">coupes \u00e9gyptiennes ou soutien-gorge aux formes arrondies<\/strong> sont la pi\u00e8ce essentielle pour concevoir et cr\u00e9er votre propre costume de danse du ventre avec un style unique et professionnel. Con\u00e7us avec une forme originale qui apporte volume et \u00e9l\u00e9gance, ces soutiens-gorge sont id\u00e9aux pour \u00eatre recouverts et d\u00e9cor\u00e9s selon votre cr\u00e9ativit\u00e9, vous offrant la libert\u00e9 de personnaliser enti\u00e8rement votre tenue. Chez Neyla Dancewear, nous s\u00e9lectionnons les coupes \u00e9gyptiennes de la plus haute qualit\u00e9 afin que votre cr\u00e9ation soit spectaculaire et durable. \ud83c\udf1f\ud83c\udfa8   <\/p>\n<p data-start=\"872\" data-end=\"1234\">Ces soutiens-gorge disposent de bonnets DINA et sont disponibles en deux couleurs de base : blanc et chair (ocre). Les bretelles au dos sont doubles et \u00e9lastiques pour un ajustement confortable et s\u00e9curis\u00e9 lors de vos mouvements les plus exigeants. Notez que les fermetures ne sont pas incluses, car l\u2019intention est que vous adaptiez chaque pi\u00e8ce \u00e0 votre costume de mani\u00e8re personnalis\u00e9e. \ud83e\ude71\u2728   <\/p>\n<p data-start=\"1236\" data-end=\"1527\">Si vous pr\u00e9f\u00e9rez l\u2019une des couleurs, blanc ou chair, vous pouvez nous le faire savoir en envoyant un email \u00e0<a class=\"cursor-pointer\" rel=\"noopener\" data-start=\"1342\" data-end=\"1379\"> atencionalcliente@neylaropadedanza.es<\/a> ou via notre formulaire de contact. L\u2019envoi sera effectu\u00e9 au hasard dans l\u2019une des deux couleurs, sauf si vous sp\u00e9cifiez votre choix. <\/p>\n<hr data-start=\"1529\" data-end=\"1532\">\n<h3 data-start=\"1534\" data-end=\"1568\">Comment calculer votre taille \u00e9gyptienne<\/h3>\n<p data-start=\"1570\" data-end=\"1750\">Pour choisir la taille parfaite, mesurez le bonnet d\u2019un soutien-gorge que vous utilisez habituellement.<\/p>\n<p data-start=\"1570\" data-end=\"1750\"><img fetchpriority=\"high\" decoding=\"async\" class=\"aligncenter wp-image-7897\" src=\"https:\/\/neylaropadedanza.es\/wp-content\/uploads\/2023\/09\/Dibujo-copia-scaled-1.jpg\" alt=\"\" width=\"477\" height=\"357\" srcset=\"https:\/\/neylaropadedanza.es\/wp-content\/uploads\/2023\/09\/Dibujo-copia-scaled-1.jpg 2560w, https:\/\/neylaropadedanza.es\/wp-content\/uploads\/2023\/09\/Dibujo-copia-scaled-1-300x225.jpg 300w, https:\/\/neylaropadedanza.es\/wp-content\/uploads\/2023\/09\/Dibujo-copia-scaled-1-1024x767.jpg 1024w, https:\/\/neylaropadedanza.es\/wp-content\/uploads\/2023\/09\/Dibujo-copia-scaled-1-768x575.jpg 768w, https:\/\/neylaropadedanza.es\/wp-content\/uploads\/2023\/09\/Dibujo-copia-scaled-1-1536x1150.jpg 1536w, https:\/\/neylaropadedanza.es\/wp-content\/uploads\/2023\/09\/Dibujo-copia-scaled-1-2048x1534.jpg 2048w, https:\/\/neylaropadedanza.es\/wp-content\/uploads\/2023\/09\/Dibujo-copia-scaled-1-600x449.jpg 600w\" sizes=\"(max-width: 477px) 100vw, 477px\" \/><\/p>\n<p data-start=\"1570\" data-end=\"1750\">\n<p data-start=\"1570\" data-end=\"1750\">Ensuite, recherchez la taille \u00e9gyptienne qui correspond le mieux aux mesures suivantes :<\/p>\n<div class=\"_tableContainer_16hzy_1\">\n<div class=\"_tableWrapper_16hzy_14 group flex w-fit flex-col-reverse\" tabindex=\"-1\">\n<table class=\"w-fit min-w-(--thread-content-width)\" data-start=\"1752\" data-end=\"2073\">\n<thead data-start=\"1752\" data-end=\"1797\">\n<tr data-start=\"1752\" data-end=\"1797\">\n<th data-start=\"1752\" data-end=\"1780\" data-col-size=\"sm\">Mesures Soutien-Gorge \u00c9gyptien<\/th>\n<th data-start=\"1780\" data-end=\"1797\" data-col-size=\"sm\">Taille \u00c9gyptienne<\/th>\n<\/tr>\n<\/thead>\n<tbody data-start=\"1844\" data-end=\"2073\">\n<tr data-start=\"1844\" data-end=\"1889\">\n<td data-start=\"1844\" data-end=\"1872\" data-col-size=\"sm\">L. 13,5 cm H. 16 cm<\/td>\n<td data-start=\"1872\" data-end=\"1889\" data-col-size=\"sm\">B<\/td>\n<\/tr>\n<tr data-start=\"1890\" data-end=\"1935\">\n<td data-start=\"1890\" data-end=\"1918\" data-col-size=\"sm\">L. 16 cm H. 18 cm<\/td>\n<td data-col-size=\"sm\" data-start=\"1918\" data-end=\"1935\">C<\/td>\n<\/tr>\n<tr data-start=\"1936\" data-end=\"1981\">\n<td data-start=\"1936\" data-end=\"1964\" data-col-size=\"sm\">L. 17 cm H. 19 cm<\/td>\n<td data-start=\"1964\" data-end=\"1981\" data-col-size=\"sm\">D<\/td>\n<\/tr>\n<tr data-start=\"1982\" data-end=\"2027\">\n<td data-start=\"1982\" data-end=\"2010\" data-col-size=\"sm\">L. 18,5 cm H. 20 cm<\/td>\n<td data-start=\"2010\" data-end=\"2027\" data-col-size=\"sm\">E<\/td>\n<\/tr>\n<tr data-start=\"2028\" data-end=\"2073\">\n<td data-start=\"2028\" data-end=\"2056\" data-col-size=\"sm\">V. 21 cm H. 23 cm<\/td>\n<td data-col-size=\"sm\" data-start=\"2056\" data-end=\"2073\">F<\/td>\n<\/tr>\n<\/tbody>\n<\/table>\n<div class=\"sticky end-(--thread-content-margin) h-0 self-end select-none\">\n<div class=\"absolute end-0 flex items-end\"><\/div>\n<\/div>\n<\/div>\n<\/div>\n<p data-start=\"2075\" data-end=\"2248\">Les tailles \u00e9gyptiennes vont de A \u00e0 F. N\u2019oubliez pas qu\u2019il est pr\u00e9f\u00e9rable que le soutien-gorge \u00e9gyptien soit l\u00e9g\u00e8rement plus grand pour plus de confort et pour permettre l\u2019ajout de rembourrage si vous le souhaitez.<\/p>\n<h3 data-start=\"2255\" data-end=\"2283\">Qualit\u00e9 et disponibilit\u00e9<\/h3>\n<p data-start=\"2285\" data-end=\"2584\">Chez Neyla Dancewear, nous avons des tailles pour toutes les danseuses. La qualit\u00e9 et la durabilit\u00e9 de nos coupes \u00e9gyptiennes garantissent que votre costume sera r\u00e9sistant et vous accompagnera dans chaque mouvement avec un confort et un style totaux. Les d\u00e9lais de livraison peuvent varier selon la disponibilit\u00e9.  <\/p>\n<p data-start=\"2591\" data-end=\"2796\">Concevez votre costume de danse du ventre avec la meilleure base possible. <strong data-start=\"2663\" data-end=\"2703\">Avec les coupes \u00e9gyptiennes aux formes arrondies <\/strong>de Neyla Dancewear, votre cr\u00e9ativit\u00e9 ne conna\u00eet aucune limite. Commencez aujourd\u2019hui et cr\u00e9ez votre look unique ! \ud83d\udc83\ud83d\udc51   <\/p>\n","protected":false},"excerpt":{"rendered":"<p>Coupes \u00e9gyptiennes ou soutien-gorge aux formes arrondies \u2013 La base parfaite pour votre costume de danse du ventre \u2728\ud83d\udc59 Les coupes \u00e9gyptiennes ou soutien-gorge aux formes arrondies sont la pi\u00e8ce essentielle pour concevoir et cr\u00e9er votre propre costume de danse du ventre avec un style unique et professionnel. Con\u00e7us avec une forme originale qui apporte [&hellip;]<\/p>\n","protected":false},"featured_media":17462,"comment_status":"open","ping_status":"closed","template":"","meta":{"content-type":"","_monsterinsights_skip_tracking":false,"_monsterinsights_sitenote_active":false,"_monsterinsights_sitenote_note":"","_monsterinsights_sitenote_category":0,"_uf_show_specific_survey":0,"_uf_disable_surveys":false},"product_brand":[],"product_cat":[950,959],"product_tag":[1359,1120,1403,1132,1323,1086,1305],"class_list":{"0":"post-19627","1":"product","2":"type-product","3":"status-publish","4":"has-post-thumbnail","6":"product_cat-accessoires","7":"product_cat-do-it-yourself-fr","8":"product_tag-costume-de-danse-du-ventre","9":"product_tag-danse-du-ventre","10":"product_tag-danse-orientale","11":"product_tag-do-it-yourself-fr","12":"product_tag-soutien-gorge","13":"product_tag-soutiens-gorge-egyptiens","14":"product_tag-vetements-de-danse-du-ventre-fr","15":"product_shipping_class-standard-fr","17":"first","18":"instock","19":"sale","20":"taxable","21":"shipping-taxable","22":"purchasable","23":"product-type-variable","24":"add-to-wishlist-after_add_to_cart"},"yoast_head":"<!-- This site is optimized with the Yoast SEO plugin v26.6 - https:\/\/yoast.com\/wordpress\/plugins\/seo\/ -->\n<title>Coques ou soutiens-gorge \u00e9gyptiens aux formes arrondies \u2013 V\u00eatements de danse orientale<\/title>\n<meta name=\"description\" content=\"Coques \u00e9gyptiennes aux formes arrondies, disponibles en blanc et couleur chair, id\u00e9ales pour confectionner des costumes de danse orientale.\" \/>\n<meta name=\"robots\" content=\"index, follow, max-snippet:-1, max-image-preview:large, max-video-preview:-1\" \/>\n<link rel=\"canonical\" href=\"https:\/\/neylaropadedanza.es\/fr\/product\/coupes-egyptiennes-ou-soutien-gorge-aux-formes-arrondies\/\" \/>\n<meta property=\"og:locale\" content=\"fr_FR\" \/>\n<meta property=\"og:type\" content=\"article\" \/>\n<meta property=\"og:title\" content=\"Coques ou soutiens-gorge \u00e9gyptiens aux formes arrondies \u2013 V\u00eatements de danse orientale\" \/>\n<meta property=\"og:description\" content=\"Coques \u00e9gyptiennes aux formes arrondies, disponibles en blanc et couleur chair, id\u00e9ales pour confectionner des costumes de danse orientale.\" \/>\n<meta property=\"og:url\" content=\"https:\/\/neylaropadedanza.es\/fr\/product\/coupes-egyptiennes-ou-soutien-gorge-aux-formes-arrondies\/\" \/>\n<meta property=\"og:site_name\" content=\"Neyla Dancewear\" \/>\n<meta property=\"article:publisher\" content=\"https:\/\/www.facebook.com\/neyladancewear\/\" \/>\n<meta property=\"og:image\" content=\"https:\/\/neylaropadedanza.com\/wp-content\/uploads\/2019\/01\/Cococs-Egipcios-Foramas.jpg\" \/>\n\t<meta property=\"og:image:width\" content=\"1024\" \/>\n\t<meta property=\"og:image:height\" content=\"1018\" \/>\n\t<meta property=\"og:image:type\" content=\"image\/jpeg\" \/>\n<meta name=\"twitter:card\" content=\"summary_large_image\" \/>\n<meta name=\"twitter:label1\" content=\"Dur\u00e9e de lecture estim\u00e9e\" \/>\n\t<meta name=\"twitter:data1\" content=\"2 minutes\" \/>\n<script type=\"application\/ld+json\" class=\"yoast-schema-graph\">{\"@context\":\"https:\/\/schema.org\",\"@graph\":[{\"@type\":\"WebPage\",\"@id\":\"https:\/\/neylaropadedanza.es\/fr\/product\/coupes-egyptiennes-ou-soutien-gorge-aux-formes-arrondies\/\",\"url\":\"https:\/\/neylaropadedanza.es\/fr\/product\/coupes-egyptiennes-ou-soutien-gorge-aux-formes-arrondies\/\",\"name\":\"Coques ou soutiens-gorge \u00e9gyptiens aux formes arrondies \u2013 V\u00eatements de danse orientale\",\"isPartOf\":{\"@id\":\"https:\/\/neylaropadedanza.com\/#website\"},\"primaryImageOfPage\":{\"@id\":\"https:\/\/neylaropadedanza.es\/fr\/product\/coupes-egyptiennes-ou-soutien-gorge-aux-formes-arrondies\/#primaryimage\"},\"image\":{\"@id\":\"https:\/\/neylaropadedanza.es\/fr\/product\/coupes-egyptiennes-ou-soutien-gorge-aux-formes-arrondies\/#primaryimage\"},\"thumbnailUrl\":\"https:\/\/neylaropadedanza.es\/wp-content\/uploads\/2019\/01\/Cococs-Egipcios-Foramas.jpg\",\"datePublished\":\"2019-01-05T21:02:51+00:00\",\"description\":\"Coques \u00e9gyptiennes aux formes arrondies, disponibles en blanc et couleur chair, id\u00e9ales pour confectionner des costumes de danse orientale.\",\"breadcrumb\":{\"@id\":\"https:\/\/neylaropadedanza.es\/fr\/product\/coupes-egyptiennes-ou-soutien-gorge-aux-formes-arrondies\/#breadcrumb\"},\"inLanguage\":\"fr-FR\",\"potentialAction\":[{\"@type\":\"ReadAction\",\"target\":[\"https:\/\/neylaropadedanza.es\/fr\/product\/coupes-egyptiennes-ou-soutien-gorge-aux-formes-arrondies\/\"]}]},{\"@type\":\"ImageObject\",\"inLanguage\":\"fr-FR\",\"@id\":\"https:\/\/neylaropadedanza.es\/fr\/product\/coupes-egyptiennes-ou-soutien-gorge-aux-formes-arrondies\/#primaryimage\",\"url\":\"https:\/\/neylaropadedanza.es\/wp-content\/uploads\/2019\/01\/Cococs-Egipcios-Foramas.jpg\",\"contentUrl\":\"https:\/\/neylaropadedanza.es\/wp-content\/uploads\/2019\/01\/Cococs-Egipcios-Foramas.jpg\",\"width\":1024,\"height\":1018,\"caption\":\"Coupes \u00e9gyptiennes arrondies pour costumes de danse du ventre.\"},{\"@type\":\"BreadcrumbList\",\"@id\":\"https:\/\/neylaropadedanza.es\/fr\/product\/coupes-egyptiennes-ou-soutien-gorge-aux-formes-arrondies\/#breadcrumb\",\"itemListElement\":[{\"@type\":\"ListItem\",\"position\":1,\"name\":\"Home\",\"item\":\"https:\/\/neylaropadedanza.es\/fr\/\"},{\"@type\":\"ListItem\",\"position\":2,\"name\":\"Produits\",\"item\":\"https:\/\/neylaropadedanza.es\/fr\/shop\/\"},{\"@type\":\"ListItem\",\"position\":3,\"name\":\"Coupes \u00e9gyptiennes ou soutien-gorge aux formes arrondies\"}]},{\"@type\":\"WebSite\",\"@id\":\"https:\/\/neylaropadedanza.com\/#website\",\"url\":\"https:\/\/neylaropadedanza.com\/\",\"name\":\"NeylaRopaDeDanza\",\"description\":\"Ropa de Danza del Vientre, danza oriental, trajes, ropa de ensayo y mucho m\u00e1s!\",\"publisher\":{\"@id\":\"https:\/\/neylaropadedanza.com\/#organization\"},\"potentialAction\":[{\"@type\":\"SearchAction\",\"target\":{\"@type\":\"EntryPoint\",\"urlTemplate\":\"https:\/\/neylaropadedanza.com\/?s={search_term_string}\"},\"query-input\":{\"@type\":\"PropertyValueSpecification\",\"valueRequired\":true,\"valueName\":\"search_term_string\"}}],\"inLanguage\":\"fr-FR\"},{\"@type\":\"Organization\",\"@id\":\"https:\/\/neylaropadedanza.com\/#organization\",\"name\":\"NeylaRopaDeDanza\",\"url\":\"https:\/\/neylaropadedanza.com\/\",\"logo\":{\"@type\":\"ImageObject\",\"inLanguage\":\"fr-FR\",\"@id\":\"https:\/\/neylaropadedanza.com\/#\/schema\/logo\/image\/\",\"url\":\"https:\/\/neylaropadedanza.es\/wp-content\/uploads\/2025\/04\/Neyla-Blanc.webp\",\"contentUrl\":\"https:\/\/neylaropadedanza.es\/wp-content\/uploads\/2025\/04\/Neyla-Blanc.webp\",\"width\":1970,\"height\":936,\"caption\":\"NeylaRopaDeDanza\"},\"image\":{\"@id\":\"https:\/\/neylaropadedanza.com\/#\/schema\/logo\/image\/\"},\"sameAs\":[\"https:\/\/www.facebook.com\/neyladancewear\/\",\"https:\/\/www.instagram.com\/neyladancewear\/\",\"https:\/\/www.youtube.com\/channel\/UCKlqrANcZD0QqKXzpy4taWA?view_as=subscriber\"]}]}<\/script>\n<!-- \/ Yoast SEO plugin. -->","yoast_head_json":{"title":"Coques ou soutiens-gorge \u00e9gyptiens aux formes arrondies \u2013 V\u00eatements de danse orientale","description":"Coques \u00e9gyptiennes aux formes arrondies, disponibles en blanc et couleur chair, id\u00e9ales pour confectionner des costumes de danse orientale.","robots":{"index":"index","follow":"follow","max-snippet":"max-snippet:-1","max-image-preview":"max-image-preview:large","max-video-preview":"max-video-preview:-1"},"canonical":"https:\/\/neylaropadedanza.es\/fr\/product\/coupes-egyptiennes-ou-soutien-gorge-aux-formes-arrondies\/","og_locale":"fr_FR","og_type":"article","og_title":"Coques ou soutiens-gorge \u00e9gyptiens aux formes arrondies \u2013 V\u00eatements de danse orientale","og_description":"Coques \u00e9gyptiennes aux formes arrondies, disponibles en blanc et couleur chair, id\u00e9ales pour confectionner des costumes de danse orientale.","og_url":"https:\/\/neylaropadedanza.es\/fr\/product\/coupes-egyptiennes-ou-soutien-gorge-aux-formes-arrondies\/","og_site_name":"Neyla Dancewear","article_publisher":"https:\/\/www.facebook.com\/neyladancewear\/","og_image":[{"width":1024,"height":1018,"url":"https:\/\/neylaropadedanza.com\/wp-content\/uploads\/2019\/01\/Cococs-Egipcios-Foramas.jpg","type":"image\/jpeg"}],"twitter_card":"summary_large_image","twitter_misc":{"Dur\u00e9e de lecture estim\u00e9e":"2 minutes"},"schema":{"@context":"https:\/\/schema.org","@graph":[{"@type":"WebPage","@id":"https:\/\/neylaropadedanza.es\/fr\/product\/coupes-egyptiennes-ou-soutien-gorge-aux-formes-arrondies\/","url":"https:\/\/neylaropadedanza.es\/fr\/product\/coupes-egyptiennes-ou-soutien-gorge-aux-formes-arrondies\/","name":"Coques ou soutiens-gorge \u00e9gyptiens aux formes arrondies \u2013 V\u00eatements de danse orientale","isPartOf":{"@id":"https:\/\/neylaropadedanza.com\/#website"},"primaryImageOfPage":{"@id":"https:\/\/neylaropadedanza.es\/fr\/product\/coupes-egyptiennes-ou-soutien-gorge-aux-formes-arrondies\/#primaryimage"},"image":{"@id":"https:\/\/neylaropadedanza.es\/fr\/product\/coupes-egyptiennes-ou-soutien-gorge-aux-formes-arrondies\/#primaryimage"},"thumbnailUrl":"https:\/\/neylaropadedanza.es\/wp-content\/uploads\/2019\/01\/Cococs-Egipcios-Foramas.jpg","datePublished":"2019-01-05T21:02:51+00:00","description":"Coques \u00e9gyptiennes aux formes arrondies, disponibles en blanc et couleur chair, id\u00e9ales pour confectionner des costumes de danse orientale.","breadcrumb":{"@id":"https:\/\/neylaropadedanza.es\/fr\/product\/coupes-egyptiennes-ou-soutien-gorge-aux-formes-arrondies\/#breadcrumb"},"inLanguage":"fr-FR","potentialAction":[{"@type":"ReadAction","target":["https:\/\/neylaropadedanza.es\/fr\/product\/coupes-egyptiennes-ou-soutien-gorge-aux-formes-arrondies\/"]}]},{"@type":"ImageObject","inLanguage":"fr-FR","@id":"https:\/\/neylaropadedanza.es\/fr\/product\/coupes-egyptiennes-ou-soutien-gorge-aux-formes-arrondies\/#primaryimage","url":"https:\/\/neylaropadedanza.es\/wp-content\/uploads\/2019\/01\/Cococs-Egipcios-Foramas.jpg","contentUrl":"https:\/\/neylaropadedanza.es\/wp-content\/uploads\/2019\/01\/Cococs-Egipcios-Foramas.jpg","width":1024,"height":1018,"caption":"Coupes \u00e9gyptiennes arrondies pour costumes de danse du ventre."},{"@type":"BreadcrumbList","@id":"https:\/\/neylaropadedanza.es\/fr\/product\/coupes-egyptiennes-ou-soutien-gorge-aux-formes-arrondies\/#breadcrumb","itemListElement":[{"@type":"ListItem","position":1,"name":"Home","item":"https:\/\/neylaropadedanza.es\/fr\/"},{"@type":"ListItem","position":2,"name":"Produits","item":"https:\/\/neylaropadedanza.es\/fr\/shop\/"},{"@type":"ListItem","position":3,"name":"Coupes \u00e9gyptiennes ou soutien-gorge aux formes arrondies"}]},{"@type":"WebSite","@id":"https:\/\/neylaropadedanza.com\/#website","url":"https:\/\/neylaropadedanza.com\/","name":"NeylaRopaDeDanza","description":"Ropa de Danza del Vientre, danza oriental, trajes, ropa de ensayo y mucho m\u00e1s!","publisher":{"@id":"https:\/\/neylaropadedanza.com\/#organization"},"potentialAction":[{"@type":"SearchAction","target":{"@type":"EntryPoint","urlTemplate":"https:\/\/neylaropadedanza.com\/?s={search_term_string}"},"query-input":{"@type":"PropertyValueSpecification","valueRequired":true,"valueName":"search_term_string"}}],"inLanguage":"fr-FR"},{"@type":"Organization","@id":"https:\/\/neylaropadedanza.com\/#organization","name":"NeylaRopaDeDanza","url":"https:\/\/neylaropadedanza.com\/","logo":{"@type":"ImageObject","inLanguage":"fr-FR","@id":"https:\/\/neylaropadedanza.com\/#\/schema\/logo\/image\/","url":"https:\/\/neylaropadedanza.es\/wp-content\/uploads\/2025\/04\/Neyla-Blanc.webp","contentUrl":"https:\/\/neylaropadedanza.es\/wp-content\/uploads\/2025\/04\/Neyla-Blanc.webp","width":1970,"height":936,"caption":"NeylaRopaDeDanza"},"image":{"@id":"https:\/\/neylaropadedanza.com\/#\/schema\/logo\/image\/"},"sameAs":["https:\/\/www.facebook.com\/neyladancewear\/","https:\/\/www.instagram.com\/neyladancewear\/","https:\/\/www.youtube.com\/channel\/UCKlqrANcZD0QqKXzpy4taWA?view_as=subscriber"]}]}},"_links":{"self":[{"href":"https:\/\/neylaropadedanza.es\/fr\/wp-json\/wp\/v2\/product\/19627","targetHints":{"allow":["GET"]}}],"collection":[{"href":"https:\/\/neylaropadedanza.es\/fr\/wp-json\/wp\/v2\/product"}],"about":[{"href":"https:\/\/neylaropadedanza.es\/fr\/wp-json\/wp\/v2\/types\/product"}],"replies":[{"embeddable":true,"href":"https:\/\/neylaropadedanza.es\/fr\/wp-json\/wp\/v2\/comments?post=19627"}],"version-history":[{"count":0,"href":"https:\/\/neylaropadedanza.es\/fr\/wp-json\/wp\/v2\/product\/19627\/revisions"}],"wp:featuredmedia":[{"embeddable":true,"href":"https:\/\/neylaropadedanza.es\/fr\/wp-json\/wp\/v2\/media\/17462"}],"wp:attachment":[{"href":"https:\/\/neylaropadedanza.es\/fr\/wp-json\/wp\/v2\/media?parent=19627"}],"wp:term":[{"taxonomy":"product_brand","embeddable":true,"href":"https:\/\/neylaropadedanza.es\/fr\/wp-json\/wp\/v2\/product_brand?post=19627"},{"taxonomy":"product_cat","embeddable":true,"href":"https:\/\/neylaropadedanza.es\/fr\/wp-json\/wp\/v2\/product_cat?post=19627"},{"taxonomy":"product_tag","embeddable":true,"href":"https:\/\/neylaropadedanza.es\/fr\/wp-json\/wp\/v2\/product_tag?post=19627"}],"curies":[{"name":"wp","href":"https:\/\/api.w.org\/{rel}","templated":true}]}}