{"id":19623,"date":"2019-05-28T16:37:23","date_gmt":"2019-05-28T14:37:23","guid":{"rendered":"https:\/\/neylaropadedanza.es\/product\/bracelet-a-7-rangees-de-strass\/"},"modified":"2019-05-28T16:37:23","modified_gmt":"2019-05-28T16:37:23","slug":"bracelet-a-7-rangees-de-strass","status":"publish","type":"product","link":"https:\/\/neylaropadedanza.es\/fr\/product\/bracelet-a-7-rangees-de-strass\/","title":{"rendered":"Bracelet \u00e0 7 rang\u00e9es de strass"},"content":{"rendered":"<h3 data-start=\"201\" data-end=\"298\">Bracelet \u00e0 7 rang\u00e9es de strass \u2013 La touche scintillante qui transforme votre look de danse du ventre \u2728\ud83d\udcab<\/h3>\n<p data-start=\"300\" data-end=\"623\">Le<strong data-start=\"303\" data-end=\"331\"> bracelet \u00e0 7 rang\u00e9es <\/strong>de strass est l\u2019accessoire parfait pour sublimer n\u2019importe quelle tenue de danse du ventre, danse orientale, fusion ou Bollywood. Avec son design simple mais frappant, ce bracelet avec sept rang\u00e9es de strass apporte une brillance \u00e9blouissante qui rendra votre pr\u00e9sence sur sc\u00e8ne inoubliable. \ud83c\udf1f\ud83d\udc83  <\/p>\n<p data-start=\"625\" data-end=\"931\">Chez Neyla Dancewear, nous savons qu\u2019un seul d\u00e9tail peut suffire \u00e0 renouveler vos costumes classiques et les transformer en v\u00e9ritables \u0153uvres d\u2019art. Ajouter un peu d\u2019\u00e9clat avec des accessoires comme ce bracelet peut faire la diff\u00e9rence entre une tenue ordinaire et une tenue spectaculaire, captivant tous les regards. \u2728\ud83d\udc40  <\/p>\n<p data-start=\"933\" data-end=\"1282\">Chacun de nos accessoires est soigneusement s\u00e9lectionn\u00e9 pour vous offrir une qualit\u00e9 et un design exceptionnels. Dans notre section Accessoires, vous trouverez une grande vari\u00e9t\u00e9 de compl\u00e9ments pour la danse : bijoux, ceintures en strass, voiles en soie, araign\u00e9es pour les pieds et bien plus encore, tous garantis par Neyla Dancewear. \ud83c\udf80\ud83c\udf08  <\/p>\n<p data-start=\"1284\" data-end=\"1612\">Vous ne trouvez pas l\u2019accessoire sp\u00e9cial que vous cherchez ? Ne vous inqui\u00e9tez pas, nous sommes l\u00e0 pour vous aider. Si le produit est en rupture de stock ou indisponible sur le site, contactez-nous et nous ferons de notre mieux pour le localiser ou l\u2019obtenir pour vous. \u00c9crivez-nous \u00e0 <a class=\"cursor-pointer\" rel=\"noopener\" data-start=\"1534\" data-end=\"1571\">atencionalcliente@neylaropadedanza.es<\/a> ou utilisez notre formulaire de contact. \ud83d\udce9   <\/p>\n<p data-start=\"1614\" data-end=\"1796\">Faites confiance \u00e0 Neyla Dancewear pour compl\u00e9ter votre garde-robe avec des accessoires de qualit\u00e9 qui mettent en valeur votre art et votre style personnel. Cliquez ici et d\u00e9couvrez tout ce que nous avons pour vous ! \ud83c\udf1f\ud83d\udecd\ufe0f  <\/p>\n","protected":false},"excerpt":{"rendered":"<p>Bracelet \u00e0 7 rang\u00e9es de strass \u2013 La touche scintillante qui transforme votre look de danse du ventre \u2728\ud83d\udcab Le bracelet \u00e0 7 rang\u00e9es de strass est l\u2019accessoire parfait pour sublimer n\u2019importe quelle tenue de danse du ventre, danse orientale, fusion ou Bollywood. Avec son design simple mais frappant, ce bracelet avec sept rang\u00e9es de [&hellip;]<\/p>\n","protected":false},"featured_media":17510,"comment_status":"open","ping_status":"closed","template":"","meta":{"content-type":"","_monsterinsights_skip_tracking":false,"_monsterinsights_sitenote_active":false,"_monsterinsights_sitenote_note":"","_monsterinsights_sitenote_category":0,"_uf_show_specific_survey":0,"_uf_disable_surveys":false},"product_brand":[],"product_cat":[950,954],"product_tag":[1014,1279,1064,1120,1320,1305],"class_list":{"0":"post-19623","1":"product","2":"type-product","3":"status-publish","4":"has-post-thumbnail","6":"product_cat-accessoires","7":"product_cat-bijoux","8":"product_tag-accessoire","9":"product_tag-argent","10":"product_tag-bracelet-fr","11":"product_tag-danse-du-ventre","12":"product_tag-strass-fr-3","13":"product_tag-vetements-de-danse-du-ventre-fr","14":"product_shipping_class-standard-fr","16":"first","17":"outofstock","18":"sale","19":"taxable","20":"shipping-taxable","21":"purchasable","22":"product-type-simple","23":"add-to-wishlist-after_add_to_cart"},"yoast_head":"<!-- This site is optimized with the Yoast SEO plugin v26.6 - https:\/\/yoast.com\/wordpress\/plugins\/seo\/ -->\n<title>Bracelet \u00e0 7 rang\u00e9es de strass - Neyla Dancewear - V\u00eatements de danse du ventre<\/title>\n<meta name=\"description\" content=\"Le bracelet \u00e0 7 rang\u00e9es de strass est l\u2019accessoire id\u00e9al pour votre tenue de danse orientale. Un bracelet simple qui transformera compl\u00e8tement votre look !\" \/>\n<meta name=\"robots\" content=\"index, follow, max-snippet:-1, max-image-preview:large, max-video-preview:-1\" \/>\n<link rel=\"canonical\" href=\"https:\/\/neylaropadedanza.es\/fr\/product\/bracelet-a-7-rangees-de-strass\/\" \/>\n<meta property=\"og:locale\" content=\"fr_FR\" \/>\n<meta property=\"og:type\" content=\"article\" \/>\n<meta property=\"og:title\" content=\"Bracelet \u00e0 7 rang\u00e9es de strass - Neyla Dancewear - V\u00eatements de danse du ventre\" \/>\n<meta property=\"og:description\" content=\"Le bracelet \u00e0 7 rang\u00e9es de strass est l\u2019accessoire id\u00e9al pour votre tenue de danse orientale. Un bracelet simple qui transformera compl\u00e8tement votre look !\" \/>\n<meta property=\"og:url\" content=\"https:\/\/neylaropadedanza.es\/fr\/product\/bracelet-a-7-rangees-de-strass\/\" \/>\n<meta property=\"og:site_name\" content=\"Neyla Dancewear\" \/>\n<meta property=\"article:publisher\" content=\"https:\/\/www.facebook.com\/neyladancewear\/\" \/>\n<meta property=\"article:modified_time\" content=\"2019-05-28T16:37:23+00:00\" \/>\n<meta property=\"og:image\" content=\"https:\/\/neylaropadedanza.com\/wp-content\/uploads\/2019\/05\/Bosseta-Vels-editada-9.jpg\" \/>\n\t<meta property=\"og:image:width\" content=\"1024\" \/>\n\t<meta property=\"og:image:height\" content=\"768\" \/>\n\t<meta property=\"og:image:type\" content=\"image\/jpeg\" \/>\n<meta name=\"twitter:card\" content=\"summary_large_image\" \/>\n<meta name=\"twitter:label1\" content=\"Dur\u00e9e de lecture estim\u00e9e\" \/>\n\t<meta name=\"twitter:data1\" content=\"1 minute\" \/>\n<script type=\"application\/ld+json\" class=\"yoast-schema-graph\">{\"@context\":\"https:\/\/schema.org\",\"@graph\":[{\"@type\":\"WebPage\",\"@id\":\"https:\/\/neylaropadedanza.es\/fr\/product\/bracelet-a-7-rangees-de-strass\/\",\"url\":\"https:\/\/neylaropadedanza.es\/fr\/product\/bracelet-a-7-rangees-de-strass\/\",\"name\":\"Bracelet \u00e0 7 rang\u00e9es de strass - Neyla Dancewear - V\u00eatements de danse du ventre\",\"isPartOf\":{\"@id\":\"https:\/\/neylaropadedanza.com\/#website\"},\"primaryImageOfPage\":{\"@id\":\"https:\/\/neylaropadedanza.es\/fr\/product\/bracelet-a-7-rangees-de-strass\/#primaryimage\"},\"image\":{\"@id\":\"https:\/\/neylaropadedanza.es\/fr\/product\/bracelet-a-7-rangees-de-strass\/#primaryimage\"},\"thumbnailUrl\":\"https:\/\/neylaropadedanza.es\/wp-content\/uploads\/2019\/05\/Bosseta-Vels-editada-9.jpg\",\"datePublished\":\"2019-05-28T14:37:23+00:00\",\"dateModified\":\"2019-05-28T16:37:23+00:00\",\"description\":\"Le bracelet \u00e0 7 rang\u00e9es de strass est l\u2019accessoire id\u00e9al pour votre tenue de danse orientale. Un bracelet simple qui transformera compl\u00e8tement votre look !\",\"breadcrumb\":{\"@id\":\"https:\/\/neylaropadedanza.es\/fr\/product\/bracelet-a-7-rangees-de-strass\/#breadcrumb\"},\"inLanguage\":\"fr-FR\",\"potentialAction\":[{\"@type\":\"ReadAction\",\"target\":[\"https:\/\/neylaropadedanza.es\/fr\/product\/bracelet-a-7-rangees-de-strass\/\"]}]},{\"@type\":\"ImageObject\",\"inLanguage\":\"fr-FR\",\"@id\":\"https:\/\/neylaropadedanza.es\/fr\/product\/bracelet-a-7-rangees-de-strass\/#primaryimage\",\"url\":\"https:\/\/neylaropadedanza.es\/wp-content\/uploads\/2019\/05\/Bosseta-Vels-editada-9.jpg\",\"contentUrl\":\"https:\/\/neylaropadedanza.es\/wp-content\/uploads\/2019\/05\/Bosseta-Vels-editada-9.jpg\",\"width\":1024,\"height\":768,\"caption\":\"Bracelet \u00e0 7 rang\u00e9es de strass argent\u00e9 pour danse du ventre et danse orientale.\"},{\"@type\":\"BreadcrumbList\",\"@id\":\"https:\/\/neylaropadedanza.es\/fr\/product\/bracelet-a-7-rangees-de-strass\/#breadcrumb\",\"itemListElement\":[{\"@type\":\"ListItem\",\"position\":1,\"name\":\"Home\",\"item\":\"https:\/\/neylaropadedanza.es\/fr\/\"},{\"@type\":\"ListItem\",\"position\":2,\"name\":\"Produits\",\"item\":\"https:\/\/neylaropadedanza.es\/fr\/shop\/\"},{\"@type\":\"ListItem\",\"position\":3,\"name\":\"Bracelet \u00e0 7 rang\u00e9es de strass\"}]},{\"@type\":\"WebSite\",\"@id\":\"https:\/\/neylaropadedanza.com\/#website\",\"url\":\"https:\/\/neylaropadedanza.com\/\",\"name\":\"NeylaRopaDeDanza\",\"description\":\"Ropa de Danza del Vientre, danza oriental, trajes, ropa de ensayo y mucho m\u00e1s!\",\"publisher\":{\"@id\":\"https:\/\/neylaropadedanza.com\/#organization\"},\"potentialAction\":[{\"@type\":\"SearchAction\",\"target\":{\"@type\":\"EntryPoint\",\"urlTemplate\":\"https:\/\/neylaropadedanza.com\/?s={search_term_string}\"},\"query-input\":{\"@type\":\"PropertyValueSpecification\",\"valueRequired\":true,\"valueName\":\"search_term_string\"}}],\"inLanguage\":\"fr-FR\"},{\"@type\":\"Organization\",\"@id\":\"https:\/\/neylaropadedanza.com\/#organization\",\"name\":\"NeylaRopaDeDanza\",\"url\":\"https:\/\/neylaropadedanza.com\/\",\"logo\":{\"@type\":\"ImageObject\",\"inLanguage\":\"fr-FR\",\"@id\":\"https:\/\/neylaropadedanza.com\/#\/schema\/logo\/image\/\",\"url\":\"https:\/\/neylaropadedanza.es\/wp-content\/uploads\/2025\/04\/Neyla-Blanc.webp\",\"contentUrl\":\"https:\/\/neylaropadedanza.es\/wp-content\/uploads\/2025\/04\/Neyla-Blanc.webp\",\"width\":1970,\"height\":936,\"caption\":\"NeylaRopaDeDanza\"},\"image\":{\"@id\":\"https:\/\/neylaropadedanza.com\/#\/schema\/logo\/image\/\"},\"sameAs\":[\"https:\/\/www.facebook.com\/neyladancewear\/\",\"https:\/\/www.instagram.com\/neyladancewear\/\",\"https:\/\/www.youtube.com\/channel\/UCKlqrANcZD0QqKXzpy4taWA?view_as=subscriber\"]}]}<\/script>\n<!-- \/ Yoast SEO plugin. -->","yoast_head_json":{"title":"Bracelet \u00e0 7 rang\u00e9es de strass - Neyla Dancewear - V\u00eatements de danse du ventre","description":"Le bracelet \u00e0 7 rang\u00e9es de strass est l\u2019accessoire id\u00e9al pour votre tenue de danse orientale. Un bracelet simple qui transformera compl\u00e8tement votre look !","robots":{"index":"index","follow":"follow","max-snippet":"max-snippet:-1","max-image-preview":"max-image-preview:large","max-video-preview":"max-video-preview:-1"},"canonical":"https:\/\/neylaropadedanza.es\/fr\/product\/bracelet-a-7-rangees-de-strass\/","og_locale":"fr_FR","og_type":"article","og_title":"Bracelet \u00e0 7 rang\u00e9es de strass - Neyla Dancewear - V\u00eatements de danse du ventre","og_description":"Le bracelet \u00e0 7 rang\u00e9es de strass est l\u2019accessoire id\u00e9al pour votre tenue de danse orientale. Un bracelet simple qui transformera compl\u00e8tement votre look !","og_url":"https:\/\/neylaropadedanza.es\/fr\/product\/bracelet-a-7-rangees-de-strass\/","og_site_name":"Neyla Dancewear","article_publisher":"https:\/\/www.facebook.com\/neyladancewear\/","article_modified_time":"2019-05-28T16:37:23+00:00","og_image":[{"width":1024,"height":768,"url":"https:\/\/neylaropadedanza.com\/wp-content\/uploads\/2019\/05\/Bosseta-Vels-editada-9.jpg","type":"image\/jpeg"}],"twitter_card":"summary_large_image","twitter_misc":{"Dur\u00e9e de lecture estim\u00e9e":"1 minute"},"schema":{"@context":"https:\/\/schema.org","@graph":[{"@type":"WebPage","@id":"https:\/\/neylaropadedanza.es\/fr\/product\/bracelet-a-7-rangees-de-strass\/","url":"https:\/\/neylaropadedanza.es\/fr\/product\/bracelet-a-7-rangees-de-strass\/","name":"Bracelet \u00e0 7 rang\u00e9es de strass - Neyla Dancewear - V\u00eatements de danse du ventre","isPartOf":{"@id":"https:\/\/neylaropadedanza.com\/#website"},"primaryImageOfPage":{"@id":"https:\/\/neylaropadedanza.es\/fr\/product\/bracelet-a-7-rangees-de-strass\/#primaryimage"},"image":{"@id":"https:\/\/neylaropadedanza.es\/fr\/product\/bracelet-a-7-rangees-de-strass\/#primaryimage"},"thumbnailUrl":"https:\/\/neylaropadedanza.es\/wp-content\/uploads\/2019\/05\/Bosseta-Vels-editada-9.jpg","datePublished":"2019-05-28T14:37:23+00:00","dateModified":"2019-05-28T16:37:23+00:00","description":"Le bracelet \u00e0 7 rang\u00e9es de strass est l\u2019accessoire id\u00e9al pour votre tenue de danse orientale. Un bracelet simple qui transformera compl\u00e8tement votre look !","breadcrumb":{"@id":"https:\/\/neylaropadedanza.es\/fr\/product\/bracelet-a-7-rangees-de-strass\/#breadcrumb"},"inLanguage":"fr-FR","potentialAction":[{"@type":"ReadAction","target":["https:\/\/neylaropadedanza.es\/fr\/product\/bracelet-a-7-rangees-de-strass\/"]}]},{"@type":"ImageObject","inLanguage":"fr-FR","@id":"https:\/\/neylaropadedanza.es\/fr\/product\/bracelet-a-7-rangees-de-strass\/#primaryimage","url":"https:\/\/neylaropadedanza.es\/wp-content\/uploads\/2019\/05\/Bosseta-Vels-editada-9.jpg","contentUrl":"https:\/\/neylaropadedanza.es\/wp-content\/uploads\/2019\/05\/Bosseta-Vels-editada-9.jpg","width":1024,"height":768,"caption":"Bracelet \u00e0 7 rang\u00e9es de strass argent\u00e9 pour danse du ventre et danse orientale."},{"@type":"BreadcrumbList","@id":"https:\/\/neylaropadedanza.es\/fr\/product\/bracelet-a-7-rangees-de-strass\/#breadcrumb","itemListElement":[{"@type":"ListItem","position":1,"name":"Home","item":"https:\/\/neylaropadedanza.es\/fr\/"},{"@type":"ListItem","position":2,"name":"Produits","item":"https:\/\/neylaropadedanza.es\/fr\/shop\/"},{"@type":"ListItem","position":3,"name":"Bracelet \u00e0 7 rang\u00e9es de strass"}]},{"@type":"WebSite","@id":"https:\/\/neylaropadedanza.com\/#website","url":"https:\/\/neylaropadedanza.com\/","name":"NeylaRopaDeDanza","description":"Ropa de Danza del Vientre, danza oriental, trajes, ropa de ensayo y mucho m\u00e1s!","publisher":{"@id":"https:\/\/neylaropadedanza.com\/#organization"},"potentialAction":[{"@type":"SearchAction","target":{"@type":"EntryPoint","urlTemplate":"https:\/\/neylaropadedanza.com\/?s={search_term_string}"},"query-input":{"@type":"PropertyValueSpecification","valueRequired":true,"valueName":"search_term_string"}}],"inLanguage":"fr-FR"},{"@type":"Organization","@id":"https:\/\/neylaropadedanza.com\/#organization","name":"NeylaRopaDeDanza","url":"https:\/\/neylaropadedanza.com\/","logo":{"@type":"ImageObject","inLanguage":"fr-FR","@id":"https:\/\/neylaropadedanza.com\/#\/schema\/logo\/image\/","url":"https:\/\/neylaropadedanza.es\/wp-content\/uploads\/2025\/04\/Neyla-Blanc.webp","contentUrl":"https:\/\/neylaropadedanza.es\/wp-content\/uploads\/2025\/04\/Neyla-Blanc.webp","width":1970,"height":936,"caption":"NeylaRopaDeDanza"},"image":{"@id":"https:\/\/neylaropadedanza.com\/#\/schema\/logo\/image\/"},"sameAs":["https:\/\/www.facebook.com\/neyladancewear\/","https:\/\/www.instagram.com\/neyladancewear\/","https:\/\/www.youtube.com\/channel\/UCKlqrANcZD0QqKXzpy4taWA?view_as=subscriber"]}]}},"_links":{"self":[{"href":"https:\/\/neylaropadedanza.es\/fr\/wp-json\/wp\/v2\/product\/19623","targetHints":{"allow":["GET"]}}],"collection":[{"href":"https:\/\/neylaropadedanza.es\/fr\/wp-json\/wp\/v2\/product"}],"about":[{"href":"https:\/\/neylaropadedanza.es\/fr\/wp-json\/wp\/v2\/types\/product"}],"replies":[{"embeddable":true,"href":"https:\/\/neylaropadedanza.es\/fr\/wp-json\/wp\/v2\/comments?post=19623"}],"version-history":[{"count":0,"href":"https:\/\/neylaropadedanza.es\/fr\/wp-json\/wp\/v2\/product\/19623\/revisions"}],"wp:featuredmedia":[{"embeddable":true,"href":"https:\/\/neylaropadedanza.es\/fr\/wp-json\/wp\/v2\/media\/17510"}],"wp:attachment":[{"href":"https:\/\/neylaropadedanza.es\/fr\/wp-json\/wp\/v2\/media?parent=19623"}],"wp:term":[{"taxonomy":"product_brand","embeddable":true,"href":"https:\/\/neylaropadedanza.es\/fr\/wp-json\/wp\/v2\/product_brand?post=19623"},{"taxonomy":"product_cat","embeddable":true,"href":"https:\/\/neylaropadedanza.es\/fr\/wp-json\/wp\/v2\/product_cat?post=19623"},{"taxonomy":"product_tag","embeddable":true,"href":"https:\/\/neylaropadedanza.es\/fr\/wp-json\/wp\/v2\/product_tag?post=19623"}],"curies":[{"name":"wp","href":"https:\/\/api.w.org\/{rel}","templated":true}]}}