{"id":19621,"date":"2019-05-29T13:34:48","date_gmt":"2019-05-29T13:34:48","guid":{"rendered":"https:\/\/neylaropadedanza.es\/product\/ceinture-taille-triple-en-strass\/"},"modified":"2019-05-29T13:34:48","modified_gmt":"2019-05-29T13:34:48","slug":"ceinture-taille-triple-en-strass","status":"publish","type":"product","link":"https:\/\/neylaropadedanza.es\/fr\/product\/ceinture-taille-triple-en-strass\/","title":{"rendered":"Ceinture taille triple en strass"},"content":{"rendered":"<h3 data-start=\"232\" data-end=\"329\">Ceinture taille triple en strass \u2013 \u00c9l\u00e9gance et \u00e9clat qui subliment votre silhouette \u00e0 chaque mouvement \u2728\ud83d\udc8e<\/h3>\n<p data-start=\"331\" data-end=\"740\">La<strong data-start=\"334\" data-end=\"365\"> Ceinture taille triple <\/strong>en strass est un accessoire original et polyvalent con\u00e7u sp\u00e9cialement pour ajouter cette touche suppl\u00e9mentaire de sophistication et de glamour \u00e0 vos r\u00e9p\u00e9titions ou performances sur sc\u00e8ne de danse du ventre, danse orientale, fusion et plus encore. Cet accessoire sculpte non seulement votre silhouette mais illumine \u00e9galement votre tenue avec son \u00e9clat \u00e9tincelant, attirant tous les regards sur vous. \ud83d\udc83\ud83c\udf1f  <\/p>\n<p data-start=\"742\" data-end=\"1095\">Cette ceinture est fabriqu\u00e9e en une seule pi\u00e8ce avec deux rang\u00e9es de strass argent\u00e9s qui vous permettent de l\u2019enrouler jusqu\u2019\u00e0 trois fois autour de votre taille, s\u2019ajustant parfaitement gr\u00e2ce \u00e0 ses multiples positions. Son design innovant vous offre la libert\u00e9 de la porter aussi sur vos hanches ou toute autre partie de votre corps o\u00f9 vous souhaitez mettre en valeur votre style unique. \ud83c\udf80\u2728  <\/p>\n<p data-start=\"1097\" data-end=\"1454\">Parfaite pour \u00eatre associ\u00e9e \u00e0 votre tenue d\u2019entra\u00eenement ou \u00e0 vos costumes de danse les plus \u00e9l\u00e9gants, cette ceinture est l\u2019un des accessoires pr\u00e9f\u00e9r\u00e9s de nos clientes, appr\u00e9ci\u00e9e pour sa qualit\u00e9, son design et sa fonctionnalit\u00e9. Si vous pr\u00e9f\u00e9rez quelque chose de plus discret, n\u2019h\u00e9sitez pas \u00e0 d\u00e9couvrir notre<strong data-start=\"1374\" data-end=\"1413\"> Ceinture taille double en strass<\/strong> argent\u00e9, tout aussi sophistiqu\u00e9e et polyvalente. \ud83c\udf08\ud83d\udc51  <\/p>\n<p data-start=\"1456\" data-end=\"1846\">Chez Neyla Dancewear, nous s\u00e9lectionnons soigneusement chaque accessoire afin de garantir que vous ne receviez que des produits de premi\u00e8re qualit\u00e9, con\u00e7us pour sublimer votre art et votre style personnel. Si vous ne trouvez pas l\u2019accessoire que vous souhaitez, nous sommes \u00e0 votre disposition pour vous aider \u00e0 le trouver. \u00c9crivez-nous \u00e0 <a class=\"cursor-pointer\" rel=\"noopener\" data-start=\"1740\" data-end=\"1777\">atencionalcliente@neylaropadedanza.es <\/a>ou utilisez notre formulaire de contact pour toute demande. \ud83d\udce9  <\/p>\n<p data-start=\"1848\" data-end=\"2252\">De plus, dans notre section Accessoires, vous trouverez tout ce dont vous avez besoin pour compl\u00e9ter votre look de danse : bijoux, ceintures en strass, voiles en soie, araign\u00e9es pour les pieds\u2026 et bien plus encore, tous soigneusement choisis pour vous. Nous proposons \u00e9galement une section <strong data-start=\"2108\" data-end=\"2126\">Do it Yourself,<\/strong> avec des mat\u00e9riaux pour vous aider \u00e0 cr\u00e9er votre propre costume ou tenue de danse du ventre. Explorez, cr\u00e9ez et brillez avec Neyla ! \ud83c\udf1f\u2728   <\/p>\n<p data-start=\"2254\" data-end=\"2489\">N\u2019h\u00e9sitez pas, chez Neyla Dancewear vous trouverez non seulement des produits de qualit\u00e9 et de design, mais aussi un service attentif et personnalis\u00e9 qui vous accompagnera \u00e0 chaque \u00e9tape de votre parcours de danse. Cliquez ici et d\u00e9couvrez tout ce que nous avons pour vous ! \ud83d\udc96\ud83d\udecd\ufe0f  <\/p>\n","protected":false},"excerpt":{"rendered":"<p>Ceinture taille triple en strass \u2013 \u00c9l\u00e9gance et \u00e9clat qui subliment votre silhouette \u00e0 chaque mouvement \u2728\ud83d\udc8e La Ceinture taille triple en strass est un accessoire original et polyvalent con\u00e7u sp\u00e9cialement pour ajouter cette touche suppl\u00e9mentaire de sophistication et de glamour \u00e0 vos r\u00e9p\u00e9titions ou performances sur sc\u00e8ne de danse du ventre, danse orientale, fusion [&hellip;]<\/p>\n","protected":false},"featured_media":17526,"comment_status":"open","ping_status":"closed","template":"","meta":{"content-type":"","_monsterinsights_skip_tracking":false,"_monsterinsights_sitenote_active":false,"_monsterinsights_sitenote_note":"","_monsterinsights_sitenote_category":0,"_uf_show_specific_survey":0,"_uf_disable_surveys":false},"product_brand":[],"product_cat":[950,954],"product_tag":[1014,1279,1060,1120,1403,1320,1305],"class_list":{"0":"post-19621","1":"product","2":"type-product","3":"status-publish","4":"has-post-thumbnail","6":"product_cat-accessoires","7":"product_cat-bijoux","8":"product_tag-accessoire","9":"product_tag-argent","10":"product_tag-bijoux","11":"product_tag-danse-du-ventre","12":"product_tag-danse-orientale","13":"product_tag-strass-fr-3","14":"product_tag-vetements-de-danse-du-ventre-fr","15":"product_shipping_class-standard-fr","17":"first","18":"instock","19":"sale","20":"taxable","21":"shipping-taxable","22":"purchasable","23":"product-type-simple","24":"add-to-wishlist-after_add_to_cart"},"yoast_head":"<!-- This site is optimized with the Yoast SEO plugin v26.6 - https:\/\/yoast.com\/wordpress\/plugins\/seo\/ -->\n<title>Ceinture taille triple en strass - Neyla Dancewear - V\u00eatements de danse du ventre<\/title>\n<meta name=\"description\" content=\"La Cinturilla Triple de Strass es un complemento muy original e ideal para tus ensayos o tus presentaciones en escenario.\" \/>\n<meta name=\"robots\" content=\"index, follow, max-snippet:-1, max-image-preview:large, max-video-preview:-1\" \/>\n<link rel=\"canonical\" href=\"https:\/\/neylaropadedanza.es\/fr\/product\/ceinture-taille-triple-en-strass\/\" \/>\n<meta property=\"og:locale\" content=\"fr_FR\" \/>\n<meta property=\"og:type\" content=\"article\" \/>\n<meta property=\"og:title\" content=\"Ceinture taille triple en strass - Neyla Dancewear - V\u00eatements de danse du ventre\" \/>\n<meta property=\"og:description\" content=\"La Cinturilla Triple de Strass es un complemento muy original e ideal para tus ensayos o tus presentaciones en escenario.\" \/>\n<meta property=\"og:url\" content=\"https:\/\/neylaropadedanza.es\/fr\/product\/ceinture-taille-triple-en-strass\/\" \/>\n<meta property=\"og:site_name\" content=\"Neyla Dancewear\" \/>\n<meta property=\"article:publisher\" content=\"https:\/\/www.facebook.com\/neyladancewear\/\" \/>\n<meta property=\"og:image\" content=\"https:\/\/neylaropadedanza.com\/wp-content\/uploads\/2019\/05\/Bosseta-Vels-editada-18.jpg\" \/>\n\t<meta property=\"og:image:width\" content=\"1021\" \/>\n\t<meta property=\"og:image:height\" content=\"1024\" \/>\n\t<meta property=\"og:image:type\" content=\"image\/jpeg\" \/>\n<meta name=\"twitter:card\" content=\"summary_large_image\" \/>\n<meta name=\"twitter:label1\" content=\"Dur\u00e9e de lecture estim\u00e9e\" \/>\n\t<meta name=\"twitter:data1\" content=\"2 minutes\" \/>\n<script type=\"application\/ld+json\" class=\"yoast-schema-graph\">{\"@context\":\"https:\/\/schema.org\",\"@graph\":[{\"@type\":\"WebPage\",\"@id\":\"https:\/\/neylaropadedanza.es\/fr\/product\/ceinture-taille-triple-en-strass\/\",\"url\":\"https:\/\/neylaropadedanza.es\/fr\/product\/ceinture-taille-triple-en-strass\/\",\"name\":\"Ceinture taille triple en strass - Neyla Dancewear - V\u00eatements de danse du ventre\",\"isPartOf\":{\"@id\":\"https:\/\/neylaropadedanza.com\/#website\"},\"primaryImageOfPage\":{\"@id\":\"https:\/\/neylaropadedanza.es\/fr\/product\/ceinture-taille-triple-en-strass\/#primaryimage\"},\"image\":{\"@id\":\"https:\/\/neylaropadedanza.es\/fr\/product\/ceinture-taille-triple-en-strass\/#primaryimage\"},\"thumbnailUrl\":\"https:\/\/neylaropadedanza.es\/wp-content\/uploads\/2019\/05\/Bosseta-Vels-editada-18.jpg\",\"datePublished\":\"2019-05-29T13:34:48+00:00\",\"description\":\"La Cinturilla Triple de Strass es un complemento muy original e ideal para tus ensayos o tus presentaciones en escenario.\",\"breadcrumb\":{\"@id\":\"https:\/\/neylaropadedanza.es\/fr\/product\/ceinture-taille-triple-en-strass\/#breadcrumb\"},\"inLanguage\":\"fr-FR\",\"potentialAction\":[{\"@type\":\"ReadAction\",\"target\":[\"https:\/\/neylaropadedanza.es\/fr\/product\/ceinture-taille-triple-en-strass\/\"]}]},{\"@type\":\"ImageObject\",\"inLanguage\":\"fr-FR\",\"@id\":\"https:\/\/neylaropadedanza.es\/fr\/product\/ceinture-taille-triple-en-strass\/#primaryimage\",\"url\":\"https:\/\/neylaropadedanza.es\/wp-content\/uploads\/2019\/05\/Bosseta-Vels-editada-18.jpg\",\"contentUrl\":\"https:\/\/neylaropadedanza.es\/wp-content\/uploads\/2019\/05\/Bosseta-Vels-editada-18.jpg\",\"width\":1021,\"height\":1024,\"caption\":\"Ceinture taille triple en strass argent\u00e9 pour danse du ventre et danse orientale.\"},{\"@type\":\"BreadcrumbList\",\"@id\":\"https:\/\/neylaropadedanza.es\/fr\/product\/ceinture-taille-triple-en-strass\/#breadcrumb\",\"itemListElement\":[{\"@type\":\"ListItem\",\"position\":1,\"name\":\"Home\",\"item\":\"https:\/\/neylaropadedanza.es\/fr\/\"},{\"@type\":\"ListItem\",\"position\":2,\"name\":\"Produits\",\"item\":\"https:\/\/neylaropadedanza.es\/fr\/shop\/\"},{\"@type\":\"ListItem\",\"position\":3,\"name\":\"Ceinture taille triple en strass\"}]},{\"@type\":\"WebSite\",\"@id\":\"https:\/\/neylaropadedanza.com\/#website\",\"url\":\"https:\/\/neylaropadedanza.com\/\",\"name\":\"NeylaRopaDeDanza\",\"description\":\"Ropa de Danza del Vientre, danza oriental, trajes, ropa de ensayo y mucho m\u00e1s!\",\"publisher\":{\"@id\":\"https:\/\/neylaropadedanza.com\/#organization\"},\"potentialAction\":[{\"@type\":\"SearchAction\",\"target\":{\"@type\":\"EntryPoint\",\"urlTemplate\":\"https:\/\/neylaropadedanza.com\/?s={search_term_string}\"},\"query-input\":{\"@type\":\"PropertyValueSpecification\",\"valueRequired\":true,\"valueName\":\"search_term_string\"}}],\"inLanguage\":\"fr-FR\"},{\"@type\":\"Organization\",\"@id\":\"https:\/\/neylaropadedanza.com\/#organization\",\"name\":\"NeylaRopaDeDanza\",\"url\":\"https:\/\/neylaropadedanza.com\/\",\"logo\":{\"@type\":\"ImageObject\",\"inLanguage\":\"fr-FR\",\"@id\":\"https:\/\/neylaropadedanza.com\/#\/schema\/logo\/image\/\",\"url\":\"https:\/\/neylaropadedanza.es\/wp-content\/uploads\/2025\/04\/Neyla-Blanc.webp\",\"contentUrl\":\"https:\/\/neylaropadedanza.es\/wp-content\/uploads\/2025\/04\/Neyla-Blanc.webp\",\"width\":1970,\"height\":936,\"caption\":\"NeylaRopaDeDanza\"},\"image\":{\"@id\":\"https:\/\/neylaropadedanza.com\/#\/schema\/logo\/image\/\"},\"sameAs\":[\"https:\/\/www.facebook.com\/neyladancewear\/\",\"https:\/\/www.instagram.com\/neyladancewear\/\",\"https:\/\/www.youtube.com\/channel\/UCKlqrANcZD0QqKXzpy4taWA?view_as=subscriber\"]}]}<\/script>\n<!-- \/ Yoast SEO plugin. -->","yoast_head_json":{"title":"Ceinture taille triple en strass - Neyla Dancewear - V\u00eatements de danse du ventre","description":"La Cinturilla Triple de Strass es un complemento muy original e ideal para tus ensayos o tus presentaciones en escenario.","robots":{"index":"index","follow":"follow","max-snippet":"max-snippet:-1","max-image-preview":"max-image-preview:large","max-video-preview":"max-video-preview:-1"},"canonical":"https:\/\/neylaropadedanza.es\/fr\/product\/ceinture-taille-triple-en-strass\/","og_locale":"fr_FR","og_type":"article","og_title":"Ceinture taille triple en strass - Neyla Dancewear - V\u00eatements de danse du ventre","og_description":"La Cinturilla Triple de Strass es un complemento muy original e ideal para tus ensayos o tus presentaciones en escenario.","og_url":"https:\/\/neylaropadedanza.es\/fr\/product\/ceinture-taille-triple-en-strass\/","og_site_name":"Neyla Dancewear","article_publisher":"https:\/\/www.facebook.com\/neyladancewear\/","og_image":[{"width":1021,"height":1024,"url":"https:\/\/neylaropadedanza.com\/wp-content\/uploads\/2019\/05\/Bosseta-Vels-editada-18.jpg","type":"image\/jpeg"}],"twitter_card":"summary_large_image","twitter_misc":{"Dur\u00e9e de lecture estim\u00e9e":"2 minutes"},"schema":{"@context":"https:\/\/schema.org","@graph":[{"@type":"WebPage","@id":"https:\/\/neylaropadedanza.es\/fr\/product\/ceinture-taille-triple-en-strass\/","url":"https:\/\/neylaropadedanza.es\/fr\/product\/ceinture-taille-triple-en-strass\/","name":"Ceinture taille triple en strass - Neyla Dancewear - V\u00eatements de danse du ventre","isPartOf":{"@id":"https:\/\/neylaropadedanza.com\/#website"},"primaryImageOfPage":{"@id":"https:\/\/neylaropadedanza.es\/fr\/product\/ceinture-taille-triple-en-strass\/#primaryimage"},"image":{"@id":"https:\/\/neylaropadedanza.es\/fr\/product\/ceinture-taille-triple-en-strass\/#primaryimage"},"thumbnailUrl":"https:\/\/neylaropadedanza.es\/wp-content\/uploads\/2019\/05\/Bosseta-Vels-editada-18.jpg","datePublished":"2019-05-29T13:34:48+00:00","description":"La Cinturilla Triple de Strass es un complemento muy original e ideal para tus ensayos o tus presentaciones en escenario.","breadcrumb":{"@id":"https:\/\/neylaropadedanza.es\/fr\/product\/ceinture-taille-triple-en-strass\/#breadcrumb"},"inLanguage":"fr-FR","potentialAction":[{"@type":"ReadAction","target":["https:\/\/neylaropadedanza.es\/fr\/product\/ceinture-taille-triple-en-strass\/"]}]},{"@type":"ImageObject","inLanguage":"fr-FR","@id":"https:\/\/neylaropadedanza.es\/fr\/product\/ceinture-taille-triple-en-strass\/#primaryimage","url":"https:\/\/neylaropadedanza.es\/wp-content\/uploads\/2019\/05\/Bosseta-Vels-editada-18.jpg","contentUrl":"https:\/\/neylaropadedanza.es\/wp-content\/uploads\/2019\/05\/Bosseta-Vels-editada-18.jpg","width":1021,"height":1024,"caption":"Ceinture taille triple en strass argent\u00e9 pour danse du ventre et danse orientale."},{"@type":"BreadcrumbList","@id":"https:\/\/neylaropadedanza.es\/fr\/product\/ceinture-taille-triple-en-strass\/#breadcrumb","itemListElement":[{"@type":"ListItem","position":1,"name":"Home","item":"https:\/\/neylaropadedanza.es\/fr\/"},{"@type":"ListItem","position":2,"name":"Produits","item":"https:\/\/neylaropadedanza.es\/fr\/shop\/"},{"@type":"ListItem","position":3,"name":"Ceinture taille triple en strass"}]},{"@type":"WebSite","@id":"https:\/\/neylaropadedanza.com\/#website","url":"https:\/\/neylaropadedanza.com\/","name":"NeylaRopaDeDanza","description":"Ropa de Danza del Vientre, danza oriental, trajes, ropa de ensayo y mucho m\u00e1s!","publisher":{"@id":"https:\/\/neylaropadedanza.com\/#organization"},"potentialAction":[{"@type":"SearchAction","target":{"@type":"EntryPoint","urlTemplate":"https:\/\/neylaropadedanza.com\/?s={search_term_string}"},"query-input":{"@type":"PropertyValueSpecification","valueRequired":true,"valueName":"search_term_string"}}],"inLanguage":"fr-FR"},{"@type":"Organization","@id":"https:\/\/neylaropadedanza.com\/#organization","name":"NeylaRopaDeDanza","url":"https:\/\/neylaropadedanza.com\/","logo":{"@type":"ImageObject","inLanguage":"fr-FR","@id":"https:\/\/neylaropadedanza.com\/#\/schema\/logo\/image\/","url":"https:\/\/neylaropadedanza.es\/wp-content\/uploads\/2025\/04\/Neyla-Blanc.webp","contentUrl":"https:\/\/neylaropadedanza.es\/wp-content\/uploads\/2025\/04\/Neyla-Blanc.webp","width":1970,"height":936,"caption":"NeylaRopaDeDanza"},"image":{"@id":"https:\/\/neylaropadedanza.com\/#\/schema\/logo\/image\/"},"sameAs":["https:\/\/www.facebook.com\/neyladancewear\/","https:\/\/www.instagram.com\/neyladancewear\/","https:\/\/www.youtube.com\/channel\/UCKlqrANcZD0QqKXzpy4taWA?view_as=subscriber"]}]}},"_links":{"self":[{"href":"https:\/\/neylaropadedanza.es\/fr\/wp-json\/wp\/v2\/product\/19621","targetHints":{"allow":["GET"]}}],"collection":[{"href":"https:\/\/neylaropadedanza.es\/fr\/wp-json\/wp\/v2\/product"}],"about":[{"href":"https:\/\/neylaropadedanza.es\/fr\/wp-json\/wp\/v2\/types\/product"}],"replies":[{"embeddable":true,"href":"https:\/\/neylaropadedanza.es\/fr\/wp-json\/wp\/v2\/comments?post=19621"}],"version-history":[{"count":0,"href":"https:\/\/neylaropadedanza.es\/fr\/wp-json\/wp\/v2\/product\/19621\/revisions"}],"wp:featuredmedia":[{"embeddable":true,"href":"https:\/\/neylaropadedanza.es\/fr\/wp-json\/wp\/v2\/media\/17526"}],"wp:attachment":[{"href":"https:\/\/neylaropadedanza.es\/fr\/wp-json\/wp\/v2\/media?parent=19621"}],"wp:term":[{"taxonomy":"product_brand","embeddable":true,"href":"https:\/\/neylaropadedanza.es\/fr\/wp-json\/wp\/v2\/product_brand?post=19621"},{"taxonomy":"product_cat","embeddable":true,"href":"https:\/\/neylaropadedanza.es\/fr\/wp-json\/wp\/v2\/product_cat?post=19621"},{"taxonomy":"product_tag","embeddable":true,"href":"https:\/\/neylaropadedanza.es\/fr\/wp-json\/wp\/v2\/product_tag?post=19621"}],"curies":[{"name":"wp","href":"https:\/\/api.w.org\/{rel}","templated":true}]}}