{"id":19617,"date":"2019-02-19T22:29:09","date_gmt":"2019-02-19T22:29:09","guid":{"rendered":"https:\/\/neylaropadedanza.es\/product\/anaan\/"},"modified":"2019-02-19T22:29:09","modified_gmt":"2019-02-19T22:29:09","slug":"anaan","status":"publish","type":"product","link":"https:\/\/neylaropadedanza.es\/fr\/product\/anaan\/","title":{"rendered":"Anaan"},"content":{"rendered":"<h2 data-start=\"168\" data-end=\"245\"><strong data-start=\"168\" data-end=\"245\">Collants pieds nus Anaan \u2013 Confort et style \u00e0 chaque pas de votre danse \u2728\ud83e\uddb6<\/strong><\/h2>\n<p data-start=\"247\" data-end=\"570\">Les <strong data-start=\"251\" data-end=\"267\">collants pieds nus Anaan<\/strong> sont l\u2019accessoire parfait pour compl\u00e9ter vos tenues de danse du ventre, danse orientale, fusion et plus encore. Chez Neyla Dancewear, nous savons que chaque d\u00e9tail compte pour vous faire sentir confiante et rayonnante sur sc\u00e8ne, c\u2019est pourquoi nous proposons des collants au design exclusif et au confort exceptionnel. \ud83d\udc83\ud83c\udf1f  <\/p>\n<p data-start=\"572\" data-end=\"889\">Ces collants taille unique s\u2019adaptent parfaitement \u00e0 toutes les tailles, moulant votre jambe pour offrir une libert\u00e9 totale de mouvement et un confort lors des r\u00e9p\u00e9titions et spectacles. Leur tissu doux et r\u00e9sistant garantit une longue dur\u00e9e de vie, tandis que leur design \u00e9l\u00e9gant et simple met en valeur toutes les tenues. \ud83e\uddb6\u2728  <\/p>\n<p data-start=\"891\" data-end=\"1099\">Associez-les \u00e0 vos tenues d\u2019entra\u00eenement ou costumes Neyla Queen pour une finition professionnelle et harmonieuse. Ils sont \u00e9galement id\u00e9aux pour cacher les imperfections et prot\u00e9ger vos jambes pendant les longues sessions de danse. \ud83d\udc96<\/p>\n<p data-start=\"1101\" data-end=\"1348\">Visitez notre section accessoires pour d\u00e9couvrir une large vari\u00e9t\u00e9 de compl\u00e9ments tels que bijoux, ceintures en strass et voiles en soie qui renforceront encore plus votre style et votre pr\u00e9sence. <a href=\"https:\/\/neylaropadedanza.es\/fr\/accessoires\/\">Cliquez ici<\/a> et compl\u00e9tez votre look avec Neyla Dancewear ! \ud83c\udf80\ud83d\udc51 <\/p>\n","protected":false},"excerpt":{"rendered":"<p>Collants pieds nus Anaan \u2013 Confort et style \u00e0 chaque pas de votre danse \u2728\ud83e\uddb6 Les collants pieds nus Anaan sont l\u2019accessoire parfait pour compl\u00e9ter vos tenues de danse du ventre, danse orientale, fusion et plus encore. Chez Neyla Dancewear, nous savons que chaque d\u00e9tail compte pour vous faire sentir confiante et rayonnante sur sc\u00e8ne, [&hellip;]<\/p>\n","protected":false},"featured_media":17494,"comment_status":"open","ping_status":"closed","template":"","meta":{"content-type":"","_monsterinsights_skip_tracking":false,"_monsterinsights_sitenote_active":false,"_monsterinsights_sitenote_note":"","_monsterinsights_sitenote_category":0,"_uf_show_specific_survey":0,"_uf_disable_surveys":false},"product_brand":[],"product_cat":[971,969],"product_tag":[1046,1259,1120,1403,1243,1271,1068,1305],"class_list":{"0":"post-19617","1":"product","2":"type-product","3":"status-publish","4":"has-post-thumbnail","6":"product_cat-bodys-tops-et-leggings","7":"product_cat-vetements-dentrainement","8":"product_tag-aurore-boreale","9":"product_tag-collants","10":"product_tag-danse-du-ventre","11":"product_tag-danse-orientale","12":"product_tag-nude-fr","13":"product_tag-strass-fr-2","14":"product_tag-strass-fr","15":"product_tag-vetements-de-danse-du-ventre-fr","16":"product_shipping_class-standard-fr","18":"first","19":"instock","20":"sale","21":"taxable","22":"shipping-taxable","23":"purchasable","24":"product-type-simple","25":"add-to-wishlist-after_add_to_cart"},"yoast_head":"<!-- This site is optimized with the Yoast SEO plugin v26.6 - https:\/\/yoast.com\/wordpress\/plugins\/seo\/ -->\n<title>Anaan - Neyla Dancewear - V\u00eatements de danse du ventre<\/title>\n<meta name=\"description\" content=\"Les collants Anaan sont le compl\u00e9ment parfait pour votre costume, jupe ou tenue de danse orientale. Les meilleurs v\u00eatements de danse orientale chez Neyla Dancewear !\" \/>\n<meta name=\"robots\" content=\"index, follow, max-snippet:-1, max-image-preview:large, max-video-preview:-1\" \/>\n<link rel=\"canonical\" href=\"https:\/\/neylaropadedanza.es\/fr\/product\/anaan\/\" \/>\n<meta property=\"og:locale\" content=\"fr_FR\" \/>\n<meta property=\"og:type\" content=\"article\" \/>\n<meta property=\"og:title\" content=\"Anaan - Neyla Dancewear - V\u00eatements de danse du ventre\" \/>\n<meta property=\"og:description\" content=\"Les collants Anaan sont le compl\u00e9ment parfait pour votre costume, jupe ou tenue de danse orientale. Les meilleurs v\u00eatements de danse orientale chez Neyla Dancewear !\" \/>\n<meta property=\"og:url\" content=\"https:\/\/neylaropadedanza.es\/fr\/product\/anaan\/\" \/>\n<meta property=\"og:site_name\" content=\"Neyla Dancewear\" \/>\n<meta property=\"article:publisher\" content=\"https:\/\/www.facebook.com\/neyladancewear\/\" \/>\n<meta property=\"og:image\" content=\"https:\/\/neylaropadedanza.com\/wp-content\/uploads\/2019\/04\/Ropa-de-Danza-del-Vientre-Ensayo-66.jpg\" \/>\n\t<meta property=\"og:image:width\" content=\"768\" \/>\n\t<meta property=\"og:image:height\" content=\"1024\" \/>\n\t<meta property=\"og:image:type\" content=\"image\/jpeg\" \/>\n<meta name=\"twitter:card\" content=\"summary_large_image\" \/>\n<meta name=\"twitter:label1\" content=\"Dur\u00e9e de lecture estim\u00e9e\" \/>\n\t<meta name=\"twitter:data1\" content=\"1 minute\" \/>\n<script type=\"application\/ld+json\" class=\"yoast-schema-graph\">{\"@context\":\"https:\/\/schema.org\",\"@graph\":[{\"@type\":\"WebPage\",\"@id\":\"https:\/\/neylaropadedanza.es\/fr\/product\/anaan\/\",\"url\":\"https:\/\/neylaropadedanza.es\/fr\/product\/anaan\/\",\"name\":\"Anaan - Neyla Dancewear - V\u00eatements de danse du ventre\",\"isPartOf\":{\"@id\":\"https:\/\/neylaropadedanza.com\/#website\"},\"primaryImageOfPage\":{\"@id\":\"https:\/\/neylaropadedanza.es\/fr\/product\/anaan\/#primaryimage\"},\"image\":{\"@id\":\"https:\/\/neylaropadedanza.es\/fr\/product\/anaan\/#primaryimage\"},\"thumbnailUrl\":\"https:\/\/neylaropadedanza.es\/wp-content\/uploads\/2019\/04\/Ropa-de-Danza-del-Vientre-Ensayo-66.jpg\",\"datePublished\":\"2019-02-19T22:29:09+00:00\",\"description\":\"Les collants Anaan sont le compl\u00e9ment parfait pour votre costume, jupe ou tenue de danse orientale. Les meilleurs v\u00eatements de danse orientale chez Neyla Dancewear !\",\"breadcrumb\":{\"@id\":\"https:\/\/neylaropadedanza.es\/fr\/product\/anaan\/#breadcrumb\"},\"inLanguage\":\"fr-FR\",\"potentialAction\":[{\"@type\":\"ReadAction\",\"target\":[\"https:\/\/neylaropadedanza.es\/fr\/product\/anaan\/\"]}]},{\"@type\":\"ImageObject\",\"inLanguage\":\"fr-FR\",\"@id\":\"https:\/\/neylaropadedanza.es\/fr\/product\/anaan\/#primaryimage\",\"url\":\"https:\/\/neylaropadedanza.es\/wp-content\/uploads\/2019\/04\/Ropa-de-Danza-del-Vientre-Ensayo-66.jpg\",\"contentUrl\":\"https:\/\/neylaropadedanza.es\/wp-content\/uploads\/2019\/04\/Ropa-de-Danza-del-Vientre-Ensayo-66.jpg\",\"width\":768,\"height\":1024,\"caption\":\"Collants pieds nus Anaan pour danse du ventre et danse orientale.\"},{\"@type\":\"BreadcrumbList\",\"@id\":\"https:\/\/neylaropadedanza.es\/fr\/product\/anaan\/#breadcrumb\",\"itemListElement\":[{\"@type\":\"ListItem\",\"position\":1,\"name\":\"Home\",\"item\":\"https:\/\/neylaropadedanza.es\/fr\/\"},{\"@type\":\"ListItem\",\"position\":2,\"name\":\"Produits\",\"item\":\"https:\/\/neylaropadedanza.es\/fr\/shop\/\"},{\"@type\":\"ListItem\",\"position\":3,\"name\":\"Anaan\"}]},{\"@type\":\"WebSite\",\"@id\":\"https:\/\/neylaropadedanza.com\/#website\",\"url\":\"https:\/\/neylaropadedanza.com\/\",\"name\":\"NeylaRopaDeDanza\",\"description\":\"Ropa de Danza del Vientre, danza oriental, trajes, ropa de ensayo y mucho m\u00e1s!\",\"publisher\":{\"@id\":\"https:\/\/neylaropadedanza.com\/#organization\"},\"potentialAction\":[{\"@type\":\"SearchAction\",\"target\":{\"@type\":\"EntryPoint\",\"urlTemplate\":\"https:\/\/neylaropadedanza.com\/?s={search_term_string}\"},\"query-input\":{\"@type\":\"PropertyValueSpecification\",\"valueRequired\":true,\"valueName\":\"search_term_string\"}}],\"inLanguage\":\"fr-FR\"},{\"@type\":\"Organization\",\"@id\":\"https:\/\/neylaropadedanza.com\/#organization\",\"name\":\"NeylaRopaDeDanza\",\"url\":\"https:\/\/neylaropadedanza.com\/\",\"logo\":{\"@type\":\"ImageObject\",\"inLanguage\":\"fr-FR\",\"@id\":\"https:\/\/neylaropadedanza.com\/#\/schema\/logo\/image\/\",\"url\":\"https:\/\/neylaropadedanza.es\/wp-content\/uploads\/2025\/04\/Neyla-Blanc.webp\",\"contentUrl\":\"https:\/\/neylaropadedanza.es\/wp-content\/uploads\/2025\/04\/Neyla-Blanc.webp\",\"width\":1970,\"height\":936,\"caption\":\"NeylaRopaDeDanza\"},\"image\":{\"@id\":\"https:\/\/neylaropadedanza.com\/#\/schema\/logo\/image\/\"},\"sameAs\":[\"https:\/\/www.facebook.com\/neyladancewear\/\",\"https:\/\/www.instagram.com\/neyladancewear\/\",\"https:\/\/www.youtube.com\/channel\/UCKlqrANcZD0QqKXzpy4taWA?view_as=subscriber\"]}]}<\/script>\n<!-- \/ Yoast SEO plugin. -->","yoast_head_json":{"title":"Anaan - Neyla Dancewear - V\u00eatements de danse du ventre","description":"Les collants Anaan sont le compl\u00e9ment parfait pour votre costume, jupe ou tenue de danse orientale. Les meilleurs v\u00eatements de danse orientale chez Neyla Dancewear !","robots":{"index":"index","follow":"follow","max-snippet":"max-snippet:-1","max-image-preview":"max-image-preview:large","max-video-preview":"max-video-preview:-1"},"canonical":"https:\/\/neylaropadedanza.es\/fr\/product\/anaan\/","og_locale":"fr_FR","og_type":"article","og_title":"Anaan - Neyla Dancewear - V\u00eatements de danse du ventre","og_description":"Les collants Anaan sont le compl\u00e9ment parfait pour votre costume, jupe ou tenue de danse orientale. Les meilleurs v\u00eatements de danse orientale chez Neyla Dancewear !","og_url":"https:\/\/neylaropadedanza.es\/fr\/product\/anaan\/","og_site_name":"Neyla Dancewear","article_publisher":"https:\/\/www.facebook.com\/neyladancewear\/","og_image":[{"width":768,"height":1024,"url":"https:\/\/neylaropadedanza.com\/wp-content\/uploads\/2019\/04\/Ropa-de-Danza-del-Vientre-Ensayo-66.jpg","type":"image\/jpeg"}],"twitter_card":"summary_large_image","twitter_misc":{"Dur\u00e9e de lecture estim\u00e9e":"1 minute"},"schema":{"@context":"https:\/\/schema.org","@graph":[{"@type":"WebPage","@id":"https:\/\/neylaropadedanza.es\/fr\/product\/anaan\/","url":"https:\/\/neylaropadedanza.es\/fr\/product\/anaan\/","name":"Anaan - Neyla Dancewear - V\u00eatements de danse du ventre","isPartOf":{"@id":"https:\/\/neylaropadedanza.com\/#website"},"primaryImageOfPage":{"@id":"https:\/\/neylaropadedanza.es\/fr\/product\/anaan\/#primaryimage"},"image":{"@id":"https:\/\/neylaropadedanza.es\/fr\/product\/anaan\/#primaryimage"},"thumbnailUrl":"https:\/\/neylaropadedanza.es\/wp-content\/uploads\/2019\/04\/Ropa-de-Danza-del-Vientre-Ensayo-66.jpg","datePublished":"2019-02-19T22:29:09+00:00","description":"Les collants Anaan sont le compl\u00e9ment parfait pour votre costume, jupe ou tenue de danse orientale. Les meilleurs v\u00eatements de danse orientale chez Neyla Dancewear !","breadcrumb":{"@id":"https:\/\/neylaropadedanza.es\/fr\/product\/anaan\/#breadcrumb"},"inLanguage":"fr-FR","potentialAction":[{"@type":"ReadAction","target":["https:\/\/neylaropadedanza.es\/fr\/product\/anaan\/"]}]},{"@type":"ImageObject","inLanguage":"fr-FR","@id":"https:\/\/neylaropadedanza.es\/fr\/product\/anaan\/#primaryimage","url":"https:\/\/neylaropadedanza.es\/wp-content\/uploads\/2019\/04\/Ropa-de-Danza-del-Vientre-Ensayo-66.jpg","contentUrl":"https:\/\/neylaropadedanza.es\/wp-content\/uploads\/2019\/04\/Ropa-de-Danza-del-Vientre-Ensayo-66.jpg","width":768,"height":1024,"caption":"Collants pieds nus Anaan pour danse du ventre et danse orientale."},{"@type":"BreadcrumbList","@id":"https:\/\/neylaropadedanza.es\/fr\/product\/anaan\/#breadcrumb","itemListElement":[{"@type":"ListItem","position":1,"name":"Home","item":"https:\/\/neylaropadedanza.es\/fr\/"},{"@type":"ListItem","position":2,"name":"Produits","item":"https:\/\/neylaropadedanza.es\/fr\/shop\/"},{"@type":"ListItem","position":3,"name":"Anaan"}]},{"@type":"WebSite","@id":"https:\/\/neylaropadedanza.com\/#website","url":"https:\/\/neylaropadedanza.com\/","name":"NeylaRopaDeDanza","description":"Ropa de Danza del Vientre, danza oriental, trajes, ropa de ensayo y mucho m\u00e1s!","publisher":{"@id":"https:\/\/neylaropadedanza.com\/#organization"},"potentialAction":[{"@type":"SearchAction","target":{"@type":"EntryPoint","urlTemplate":"https:\/\/neylaropadedanza.com\/?s={search_term_string}"},"query-input":{"@type":"PropertyValueSpecification","valueRequired":true,"valueName":"search_term_string"}}],"inLanguage":"fr-FR"},{"@type":"Organization","@id":"https:\/\/neylaropadedanza.com\/#organization","name":"NeylaRopaDeDanza","url":"https:\/\/neylaropadedanza.com\/","logo":{"@type":"ImageObject","inLanguage":"fr-FR","@id":"https:\/\/neylaropadedanza.com\/#\/schema\/logo\/image\/","url":"https:\/\/neylaropadedanza.es\/wp-content\/uploads\/2025\/04\/Neyla-Blanc.webp","contentUrl":"https:\/\/neylaropadedanza.es\/wp-content\/uploads\/2025\/04\/Neyla-Blanc.webp","width":1970,"height":936,"caption":"NeylaRopaDeDanza"},"image":{"@id":"https:\/\/neylaropadedanza.com\/#\/schema\/logo\/image\/"},"sameAs":["https:\/\/www.facebook.com\/neyladancewear\/","https:\/\/www.instagram.com\/neyladancewear\/","https:\/\/www.youtube.com\/channel\/UCKlqrANcZD0QqKXzpy4taWA?view_as=subscriber"]}]}},"_links":{"self":[{"href":"https:\/\/neylaropadedanza.es\/fr\/wp-json\/wp\/v2\/product\/19617","targetHints":{"allow":["GET"]}}],"collection":[{"href":"https:\/\/neylaropadedanza.es\/fr\/wp-json\/wp\/v2\/product"}],"about":[{"href":"https:\/\/neylaropadedanza.es\/fr\/wp-json\/wp\/v2\/types\/product"}],"replies":[{"embeddable":true,"href":"https:\/\/neylaropadedanza.es\/fr\/wp-json\/wp\/v2\/comments?post=19617"}],"version-history":[{"count":0,"href":"https:\/\/neylaropadedanza.es\/fr\/wp-json\/wp\/v2\/product\/19617\/revisions"}],"wp:featuredmedia":[{"embeddable":true,"href":"https:\/\/neylaropadedanza.es\/fr\/wp-json\/wp\/v2\/media\/17494"}],"wp:attachment":[{"href":"https:\/\/neylaropadedanza.es\/fr\/wp-json\/wp\/v2\/media?parent=19617"}],"wp:term":[{"taxonomy":"product_brand","embeddable":true,"href":"https:\/\/neylaropadedanza.es\/fr\/wp-json\/wp\/v2\/product_brand?post=19617"},{"taxonomy":"product_cat","embeddable":true,"href":"https:\/\/neylaropadedanza.es\/fr\/wp-json\/wp\/v2\/product_cat?post=19617"},{"taxonomy":"product_tag","embeddable":true,"href":"https:\/\/neylaropadedanza.es\/fr\/wp-json\/wp\/v2\/product_tag?post=19617"}],"curies":[{"name":"wp","href":"https:\/\/api.w.org\/{rel}","templated":true}]}}