{"id":19615,"date":"2019-07-21T15:13:52","date_gmt":"2019-07-21T15:13:52","guid":{"rendered":"https:\/\/neylaropadedanza.es\/product\/anbar\/"},"modified":"2019-07-21T15:13:52","modified_gmt":"2019-07-21T15:13:52","slug":"anbar","status":"publish","type":"product","link":"https:\/\/neylaropadedanza.es\/fr\/product\/anbar\/","title":{"rendered":"Anbar"},"content":{"rendered":"<h3 data-section-id=\"36jes6\" data-start=\"217\" data-end=\"288\">Collants pieds nus Anbar \u2013 \u00c9l\u00e9gance et confort \u00e0 chaque pas de votre danse \u2728\ud83e\uddb6<\/h3>\n<p data-start=\"290\" data-end=\"623\">Les <strong data-start=\"294\" data-end=\"310\">collants pieds nus Anbar<\/strong> sont l\u2019accessoire essentiel pour compl\u00e9ter votre tenue de danse du ventre, danse orientale, fusion et plus encore. Chez Neyla Dancewear, nous savons que chaque d\u00e9tail compte pour que vous vous sentiez belle, confortable et s\u00fbre de vous \u00e0 chaque mouvement, c\u2019est pourquoi nous proposons des collants uniques qui allient fonctionnalit\u00e9 et style. \ud83d\udc83\ud83c\udf1f  <\/p>\n<p data-start=\"625\" data-end=\"1023\">Fabriqu\u00e9s en taille unique avec une \u00e9lasticit\u00e9 parfaite, les collants Anbar s\u2019adaptent \u00e0 toutes les tailles, moulant la forme de votre jambe pour que vous puissiez profiter d\u2019une libert\u00e9 et d\u2019un confort totaux lors des r\u00e9p\u00e9titions et spectacles. Ils comportent une partie pointe que vous pouvez couper si vous pr\u00e9f\u00e9rez laisser vos orteils libres sans provoquer de filage, \u00e0 condition de ne couper que la partie pointe. \ud83e\uddb6\u2702\ufe0f  <\/p>\n<p data-start=\"1025\" data-end=\"1366\">Ce qui rend vraiment ces collants sp\u00e9ciaux, c\u2019est leur d\u00e9coration en strass \u00e9tincelants, qui refl\u00e8tent la lumi\u00e8re de mani\u00e8re spectaculaire et ajoutent une touche de glamour et de sophistication \u00e0 votre tenue. Parfaits pour briller sur sc\u00e8ne, qu\u2019ils soient associ\u00e9s \u00e0 vos tenues d\u2019entra\u00eenement, costumes de groupe ou m\u00eame aux \u00e9l\u00e9gants costumes Neyla Queen. \ud83c\udf08\u2728  <\/p>\n<p data-start=\"1368\" data-end=\"1576\">De plus, les collants Anbar vous aident \u00e0 dissimuler les petites imperfections que vous souhaitez cacher tout en offrant une sensation l\u00e9g\u00e8re et confortable pour que rien ne perturbe votre danse ni votre concentration. \ud83d\udc96<\/p>\n<p data-start=\"1578\" data-end=\"1927\">N\u2019oubliez pas de visiter notre <a href=\"https:\/\/neylaropadedanza.es\/fr\/accessoires\/\">section accessoires<\/a> pour d\u00e9couvrir tout ce que Neyla Dancewear a pr\u00e9par\u00e9 pour vous : bijoux, ceintures en strass, voiles en soie et bien plus encore. Tous soigneusement s\u00e9lectionn\u00e9s pour vous accompagner pendant des ann\u00e9es et garder votre style impeccable. <a href=\"https:\/\/neylaropadedanza.es\/fr\/accessoires\/\">Cliquez ici<\/a> et donnez \u00e0 votre danse cette touche sp\u00e9ciale qu\u2019elle m\u00e9rite ! \ud83c\udf80\ud83d\udc51 <\/p>\n","protected":false},"excerpt":{"rendered":"<p>Collants pieds nus Anbar \u2013 \u00c9l\u00e9gance et confort \u00e0 chaque pas de votre danse \u2728\ud83e\uddb6 Les collants pieds nus Anbar sont l\u2019accessoire essentiel pour compl\u00e9ter votre tenue de danse du ventre, danse orientale, fusion et plus encore. Chez Neyla Dancewear, nous savons que chaque d\u00e9tail compte pour que vous vous sentiez belle, confortable et s\u00fbre [&hellip;]<\/p>\n","protected":false},"featured_media":17530,"comment_status":"open","ping_status":"closed","template":"","meta":{"content-type":"","_monsterinsights_skip_tracking":false,"_monsterinsights_sitenote_active":false,"_monsterinsights_sitenote_note":"","_monsterinsights_sitenote_category":0,"_uf_show_specific_survey":0,"_uf_disable_surveys":false},"product_brand":[],"product_cat":[971,969],"product_tag":[1262,1120,1253,1068,1305],"class_list":{"0":"post-19615","1":"product","2":"type-product","3":"status-publish","4":"has-post-thumbnail","6":"product_cat-bodys-tops-et-leggings","7":"product_cat-vetements-dentrainement","8":"product_tag-collants-fr","9":"product_tag-danse-du-ventre","10":"product_tag-noir","11":"product_tag-strass-fr","12":"product_tag-vetements-de-danse-du-ventre-fr","13":"product_shipping_class-standard-fr","15":"first","16":"instock","17":"sale","18":"taxable","19":"shipping-taxable","20":"purchasable","21":"product-type-simple","22":"add-to-wishlist-after_add_to_cart"},"yoast_head":"<!-- This site is optimized with the Yoast SEO plugin v27.4 - https:\/\/yoast.com\/product\/yoast-seo-wordpress\/ -->\n<title>Anbar - Neyla Dancewear - V\u00eatements de danse du ventre<\/title>\n<meta name=\"description\" content=\"Les collants Anbar sont le compl\u00e9ment id\u00e9al pour votre tenue ! Chez Neyla Dancewear, nous avons tout ce dont vous avez besoin pour la danse orientale.\" \/>\n<meta name=\"robots\" content=\"index, follow, max-snippet:-1, max-image-preview:large, max-video-preview:-1\" \/>\n<link rel=\"canonical\" href=\"https:\/\/neylaropadedanza.es\/fr\/product\/anbar\/\" \/>\n<meta property=\"og:locale\" content=\"fr_FR\" \/>\n<meta property=\"og:type\" content=\"article\" \/>\n<meta property=\"og:title\" content=\"Anbar - Neyla Dancewear - V\u00eatements de danse du ventre\" \/>\n<meta property=\"og:description\" content=\"Les collants Anbar sont le compl\u00e9ment id\u00e9al pour votre tenue ! Chez Neyla Dancewear, nous avons tout ce dont vous avez besoin pour la danse orientale.\" \/>\n<meta property=\"og:url\" content=\"https:\/\/neylaropadedanza.es\/fr\/product\/anbar\/\" \/>\n<meta property=\"og:site_name\" content=\"Neyla Dancewear\" \/>\n<meta property=\"article:publisher\" content=\"https:\/\/www.facebook.com\/neyladancewear\/\" \/>\n<meta property=\"og:image\" content=\"https:\/\/neylaropadedanza.com\/wp-content\/uploads\/2019\/07\/Ropa-de-Danza-del-Vientre-Ensayo-11-2.jpg\" \/>\n\t<meta property=\"og:image:width\" content=\"709\" \/>\n\t<meta property=\"og:image:height\" content=\"1024\" \/>\n\t<meta property=\"og:image:type\" content=\"image\/jpeg\" \/>\n<meta name=\"twitter:card\" content=\"summary_large_image\" \/>\n<meta name=\"twitter:label1\" content=\"Dur\u00e9e de lecture estim\u00e9e\" \/>\n\t<meta name=\"twitter:data1\" content=\"2 minutes\" \/>\n<script type=\"application\/ld+json\" class=\"yoast-schema-graph\">{\"@context\":\"https:\\\/\\\/schema.org\",\"@graph\":[{\"@type\":\"WebPage\",\"@id\":\"https:\\\/\\\/neylaropadedanza.es\\\/fr\\\/product\\\/anbar\\\/\",\"url\":\"https:\\\/\\\/neylaropadedanza.es\\\/fr\\\/product\\\/anbar\\\/\",\"name\":\"Anbar - Neyla Dancewear - V\u00eatements de danse du ventre\",\"isPartOf\":{\"@id\":\"https:\\\/\\\/neylaropadedanza.com\\\/#website\"},\"primaryImageOfPage\":{\"@id\":\"https:\\\/\\\/neylaropadedanza.es\\\/fr\\\/product\\\/anbar\\\/#primaryimage\"},\"image\":{\"@id\":\"https:\\\/\\\/neylaropadedanza.es\\\/fr\\\/product\\\/anbar\\\/#primaryimage\"},\"thumbnailUrl\":\"https:\\\/\\\/neylaropadedanza.es\\\/wp-content\\\/uploads\\\/2019\\\/07\\\/Ropa-de-Danza-del-Vientre-Ensayo-11-2.jpg\",\"datePublished\":\"2019-07-21T15:13:52+00:00\",\"description\":\"Les collants Anbar sont le compl\u00e9ment id\u00e9al pour votre tenue ! Chez Neyla Dancewear, nous avons tout ce dont vous avez besoin pour la danse orientale.\",\"breadcrumb\":{\"@id\":\"https:\\\/\\\/neylaropadedanza.es\\\/fr\\\/product\\\/anbar\\\/#breadcrumb\"},\"inLanguage\":\"fr-FR\",\"potentialAction\":[{\"@type\":\"ReadAction\",\"target\":[\"https:\\\/\\\/neylaropadedanza.es\\\/fr\\\/product\\\/anbar\\\/\"]}]},{\"@type\":\"ImageObject\",\"inLanguage\":\"fr-FR\",\"@id\":\"https:\\\/\\\/neylaropadedanza.es\\\/fr\\\/product\\\/anbar\\\/#primaryimage\",\"url\":\"https:\\\/\\\/neylaropadedanza.es\\\/wp-content\\\/uploads\\\/2019\\\/07\\\/Ropa-de-Danza-del-Vientre-Ensayo-11-2.jpg\",\"contentUrl\":\"https:\\\/\\\/neylaropadedanza.es\\\/wp-content\\\/uploads\\\/2019\\\/07\\\/Ropa-de-Danza-del-Vientre-Ensayo-11-2.jpg\",\"width\":709,\"height\":1024,\"caption\":\"Collants pieds nus Anbar avec strass pour danse du ventre et danse orientale.\"},{\"@type\":\"BreadcrumbList\",\"@id\":\"https:\\\/\\\/neylaropadedanza.es\\\/fr\\\/product\\\/anbar\\\/#breadcrumb\",\"itemListElement\":[{\"@type\":\"ListItem\",\"position\":1,\"name\":\"Home\",\"item\":\"https:\\\/\\\/neylaropadedanza.es\\\/fr\\\/\"},{\"@type\":\"ListItem\",\"position\":2,\"name\":\"Produits\",\"item\":\"https:\\\/\\\/neylaropadedanza.es\\\/fr\\\/shop\\\/\"},{\"@type\":\"ListItem\",\"position\":3,\"name\":\"Anbar\"}]},{\"@type\":\"WebSite\",\"@id\":\"https:\\\/\\\/neylaropadedanza.com\\\/#website\",\"url\":\"https:\\\/\\\/neylaropadedanza.com\\\/\",\"name\":\"NeylaRopaDeDanza\",\"description\":\"Ropa de Danza del Vientre, danza oriental, trajes, ropa de ensayo y mucho m\u00e1s!\",\"publisher\":{\"@id\":\"https:\\\/\\\/neylaropadedanza.com\\\/#organization\"},\"potentialAction\":[{\"@type\":\"SearchAction\",\"target\":{\"@type\":\"EntryPoint\",\"urlTemplate\":\"https:\\\/\\\/neylaropadedanza.com\\\/?s={search_term_string}\"},\"query-input\":{\"@type\":\"PropertyValueSpecification\",\"valueRequired\":true,\"valueName\":\"search_term_string\"}}],\"inLanguage\":\"fr-FR\"},{\"@type\":\"Organization\",\"@id\":\"https:\\\/\\\/neylaropadedanza.com\\\/#organization\",\"name\":\"NeylaRopaDeDanza\",\"url\":\"https:\\\/\\\/neylaropadedanza.com\\\/\",\"logo\":{\"@type\":\"ImageObject\",\"inLanguage\":\"fr-FR\",\"@id\":\"https:\\\/\\\/neylaropadedanza.com\\\/#\\\/schema\\\/logo\\\/image\\\/\",\"url\":\"https:\\\/\\\/neylaropadedanza.es\\\/wp-content\\\/uploads\\\/2025\\\/04\\\/Neyla-Blanc.webp\",\"contentUrl\":\"https:\\\/\\\/neylaropadedanza.es\\\/wp-content\\\/uploads\\\/2025\\\/04\\\/Neyla-Blanc.webp\",\"width\":1970,\"height\":936,\"caption\":\"NeylaRopaDeDanza\"},\"image\":{\"@id\":\"https:\\\/\\\/neylaropadedanza.com\\\/#\\\/schema\\\/logo\\\/image\\\/\"},\"sameAs\":[\"https:\\\/\\\/www.facebook.com\\\/neyladancewear\\\/\",\"https:\\\/\\\/www.instagram.com\\\/neyladancewear\\\/\",\"https:\\\/\\\/www.youtube.com\\\/channel\\\/UCKlqrANcZD0QqKXzpy4taWA?view_as=subscriber\"]}]}<\/script>\n<!-- \/ Yoast SEO plugin. -->","yoast_head_json":{"title":"Anbar - Neyla Dancewear - V\u00eatements de danse du ventre","description":"Les collants Anbar sont le compl\u00e9ment id\u00e9al pour votre tenue ! Chez Neyla Dancewear, nous avons tout ce dont vous avez besoin pour la danse orientale.","robots":{"index":"index","follow":"follow","max-snippet":"max-snippet:-1","max-image-preview":"max-image-preview:large","max-video-preview":"max-video-preview:-1"},"canonical":"https:\/\/neylaropadedanza.es\/fr\/product\/anbar\/","og_locale":"fr_FR","og_type":"article","og_title":"Anbar - Neyla Dancewear - V\u00eatements de danse du ventre","og_description":"Les collants Anbar sont le compl\u00e9ment id\u00e9al pour votre tenue ! Chez Neyla Dancewear, nous avons tout ce dont vous avez besoin pour la danse orientale.","og_url":"https:\/\/neylaropadedanza.es\/fr\/product\/anbar\/","og_site_name":"Neyla Dancewear","article_publisher":"https:\/\/www.facebook.com\/neyladancewear\/","og_image":[{"width":709,"height":1024,"url":"https:\/\/neylaropadedanza.com\/wp-content\/uploads\/2019\/07\/Ropa-de-Danza-del-Vientre-Ensayo-11-2.jpg","type":"image\/jpeg"}],"twitter_card":"summary_large_image","twitter_misc":{"Dur\u00e9e de lecture estim\u00e9e":"2 minutes"},"schema":{"@context":"https:\/\/schema.org","@graph":[{"@type":"WebPage","@id":"https:\/\/neylaropadedanza.es\/fr\/product\/anbar\/","url":"https:\/\/neylaropadedanza.es\/fr\/product\/anbar\/","name":"Anbar - Neyla Dancewear - V\u00eatements de danse du ventre","isPartOf":{"@id":"https:\/\/neylaropadedanza.com\/#website"},"primaryImageOfPage":{"@id":"https:\/\/neylaropadedanza.es\/fr\/product\/anbar\/#primaryimage"},"image":{"@id":"https:\/\/neylaropadedanza.es\/fr\/product\/anbar\/#primaryimage"},"thumbnailUrl":"https:\/\/neylaropadedanza.es\/wp-content\/uploads\/2019\/07\/Ropa-de-Danza-del-Vientre-Ensayo-11-2.jpg","datePublished":"2019-07-21T15:13:52+00:00","description":"Les collants Anbar sont le compl\u00e9ment id\u00e9al pour votre tenue ! Chez Neyla Dancewear, nous avons tout ce dont vous avez besoin pour la danse orientale.","breadcrumb":{"@id":"https:\/\/neylaropadedanza.es\/fr\/product\/anbar\/#breadcrumb"},"inLanguage":"fr-FR","potentialAction":[{"@type":"ReadAction","target":["https:\/\/neylaropadedanza.es\/fr\/product\/anbar\/"]}]},{"@type":"ImageObject","inLanguage":"fr-FR","@id":"https:\/\/neylaropadedanza.es\/fr\/product\/anbar\/#primaryimage","url":"https:\/\/neylaropadedanza.es\/wp-content\/uploads\/2019\/07\/Ropa-de-Danza-del-Vientre-Ensayo-11-2.jpg","contentUrl":"https:\/\/neylaropadedanza.es\/wp-content\/uploads\/2019\/07\/Ropa-de-Danza-del-Vientre-Ensayo-11-2.jpg","width":709,"height":1024,"caption":"Collants pieds nus Anbar avec strass pour danse du ventre et danse orientale."},{"@type":"BreadcrumbList","@id":"https:\/\/neylaropadedanza.es\/fr\/product\/anbar\/#breadcrumb","itemListElement":[{"@type":"ListItem","position":1,"name":"Home","item":"https:\/\/neylaropadedanza.es\/fr\/"},{"@type":"ListItem","position":2,"name":"Produits","item":"https:\/\/neylaropadedanza.es\/fr\/shop\/"},{"@type":"ListItem","position":3,"name":"Anbar"}]},{"@type":"WebSite","@id":"https:\/\/neylaropadedanza.com\/#website","url":"https:\/\/neylaropadedanza.com\/","name":"NeylaRopaDeDanza","description":"Ropa de Danza del Vientre, danza oriental, trajes, ropa de ensayo y mucho m\u00e1s!","publisher":{"@id":"https:\/\/neylaropadedanza.com\/#organization"},"potentialAction":[{"@type":"SearchAction","target":{"@type":"EntryPoint","urlTemplate":"https:\/\/neylaropadedanza.com\/?s={search_term_string}"},"query-input":{"@type":"PropertyValueSpecification","valueRequired":true,"valueName":"search_term_string"}}],"inLanguage":"fr-FR"},{"@type":"Organization","@id":"https:\/\/neylaropadedanza.com\/#organization","name":"NeylaRopaDeDanza","url":"https:\/\/neylaropadedanza.com\/","logo":{"@type":"ImageObject","inLanguage":"fr-FR","@id":"https:\/\/neylaropadedanza.com\/#\/schema\/logo\/image\/","url":"https:\/\/neylaropadedanza.es\/wp-content\/uploads\/2025\/04\/Neyla-Blanc.webp","contentUrl":"https:\/\/neylaropadedanza.es\/wp-content\/uploads\/2025\/04\/Neyla-Blanc.webp","width":1970,"height":936,"caption":"NeylaRopaDeDanza"},"image":{"@id":"https:\/\/neylaropadedanza.com\/#\/schema\/logo\/image\/"},"sameAs":["https:\/\/www.facebook.com\/neyladancewear\/","https:\/\/www.instagram.com\/neyladancewear\/","https:\/\/www.youtube.com\/channel\/UCKlqrANcZD0QqKXzpy4taWA?view_as=subscriber"]}]}},"_links":{"self":[{"href":"https:\/\/neylaropadedanza.es\/fr\/wp-json\/wp\/v2\/product\/19615","targetHints":{"allow":["GET"]}}],"collection":[{"href":"https:\/\/neylaropadedanza.es\/fr\/wp-json\/wp\/v2\/product"}],"about":[{"href":"https:\/\/neylaropadedanza.es\/fr\/wp-json\/wp\/v2\/types\/product"}],"replies":[{"embeddable":true,"href":"https:\/\/neylaropadedanza.es\/fr\/wp-json\/wp\/v2\/comments?post=19615"}],"version-history":[{"count":0,"href":"https:\/\/neylaropadedanza.es\/fr\/wp-json\/wp\/v2\/product\/19615\/revisions"}],"wp:featuredmedia":[{"embeddable":true,"href":"https:\/\/neylaropadedanza.es\/fr\/wp-json\/wp\/v2\/media\/17530"}],"wp:attachment":[{"href":"https:\/\/neylaropadedanza.es\/fr\/wp-json\/wp\/v2\/media?parent=19615"}],"wp:term":[{"taxonomy":"product_brand","embeddable":true,"href":"https:\/\/neylaropadedanza.es\/fr\/wp-json\/wp\/v2\/product_brand?post=19615"},{"taxonomy":"product_cat","embeddable":true,"href":"https:\/\/neylaropadedanza.es\/fr\/wp-json\/wp\/v2\/product_cat?post=19615"},{"taxonomy":"product_tag","embeddable":true,"href":"https:\/\/neylaropadedanza.es\/fr\/wp-json\/wp\/v2\/product_tag?post=19615"}],"curies":[{"name":"wp","href":"https:\/\/api.w.org\/{rel}","templated":true}]}}