{"id":19553,"date":"2019-04-10T12:00:04","date_gmt":"2019-04-10T10:00:04","guid":{"rendered":"https:\/\/neylaropadedanza.es\/product\/tops-personnalises\/"},"modified":"2026-03-15T19:36:26","modified_gmt":"2026-03-15T19:36:26","slug":"tops-personnalises","status":"publish","type":"product","link":"https:\/\/neylaropadedanza.es\/fr\/product\/tops-personnalises\/","title":{"rendered":"Tops \u00e0 manches courtes"},"content":{"rendered":"<h2 data-start=\"206\" data-end=\"295\">Tops \u00e0 manches courtes Neyla Dancewear \u2013 Exprimez-vous avec un style unique \u00e0 chaque r\u00e9p\u00e9tition ! \ud83d\udc83\u2728<br \/> <\/h2>\n<p data-start=\"297\" data-end=\"625\">Les <strong data-start=\"301\" data-end=\"324\">tops personnalis\u00e9s <\/strong>de Neyla Dancewear sont le compl\u00e9ment parfait pour vos r\u00e9p\u00e9titions de danse du ventre, danse orientale, tribal, fusion et bien plus encore. Confortables, l\u00e9gers et \u00e9l\u00e9gamment con\u00e7us, ils sont faits pour que vous soyez spectaculaire devant le miroir tout en vous entra\u00eenant et en pratiquant vos mouvements en toute libert\u00e9. \ud83c\udf1f<\/p>\n<p data-start=\"899\" data-end=\"1050\">Couleurs disponibles :<br data-start=\"923\" data-end=\"926\">\ud83c\udf38 Fuchsia | \u26ab Noir | \ud83d\udc9c Lilas pastel | \ud83d\udca7 Aqua | \ud83d\udc99 Bleu pastel | \u2764\ufe0f Rouge | \ud83c\udf77 Bordeaux | \ud83c\udf3f Vert | \u26a1 Bleu \u00e9lectrique<\/p>\n<p data-start=\"1052\" data-end=\"1246\">Associez votre top personnalis\u00e9 \u00e0 une de nos jupes d\u2019entra\u00eenement pour cr\u00e9er un look complet et fonctionnel. D\u00e9couvrez notre section jupes en cliquant ici et pr\u00e9parez-vous \u00e0 briller. \u2728\ud83d\udc57  <\/p>\n<h3 data-start=\"1253\" data-end=\"1296\">Qualit\u00e9 et confort fabriqu\u00e9s \u00e0 Barcelone<\/h3>\n<p data-start=\"1298\" data-end=\"1571\">Chaque top est fabriqu\u00e9 \u00e0 Barcelone avec des tissus de haute qualit\u00e9, doux et respirants, con\u00e7us pour offrir un maximum de confort \u00e0 chaque r\u00e9p\u00e9tition. Ils s\u2019adaptent parfaitement aux tailles S, M et L gr\u00e2ce \u00e0 un design qui \u00e9pouse votre silhouette sans restriction. \ud83d\udc4c<\/p>\n<p data-start=\"2830\" data-end=\"3012\">\n","protected":false},"excerpt":{"rendered":"<p>Couleurs disponibles pour les tops \u00e0 manches courtes :<\/p>\n<ul>\n<li>Fuchsia<\/li>\n<li>Noir<\/li>\n<li>Lilas pastel<\/li>\n<li>Aigue-marine<\/li>\n<li>Bleu pastel<\/li>\n<li>Rouge<\/li>\n<li>Grenat<\/li>\n<li>Vert<\/li>\n<li>Bleu \u00e9lectrique<\/li>\n<li>\n<\/li>\n<\/ul>\n","protected":false},"featured_media":17486,"comment_status":"open","ping_status":"closed","template":"","meta":{"content-type":"","_monsterinsights_skip_tracking":false,"_monsterinsights_sitenote_active":false,"_monsterinsights_sitenote_note":"","_monsterinsights_sitenote_category":0,"_uf_show_specific_survey":0,"_uf_disable_surveys":false},"product_brand":[],"product_cat":[971,969],"product_tag":[1120,1403,1227,1229,1275,1068,1327,1329,1307,1305],"class_list":{"0":"post-19553","1":"product","2":"type-product","3":"status-publish","4":"has-post-thumbnail","6":"product_cat-bodys-tops-et-leggings","7":"product_cat-vetements-dentrainement","8":"product_tag-danse-du-ventre","9":"product_tag-danse-orientale","10":"product_tag-manche-courte","11":"product_tag-manche-longue","12":"product_tag-personnalise","13":"product_tag-strass-fr","14":"product_tag-top-fr","15":"product_tag-top-dentrainement","16":"product_tag-vetements-dentrainement","17":"product_tag-vetements-de-danse-du-ventre-fr","18":"product_shipping_class-standard-fr","20":"first","21":"instock","22":"sale","23":"taxable","24":"shipping-taxable","25":"purchasable","26":"product-type-variable","27":"has-default-attributes","28":"add-to-wishlist-after_add_to_cart"},"yoast_head":"<!-- This site is optimized with the Yoast SEO plugin v26.6 - https:\/\/yoast.com\/wordpress\/plugins\/seo\/ -->\n<title>Tops \u00e0 manches courtes<\/title>\n<meta name=\"description\" content=\"Les tops \u00e0 manches courtes sont le compl\u00e9ment parfait pour les r\u00e9p\u00e9titions de danse du ventre, danse orientale, tribal et bien plus encore. Confortables et l\u00e9gers, tout en restant \u00e9l\u00e9gants.\" \/>\n<meta name=\"robots\" content=\"index, follow, max-snippet:-1, max-image-preview:large, max-video-preview:-1\" \/>\n<link rel=\"canonical\" href=\"https:\/\/neylaropadedanza.es\/fr\/product\/tops-personnalises\/\" \/>\n<meta property=\"og:locale\" content=\"fr_FR\" \/>\n<meta property=\"og:type\" content=\"article\" \/>\n<meta property=\"og:title\" content=\"Tops \u00e0 manches courtes\" \/>\n<meta property=\"og:description\" content=\"Les tops \u00e0 manches courtes sont le compl\u00e9ment parfait pour les r\u00e9p\u00e9titions de danse du ventre, danse orientale, tribal et bien plus encore. Confortables et l\u00e9gers, tout en restant \u00e9l\u00e9gants.\" \/>\n<meta property=\"og:url\" content=\"https:\/\/neylaropadedanza.es\/fr\/product\/tops-personnalises\/\" \/>\n<meta property=\"og:site_name\" content=\"Neyla Dancewear\" \/>\n<meta property=\"article:publisher\" content=\"https:\/\/www.facebook.com\/neyladancewear\/\" \/>\n<meta property=\"article:modified_time\" content=\"2026-03-15T19:36:26+00:00\" \/>\n<meta property=\"og:image\" content=\"https:\/\/neylaropadedanza.es\/wp-content\/uploads\/2019\/04\/Ropa-de-Danza-del-Vientre-Ensayo-3-1.jpg\" \/>\n\t<meta property=\"og:image:width\" content=\"1016\" \/>\n\t<meta property=\"og:image:height\" content=\"1024\" \/>\n\t<meta property=\"og:image:type\" content=\"image\/jpeg\" \/>\n<meta name=\"twitter:card\" content=\"summary_large_image\" \/>\n<meta name=\"twitter:label1\" content=\"Dur\u00e9e de lecture estim\u00e9e\" \/>\n\t<meta name=\"twitter:data1\" content=\"1 minute\" \/>\n<script type=\"application\/ld+json\" class=\"yoast-schema-graph\">{\"@context\":\"https:\/\/schema.org\",\"@graph\":[{\"@type\":\"WebPage\",\"@id\":\"https:\/\/neylaropadedanza.es\/fr\/product\/tops-personnalises\/\",\"url\":\"https:\/\/neylaropadedanza.es\/fr\/product\/tops-personnalises\/\",\"name\":\"Tops \u00e0 manches courtes\",\"isPartOf\":{\"@id\":\"https:\/\/neylaropadedanza.com\/#website\"},\"primaryImageOfPage\":{\"@id\":\"https:\/\/neylaropadedanza.es\/fr\/product\/tops-personnalises\/#primaryimage\"},\"image\":{\"@id\":\"https:\/\/neylaropadedanza.es\/fr\/product\/tops-personnalises\/#primaryimage\"},\"thumbnailUrl\":\"https:\/\/neylaropadedanza.es\/wp-content\/uploads\/2019\/04\/Ropa-de-Danza-del-Vientre-Ensayo-3-1.jpg\",\"datePublished\":\"2019-04-10T10:00:04+00:00\",\"dateModified\":\"2026-03-15T19:36:26+00:00\",\"description\":\"Les tops \u00e0 manches courtes sont le compl\u00e9ment parfait pour les r\u00e9p\u00e9titions de danse du ventre, danse orientale, tribal et bien plus encore. Confortables et l\u00e9gers, tout en restant \u00e9l\u00e9gants.\",\"breadcrumb\":{\"@id\":\"https:\/\/neylaropadedanza.es\/fr\/product\/tops-personnalises\/#breadcrumb\"},\"inLanguage\":\"fr-FR\",\"potentialAction\":[{\"@type\":\"ReadAction\",\"target\":[\"https:\/\/neylaropadedanza.es\/fr\/product\/tops-personnalises\/\"]}]},{\"@type\":\"ImageObject\",\"inLanguage\":\"fr-FR\",\"@id\":\"https:\/\/neylaropadedanza.es\/fr\/product\/tops-personnalises\/#primaryimage\",\"url\":\"https:\/\/neylaropadedanza.es\/wp-content\/uploads\/2019\/04\/Ropa-de-Danza-del-Vientre-Ensayo-3-1.jpg\",\"contentUrl\":\"https:\/\/neylaropadedanza.es\/wp-content\/uploads\/2019\/04\/Ropa-de-Danza-del-Vientre-Ensayo-3-1.jpg\",\"width\":1016,\"height\":1024,\"caption\":\"Tops \u00e0 manches courtes avec strass pour la danse du ventre et la danse orientale.\"},{\"@type\":\"BreadcrumbList\",\"@id\":\"https:\/\/neylaropadedanza.es\/fr\/product\/tops-personnalises\/#breadcrumb\",\"itemListElement\":[{\"@type\":\"ListItem\",\"position\":1,\"name\":\"Home\",\"item\":\"https:\/\/neylaropadedanza.es\/fr\/\"},{\"@type\":\"ListItem\",\"position\":2,\"name\":\"Produits\",\"item\":\"https:\/\/neylaropadedanza.es\/fr\/shop\/\"},{\"@type\":\"ListItem\",\"position\":3,\"name\":\"Tops \u00e0 manches courtes\"}]},{\"@type\":\"WebSite\",\"@id\":\"https:\/\/neylaropadedanza.com\/#website\",\"url\":\"https:\/\/neylaropadedanza.com\/\",\"name\":\"NeylaRopaDeDanza\",\"description\":\"Ropa de Danza del Vientre, danza oriental, trajes, ropa de ensayo y mucho m\u00e1s!\",\"publisher\":{\"@id\":\"https:\/\/neylaropadedanza.com\/#organization\"},\"potentialAction\":[{\"@type\":\"SearchAction\",\"target\":{\"@type\":\"EntryPoint\",\"urlTemplate\":\"https:\/\/neylaropadedanza.com\/?s={search_term_string}\"},\"query-input\":{\"@type\":\"PropertyValueSpecification\",\"valueRequired\":true,\"valueName\":\"search_term_string\"}}],\"inLanguage\":\"fr-FR\"},{\"@type\":\"Organization\",\"@id\":\"https:\/\/neylaropadedanza.com\/#organization\",\"name\":\"NeylaRopaDeDanza\",\"url\":\"https:\/\/neylaropadedanza.com\/\",\"logo\":{\"@type\":\"ImageObject\",\"inLanguage\":\"fr-FR\",\"@id\":\"https:\/\/neylaropadedanza.com\/#\/schema\/logo\/image\/\",\"url\":\"https:\/\/neylaropadedanza.es\/wp-content\/uploads\/2025\/04\/Neyla-Blanc.webp\",\"contentUrl\":\"https:\/\/neylaropadedanza.es\/wp-content\/uploads\/2025\/04\/Neyla-Blanc.webp\",\"width\":1970,\"height\":936,\"caption\":\"NeylaRopaDeDanza\"},\"image\":{\"@id\":\"https:\/\/neylaropadedanza.com\/#\/schema\/logo\/image\/\"},\"sameAs\":[\"https:\/\/www.facebook.com\/neyladancewear\/\",\"https:\/\/www.instagram.com\/neyladancewear\/\",\"https:\/\/www.youtube.com\/channel\/UCKlqrANcZD0QqKXzpy4taWA?view_as=subscriber\"]}]}<\/script>\n<!-- \/ Yoast SEO plugin. -->","yoast_head_json":{"title":"Tops \u00e0 manches courtes","description":"Les tops \u00e0 manches courtes sont le compl\u00e9ment parfait pour les r\u00e9p\u00e9titions de danse du ventre, danse orientale, tribal et bien plus encore. Confortables et l\u00e9gers, tout en restant \u00e9l\u00e9gants.","robots":{"index":"index","follow":"follow","max-snippet":"max-snippet:-1","max-image-preview":"max-image-preview:large","max-video-preview":"max-video-preview:-1"},"canonical":"https:\/\/neylaropadedanza.es\/fr\/product\/tops-personnalises\/","og_locale":"fr_FR","og_type":"article","og_title":"Tops \u00e0 manches courtes","og_description":"Les tops \u00e0 manches courtes sont le compl\u00e9ment parfait pour les r\u00e9p\u00e9titions de danse du ventre, danse orientale, tribal et bien plus encore. Confortables et l\u00e9gers, tout en restant \u00e9l\u00e9gants.","og_url":"https:\/\/neylaropadedanza.es\/fr\/product\/tops-personnalises\/","og_site_name":"Neyla Dancewear","article_publisher":"https:\/\/www.facebook.com\/neyladancewear\/","article_modified_time":"2026-03-15T19:36:26+00:00","og_image":[{"width":1016,"height":1024,"url":"https:\/\/neylaropadedanza.es\/wp-content\/uploads\/2019\/04\/Ropa-de-Danza-del-Vientre-Ensayo-3-1.jpg","type":"image\/jpeg"}],"twitter_card":"summary_large_image","twitter_misc":{"Dur\u00e9e de lecture estim\u00e9e":"1 minute"},"schema":{"@context":"https:\/\/schema.org","@graph":[{"@type":"WebPage","@id":"https:\/\/neylaropadedanza.es\/fr\/product\/tops-personnalises\/","url":"https:\/\/neylaropadedanza.es\/fr\/product\/tops-personnalises\/","name":"Tops \u00e0 manches courtes","isPartOf":{"@id":"https:\/\/neylaropadedanza.com\/#website"},"primaryImageOfPage":{"@id":"https:\/\/neylaropadedanza.es\/fr\/product\/tops-personnalises\/#primaryimage"},"image":{"@id":"https:\/\/neylaropadedanza.es\/fr\/product\/tops-personnalises\/#primaryimage"},"thumbnailUrl":"https:\/\/neylaropadedanza.es\/wp-content\/uploads\/2019\/04\/Ropa-de-Danza-del-Vientre-Ensayo-3-1.jpg","datePublished":"2019-04-10T10:00:04+00:00","dateModified":"2026-03-15T19:36:26+00:00","description":"Les tops \u00e0 manches courtes sont le compl\u00e9ment parfait pour les r\u00e9p\u00e9titions de danse du ventre, danse orientale, tribal et bien plus encore. Confortables et l\u00e9gers, tout en restant \u00e9l\u00e9gants.","breadcrumb":{"@id":"https:\/\/neylaropadedanza.es\/fr\/product\/tops-personnalises\/#breadcrumb"},"inLanguage":"fr-FR","potentialAction":[{"@type":"ReadAction","target":["https:\/\/neylaropadedanza.es\/fr\/product\/tops-personnalises\/"]}]},{"@type":"ImageObject","inLanguage":"fr-FR","@id":"https:\/\/neylaropadedanza.es\/fr\/product\/tops-personnalises\/#primaryimage","url":"https:\/\/neylaropadedanza.es\/wp-content\/uploads\/2019\/04\/Ropa-de-Danza-del-Vientre-Ensayo-3-1.jpg","contentUrl":"https:\/\/neylaropadedanza.es\/wp-content\/uploads\/2019\/04\/Ropa-de-Danza-del-Vientre-Ensayo-3-1.jpg","width":1016,"height":1024,"caption":"Tops \u00e0 manches courtes avec strass pour la danse du ventre et la danse orientale."},{"@type":"BreadcrumbList","@id":"https:\/\/neylaropadedanza.es\/fr\/product\/tops-personnalises\/#breadcrumb","itemListElement":[{"@type":"ListItem","position":1,"name":"Home","item":"https:\/\/neylaropadedanza.es\/fr\/"},{"@type":"ListItem","position":2,"name":"Produits","item":"https:\/\/neylaropadedanza.es\/fr\/shop\/"},{"@type":"ListItem","position":3,"name":"Tops \u00e0 manches courtes"}]},{"@type":"WebSite","@id":"https:\/\/neylaropadedanza.com\/#website","url":"https:\/\/neylaropadedanza.com\/","name":"NeylaRopaDeDanza","description":"Ropa de Danza del Vientre, danza oriental, trajes, ropa de ensayo y mucho m\u00e1s!","publisher":{"@id":"https:\/\/neylaropadedanza.com\/#organization"},"potentialAction":[{"@type":"SearchAction","target":{"@type":"EntryPoint","urlTemplate":"https:\/\/neylaropadedanza.com\/?s={search_term_string}"},"query-input":{"@type":"PropertyValueSpecification","valueRequired":true,"valueName":"search_term_string"}}],"inLanguage":"fr-FR"},{"@type":"Organization","@id":"https:\/\/neylaropadedanza.com\/#organization","name":"NeylaRopaDeDanza","url":"https:\/\/neylaropadedanza.com\/","logo":{"@type":"ImageObject","inLanguage":"fr-FR","@id":"https:\/\/neylaropadedanza.com\/#\/schema\/logo\/image\/","url":"https:\/\/neylaropadedanza.es\/wp-content\/uploads\/2025\/04\/Neyla-Blanc.webp","contentUrl":"https:\/\/neylaropadedanza.es\/wp-content\/uploads\/2025\/04\/Neyla-Blanc.webp","width":1970,"height":936,"caption":"NeylaRopaDeDanza"},"image":{"@id":"https:\/\/neylaropadedanza.com\/#\/schema\/logo\/image\/"},"sameAs":["https:\/\/www.facebook.com\/neyladancewear\/","https:\/\/www.instagram.com\/neyladancewear\/","https:\/\/www.youtube.com\/channel\/UCKlqrANcZD0QqKXzpy4taWA?view_as=subscriber"]}]}},"_links":{"self":[{"href":"https:\/\/neylaropadedanza.es\/fr\/wp-json\/wp\/v2\/product\/19553","targetHints":{"allow":["GET"]}}],"collection":[{"href":"https:\/\/neylaropadedanza.es\/fr\/wp-json\/wp\/v2\/product"}],"about":[{"href":"https:\/\/neylaropadedanza.es\/fr\/wp-json\/wp\/v2\/types\/product"}],"replies":[{"embeddable":true,"href":"https:\/\/neylaropadedanza.es\/fr\/wp-json\/wp\/v2\/comments?post=19553"}],"version-history":[{"count":1,"href":"https:\/\/neylaropadedanza.es\/fr\/wp-json\/wp\/v2\/product\/19553\/revisions"}],"predecessor-version":[{"id":21839,"href":"https:\/\/neylaropadedanza.es\/fr\/wp-json\/wp\/v2\/product\/19553\/revisions\/21839"}],"wp:featuredmedia":[{"embeddable":true,"href":"https:\/\/neylaropadedanza.es\/fr\/wp-json\/wp\/v2\/media\/17486"}],"wp:attachment":[{"href":"https:\/\/neylaropadedanza.es\/fr\/wp-json\/wp\/v2\/media?parent=19553"}],"wp:term":[{"taxonomy":"product_brand","embeddable":true,"href":"https:\/\/neylaropadedanza.es\/fr\/wp-json\/wp\/v2\/product_brand?post=19553"},{"taxonomy":"product_cat","embeddable":true,"href":"https:\/\/neylaropadedanza.es\/fr\/wp-json\/wp\/v2\/product_cat?post=19553"},{"taxonomy":"product_tag","embeddable":true,"href":"https:\/\/neylaropadedanza.es\/fr\/wp-json\/wp\/v2\/product_tag?post=19553"}],"curies":[{"name":"wp","href":"https:\/\/api.w.org\/{rel}","templated":true}]}}