{"id":19417,"date":"2018-03-08T18:42:08","date_gmt":"2018-03-08T18:42:08","guid":{"rendered":"https:\/\/neylaropadedanza.es\/product\/voile-en-soie-arc-en-ciel\/"},"modified":"2018-03-08T18:42:08","modified_gmt":"2018-03-08T18:42:08","slug":"voile-en-soie-arc-en-ciel","status":"publish","type":"product","link":"https:\/\/neylaropadedanza.es\/fr\/product\/voile-en-soie-arc-en-ciel\/","title":{"rendered":"Voile en soie arc-en-ciel"},"content":{"rendered":"<h2 data-start=\"201\" data-end=\"285\"><strong data-start=\"201\" data-end=\"285\">Voile en soie arc-en-ciel \u2013 Couleur et joie pour danse du ventre et danse orientale<\/strong><\/h2>\n<p data-start=\"287\" data-end=\"594\">Le voile en soie arc-en-ciel est un accessoire vivant et color\u00e9 qui apporte joie, \u00e9nergie et mouvement \u00e0 vos r\u00e9p\u00e9titions et spectacles de danse du ventre et danse orientale. Confectionn\u00e9 en soie de haute qualit\u00e9, ce voile offre une chute l\u00e9g\u00e8re et fluide qui met en valeur chaque geste avec dynamisme et luminosit\u00e9. <\/p>\n<p data-start=\"596\" data-end=\"790\">Les couleurs vibrantes de l\u2019arc-en-ciel se combinent harmonieusement pour cr\u00e9er un design unique et expressif, id\u00e9al pour les danseuses qui souhaitent se d\u00e9marquer et transmettre bonheur \u00e0 chaque pas de leur danse.<\/p>\n<p data-start=\"792\" data-end=\"1051\">Chez Neyla Dancewear, nous s\u00e9lectionnons soigneusement chaque voile pour garantir la meilleure qualit\u00e9 au meilleur prix du march\u00e9. Notre collection propose une grande vari\u00e9t\u00e9 d\u2019imprim\u00e9s et de couleurs pour que vous trouviez le voile parfait pour compl\u00e9ter votre style. <\/p>\n<p data-start=\"1053\" data-end=\"1109\">Nous offrons des remises sp\u00e9ciales pour les achats en groupe :<\/p>\n<ul data-start=\"1110\" data-end=\"1270\">\n<li data-start=\"1110\" data-end=\"1161\">\n<p data-start=\"1112\" data-end=\"1161\">From 5 to 9 veils: 5% discount \u2013 29.45\u20ac\/unit<\/p>\n<\/li>\n<li data-start=\"1162\" data-end=\"1216\">\n<p data-start=\"1164\" data-end=\"1216\">From 10 to 19 veils: 10% discount \u2013 27.90\u20ac\/unit<\/p>\n<\/li>\n<li data-start=\"1217\" data-end=\"1270\">\n<p data-start=\"1219\" data-end=\"1270\">Over 20 veils: 15% discount \u2013 26.35\u20ac\/unit<\/p>\n<\/li>\n<\/ul>\n<p data-start=\"1272\" data-end=\"1441\">Si vous souhaitez une autre couleur ou un autre design, n\u2019h\u00e9sitez pas \u00e0 nous contacter \u00e0 <a class=\"cursor-pointer\" rel=\"noopener\" data-start=\"1331\" data-end=\"1368\">atencionalcliente@neylaropadedanza.es<\/a> ou via notre formulaire pour des propositions personnalis\u00e9es.<\/p>\n<p data-start=\"1443\" data-end=\"1469\"><strong data-start=\"1443\" data-end=\"1467\">Tailles disponibles :<\/strong><\/p>\n<ul data-start=\"1470\" data-end=\"1496\">\n<li data-start=\"1470\" data-end=\"1496\">\n<p data-start=\"1472\" data-end=\"1496\">Standard : 250 x 114 cm<\/p>\n<\/li>\n<\/ul>\n<p data-start=\"1498\" data-end=\"1524\"><strong data-start=\"1498\" data-end=\"1522\">Tailles sur demande :<\/strong><\/p>\n<ul data-start=\"1525\" data-end=\"1582\">\n<li data-start=\"1525\" data-end=\"1549\">\n<p data-start=\"1527\" data-end=\"1549\">Grande : 270 x 114 cm<\/p>\n<\/li>\n<li data-start=\"1550\" data-end=\"1582\">\n<p data-start=\"1552\" data-end=\"1582\">Petite (enfants) : 200 x 90 cm<\/p>\n<\/li>\n<\/ul>\n","protected":false},"excerpt":{"rendered":"<p>Les voiles sont peints \u00e0 la main, donc la r\u00e9partition des couleurs et des nuances peut l\u00e9g\u00e8rement varier.<\/p>\n<p>Nous appliquons des remises pour les groupes : (si vous souhaitez diff\u00e9rents mod\u00e8les de voiles, veuillez nous contacter via le<a href=\"https:\/\/neylaropadedanza.es\/fr\/contact\/\"> lien suivant)<\/a><\/p>\n<table style=\"height: 114px; width: 108.318%;\">\n<tbody>\n<tr style=\"height: 28px;\">\n<td style=\"width: 20.6349%; height: 28px;\">De 5 \u00e0 9 voiles<\/td>\n<td style=\"width: 144.048%; height: 28px;\">5 % de r\u00e9duction, 29,45 \u20ac l\u2019unit\u00e9<\/td>\n<\/tr>\n<tr style=\"height: 28px;\">\n<td style=\"width: 20.6349%; height: 28px;\">De 10 \u00e0 19 voiles<\/td>\n<td style=\"width: 144.048%; height: 28px;\">10 % de r\u00e9duction, 27,90 \u20ac l\u2019unit\u00e9<\/td>\n<\/tr>\n<tr style=\"height: 28px;\">\n<td style=\"width: 20.6349%; height: 28px;\">Plus de 20 voiles <\/td>\n<td style=\"width: 144.048%; height: 28px;\">15 % de r\u00e9duction, 26,35 \u20ac l\u2019unit\u00e9<\/td>\n<\/tr>\n<\/tbody>\n<\/table>\n<p>&nbsp;<\/p>\n<p>&nbsp;<\/p>\n","protected":false},"featured_media":18688,"comment_status":"open","ping_status":"closed","template":"","meta":{"content-type":"","_monsterinsights_skip_tracking":false,"_monsterinsights_sitenote_active":false,"_monsterinsights_sitenote_note":"","_monsterinsights_sitenote_category":0,"_uf_show_specific_survey":0,"_uf_disable_surveys":false},"product_brand":[],"product_cat":[950,961],"product_tag":[1018,1044,1048,1120,1138,1142,1034,1219,994,1287,1317,1385,1377,1379],"class_list":{"0":"post-19417","1":"product","2":"type-product","3":"status-publish","4":"has-post-thumbnail","6":"product_cat-accessoires","7":"product_cat-voiles-en-soie","8":"product_tag-accessoires-de-danse-du-ventre","9":"product_tag-arc-en-ciel","10":"product_tag-bleu","11":"product_tag-danse-du-ventre","12":"product_tag-element-fr","13":"product_tag-elements-de-danse-du-ventre","14":"product_tag-jaune","15":"product_tag-lilas","16":"product_tag-neyla-dancewear-fr","17":"product_tag-rouge","18":"product_tag-soie","19":"product_tag-vert","20":"product_tag-voile","21":"product_tag-voile-en-soie","22":"product_shipping_class-standard-fr","24":"first","25":"instock","26":"sale","27":"taxable","28":"shipping-taxable","29":"purchasable","30":"product-type-simple","31":"add-to-wishlist-after_add_to_cart"},"yoast_head":"<!-- This site is optimized with the Yoast SEO plugin v26.6 - https:\/\/yoast.com\/wordpress\/plugins\/seo\/ -->\n<title>Voile de soie arc-en-ciel pour danse orientale et danse du ventre<\/title>\n<meta name=\"description\" content=\"Le voile de soie arc-en-ciel est id\u00e9al pour vos r\u00e9p\u00e9titions et spectacles ! Neyla Ropa de Danza s\u00e9lectionne les voiles avec la meilleure qualit\u00e9 et le meilleur prix !\" \/>\n<meta name=\"robots\" content=\"index, follow, max-snippet:-1, max-image-preview:large, max-video-preview:-1\" \/>\n<link rel=\"canonical\" href=\"https:\/\/neylaropadedanza.es\/fr\/product\/voile-en-soie-arc-en-ciel\/\" \/>\n<meta property=\"og:locale\" content=\"fr_FR\" \/>\n<meta property=\"og:type\" content=\"article\" \/>\n<meta property=\"og:title\" content=\"Voile de soie arc-en-ciel pour danse orientale et danse du ventre\" \/>\n<meta property=\"og:description\" content=\"Le voile de soie arc-en-ciel est id\u00e9al pour vos r\u00e9p\u00e9titions et spectacles ! Neyla Ropa de Danza s\u00e9lectionne les voiles avec la meilleure qualit\u00e9 et le meilleur prix !\" \/>\n<meta property=\"og:url\" content=\"https:\/\/neylaropadedanza.es\/fr\/product\/voile-en-soie-arc-en-ciel\/\" \/>\n<meta property=\"og:site_name\" content=\"Neyla Dancewear\" \/>\n<meta property=\"article:publisher\" content=\"https:\/\/www.facebook.com\/neyladancewear\/\" \/>\n<meta property=\"og:image\" content=\"https:\/\/neylaropadedanza.com\/wp-content\/uploads\/2018\/03\/P3030753.jpg\" \/>\n\t<meta property=\"og:image:width\" content=\"736\" \/>\n\t<meta property=\"og:image:height\" content=\"1024\" \/>\n\t<meta property=\"og:image:type\" content=\"image\/jpeg\" \/>\n<meta name=\"twitter:card\" content=\"summary_large_image\" \/>\n<meta name=\"twitter:label1\" content=\"Dur\u00e9e de lecture estim\u00e9e\" \/>\n\t<meta name=\"twitter:data1\" content=\"1 minute\" \/>\n<script type=\"application\/ld+json\" class=\"yoast-schema-graph\">{\"@context\":\"https:\/\/schema.org\",\"@graph\":[{\"@type\":\"WebPage\",\"@id\":\"https:\/\/neylaropadedanza.es\/fr\/product\/voile-en-soie-arc-en-ciel\/\",\"url\":\"https:\/\/neylaropadedanza.es\/fr\/product\/voile-en-soie-arc-en-ciel\/\",\"name\":\"Voile de soie arc-en-ciel pour danse orientale et danse du ventre\",\"isPartOf\":{\"@id\":\"https:\/\/neylaropadedanza.com\/#website\"},\"primaryImageOfPage\":{\"@id\":\"https:\/\/neylaropadedanza.es\/fr\/product\/voile-en-soie-arc-en-ciel\/#primaryimage\"},\"image\":{\"@id\":\"https:\/\/neylaropadedanza.es\/fr\/product\/voile-en-soie-arc-en-ciel\/#primaryimage\"},\"thumbnailUrl\":\"https:\/\/neylaropadedanza.es\/wp-content\/uploads\/2018\/03\/P3030753.jpg\",\"datePublished\":\"2018-03-08T18:42:08+00:00\",\"description\":\"Le voile de soie arc-en-ciel est id\u00e9al pour vos r\u00e9p\u00e9titions et spectacles ! Neyla Ropa de Danza s\u00e9lectionne les voiles avec la meilleure qualit\u00e9 et le meilleur prix !\",\"breadcrumb\":{\"@id\":\"https:\/\/neylaropadedanza.es\/fr\/product\/voile-en-soie-arc-en-ciel\/#breadcrumb\"},\"inLanguage\":\"fr-FR\",\"potentialAction\":[{\"@type\":\"ReadAction\",\"target\":[\"https:\/\/neylaropadedanza.es\/fr\/product\/voile-en-soie-arc-en-ciel\/\"]}]},{\"@type\":\"ImageObject\",\"inLanguage\":\"fr-FR\",\"@id\":\"https:\/\/neylaropadedanza.es\/fr\/product\/voile-en-soie-arc-en-ciel\/#primaryimage\",\"url\":\"https:\/\/neylaropadedanza.es\/wp-content\/uploads\/2018\/03\/P3030753.jpg\",\"contentUrl\":\"https:\/\/neylaropadedanza.es\/wp-content\/uploads\/2018\/03\/P3030753.jpg\",\"width\":736,\"height\":1024,\"caption\":\"Voile en soie arc-en-ciel pour danse du ventre et danse orientale.\"},{\"@type\":\"BreadcrumbList\",\"@id\":\"https:\/\/neylaropadedanza.es\/fr\/product\/voile-en-soie-arc-en-ciel\/#breadcrumb\",\"itemListElement\":[{\"@type\":\"ListItem\",\"position\":1,\"name\":\"Home\",\"item\":\"https:\/\/neylaropadedanza.es\/fr\/\"},{\"@type\":\"ListItem\",\"position\":2,\"name\":\"Produits\",\"item\":\"https:\/\/neylaropadedanza.es\/fr\/shop\/\"},{\"@type\":\"ListItem\",\"position\":3,\"name\":\"Voile en soie arc-en-ciel\"}]},{\"@type\":\"WebSite\",\"@id\":\"https:\/\/neylaropadedanza.com\/#website\",\"url\":\"https:\/\/neylaropadedanza.com\/\",\"name\":\"NeylaRopaDeDanza\",\"description\":\"Ropa de Danza del Vientre, danza oriental, trajes, ropa de ensayo y mucho m\u00e1s!\",\"publisher\":{\"@id\":\"https:\/\/neylaropadedanza.com\/#organization\"},\"potentialAction\":[{\"@type\":\"SearchAction\",\"target\":{\"@type\":\"EntryPoint\",\"urlTemplate\":\"https:\/\/neylaropadedanza.com\/?s={search_term_string}\"},\"query-input\":{\"@type\":\"PropertyValueSpecification\",\"valueRequired\":true,\"valueName\":\"search_term_string\"}}],\"inLanguage\":\"fr-FR\"},{\"@type\":\"Organization\",\"@id\":\"https:\/\/neylaropadedanza.com\/#organization\",\"name\":\"NeylaRopaDeDanza\",\"url\":\"https:\/\/neylaropadedanza.com\/\",\"logo\":{\"@type\":\"ImageObject\",\"inLanguage\":\"fr-FR\",\"@id\":\"https:\/\/neylaropadedanza.com\/#\/schema\/logo\/image\/\",\"url\":\"https:\/\/neylaropadedanza.es\/wp-content\/uploads\/2025\/04\/Neyla-Blanc.webp\",\"contentUrl\":\"https:\/\/neylaropadedanza.es\/wp-content\/uploads\/2025\/04\/Neyla-Blanc.webp\",\"width\":1970,\"height\":936,\"caption\":\"NeylaRopaDeDanza\"},\"image\":{\"@id\":\"https:\/\/neylaropadedanza.com\/#\/schema\/logo\/image\/\"},\"sameAs\":[\"https:\/\/www.facebook.com\/neyladancewear\/\",\"https:\/\/www.instagram.com\/neyladancewear\/\",\"https:\/\/www.youtube.com\/channel\/UCKlqrANcZD0QqKXzpy4taWA?view_as=subscriber\"]}]}<\/script>\n<!-- \/ Yoast SEO plugin. -->","yoast_head_json":{"title":"Voile de soie arc-en-ciel pour danse orientale et danse du ventre","description":"Le voile de soie arc-en-ciel est id\u00e9al pour vos r\u00e9p\u00e9titions et spectacles ! Neyla Ropa de Danza s\u00e9lectionne les voiles avec la meilleure qualit\u00e9 et le meilleur prix !","robots":{"index":"index","follow":"follow","max-snippet":"max-snippet:-1","max-image-preview":"max-image-preview:large","max-video-preview":"max-video-preview:-1"},"canonical":"https:\/\/neylaropadedanza.es\/fr\/product\/voile-en-soie-arc-en-ciel\/","og_locale":"fr_FR","og_type":"article","og_title":"Voile de soie arc-en-ciel pour danse orientale et danse du ventre","og_description":"Le voile de soie arc-en-ciel est id\u00e9al pour vos r\u00e9p\u00e9titions et spectacles ! Neyla Ropa de Danza s\u00e9lectionne les voiles avec la meilleure qualit\u00e9 et le meilleur prix !","og_url":"https:\/\/neylaropadedanza.es\/fr\/product\/voile-en-soie-arc-en-ciel\/","og_site_name":"Neyla Dancewear","article_publisher":"https:\/\/www.facebook.com\/neyladancewear\/","og_image":[{"width":736,"height":1024,"url":"https:\/\/neylaropadedanza.com\/wp-content\/uploads\/2018\/03\/P3030753.jpg","type":"image\/jpeg"}],"twitter_card":"summary_large_image","twitter_misc":{"Dur\u00e9e de lecture estim\u00e9e":"1 minute"},"schema":{"@context":"https:\/\/schema.org","@graph":[{"@type":"WebPage","@id":"https:\/\/neylaropadedanza.es\/fr\/product\/voile-en-soie-arc-en-ciel\/","url":"https:\/\/neylaropadedanza.es\/fr\/product\/voile-en-soie-arc-en-ciel\/","name":"Voile de soie arc-en-ciel pour danse orientale et danse du ventre","isPartOf":{"@id":"https:\/\/neylaropadedanza.com\/#website"},"primaryImageOfPage":{"@id":"https:\/\/neylaropadedanza.es\/fr\/product\/voile-en-soie-arc-en-ciel\/#primaryimage"},"image":{"@id":"https:\/\/neylaropadedanza.es\/fr\/product\/voile-en-soie-arc-en-ciel\/#primaryimage"},"thumbnailUrl":"https:\/\/neylaropadedanza.es\/wp-content\/uploads\/2018\/03\/P3030753.jpg","datePublished":"2018-03-08T18:42:08+00:00","description":"Le voile de soie arc-en-ciel est id\u00e9al pour vos r\u00e9p\u00e9titions et spectacles ! Neyla Ropa de Danza s\u00e9lectionne les voiles avec la meilleure qualit\u00e9 et le meilleur prix !","breadcrumb":{"@id":"https:\/\/neylaropadedanza.es\/fr\/product\/voile-en-soie-arc-en-ciel\/#breadcrumb"},"inLanguage":"fr-FR","potentialAction":[{"@type":"ReadAction","target":["https:\/\/neylaropadedanza.es\/fr\/product\/voile-en-soie-arc-en-ciel\/"]}]},{"@type":"ImageObject","inLanguage":"fr-FR","@id":"https:\/\/neylaropadedanza.es\/fr\/product\/voile-en-soie-arc-en-ciel\/#primaryimage","url":"https:\/\/neylaropadedanza.es\/wp-content\/uploads\/2018\/03\/P3030753.jpg","contentUrl":"https:\/\/neylaropadedanza.es\/wp-content\/uploads\/2018\/03\/P3030753.jpg","width":736,"height":1024,"caption":"Voile en soie arc-en-ciel pour danse du ventre et danse orientale."},{"@type":"BreadcrumbList","@id":"https:\/\/neylaropadedanza.es\/fr\/product\/voile-en-soie-arc-en-ciel\/#breadcrumb","itemListElement":[{"@type":"ListItem","position":1,"name":"Home","item":"https:\/\/neylaropadedanza.es\/fr\/"},{"@type":"ListItem","position":2,"name":"Produits","item":"https:\/\/neylaropadedanza.es\/fr\/shop\/"},{"@type":"ListItem","position":3,"name":"Voile en soie arc-en-ciel"}]},{"@type":"WebSite","@id":"https:\/\/neylaropadedanza.com\/#website","url":"https:\/\/neylaropadedanza.com\/","name":"NeylaRopaDeDanza","description":"Ropa de Danza del Vientre, danza oriental, trajes, ropa de ensayo y mucho m\u00e1s!","publisher":{"@id":"https:\/\/neylaropadedanza.com\/#organization"},"potentialAction":[{"@type":"SearchAction","target":{"@type":"EntryPoint","urlTemplate":"https:\/\/neylaropadedanza.com\/?s={search_term_string}"},"query-input":{"@type":"PropertyValueSpecification","valueRequired":true,"valueName":"search_term_string"}}],"inLanguage":"fr-FR"},{"@type":"Organization","@id":"https:\/\/neylaropadedanza.com\/#organization","name":"NeylaRopaDeDanza","url":"https:\/\/neylaropadedanza.com\/","logo":{"@type":"ImageObject","inLanguage":"fr-FR","@id":"https:\/\/neylaropadedanza.com\/#\/schema\/logo\/image\/","url":"https:\/\/neylaropadedanza.es\/wp-content\/uploads\/2025\/04\/Neyla-Blanc.webp","contentUrl":"https:\/\/neylaropadedanza.es\/wp-content\/uploads\/2025\/04\/Neyla-Blanc.webp","width":1970,"height":936,"caption":"NeylaRopaDeDanza"},"image":{"@id":"https:\/\/neylaropadedanza.com\/#\/schema\/logo\/image\/"},"sameAs":["https:\/\/www.facebook.com\/neyladancewear\/","https:\/\/www.instagram.com\/neyladancewear\/","https:\/\/www.youtube.com\/channel\/UCKlqrANcZD0QqKXzpy4taWA?view_as=subscriber"]}]}},"_links":{"self":[{"href":"https:\/\/neylaropadedanza.es\/fr\/wp-json\/wp\/v2\/product\/19417","targetHints":{"allow":["GET"]}}],"collection":[{"href":"https:\/\/neylaropadedanza.es\/fr\/wp-json\/wp\/v2\/product"}],"about":[{"href":"https:\/\/neylaropadedanza.es\/fr\/wp-json\/wp\/v2\/types\/product"}],"replies":[{"embeddable":true,"href":"https:\/\/neylaropadedanza.es\/fr\/wp-json\/wp\/v2\/comments?post=19417"}],"version-history":[{"count":0,"href":"https:\/\/neylaropadedanza.es\/fr\/wp-json\/wp\/v2\/product\/19417\/revisions"}],"wp:featuredmedia":[{"embeddable":true,"href":"https:\/\/neylaropadedanza.es\/fr\/wp-json\/wp\/v2\/media\/18688"}],"wp:attachment":[{"href":"https:\/\/neylaropadedanza.es\/fr\/wp-json\/wp\/v2\/media?parent=19417"}],"wp:term":[{"taxonomy":"product_brand","embeddable":true,"href":"https:\/\/neylaropadedanza.es\/fr\/wp-json\/wp\/v2\/product_brand?post=19417"},{"taxonomy":"product_cat","embeddable":true,"href":"https:\/\/neylaropadedanza.es\/fr\/wp-json\/wp\/v2\/product_cat?post=19417"},{"taxonomy":"product_tag","embeddable":true,"href":"https:\/\/neylaropadedanza.es\/fr\/wp-json\/wp\/v2\/product_tag?post=19417"}],"curies":[{"name":"wp","href":"https:\/\/api.w.org\/{rel}","templated":true}]}}