{"id":19410,"date":"2018-03-08T19:06:13","date_gmt":"2018-03-08T19:06:13","guid":{"rendered":"https:\/\/neylaropadedanza.es\/product\/voile-en-soie-degrade-aux-tons-violets\/"},"modified":"2025-07-28T14:48:45","modified_gmt":"2025-07-28T14:48:45","slug":"voile-en-soie-degrade-aux-tons-violets","status":"publish","type":"product","link":"https:\/\/neylaropadedanza.es\/fr\/product\/voile-en-soie-degrade-aux-tons-violets\/","title":{"rendered":"Voile en soie d\u00e9grad\u00e9 aux tons violets"},"content":{"rendered":"<h2 data-start=\"203\" data-end=\"309\"><strong data-start=\"203\" data-end=\"309\">Voile en soie d\u00e9grad\u00e9 aux tons violets \u2013 Myst\u00e8re et \u00e9l\u00e9gance pour danse du ventre et danse orientale<\/strong><\/h2>\n<p data-start=\"311\" data-end=\"649\">Le voile en soie d\u00e9grad\u00e9 aux tons violets est un accessoire \u00e9l\u00e9gant et myst\u00e9rieux qui apporte profondeur, gr\u00e2ce et mouvement \u00e0 vos r\u00e9p\u00e9titions et spectacles de danse du ventre et danse orientale. Fabriqu\u00e9 en soie de haute qualit\u00e9, ce voile offre une chute l\u00e9g\u00e8re et fluide qui met en valeur chaque mouvement avec sophistication et d\u00e9licatesse. <\/p>\n<p data-start=\"651\" data-end=\"857\">Les diff\u00e9rentes nuances de violet se fondent dans un d\u00e9grad\u00e9 harmonieux \u00e9voquant la magie et le charme de la nuit, id\u00e9al pour les danseuses cherchant un accessoire refl\u00e9tant sensualit\u00e9 et \u00e9l\u00e9gance \u00e0 chaque pas.<\/p>\n<p data-start=\"859\" data-end=\"1101\">Chez Neyla Dancewear, nous s\u00e9lectionnons soigneusement chaque voile pour garantir la meilleure qualit\u00e9 au meilleur prix du march\u00e9. Notre collection offre une vari\u00e9t\u00e9 d\u2019imprim\u00e9s et de couleurs pour que vous trouviez le compl\u00e9ment parfait \u00e0 votre style. <\/p>\n<p data-start=\"1103\" data-end=\"1159\">Nous offrons des remises sp\u00e9ciales pour les achats en groupe :<\/p>\n<ul data-start=\"1160\" data-end=\"1320\">\n<li data-start=\"1160\" data-end=\"1211\">\n<p data-start=\"1162\" data-end=\"1211\">From 5 to 9 veils: 5% discount \u2013 29.45\u20ac\/unit<\/p>\n<\/li>\n<li data-start=\"1212\" data-end=\"1266\">\n<p data-start=\"1214\" data-end=\"1266\">From 10 to 19 veils: 10% discount \u2013 27.90\u20ac\/unit<\/p>\n<\/li>\n<li data-start=\"1267\" data-end=\"1320\">\n<p data-start=\"1269\" data-end=\"1320\">Over 20 veils: 15% discount \u2013 26.35\u20ac\/unit<\/p>\n<\/li>\n<\/ul>\n<p data-start=\"1322\" data-end=\"1478\">Si vous cherchez une autre couleur ou un autre design, contactez-nous \u00e0 <a class=\"cursor-pointer\" rel=\"noopener\" data-start=\"1368\" data-end=\"1405\">atencionalcliente@neylaropadedanza.es <\/a>ou via notre formulaire pour des propositions personnalis\u00e9es.<\/p>\n<p data-start=\"1480\" data-end=\"1506\"><strong data-start=\"1480\" data-end=\"1504\">Tailles disponibles :<\/strong><\/p>\n<ul data-start=\"1507\" data-end=\"1533\">\n<li data-start=\"1507\" data-end=\"1533\">\n<p data-start=\"1509\" data-end=\"1533\">Standard : 250 x 114 cm<\/p>\n<\/li>\n<\/ul>\n<p data-start=\"1535\" data-end=\"1561\"><strong data-start=\"1535\" data-end=\"1559\">Tailles sur demande :<\/strong><\/p>\n<ul>\n<li style=\"list-style-type: none;\">\n<ul data-start=\"1562\" data-end=\"1619\">\n<li data-start=\"1562\" data-end=\"1586\">\n<p data-start=\"1564\" data-end=\"1586\">Grande : 270 x 114 cm<\/p>\n<\/li>\n<li data-start=\"1587\" data-end=\"1619\">\n<p data-start=\"1589\" data-end=\"1619\">Petite (enfants) : 200 x 90 cm<\/p>\n<\/li>\n<\/ul>\n<\/li>\n<\/ul>\n","protected":false},"excerpt":{"rendered":"<p>Les voiles sont peints \u00e0 la main, donc la r\u00e9partition des couleurs et des nuances peut l\u00e9g\u00e8rement varier.<\/p>\n<p>Nous appliquons des remises pour les groupes : (si vous souhaitez diff\u00e9rents mod\u00e8les de voiles, veuillez nous contacter via le<a href=\"https:\/\/www.neylaropadedanza.es\/contacto\/\"> lien suivant)<\/a><\/p>\n<table style=\"height: 114px; width: 108.318%;\">\n<tbody>\n<tr style=\"height: 28px;\">\n<td style=\"width: 20.6349%; height: 28px;\">De 5 \u00e0 9 voiles<\/td>\n<td style=\"width: 144.048%; height: 28px;\">5 % de r\u00e9duction, 29,45 \u20ac l\u2019unit\u00e9<\/td>\n<\/tr>\n<tr style=\"height: 28px;\">\n<td style=\"width: 20.6349%; height: 28px;\">De 10 \u00e0 19 voiles<\/td>\n<td style=\"width: 144.048%; height: 28px;\">10 % de r\u00e9duction, 27,90 \u20ac l\u2019unit\u00e9<\/td>\n<\/tr>\n<tr style=\"height: 28px;\">\n<td style=\"width: 20.6349%; height: 28px;\">Plus de 20 voiles <\/td>\n<td style=\"width: 144.048%; height: 28px;\">15 % de r\u00e9duction, 26,35 \u20ac l\u2019unit\u00e9<\/td>\n<\/tr>\n<\/tbody>\n<\/table>\n<p>&nbsp;<\/p>\n<h5><\/h5>\n","protected":false},"featured_media":18684,"comment_status":"open","ping_status":"closed","template":"","meta":{"content-type":"","_monsterinsights_skip_tracking":false,"_monsterinsights_sitenote_active":false,"_monsterinsights_sitenote_note":"","_monsterinsights_sitenote_category":0,"_uf_show_specific_survey":0,"_uf_disable_surveys":false},"product_brand":[],"product_cat":[950,961],"product_tag":[1401,1126,1219,994,1317,1377],"class_list":{"0":"post-19410","1":"product","2":"type-product","3":"status-publish","4":"has-post-thumbnail","6":"product_cat-accessoires","7":"product_cat-voiles-en-soie","8":"product_tag-blanc","9":"product_tag-degrade","10":"product_tag-lilas","11":"product_tag-neyla-dancewear-fr","12":"product_tag-soie","13":"product_tag-voile","14":"product_shipping_class-standard-fr","16":"first","17":"outofstock","18":"sale","19":"taxable","20":"shipping-taxable","21":"purchasable","22":"product-type-simple","23":"add-to-wishlist-after_add_to_cart"},"yoast_head":"<!-- This site is optimized with the Yoast SEO plugin v26.6 - https:\/\/yoast.com\/wordpress\/plugins\/seo\/ -->\n<title>Voile de soie d\u00e9grad\u00e9 lilas, lilas clair et blanc \u2013 Danse orientale<\/title>\n<meta name=\"description\" content=\"Le voile de soie d\u00e9grad\u00e9 lilas, lilas clair et blanc est id\u00e9al pour vos r\u00e9p\u00e9titions et spectacles ! Neyla Ropa de Danza s\u00e9lectionne les meilleurs voiles de soie du march\u00e9.\" \/>\n<meta name=\"robots\" content=\"index, follow, max-snippet:-1, max-image-preview:large, max-video-preview:-1\" \/>\n<link rel=\"canonical\" href=\"https:\/\/neylaropadedanza.es\/fr\/product\/voile-en-soie-degrade-aux-tons-violets\/\" \/>\n<meta property=\"og:locale\" content=\"fr_FR\" \/>\n<meta property=\"og:type\" content=\"article\" \/>\n<meta property=\"og:title\" content=\"Voile de soie d\u00e9grad\u00e9 lilas, lilas clair et blanc \u2013 Danse orientale\" \/>\n<meta property=\"og:description\" content=\"Le voile de soie d\u00e9grad\u00e9 lilas, lilas clair et blanc est id\u00e9al pour vos r\u00e9p\u00e9titions et spectacles ! Neyla Ropa de Danza s\u00e9lectionne les meilleurs voiles de soie du march\u00e9.\" \/>\n<meta property=\"og:url\" content=\"https:\/\/neylaropadedanza.es\/fr\/product\/voile-en-soie-degrade-aux-tons-violets\/\" \/>\n<meta property=\"og:site_name\" content=\"Neyla Dancewear\" \/>\n<meta property=\"article:publisher\" content=\"https:\/\/www.facebook.com\/neyladancewear\/\" \/>\n<meta property=\"article:modified_time\" content=\"2025-07-28T14:48:45+00:00\" \/>\n<meta property=\"og:image\" content=\"https:\/\/neylaropadedanza.es\/wp-content\/uploads\/2018\/03\/P3030741.jpg\" \/>\n\t<meta property=\"og:image:width\" content=\"759\" \/>\n\t<meta property=\"og:image:height\" content=\"1024\" \/>\n\t<meta property=\"og:image:type\" content=\"image\/jpeg\" \/>\n<meta name=\"twitter:card\" content=\"summary_large_image\" \/>\n<meta name=\"twitter:label1\" content=\"Dur\u00e9e de lecture estim\u00e9e\" \/>\n\t<meta name=\"twitter:data1\" content=\"1 minute\" \/>\n<script type=\"application\/ld+json\" class=\"yoast-schema-graph\">{\"@context\":\"https:\/\/schema.org\",\"@graph\":[{\"@type\":\"WebPage\",\"@id\":\"https:\/\/neylaropadedanza.es\/fr\/product\/voile-en-soie-degrade-aux-tons-violets\/\",\"url\":\"https:\/\/neylaropadedanza.es\/fr\/product\/voile-en-soie-degrade-aux-tons-violets\/\",\"name\":\"Voile de soie d\u00e9grad\u00e9 lilas, lilas clair et blanc \u2013 Danse orientale\",\"isPartOf\":{\"@id\":\"https:\/\/neylaropadedanza.com\/#website\"},\"primaryImageOfPage\":{\"@id\":\"https:\/\/neylaropadedanza.es\/fr\/product\/voile-en-soie-degrade-aux-tons-violets\/#primaryimage\"},\"image\":{\"@id\":\"https:\/\/neylaropadedanza.es\/fr\/product\/voile-en-soie-degrade-aux-tons-violets\/#primaryimage\"},\"thumbnailUrl\":\"https:\/\/neylaropadedanza.es\/wp-content\/uploads\/2018\/03\/P3030741.jpg\",\"datePublished\":\"2018-03-08T19:06:13+00:00\",\"dateModified\":\"2025-07-28T14:48:45+00:00\",\"description\":\"Le voile de soie d\u00e9grad\u00e9 lilas, lilas clair et blanc est id\u00e9al pour vos r\u00e9p\u00e9titions et spectacles ! Neyla Ropa de Danza s\u00e9lectionne les meilleurs voiles de soie du march\u00e9.\",\"breadcrumb\":{\"@id\":\"https:\/\/neylaropadedanza.es\/fr\/product\/voile-en-soie-degrade-aux-tons-violets\/#breadcrumb\"},\"inLanguage\":\"fr-FR\",\"potentialAction\":[{\"@type\":\"ReadAction\",\"target\":[\"https:\/\/neylaropadedanza.es\/fr\/product\/voile-en-soie-degrade-aux-tons-violets\/\"]}]},{\"@type\":\"ImageObject\",\"inLanguage\":\"fr-FR\",\"@id\":\"https:\/\/neylaropadedanza.es\/fr\/product\/voile-en-soie-degrade-aux-tons-violets\/#primaryimage\",\"url\":\"https:\/\/neylaropadedanza.es\/wp-content\/uploads\/2018\/03\/P3030741.jpg\",\"contentUrl\":\"https:\/\/neylaropadedanza.es\/wp-content\/uploads\/2018\/03\/P3030741.jpg\",\"width\":759,\"height\":1024,\"caption\":\"Voile en soie d\u00e9grad\u00e9 violet pour danse du ventre et danse orientale.\"},{\"@type\":\"BreadcrumbList\",\"@id\":\"https:\/\/neylaropadedanza.es\/fr\/product\/voile-en-soie-degrade-aux-tons-violets\/#breadcrumb\",\"itemListElement\":[{\"@type\":\"ListItem\",\"position\":1,\"name\":\"Home\",\"item\":\"https:\/\/neylaropadedanza.es\/fr\/\"},{\"@type\":\"ListItem\",\"position\":2,\"name\":\"Produits\",\"item\":\"https:\/\/neylaropadedanza.es\/fr\/shop\/\"},{\"@type\":\"ListItem\",\"position\":3,\"name\":\"Voile en soie d\u00e9grad\u00e9 aux tons violets\"}]},{\"@type\":\"WebSite\",\"@id\":\"https:\/\/neylaropadedanza.com\/#website\",\"url\":\"https:\/\/neylaropadedanza.com\/\",\"name\":\"NeylaRopaDeDanza\",\"description\":\"Ropa de Danza del Vientre, danza oriental, trajes, ropa de ensayo y mucho m\u00e1s!\",\"publisher\":{\"@id\":\"https:\/\/neylaropadedanza.com\/#organization\"},\"potentialAction\":[{\"@type\":\"SearchAction\",\"target\":{\"@type\":\"EntryPoint\",\"urlTemplate\":\"https:\/\/neylaropadedanza.com\/?s={search_term_string}\"},\"query-input\":{\"@type\":\"PropertyValueSpecification\",\"valueRequired\":true,\"valueName\":\"search_term_string\"}}],\"inLanguage\":\"fr-FR\"},{\"@type\":\"Organization\",\"@id\":\"https:\/\/neylaropadedanza.com\/#organization\",\"name\":\"NeylaRopaDeDanza\",\"url\":\"https:\/\/neylaropadedanza.com\/\",\"logo\":{\"@type\":\"ImageObject\",\"inLanguage\":\"fr-FR\",\"@id\":\"https:\/\/neylaropadedanza.com\/#\/schema\/logo\/image\/\",\"url\":\"https:\/\/neylaropadedanza.es\/wp-content\/uploads\/2025\/04\/Neyla-Blanc.webp\",\"contentUrl\":\"https:\/\/neylaropadedanza.es\/wp-content\/uploads\/2025\/04\/Neyla-Blanc.webp\",\"width\":1970,\"height\":936,\"caption\":\"NeylaRopaDeDanza\"},\"image\":{\"@id\":\"https:\/\/neylaropadedanza.com\/#\/schema\/logo\/image\/\"},\"sameAs\":[\"https:\/\/www.facebook.com\/neyladancewear\/\",\"https:\/\/www.instagram.com\/neyladancewear\/\",\"https:\/\/www.youtube.com\/channel\/UCKlqrANcZD0QqKXzpy4taWA?view_as=subscriber\"]}]}<\/script>\n<!-- \/ Yoast SEO plugin. -->","yoast_head_json":{"title":"Voile de soie d\u00e9grad\u00e9 lilas, lilas clair et blanc \u2013 Danse orientale","description":"Le voile de soie d\u00e9grad\u00e9 lilas, lilas clair et blanc est id\u00e9al pour vos r\u00e9p\u00e9titions et spectacles ! Neyla Ropa de Danza s\u00e9lectionne les meilleurs voiles de soie du march\u00e9.","robots":{"index":"index","follow":"follow","max-snippet":"max-snippet:-1","max-image-preview":"max-image-preview:large","max-video-preview":"max-video-preview:-1"},"canonical":"https:\/\/neylaropadedanza.es\/fr\/product\/voile-en-soie-degrade-aux-tons-violets\/","og_locale":"fr_FR","og_type":"article","og_title":"Voile de soie d\u00e9grad\u00e9 lilas, lilas clair et blanc \u2013 Danse orientale","og_description":"Le voile de soie d\u00e9grad\u00e9 lilas, lilas clair et blanc est id\u00e9al pour vos r\u00e9p\u00e9titions et spectacles ! Neyla Ropa de Danza s\u00e9lectionne les meilleurs voiles de soie du march\u00e9.","og_url":"https:\/\/neylaropadedanza.es\/fr\/product\/voile-en-soie-degrade-aux-tons-violets\/","og_site_name":"Neyla Dancewear","article_publisher":"https:\/\/www.facebook.com\/neyladancewear\/","article_modified_time":"2025-07-28T14:48:45+00:00","og_image":[{"width":759,"height":1024,"url":"https:\/\/neylaropadedanza.es\/wp-content\/uploads\/2018\/03\/P3030741.jpg","type":"image\/jpeg"}],"twitter_card":"summary_large_image","twitter_misc":{"Dur\u00e9e de lecture estim\u00e9e":"1 minute"},"schema":{"@context":"https:\/\/schema.org","@graph":[{"@type":"WebPage","@id":"https:\/\/neylaropadedanza.es\/fr\/product\/voile-en-soie-degrade-aux-tons-violets\/","url":"https:\/\/neylaropadedanza.es\/fr\/product\/voile-en-soie-degrade-aux-tons-violets\/","name":"Voile de soie d\u00e9grad\u00e9 lilas, lilas clair et blanc \u2013 Danse orientale","isPartOf":{"@id":"https:\/\/neylaropadedanza.com\/#website"},"primaryImageOfPage":{"@id":"https:\/\/neylaropadedanza.es\/fr\/product\/voile-en-soie-degrade-aux-tons-violets\/#primaryimage"},"image":{"@id":"https:\/\/neylaropadedanza.es\/fr\/product\/voile-en-soie-degrade-aux-tons-violets\/#primaryimage"},"thumbnailUrl":"https:\/\/neylaropadedanza.es\/wp-content\/uploads\/2018\/03\/P3030741.jpg","datePublished":"2018-03-08T19:06:13+00:00","dateModified":"2025-07-28T14:48:45+00:00","description":"Le voile de soie d\u00e9grad\u00e9 lilas, lilas clair et blanc est id\u00e9al pour vos r\u00e9p\u00e9titions et spectacles ! Neyla Ropa de Danza s\u00e9lectionne les meilleurs voiles de soie du march\u00e9.","breadcrumb":{"@id":"https:\/\/neylaropadedanza.es\/fr\/product\/voile-en-soie-degrade-aux-tons-violets\/#breadcrumb"},"inLanguage":"fr-FR","potentialAction":[{"@type":"ReadAction","target":["https:\/\/neylaropadedanza.es\/fr\/product\/voile-en-soie-degrade-aux-tons-violets\/"]}]},{"@type":"ImageObject","inLanguage":"fr-FR","@id":"https:\/\/neylaropadedanza.es\/fr\/product\/voile-en-soie-degrade-aux-tons-violets\/#primaryimage","url":"https:\/\/neylaropadedanza.es\/wp-content\/uploads\/2018\/03\/P3030741.jpg","contentUrl":"https:\/\/neylaropadedanza.es\/wp-content\/uploads\/2018\/03\/P3030741.jpg","width":759,"height":1024,"caption":"Voile en soie d\u00e9grad\u00e9 violet pour danse du ventre et danse orientale."},{"@type":"BreadcrumbList","@id":"https:\/\/neylaropadedanza.es\/fr\/product\/voile-en-soie-degrade-aux-tons-violets\/#breadcrumb","itemListElement":[{"@type":"ListItem","position":1,"name":"Home","item":"https:\/\/neylaropadedanza.es\/fr\/"},{"@type":"ListItem","position":2,"name":"Produits","item":"https:\/\/neylaropadedanza.es\/fr\/shop\/"},{"@type":"ListItem","position":3,"name":"Voile en soie d\u00e9grad\u00e9 aux tons violets"}]},{"@type":"WebSite","@id":"https:\/\/neylaropadedanza.com\/#website","url":"https:\/\/neylaropadedanza.com\/","name":"NeylaRopaDeDanza","description":"Ropa de Danza del Vientre, danza oriental, trajes, ropa de ensayo y mucho m\u00e1s!","publisher":{"@id":"https:\/\/neylaropadedanza.com\/#organization"},"potentialAction":[{"@type":"SearchAction","target":{"@type":"EntryPoint","urlTemplate":"https:\/\/neylaropadedanza.com\/?s={search_term_string}"},"query-input":{"@type":"PropertyValueSpecification","valueRequired":true,"valueName":"search_term_string"}}],"inLanguage":"fr-FR"},{"@type":"Organization","@id":"https:\/\/neylaropadedanza.com\/#organization","name":"NeylaRopaDeDanza","url":"https:\/\/neylaropadedanza.com\/","logo":{"@type":"ImageObject","inLanguage":"fr-FR","@id":"https:\/\/neylaropadedanza.com\/#\/schema\/logo\/image\/","url":"https:\/\/neylaropadedanza.es\/wp-content\/uploads\/2025\/04\/Neyla-Blanc.webp","contentUrl":"https:\/\/neylaropadedanza.es\/wp-content\/uploads\/2025\/04\/Neyla-Blanc.webp","width":1970,"height":936,"caption":"NeylaRopaDeDanza"},"image":{"@id":"https:\/\/neylaropadedanza.com\/#\/schema\/logo\/image\/"},"sameAs":["https:\/\/www.facebook.com\/neyladancewear\/","https:\/\/www.instagram.com\/neyladancewear\/","https:\/\/www.youtube.com\/channel\/UCKlqrANcZD0QqKXzpy4taWA?view_as=subscriber"]}]}},"_links":{"self":[{"href":"https:\/\/neylaropadedanza.es\/fr\/wp-json\/wp\/v2\/product\/19410","targetHints":{"allow":["GET"]}}],"collection":[{"href":"https:\/\/neylaropadedanza.es\/fr\/wp-json\/wp\/v2\/product"}],"about":[{"href":"https:\/\/neylaropadedanza.es\/fr\/wp-json\/wp\/v2\/types\/product"}],"replies":[{"embeddable":true,"href":"https:\/\/neylaropadedanza.es\/fr\/wp-json\/wp\/v2\/comments?post=19410"}],"version-history":[{"count":0,"href":"https:\/\/neylaropadedanza.es\/fr\/wp-json\/wp\/v2\/product\/19410\/revisions"}],"wp:featuredmedia":[{"embeddable":true,"href":"https:\/\/neylaropadedanza.es\/fr\/wp-json\/wp\/v2\/media\/18684"}],"wp:attachment":[{"href":"https:\/\/neylaropadedanza.es\/fr\/wp-json\/wp\/v2\/media?parent=19410"}],"wp:term":[{"taxonomy":"product_brand","embeddable":true,"href":"https:\/\/neylaropadedanza.es\/fr\/wp-json\/wp\/v2\/product_brand?post=19410"},{"taxonomy":"product_cat","embeddable":true,"href":"https:\/\/neylaropadedanza.es\/fr\/wp-json\/wp\/v2\/product_cat?post=19410"},{"taxonomy":"product_tag","embeddable":true,"href":"https:\/\/neylaropadedanza.es\/fr\/wp-json\/wp\/v2\/product_tag?post=19410"}],"curies":[{"name":"wp","href":"https:\/\/api.w.org\/{rel}","templated":true}]}}