{"id":19376,"date":"2019-10-25T12:41:43","date_gmt":"2019-10-25T12:41:43","guid":{"rendered":"https:\/\/neylaropadedanza.es\/product\/amonet\/"},"modified":"2019-10-25T12:41:43","modified_gmt":"2019-10-25T12:41:43","slug":"amonet","status":"publish","type":"product","link":"https:\/\/neylaropadedanza.es\/fr\/product\/amonet\/","title":{"rendered":"Amonet"},"content":{"rendered":"<h2 data-start=\"215\" data-end=\"286\"><strong data-start=\"215\" data-end=\"286\">Top Amonet \u2013 L\u2019indispensable rouge qui transformera votre garde-robe de danse \u2764\ufe0f<\/strong><\/h2>\n<p data-start=\"288\" data-end=\"722\">Le Top Amonet est une pi\u00e8ce essentielle que vous ne pouvez pas manquer dans votre garde-robe de danse. Son design simple mais polyvalent vous permet de l\u2019associer \u00e0 n\u2019importe quelle tenue ou accessoire, en faisant votre compagnon parfait pour les r\u00e9p\u00e9titions, cours ou spectacles. Confectionn\u00e9 dans un rouge vibrant, sans manches, court juste en dessous de la poitrine, avec un col rond flatteur, ce top offre confort et fra\u00eecheur tout au long de votre entra\u00eenement.  <\/p>\n<p data-start=\"724\" data-end=\"1026\">Chez Neyla Dancewear, nous concevons et fabriquons chaque pi\u00e8ce \u00e0 Barcelone, garantissant des tissus et finitions de la plus haute qualit\u00e9 pour que vous soyez toujours spectaculaire. Nos v\u00eatements sont con\u00e7us pour la danse du ventre, le tribal, la danse orientale, Bollywood, les danses latines et bien d\u2019autres disciplines. <\/p>\n<p data-start=\"1028\" data-end=\"1288\">Comment associer le Top Amonet ? La r\u00e9ponse est simple ! D\u00e9couvrez notre large <a href=\"https:\/\/neylaropadedanza.es\/fr\/jupettes\/\">collection de jupes<\/a>, o\u00f9 vous trouverez de nombreux styles, couleurs et tailles pour compl\u00e9ter votre look. Cliquez ici et d\u00e9couvrez tout ce que Neyla Dancewear a pr\u00e9par\u00e9 pour vous.   <\/p>\n<p data-start=\"1290\" data-end=\"1498\">N\u2019oubliez pas non plus de jeter un \u0153il \u00e0 notre<a href=\"https:\/\/neylaropadedanza.es\/fr\/accessoires\/\"> section accessoires,<\/a> o\u00f9 vous trouverez des bijoux, ceintures perl\u00e9es, voiles en soie et bien plus encore pour compl\u00e9ter votre tenue avec style et personnalit\u00e9.<\/p>\n<p data-start=\"1500\" data-end=\"1668\">Si vous cherchez de la vari\u00e9t\u00e9, le Top Amonet est \u00e9galement disponible en noir, imprim\u00e9 animal et rayures pour que vous puissiez choisir celui qui convient le mieux \u00e0 votre style et \u00e0 vos go\u00fbts.<\/p>\n<p data-start=\"1670\" data-end=\"1857\"><strong data-start=\"1670\" data-end=\"1681\">Tailles<\/strong> : Trouver votre taille est tr\u00e8s facile. Gr\u00e2ce \u00e0 l\u2019\u00e9lasticit\u00e9 de nos v\u00eatements, le top s\u2019adapte parfaitement \u00e0 votre corps pour vous offrir libert\u00e9 de mouvement et confort. <\/p>\n<p>&nbsp;<\/p>\n","protected":false},"excerpt":{"rendered":"<p>Top Amonet \u2013 L\u2019indispensable rouge qui transformera votre garde-robe de danse \u2764\ufe0f Le Top Amonet est une pi\u00e8ce essentielle que vous ne pouvez pas manquer dans votre garde-robe de danse. Son design simple mais polyvalent vous permet de l\u2019associer \u00e0 n\u2019importe quelle tenue ou accessoire, en faisant votre compagnon parfait pour les r\u00e9p\u00e9titions, cours ou [&hellip;]<\/p>\n","protected":false},"featured_media":17540,"comment_status":"open","ping_status":"closed","template":"","meta":{"content-type":"","_monsterinsights_skip_tracking":false,"_monsterinsights_sitenote_active":false,"_monsterinsights_sitenote_note":"","_monsterinsights_sitenote_category":0,"_uf_show_specific_survey":0,"_uf_disable_surveys":false},"product_brand":[],"product_cat":[971,967,969],"product_tag":[1120,1403,1285,1287,1327,1307,1305],"class_list":{"0":"post-19376","1":"product","2":"type-product","3":"status-publish","4":"has-post-thumbnail","6":"product_cat-bodys-tops-et-leggings","7":"product_cat-outlet-fr","8":"product_cat-vetements-dentrainement","9":"product_tag-danse-du-ventre","10":"product_tag-danse-orientale","11":"product_tag-filet","12":"product_tag-rouge","13":"product_tag-top-fr","14":"product_tag-vetements-dentrainement","15":"product_tag-vetements-de-danse-du-ventre-fr","16":"product_shipping_class-standard-fr","18":"first","19":"instock","20":"sale","21":"taxable","22":"shipping-taxable","23":"purchasable","24":"product-type-variable","25":"add-to-wishlist-after_add_to_cart"},"yoast_head":"<!-- This site is optimized with the Yoast SEO plugin v26.6 - https:\/\/yoast.com\/wordpress\/plugins\/seo\/ -->\n<title>Amonet - Neyla Dancewear - V\u00eatements de danse du ventre<\/title>\n<meta name=\"description\" content=\"Top Amonet : confort et style dans un basique rouge indispensable pour vos r\u00e9p\u00e9titions. Fabriqu\u00e9 \u00e0 Barcelone avec des tissus de haute qualit\u00e9. Dot\u00e9 d\u2019une mousse int\u00e9gr\u00e9e pour \u00eatre port\u00e9 sans soutien-gorge.\" \/>\n<meta name=\"robots\" content=\"index, follow, max-snippet:-1, max-image-preview:large, max-video-preview:-1\" \/>\n<link rel=\"canonical\" href=\"https:\/\/neylaropadedanza.es\/fr\/product\/amonet\/\" \/>\n<meta property=\"og:locale\" content=\"fr_FR\" \/>\n<meta property=\"og:type\" content=\"article\" \/>\n<meta property=\"og:title\" content=\"Amonet - Neyla Dancewear - V\u00eatements de danse du ventre\" \/>\n<meta property=\"og:description\" content=\"Top Amonet : confort et style dans un basique rouge indispensable pour vos r\u00e9p\u00e9titions. Fabriqu\u00e9 \u00e0 Barcelone avec des tissus de haute qualit\u00e9. Dot\u00e9 d\u2019une mousse int\u00e9gr\u00e9e pour \u00eatre port\u00e9 sans soutien-gorge.\" \/>\n<meta property=\"og:url\" content=\"https:\/\/neylaropadedanza.es\/fr\/product\/amonet\/\" \/>\n<meta property=\"og:site_name\" content=\"Neyla Dancewear\" \/>\n<meta property=\"article:publisher\" content=\"https:\/\/www.facebook.com\/neyladancewear\/\" \/>\n<meta property=\"og:image\" content=\"https:\/\/neylaropadedanza.com\/wp-content\/uploads\/2019\/10\/Ropa-de-Danza-del-Vientre-Ensayo-22.jpg\" \/>\n\t<meta property=\"og:image:width\" content=\"977\" \/>\n\t<meta property=\"og:image:height\" content=\"1024\" \/>\n\t<meta property=\"og:image:type\" content=\"image\/jpeg\" \/>\n<meta name=\"twitter:card\" content=\"summary_large_image\" \/>\n<meta name=\"twitter:label1\" content=\"Dur\u00e9e de lecture estim\u00e9e\" \/>\n\t<meta name=\"twitter:data1\" content=\"1 minute\" \/>\n<script type=\"application\/ld+json\" class=\"yoast-schema-graph\">{\"@context\":\"https:\/\/schema.org\",\"@graph\":[{\"@type\":\"WebPage\",\"@id\":\"https:\/\/neylaropadedanza.es\/fr\/product\/amonet\/\",\"url\":\"https:\/\/neylaropadedanza.es\/fr\/product\/amonet\/\",\"name\":\"Amonet - Neyla Dancewear - V\u00eatements de danse du ventre\",\"isPartOf\":{\"@id\":\"https:\/\/neylaropadedanza.com\/#website\"},\"primaryImageOfPage\":{\"@id\":\"https:\/\/neylaropadedanza.es\/fr\/product\/amonet\/#primaryimage\"},\"image\":{\"@id\":\"https:\/\/neylaropadedanza.es\/fr\/product\/amonet\/#primaryimage\"},\"thumbnailUrl\":\"https:\/\/neylaropadedanza.es\/wp-content\/uploads\/2019\/10\/Ropa-de-Danza-del-Vientre-Ensayo-22.jpg\",\"datePublished\":\"2019-10-25T12:41:43+00:00\",\"description\":\"Top Amonet : confort et style dans un basique rouge indispensable pour vos r\u00e9p\u00e9titions. Fabriqu\u00e9 \u00e0 Barcelone avec des tissus de haute qualit\u00e9. Dot\u00e9 d\u2019une mousse int\u00e9gr\u00e9e pour \u00eatre port\u00e9 sans soutien-gorge.\",\"breadcrumb\":{\"@id\":\"https:\/\/neylaropadedanza.es\/fr\/product\/amonet\/#breadcrumb\"},\"inLanguage\":\"fr-FR\",\"potentialAction\":[{\"@type\":\"ReadAction\",\"target\":[\"https:\/\/neylaropadedanza.es\/fr\/product\/amonet\/\"]}]},{\"@type\":\"ImageObject\",\"inLanguage\":\"fr-FR\",\"@id\":\"https:\/\/neylaropadedanza.es\/fr\/product\/amonet\/#primaryimage\",\"url\":\"https:\/\/neylaropadedanza.es\/wp-content\/uploads\/2019\/10\/Ropa-de-Danza-del-Vientre-Ensayo-22.jpg\",\"contentUrl\":\"https:\/\/neylaropadedanza.es\/wp-content\/uploads\/2019\/10\/Ropa-de-Danza-del-Vientre-Ensayo-22.jpg\",\"width\":977,\"height\":1024,\"caption\":\"Top Amonet rouge sans manches avec col rond, id\u00e9al pour la danse du ventre et autres styles.\"},{\"@type\":\"BreadcrumbList\",\"@id\":\"https:\/\/neylaropadedanza.es\/fr\/product\/amonet\/#breadcrumb\",\"itemListElement\":[{\"@type\":\"ListItem\",\"position\":1,\"name\":\"Home\",\"item\":\"https:\/\/neylaropadedanza.es\/fr\/\"},{\"@type\":\"ListItem\",\"position\":2,\"name\":\"Produits\",\"item\":\"https:\/\/neylaropadedanza.es\/fr\/shop\/\"},{\"@type\":\"ListItem\",\"position\":3,\"name\":\"Amonet\"}]},{\"@type\":\"WebSite\",\"@id\":\"https:\/\/neylaropadedanza.com\/#website\",\"url\":\"https:\/\/neylaropadedanza.com\/\",\"name\":\"NeylaRopaDeDanza\",\"description\":\"Ropa de Danza del Vientre, danza oriental, trajes, ropa de ensayo y mucho m\u00e1s!\",\"publisher\":{\"@id\":\"https:\/\/neylaropadedanza.com\/#organization\"},\"potentialAction\":[{\"@type\":\"SearchAction\",\"target\":{\"@type\":\"EntryPoint\",\"urlTemplate\":\"https:\/\/neylaropadedanza.com\/?s={search_term_string}\"},\"query-input\":{\"@type\":\"PropertyValueSpecification\",\"valueRequired\":true,\"valueName\":\"search_term_string\"}}],\"inLanguage\":\"fr-FR\"},{\"@type\":\"Organization\",\"@id\":\"https:\/\/neylaropadedanza.com\/#organization\",\"name\":\"NeylaRopaDeDanza\",\"url\":\"https:\/\/neylaropadedanza.com\/\",\"logo\":{\"@type\":\"ImageObject\",\"inLanguage\":\"fr-FR\",\"@id\":\"https:\/\/neylaropadedanza.com\/#\/schema\/logo\/image\/\",\"url\":\"https:\/\/neylaropadedanza.es\/wp-content\/uploads\/2025\/04\/Neyla-Blanc.webp\",\"contentUrl\":\"https:\/\/neylaropadedanza.es\/wp-content\/uploads\/2025\/04\/Neyla-Blanc.webp\",\"width\":1970,\"height\":936,\"caption\":\"NeylaRopaDeDanza\"},\"image\":{\"@id\":\"https:\/\/neylaropadedanza.com\/#\/schema\/logo\/image\/\"},\"sameAs\":[\"https:\/\/www.facebook.com\/neyladancewear\/\",\"https:\/\/www.instagram.com\/neyladancewear\/\",\"https:\/\/www.youtube.com\/channel\/UCKlqrANcZD0QqKXzpy4taWA?view_as=subscriber\"]}]}<\/script>\n<!-- \/ Yoast SEO plugin. -->","yoast_head_json":{"title":"Amonet - Neyla Dancewear - V\u00eatements de danse du ventre","description":"Top Amonet : confort et style dans un basique rouge indispensable pour vos r\u00e9p\u00e9titions. Fabriqu\u00e9 \u00e0 Barcelone avec des tissus de haute qualit\u00e9. Dot\u00e9 d\u2019une mousse int\u00e9gr\u00e9e pour \u00eatre port\u00e9 sans soutien-gorge.","robots":{"index":"index","follow":"follow","max-snippet":"max-snippet:-1","max-image-preview":"max-image-preview:large","max-video-preview":"max-video-preview:-1"},"canonical":"https:\/\/neylaropadedanza.es\/fr\/product\/amonet\/","og_locale":"fr_FR","og_type":"article","og_title":"Amonet - Neyla Dancewear - V\u00eatements de danse du ventre","og_description":"Top Amonet : confort et style dans un basique rouge indispensable pour vos r\u00e9p\u00e9titions. Fabriqu\u00e9 \u00e0 Barcelone avec des tissus de haute qualit\u00e9. Dot\u00e9 d\u2019une mousse int\u00e9gr\u00e9e pour \u00eatre port\u00e9 sans soutien-gorge.","og_url":"https:\/\/neylaropadedanza.es\/fr\/product\/amonet\/","og_site_name":"Neyla Dancewear","article_publisher":"https:\/\/www.facebook.com\/neyladancewear\/","og_image":[{"width":977,"height":1024,"url":"https:\/\/neylaropadedanza.com\/wp-content\/uploads\/2019\/10\/Ropa-de-Danza-del-Vientre-Ensayo-22.jpg","type":"image\/jpeg"}],"twitter_card":"summary_large_image","twitter_misc":{"Dur\u00e9e de lecture estim\u00e9e":"1 minute"},"schema":{"@context":"https:\/\/schema.org","@graph":[{"@type":"WebPage","@id":"https:\/\/neylaropadedanza.es\/fr\/product\/amonet\/","url":"https:\/\/neylaropadedanza.es\/fr\/product\/amonet\/","name":"Amonet - Neyla Dancewear - V\u00eatements de danse du ventre","isPartOf":{"@id":"https:\/\/neylaropadedanza.com\/#website"},"primaryImageOfPage":{"@id":"https:\/\/neylaropadedanza.es\/fr\/product\/amonet\/#primaryimage"},"image":{"@id":"https:\/\/neylaropadedanza.es\/fr\/product\/amonet\/#primaryimage"},"thumbnailUrl":"https:\/\/neylaropadedanza.es\/wp-content\/uploads\/2019\/10\/Ropa-de-Danza-del-Vientre-Ensayo-22.jpg","datePublished":"2019-10-25T12:41:43+00:00","description":"Top Amonet : confort et style dans un basique rouge indispensable pour vos r\u00e9p\u00e9titions. Fabriqu\u00e9 \u00e0 Barcelone avec des tissus de haute qualit\u00e9. Dot\u00e9 d\u2019une mousse int\u00e9gr\u00e9e pour \u00eatre port\u00e9 sans soutien-gorge.","breadcrumb":{"@id":"https:\/\/neylaropadedanza.es\/fr\/product\/amonet\/#breadcrumb"},"inLanguage":"fr-FR","potentialAction":[{"@type":"ReadAction","target":["https:\/\/neylaropadedanza.es\/fr\/product\/amonet\/"]}]},{"@type":"ImageObject","inLanguage":"fr-FR","@id":"https:\/\/neylaropadedanza.es\/fr\/product\/amonet\/#primaryimage","url":"https:\/\/neylaropadedanza.es\/wp-content\/uploads\/2019\/10\/Ropa-de-Danza-del-Vientre-Ensayo-22.jpg","contentUrl":"https:\/\/neylaropadedanza.es\/wp-content\/uploads\/2019\/10\/Ropa-de-Danza-del-Vientre-Ensayo-22.jpg","width":977,"height":1024,"caption":"Top Amonet rouge sans manches avec col rond, id\u00e9al pour la danse du ventre et autres styles."},{"@type":"BreadcrumbList","@id":"https:\/\/neylaropadedanza.es\/fr\/product\/amonet\/#breadcrumb","itemListElement":[{"@type":"ListItem","position":1,"name":"Home","item":"https:\/\/neylaropadedanza.es\/fr\/"},{"@type":"ListItem","position":2,"name":"Produits","item":"https:\/\/neylaropadedanza.es\/fr\/shop\/"},{"@type":"ListItem","position":3,"name":"Amonet"}]},{"@type":"WebSite","@id":"https:\/\/neylaropadedanza.com\/#website","url":"https:\/\/neylaropadedanza.com\/","name":"NeylaRopaDeDanza","description":"Ropa de Danza del Vientre, danza oriental, trajes, ropa de ensayo y mucho m\u00e1s!","publisher":{"@id":"https:\/\/neylaropadedanza.com\/#organization"},"potentialAction":[{"@type":"SearchAction","target":{"@type":"EntryPoint","urlTemplate":"https:\/\/neylaropadedanza.com\/?s={search_term_string}"},"query-input":{"@type":"PropertyValueSpecification","valueRequired":true,"valueName":"search_term_string"}}],"inLanguage":"fr-FR"},{"@type":"Organization","@id":"https:\/\/neylaropadedanza.com\/#organization","name":"NeylaRopaDeDanza","url":"https:\/\/neylaropadedanza.com\/","logo":{"@type":"ImageObject","inLanguage":"fr-FR","@id":"https:\/\/neylaropadedanza.com\/#\/schema\/logo\/image\/","url":"https:\/\/neylaropadedanza.es\/wp-content\/uploads\/2025\/04\/Neyla-Blanc.webp","contentUrl":"https:\/\/neylaropadedanza.es\/wp-content\/uploads\/2025\/04\/Neyla-Blanc.webp","width":1970,"height":936,"caption":"NeylaRopaDeDanza"},"image":{"@id":"https:\/\/neylaropadedanza.com\/#\/schema\/logo\/image\/"},"sameAs":["https:\/\/www.facebook.com\/neyladancewear\/","https:\/\/www.instagram.com\/neyladancewear\/","https:\/\/www.youtube.com\/channel\/UCKlqrANcZD0QqKXzpy4taWA?view_as=subscriber"]}]}},"_links":{"self":[{"href":"https:\/\/neylaropadedanza.es\/fr\/wp-json\/wp\/v2\/product\/19376","targetHints":{"allow":["GET"]}}],"collection":[{"href":"https:\/\/neylaropadedanza.es\/fr\/wp-json\/wp\/v2\/product"}],"about":[{"href":"https:\/\/neylaropadedanza.es\/fr\/wp-json\/wp\/v2\/types\/product"}],"replies":[{"embeddable":true,"href":"https:\/\/neylaropadedanza.es\/fr\/wp-json\/wp\/v2\/comments?post=19376"}],"version-history":[{"count":0,"href":"https:\/\/neylaropadedanza.es\/fr\/wp-json\/wp\/v2\/product\/19376\/revisions"}],"wp:featuredmedia":[{"embeddable":true,"href":"https:\/\/neylaropadedanza.es\/fr\/wp-json\/wp\/v2\/media\/17540"}],"wp:attachment":[{"href":"https:\/\/neylaropadedanza.es\/fr\/wp-json\/wp\/v2\/media?parent=19376"}],"wp:term":[{"taxonomy":"product_brand","embeddable":true,"href":"https:\/\/neylaropadedanza.es\/fr\/wp-json\/wp\/v2\/product_brand?post=19376"},{"taxonomy":"product_cat","embeddable":true,"href":"https:\/\/neylaropadedanza.es\/fr\/wp-json\/wp\/v2\/product_cat?post=19376"},{"taxonomy":"product_tag","embeddable":true,"href":"https:\/\/neylaropadedanza.es\/fr\/wp-json\/wp\/v2\/product_tag?post=19376"}],"curies":[{"name":"wp","href":"https:\/\/api.w.org\/{rel}","templated":true}]}}