{"id":19366,"date":"2019-10-31T13:29:32","date_gmt":"2019-10-31T13:29:32","guid":{"rendered":"https:\/\/neylaropadedanza.es\/product\/quibilah\/"},"modified":"2019-10-31T13:29:32","modified_gmt":"2019-10-31T13:29:32","slug":"quibilah","status":"publish","type":"product","link":"https:\/\/neylaropadedanza.es\/fr\/product\/quibilah\/","title":{"rendered":"Quibilah"},"content":{"rendered":"<h3 data-start=\"256\" data-end=\"337\">Leggings Quibliah \u2013 Confort, Style et \u00c9l\u00e9gance pour Vos Cours de Danse \ud83d\udda4\u2728<\/h3>\n<p data-start=\"339\" data-end=\"685\">Les <strong data-start=\"343\" data-end=\"363\">leggings Quibliah<\/strong> sont le compl\u00e9ment parfait pour toute danseuse recherchant confort et style \u00e0 chaque cours ou r\u00e9p\u00e9tition. Con\u00e7us pour offrir un ajustement parfait et une grande libert\u00e9 de mouvement, ces leggings mi-hauts, longueur cheville, sont frais, confortables et \u00e9l\u00e9gants, pour que vous vous sentiez toujours confiante et magnifique devant le miroir. <\/p>\n<p data-start=\"687\" data-end=\"991\">Avec un imprim\u00e9 animalier en tons gris et noirs, les leggings Quibliah apportent une touche de sophistication et de modernit\u00e9 \u00e0 votre tenue de danse. Leur design s\u2019associe parfaitement \u00e0 tous les tops ou v\u00eatements de la collection Neyla Dancewear, vous permettant de cr\u00e9er des looks uniques et personnalis\u00e9s selon votre style. <\/p>\n<p data-start=\"993\" data-end=\"1352\">Chez Neyla Dancewear, nous prenons soin de chaque d\u00e9tail, en concevant et fabriquant tous nos v\u00eatements \u00e0 Barcelone, en s\u00e9lectionnant des tissus de la plus haute qualit\u00e9 garantissant durabilit\u00e9, confort et excellente adaptation au corps. Nos leggings sont con\u00e7us pour les danseuses passionn\u00e9es qui veulent \u00eatre belles sans sacrifier la fonctionnalit\u00e9 et la qualit\u00e9. <\/p>\n<p data-start=\"1354\" data-end=\"1647\">D\u00e9couvrez notre large <a href=\"https:\/\/neylaropadedanza.es\/fr\/bodys-tops-et-leggins\/\">gamme de tops <\/a>\u00e0 associer aux leggings Quibliah et cr\u00e9ez votre ensemble id\u00e9al pour la danse du ventre, la danse orientale, Bollywood, le yoga, le tribal ou la fusion. Notre vari\u00e9t\u00e9 de mod\u00e8les et d\u2019imprim\u00e9s vous assure de toujours trouver cette touche sp\u00e9ciale pour compl\u00e9ter votre look. <\/p>\n<p data-start=\"1649\" data-end=\"1849\">N\u2019oubliez pas non plus de visiter notre<a href=\"https:\/\/neylaropadedanza.es\/fr\/accessoires\/\"> section accessoires <\/a>o\u00f9 vous trouverez ceintures perl\u00e9es, bijoux, voiles en soie et bien plus encore pour rendre votre exp\u00e9rience de danse compl\u00e8te et styl\u00e9e.<\/p>\n<p data-start=\"1851\" data-end=\"2066\">Nous avons \u00e9largi nos tailles : vous pouvez d\u00e9sormais choisir parmi trois tailles diff\u00e9rentes pour vous assurer que votre achat s\u2019adapte parfaitement \u00e0 votre corps, vous offrant confiance et confort \u00e0 chaque mouvement.<\/p>\n<p data-start=\"2068\" data-end=\"2174\">Osez \u00eatre \u00e9l\u00e9gante et confortable dans vos cours avec les leggings Quibliah. Votre danse m\u00e9rite ce qu\u2019il y a de mieux ! \ud83c\udf1f\ud83d\udc83  <\/p>\n","protected":false},"excerpt":{"rendered":"<p><a href=\"https:\/\/neylaropadedanza.es\/fr\/guide-des-mesures\/\">Guide des Tailles<\/a><\/p>\n","protected":false},"featured_media":17548,"comment_status":"open","ping_status":"closed","template":"","meta":{"content-type":"","_monsterinsights_skip_tracking":false,"_monsterinsights_sitenote_active":false,"_monsterinsights_sitenote_note":"","_monsterinsights_sitenote_category":0,"_uf_show_specific_survey":0,"_uf_disable_surveys":false},"product_brand":[],"product_cat":[971,967,969],"product_tag":[1120,1403,1204,1036,1212,1253,1307,1305],"class_list":{"0":"post-19366","1":"product","2":"type-product","3":"status-publish","4":"has-post-thumbnail","6":"product_cat-bodys-tops-et-leggings","7":"product_cat-outlet-fr","8":"product_cat-vetements-dentrainement","9":"product_tag-danse-du-ventre","10":"product_tag-danse-orientale","11":"product_tag-gris-fr","12":"product_tag-imprime-animal","13":"product_tag-leggins-fr","14":"product_tag-noir","15":"product_tag-vetements-dentrainement","16":"product_tag-vetements-de-danse-du-ventre-fr","17":"product_shipping_class-standard-fr","19":"first","20":"instock","21":"sale","22":"taxable","23":"shipping-taxable","24":"purchasable","25":"product-type-variable","26":"add-to-wishlist-after_add_to_cart"},"yoast_head":"<!-- This site is optimized with the Yoast SEO plugin v26.6 - https:\/\/yoast.com\/wordpress\/plugins\/seo\/ -->\n<title>Quibilah - Neyla Dancewear - V\u00eatements de danse du ventre<\/title>\n<meta name=\"description\" content=\"Danseuse orientale portant des leggings Quibliah longueur cheville imprim\u00e9s animalier gris et noir, posant avec gr\u00e2ce et \u00e9l\u00e9gance.\" \/>\n<meta name=\"robots\" content=\"index, follow, max-snippet:-1, max-image-preview:large, max-video-preview:-1\" \/>\n<link rel=\"canonical\" href=\"https:\/\/neylaropadedanza.es\/fr\/product\/quibilah\/\" \/>\n<meta property=\"og:locale\" content=\"fr_FR\" \/>\n<meta property=\"og:type\" content=\"article\" \/>\n<meta property=\"og:title\" content=\"Quibilah - Neyla Dancewear - V\u00eatements de danse du ventre\" \/>\n<meta property=\"og:description\" content=\"Danseuse orientale portant des leggings Quibliah longueur cheville imprim\u00e9s animalier gris et noir, posant avec gr\u00e2ce et \u00e9l\u00e9gance.\" \/>\n<meta property=\"og:url\" content=\"https:\/\/neylaropadedanza.es\/fr\/product\/quibilah\/\" \/>\n<meta property=\"og:site_name\" content=\"Neyla Dancewear\" \/>\n<meta property=\"article:publisher\" content=\"https:\/\/www.facebook.com\/neyladancewear\/\" \/>\n<meta property=\"og:image\" content=\"https:\/\/neylaropadedanza.com\/wp-content\/uploads\/2019\/10\/Danza-del-Vientre-Ensayo-6.jpg\" \/>\n\t<meta property=\"og:image:width\" content=\"735\" \/>\n\t<meta property=\"og:image:height\" content=\"1024\" \/>\n\t<meta property=\"og:image:type\" content=\"image\/jpeg\" \/>\n<meta name=\"twitter:card\" content=\"summary_large_image\" \/>\n<meta name=\"twitter:label1\" content=\"Dur\u00e9e de lecture estim\u00e9e\" \/>\n\t<meta name=\"twitter:data1\" content=\"2 minutes\" \/>\n<script type=\"application\/ld+json\" class=\"yoast-schema-graph\">{\"@context\":\"https:\/\/schema.org\",\"@graph\":[{\"@type\":\"WebPage\",\"@id\":\"https:\/\/neylaropadedanza.es\/fr\/product\/quibilah\/\",\"url\":\"https:\/\/neylaropadedanza.es\/fr\/product\/quibilah\/\",\"name\":\"Quibilah - Neyla Dancewear - V\u00eatements de danse du ventre\",\"isPartOf\":{\"@id\":\"https:\/\/neylaropadedanza.com\/#website\"},\"primaryImageOfPage\":{\"@id\":\"https:\/\/neylaropadedanza.es\/fr\/product\/quibilah\/#primaryimage\"},\"image\":{\"@id\":\"https:\/\/neylaropadedanza.es\/fr\/product\/quibilah\/#primaryimage\"},\"thumbnailUrl\":\"https:\/\/neylaropadedanza.es\/wp-content\/uploads\/2019\/10\/Danza-del-Vientre-Ensayo-6.jpg\",\"datePublished\":\"2019-10-31T13:29:32+00:00\",\"description\":\"Danseuse orientale portant des leggings Quibliah longueur cheville imprim\u00e9s animalier gris et noir, posant avec gr\u00e2ce et \u00e9l\u00e9gance.\",\"breadcrumb\":{\"@id\":\"https:\/\/neylaropadedanza.es\/fr\/product\/quibilah\/#breadcrumb\"},\"inLanguage\":\"fr-FR\",\"potentialAction\":[{\"@type\":\"ReadAction\",\"target\":[\"https:\/\/neylaropadedanza.es\/fr\/product\/quibilah\/\"]}]},{\"@type\":\"ImageObject\",\"inLanguage\":\"fr-FR\",\"@id\":\"https:\/\/neylaropadedanza.es\/fr\/product\/quibilah\/#primaryimage\",\"url\":\"https:\/\/neylaropadedanza.es\/wp-content\/uploads\/2019\/10\/Danza-del-Vientre-Ensayo-6.jpg\",\"contentUrl\":\"https:\/\/neylaropadedanza.es\/wp-content\/uploads\/2019\/10\/Danza-del-Vientre-Ensayo-6.jpg\",\"width\":735,\"height\":1024,\"caption\":\"Danseuse orientale portant des leggings Quibliah longueur cheville imprim\u00e9s animalier gris et noir, posant avec gr\u00e2ce et \u00e9l\u00e9gance.\"},{\"@type\":\"BreadcrumbList\",\"@id\":\"https:\/\/neylaropadedanza.es\/fr\/product\/quibilah\/#breadcrumb\",\"itemListElement\":[{\"@type\":\"ListItem\",\"position\":1,\"name\":\"Home\",\"item\":\"https:\/\/neylaropadedanza.es\/fr\/\"},{\"@type\":\"ListItem\",\"position\":2,\"name\":\"Produits\",\"item\":\"https:\/\/neylaropadedanza.es\/fr\/shop\/\"},{\"@type\":\"ListItem\",\"position\":3,\"name\":\"Quibilah\"}]},{\"@type\":\"WebSite\",\"@id\":\"https:\/\/neylaropadedanza.com\/#website\",\"url\":\"https:\/\/neylaropadedanza.com\/\",\"name\":\"NeylaRopaDeDanza\",\"description\":\"Ropa de Danza del Vientre, danza oriental, trajes, ropa de ensayo y mucho m\u00e1s!\",\"publisher\":{\"@id\":\"https:\/\/neylaropadedanza.com\/#organization\"},\"potentialAction\":[{\"@type\":\"SearchAction\",\"target\":{\"@type\":\"EntryPoint\",\"urlTemplate\":\"https:\/\/neylaropadedanza.com\/?s={search_term_string}\"},\"query-input\":{\"@type\":\"PropertyValueSpecification\",\"valueRequired\":true,\"valueName\":\"search_term_string\"}}],\"inLanguage\":\"fr-FR\"},{\"@type\":\"Organization\",\"@id\":\"https:\/\/neylaropadedanza.com\/#organization\",\"name\":\"NeylaRopaDeDanza\",\"url\":\"https:\/\/neylaropadedanza.com\/\",\"logo\":{\"@type\":\"ImageObject\",\"inLanguage\":\"fr-FR\",\"@id\":\"https:\/\/neylaropadedanza.com\/#\/schema\/logo\/image\/\",\"url\":\"https:\/\/neylaropadedanza.es\/wp-content\/uploads\/2025\/04\/Neyla-Blanc.webp\",\"contentUrl\":\"https:\/\/neylaropadedanza.es\/wp-content\/uploads\/2025\/04\/Neyla-Blanc.webp\",\"width\":1970,\"height\":936,\"caption\":\"NeylaRopaDeDanza\"},\"image\":{\"@id\":\"https:\/\/neylaropadedanza.com\/#\/schema\/logo\/image\/\"},\"sameAs\":[\"https:\/\/www.facebook.com\/neyladancewear\/\",\"https:\/\/www.instagram.com\/neyladancewear\/\",\"https:\/\/www.youtube.com\/channel\/UCKlqrANcZD0QqKXzpy4taWA?view_as=subscriber\"]}]}<\/script>\n<!-- \/ Yoast SEO plugin. -->","yoast_head_json":{"title":"Quibilah - Neyla Dancewear - V\u00eatements de danse du ventre","description":"Danseuse orientale portant des leggings Quibliah longueur cheville imprim\u00e9s animalier gris et noir, posant avec gr\u00e2ce et \u00e9l\u00e9gance.","robots":{"index":"index","follow":"follow","max-snippet":"max-snippet:-1","max-image-preview":"max-image-preview:large","max-video-preview":"max-video-preview:-1"},"canonical":"https:\/\/neylaropadedanza.es\/fr\/product\/quibilah\/","og_locale":"fr_FR","og_type":"article","og_title":"Quibilah - Neyla Dancewear - V\u00eatements de danse du ventre","og_description":"Danseuse orientale portant des leggings Quibliah longueur cheville imprim\u00e9s animalier gris et noir, posant avec gr\u00e2ce et \u00e9l\u00e9gance.","og_url":"https:\/\/neylaropadedanza.es\/fr\/product\/quibilah\/","og_site_name":"Neyla Dancewear","article_publisher":"https:\/\/www.facebook.com\/neyladancewear\/","og_image":[{"width":735,"height":1024,"url":"https:\/\/neylaropadedanza.com\/wp-content\/uploads\/2019\/10\/Danza-del-Vientre-Ensayo-6.jpg","type":"image\/jpeg"}],"twitter_card":"summary_large_image","twitter_misc":{"Dur\u00e9e de lecture estim\u00e9e":"2 minutes"},"schema":{"@context":"https:\/\/schema.org","@graph":[{"@type":"WebPage","@id":"https:\/\/neylaropadedanza.es\/fr\/product\/quibilah\/","url":"https:\/\/neylaropadedanza.es\/fr\/product\/quibilah\/","name":"Quibilah - Neyla Dancewear - V\u00eatements de danse du ventre","isPartOf":{"@id":"https:\/\/neylaropadedanza.com\/#website"},"primaryImageOfPage":{"@id":"https:\/\/neylaropadedanza.es\/fr\/product\/quibilah\/#primaryimage"},"image":{"@id":"https:\/\/neylaropadedanza.es\/fr\/product\/quibilah\/#primaryimage"},"thumbnailUrl":"https:\/\/neylaropadedanza.es\/wp-content\/uploads\/2019\/10\/Danza-del-Vientre-Ensayo-6.jpg","datePublished":"2019-10-31T13:29:32+00:00","description":"Danseuse orientale portant des leggings Quibliah longueur cheville imprim\u00e9s animalier gris et noir, posant avec gr\u00e2ce et \u00e9l\u00e9gance.","breadcrumb":{"@id":"https:\/\/neylaropadedanza.es\/fr\/product\/quibilah\/#breadcrumb"},"inLanguage":"fr-FR","potentialAction":[{"@type":"ReadAction","target":["https:\/\/neylaropadedanza.es\/fr\/product\/quibilah\/"]}]},{"@type":"ImageObject","inLanguage":"fr-FR","@id":"https:\/\/neylaropadedanza.es\/fr\/product\/quibilah\/#primaryimage","url":"https:\/\/neylaropadedanza.es\/wp-content\/uploads\/2019\/10\/Danza-del-Vientre-Ensayo-6.jpg","contentUrl":"https:\/\/neylaropadedanza.es\/wp-content\/uploads\/2019\/10\/Danza-del-Vientre-Ensayo-6.jpg","width":735,"height":1024,"caption":"Danseuse orientale portant des leggings Quibliah longueur cheville imprim\u00e9s animalier gris et noir, posant avec gr\u00e2ce et \u00e9l\u00e9gance."},{"@type":"BreadcrumbList","@id":"https:\/\/neylaropadedanza.es\/fr\/product\/quibilah\/#breadcrumb","itemListElement":[{"@type":"ListItem","position":1,"name":"Home","item":"https:\/\/neylaropadedanza.es\/fr\/"},{"@type":"ListItem","position":2,"name":"Produits","item":"https:\/\/neylaropadedanza.es\/fr\/shop\/"},{"@type":"ListItem","position":3,"name":"Quibilah"}]},{"@type":"WebSite","@id":"https:\/\/neylaropadedanza.com\/#website","url":"https:\/\/neylaropadedanza.com\/","name":"NeylaRopaDeDanza","description":"Ropa de Danza del Vientre, danza oriental, trajes, ropa de ensayo y mucho m\u00e1s!","publisher":{"@id":"https:\/\/neylaropadedanza.com\/#organization"},"potentialAction":[{"@type":"SearchAction","target":{"@type":"EntryPoint","urlTemplate":"https:\/\/neylaropadedanza.com\/?s={search_term_string}"},"query-input":{"@type":"PropertyValueSpecification","valueRequired":true,"valueName":"search_term_string"}}],"inLanguage":"fr-FR"},{"@type":"Organization","@id":"https:\/\/neylaropadedanza.com\/#organization","name":"NeylaRopaDeDanza","url":"https:\/\/neylaropadedanza.com\/","logo":{"@type":"ImageObject","inLanguage":"fr-FR","@id":"https:\/\/neylaropadedanza.com\/#\/schema\/logo\/image\/","url":"https:\/\/neylaropadedanza.es\/wp-content\/uploads\/2025\/04\/Neyla-Blanc.webp","contentUrl":"https:\/\/neylaropadedanza.es\/wp-content\/uploads\/2025\/04\/Neyla-Blanc.webp","width":1970,"height":936,"caption":"NeylaRopaDeDanza"},"image":{"@id":"https:\/\/neylaropadedanza.com\/#\/schema\/logo\/image\/"},"sameAs":["https:\/\/www.facebook.com\/neyladancewear\/","https:\/\/www.instagram.com\/neyladancewear\/","https:\/\/www.youtube.com\/channel\/UCKlqrANcZD0QqKXzpy4taWA?view_as=subscriber"]}]}},"_links":{"self":[{"href":"https:\/\/neylaropadedanza.es\/fr\/wp-json\/wp\/v2\/product\/19366","targetHints":{"allow":["GET"]}}],"collection":[{"href":"https:\/\/neylaropadedanza.es\/fr\/wp-json\/wp\/v2\/product"}],"about":[{"href":"https:\/\/neylaropadedanza.es\/fr\/wp-json\/wp\/v2\/types\/product"}],"replies":[{"embeddable":true,"href":"https:\/\/neylaropadedanza.es\/fr\/wp-json\/wp\/v2\/comments?post=19366"}],"version-history":[{"count":0,"href":"https:\/\/neylaropadedanza.es\/fr\/wp-json\/wp\/v2\/product\/19366\/revisions"}],"wp:featuredmedia":[{"embeddable":true,"href":"https:\/\/neylaropadedanza.es\/fr\/wp-json\/wp\/v2\/media\/17548"}],"wp:attachment":[{"href":"https:\/\/neylaropadedanza.es\/fr\/wp-json\/wp\/v2\/media?parent=19366"}],"wp:term":[{"taxonomy":"product_brand","embeddable":true,"href":"https:\/\/neylaropadedanza.es\/fr\/wp-json\/wp\/v2\/product_brand?post=19366"},{"taxonomy":"product_cat","embeddable":true,"href":"https:\/\/neylaropadedanza.es\/fr\/wp-json\/wp\/v2\/product_cat?post=19366"},{"taxonomy":"product_tag","embeddable":true,"href":"https:\/\/neylaropadedanza.es\/fr\/wp-json\/wp\/v2\/product_tag?post=19366"}],"curies":[{"name":"wp","href":"https:\/\/api.w.org\/{rel}","templated":true}]}}