{"id":19360,"date":"2019-12-17T19:47:49","date_gmt":"2019-12-17T18:47:49","guid":{"rendered":"https:\/\/neylaropadedanza.es\/product\/sanura\/"},"modified":"2026-03-09T20:36:30","modified_gmt":"2026-03-09T20:36:30","slug":"sanura","status":"publish","type":"product","link":"https:\/\/neylaropadedanza.es\/fr\/product\/sanura\/","title":{"rendered":"Sanura"},"content":{"rendered":"<h2 data-start=\"114\" data-end=\"179\"><strong data-start=\"114\" data-end=\"179\">Ensemble Sanura : Confort et style pour vos cours de danse<\/strong><\/h2>\n<p data-start=\"181\" data-end=\"562\">L\u2019ensemble Sanura est la base essentielle que chaque danseuse doit avoir pour ses cours de danse orientale. Con\u00e7u pour offrir un confort maximal sans sacrifier un style \u00e9l\u00e9gant et moderne, cet ensemble est id\u00e9al non seulement pour la danse orientale, mais aussi pour le yoga, le tribal, la fusion et toute discipline impliquant le mouvement et l\u2019expression corporelle. <\/p>\n<p data-start=\"564\" data-end=\"931\">Compos\u00e9 d\u2019un haut sans manches coup\u00e9 juste en dessous de la poitrine, associ\u00e9 \u00e0 un legging court taille mi-haute qui \u00e9pouse parfaitement la silhouette, l\u2019ensemble Sanura se distingue par sa simplicit\u00e9 et sa fonctionnalit\u00e9. La couleur noire unie offre une grande polyvalence pour \u00eatre combin\u00e9e avec n\u2019importe quel accessoire ou v\u00eatement suppl\u00e9mentaire, tout en gardant un look sophistiqu\u00e9 et \u00e9pur\u00e9. <\/p>\n<p data-start=\"933\" data-end=\"1322\">Chez Neyla Dancewear, nous concevons et fabriquons chaque v\u00eatement avec un soin exceptionnel \u00e0 Barcelone, en veillant \u00e0 utiliser des tissus de haute qualit\u00e9 qui offrent \u00e9lasticit\u00e9, durabilit\u00e9 et confort. Cet ensemble est confectionn\u00e9 en lycra lisse, un tissu qui s\u2019adapte \u00e0 chaque mouvement sans restriction et garantit une longue dur\u00e9e de vie pour que vous puissiez vous entra\u00eener et r\u00e9p\u00e9ter en toute confiance. <\/p>\n<p data-start=\"1324\" data-end=\"1572\">De plus, le design de l\u2019ensemble Sanura favorise la libert\u00e9 de mouvement et une sensation de l\u00e9g\u00e8ret\u00e9, id\u00e9al pour les longues s\u00e9ances d\u2019entra\u00eenement ou les cours intensifs. C\u2019est un choix parfait pour celles qui recherchent \u00e0 la fois fonctionnalit\u00e9 et esth\u00e9tique dans une seule tenue. <\/p>\n<p data-start=\"1574\" data-end=\"1794\">Compl\u00e9tez votre look en explorant notre <a href=\"https:\/\/neylaropadedanza.es\/fr\/accessoires\/\">section accessoires,<\/a> o\u00f9 vous trouverez bijoux, ceintures orn\u00e9es de strass, voiles en soie, cha\u00eenes de pieds et bien plus encore \u2014 tout pour sublimer votre danse et votre pr\u00e9sence sur sc\u00e8ne.<\/p>\n<p data-start=\"1796\" data-end=\"1988\">Chez Neyla Dancewear, nous croyons que confort et beaut\u00e9 vont de pair, et l\u2019ensemble Sanura est la preuve parfaite que vous pouvez vous sentir confortable, \u00e9l\u00e9gante et confiante \u00e0 chaque pas de votre danse.<\/p>\n","protected":false},"excerpt":{"rendered":"<p><a href=\"https:\/\/neylaropadedanza.es\/fr\/guide-des-mesures\/\">Guide des Tailles<\/a><\/p>\n<p>&nbsp;<\/p>\n","protected":false},"featured_media":17656,"comment_status":"open","ping_status":"closed","template":"","meta":{"content-type":"","_monsterinsights_skip_tracking":false,"_monsterinsights_sitenote_active":false,"_monsterinsights_sitenote_note":"","_monsterinsights_sitenote_category":0,"_uf_show_specific_survey":0,"_uf_disable_surveys":false},"product_brand":[],"product_cat":[967,969],"product_tag":[1120,1403,1210,994,1253,1327,1307,1305],"class_list":{"0":"post-19360","1":"product","2":"type-product","3":"status-publish","4":"has-post-thumbnail","6":"product_cat-outlet-fr","7":"product_cat-vetements-dentrainement","8":"product_tag-danse-du-ventre","9":"product_tag-danse-orientale","10":"product_tag-leggin-fr","11":"product_tag-neyla-dancewear-fr","12":"product_tag-noir","13":"product_tag-top-fr","14":"product_tag-vetements-dentrainement","15":"product_tag-vetements-de-danse-du-ventre-fr","16":"product_shipping_class-standard-fr","18":"first","19":"instock","20":"sale","21":"taxable","22":"shipping-taxable","23":"purchasable","24":"product-type-variable","25":"add-to-wishlist-after_add_to_cart"},"yoast_head":"<!-- This site is optimized with the Yoast SEO plugin v26.6 - https:\/\/yoast.com\/wordpress\/plugins\/seo\/ -->\n<title>Sanura - Neyla Dancewear - V\u00eatements de danse du ventre<\/title>\n<meta name=\"description\" content=\"Ensemble Sanura, la base parfaite pour vos cours de danse orientale. Confortable, l\u00e9ger et \u00e9l\u00e9gant. Associez-le \u00e0 nos accessoires et brillez \u00e0 chaque mouvement !\" \/>\n<meta name=\"robots\" content=\"index, follow, max-snippet:-1, max-image-preview:large, max-video-preview:-1\" \/>\n<link rel=\"canonical\" href=\"https:\/\/neylaropadedanza.es\/fr\/product\/sanura\/\" \/>\n<meta property=\"og:locale\" content=\"fr_FR\" \/>\n<meta property=\"og:type\" content=\"article\" \/>\n<meta property=\"og:title\" content=\"Sanura - Neyla Dancewear - V\u00eatements de danse du ventre\" \/>\n<meta property=\"og:description\" content=\"Ensemble Sanura, la base parfaite pour vos cours de danse orientale. Confortable, l\u00e9ger et \u00e9l\u00e9gant. Associez-le \u00e0 nos accessoires et brillez \u00e0 chaque mouvement !\" \/>\n<meta property=\"og:url\" content=\"https:\/\/neylaropadedanza.es\/fr\/product\/sanura\/\" \/>\n<meta property=\"og:site_name\" content=\"Neyla Dancewear\" \/>\n<meta property=\"article:publisher\" content=\"https:\/\/www.facebook.com\/neyladancewear\/\" \/>\n<meta property=\"article:modified_time\" content=\"2026-03-09T20:36:30+00:00\" \/>\n<meta property=\"og:image\" content=\"https:\/\/neylaropadedanza.com\/wp-content\/uploads\/2019\/12\/Ropa-de-Danza-del-Vientre-Ensayo-23-1.jpg\" \/>\n\t<meta property=\"og:image:width\" content=\"838\" \/>\n\t<meta property=\"og:image:height\" content=\"1024\" \/>\n\t<meta property=\"og:image:type\" content=\"image\/jpeg\" \/>\n<meta name=\"twitter:card\" content=\"summary_large_image\" \/>\n<meta name=\"twitter:label1\" content=\"Dur\u00e9e de lecture estim\u00e9e\" \/>\n\t<meta name=\"twitter:data1\" content=\"2 minutes\" \/>\n<script type=\"application\/ld+json\" class=\"yoast-schema-graph\">{\"@context\":\"https:\/\/schema.org\",\"@graph\":[{\"@type\":\"WebPage\",\"@id\":\"https:\/\/neylaropadedanza.es\/fr\/product\/sanura\/\",\"url\":\"https:\/\/neylaropadedanza.es\/fr\/product\/sanura\/\",\"name\":\"Sanura - Neyla Dancewear - V\u00eatements de danse du ventre\",\"isPartOf\":{\"@id\":\"https:\/\/neylaropadedanza.com\/#website\"},\"primaryImageOfPage\":{\"@id\":\"https:\/\/neylaropadedanza.es\/fr\/product\/sanura\/#primaryimage\"},\"image\":{\"@id\":\"https:\/\/neylaropadedanza.es\/fr\/product\/sanura\/#primaryimage\"},\"thumbnailUrl\":\"https:\/\/neylaropadedanza.es\/wp-content\/uploads\/2019\/12\/Ropa-de-Danza-del-Vientre-Ensayo-23-1.jpg\",\"datePublished\":\"2019-12-17T18:47:49+00:00\",\"dateModified\":\"2026-03-09T20:36:30+00:00\",\"description\":\"Ensemble Sanura, la base parfaite pour vos cours de danse orientale. Confortable, l\u00e9ger et \u00e9l\u00e9gant. Associez-le \u00e0 nos accessoires et brillez \u00e0 chaque mouvement !\",\"breadcrumb\":{\"@id\":\"https:\/\/neylaropadedanza.es\/fr\/product\/sanura\/#breadcrumb\"},\"inLanguage\":\"fr-FR\",\"potentialAction\":[{\"@type\":\"ReadAction\",\"target\":[\"https:\/\/neylaropadedanza.es\/fr\/product\/sanura\/\"]}]},{\"@type\":\"ImageObject\",\"inLanguage\":\"fr-FR\",\"@id\":\"https:\/\/neylaropadedanza.es\/fr\/product\/sanura\/#primaryimage\",\"url\":\"https:\/\/neylaropadedanza.es\/wp-content\/uploads\/2019\/12\/Ropa-de-Danza-del-Vientre-Ensayo-23-1.jpg\",\"contentUrl\":\"https:\/\/neylaropadedanza.es\/wp-content\/uploads\/2019\/12\/Ropa-de-Danza-del-Vientre-Ensayo-23-1.jpg\",\"width\":838,\"height\":1024,\"caption\":\"Danseuse portant l\u2019ensemble Sanura noir, compos\u00e9 d\u2019un haut sans manches et d\u2019un legging court, con\u00e7u pour le confort et le style en danse orientale.\"},{\"@type\":\"BreadcrumbList\",\"@id\":\"https:\/\/neylaropadedanza.es\/fr\/product\/sanura\/#breadcrumb\",\"itemListElement\":[{\"@type\":\"ListItem\",\"position\":1,\"name\":\"Home\",\"item\":\"https:\/\/neylaropadedanza.es\/fr\/\"},{\"@type\":\"ListItem\",\"position\":2,\"name\":\"Produits\",\"item\":\"https:\/\/neylaropadedanza.es\/fr\/shop\/\"},{\"@type\":\"ListItem\",\"position\":3,\"name\":\"Sanura\"}]},{\"@type\":\"WebSite\",\"@id\":\"https:\/\/neylaropadedanza.com\/#website\",\"url\":\"https:\/\/neylaropadedanza.com\/\",\"name\":\"NeylaRopaDeDanza\",\"description\":\"Ropa de Danza del Vientre, danza oriental, trajes, ropa de ensayo y mucho m\u00e1s!\",\"publisher\":{\"@id\":\"https:\/\/neylaropadedanza.com\/#organization\"},\"potentialAction\":[{\"@type\":\"SearchAction\",\"target\":{\"@type\":\"EntryPoint\",\"urlTemplate\":\"https:\/\/neylaropadedanza.com\/?s={search_term_string}\"},\"query-input\":{\"@type\":\"PropertyValueSpecification\",\"valueRequired\":true,\"valueName\":\"search_term_string\"}}],\"inLanguage\":\"fr-FR\"},{\"@type\":\"Organization\",\"@id\":\"https:\/\/neylaropadedanza.com\/#organization\",\"name\":\"NeylaRopaDeDanza\",\"url\":\"https:\/\/neylaropadedanza.com\/\",\"logo\":{\"@type\":\"ImageObject\",\"inLanguage\":\"fr-FR\",\"@id\":\"https:\/\/neylaropadedanza.com\/#\/schema\/logo\/image\/\",\"url\":\"https:\/\/neylaropadedanza.es\/wp-content\/uploads\/2025\/04\/Neyla-Blanc.webp\",\"contentUrl\":\"https:\/\/neylaropadedanza.es\/wp-content\/uploads\/2025\/04\/Neyla-Blanc.webp\",\"width\":1970,\"height\":936,\"caption\":\"NeylaRopaDeDanza\"},\"image\":{\"@id\":\"https:\/\/neylaropadedanza.com\/#\/schema\/logo\/image\/\"},\"sameAs\":[\"https:\/\/www.facebook.com\/neyladancewear\/\",\"https:\/\/www.instagram.com\/neyladancewear\/\",\"https:\/\/www.youtube.com\/channel\/UCKlqrANcZD0QqKXzpy4taWA?view_as=subscriber\"]}]}<\/script>\n<!-- \/ Yoast SEO plugin. -->","yoast_head_json":{"title":"Sanura - Neyla Dancewear - V\u00eatements de danse du ventre","description":"Ensemble Sanura, la base parfaite pour vos cours de danse orientale. Confortable, l\u00e9ger et \u00e9l\u00e9gant. Associez-le \u00e0 nos accessoires et brillez \u00e0 chaque mouvement !","robots":{"index":"index","follow":"follow","max-snippet":"max-snippet:-1","max-image-preview":"max-image-preview:large","max-video-preview":"max-video-preview:-1"},"canonical":"https:\/\/neylaropadedanza.es\/fr\/product\/sanura\/","og_locale":"fr_FR","og_type":"article","og_title":"Sanura - Neyla Dancewear - V\u00eatements de danse du ventre","og_description":"Ensemble Sanura, la base parfaite pour vos cours de danse orientale. Confortable, l\u00e9ger et \u00e9l\u00e9gant. Associez-le \u00e0 nos accessoires et brillez \u00e0 chaque mouvement !","og_url":"https:\/\/neylaropadedanza.es\/fr\/product\/sanura\/","og_site_name":"Neyla Dancewear","article_publisher":"https:\/\/www.facebook.com\/neyladancewear\/","article_modified_time":"2026-03-09T20:36:30+00:00","og_image":[{"width":838,"height":1024,"url":"https:\/\/neylaropadedanza.com\/wp-content\/uploads\/2019\/12\/Ropa-de-Danza-del-Vientre-Ensayo-23-1.jpg","type":"image\/jpeg"}],"twitter_card":"summary_large_image","twitter_misc":{"Dur\u00e9e de lecture estim\u00e9e":"2 minutes"},"schema":{"@context":"https:\/\/schema.org","@graph":[{"@type":"WebPage","@id":"https:\/\/neylaropadedanza.es\/fr\/product\/sanura\/","url":"https:\/\/neylaropadedanza.es\/fr\/product\/sanura\/","name":"Sanura - Neyla Dancewear - V\u00eatements de danse du ventre","isPartOf":{"@id":"https:\/\/neylaropadedanza.com\/#website"},"primaryImageOfPage":{"@id":"https:\/\/neylaropadedanza.es\/fr\/product\/sanura\/#primaryimage"},"image":{"@id":"https:\/\/neylaropadedanza.es\/fr\/product\/sanura\/#primaryimage"},"thumbnailUrl":"https:\/\/neylaropadedanza.es\/wp-content\/uploads\/2019\/12\/Ropa-de-Danza-del-Vientre-Ensayo-23-1.jpg","datePublished":"2019-12-17T18:47:49+00:00","dateModified":"2026-03-09T20:36:30+00:00","description":"Ensemble Sanura, la base parfaite pour vos cours de danse orientale. Confortable, l\u00e9ger et \u00e9l\u00e9gant. Associez-le \u00e0 nos accessoires et brillez \u00e0 chaque mouvement !","breadcrumb":{"@id":"https:\/\/neylaropadedanza.es\/fr\/product\/sanura\/#breadcrumb"},"inLanguage":"fr-FR","potentialAction":[{"@type":"ReadAction","target":["https:\/\/neylaropadedanza.es\/fr\/product\/sanura\/"]}]},{"@type":"ImageObject","inLanguage":"fr-FR","@id":"https:\/\/neylaropadedanza.es\/fr\/product\/sanura\/#primaryimage","url":"https:\/\/neylaropadedanza.es\/wp-content\/uploads\/2019\/12\/Ropa-de-Danza-del-Vientre-Ensayo-23-1.jpg","contentUrl":"https:\/\/neylaropadedanza.es\/wp-content\/uploads\/2019\/12\/Ropa-de-Danza-del-Vientre-Ensayo-23-1.jpg","width":838,"height":1024,"caption":"Danseuse portant l\u2019ensemble Sanura noir, compos\u00e9 d\u2019un haut sans manches et d\u2019un legging court, con\u00e7u pour le confort et le style en danse orientale."},{"@type":"BreadcrumbList","@id":"https:\/\/neylaropadedanza.es\/fr\/product\/sanura\/#breadcrumb","itemListElement":[{"@type":"ListItem","position":1,"name":"Home","item":"https:\/\/neylaropadedanza.es\/fr\/"},{"@type":"ListItem","position":2,"name":"Produits","item":"https:\/\/neylaropadedanza.es\/fr\/shop\/"},{"@type":"ListItem","position":3,"name":"Sanura"}]},{"@type":"WebSite","@id":"https:\/\/neylaropadedanza.com\/#website","url":"https:\/\/neylaropadedanza.com\/","name":"NeylaRopaDeDanza","description":"Ropa de Danza del Vientre, danza oriental, trajes, ropa de ensayo y mucho m\u00e1s!","publisher":{"@id":"https:\/\/neylaropadedanza.com\/#organization"},"potentialAction":[{"@type":"SearchAction","target":{"@type":"EntryPoint","urlTemplate":"https:\/\/neylaropadedanza.com\/?s={search_term_string}"},"query-input":{"@type":"PropertyValueSpecification","valueRequired":true,"valueName":"search_term_string"}}],"inLanguage":"fr-FR"},{"@type":"Organization","@id":"https:\/\/neylaropadedanza.com\/#organization","name":"NeylaRopaDeDanza","url":"https:\/\/neylaropadedanza.com\/","logo":{"@type":"ImageObject","inLanguage":"fr-FR","@id":"https:\/\/neylaropadedanza.com\/#\/schema\/logo\/image\/","url":"https:\/\/neylaropadedanza.es\/wp-content\/uploads\/2025\/04\/Neyla-Blanc.webp","contentUrl":"https:\/\/neylaropadedanza.es\/wp-content\/uploads\/2025\/04\/Neyla-Blanc.webp","width":1970,"height":936,"caption":"NeylaRopaDeDanza"},"image":{"@id":"https:\/\/neylaropadedanza.com\/#\/schema\/logo\/image\/"},"sameAs":["https:\/\/www.facebook.com\/neyladancewear\/","https:\/\/www.instagram.com\/neyladancewear\/","https:\/\/www.youtube.com\/channel\/UCKlqrANcZD0QqKXzpy4taWA?view_as=subscriber"]}]}},"_links":{"self":[{"href":"https:\/\/neylaropadedanza.es\/fr\/wp-json\/wp\/v2\/product\/19360","targetHints":{"allow":["GET"]}}],"collection":[{"href":"https:\/\/neylaropadedanza.es\/fr\/wp-json\/wp\/v2\/product"}],"about":[{"href":"https:\/\/neylaropadedanza.es\/fr\/wp-json\/wp\/v2\/types\/product"}],"replies":[{"embeddable":true,"href":"https:\/\/neylaropadedanza.es\/fr\/wp-json\/wp\/v2\/comments?post=19360"}],"version-history":[{"count":0,"href":"https:\/\/neylaropadedanza.es\/fr\/wp-json\/wp\/v2\/product\/19360\/revisions"}],"wp:featuredmedia":[{"embeddable":true,"href":"https:\/\/neylaropadedanza.es\/fr\/wp-json\/wp\/v2\/media\/17656"}],"wp:attachment":[{"href":"https:\/\/neylaropadedanza.es\/fr\/wp-json\/wp\/v2\/media?parent=19360"}],"wp:term":[{"taxonomy":"product_brand","embeddable":true,"href":"https:\/\/neylaropadedanza.es\/fr\/wp-json\/wp\/v2\/product_brand?post=19360"},{"taxonomy":"product_cat","embeddable":true,"href":"https:\/\/neylaropadedanza.es\/fr\/wp-json\/wp\/v2\/product_cat?post=19360"},{"taxonomy":"product_tag","embeddable":true,"href":"https:\/\/neylaropadedanza.es\/fr\/wp-json\/wp\/v2\/product_tag?post=19360"}],"curies":[{"name":"wp","href":"https:\/\/api.w.org\/{rel}","templated":true}]}}