{"id":19358,"date":"2019-12-17T18:59:20","date_gmt":"2019-12-17T17:59:20","guid":{"rendered":"https:\/\/neylaropadedanza.es\/product\/shani\/"},"modified":"2019-12-17T18:59:20","modified_gmt":"2019-12-17T18:59:20","slug":"shani","status":"publish","type":"product","link":"https:\/\/neylaropadedanza.es\/fr\/product\/shani\/","title":{"rendered":"Shani"},"content":{"rendered":"<h3 data-start=\"250\" data-end=\"326\">Ensemble Shani \u2013 \u00c9l\u00e9gance et mouvement pour les danseuses qui brillent \ud83c\udf1f\ud83d\udc83<\/h3>\n<p data-start=\"328\" data-end=\"592\">L\u2019<strong data-start=\"331\" data-end=\"349\">ensemble Shani <\/strong>est le choix parfait pour vos cours et r\u00e9p\u00e9titions de danse orientale. Con\u00e7u pour offrir confort, style et libert\u00e9 de mouvement, cet ensemble deviendra votre favori pour pratiquer et briller \u00e0 chaque pas et \u00e0 chaque tour. <\/p>\n<p data-start=\"594\" data-end=\"949\">Shani se compose de deux pi\u00e8ces : un top et un legging. Le top, avec des bretelles larges, s\u2019associe parfaitement au legging taille moyenne et coupe capri, offrant un ajustement confortable et flatteur. Cet ensemble se distingue par son imprim\u00e9 sophistiqu\u00e9 aux tons terre et blanc, ajoutant une touche d\u2019\u00e9l\u00e9gance et d\u2019exotisme \u00e0 votre tenue de danse.  <\/p>\n<p data-start=\"951\" data-end=\"1258\">Fabriqu\u00e9 avec des tissus de haute qualit\u00e9 soigneusement s\u00e9lectionn\u00e9s \u00e0 Barcelone, l\u2019ensemble Shani garantit durabilit\u00e9 et douceur pour que vous vous sentiez \u00e0 l\u2019aise et confiante \u00e0 chaque mouvement. Le lycra \u00e9lastique et respirant permet \u00e0 votre peau de respirer et \u00e0 vos mouvements d\u2019\u00eatre fluides sans aucune restriction. <\/p>\n<p data-start=\"1260\" data-end=\"1542\">Chez Neyla Dancewear, nous savons que chaque danseuse est unique, c\u2019est pourquoi nous concevons des v\u00eatements qui mettent en valeur votre silhouette et accompagnent votre d\u00e9veloppement artistique. L\u2019ensemble Shani est id\u00e9al pour la danse orientale, la danse du ventre, le yoga, le tribal et tout style n\u00e9cessitant gr\u00e2ce et flexibilit\u00e9. <\/p>\n<p data-start=\"1544\" data-end=\"1810\">\ud83d\udcab <strong data-start=\"1547\" data-end=\"1600\">Associez l\u2019ensemble Shani \u00e0 nos accessoires<\/strong> : ceintures perl\u00e9es, bijoux et voiles en soie, nous avons tout ce dont vous avez besoin pour compl\u00e9ter votre look et briller de mille feux. D\u00e9couvrez notre <a href=\"https:\/\/neylaropadedanza.es\/fr\/accessoires\/\">section accessoires<\/a> et pr\u00e9parez-vous \u00e0 \u00e9blouir. <\/p>\n<p data-start=\"1812\" data-end=\"1990\"><strong data-start=\"1815\" data-end=\"1835\">\ud83d\udda4 Tailles \u00e9tendues :<\/strong> vous pouvez d\u00e9sormais choisir parmi trois tailles diff\u00e9rentes pour que votre achat vous convienne parfaitement. Parce que confort et style doivent toujours aller de pair. <\/p>\n<p data-start=\"1992\" data-end=\"2160\">Osez ressentir la magie de la danse avec l\u2019ensemble Shani et laissez-vous envelopper par son \u00e9l\u00e9gance et sa couleur. <a href=\"https:\/\/neylaropadedanza.es\/fr\/jupettes\/\">Cliquez maintenant <\/a>et d\u00e9couvrez tout ce que Neyla Dancewear a \u00e0 vous offrir !<\/p>\n","protected":false},"excerpt":{"rendered":"<p><a href=\"https:\/\/neylaropadedanza.es\/fr\/guide-des-mesures\/\">Guide des Tailles<\/a><\/p>\n","protected":false},"featured_media":17652,"comment_status":"open","ping_status":"closed","template":"","meta":{"content-type":"","_monsterinsights_skip_tracking":false,"_monsterinsights_sitenote_active":false,"_monsterinsights_sitenote_note":"","_monsterinsights_sitenote_category":0,"_uf_show_specific_survey":0,"_uf_disable_surveys":false},"product_brand":[],"product_cat":[967,969],"product_tag":[1058,1401,1120,1403,1212,994,1253,1327,1307,1305],"class_list":{"0":"post-19358","1":"product","2":"type-product","3":"status-publish","4":"has-post-thumbnail","6":"product_cat-outlet-fr","7":"product_cat-vetements-dentrainement","8":"product_tag-beige-fr","9":"product_tag-blanc","10":"product_tag-danse-du-ventre","11":"product_tag-danse-orientale","12":"product_tag-leggins-fr","13":"product_tag-neyla-dancewear-fr","14":"product_tag-noir","15":"product_tag-top-fr","16":"product_tag-vetements-dentrainement","17":"product_tag-vetements-de-danse-du-ventre-fr","18":"product_shipping_class-standard-fr","20":"first","21":"instock","22":"sale","23":"taxable","24":"shipping-taxable","25":"purchasable","26":"product-type-variable","27":"add-to-wishlist-after_add_to_cart"},"yoast_head":"<!-- This site is optimized with the Yoast SEO plugin v26.6 - https:\/\/yoast.com\/wordpress\/plugins\/seo\/ -->\n<title>Shani - Neyla Dancewear - V\u00eatements de danse du ventre<\/title>\n<meta name=\"description\" content=\"Brillez lors de vos r\u00e9p\u00e9titions avec l\u2019ensemble Shani ! Confort et style dans un design unique. Parfait pour la danse orientale et plus encore.\" \/>\n<meta name=\"robots\" content=\"index, follow, max-snippet:-1, max-image-preview:large, max-video-preview:-1\" \/>\n<link rel=\"canonical\" href=\"https:\/\/neylaropadedanza.es\/fr\/product\/shani\/\" \/>\n<meta property=\"og:locale\" content=\"fr_FR\" \/>\n<meta property=\"og:type\" content=\"article\" \/>\n<meta property=\"og:title\" content=\"Shani - Neyla Dancewear - V\u00eatements de danse du ventre\" \/>\n<meta property=\"og:description\" content=\"Brillez lors de vos r\u00e9p\u00e9titions avec l\u2019ensemble Shani ! Confort et style dans un design unique. Parfait pour la danse orientale et plus encore.\" \/>\n<meta property=\"og:url\" content=\"https:\/\/neylaropadedanza.es\/fr\/product\/shani\/\" \/>\n<meta property=\"og:site_name\" content=\"Neyla Dancewear\" \/>\n<meta property=\"article:publisher\" content=\"https:\/\/www.facebook.com\/neyladancewear\/\" \/>\n<meta property=\"article:modified_time\" content=\"2019-12-17T18:59:20+00:00\" \/>\n<meta property=\"og:image\" content=\"https:\/\/neylaropadedanza.com\/wp-content\/uploads\/2019\/12\/Ropa-de-Danza-del-Vientre-Ensayo-21-2.jpg\" \/>\n\t<meta property=\"og:image:width\" content=\"809\" \/>\n\t<meta property=\"og:image:height\" content=\"1024\" \/>\n\t<meta property=\"og:image:type\" content=\"image\/jpeg\" \/>\n<meta name=\"twitter:card\" content=\"summary_large_image\" \/>\n<meta name=\"twitter:label1\" content=\"Dur\u00e9e de lecture estim\u00e9e\" \/>\n\t<meta name=\"twitter:data1\" content=\"2 minutes\" \/>\n<script type=\"application\/ld+json\" class=\"yoast-schema-graph\">{\"@context\":\"https:\/\/schema.org\",\"@graph\":[{\"@type\":\"WebPage\",\"@id\":\"https:\/\/neylaropadedanza.es\/fr\/product\/shani\/\",\"url\":\"https:\/\/neylaropadedanza.es\/fr\/product\/shani\/\",\"name\":\"Shani - Neyla Dancewear - V\u00eatements de danse du ventre\",\"isPartOf\":{\"@id\":\"https:\/\/neylaropadedanza.com\/#website\"},\"primaryImageOfPage\":{\"@id\":\"https:\/\/neylaropadedanza.es\/fr\/product\/shani\/#primaryimage\"},\"image\":{\"@id\":\"https:\/\/neylaropadedanza.es\/fr\/product\/shani\/#primaryimage\"},\"thumbnailUrl\":\"https:\/\/neylaropadedanza.es\/wp-content\/uploads\/2019\/12\/Ropa-de-Danza-del-Vientre-Ensayo-21-2.jpg\",\"datePublished\":\"2019-12-17T17:59:20+00:00\",\"dateModified\":\"2019-12-17T18:59:20+00:00\",\"description\":\"Brillez lors de vos r\u00e9p\u00e9titions avec l\u2019ensemble Shani ! Confort et style dans un design unique. Parfait pour la danse orientale et plus encore.\",\"breadcrumb\":{\"@id\":\"https:\/\/neylaropadedanza.es\/fr\/product\/shani\/#breadcrumb\"},\"inLanguage\":\"fr-FR\",\"potentialAction\":[{\"@type\":\"ReadAction\",\"target\":[\"https:\/\/neylaropadedanza.es\/fr\/product\/shani\/\"]}]},{\"@type\":\"ImageObject\",\"inLanguage\":\"fr-FR\",\"@id\":\"https:\/\/neylaropadedanza.es\/fr\/product\/shani\/#primaryimage\",\"url\":\"https:\/\/neylaropadedanza.es\/wp-content\/uploads\/2019\/12\/Ropa-de-Danza-del-Vientre-Ensayo-21-2.jpg\",\"contentUrl\":\"https:\/\/neylaropadedanza.es\/wp-content\/uploads\/2019\/12\/Ropa-de-Danza-del-Vientre-Ensayo-21-2.jpg\",\"width\":809,\"height\":1024,\"caption\":\"Danseuse orientale portant l\u2019ensemble Shani imprim\u00e9 en tons terre et blanc, top \u00e0 larges bretelles et legging capri, posant avec \u00e9l\u00e9gance et mouvement.\"},{\"@type\":\"BreadcrumbList\",\"@id\":\"https:\/\/neylaropadedanza.es\/fr\/product\/shani\/#breadcrumb\",\"itemListElement\":[{\"@type\":\"ListItem\",\"position\":1,\"name\":\"Home\",\"item\":\"https:\/\/neylaropadedanza.es\/fr\/\"},{\"@type\":\"ListItem\",\"position\":2,\"name\":\"Produits\",\"item\":\"https:\/\/neylaropadedanza.es\/fr\/shop\/\"},{\"@type\":\"ListItem\",\"position\":3,\"name\":\"Shani\"}]},{\"@type\":\"WebSite\",\"@id\":\"https:\/\/neylaropadedanza.com\/#website\",\"url\":\"https:\/\/neylaropadedanza.com\/\",\"name\":\"NeylaRopaDeDanza\",\"description\":\"Ropa de Danza del Vientre, danza oriental, trajes, ropa de ensayo y mucho m\u00e1s!\",\"publisher\":{\"@id\":\"https:\/\/neylaropadedanza.com\/#organization\"},\"potentialAction\":[{\"@type\":\"SearchAction\",\"target\":{\"@type\":\"EntryPoint\",\"urlTemplate\":\"https:\/\/neylaropadedanza.com\/?s={search_term_string}\"},\"query-input\":{\"@type\":\"PropertyValueSpecification\",\"valueRequired\":true,\"valueName\":\"search_term_string\"}}],\"inLanguage\":\"fr-FR\"},{\"@type\":\"Organization\",\"@id\":\"https:\/\/neylaropadedanza.com\/#organization\",\"name\":\"NeylaRopaDeDanza\",\"url\":\"https:\/\/neylaropadedanza.com\/\",\"logo\":{\"@type\":\"ImageObject\",\"inLanguage\":\"fr-FR\",\"@id\":\"https:\/\/neylaropadedanza.com\/#\/schema\/logo\/image\/\",\"url\":\"https:\/\/neylaropadedanza.es\/wp-content\/uploads\/2025\/04\/Neyla-Blanc.webp\",\"contentUrl\":\"https:\/\/neylaropadedanza.es\/wp-content\/uploads\/2025\/04\/Neyla-Blanc.webp\",\"width\":1970,\"height\":936,\"caption\":\"NeylaRopaDeDanza\"},\"image\":{\"@id\":\"https:\/\/neylaropadedanza.com\/#\/schema\/logo\/image\/\"},\"sameAs\":[\"https:\/\/www.facebook.com\/neyladancewear\/\",\"https:\/\/www.instagram.com\/neyladancewear\/\",\"https:\/\/www.youtube.com\/channel\/UCKlqrANcZD0QqKXzpy4taWA?view_as=subscriber\"]}]}<\/script>\n<!-- \/ Yoast SEO plugin. -->","yoast_head_json":{"title":"Shani - Neyla Dancewear - V\u00eatements de danse du ventre","description":"Brillez lors de vos r\u00e9p\u00e9titions avec l\u2019ensemble Shani ! Confort et style dans un design unique. Parfait pour la danse orientale et plus encore.","robots":{"index":"index","follow":"follow","max-snippet":"max-snippet:-1","max-image-preview":"max-image-preview:large","max-video-preview":"max-video-preview:-1"},"canonical":"https:\/\/neylaropadedanza.es\/fr\/product\/shani\/","og_locale":"fr_FR","og_type":"article","og_title":"Shani - Neyla Dancewear - V\u00eatements de danse du ventre","og_description":"Brillez lors de vos r\u00e9p\u00e9titions avec l\u2019ensemble Shani ! Confort et style dans un design unique. Parfait pour la danse orientale et plus encore.","og_url":"https:\/\/neylaropadedanza.es\/fr\/product\/shani\/","og_site_name":"Neyla Dancewear","article_publisher":"https:\/\/www.facebook.com\/neyladancewear\/","article_modified_time":"2019-12-17T18:59:20+00:00","og_image":[{"width":809,"height":1024,"url":"https:\/\/neylaropadedanza.com\/wp-content\/uploads\/2019\/12\/Ropa-de-Danza-del-Vientre-Ensayo-21-2.jpg","type":"image\/jpeg"}],"twitter_card":"summary_large_image","twitter_misc":{"Dur\u00e9e de lecture estim\u00e9e":"2 minutes"},"schema":{"@context":"https:\/\/schema.org","@graph":[{"@type":"WebPage","@id":"https:\/\/neylaropadedanza.es\/fr\/product\/shani\/","url":"https:\/\/neylaropadedanza.es\/fr\/product\/shani\/","name":"Shani - Neyla Dancewear - V\u00eatements de danse du ventre","isPartOf":{"@id":"https:\/\/neylaropadedanza.com\/#website"},"primaryImageOfPage":{"@id":"https:\/\/neylaropadedanza.es\/fr\/product\/shani\/#primaryimage"},"image":{"@id":"https:\/\/neylaropadedanza.es\/fr\/product\/shani\/#primaryimage"},"thumbnailUrl":"https:\/\/neylaropadedanza.es\/wp-content\/uploads\/2019\/12\/Ropa-de-Danza-del-Vientre-Ensayo-21-2.jpg","datePublished":"2019-12-17T17:59:20+00:00","dateModified":"2019-12-17T18:59:20+00:00","description":"Brillez lors de vos r\u00e9p\u00e9titions avec l\u2019ensemble Shani ! Confort et style dans un design unique. Parfait pour la danse orientale et plus encore.","breadcrumb":{"@id":"https:\/\/neylaropadedanza.es\/fr\/product\/shani\/#breadcrumb"},"inLanguage":"fr-FR","potentialAction":[{"@type":"ReadAction","target":["https:\/\/neylaropadedanza.es\/fr\/product\/shani\/"]}]},{"@type":"ImageObject","inLanguage":"fr-FR","@id":"https:\/\/neylaropadedanza.es\/fr\/product\/shani\/#primaryimage","url":"https:\/\/neylaropadedanza.es\/wp-content\/uploads\/2019\/12\/Ropa-de-Danza-del-Vientre-Ensayo-21-2.jpg","contentUrl":"https:\/\/neylaropadedanza.es\/wp-content\/uploads\/2019\/12\/Ropa-de-Danza-del-Vientre-Ensayo-21-2.jpg","width":809,"height":1024,"caption":"Danseuse orientale portant l\u2019ensemble Shani imprim\u00e9 en tons terre et blanc, top \u00e0 larges bretelles et legging capri, posant avec \u00e9l\u00e9gance et mouvement."},{"@type":"BreadcrumbList","@id":"https:\/\/neylaropadedanza.es\/fr\/product\/shani\/#breadcrumb","itemListElement":[{"@type":"ListItem","position":1,"name":"Home","item":"https:\/\/neylaropadedanza.es\/fr\/"},{"@type":"ListItem","position":2,"name":"Produits","item":"https:\/\/neylaropadedanza.es\/fr\/shop\/"},{"@type":"ListItem","position":3,"name":"Shani"}]},{"@type":"WebSite","@id":"https:\/\/neylaropadedanza.com\/#website","url":"https:\/\/neylaropadedanza.com\/","name":"NeylaRopaDeDanza","description":"Ropa de Danza del Vientre, danza oriental, trajes, ropa de ensayo y mucho m\u00e1s!","publisher":{"@id":"https:\/\/neylaropadedanza.com\/#organization"},"potentialAction":[{"@type":"SearchAction","target":{"@type":"EntryPoint","urlTemplate":"https:\/\/neylaropadedanza.com\/?s={search_term_string}"},"query-input":{"@type":"PropertyValueSpecification","valueRequired":true,"valueName":"search_term_string"}}],"inLanguage":"fr-FR"},{"@type":"Organization","@id":"https:\/\/neylaropadedanza.com\/#organization","name":"NeylaRopaDeDanza","url":"https:\/\/neylaropadedanza.com\/","logo":{"@type":"ImageObject","inLanguage":"fr-FR","@id":"https:\/\/neylaropadedanza.com\/#\/schema\/logo\/image\/","url":"https:\/\/neylaropadedanza.es\/wp-content\/uploads\/2025\/04\/Neyla-Blanc.webp","contentUrl":"https:\/\/neylaropadedanza.es\/wp-content\/uploads\/2025\/04\/Neyla-Blanc.webp","width":1970,"height":936,"caption":"NeylaRopaDeDanza"},"image":{"@id":"https:\/\/neylaropadedanza.com\/#\/schema\/logo\/image\/"},"sameAs":["https:\/\/www.facebook.com\/neyladancewear\/","https:\/\/www.instagram.com\/neyladancewear\/","https:\/\/www.youtube.com\/channel\/UCKlqrANcZD0QqKXzpy4taWA?view_as=subscriber"]}]}},"_links":{"self":[{"href":"https:\/\/neylaropadedanza.es\/fr\/wp-json\/wp\/v2\/product\/19358","targetHints":{"allow":["GET"]}}],"collection":[{"href":"https:\/\/neylaropadedanza.es\/fr\/wp-json\/wp\/v2\/product"}],"about":[{"href":"https:\/\/neylaropadedanza.es\/fr\/wp-json\/wp\/v2\/types\/product"}],"replies":[{"embeddable":true,"href":"https:\/\/neylaropadedanza.es\/fr\/wp-json\/wp\/v2\/comments?post=19358"}],"version-history":[{"count":0,"href":"https:\/\/neylaropadedanza.es\/fr\/wp-json\/wp\/v2\/product\/19358\/revisions"}],"wp:featuredmedia":[{"embeddable":true,"href":"https:\/\/neylaropadedanza.es\/fr\/wp-json\/wp\/v2\/media\/17652"}],"wp:attachment":[{"href":"https:\/\/neylaropadedanza.es\/fr\/wp-json\/wp\/v2\/media?parent=19358"}],"wp:term":[{"taxonomy":"product_brand","embeddable":true,"href":"https:\/\/neylaropadedanza.es\/fr\/wp-json\/wp\/v2\/product_brand?post=19358"},{"taxonomy":"product_cat","embeddable":true,"href":"https:\/\/neylaropadedanza.es\/fr\/wp-json\/wp\/v2\/product_cat?post=19358"},{"taxonomy":"product_tag","embeddable":true,"href":"https:\/\/neylaropadedanza.es\/fr\/wp-json\/wp\/v2\/product_tag?post=19358"}],"curies":[{"name":"wp","href":"https:\/\/api.w.org\/{rel}","templated":true}]}}