{"id":19337,"date":"2019-12-18T18:52:44","date_gmt":"2019-12-18T18:52:44","guid":{"rendered":"https:\/\/neylaropadedanza.es\/product\/maibe\/"},"modified":"2019-12-18T18:52:44","modified_gmt":"2019-12-18T18:52:44","slug":"maibe","status":"publish","type":"product","link":"https:\/\/neylaropadedanza.es\/fr\/product\/maibe\/","title":{"rendered":"Maibe"},"content":{"rendered":"<h2 data-start=\"155\" data-end=\"237\">Ensemble Maibe \u2013 Une explosion de couleurs et de confort pour vos cours de danse \ud83c\udfa8\ud83d\udc83\u2728<\/h2>\n<p data-start=\"239\" data-end=\"639\">L<strong data-start=\"242\" data-end=\"260\">&lsquo;ensemble Maibe <\/strong>est la tenue parfaite pour les danseuses qui recherchent un \u00e9quilibre id\u00e9al entre confort, style et originalit\u00e9. Con\u00e7u en pensant aux besoins des pratiquantes de danse du ventre, danse orientale, yoga, tribal, fusion et toute discipline impliquant du mouvement, cet ensemble vous fera vous sentir unique et pr\u00eate \u00e0 briller \u00e0 chaque cours ou r\u00e9p\u00e9tition. <\/p>\n<h3 data-start=\"641\" data-end=\"1088\">\u2728 <strong data-start=\"643\" data-end=\"672\">Design vibrant et moderne<\/strong><\/h3>\n<p data-start=\"641\" data-end=\"1088\"><br data-start=\"672\" data-end=\"675\">L&rsquo;ensemble est compos\u00e9 d&rsquo;un top \u00e0 bretelles court qui arrive juste en dessous de la poitrine et d&rsquo;un legging taille moyenne longueur cheville. Ce qui ressort vraiment, c\u2019est la combinaison d\u2019imprim\u00e9s en corail fluo, lilas et marron sur le top et une jambe du legging, tandis que l\u2019autre jambe est en lycra corail fluo uni, cr\u00e9ant un effet visuel dynamique et tr\u00e8s amusant. Un look qui ne passera pas inaper\u00e7u !  <\/p>\n<h3 data-start=\"1090\" data-end=\"1504\">\ud83d\udc8e <strong data-start=\"1093\" data-end=\"1135\">Qualit\u00e9 et confection Made in Barcelona<\/strong><\/h3>\n<p data-start=\"1090\" data-end=\"1504\"><br data-start=\"1135\" data-end=\"1138\">Chez Neyla Dancewear, nous s\u00e9lectionnons soigneusement chaque tissu pour vous offrir des v\u00eatements de la plus haute qualit\u00e9. Le tissu utilis\u00e9 est doux, \u00e9lastique et r\u00e9sistant, id\u00e9al pour accompagner tous vos mouvements avec une libert\u00e9 et un confort totaux. De plus, la coupe s\u2019adapte parfaitement \u00e0 la silhouette f\u00e9minine, mettant en valeur votre forme avec \u00e9l\u00e9gance et confort.  <\/p>\n<h3 data-start=\"1506\" data-end=\"1847\">\ud83c\udf1f <strong data-start=\"1509\" data-end=\"1552\">Polyvalence et style pour toutes les occasions<\/strong><\/h3>\n<p data-start=\"1506\" data-end=\"1847\"><br data-start=\"1552\" data-end=\"1555\">Vous souhaitez associer votre ensemble \u00e0 des accessoires qui mettront encore plus en valeur votre personnalit\u00e9 ? Dans notre section Accessoires, vous trouverez des bijoux d\u00e9licats, des ceintures orn\u00e9es de strass, des voiles en soie et d\u2019autres compl\u00e9ments parfaits pour compl\u00e9ter votre look de danse. Cliquez ici et d\u00e9couvrez toutes les options !  <\/p>\n<h3 data-start=\"1849\" data-end=\"2076\">\ud83d\udd1d <strong data-start=\"1852\" data-end=\"1873\">Tailles pour toutes<\/strong><\/h3>\n<p data-start=\"1849\" data-end=\"2076\"><br data-start=\"1873\" data-end=\"1876\">Maintenant disponibles en 3 tailles, vous trouverez celle qui vous convient le mieux, garantissant que votre achat soit parfait et confortable. Oubliez la taille unique, chaque corps m\u00e9rite d\u2019\u00eatre bien habill\u00e9. <\/p>\n<p data-start=\"2078\" data-end=\"2257\">Con el <strong data-start=\"2085\" data-end=\"2103\">Conjunto Maibe,<\/strong> cada movimiento ser\u00e1 una declaraci\u00f3n de color, confianza y estilo. Prep\u00e1rate para enamorarte de tu ropa de danza y para disfrutar al m\u00e1ximo cada sesi\u00f3n. <\/p>\n","protected":false},"excerpt":{"rendered":"<p><a href=\"https:\/\/neylaropadedanza.es\/fr\/guide-des-mesures\/\">Guide des Tailles<\/a><\/p>\n","protected":false},"featured_media":17662,"comment_status":"open","ping_status":"closed","template":"","meta":{"content-type":"","_monsterinsights_skip_tracking":false,"_monsterinsights_sitenote_active":false,"_monsterinsights_sitenote_note":"","_monsterinsights_sitenote_category":0,"_uf_show_specific_survey":0,"_uf_disable_surveys":false},"product_brand":[],"product_cat":[967,969],"product_tag":[1088,1112,1120,1403,1098,1158,1210,1219,994,1327,1307,1305],"class_list":{"0":"post-19337","1":"product","2":"type-product","3":"status-publish","4":"has-post-thumbnail","6":"product_cat-outlet-fr","7":"product_cat-vetements-dentrainement","8":"product_tag-colore","9":"product_tag-corail-fluorescent","10":"product_tag-danse-du-ventre","11":"product_tag-danse-orientale","12":"product_tag-ensemble","13":"product_tag-imprime","14":"product_tag-leggin-fr","15":"product_tag-lilas","16":"product_tag-neyla-dancewear-fr","17":"product_tag-top-fr","18":"product_tag-vetements-dentrainement","19":"product_tag-vetements-de-danse-du-ventre-fr","20":"product_shipping_class-standard-fr","22":"first","23":"instock","24":"sale","25":"taxable","26":"shipping-taxable","27":"purchasable","28":"product-type-variable","29":"add-to-wishlist-after_add_to_cart"},"yoast_head":"<!-- This site is optimized with the Yoast SEO plugin v26.6 - https:\/\/yoast.com\/wordpress\/plugins\/seo\/ -->\n<title>Maibe - Neyla Dancewear - V\u00eatements de danse du ventre<\/title>\n<meta name=\"description\" content=\"Maibe, l\u2019ensemble qui allie couleur, confort et style pour que vous brilliez \u00e0 chaque mouvement. Trouvez votre taille id\u00e9ale et soyez sublime !\" \/>\n<meta name=\"robots\" content=\"index, follow, max-snippet:-1, max-image-preview:large, max-video-preview:-1\" \/>\n<link rel=\"canonical\" href=\"https:\/\/neylaropadedanza.es\/fr\/product\/maibe\/\" \/>\n<meta property=\"og:locale\" content=\"fr_FR\" \/>\n<meta property=\"og:type\" content=\"article\" \/>\n<meta property=\"og:title\" content=\"Maibe - Neyla Dancewear - V\u00eatements de danse du ventre\" \/>\n<meta property=\"og:description\" content=\"Maibe, l\u2019ensemble qui allie couleur, confort et style pour que vous brilliez \u00e0 chaque mouvement. Trouvez votre taille id\u00e9ale et soyez sublime !\" \/>\n<meta property=\"og:url\" content=\"https:\/\/neylaropadedanza.es\/fr\/product\/maibe\/\" \/>\n<meta property=\"og:site_name\" content=\"Neyla Dancewear\" \/>\n<meta property=\"article:publisher\" content=\"https:\/\/www.facebook.com\/neyladancewear\/\" \/>\n<meta property=\"og:image\" content=\"https:\/\/neylaropadedanza.com\/wp-content\/uploads\/2019\/12\/Ropa-de-Danza-del-Vientre-Ensayo-26-1.jpg\" \/>\n\t<meta property=\"og:image:width\" content=\"754\" \/>\n\t<meta property=\"og:image:height\" content=\"1024\" \/>\n\t<meta property=\"og:image:type\" content=\"image\/jpeg\" \/>\n<meta name=\"twitter:card\" content=\"summary_large_image\" \/>\n<meta name=\"twitter:label1\" content=\"Dur\u00e9e de lecture estim\u00e9e\" \/>\n\t<meta name=\"twitter:data1\" content=\"2 minutes\" \/>\n<script type=\"application\/ld+json\" class=\"yoast-schema-graph\">{\"@context\":\"https:\/\/schema.org\",\"@graph\":[{\"@type\":\"WebPage\",\"@id\":\"https:\/\/neylaropadedanza.es\/fr\/product\/maibe\/\",\"url\":\"https:\/\/neylaropadedanza.es\/fr\/product\/maibe\/\",\"name\":\"Maibe - Neyla Dancewear - V\u00eatements de danse du ventre\",\"isPartOf\":{\"@id\":\"https:\/\/neylaropadedanza.com\/#website\"},\"primaryImageOfPage\":{\"@id\":\"https:\/\/neylaropadedanza.es\/fr\/product\/maibe\/#primaryimage\"},\"image\":{\"@id\":\"https:\/\/neylaropadedanza.es\/fr\/product\/maibe\/#primaryimage\"},\"thumbnailUrl\":\"https:\/\/neylaropadedanza.es\/wp-content\/uploads\/2019\/12\/Ropa-de-Danza-del-Vientre-Ensayo-26-1.jpg\",\"datePublished\":\"2019-12-18T18:52:44+00:00\",\"description\":\"Maibe, l\u2019ensemble qui allie couleur, confort et style pour que vous brilliez \u00e0 chaque mouvement. Trouvez votre taille id\u00e9ale et soyez sublime !\",\"breadcrumb\":{\"@id\":\"https:\/\/neylaropadedanza.es\/fr\/product\/maibe\/#breadcrumb\"},\"inLanguage\":\"fr-FR\",\"potentialAction\":[{\"@type\":\"ReadAction\",\"target\":[\"https:\/\/neylaropadedanza.es\/fr\/product\/maibe\/\"]}]},{\"@type\":\"ImageObject\",\"inLanguage\":\"fr-FR\",\"@id\":\"https:\/\/neylaropadedanza.es\/fr\/product\/maibe\/#primaryimage\",\"url\":\"https:\/\/neylaropadedanza.es\/wp-content\/uploads\/2019\/12\/Ropa-de-Danza-del-Vientre-Ensayo-26-1.jpg\",\"contentUrl\":\"https:\/\/neylaropadedanza.es\/wp-content\/uploads\/2019\/12\/Ropa-de-Danza-del-Vientre-Ensayo-26-1.jpg\",\"width\":754,\"height\":1024,\"caption\":\"Ensemble Maibe en lycra avec imprim\u00e9 color\u00e9, confortable et \u00e9l\u00e9gant pour les cours de danse et r\u00e9p\u00e9titions.\"},{\"@type\":\"BreadcrumbList\",\"@id\":\"https:\/\/neylaropadedanza.es\/fr\/product\/maibe\/#breadcrumb\",\"itemListElement\":[{\"@type\":\"ListItem\",\"position\":1,\"name\":\"Home\",\"item\":\"https:\/\/neylaropadedanza.es\/fr\/\"},{\"@type\":\"ListItem\",\"position\":2,\"name\":\"Produits\",\"item\":\"https:\/\/neylaropadedanza.es\/fr\/shop\/\"},{\"@type\":\"ListItem\",\"position\":3,\"name\":\"Maibe\"}]},{\"@type\":\"WebSite\",\"@id\":\"https:\/\/neylaropadedanza.com\/#website\",\"url\":\"https:\/\/neylaropadedanza.com\/\",\"name\":\"NeylaRopaDeDanza\",\"description\":\"Ropa de Danza del Vientre, danza oriental, trajes, ropa de ensayo y mucho m\u00e1s!\",\"publisher\":{\"@id\":\"https:\/\/neylaropadedanza.com\/#organization\"},\"potentialAction\":[{\"@type\":\"SearchAction\",\"target\":{\"@type\":\"EntryPoint\",\"urlTemplate\":\"https:\/\/neylaropadedanza.com\/?s={search_term_string}\"},\"query-input\":{\"@type\":\"PropertyValueSpecification\",\"valueRequired\":true,\"valueName\":\"search_term_string\"}}],\"inLanguage\":\"fr-FR\"},{\"@type\":\"Organization\",\"@id\":\"https:\/\/neylaropadedanza.com\/#organization\",\"name\":\"NeylaRopaDeDanza\",\"url\":\"https:\/\/neylaropadedanza.com\/\",\"logo\":{\"@type\":\"ImageObject\",\"inLanguage\":\"fr-FR\",\"@id\":\"https:\/\/neylaropadedanza.com\/#\/schema\/logo\/image\/\",\"url\":\"https:\/\/neylaropadedanza.es\/wp-content\/uploads\/2025\/04\/Neyla-Blanc.webp\",\"contentUrl\":\"https:\/\/neylaropadedanza.es\/wp-content\/uploads\/2025\/04\/Neyla-Blanc.webp\",\"width\":1970,\"height\":936,\"caption\":\"NeylaRopaDeDanza\"},\"image\":{\"@id\":\"https:\/\/neylaropadedanza.com\/#\/schema\/logo\/image\/\"},\"sameAs\":[\"https:\/\/www.facebook.com\/neyladancewear\/\",\"https:\/\/www.instagram.com\/neyladancewear\/\",\"https:\/\/www.youtube.com\/channel\/UCKlqrANcZD0QqKXzpy4taWA?view_as=subscriber\"]}]}<\/script>\n<!-- \/ Yoast SEO plugin. -->","yoast_head_json":{"title":"Maibe - Neyla Dancewear - V\u00eatements de danse du ventre","description":"Maibe, l\u2019ensemble qui allie couleur, confort et style pour que vous brilliez \u00e0 chaque mouvement. Trouvez votre taille id\u00e9ale et soyez sublime !","robots":{"index":"index","follow":"follow","max-snippet":"max-snippet:-1","max-image-preview":"max-image-preview:large","max-video-preview":"max-video-preview:-1"},"canonical":"https:\/\/neylaropadedanza.es\/fr\/product\/maibe\/","og_locale":"fr_FR","og_type":"article","og_title":"Maibe - Neyla Dancewear - V\u00eatements de danse du ventre","og_description":"Maibe, l\u2019ensemble qui allie couleur, confort et style pour que vous brilliez \u00e0 chaque mouvement. Trouvez votre taille id\u00e9ale et soyez sublime !","og_url":"https:\/\/neylaropadedanza.es\/fr\/product\/maibe\/","og_site_name":"Neyla Dancewear","article_publisher":"https:\/\/www.facebook.com\/neyladancewear\/","og_image":[{"width":754,"height":1024,"url":"https:\/\/neylaropadedanza.com\/wp-content\/uploads\/2019\/12\/Ropa-de-Danza-del-Vientre-Ensayo-26-1.jpg","type":"image\/jpeg"}],"twitter_card":"summary_large_image","twitter_misc":{"Dur\u00e9e de lecture estim\u00e9e":"2 minutes"},"schema":{"@context":"https:\/\/schema.org","@graph":[{"@type":"WebPage","@id":"https:\/\/neylaropadedanza.es\/fr\/product\/maibe\/","url":"https:\/\/neylaropadedanza.es\/fr\/product\/maibe\/","name":"Maibe - Neyla Dancewear - V\u00eatements de danse du ventre","isPartOf":{"@id":"https:\/\/neylaropadedanza.com\/#website"},"primaryImageOfPage":{"@id":"https:\/\/neylaropadedanza.es\/fr\/product\/maibe\/#primaryimage"},"image":{"@id":"https:\/\/neylaropadedanza.es\/fr\/product\/maibe\/#primaryimage"},"thumbnailUrl":"https:\/\/neylaropadedanza.es\/wp-content\/uploads\/2019\/12\/Ropa-de-Danza-del-Vientre-Ensayo-26-1.jpg","datePublished":"2019-12-18T18:52:44+00:00","description":"Maibe, l\u2019ensemble qui allie couleur, confort et style pour que vous brilliez \u00e0 chaque mouvement. Trouvez votre taille id\u00e9ale et soyez sublime !","breadcrumb":{"@id":"https:\/\/neylaropadedanza.es\/fr\/product\/maibe\/#breadcrumb"},"inLanguage":"fr-FR","potentialAction":[{"@type":"ReadAction","target":["https:\/\/neylaropadedanza.es\/fr\/product\/maibe\/"]}]},{"@type":"ImageObject","inLanguage":"fr-FR","@id":"https:\/\/neylaropadedanza.es\/fr\/product\/maibe\/#primaryimage","url":"https:\/\/neylaropadedanza.es\/wp-content\/uploads\/2019\/12\/Ropa-de-Danza-del-Vientre-Ensayo-26-1.jpg","contentUrl":"https:\/\/neylaropadedanza.es\/wp-content\/uploads\/2019\/12\/Ropa-de-Danza-del-Vientre-Ensayo-26-1.jpg","width":754,"height":1024,"caption":"Ensemble Maibe en lycra avec imprim\u00e9 color\u00e9, confortable et \u00e9l\u00e9gant pour les cours de danse et r\u00e9p\u00e9titions."},{"@type":"BreadcrumbList","@id":"https:\/\/neylaropadedanza.es\/fr\/product\/maibe\/#breadcrumb","itemListElement":[{"@type":"ListItem","position":1,"name":"Home","item":"https:\/\/neylaropadedanza.es\/fr\/"},{"@type":"ListItem","position":2,"name":"Produits","item":"https:\/\/neylaropadedanza.es\/fr\/shop\/"},{"@type":"ListItem","position":3,"name":"Maibe"}]},{"@type":"WebSite","@id":"https:\/\/neylaropadedanza.com\/#website","url":"https:\/\/neylaropadedanza.com\/","name":"NeylaRopaDeDanza","description":"Ropa de Danza del Vientre, danza oriental, trajes, ropa de ensayo y mucho m\u00e1s!","publisher":{"@id":"https:\/\/neylaropadedanza.com\/#organization"},"potentialAction":[{"@type":"SearchAction","target":{"@type":"EntryPoint","urlTemplate":"https:\/\/neylaropadedanza.com\/?s={search_term_string}"},"query-input":{"@type":"PropertyValueSpecification","valueRequired":true,"valueName":"search_term_string"}}],"inLanguage":"fr-FR"},{"@type":"Organization","@id":"https:\/\/neylaropadedanza.com\/#organization","name":"NeylaRopaDeDanza","url":"https:\/\/neylaropadedanza.com\/","logo":{"@type":"ImageObject","inLanguage":"fr-FR","@id":"https:\/\/neylaropadedanza.com\/#\/schema\/logo\/image\/","url":"https:\/\/neylaropadedanza.es\/wp-content\/uploads\/2025\/04\/Neyla-Blanc.webp","contentUrl":"https:\/\/neylaropadedanza.es\/wp-content\/uploads\/2025\/04\/Neyla-Blanc.webp","width":1970,"height":936,"caption":"NeylaRopaDeDanza"},"image":{"@id":"https:\/\/neylaropadedanza.com\/#\/schema\/logo\/image\/"},"sameAs":["https:\/\/www.facebook.com\/neyladancewear\/","https:\/\/www.instagram.com\/neyladancewear\/","https:\/\/www.youtube.com\/channel\/UCKlqrANcZD0QqKXzpy4taWA?view_as=subscriber"]}]}},"_links":{"self":[{"href":"https:\/\/neylaropadedanza.es\/fr\/wp-json\/wp\/v2\/product\/19337","targetHints":{"allow":["GET"]}}],"collection":[{"href":"https:\/\/neylaropadedanza.es\/fr\/wp-json\/wp\/v2\/product"}],"about":[{"href":"https:\/\/neylaropadedanza.es\/fr\/wp-json\/wp\/v2\/types\/product"}],"replies":[{"embeddable":true,"href":"https:\/\/neylaropadedanza.es\/fr\/wp-json\/wp\/v2\/comments?post=19337"}],"version-history":[{"count":0,"href":"https:\/\/neylaropadedanza.es\/fr\/wp-json\/wp\/v2\/product\/19337\/revisions"}],"wp:featuredmedia":[{"embeddable":true,"href":"https:\/\/neylaropadedanza.es\/fr\/wp-json\/wp\/v2\/media\/17662"}],"wp:attachment":[{"href":"https:\/\/neylaropadedanza.es\/fr\/wp-json\/wp\/v2\/media?parent=19337"}],"wp:term":[{"taxonomy":"product_brand","embeddable":true,"href":"https:\/\/neylaropadedanza.es\/fr\/wp-json\/wp\/v2\/product_brand?post=19337"},{"taxonomy":"product_cat","embeddable":true,"href":"https:\/\/neylaropadedanza.es\/fr\/wp-json\/wp\/v2\/product_cat?post=19337"},{"taxonomy":"product_tag","embeddable":true,"href":"https:\/\/neylaropadedanza.es\/fr\/wp-json\/wp\/v2\/product_tag?post=19337"}],"curies":[{"name":"wp","href":"https:\/\/api.w.org\/{rel}","templated":true}]}}