{"id":19329,"date":"2019-12-18T20:31:32","date_gmt":"2019-12-18T19:31:32","guid":{"rendered":"https:\/\/neylaropadedanza.es\/product\/satiah\/"},"modified":"2019-12-18T20:31:32","modified_gmt":"2019-12-18T20:31:32","slug":"satiah","status":"publish","type":"product","link":"https:\/\/neylaropadedanza.es\/fr\/product\/satiah\/","title":{"rendered":"Satiah"},"content":{"rendered":"<h2 data-start=\"120\" data-end=\"187\"><strong data-start=\"120\" data-end=\"187\">Leggings Satiah \u2013 \u00c9l\u00e9gance et Confort pour Vos Cours de Danse<\/strong><\/h2>\n<p data-start=\"189\" data-end=\"579\">Les leggings Satiah sont le compagnon id\u00e9al pour toute danseuse souhaitant allier style, confort et fonctionnalit\u00e9 lors de ses cours et r\u00e9p\u00e9titions. Con\u00e7us pour la danseuse active et passionn\u00e9e, ces leggings courts taille moyenne se distinguent par leur imprim\u00e9 unique de cercles fuchsia sur fond noir, apportant une touche moderne et vibrante qui vous garantit de ne pas passer inaper\u00e7ue. <\/p>\n<p data-start=\"581\" data-end=\"998\">Fabriqu\u00e9s avec des tissus de haute qualit\u00e9 soigneusement s\u00e9lectionn\u00e9s \u00e0 Barcelone, les leggings Satiah offrent une coupe confortable qui s\u2019adapte parfaitement \u00e0 votre corps, vous permettant une libert\u00e9 totale de mouvement pour exprimer chaque geste avec pr\u00e9cision et gr\u00e2ce. Leur tissu l\u00e9ger et respirant vous garde fra\u00eeche pendant les longues sessions de danse, \u00e9vitant tout inconfort et assurant une performance optimale. <\/p>\n<p data-start=\"1000\" data-end=\"1461\">Ces leggings sont id\u00e9aux pour des disciplines telles que la danse orientale, la danse du ventre, Bollywood et bien d\u2019autres. Leur design polyvalent et \u00e9l\u00e9gant permet de les associer facilement avec nos hauts et accessoires, cr\u00e9ant des tenues personnalis\u00e9es qui refl\u00e8tent votre style unique et votre personnalit\u00e9. Chez Neyla Dancewear, nous proposons une grande vari\u00e9t\u00e9 de <a href=\"https:\/\/www.neylaropadedanza.es\/Ropa-Danza-del-Vientre\/ropa-de-ensayo\/bodys-tops-y-leggins\/\">hauts<\/a> pour accompagner vos leggings Satiah, faisant de chaque jour en studio une exp\u00e9rience de mode et de confiance.  <\/p>\n<p data-start=\"1463\" data-end=\"1714\">N\u2019oubliez pas de visiter notre <a href=\"https:\/\/neylaropadedanza.es\/fr\/accessoires\/\">section accessoires <\/a>o\u00f9 vous trouverez ceintures perl\u00e9es, bijoux, voiles en soie et autres compl\u00e9ments qui compl\u00e8tent parfaitement votre garde-robe de danse, vous aidant \u00e0 briller \u00e0 chaque performance ou r\u00e9p\u00e9tition.<\/p>\n<p data-start=\"1716\" data-end=\"2009\">Nous avons \u00e9largi notre gamme de tailles pour offrir trois options qui s\u2019adaptent parfaitement \u00e0 votre corps, garantissant confort et look impeccable. Avec les leggings Satiah, \u00e9l\u00e9gance et confort vont de pair pour que vous puissiez profiter de chaque mouvement avec confiance et style. <\/p>\n<p data-start=\"2011\" data-end=\"2208\">D\u00e9couvrez la puissance de vous sentir confortable et belle \u00e0 chaque cours avec les leggings Satiah de Neyla Dancewear, sp\u00e9cialement con\u00e7us pour vous \u2014 la danseuse qui n\u2019accepte rien de moins que l\u2019excellence.<\/p>\n","protected":false},"excerpt":{"rendered":"<p><a href=\"https:\/\/neylaropadedanza.es\/fr\/guide-des-mesures\/\">Guide des Tailles<\/a><\/p>\n","protected":false},"featured_media":17614,"comment_status":"open","ping_status":"closed","template":"","meta":{"content-type":"","_monsterinsights_skip_tracking":false,"_monsterinsights_sitenote_active":false,"_monsterinsights_sitenote_note":"","_monsterinsights_sitenote_category":0,"_uf_show_specific_survey":0,"_uf_disable_surveys":false},"product_brand":[],"product_cat":[971,967,969],"product_tag":[1120,1403,1194,1212,1253,1307,1305],"class_list":{"0":"post-19329","1":"product","2":"type-product","3":"status-publish","4":"has-post-thumbnail","6":"product_cat-bodys-tops-et-leggings","7":"product_cat-outlet-fr","8":"product_cat-vetements-dentrainement","9":"product_tag-danse-du-ventre","10":"product_tag-danse-orientale","11":"product_tag-fuchsia-fr","12":"product_tag-leggins-fr","13":"product_tag-noir","14":"product_tag-vetements-dentrainement","15":"product_tag-vetements-de-danse-du-ventre-fr","16":"product_shipping_class-standard-fr","18":"first","19":"instock","20":"sale","21":"taxable","22":"shipping-taxable","23":"purchasable","24":"product-type-variable","25":"add-to-wishlist-after_add_to_cart"},"yoast_head":"<!-- This site is optimized with the Yoast SEO plugin v27.4 - https:\/\/yoast.com\/product\/yoast-seo-wordpress\/ -->\n<title>Satiah - Neyla Dancewear - V\u00eatements de danse du ventre<\/title>\n<meta name=\"description\" content=\"Leggings Satiah Neyla Dancewear : leggings courts avec imprim\u00e9 cercles fuchsia sur noir, confortables et \u00e9l\u00e9gants pour vos cours de danse.\" \/>\n<meta name=\"robots\" content=\"index, follow, max-snippet:-1, max-image-preview:large, max-video-preview:-1\" \/>\n<link rel=\"canonical\" href=\"https:\/\/neylaropadedanza.es\/fr\/product\/satiah\/\" \/>\n<meta property=\"og:locale\" content=\"fr_FR\" \/>\n<meta property=\"og:type\" content=\"article\" \/>\n<meta property=\"og:title\" content=\"Satiah - Neyla Dancewear - V\u00eatements de danse du ventre\" \/>\n<meta property=\"og:description\" content=\"Leggings Satiah Neyla Dancewear : leggings courts avec imprim\u00e9 cercles fuchsia sur noir, confortables et \u00e9l\u00e9gants pour vos cours de danse.\" \/>\n<meta property=\"og:url\" content=\"https:\/\/neylaropadedanza.es\/fr\/product\/satiah\/\" \/>\n<meta property=\"og:site_name\" content=\"Neyla Dancewear\" \/>\n<meta property=\"article:publisher\" content=\"https:\/\/www.facebook.com\/neyladancewear\/\" \/>\n<meta property=\"article:modified_time\" content=\"2019-12-18T20:31:32+00:00\" \/>\n<meta property=\"og:image\" content=\"https:\/\/neylaropadedanza.com\/wp-content\/uploads\/2019\/12\/Ropa-danza-vientre-111.jpg\" \/>\n\t<meta property=\"og:image:width\" content=\"768\" \/>\n\t<meta property=\"og:image:height\" content=\"1024\" \/>\n\t<meta property=\"og:image:type\" content=\"image\/jpeg\" \/>\n<meta name=\"twitter:card\" content=\"summary_large_image\" \/>\n<meta name=\"twitter:label1\" content=\"Dur\u00e9e de lecture estim\u00e9e\" \/>\n\t<meta name=\"twitter:data1\" content=\"2 minutes\" \/>\n<script type=\"application\/ld+json\" class=\"yoast-schema-graph\">{\"@context\":\"https:\\\/\\\/schema.org\",\"@graph\":[{\"@type\":\"WebPage\",\"@id\":\"https:\\\/\\\/neylaropadedanza.es\\\/fr\\\/product\\\/satiah\\\/\",\"url\":\"https:\\\/\\\/neylaropadedanza.es\\\/fr\\\/product\\\/satiah\\\/\",\"name\":\"Satiah - Neyla Dancewear - V\u00eatements de danse du ventre\",\"isPartOf\":{\"@id\":\"https:\\\/\\\/neylaropadedanza.com\\\/#website\"},\"primaryImageOfPage\":{\"@id\":\"https:\\\/\\\/neylaropadedanza.es\\\/fr\\\/product\\\/satiah\\\/#primaryimage\"},\"image\":{\"@id\":\"https:\\\/\\\/neylaropadedanza.es\\\/fr\\\/product\\\/satiah\\\/#primaryimage\"},\"thumbnailUrl\":\"https:\\\/\\\/neylaropadedanza.es\\\/wp-content\\\/uploads\\\/2019\\\/12\\\/Ropa-danza-vientre-111.jpg\",\"datePublished\":\"2019-12-18T19:31:32+00:00\",\"dateModified\":\"2019-12-18T20:31:32+00:00\",\"description\":\"Leggings Satiah Neyla Dancewear : leggings courts avec imprim\u00e9 cercles fuchsia sur noir, confortables et \u00e9l\u00e9gants pour vos cours de danse.\",\"breadcrumb\":{\"@id\":\"https:\\\/\\\/neylaropadedanza.es\\\/fr\\\/product\\\/satiah\\\/#breadcrumb\"},\"inLanguage\":\"fr-FR\",\"potentialAction\":[{\"@type\":\"ReadAction\",\"target\":[\"https:\\\/\\\/neylaropadedanza.es\\\/fr\\\/product\\\/satiah\\\/\"]}]},{\"@type\":\"ImageObject\",\"inLanguage\":\"fr-FR\",\"@id\":\"https:\\\/\\\/neylaropadedanza.es\\\/fr\\\/product\\\/satiah\\\/#primaryimage\",\"url\":\"https:\\\/\\\/neylaropadedanza.es\\\/wp-content\\\/uploads\\\/2019\\\/12\\\/Ropa-danza-vientre-111.jpg\",\"contentUrl\":\"https:\\\/\\\/neylaropadedanza.es\\\/wp-content\\\/uploads\\\/2019\\\/12\\\/Ropa-danza-vientre-111.jpg\",\"width\":768,\"height\":1024,\"caption\":\"Femme portant les leggings courts Satiah avec imprim\u00e9 cercles fuchsia sur fond noir pour la danse.\"},{\"@type\":\"BreadcrumbList\",\"@id\":\"https:\\\/\\\/neylaropadedanza.es\\\/fr\\\/product\\\/satiah\\\/#breadcrumb\",\"itemListElement\":[{\"@type\":\"ListItem\",\"position\":1,\"name\":\"Home\",\"item\":\"https:\\\/\\\/neylaropadedanza.es\\\/fr\\\/\"},{\"@type\":\"ListItem\",\"position\":2,\"name\":\"Produits\",\"item\":\"https:\\\/\\\/neylaropadedanza.es\\\/fr\\\/shop\\\/\"},{\"@type\":\"ListItem\",\"position\":3,\"name\":\"Satiah\"}]},{\"@type\":\"WebSite\",\"@id\":\"https:\\\/\\\/neylaropadedanza.com\\\/#website\",\"url\":\"https:\\\/\\\/neylaropadedanza.com\\\/\",\"name\":\"NeylaRopaDeDanza\",\"description\":\"Ropa de Danza del Vientre, danza oriental, trajes, ropa de ensayo y mucho m\u00e1s!\",\"publisher\":{\"@id\":\"https:\\\/\\\/neylaropadedanza.com\\\/#organization\"},\"potentialAction\":[{\"@type\":\"SearchAction\",\"target\":{\"@type\":\"EntryPoint\",\"urlTemplate\":\"https:\\\/\\\/neylaropadedanza.com\\\/?s={search_term_string}\"},\"query-input\":{\"@type\":\"PropertyValueSpecification\",\"valueRequired\":true,\"valueName\":\"search_term_string\"}}],\"inLanguage\":\"fr-FR\"},{\"@type\":\"Organization\",\"@id\":\"https:\\\/\\\/neylaropadedanza.com\\\/#organization\",\"name\":\"NeylaRopaDeDanza\",\"url\":\"https:\\\/\\\/neylaropadedanza.com\\\/\",\"logo\":{\"@type\":\"ImageObject\",\"inLanguage\":\"fr-FR\",\"@id\":\"https:\\\/\\\/neylaropadedanza.com\\\/#\\\/schema\\\/logo\\\/image\\\/\",\"url\":\"https:\\\/\\\/neylaropadedanza.es\\\/wp-content\\\/uploads\\\/2025\\\/04\\\/Neyla-Blanc.webp\",\"contentUrl\":\"https:\\\/\\\/neylaropadedanza.es\\\/wp-content\\\/uploads\\\/2025\\\/04\\\/Neyla-Blanc.webp\",\"width\":1970,\"height\":936,\"caption\":\"NeylaRopaDeDanza\"},\"image\":{\"@id\":\"https:\\\/\\\/neylaropadedanza.com\\\/#\\\/schema\\\/logo\\\/image\\\/\"},\"sameAs\":[\"https:\\\/\\\/www.facebook.com\\\/neyladancewear\\\/\",\"https:\\\/\\\/www.instagram.com\\\/neyladancewear\\\/\",\"https:\\\/\\\/www.youtube.com\\\/channel\\\/UCKlqrANcZD0QqKXzpy4taWA?view_as=subscriber\"]}]}<\/script>\n<!-- \/ Yoast SEO plugin. -->","yoast_head_json":{"title":"Satiah - Neyla Dancewear - V\u00eatements de danse du ventre","description":"Leggings Satiah Neyla Dancewear : leggings courts avec imprim\u00e9 cercles fuchsia sur noir, confortables et \u00e9l\u00e9gants pour vos cours de danse.","robots":{"index":"index","follow":"follow","max-snippet":"max-snippet:-1","max-image-preview":"max-image-preview:large","max-video-preview":"max-video-preview:-1"},"canonical":"https:\/\/neylaropadedanza.es\/fr\/product\/satiah\/","og_locale":"fr_FR","og_type":"article","og_title":"Satiah - Neyla Dancewear - V\u00eatements de danse du ventre","og_description":"Leggings Satiah Neyla Dancewear : leggings courts avec imprim\u00e9 cercles fuchsia sur noir, confortables et \u00e9l\u00e9gants pour vos cours de danse.","og_url":"https:\/\/neylaropadedanza.es\/fr\/product\/satiah\/","og_site_name":"Neyla Dancewear","article_publisher":"https:\/\/www.facebook.com\/neyladancewear\/","article_modified_time":"2019-12-18T20:31:32+00:00","og_image":[{"width":768,"height":1024,"url":"https:\/\/neylaropadedanza.com\/wp-content\/uploads\/2019\/12\/Ropa-danza-vientre-111.jpg","type":"image\/jpeg"}],"twitter_card":"summary_large_image","twitter_misc":{"Dur\u00e9e de lecture estim\u00e9e":"2 minutes"},"schema":{"@context":"https:\/\/schema.org","@graph":[{"@type":"WebPage","@id":"https:\/\/neylaropadedanza.es\/fr\/product\/satiah\/","url":"https:\/\/neylaropadedanza.es\/fr\/product\/satiah\/","name":"Satiah - Neyla Dancewear - V\u00eatements de danse du ventre","isPartOf":{"@id":"https:\/\/neylaropadedanza.com\/#website"},"primaryImageOfPage":{"@id":"https:\/\/neylaropadedanza.es\/fr\/product\/satiah\/#primaryimage"},"image":{"@id":"https:\/\/neylaropadedanza.es\/fr\/product\/satiah\/#primaryimage"},"thumbnailUrl":"https:\/\/neylaropadedanza.es\/wp-content\/uploads\/2019\/12\/Ropa-danza-vientre-111.jpg","datePublished":"2019-12-18T19:31:32+00:00","dateModified":"2019-12-18T20:31:32+00:00","description":"Leggings Satiah Neyla Dancewear : leggings courts avec imprim\u00e9 cercles fuchsia sur noir, confortables et \u00e9l\u00e9gants pour vos cours de danse.","breadcrumb":{"@id":"https:\/\/neylaropadedanza.es\/fr\/product\/satiah\/#breadcrumb"},"inLanguage":"fr-FR","potentialAction":[{"@type":"ReadAction","target":["https:\/\/neylaropadedanza.es\/fr\/product\/satiah\/"]}]},{"@type":"ImageObject","inLanguage":"fr-FR","@id":"https:\/\/neylaropadedanza.es\/fr\/product\/satiah\/#primaryimage","url":"https:\/\/neylaropadedanza.es\/wp-content\/uploads\/2019\/12\/Ropa-danza-vientre-111.jpg","contentUrl":"https:\/\/neylaropadedanza.es\/wp-content\/uploads\/2019\/12\/Ropa-danza-vientre-111.jpg","width":768,"height":1024,"caption":"Femme portant les leggings courts Satiah avec imprim\u00e9 cercles fuchsia sur fond noir pour la danse."},{"@type":"BreadcrumbList","@id":"https:\/\/neylaropadedanza.es\/fr\/product\/satiah\/#breadcrumb","itemListElement":[{"@type":"ListItem","position":1,"name":"Home","item":"https:\/\/neylaropadedanza.es\/fr\/"},{"@type":"ListItem","position":2,"name":"Produits","item":"https:\/\/neylaropadedanza.es\/fr\/shop\/"},{"@type":"ListItem","position":3,"name":"Satiah"}]},{"@type":"WebSite","@id":"https:\/\/neylaropadedanza.com\/#website","url":"https:\/\/neylaropadedanza.com\/","name":"NeylaRopaDeDanza","description":"Ropa de Danza del Vientre, danza oriental, trajes, ropa de ensayo y mucho m\u00e1s!","publisher":{"@id":"https:\/\/neylaropadedanza.com\/#organization"},"potentialAction":[{"@type":"SearchAction","target":{"@type":"EntryPoint","urlTemplate":"https:\/\/neylaropadedanza.com\/?s={search_term_string}"},"query-input":{"@type":"PropertyValueSpecification","valueRequired":true,"valueName":"search_term_string"}}],"inLanguage":"fr-FR"},{"@type":"Organization","@id":"https:\/\/neylaropadedanza.com\/#organization","name":"NeylaRopaDeDanza","url":"https:\/\/neylaropadedanza.com\/","logo":{"@type":"ImageObject","inLanguage":"fr-FR","@id":"https:\/\/neylaropadedanza.com\/#\/schema\/logo\/image\/","url":"https:\/\/neylaropadedanza.es\/wp-content\/uploads\/2025\/04\/Neyla-Blanc.webp","contentUrl":"https:\/\/neylaropadedanza.es\/wp-content\/uploads\/2025\/04\/Neyla-Blanc.webp","width":1970,"height":936,"caption":"NeylaRopaDeDanza"},"image":{"@id":"https:\/\/neylaropadedanza.com\/#\/schema\/logo\/image\/"},"sameAs":["https:\/\/www.facebook.com\/neyladancewear\/","https:\/\/www.instagram.com\/neyladancewear\/","https:\/\/www.youtube.com\/channel\/UCKlqrANcZD0QqKXzpy4taWA?view_as=subscriber"]}]}},"_links":{"self":[{"href":"https:\/\/neylaropadedanza.es\/fr\/wp-json\/wp\/v2\/product\/19329","targetHints":{"allow":["GET"]}}],"collection":[{"href":"https:\/\/neylaropadedanza.es\/fr\/wp-json\/wp\/v2\/product"}],"about":[{"href":"https:\/\/neylaropadedanza.es\/fr\/wp-json\/wp\/v2\/types\/product"}],"replies":[{"embeddable":true,"href":"https:\/\/neylaropadedanza.es\/fr\/wp-json\/wp\/v2\/comments?post=19329"}],"version-history":[{"count":0,"href":"https:\/\/neylaropadedanza.es\/fr\/wp-json\/wp\/v2\/product\/19329\/revisions"}],"wp:featuredmedia":[{"embeddable":true,"href":"https:\/\/neylaropadedanza.es\/fr\/wp-json\/wp\/v2\/media\/17614"}],"wp:attachment":[{"href":"https:\/\/neylaropadedanza.es\/fr\/wp-json\/wp\/v2\/media?parent=19329"}],"wp:term":[{"taxonomy":"product_brand","embeddable":true,"href":"https:\/\/neylaropadedanza.es\/fr\/wp-json\/wp\/v2\/product_brand?post=19329"},{"taxonomy":"product_cat","embeddable":true,"href":"https:\/\/neylaropadedanza.es\/fr\/wp-json\/wp\/v2\/product_cat?post=19329"},{"taxonomy":"product_tag","embeddable":true,"href":"https:\/\/neylaropadedanza.es\/fr\/wp-json\/wp\/v2\/product_tag?post=19329"}],"curies":[{"name":"wp","href":"https:\/\/api.w.org\/{rel}","templated":true}]}}