{"id":19302,"date":"2019-12-28T23:21:58","date_gmt":"2019-12-28T22:21:58","guid":{"rendered":"https:\/\/neylaropadedanza.es\/product\/artemisa\/"},"modified":"2019-12-28T23:21:58","modified_gmt":"2019-12-28T23:21:58","slug":"artemisa","status":"publish","type":"product","link":"https:\/\/neylaropadedanza.es\/fr\/product\/artemisa\/","title":{"rendered":"Artemisa"},"content":{"rendered":"<h2 data-start=\"130\" data-end=\"207\"><strong data-start=\"130\" data-end=\"207\">Costume Professionnel Artemisa \u2013 Magie et Couleurs pour une Danse de Fantaisie \ud83c\udf08\u2728<\/strong><\/h2>\n<p data-start=\"209\" data-end=\"493\">Le costume <strong data-start=\"218\" data-end=\"230\">Artemisa<\/strong> de Neyla Queen est con\u00e7u pour la danseuse qui souhaite rayonner de magie et de couleurs \u00e0 chaque mouvement. Cette pi\u00e8ce unique, fabriqu\u00e9e \u00e0 la main \u00e0 Barcelone, combine des tissus soigneusement s\u00e9lectionn\u00e9s et des broderies pour offrir un design plein de vie et de personnalit\u00e9. <\/p>\n<p data-start=\"495\" data-end=\"921\">Le soutien-gorge, inspir\u00e9 du style traditionnel \u00e9gyptien coco, est doubl\u00e9 et con\u00e7u comme un top avec un d\u00e9collet\u00e9 asym\u00e9trique et une bretelle sur l\u2019\u00e9paule droite. De ce point part un voile en semi-soie aux trois couleurs d\u00e9grad\u00e9es, qui peut \u00eatre utilis\u00e9 comme accessoire ou comme \u00e9l\u00e9ment de danse, apportant fluidit\u00e9 et charme. De plus, une bretelle tombante avec des fleurs brod\u00e9es d\u00e9core l\u2019\u00e9paule droite, soulignant le style unique du costume.  <\/p>\n<p data-start=\"923\" data-end=\"1399\">La jupe, confectionn\u00e9e en une seule pi\u00e8ce avec un short en lycra fuchsia int\u00e9gr\u00e9, pr\u00e9sente deux fentes \u2014 une sur chaque jambe \u2014 et comprend quatre godets ainsi qu\u2019un godet central arri\u00e8re qui accentuent son volume. Entre le panneau central et le panneau arri\u00e8re, une passementerie d\u00e9corative emp\u00eache la jupe de s\u2019ouvrir plus que d\u00e9sir\u00e9. La base est en lycra fuchsia, recouverte d\u2019une couche ext\u00e9rieure de tulle brod\u00e9 avec des strass, tandis que les godets sont en semi-soie aux couleurs d\u00e9grad\u00e9es.  <\/p>\n<p data-start=\"1401\" data-end=\"1607\">Le pourtour de l\u2019ourlet est renforc\u00e9 par une crinoline pour ajouter volume et mouvement, et la d\u00e9coration dans des tons verts, roses, jaunes, champagne, dor\u00e9s et aurore bor\u00e9ale apporte un \u00e9clat sp\u00e9cial qui captive le regard.<\/p>\n<h3 data-start=\"1609\" data-end=\"1637\">\ud83c\udfaf <strong data-start=\"1612\" data-end=\"1635\">Tailles disponibles :<\/strong><\/h3>\n<ul data-start=\"1638\" data-end=\"1684\">\n<li data-start=\"1638\" data-end=\"1658\">\n<p data-start=\"1640\" data-end=\"1658\">Soutien-gorge : 85-95<\/p>\n<\/li>\n<li data-start=\"1659\" data-end=\"1684\">\n<p data-start=\"1661\" data-end=\"1684\">Pantalon\/jupe : 36-42<\/p>\n<\/li>\n<\/ul>\n<p data-start=\"1686\" data-end=\"2001\">Comme pour tous les costumes Neyla Queen, nous pouvons l\u2019ajuster \u00e0 vos mesures pour un ajustement parfait. Une fois votre achat finalis\u00e9, vous pouvez nous envoyer vos mesures via la section \u00ab notes de commande \u00bb ou directement \u00e0 <a class=\"cursor-pointer\" rel=\"noopener\" data-start=\"1891\" data-end=\"1928\">atencionalcliente@neylaropadedanza.es,<\/a> afin de recevoir un costume pr\u00eat \u00e0 \u00eatre port\u00e9 pour que vous puissiez danser imm\u00e9diatement ! <\/p>\n<h3 data-start=\"2008\" data-end=\"2260\"><strong data-start=\"2008\" data-end=\"2083\">NEYLA QUEEN \u2013 Costumes professionnels pour danseuses qui veulent se d\u00e9marquer<\/strong><\/h3>\n<p data-start=\"2008\" data-end=\"2260\"><br data-start=\"2083\" data-end=\"2086\">Les costumes Neyla Queen sont synonymes de qualit\u00e9, design exclusif et confection artisanale \u00e0 Barcelone. \u00c9l\u00e9gance, confort et personnalit\u00e9 pour conqu\u00e9rir toutes les sc\u00e8nes. <\/p>\n<p data-start=\"2262\" data-end=\"2320\">Choisissez le v\u00f4tre et laissez-vous emporter par la magie de la danse \ud83d\udc51\ud83c\udf1f.<\/p>\n","protected":false},"excerpt":{"rendered":"<p>Le costume Artemisa en mouvement !<\/p>\n<p>https:\/\/youtu.be\/jQeeqGS3obo<\/p>\n","protected":false},"featured_media":17694,"comment_status":"open","ping_status":"closed","template":"","meta":{"content-type":"","_monsterinsights_skip_tracking":false,"_monsterinsights_sitenote_active":false,"_monsterinsights_sitenote_note":"","_monsterinsights_sitenote_category":0,"_uf_show_specific_survey":0,"_uf_disable_surveys":false},"product_brand":[],"product_cat":[985,991],"product_tag":[1359,1120,1403,1194,1034,994,1395,1271,1385,1307,1305],"class_list":{"0":"post-19302","1":"product","2":"type-product","3":"status-publish","4":"has-post-thumbnail","6":"product_cat-costumes-fr","7":"product_cat-neyla-queen","8":"product_tag-costume-de-danse-du-ventre","9":"product_tag-danse-du-ventre","10":"product_tag-danse-orientale","11":"product_tag-fuchsia-fr","12":"product_tag-jaune","13":"product_tag-neyla-dancewear-fr","14":"product_tag-robe-de-danse-du-ventre","15":"product_tag-strass-fr-2","16":"product_tag-vert","17":"product_tag-vetements-dentrainement","18":"product_tag-vetements-de-danse-du-ventre-fr","19":"product_shipping_class-standard-fr","21":"first","22":"instock","23":"sale","24":"taxable","25":"shipping-taxable","26":"purchasable","27":"product-type-simple","28":"add-to-wishlist-after_add_to_cart"},"yoast_head":"<!-- This site is optimized with the Yoast SEO plugin v26.6 - https:\/\/yoast.com\/wordpress\/plugins\/seo\/ -->\n<title>Artemisa - Neyla Dancewear - Neyla Queen - Costumes de danse du ventre<\/title>\n<meta name=\"description\" content=\"Costume Artemisa : Les costumes Neyla Queen sont des costumes professionnels de danse orientale de grande qualit\u00e9, con\u00e7us et confectionn\u00e9s \u00e0 Barcelone.\" \/>\n<meta name=\"robots\" content=\"index, follow, max-snippet:-1, max-image-preview:large, max-video-preview:-1\" \/>\n<link rel=\"canonical\" href=\"https:\/\/neylaropadedanza.es\/fr\/product\/artemisa\/\" \/>\n<meta property=\"og:locale\" content=\"fr_FR\" \/>\n<meta property=\"og:type\" content=\"article\" \/>\n<meta property=\"og:title\" content=\"Artemisa - Neyla Dancewear - Neyla Queen - Costumes de danse du ventre\" \/>\n<meta property=\"og:description\" content=\"Costume Artemisa : Les costumes Neyla Queen sont des costumes professionnels de danse orientale de grande qualit\u00e9, con\u00e7us et confectionn\u00e9s \u00e0 Barcelone.\" \/>\n<meta property=\"og:url\" content=\"https:\/\/neylaropadedanza.es\/fr\/product\/artemisa\/\" \/>\n<meta property=\"og:site_name\" content=\"Neyla Dancewear\" \/>\n<meta property=\"article:publisher\" content=\"https:\/\/www.facebook.com\/neyladancewear\/\" \/>\n<meta property=\"article:modified_time\" content=\"2019-12-28T23:21:58+00:00\" \/>\n<meta property=\"og:image\" content=\"https:\/\/neylaropadedanza.com\/wp-content\/uploads\/2019\/12\/Ropa-de-Danza-del-Vientre-Ensayo-13.jpg\" \/>\n\t<meta property=\"og:image:width\" content=\"768\" \/>\n\t<meta property=\"og:image:height\" content=\"1024\" \/>\n\t<meta property=\"og:image:type\" content=\"image\/jpeg\" \/>\n<meta name=\"twitter:card\" content=\"summary_large_image\" \/>\n<meta name=\"twitter:label1\" content=\"Dur\u00e9e de lecture estim\u00e9e\" \/>\n\t<meta name=\"twitter:data1\" content=\"2 minutes\" \/>\n<script type=\"application\/ld+json\" class=\"yoast-schema-graph\">{\"@context\":\"https:\/\/schema.org\",\"@graph\":[{\"@type\":\"WebPage\",\"@id\":\"https:\/\/neylaropadedanza.es\/fr\/product\/artemisa\/\",\"url\":\"https:\/\/neylaropadedanza.es\/fr\/product\/artemisa\/\",\"name\":\"Artemisa - Neyla Dancewear - Neyla Queen - Costumes de danse du ventre\",\"isPartOf\":{\"@id\":\"https:\/\/neylaropadedanza.com\/#website\"},\"primaryImageOfPage\":{\"@id\":\"https:\/\/neylaropadedanza.es\/fr\/product\/artemisa\/#primaryimage\"},\"image\":{\"@id\":\"https:\/\/neylaropadedanza.es\/fr\/product\/artemisa\/#primaryimage\"},\"thumbnailUrl\":\"https:\/\/neylaropadedanza.es\/wp-content\/uploads\/2019\/12\/Ropa-de-Danza-del-Vientre-Ensayo-13.jpg\",\"datePublished\":\"2019-12-28T22:21:58+00:00\",\"dateModified\":\"2019-12-28T23:21:58+00:00\",\"description\":\"Costume Artemisa : Les costumes Neyla Queen sont des costumes professionnels de danse orientale de grande qualit\u00e9, con\u00e7us et confectionn\u00e9s \u00e0 Barcelone.\",\"breadcrumb\":{\"@id\":\"https:\/\/neylaropadedanza.es\/fr\/product\/artemisa\/#breadcrumb\"},\"inLanguage\":\"fr-FR\",\"potentialAction\":[{\"@type\":\"ReadAction\",\"target\":[\"https:\/\/neylaropadedanza.es\/fr\/product\/artemisa\/\"]}]},{\"@type\":\"ImageObject\",\"inLanguage\":\"fr-FR\",\"@id\":\"https:\/\/neylaropadedanza.es\/fr\/product\/artemisa\/#primaryimage\",\"url\":\"https:\/\/neylaropadedanza.es\/wp-content\/uploads\/2019\/12\/Ropa-de-Danza-del-Vientre-Ensayo-13.jpg\",\"contentUrl\":\"https:\/\/neylaropadedanza.es\/wp-content\/uploads\/2019\/12\/Ropa-de-Danza-del-Vientre-Ensayo-13.jpg\",\"width\":768,\"height\":1024,\"caption\":\"Danseuse portant le costume professionnel Artemisa Neyla Queen fuchsia avec tulle d\u00e9grad\u00e9 et broderies florales.\"},{\"@type\":\"BreadcrumbList\",\"@id\":\"https:\/\/neylaropadedanza.es\/fr\/product\/artemisa\/#breadcrumb\",\"itemListElement\":[{\"@type\":\"ListItem\",\"position\":1,\"name\":\"Home\",\"item\":\"https:\/\/neylaropadedanza.es\/fr\/\"},{\"@type\":\"ListItem\",\"position\":2,\"name\":\"Produits\",\"item\":\"https:\/\/neylaropadedanza.es\/fr\/shop\/\"},{\"@type\":\"ListItem\",\"position\":3,\"name\":\"Artemisa\"}]},{\"@type\":\"WebSite\",\"@id\":\"https:\/\/neylaropadedanza.com\/#website\",\"url\":\"https:\/\/neylaropadedanza.com\/\",\"name\":\"NeylaRopaDeDanza\",\"description\":\"Ropa de Danza del Vientre, danza oriental, trajes, ropa de ensayo y mucho m\u00e1s!\",\"publisher\":{\"@id\":\"https:\/\/neylaropadedanza.com\/#organization\"},\"potentialAction\":[{\"@type\":\"SearchAction\",\"target\":{\"@type\":\"EntryPoint\",\"urlTemplate\":\"https:\/\/neylaropadedanza.com\/?s={search_term_string}\"},\"query-input\":{\"@type\":\"PropertyValueSpecification\",\"valueRequired\":true,\"valueName\":\"search_term_string\"}}],\"inLanguage\":\"fr-FR\"},{\"@type\":\"Organization\",\"@id\":\"https:\/\/neylaropadedanza.com\/#organization\",\"name\":\"NeylaRopaDeDanza\",\"url\":\"https:\/\/neylaropadedanza.com\/\",\"logo\":{\"@type\":\"ImageObject\",\"inLanguage\":\"fr-FR\",\"@id\":\"https:\/\/neylaropadedanza.com\/#\/schema\/logo\/image\/\",\"url\":\"https:\/\/neylaropadedanza.es\/wp-content\/uploads\/2025\/04\/Neyla-Blanc.webp\",\"contentUrl\":\"https:\/\/neylaropadedanza.es\/wp-content\/uploads\/2025\/04\/Neyla-Blanc.webp\",\"width\":1970,\"height\":936,\"caption\":\"NeylaRopaDeDanza\"},\"image\":{\"@id\":\"https:\/\/neylaropadedanza.com\/#\/schema\/logo\/image\/\"},\"sameAs\":[\"https:\/\/www.facebook.com\/neyladancewear\/\",\"https:\/\/www.instagram.com\/neyladancewear\/\",\"https:\/\/www.youtube.com\/channel\/UCKlqrANcZD0QqKXzpy4taWA?view_as=subscriber\"]}]}<\/script>\n<!-- \/ Yoast SEO plugin. -->","yoast_head_json":{"title":"Artemisa - Neyla Dancewear - Neyla Queen - Costumes de danse du ventre","description":"Costume Artemisa : Les costumes Neyla Queen sont des costumes professionnels de danse orientale de grande qualit\u00e9, con\u00e7us et confectionn\u00e9s \u00e0 Barcelone.","robots":{"index":"index","follow":"follow","max-snippet":"max-snippet:-1","max-image-preview":"max-image-preview:large","max-video-preview":"max-video-preview:-1"},"canonical":"https:\/\/neylaropadedanza.es\/fr\/product\/artemisa\/","og_locale":"fr_FR","og_type":"article","og_title":"Artemisa - Neyla Dancewear - Neyla Queen - Costumes de danse du ventre","og_description":"Costume Artemisa : Les costumes Neyla Queen sont des costumes professionnels de danse orientale de grande qualit\u00e9, con\u00e7us et confectionn\u00e9s \u00e0 Barcelone.","og_url":"https:\/\/neylaropadedanza.es\/fr\/product\/artemisa\/","og_site_name":"Neyla Dancewear","article_publisher":"https:\/\/www.facebook.com\/neyladancewear\/","article_modified_time":"2019-12-28T23:21:58+00:00","og_image":[{"width":768,"height":1024,"url":"https:\/\/neylaropadedanza.com\/wp-content\/uploads\/2019\/12\/Ropa-de-Danza-del-Vientre-Ensayo-13.jpg","type":"image\/jpeg"}],"twitter_card":"summary_large_image","twitter_misc":{"Dur\u00e9e de lecture estim\u00e9e":"2 minutes"},"schema":{"@context":"https:\/\/schema.org","@graph":[{"@type":"WebPage","@id":"https:\/\/neylaropadedanza.es\/fr\/product\/artemisa\/","url":"https:\/\/neylaropadedanza.es\/fr\/product\/artemisa\/","name":"Artemisa - Neyla Dancewear - Neyla Queen - Costumes de danse du ventre","isPartOf":{"@id":"https:\/\/neylaropadedanza.com\/#website"},"primaryImageOfPage":{"@id":"https:\/\/neylaropadedanza.es\/fr\/product\/artemisa\/#primaryimage"},"image":{"@id":"https:\/\/neylaropadedanza.es\/fr\/product\/artemisa\/#primaryimage"},"thumbnailUrl":"https:\/\/neylaropadedanza.es\/wp-content\/uploads\/2019\/12\/Ropa-de-Danza-del-Vientre-Ensayo-13.jpg","datePublished":"2019-12-28T22:21:58+00:00","dateModified":"2019-12-28T23:21:58+00:00","description":"Costume Artemisa : Les costumes Neyla Queen sont des costumes professionnels de danse orientale de grande qualit\u00e9, con\u00e7us et confectionn\u00e9s \u00e0 Barcelone.","breadcrumb":{"@id":"https:\/\/neylaropadedanza.es\/fr\/product\/artemisa\/#breadcrumb"},"inLanguage":"fr-FR","potentialAction":[{"@type":"ReadAction","target":["https:\/\/neylaropadedanza.es\/fr\/product\/artemisa\/"]}]},{"@type":"ImageObject","inLanguage":"fr-FR","@id":"https:\/\/neylaropadedanza.es\/fr\/product\/artemisa\/#primaryimage","url":"https:\/\/neylaropadedanza.es\/wp-content\/uploads\/2019\/12\/Ropa-de-Danza-del-Vientre-Ensayo-13.jpg","contentUrl":"https:\/\/neylaropadedanza.es\/wp-content\/uploads\/2019\/12\/Ropa-de-Danza-del-Vientre-Ensayo-13.jpg","width":768,"height":1024,"caption":"Danseuse portant le costume professionnel Artemisa Neyla Queen fuchsia avec tulle d\u00e9grad\u00e9 et broderies florales."},{"@type":"BreadcrumbList","@id":"https:\/\/neylaropadedanza.es\/fr\/product\/artemisa\/#breadcrumb","itemListElement":[{"@type":"ListItem","position":1,"name":"Home","item":"https:\/\/neylaropadedanza.es\/fr\/"},{"@type":"ListItem","position":2,"name":"Produits","item":"https:\/\/neylaropadedanza.es\/fr\/shop\/"},{"@type":"ListItem","position":3,"name":"Artemisa"}]},{"@type":"WebSite","@id":"https:\/\/neylaropadedanza.com\/#website","url":"https:\/\/neylaropadedanza.com\/","name":"NeylaRopaDeDanza","description":"Ropa de Danza del Vientre, danza oriental, trajes, ropa de ensayo y mucho m\u00e1s!","publisher":{"@id":"https:\/\/neylaropadedanza.com\/#organization"},"potentialAction":[{"@type":"SearchAction","target":{"@type":"EntryPoint","urlTemplate":"https:\/\/neylaropadedanza.com\/?s={search_term_string}"},"query-input":{"@type":"PropertyValueSpecification","valueRequired":true,"valueName":"search_term_string"}}],"inLanguage":"fr-FR"},{"@type":"Organization","@id":"https:\/\/neylaropadedanza.com\/#organization","name":"NeylaRopaDeDanza","url":"https:\/\/neylaropadedanza.com\/","logo":{"@type":"ImageObject","inLanguage":"fr-FR","@id":"https:\/\/neylaropadedanza.com\/#\/schema\/logo\/image\/","url":"https:\/\/neylaropadedanza.es\/wp-content\/uploads\/2025\/04\/Neyla-Blanc.webp","contentUrl":"https:\/\/neylaropadedanza.es\/wp-content\/uploads\/2025\/04\/Neyla-Blanc.webp","width":1970,"height":936,"caption":"NeylaRopaDeDanza"},"image":{"@id":"https:\/\/neylaropadedanza.com\/#\/schema\/logo\/image\/"},"sameAs":["https:\/\/www.facebook.com\/neyladancewear\/","https:\/\/www.instagram.com\/neyladancewear\/","https:\/\/www.youtube.com\/channel\/UCKlqrANcZD0QqKXzpy4taWA?view_as=subscriber"]}]}},"_links":{"self":[{"href":"https:\/\/neylaropadedanza.es\/fr\/wp-json\/wp\/v2\/product\/19302","targetHints":{"allow":["GET"]}}],"collection":[{"href":"https:\/\/neylaropadedanza.es\/fr\/wp-json\/wp\/v2\/product"}],"about":[{"href":"https:\/\/neylaropadedanza.es\/fr\/wp-json\/wp\/v2\/types\/product"}],"replies":[{"embeddable":true,"href":"https:\/\/neylaropadedanza.es\/fr\/wp-json\/wp\/v2\/comments?post=19302"}],"version-history":[{"count":0,"href":"https:\/\/neylaropadedanza.es\/fr\/wp-json\/wp\/v2\/product\/19302\/revisions"}],"wp:featuredmedia":[{"embeddable":true,"href":"https:\/\/neylaropadedanza.es\/fr\/wp-json\/wp\/v2\/media\/17694"}],"wp:attachment":[{"href":"https:\/\/neylaropadedanza.es\/fr\/wp-json\/wp\/v2\/media?parent=19302"}],"wp:term":[{"taxonomy":"product_brand","embeddable":true,"href":"https:\/\/neylaropadedanza.es\/fr\/wp-json\/wp\/v2\/product_brand?post=19302"},{"taxonomy":"product_cat","embeddable":true,"href":"https:\/\/neylaropadedanza.es\/fr\/wp-json\/wp\/v2\/product_cat?post=19302"},{"taxonomy":"product_tag","embeddable":true,"href":"https:\/\/neylaropadedanza.es\/fr\/wp-json\/wp\/v2\/product_tag?post=19302"}],"curies":[{"name":"wp","href":"https:\/\/api.w.org\/{rel}","templated":true}]}}