{"id":19299,"date":"2019-12-29T14:46:12","date_gmt":"2019-12-29T13:46:12","guid":{"rendered":"https:\/\/neylaropadedanza.es\/product\/aura\/"},"modified":"2019-12-29T14:46:12","modified_gmt":"2019-12-29T14:46:12","slug":"aura","status":"publish","type":"product","link":"https:\/\/neylaropadedanza.es\/fr\/product\/aura\/","title":{"rendered":"Aura"},"content":{"rendered":"<h2 data-start=\"126\" data-end=\"203\"><strong data-start=\"126\" data-end=\"203\">Costume Professionnel Aura \u2013 Lumi\u00e8re et \u00c9l\u00e9gance pour Conqu\u00e9rir la Sc\u00e8ne \u2728\ud83d\udc99<\/strong><\/h2>\n<p data-start=\"205\" data-end=\"509\">Le costume <strong data-start=\"214\" data-end=\"222\">Aura <\/strong>de Neyla Queen est con\u00e7u pour la danseuse qui souhaite briller avec sophistication et style. Cette pi\u00e8ce unique, fabriqu\u00e9e \u00e0 la main \u00e0 Barcelone, allie mat\u00e9riaux de haute qualit\u00e9 et design soign\u00e9 pour que vous vous sentiez confiante et \u00e9blouissante \u00e0 chaque performance. <\/p>\n<p data-start=\"511\" data-end=\"860\">Le soutien-gorge met en valeur votre silhouette avec une broderie d\u00e9licate aux tons dor\u00e9s et argent\u00e9s, orn\u00e9e de cristaux scintillants qui captent la lumi\u00e8re et refl\u00e8tent chaque mouvement. Les d\u00e9tails en tissu bleu clair et les transparences subtiles apportent fra\u00eecheur et d\u00e9licatesse, tandis que les manches fluides ajoutent une touche romantique et \u00e9l\u00e9gante. <\/p>\n<p data-start=\"862\" data-end=\"1177\">La jupe, longue et fluide, est con\u00e7ue pour mettre en valeur vos pas avec un \u00e9lan spectaculaire et des volants plac\u00e9s strat\u00e9giquement qui cr\u00e9ent du dynamisme et du mouvement. Les d\u00e9tails orn\u00e9s de bijoux \u00e0 la taille et \u00e0 l\u2019ourlet compl\u00e8tent ce design de r\u00eave, faisant de chaque tour un \u00e9clat de magie. <\/p>\n<p data-start=\"1179\" data-end=\"1207\">\ud83c\udfaf <strong data-start=\"1182\" data-end=\"1205\">Tailles disponibles :<\/strong><\/p>\n<ul data-start=\"1208\" data-end=\"1254\">\n<li data-start=\"1208\" data-end=\"1228\">\n<p data-start=\"1210\" data-end=\"1228\">Soutien-gorge : 85-95<\/p>\n<\/li>\n<li data-start=\"1229\" data-end=\"1254\">\n<p data-start=\"1231\" data-end=\"1254\">Pantalon\/jupe : 36-42<\/p>\n<\/li>\n<\/ul>\n<p data-start=\"1256\" data-end=\"1590\">Comme tous les costumes Neyla Queen, Aura peut \u00eatre ajust\u00e9 \u00e0 vos mesures pour un ajustement parfait. Une fois votre achat finalis\u00e9, vous pouvez nous envoyer vos mesures via la section \u201cnotes de commande\u201d ou par email \u00e0 <a class=\"cursor-pointer\" rel=\"noopener\" data-start=\"1486\" data-end=\"1523\">atencionalcliente@neylaropadedanza.es,<\/a> afin de recevoir un costume sur mesure, pr\u00eat \u00e0 briller. <\/p>\n<p data-start=\"1597\" data-end=\"1849\"><strong data-start=\"1597\" data-end=\"1672\">NEYLA QUEEN \u2013 Costumes Professionnels pour Danseuses qui Veulent se D\u00e9marquer<\/strong><br data-start=\"1672\" data-end=\"1675\">Les costumes Neyla Queen sont synonymes de qualit\u00e9, design exclusif et confection artisanale \u00e0 Barcelone. \u00c9l\u00e9gance, confort et personnalit\u00e9 pour conqu\u00e9rir toutes les sc\u00e8nes. <\/p>\n<p data-start=\"1851\" data-end=\"1909\">Choisissez le v\u00f4tre et laissez-vous emporter par la magie de la danse \ud83d\udc51\ud83c\udf1f.<\/p>\n<p>&nbsp;<\/p>\n","protected":false},"excerpt":{"rendered":"<p>D\u00e9couvrez le costume Aura en mouvement !<\/p>\n<p>https:\/\/youtu.be\/WkWD2_XHpTs<\/p>\n","protected":false},"featured_media":17724,"comment_status":"open","ping_status":"closed","template":"","meta":{"content-type":"","_monsterinsights_skip_tracking":false,"_monsterinsights_sitenote_active":false,"_monsterinsights_sitenote_note":"","_monsterinsights_sitenote_category":0,"_uf_show_specific_survey":0,"_uf_disable_surveys":false},"product_brand":[],"product_cat":[985,991],"product_tag":[1359,1351,1120,1403,1418,994,1273,1317,1068,1320,1371,1307,1305],"class_list":{"0":"post-19299","1":"product","2":"type-product","3":"status-publish","4":"has-post-thumbnail","6":"product_cat-costumes-fr","7":"product_cat-neyla-queen","8":"product_tag-costume-de-danse-du-ventre","9":"product_tag-costume-professionnel","10":"product_tag-danse-du-ventre","11":"product_tag-danse-orientale","12":"product_tag-lycra-fr","13":"product_tag-neyla-dancewear-fr","14":"product_tag-perles","15":"product_tag-soie","16":"product_tag-strass-fr","17":"product_tag-strass-fr-3","18":"product_tag-turquoise-fr","19":"product_tag-vetements-dentrainement","20":"product_tag-vetements-de-danse-du-ventre-fr","21":"product_shipping_class-standard-fr","23":"first","24":"instock","25":"sale","26":"taxable","27":"shipping-taxable","28":"purchasable","29":"product-type-simple","30":"add-to-wishlist-after_add_to_cart"},"yoast_head":"<!-- This site is optimized with the Yoast SEO plugin v27.4 - https:\/\/yoast.com\/product\/yoast-seo-wordpress\/ -->\n<title>Aura - Neyla Dancewear - Neyla Queen - Costumes de danse du ventre<\/title>\n<meta name=\"description\" content=\"Costume Aura : Les costumes Neyla Queen sont des costumes professionnels de danse orientale de grande qualit\u00e9, con\u00e7us et confectionn\u00e9s \u00e0 Barcelone.\" \/>\n<meta name=\"robots\" content=\"index, follow, max-snippet:-1, max-image-preview:large, max-video-preview:-1\" \/>\n<link rel=\"canonical\" href=\"https:\/\/neylaropadedanza.es\/fr\/product\/aura\/\" \/>\n<meta property=\"og:locale\" content=\"fr_FR\" \/>\n<meta property=\"og:type\" content=\"article\" \/>\n<meta property=\"og:title\" content=\"Aura - Neyla Dancewear - Neyla Queen - Costumes de danse du ventre\" \/>\n<meta property=\"og:description\" content=\"Costume Aura : Les costumes Neyla Queen sont des costumes professionnels de danse orientale de grande qualit\u00e9, con\u00e7us et confectionn\u00e9s \u00e0 Barcelone.\" \/>\n<meta property=\"og:url\" content=\"https:\/\/neylaropadedanza.es\/fr\/product\/aura\/\" \/>\n<meta property=\"og:site_name\" content=\"Neyla Dancewear\" \/>\n<meta property=\"article:publisher\" content=\"https:\/\/www.facebook.com\/neyladancewear\/\" \/>\n<meta property=\"article:modified_time\" content=\"2019-12-29T14:46:12+00:00\" \/>\n<meta property=\"og:image\" content=\"https:\/\/neylaropadedanza.com\/wp-content\/uploads\/2019\/12\/Ropa-de-Danza-del-Vientre-Ensayo-28.jpg\" \/>\n\t<meta property=\"og:image:width\" content=\"768\" \/>\n\t<meta property=\"og:image:height\" content=\"1024\" \/>\n\t<meta property=\"og:image:type\" content=\"image\/jpeg\" \/>\n<meta name=\"twitter:card\" content=\"summary_large_image\" \/>\n<meta name=\"twitter:label1\" content=\"Dur\u00e9e de lecture estim\u00e9e\" \/>\n\t<meta name=\"twitter:data1\" content=\"1 minute\" \/>\n<script type=\"application\/ld+json\" class=\"yoast-schema-graph\">{\"@context\":\"https:\\\/\\\/schema.org\",\"@graph\":[{\"@type\":\"WebPage\",\"@id\":\"https:\\\/\\\/neylaropadedanza.es\\\/fr\\\/product\\\/aura\\\/\",\"url\":\"https:\\\/\\\/neylaropadedanza.es\\\/fr\\\/product\\\/aura\\\/\",\"name\":\"Aura - Neyla Dancewear - Neyla Queen - Costumes de danse du ventre\",\"isPartOf\":{\"@id\":\"https:\\\/\\\/neylaropadedanza.com\\\/#website\"},\"primaryImageOfPage\":{\"@id\":\"https:\\\/\\\/neylaropadedanza.es\\\/fr\\\/product\\\/aura\\\/#primaryimage\"},\"image\":{\"@id\":\"https:\\\/\\\/neylaropadedanza.es\\\/fr\\\/product\\\/aura\\\/#primaryimage\"},\"thumbnailUrl\":\"https:\\\/\\\/neylaropadedanza.es\\\/wp-content\\\/uploads\\\/2019\\\/12\\\/Ropa-de-Danza-del-Vientre-Ensayo-28.jpg\",\"datePublished\":\"2019-12-29T13:46:12+00:00\",\"dateModified\":\"2019-12-29T14:46:12+00:00\",\"description\":\"Costume Aura : Les costumes Neyla Queen sont des costumes professionnels de danse orientale de grande qualit\u00e9, con\u00e7us et confectionn\u00e9s \u00e0 Barcelone.\",\"breadcrumb\":{\"@id\":\"https:\\\/\\\/neylaropadedanza.es\\\/fr\\\/product\\\/aura\\\/#breadcrumb\"},\"inLanguage\":\"fr-FR\",\"potentialAction\":[{\"@type\":\"ReadAction\",\"target\":[\"https:\\\/\\\/neylaropadedanza.es\\\/fr\\\/product\\\/aura\\\/\"]}]},{\"@type\":\"ImageObject\",\"inLanguage\":\"fr-FR\",\"@id\":\"https:\\\/\\\/neylaropadedanza.es\\\/fr\\\/product\\\/aura\\\/#primaryimage\",\"url\":\"https:\\\/\\\/neylaropadedanza.es\\\/wp-content\\\/uploads\\\/2019\\\/12\\\/Ropa-de-Danza-del-Vientre-Ensayo-28.jpg\",\"contentUrl\":\"https:\\\/\\\/neylaropadedanza.es\\\/wp-content\\\/uploads\\\/2019\\\/12\\\/Ropa-de-Danza-del-Vientre-Ensayo-28.jpg\",\"width\":768,\"height\":1024,\"caption\":\"Danseuse portant le costume professionnel Aura Neyla Queen bleu clair avec broderies dor\u00e9es et cristaux.\"},{\"@type\":\"BreadcrumbList\",\"@id\":\"https:\\\/\\\/neylaropadedanza.es\\\/fr\\\/product\\\/aura\\\/#breadcrumb\",\"itemListElement\":[{\"@type\":\"ListItem\",\"position\":1,\"name\":\"Home\",\"item\":\"https:\\\/\\\/neylaropadedanza.es\\\/fr\\\/\"},{\"@type\":\"ListItem\",\"position\":2,\"name\":\"Produits\",\"item\":\"https:\\\/\\\/neylaropadedanza.es\\\/fr\\\/shop\\\/\"},{\"@type\":\"ListItem\",\"position\":3,\"name\":\"Aura\"}]},{\"@type\":\"WebSite\",\"@id\":\"https:\\\/\\\/neylaropadedanza.com\\\/#website\",\"url\":\"https:\\\/\\\/neylaropadedanza.com\\\/\",\"name\":\"NeylaRopaDeDanza\",\"description\":\"Ropa de Danza del Vientre, danza oriental, trajes, ropa de ensayo y mucho m\u00e1s!\",\"publisher\":{\"@id\":\"https:\\\/\\\/neylaropadedanza.com\\\/#organization\"},\"potentialAction\":[{\"@type\":\"SearchAction\",\"target\":{\"@type\":\"EntryPoint\",\"urlTemplate\":\"https:\\\/\\\/neylaropadedanza.com\\\/?s={search_term_string}\"},\"query-input\":{\"@type\":\"PropertyValueSpecification\",\"valueRequired\":true,\"valueName\":\"search_term_string\"}}],\"inLanguage\":\"fr-FR\"},{\"@type\":\"Organization\",\"@id\":\"https:\\\/\\\/neylaropadedanza.com\\\/#organization\",\"name\":\"NeylaRopaDeDanza\",\"url\":\"https:\\\/\\\/neylaropadedanza.com\\\/\",\"logo\":{\"@type\":\"ImageObject\",\"inLanguage\":\"fr-FR\",\"@id\":\"https:\\\/\\\/neylaropadedanza.com\\\/#\\\/schema\\\/logo\\\/image\\\/\",\"url\":\"https:\\\/\\\/neylaropadedanza.es\\\/wp-content\\\/uploads\\\/2025\\\/04\\\/Neyla-Blanc.webp\",\"contentUrl\":\"https:\\\/\\\/neylaropadedanza.es\\\/wp-content\\\/uploads\\\/2025\\\/04\\\/Neyla-Blanc.webp\",\"width\":1970,\"height\":936,\"caption\":\"NeylaRopaDeDanza\"},\"image\":{\"@id\":\"https:\\\/\\\/neylaropadedanza.com\\\/#\\\/schema\\\/logo\\\/image\\\/\"},\"sameAs\":[\"https:\\\/\\\/www.facebook.com\\\/neyladancewear\\\/\",\"https:\\\/\\\/www.instagram.com\\\/neyladancewear\\\/\",\"https:\\\/\\\/www.youtube.com\\\/channel\\\/UCKlqrANcZD0QqKXzpy4taWA?view_as=subscriber\"]}]}<\/script>\n<!-- \/ Yoast SEO plugin. -->","yoast_head_json":{"title":"Aura - Neyla Dancewear - Neyla Queen - Costumes de danse du ventre","description":"Costume Aura : Les costumes Neyla Queen sont des costumes professionnels de danse orientale de grande qualit\u00e9, con\u00e7us et confectionn\u00e9s \u00e0 Barcelone.","robots":{"index":"index","follow":"follow","max-snippet":"max-snippet:-1","max-image-preview":"max-image-preview:large","max-video-preview":"max-video-preview:-1"},"canonical":"https:\/\/neylaropadedanza.es\/fr\/product\/aura\/","og_locale":"fr_FR","og_type":"article","og_title":"Aura - Neyla Dancewear - Neyla Queen - Costumes de danse du ventre","og_description":"Costume Aura : Les costumes Neyla Queen sont des costumes professionnels de danse orientale de grande qualit\u00e9, con\u00e7us et confectionn\u00e9s \u00e0 Barcelone.","og_url":"https:\/\/neylaropadedanza.es\/fr\/product\/aura\/","og_site_name":"Neyla Dancewear","article_publisher":"https:\/\/www.facebook.com\/neyladancewear\/","article_modified_time":"2019-12-29T14:46:12+00:00","og_image":[{"width":768,"height":1024,"url":"https:\/\/neylaropadedanza.com\/wp-content\/uploads\/2019\/12\/Ropa-de-Danza-del-Vientre-Ensayo-28.jpg","type":"image\/jpeg"}],"twitter_card":"summary_large_image","twitter_misc":{"Dur\u00e9e de lecture estim\u00e9e":"1 minute"},"schema":{"@context":"https:\/\/schema.org","@graph":[{"@type":"WebPage","@id":"https:\/\/neylaropadedanza.es\/fr\/product\/aura\/","url":"https:\/\/neylaropadedanza.es\/fr\/product\/aura\/","name":"Aura - Neyla Dancewear - Neyla Queen - Costumes de danse du ventre","isPartOf":{"@id":"https:\/\/neylaropadedanza.com\/#website"},"primaryImageOfPage":{"@id":"https:\/\/neylaropadedanza.es\/fr\/product\/aura\/#primaryimage"},"image":{"@id":"https:\/\/neylaropadedanza.es\/fr\/product\/aura\/#primaryimage"},"thumbnailUrl":"https:\/\/neylaropadedanza.es\/wp-content\/uploads\/2019\/12\/Ropa-de-Danza-del-Vientre-Ensayo-28.jpg","datePublished":"2019-12-29T13:46:12+00:00","dateModified":"2019-12-29T14:46:12+00:00","description":"Costume Aura : Les costumes Neyla Queen sont des costumes professionnels de danse orientale de grande qualit\u00e9, con\u00e7us et confectionn\u00e9s \u00e0 Barcelone.","breadcrumb":{"@id":"https:\/\/neylaropadedanza.es\/fr\/product\/aura\/#breadcrumb"},"inLanguage":"fr-FR","potentialAction":[{"@type":"ReadAction","target":["https:\/\/neylaropadedanza.es\/fr\/product\/aura\/"]}]},{"@type":"ImageObject","inLanguage":"fr-FR","@id":"https:\/\/neylaropadedanza.es\/fr\/product\/aura\/#primaryimage","url":"https:\/\/neylaropadedanza.es\/wp-content\/uploads\/2019\/12\/Ropa-de-Danza-del-Vientre-Ensayo-28.jpg","contentUrl":"https:\/\/neylaropadedanza.es\/wp-content\/uploads\/2019\/12\/Ropa-de-Danza-del-Vientre-Ensayo-28.jpg","width":768,"height":1024,"caption":"Danseuse portant le costume professionnel Aura Neyla Queen bleu clair avec broderies dor\u00e9es et cristaux."},{"@type":"BreadcrumbList","@id":"https:\/\/neylaropadedanza.es\/fr\/product\/aura\/#breadcrumb","itemListElement":[{"@type":"ListItem","position":1,"name":"Home","item":"https:\/\/neylaropadedanza.es\/fr\/"},{"@type":"ListItem","position":2,"name":"Produits","item":"https:\/\/neylaropadedanza.es\/fr\/shop\/"},{"@type":"ListItem","position":3,"name":"Aura"}]},{"@type":"WebSite","@id":"https:\/\/neylaropadedanza.com\/#website","url":"https:\/\/neylaropadedanza.com\/","name":"NeylaRopaDeDanza","description":"Ropa de Danza del Vientre, danza oriental, trajes, ropa de ensayo y mucho m\u00e1s!","publisher":{"@id":"https:\/\/neylaropadedanza.com\/#organization"},"potentialAction":[{"@type":"SearchAction","target":{"@type":"EntryPoint","urlTemplate":"https:\/\/neylaropadedanza.com\/?s={search_term_string}"},"query-input":{"@type":"PropertyValueSpecification","valueRequired":true,"valueName":"search_term_string"}}],"inLanguage":"fr-FR"},{"@type":"Organization","@id":"https:\/\/neylaropadedanza.com\/#organization","name":"NeylaRopaDeDanza","url":"https:\/\/neylaropadedanza.com\/","logo":{"@type":"ImageObject","inLanguage":"fr-FR","@id":"https:\/\/neylaropadedanza.com\/#\/schema\/logo\/image\/","url":"https:\/\/neylaropadedanza.es\/wp-content\/uploads\/2025\/04\/Neyla-Blanc.webp","contentUrl":"https:\/\/neylaropadedanza.es\/wp-content\/uploads\/2025\/04\/Neyla-Blanc.webp","width":1970,"height":936,"caption":"NeylaRopaDeDanza"},"image":{"@id":"https:\/\/neylaropadedanza.com\/#\/schema\/logo\/image\/"},"sameAs":["https:\/\/www.facebook.com\/neyladancewear\/","https:\/\/www.instagram.com\/neyladancewear\/","https:\/\/www.youtube.com\/channel\/UCKlqrANcZD0QqKXzpy4taWA?view_as=subscriber"]}]}},"_links":{"self":[{"href":"https:\/\/neylaropadedanza.es\/fr\/wp-json\/wp\/v2\/product\/19299","targetHints":{"allow":["GET"]}}],"collection":[{"href":"https:\/\/neylaropadedanza.es\/fr\/wp-json\/wp\/v2\/product"}],"about":[{"href":"https:\/\/neylaropadedanza.es\/fr\/wp-json\/wp\/v2\/types\/product"}],"replies":[{"embeddable":true,"href":"https:\/\/neylaropadedanza.es\/fr\/wp-json\/wp\/v2\/comments?post=19299"}],"version-history":[{"count":0,"href":"https:\/\/neylaropadedanza.es\/fr\/wp-json\/wp\/v2\/product\/19299\/revisions"}],"wp:featuredmedia":[{"embeddable":true,"href":"https:\/\/neylaropadedanza.es\/fr\/wp-json\/wp\/v2\/media\/17724"}],"wp:attachment":[{"href":"https:\/\/neylaropadedanza.es\/fr\/wp-json\/wp\/v2\/media?parent=19299"}],"wp:term":[{"taxonomy":"product_brand","embeddable":true,"href":"https:\/\/neylaropadedanza.es\/fr\/wp-json\/wp\/v2\/product_brand?post=19299"},{"taxonomy":"product_cat","embeddable":true,"href":"https:\/\/neylaropadedanza.es\/fr\/wp-json\/wp\/v2\/product_cat?post=19299"},{"taxonomy":"product_tag","embeddable":true,"href":"https:\/\/neylaropadedanza.es\/fr\/wp-json\/wp\/v2\/product_tag?post=19299"}],"curies":[{"name":"wp","href":"https:\/\/api.w.org\/{rel}","templated":true}]}}