{"id":19295,"date":"2019-12-29T18:03:38","date_gmt":"2019-12-29T18:03:38","guid":{"rendered":"https:\/\/neylaropadedanza.es\/product\/daenerys\/"},"modified":"2019-12-29T18:03:38","modified_gmt":"2019-12-29T18:03:38","slug":"daenerys","status":"publish","type":"product","link":"https:\/\/neylaropadedanza.es\/fr\/product\/daenerys\/","title":{"rendered":"Daenerys"},"content":{"rendered":"<h2 data-start=\"168\" data-end=\"248\"><strong data-start=\"168\" data-end=\"248\">Costume Professionnel Daenerys \u2013 Puissance et \u00c9l\u00e9gance pour Dominer la Sc\u00e8ne \ud83d\udc51\u2728<\/strong><\/h2>\n<p data-start=\"250\" data-end=\"585\">Le costume<strong data-start=\"259\" data-end=\"271\"> Daenerys<\/strong> de Neyla Queen est un v\u00e9ritable bijou de la danse orientale, con\u00e7u pour la danseuse qui veut \u00e9blouir \u00e0 chaque mouvement. Cet ensemble est fabriqu\u00e9 \u00e0 la main \u00e0 Barcelone avec des mat\u00e9riaux de haute qualit\u00e9, alliant design, confort et sophistication pour que vous brilliez sur sc\u00e8ne comme jamais auparavant. <\/p>\n<p data-start=\"587\" data-end=\"935\">Le soutien-gorge, inspir\u00e9 du style traditionnel \u00e9gyptien coco, pr\u00e9sente des formes ondul\u00e9es et est doubl\u00e9 de lycra brillant imprim\u00e9, ajoutant une touche moderne et audacieuse. Le bol\u00e9ro incorpor\u00e9, avec des manches en tulle \u00e9lastique iris\u00e9 jusqu\u2019au coude, apporte \u00e9l\u00e9gance et mouvement, tandis que le collier d\u00e9coratif rehausse l\u2019ensemble avec un style exclusif. <\/p>\n<p data-start=\"937\" data-end=\"1445\">La jupe, con\u00e7ue en une seule pi\u00e8ce avec une forme sir\u00e8ne, est un spectacle visuel. La partie sup\u00e9rieure, jusqu\u2019aux genoux, est en lycra brillant imprim\u00e9 et finie en pointes, avec deux \u00e9l\u00e9gantes fentes sur la jambe droite pour faciliter la mobilit\u00e9 et apporter de la sensualit\u00e9. La partie inf\u00e9rieure d\u00e9ploie un volant spectaculaire avec deux couches : satin vert fonc\u00e9 avec crinoline sur le pourtour de l\u2019ourlet et tulle \u00e9lastique iris\u00e9 fini en pointes, cr\u00e9ant une silhouette dynamique et gracieuse.  <\/p>\n<p data-start=\"1447\" data-end=\"1701\">Au centre de la jupe, une ceinture de bijoux d\u00e9core la taille, orn\u00e9e de strass et de paillettes dans des tons verts, turquoise, aigue-marine, fuchsia, aurore bor\u00e9ale et miroirs, captant la lumi\u00e8re et faisant de chaque tour un \u00e9clat de magie.<\/p>\n<h3 data-start=\"1703\" data-end=\"1731\">\ud83c\udfaf <strong data-start=\"1706\" data-end=\"1729\">Tailles disponibles :<\/strong><\/h3>\n<ul data-start=\"1732\" data-end=\"1778\">\n<li data-start=\"1732\" data-end=\"1752\">\n<p data-start=\"1734\" data-end=\"1752\">Soutien-gorge : 85-95<\/p>\n<\/li>\n<li data-start=\"1753\" data-end=\"1778\">\n<p data-start=\"1755\" data-end=\"1778\">Pantalon\/jupe : 36-42<\/p>\n<\/li>\n<\/ul>\n<p data-start=\"1780\" data-end=\"2134\">\u00c9tant une pi\u00e8ce faite \u00e0 la main, nous pouvons l\u2019ajuster \u00e0 vos mesures pour un ajustement parfait. Une fois votre achat finalis\u00e9, vous pouvez nous envoyer vos mesures via la section \u201cnotes de commande\u201d ou directement par email \u00e0<a class=\"cursor-pointer\" rel=\"noopener\" data-start=\"2019\" data-end=\"2056\"> atencionalcliente@neylaropadedanza.es. <\/a>Ainsi, votre costume arrivera pr\u00eat \u00e0 \u00eatre port\u00e9 pour que vous puissiez briller !  <\/p>\n<h3 data-start=\"2141\" data-end=\"2453\"><strong data-start=\"2141\" data-end=\"2205\">NEYLA QUEEN \u2013 Costumes professionnels pour danseuses exigeantes<\/strong><\/h3>\n<p data-start=\"2141\" data-end=\"2453\"><br data-start=\"2205\" data-end=\"2208\">La ligne<strong data-start=\"2217\" data-end=\"2232\"> Neyla Queen<\/strong> repr\u00e9sente l\u2019excellence des costumes professionnels de danse orientale. Con\u00e7us et fabriqu\u00e9s \u00e0 Barcelone, ils allient qualit\u00e9, design et prix juste, toujours dans le souci de la satisfaction maximale de nos clientes. <\/p>\n<p data-start=\"2455\" data-end=\"2554\">Choisissez votre costume Neyla Queen et conqu\u00e9rissez la sc\u00e8ne avec force, style et personnalit\u00e9 unique \ud83d\udc51\ud83d\udd25.<\/p>\n","protected":false},"excerpt":{"rendered":"<p>Le costume Daenerys en mouvement :<\/p>\n<p>https:\/\/youtu.be\/GqkJ6uZIAs0<\/p>\n","protected":false},"featured_media":17772,"comment_status":"open","ping_status":"closed","template":"","meta":{"content-type":"","_monsterinsights_skip_tracking":false,"_monsterinsights_sitenote_active":false,"_monsterinsights_sitenote_note":"","_monsterinsights_sitenote_category":0,"_uf_show_specific_survey":0,"_uf_disable_surveys":false},"product_brand":[],"product_cat":[985,991],"product_tag":[1030,1046,1359,1355,1120,1403,1194,1154,994,1240,1068,1371,1385,1307,1305],"class_list":{"0":"post-19295","1":"product","2":"type-product","3":"status-publish","4":"has-post-thumbnail","6":"product_cat-costumes-fr","7":"product_cat-neyla-queen","8":"product_tag-aigue-marine-fr","9":"product_tag-aurore-boreale","10":"product_tag-costume-de-danse-du-ventre","11":"product_tag-costume-professionnel-de-danse-du-ventre-fr","12":"product_tag-danse-du-ventre","13":"product_tag-danse-orientale","14":"product_tag-fuchsia-fr","15":"product_tag-miroirs","16":"product_tag-neyla-dancewear-fr","17":"product_tag-neyla-queen-fr","18":"product_tag-strass-fr","19":"product_tag-turquoise-fr","20":"product_tag-vert","21":"product_tag-vetements-dentrainement","22":"product_tag-vetements-de-danse-du-ventre-fr","24":"first","25":"instock","26":"sale","27":"taxable","28":"shipping-taxable","29":"purchasable","30":"product-type-simple","31":"add-to-wishlist-after_add_to_cart"},"yoast_head":"<!-- This site is optimized with the Yoast SEO plugin v26.6 - https:\/\/yoast.com\/wordpress\/plugins\/seo\/ -->\n<title>Daenerys - Neyla Dancewear - Neyla Queen - Costume de danse du ventre<\/title>\n<meta name=\"description\" content=\"Costume Daenerys : Les costumes Neyla Queen sont des costumes professionnels de danse orientale de grande qualit\u00e9, con\u00e7us et confectionn\u00e9s \u00e0 Barcelone.\" \/>\n<meta name=\"robots\" content=\"index, follow, max-snippet:-1, max-image-preview:large, max-video-preview:-1\" \/>\n<link rel=\"canonical\" href=\"https:\/\/neylaropadedanza.es\/fr\/product\/daenerys\/\" \/>\n<meta property=\"og:locale\" content=\"fr_FR\" \/>\n<meta property=\"og:type\" content=\"article\" \/>\n<meta property=\"og:title\" content=\"Daenerys - Neyla Dancewear - Neyla Queen - Costume de danse du ventre\" \/>\n<meta property=\"og:description\" content=\"Costume Daenerys : Les costumes Neyla Queen sont des costumes professionnels de danse orientale de grande qualit\u00e9, con\u00e7us et confectionn\u00e9s \u00e0 Barcelone.\" \/>\n<meta property=\"og:url\" content=\"https:\/\/neylaropadedanza.es\/fr\/product\/daenerys\/\" \/>\n<meta property=\"og:site_name\" content=\"Neyla Dancewear\" \/>\n<meta property=\"article:publisher\" content=\"https:\/\/www.facebook.com\/neyladancewear\/\" \/>\n<meta property=\"og:image\" content=\"https:\/\/neylaropadedanza.com\/wp-content\/uploads\/2019\/12\/Ropa-de-Danza-del-Vientre-Ensayo-52.jpg\" \/>\n\t<meta property=\"og:image:width\" content=\"817\" \/>\n\t<meta property=\"og:image:height\" content=\"1024\" \/>\n\t<meta property=\"og:image:type\" content=\"image\/jpeg\" \/>\n<meta name=\"twitter:card\" content=\"summary_large_image\" \/>\n<meta name=\"twitter:label1\" content=\"Dur\u00e9e de lecture estim\u00e9e\" \/>\n\t<meta name=\"twitter:data1\" content=\"2 minutes\" \/>\n<script type=\"application\/ld+json\" class=\"yoast-schema-graph\">{\"@context\":\"https:\/\/schema.org\",\"@graph\":[{\"@type\":\"WebPage\",\"@id\":\"https:\/\/neylaropadedanza.es\/fr\/product\/daenerys\/\",\"url\":\"https:\/\/neylaropadedanza.es\/fr\/product\/daenerys\/\",\"name\":\"Daenerys - Neyla Dancewear - Neyla Queen - Costume de danse du ventre\",\"isPartOf\":{\"@id\":\"https:\/\/neylaropadedanza.com\/#website\"},\"primaryImageOfPage\":{\"@id\":\"https:\/\/neylaropadedanza.es\/fr\/product\/daenerys\/#primaryimage\"},\"image\":{\"@id\":\"https:\/\/neylaropadedanza.es\/fr\/product\/daenerys\/#primaryimage\"},\"thumbnailUrl\":\"https:\/\/neylaropadedanza.es\/wp-content\/uploads\/2019\/12\/Ropa-de-Danza-del-Vientre-Ensayo-52.jpg\",\"datePublished\":\"2019-12-29T18:03:38+00:00\",\"description\":\"Costume Daenerys : Les costumes Neyla Queen sont des costumes professionnels de danse orientale de grande qualit\u00e9, con\u00e7us et confectionn\u00e9s \u00e0 Barcelone.\",\"breadcrumb\":{\"@id\":\"https:\/\/neylaropadedanza.es\/fr\/product\/daenerys\/#breadcrumb\"},\"inLanguage\":\"fr-FR\",\"potentialAction\":[{\"@type\":\"ReadAction\",\"target\":[\"https:\/\/neylaropadedanza.es\/fr\/product\/daenerys\/\"]}]},{\"@type\":\"ImageObject\",\"inLanguage\":\"fr-FR\",\"@id\":\"https:\/\/neylaropadedanza.es\/fr\/product\/daenerys\/#primaryimage\",\"url\":\"https:\/\/neylaropadedanza.es\/wp-content\/uploads\/2019\/12\/Ropa-de-Danza-del-Vientre-Ensayo-52.jpg\",\"contentUrl\":\"https:\/\/neylaropadedanza.es\/wp-content\/uploads\/2019\/12\/Ropa-de-Danza-del-Vientre-Ensayo-52.jpg\",\"width\":817,\"height\":1024,\"caption\":\"Danseuse portant le costume professionnel Daenerys Neyla Queen en lycra vert brillant avec ceinture orn\u00e9e de bijoux.\"},{\"@type\":\"BreadcrumbList\",\"@id\":\"https:\/\/neylaropadedanza.es\/fr\/product\/daenerys\/#breadcrumb\",\"itemListElement\":[{\"@type\":\"ListItem\",\"position\":1,\"name\":\"Home\",\"item\":\"https:\/\/neylaropadedanza.es\/fr\/\"},{\"@type\":\"ListItem\",\"position\":2,\"name\":\"Produits\",\"item\":\"https:\/\/neylaropadedanza.es\/fr\/shop\/\"},{\"@type\":\"ListItem\",\"position\":3,\"name\":\"Daenerys\"}]},{\"@type\":\"WebSite\",\"@id\":\"https:\/\/neylaropadedanza.com\/#website\",\"url\":\"https:\/\/neylaropadedanza.com\/\",\"name\":\"NeylaRopaDeDanza\",\"description\":\"Ropa de Danza del Vientre, danza oriental, trajes, ropa de ensayo y mucho m\u00e1s!\",\"publisher\":{\"@id\":\"https:\/\/neylaropadedanza.com\/#organization\"},\"potentialAction\":[{\"@type\":\"SearchAction\",\"target\":{\"@type\":\"EntryPoint\",\"urlTemplate\":\"https:\/\/neylaropadedanza.com\/?s={search_term_string}\"},\"query-input\":{\"@type\":\"PropertyValueSpecification\",\"valueRequired\":true,\"valueName\":\"search_term_string\"}}],\"inLanguage\":\"fr-FR\"},{\"@type\":\"Organization\",\"@id\":\"https:\/\/neylaropadedanza.com\/#organization\",\"name\":\"NeylaRopaDeDanza\",\"url\":\"https:\/\/neylaropadedanza.com\/\",\"logo\":{\"@type\":\"ImageObject\",\"inLanguage\":\"fr-FR\",\"@id\":\"https:\/\/neylaropadedanza.com\/#\/schema\/logo\/image\/\",\"url\":\"https:\/\/neylaropadedanza.es\/wp-content\/uploads\/2025\/04\/Neyla-Blanc.webp\",\"contentUrl\":\"https:\/\/neylaropadedanza.es\/wp-content\/uploads\/2025\/04\/Neyla-Blanc.webp\",\"width\":1970,\"height\":936,\"caption\":\"NeylaRopaDeDanza\"},\"image\":{\"@id\":\"https:\/\/neylaropadedanza.com\/#\/schema\/logo\/image\/\"},\"sameAs\":[\"https:\/\/www.facebook.com\/neyladancewear\/\",\"https:\/\/www.instagram.com\/neyladancewear\/\",\"https:\/\/www.youtube.com\/channel\/UCKlqrANcZD0QqKXzpy4taWA?view_as=subscriber\"]}]}<\/script>\n<!-- \/ Yoast SEO plugin. -->","yoast_head_json":{"title":"Daenerys - Neyla Dancewear - Neyla Queen - Costume de danse du ventre","description":"Costume Daenerys : Les costumes Neyla Queen sont des costumes professionnels de danse orientale de grande qualit\u00e9, con\u00e7us et confectionn\u00e9s \u00e0 Barcelone.","robots":{"index":"index","follow":"follow","max-snippet":"max-snippet:-1","max-image-preview":"max-image-preview:large","max-video-preview":"max-video-preview:-1"},"canonical":"https:\/\/neylaropadedanza.es\/fr\/product\/daenerys\/","og_locale":"fr_FR","og_type":"article","og_title":"Daenerys - Neyla Dancewear - Neyla Queen - Costume de danse du ventre","og_description":"Costume Daenerys : Les costumes Neyla Queen sont des costumes professionnels de danse orientale de grande qualit\u00e9, con\u00e7us et confectionn\u00e9s \u00e0 Barcelone.","og_url":"https:\/\/neylaropadedanza.es\/fr\/product\/daenerys\/","og_site_name":"Neyla Dancewear","article_publisher":"https:\/\/www.facebook.com\/neyladancewear\/","og_image":[{"width":817,"height":1024,"url":"https:\/\/neylaropadedanza.com\/wp-content\/uploads\/2019\/12\/Ropa-de-Danza-del-Vientre-Ensayo-52.jpg","type":"image\/jpeg"}],"twitter_card":"summary_large_image","twitter_misc":{"Dur\u00e9e de lecture estim\u00e9e":"2 minutes"},"schema":{"@context":"https:\/\/schema.org","@graph":[{"@type":"WebPage","@id":"https:\/\/neylaropadedanza.es\/fr\/product\/daenerys\/","url":"https:\/\/neylaropadedanza.es\/fr\/product\/daenerys\/","name":"Daenerys - Neyla Dancewear - Neyla Queen - Costume de danse du ventre","isPartOf":{"@id":"https:\/\/neylaropadedanza.com\/#website"},"primaryImageOfPage":{"@id":"https:\/\/neylaropadedanza.es\/fr\/product\/daenerys\/#primaryimage"},"image":{"@id":"https:\/\/neylaropadedanza.es\/fr\/product\/daenerys\/#primaryimage"},"thumbnailUrl":"https:\/\/neylaropadedanza.es\/wp-content\/uploads\/2019\/12\/Ropa-de-Danza-del-Vientre-Ensayo-52.jpg","datePublished":"2019-12-29T18:03:38+00:00","description":"Costume Daenerys : Les costumes Neyla Queen sont des costumes professionnels de danse orientale de grande qualit\u00e9, con\u00e7us et confectionn\u00e9s \u00e0 Barcelone.","breadcrumb":{"@id":"https:\/\/neylaropadedanza.es\/fr\/product\/daenerys\/#breadcrumb"},"inLanguage":"fr-FR","potentialAction":[{"@type":"ReadAction","target":["https:\/\/neylaropadedanza.es\/fr\/product\/daenerys\/"]}]},{"@type":"ImageObject","inLanguage":"fr-FR","@id":"https:\/\/neylaropadedanza.es\/fr\/product\/daenerys\/#primaryimage","url":"https:\/\/neylaropadedanza.es\/wp-content\/uploads\/2019\/12\/Ropa-de-Danza-del-Vientre-Ensayo-52.jpg","contentUrl":"https:\/\/neylaropadedanza.es\/wp-content\/uploads\/2019\/12\/Ropa-de-Danza-del-Vientre-Ensayo-52.jpg","width":817,"height":1024,"caption":"Danseuse portant le costume professionnel Daenerys Neyla Queen en lycra vert brillant avec ceinture orn\u00e9e de bijoux."},{"@type":"BreadcrumbList","@id":"https:\/\/neylaropadedanza.es\/fr\/product\/daenerys\/#breadcrumb","itemListElement":[{"@type":"ListItem","position":1,"name":"Home","item":"https:\/\/neylaropadedanza.es\/fr\/"},{"@type":"ListItem","position":2,"name":"Produits","item":"https:\/\/neylaropadedanza.es\/fr\/shop\/"},{"@type":"ListItem","position":3,"name":"Daenerys"}]},{"@type":"WebSite","@id":"https:\/\/neylaropadedanza.com\/#website","url":"https:\/\/neylaropadedanza.com\/","name":"NeylaRopaDeDanza","description":"Ropa de Danza del Vientre, danza oriental, trajes, ropa de ensayo y mucho m\u00e1s!","publisher":{"@id":"https:\/\/neylaropadedanza.com\/#organization"},"potentialAction":[{"@type":"SearchAction","target":{"@type":"EntryPoint","urlTemplate":"https:\/\/neylaropadedanza.com\/?s={search_term_string}"},"query-input":{"@type":"PropertyValueSpecification","valueRequired":true,"valueName":"search_term_string"}}],"inLanguage":"fr-FR"},{"@type":"Organization","@id":"https:\/\/neylaropadedanza.com\/#organization","name":"NeylaRopaDeDanza","url":"https:\/\/neylaropadedanza.com\/","logo":{"@type":"ImageObject","inLanguage":"fr-FR","@id":"https:\/\/neylaropadedanza.com\/#\/schema\/logo\/image\/","url":"https:\/\/neylaropadedanza.es\/wp-content\/uploads\/2025\/04\/Neyla-Blanc.webp","contentUrl":"https:\/\/neylaropadedanza.es\/wp-content\/uploads\/2025\/04\/Neyla-Blanc.webp","width":1970,"height":936,"caption":"NeylaRopaDeDanza"},"image":{"@id":"https:\/\/neylaropadedanza.com\/#\/schema\/logo\/image\/"},"sameAs":["https:\/\/www.facebook.com\/neyladancewear\/","https:\/\/www.instagram.com\/neyladancewear\/","https:\/\/www.youtube.com\/channel\/UCKlqrANcZD0QqKXzpy4taWA?view_as=subscriber"]}]}},"_links":{"self":[{"href":"https:\/\/neylaropadedanza.es\/fr\/wp-json\/wp\/v2\/product\/19295","targetHints":{"allow":["GET"]}}],"collection":[{"href":"https:\/\/neylaropadedanza.es\/fr\/wp-json\/wp\/v2\/product"}],"about":[{"href":"https:\/\/neylaropadedanza.es\/fr\/wp-json\/wp\/v2\/types\/product"}],"replies":[{"embeddable":true,"href":"https:\/\/neylaropadedanza.es\/fr\/wp-json\/wp\/v2\/comments?post=19295"}],"version-history":[{"count":0,"href":"https:\/\/neylaropadedanza.es\/fr\/wp-json\/wp\/v2\/product\/19295\/revisions"}],"wp:featuredmedia":[{"embeddable":true,"href":"https:\/\/neylaropadedanza.es\/fr\/wp-json\/wp\/v2\/media\/17772"}],"wp:attachment":[{"href":"https:\/\/neylaropadedanza.es\/fr\/wp-json\/wp\/v2\/media?parent=19295"}],"wp:term":[{"taxonomy":"product_brand","embeddable":true,"href":"https:\/\/neylaropadedanza.es\/fr\/wp-json\/wp\/v2\/product_brand?post=19295"},{"taxonomy":"product_cat","embeddable":true,"href":"https:\/\/neylaropadedanza.es\/fr\/wp-json\/wp\/v2\/product_cat?post=19295"},{"taxonomy":"product_tag","embeddable":true,"href":"https:\/\/neylaropadedanza.es\/fr\/wp-json\/wp\/v2\/product_tag?post=19295"}],"curies":[{"name":"wp","href":"https:\/\/api.w.org\/{rel}","templated":true}]}}