{"id":19283,"date":"2020-01-04T20:36:28","date_gmt":"2020-01-04T19:36:28","guid":{"rendered":"https:\/\/neylaropadedanza.es\/product\/voile-en-soie-flamenco\/"},"modified":"2020-01-04T20:36:28","modified_gmt":"2020-01-04T20:36:28","slug":"voile-en-soie-flamenco","status":"publish","type":"product","link":"https:\/\/neylaropadedanza.es\/fr\/product\/voile-en-soie-flamenco\/","title":{"rendered":"Voile en Soie Flamenco"},"content":{"rendered":"<p data-start=\"205\" data-end=\"268\"><strong data-start=\"205\" data-end=\"268\">Voile en Soie Flamenco \u2013 \u00c9l\u00e9gance et Art \u00e0 Chaque Mouvement<\/strong><\/p>\n<p data-start=\"270\" data-end=\"600\">Faites la diff\u00e9rence dans vos performances avec les voiles en soie peints \u00e0 la main exclusifs de Neyla Dancewear. Le voile en soie Flamenco pr\u00e9sente un design unique et d\u00e9licat, soulign\u00e9 par des pois noirs et une magnifique rose rouge peinte sur le c\u00f4t\u00e9. Un accessoire visuellement frappant, \u00e9l\u00e9gant et expressif.  <\/p>\n<p data-start=\"602\" data-end=\"941\">Chez Neyla Dancewear, nous s\u00e9lectionnons soigneusement la meilleure soie pour cr\u00e9er ces voiles peints \u00e0 la main, garantissant la plus haute qualit\u00e9 et le meilleur rapport qualit\u00e9-prix du march\u00e9. Chaque pi\u00e8ce refl\u00e8te la ma\u00eetrise d\u2019une artiste locale espagnole avec laquelle nous avons l\u2019honneur de collaborer, qui signe chaque voile pour pr\u00e9server et valoriser son \u0153uvre. <\/p>\n<p data-start=\"943\" data-end=\"1135\">Cette artiste cr\u00e9e non seulement ces voiles exclusifs pour la danse orientale, mais aussi des foulards, des v\u00eatements et des jupes, que vous pouvez d\u00e9couvrir et admirer en visitant son portfolio.<\/p>\n<p data-start=\"1137\" data-end=\"1273\">Nous disposons actuellement des derni\u00e8res unit\u00e9s de ces voiles uniques, disponibles en plusieurs tailles standards pour r\u00e9pondre \u00e0 tous vos besoins :<\/p>\n<ul data-start=\"1275\" data-end=\"1382\">\n<li data-start=\"1275\" data-end=\"1307\">\n<p data-start=\"1277\" data-end=\"1307\">Taille moyenne standard : 250 x 114 cm<\/p>\n<\/li>\n<\/ul>\n<p data-start=\"1384\" data-end=\"1519\">Profitez de cette derni\u00e8re occasion pour acqu\u00e9rir une \u0153uvre d\u2019art fonctionnelle qui sublimera vos mouvements et votre style.<\/p>\n<p data-start=\"1521\" data-end=\"1692\">Pour toute question ou information compl\u00e9mentaire, contactez-nous \u00e0 <a class=\"cursor-pointer\" rel=\"noopener\" data-start=\"1620\" data-end=\"1657\">atencionalcliente@neylaropadedanza.es<\/a> ou via notre formulaire de contact sur le site web.<\/p>\n","protected":false},"excerpt":{"rendered":"<p>Voile en Soie Flamenco \u2013 \u00c9l\u00e9gance et Art \u00e0 Chaque Mouvement Faites la diff\u00e9rence dans vos performances avec les voiles en soie peints \u00e0 la main exclusifs de Neyla Dancewear. Le voile en soie Flamenco pr\u00e9sente un design unique et d\u00e9licat, soulign\u00e9 par des pois noirs et une magnifique rose rouge peinte sur le c\u00f4t\u00e9. [&hellip;]<\/p>\n","protected":false},"featured_media":17642,"comment_status":"open","ping_status":"closed","template":"","meta":{"content-type":"","_monsterinsights_skip_tracking":false,"_monsterinsights_sitenote_active":false,"_monsterinsights_sitenote_note":"","_monsterinsights_sitenote_category":0,"_uf_show_specific_survey":0,"_uf_disable_surveys":false},"product_brand":[],"product_cat":[950,963],"product_tag":[1120,1403,1187,1253,1333,1311,1287,1317,1307,1305,1377,1379],"class_list":{"0":"post-19283","1":"product","2":"type-product","3":"status-publish","4":"has-post-thumbnail","6":"product_cat-accessoires","7":"product_cat-voiles-en-soie-peints-a-la-main","8":"product_tag-danse-du-ventre","9":"product_tag-danse-orientale","10":"product_tag-flamenco-fr","11":"product_tag-noir","12":"product_tag-pois-fr","13":"product_tag-rose","14":"product_tag-rouge","15":"product_tag-soie","16":"product_tag-vetements-dentrainement","17":"product_tag-vetements-de-danse-du-ventre-fr","18":"product_tag-voile","19":"product_tag-voile-en-soie","20":"product_shipping_class-standard-fr","22":"first","23":"outofstock","24":"sale","25":"taxable","26":"shipping-taxable","27":"purchasable","28":"product-type-simple","29":"add-to-wishlist-after_add_to_cart"},"yoast_head":"<!-- This site is optimized with the Yoast SEO plugin v26.6 - https:\/\/yoast.com\/wordpress\/plugins\/seo\/ -->\n<title>Voile en Soie Flamenco - Neyla Dancewear - Accessoires de danse orientale<\/title>\n<meta name=\"description\" content=\"\u00c0 partir de maintenant, vous ferez la diff\u00e9rence avec les voiles de soie peints \u00e0 la main de Neyla Dancewear. Le voile de soie flamenco est un vrai plaisir de design.\" \/>\n<meta name=\"robots\" content=\"index, follow, max-snippet:-1, max-image-preview:large, max-video-preview:-1\" \/>\n<link rel=\"canonical\" href=\"https:\/\/neylaropadedanza.es\/fr\/product\/voile-en-soie-flamenco\/\" \/>\n<meta property=\"og:locale\" content=\"fr_FR\" \/>\n<meta property=\"og:type\" content=\"article\" \/>\n<meta property=\"og:title\" content=\"Voile en Soie Flamenco - Neyla Dancewear - Accessoires de danse orientale\" \/>\n<meta property=\"og:description\" content=\"\u00c0 partir de maintenant, vous ferez la diff\u00e9rence avec les voiles de soie peints \u00e0 la main de Neyla Dancewear. Le voile de soie flamenco est un vrai plaisir de design.\" \/>\n<meta property=\"og:url\" content=\"https:\/\/neylaropadedanza.es\/fr\/product\/voile-en-soie-flamenco\/\" \/>\n<meta property=\"og:site_name\" content=\"Neyla Dancewear\" \/>\n<meta property=\"article:publisher\" content=\"https:\/\/www.facebook.com\/neyladancewear\/\" \/>\n<meta property=\"article:modified_time\" content=\"2020-01-04T20:36:28+00:00\" \/>\n<meta property=\"og:image\" content=\"https:\/\/neylaropadedanza.com\/wp-content\/uploads\/2019\/12\/Ropa-danza-vientre-166.jpg\" \/>\n\t<meta property=\"og:image:width\" content=\"1024\" \/>\n\t<meta property=\"og:image:height\" content=\"544\" \/>\n\t<meta property=\"og:image:type\" content=\"image\/jpeg\" \/>\n<meta name=\"twitter:card\" content=\"summary_large_image\" \/>\n<meta name=\"twitter:label1\" content=\"Dur\u00e9e de lecture estim\u00e9e\" \/>\n\t<meta name=\"twitter:data1\" content=\"1 minute\" \/>\n<script type=\"application\/ld+json\" class=\"yoast-schema-graph\">{\"@context\":\"https:\/\/schema.org\",\"@graph\":[{\"@type\":\"WebPage\",\"@id\":\"https:\/\/neylaropadedanza.es\/fr\/product\/voile-en-soie-flamenco\/\",\"url\":\"https:\/\/neylaropadedanza.es\/fr\/product\/voile-en-soie-flamenco\/\",\"name\":\"Voile en Soie Flamenco - Neyla Dancewear - Accessoires de danse orientale\",\"isPartOf\":{\"@id\":\"https:\/\/neylaropadedanza.com\/#website\"},\"primaryImageOfPage\":{\"@id\":\"https:\/\/neylaropadedanza.es\/fr\/product\/voile-en-soie-flamenco\/#primaryimage\"},\"image\":{\"@id\":\"https:\/\/neylaropadedanza.es\/fr\/product\/voile-en-soie-flamenco\/#primaryimage\"},\"thumbnailUrl\":\"https:\/\/neylaropadedanza.es\/wp-content\/uploads\/2019\/12\/Ropa-danza-vientre-166.jpg\",\"datePublished\":\"2020-01-04T19:36:28+00:00\",\"dateModified\":\"2020-01-04T20:36:28+00:00\",\"description\":\"\u00c0 partir de maintenant, vous ferez la diff\u00e9rence avec les voiles de soie peints \u00e0 la main de Neyla Dancewear. Le voile de soie flamenco est un vrai plaisir de design.\",\"breadcrumb\":{\"@id\":\"https:\/\/neylaropadedanza.es\/fr\/product\/voile-en-soie-flamenco\/#breadcrumb\"},\"inLanguage\":\"fr-FR\",\"potentialAction\":[{\"@type\":\"ReadAction\",\"target\":[\"https:\/\/neylaropadedanza.es\/fr\/product\/voile-en-soie-flamenco\/\"]}]},{\"@type\":\"ImageObject\",\"inLanguage\":\"fr-FR\",\"@id\":\"https:\/\/neylaropadedanza.es\/fr\/product\/voile-en-soie-flamenco\/#primaryimage\",\"url\":\"https:\/\/neylaropadedanza.es\/wp-content\/uploads\/2019\/12\/Ropa-danza-vientre-166.jpg\",\"contentUrl\":\"https:\/\/neylaropadedanza.es\/wp-content\/uploads\/2019\/12\/Ropa-danza-vientre-166.jpg\",\"width\":1024,\"height\":544,\"caption\":\"Voile en soie peint \u00e0 la main avec pois noirs et une rose rouge sur le c\u00f4t\u00e9.\"},{\"@type\":\"BreadcrumbList\",\"@id\":\"https:\/\/neylaropadedanza.es\/fr\/product\/voile-en-soie-flamenco\/#breadcrumb\",\"itemListElement\":[{\"@type\":\"ListItem\",\"position\":1,\"name\":\"Home\",\"item\":\"https:\/\/neylaropadedanza.es\/fr\/\"},{\"@type\":\"ListItem\",\"position\":2,\"name\":\"Produits\",\"item\":\"https:\/\/neylaropadedanza.es\/fr\/shop\/\"},{\"@type\":\"ListItem\",\"position\":3,\"name\":\"Voile en Soie Flamenco\"}]},{\"@type\":\"WebSite\",\"@id\":\"https:\/\/neylaropadedanza.com\/#website\",\"url\":\"https:\/\/neylaropadedanza.com\/\",\"name\":\"NeylaRopaDeDanza\",\"description\":\"Ropa de Danza del Vientre, danza oriental, trajes, ropa de ensayo y mucho m\u00e1s!\",\"publisher\":{\"@id\":\"https:\/\/neylaropadedanza.com\/#organization\"},\"potentialAction\":[{\"@type\":\"SearchAction\",\"target\":{\"@type\":\"EntryPoint\",\"urlTemplate\":\"https:\/\/neylaropadedanza.com\/?s={search_term_string}\"},\"query-input\":{\"@type\":\"PropertyValueSpecification\",\"valueRequired\":true,\"valueName\":\"search_term_string\"}}],\"inLanguage\":\"fr-FR\"},{\"@type\":\"Organization\",\"@id\":\"https:\/\/neylaropadedanza.com\/#organization\",\"name\":\"NeylaRopaDeDanza\",\"url\":\"https:\/\/neylaropadedanza.com\/\",\"logo\":{\"@type\":\"ImageObject\",\"inLanguage\":\"fr-FR\",\"@id\":\"https:\/\/neylaropadedanza.com\/#\/schema\/logo\/image\/\",\"url\":\"https:\/\/neylaropadedanza.es\/wp-content\/uploads\/2025\/04\/Neyla-Blanc.webp\",\"contentUrl\":\"https:\/\/neylaropadedanza.es\/wp-content\/uploads\/2025\/04\/Neyla-Blanc.webp\",\"width\":1970,\"height\":936,\"caption\":\"NeylaRopaDeDanza\"},\"image\":{\"@id\":\"https:\/\/neylaropadedanza.com\/#\/schema\/logo\/image\/\"},\"sameAs\":[\"https:\/\/www.facebook.com\/neyladancewear\/\",\"https:\/\/www.instagram.com\/neyladancewear\/\",\"https:\/\/www.youtube.com\/channel\/UCKlqrANcZD0QqKXzpy4taWA?view_as=subscriber\"]}]}<\/script>\n<!-- \/ Yoast SEO plugin. -->","yoast_head_json":{"title":"Voile en Soie Flamenco - Neyla Dancewear - Accessoires de danse orientale","description":"\u00c0 partir de maintenant, vous ferez la diff\u00e9rence avec les voiles de soie peints \u00e0 la main de Neyla Dancewear. Le voile de soie flamenco est un vrai plaisir de design.","robots":{"index":"index","follow":"follow","max-snippet":"max-snippet:-1","max-image-preview":"max-image-preview:large","max-video-preview":"max-video-preview:-1"},"canonical":"https:\/\/neylaropadedanza.es\/fr\/product\/voile-en-soie-flamenco\/","og_locale":"fr_FR","og_type":"article","og_title":"Voile en Soie Flamenco - Neyla Dancewear - Accessoires de danse orientale","og_description":"\u00c0 partir de maintenant, vous ferez la diff\u00e9rence avec les voiles de soie peints \u00e0 la main de Neyla Dancewear. Le voile de soie flamenco est un vrai plaisir de design.","og_url":"https:\/\/neylaropadedanza.es\/fr\/product\/voile-en-soie-flamenco\/","og_site_name":"Neyla Dancewear","article_publisher":"https:\/\/www.facebook.com\/neyladancewear\/","article_modified_time":"2020-01-04T20:36:28+00:00","og_image":[{"width":1024,"height":544,"url":"https:\/\/neylaropadedanza.com\/wp-content\/uploads\/2019\/12\/Ropa-danza-vientre-166.jpg","type":"image\/jpeg"}],"twitter_card":"summary_large_image","twitter_misc":{"Dur\u00e9e de lecture estim\u00e9e":"1 minute"},"schema":{"@context":"https:\/\/schema.org","@graph":[{"@type":"WebPage","@id":"https:\/\/neylaropadedanza.es\/fr\/product\/voile-en-soie-flamenco\/","url":"https:\/\/neylaropadedanza.es\/fr\/product\/voile-en-soie-flamenco\/","name":"Voile en Soie Flamenco - Neyla Dancewear - Accessoires de danse orientale","isPartOf":{"@id":"https:\/\/neylaropadedanza.com\/#website"},"primaryImageOfPage":{"@id":"https:\/\/neylaropadedanza.es\/fr\/product\/voile-en-soie-flamenco\/#primaryimage"},"image":{"@id":"https:\/\/neylaropadedanza.es\/fr\/product\/voile-en-soie-flamenco\/#primaryimage"},"thumbnailUrl":"https:\/\/neylaropadedanza.es\/wp-content\/uploads\/2019\/12\/Ropa-danza-vientre-166.jpg","datePublished":"2020-01-04T19:36:28+00:00","dateModified":"2020-01-04T20:36:28+00:00","description":"\u00c0 partir de maintenant, vous ferez la diff\u00e9rence avec les voiles de soie peints \u00e0 la main de Neyla Dancewear. Le voile de soie flamenco est un vrai plaisir de design.","breadcrumb":{"@id":"https:\/\/neylaropadedanza.es\/fr\/product\/voile-en-soie-flamenco\/#breadcrumb"},"inLanguage":"fr-FR","potentialAction":[{"@type":"ReadAction","target":["https:\/\/neylaropadedanza.es\/fr\/product\/voile-en-soie-flamenco\/"]}]},{"@type":"ImageObject","inLanguage":"fr-FR","@id":"https:\/\/neylaropadedanza.es\/fr\/product\/voile-en-soie-flamenco\/#primaryimage","url":"https:\/\/neylaropadedanza.es\/wp-content\/uploads\/2019\/12\/Ropa-danza-vientre-166.jpg","contentUrl":"https:\/\/neylaropadedanza.es\/wp-content\/uploads\/2019\/12\/Ropa-danza-vientre-166.jpg","width":1024,"height":544,"caption":"Voile en soie peint \u00e0 la main avec pois noirs et une rose rouge sur le c\u00f4t\u00e9."},{"@type":"BreadcrumbList","@id":"https:\/\/neylaropadedanza.es\/fr\/product\/voile-en-soie-flamenco\/#breadcrumb","itemListElement":[{"@type":"ListItem","position":1,"name":"Home","item":"https:\/\/neylaropadedanza.es\/fr\/"},{"@type":"ListItem","position":2,"name":"Produits","item":"https:\/\/neylaropadedanza.es\/fr\/shop\/"},{"@type":"ListItem","position":3,"name":"Voile en Soie Flamenco"}]},{"@type":"WebSite","@id":"https:\/\/neylaropadedanza.com\/#website","url":"https:\/\/neylaropadedanza.com\/","name":"NeylaRopaDeDanza","description":"Ropa de Danza del Vientre, danza oriental, trajes, ropa de ensayo y mucho m\u00e1s!","publisher":{"@id":"https:\/\/neylaropadedanza.com\/#organization"},"potentialAction":[{"@type":"SearchAction","target":{"@type":"EntryPoint","urlTemplate":"https:\/\/neylaropadedanza.com\/?s={search_term_string}"},"query-input":{"@type":"PropertyValueSpecification","valueRequired":true,"valueName":"search_term_string"}}],"inLanguage":"fr-FR"},{"@type":"Organization","@id":"https:\/\/neylaropadedanza.com\/#organization","name":"NeylaRopaDeDanza","url":"https:\/\/neylaropadedanza.com\/","logo":{"@type":"ImageObject","inLanguage":"fr-FR","@id":"https:\/\/neylaropadedanza.com\/#\/schema\/logo\/image\/","url":"https:\/\/neylaropadedanza.es\/wp-content\/uploads\/2025\/04\/Neyla-Blanc.webp","contentUrl":"https:\/\/neylaropadedanza.es\/wp-content\/uploads\/2025\/04\/Neyla-Blanc.webp","width":1970,"height":936,"caption":"NeylaRopaDeDanza"},"image":{"@id":"https:\/\/neylaropadedanza.com\/#\/schema\/logo\/image\/"},"sameAs":["https:\/\/www.facebook.com\/neyladancewear\/","https:\/\/www.instagram.com\/neyladancewear\/","https:\/\/www.youtube.com\/channel\/UCKlqrANcZD0QqKXzpy4taWA?view_as=subscriber"]}]}},"_links":{"self":[{"href":"https:\/\/neylaropadedanza.es\/fr\/wp-json\/wp\/v2\/product\/19283","targetHints":{"allow":["GET"]}}],"collection":[{"href":"https:\/\/neylaropadedanza.es\/fr\/wp-json\/wp\/v2\/product"}],"about":[{"href":"https:\/\/neylaropadedanza.es\/fr\/wp-json\/wp\/v2\/types\/product"}],"replies":[{"embeddable":true,"href":"https:\/\/neylaropadedanza.es\/fr\/wp-json\/wp\/v2\/comments?post=19283"}],"version-history":[{"count":0,"href":"https:\/\/neylaropadedanza.es\/fr\/wp-json\/wp\/v2\/product\/19283\/revisions"}],"wp:featuredmedia":[{"embeddable":true,"href":"https:\/\/neylaropadedanza.es\/fr\/wp-json\/wp\/v2\/media\/17642"}],"wp:attachment":[{"href":"https:\/\/neylaropadedanza.es\/fr\/wp-json\/wp\/v2\/media?parent=19283"}],"wp:term":[{"taxonomy":"product_brand","embeddable":true,"href":"https:\/\/neylaropadedanza.es\/fr\/wp-json\/wp\/v2\/product_brand?post=19283"},{"taxonomy":"product_cat","embeddable":true,"href":"https:\/\/neylaropadedanza.es\/fr\/wp-json\/wp\/v2\/product_cat?post=19283"},{"taxonomy":"product_tag","embeddable":true,"href":"https:\/\/neylaropadedanza.es\/fr\/wp-json\/wp\/v2\/product_tag?post=19283"}],"curies":[{"name":"wp","href":"https:\/\/api.w.org\/{rel}","templated":true}]}}