{"id":19276,"date":"2020-01-31T20:35:29","date_gmt":"2020-01-31T19:35:29","guid":{"rendered":"https:\/\/neylaropadedanza.es\/product\/calentadores-basicos\/"},"modified":"2026-03-09T20:36:30","modified_gmt":"2026-03-09T20:36:30","slug":"calentadores-basicos","status":"publish","type":"product","link":"https:\/\/neylaropadedanza.es\/fr\/product\/calentadores-basicos\/","title":{"rendered":"Calentadores B\u00e1sicos"},"content":{"rendered":"<h2 data-start=\"173\" data-end=\"270\"><strong data-start=\"173\" data-end=\"270\">Jambi\u00e8res Basique Neyla Dancewear \u2013 Chaleur, Style et Protection pour votre Danse du Ventre<\/strong><\/h2>\n<p data-start=\"272\" data-end=\"546\">Les jambi\u00e8res basiques sont l\u2019accessoire parfait pour vos cours et s\u00e9ances de danse du ventre. Plus qu\u2019un simple accessoire, elles sont une pi\u00e8ce fonctionnelle qui prot\u00e8ge vos muscles du froid et aide \u00e0 pr\u00e9venir les blessures, tout en ajoutant une touche \u00e9l\u00e9gante et styl\u00e9e \u00e0 votre tenue. <\/p>\n<p data-start=\"548\" data-end=\"840\">Con\u00e7ues avec une longueur moyenne qui couvre de la cheville jusqu\u2019au-dessous du genou, ces jambi\u00e8res sont fabriqu\u00e9es en tissu c\u00f4tel\u00e9, qui offre une \u00e9lasticit\u00e9 parfaite et s\u2019adapte parfaitement \u00e0 la forme de vos jambes, procurant une sensation douce et chaude pendant toute la dur\u00e9e d\u2019utilisation.<\/p>\n<p data-start=\"842\" data-end=\"1027\">Disponibles en quatre couleurs polyvalentes et \u00e9l\u00e9gantes : noir classique, gris fonc\u00e9, marron et fuchsia, pour que vous puissiez les assortir facilement et avec sophistication \u00e0 vos tenues de danse ou de fitness.<\/p>\n<p data-start=\"1029\" data-end=\"1335\">Chez Neyla Dancewear, nous s\u00e9lectionnons chaque d\u00e9tail avec soin et amour afin de garantir qualit\u00e9, durabilit\u00e9 et fonctionnalit\u00e9. Toutes les jambi\u00e8res ont \u00e9t\u00e9 rigoureusement test\u00e9es pour r\u00e9pondre \u00e0 nos normes \u00e9lev\u00e9es, vous assurant un accessoire fiable et confortable. <\/p>\n<p data-start=\"1337\" data-end=\"1561\">D\u00e9couvrez ces jambi\u00e8res et bien d\u2019autres accessoires dans notre section d\u00e9di\u00e9e, o\u00f9 vous trouverez \u00e9galement des ceintures perl\u00e9es, des bijoux et des voiles en soie, tous sous notre engagement de qualit\u00e9 et de design exclusif.<\/p>\n<p data-start=\"1563\" data-end=\"1819\">Si vous recherchez des couleurs ou des designs sp\u00e9ciaux, n\u2019h\u00e9sitez pas \u00e0 nous contacter par email \u00e0 <a class=\"cursor-pointer\" rel=\"noopener\" data-start=\"1667\" data-end=\"1704\">atencionalcliente@neylaropadedanza.es<\/a> ou via le formulaire web. Chez Neyla Dancewear, nous sommes l\u00e0 pour vous aider \u00e0 compl\u00e9ter votre style avec la meilleure qualit\u00e9. <\/p>\n","protected":false},"excerpt":{"rendered":"<p>Jambi\u00e8res Basique Neyla Dancewear \u2013 Chaleur, Style et Protection pour votre Danse du Ventre Les jambi\u00e8res basiques sont l\u2019accessoire parfait pour vos cours et s\u00e9ances de danse du ventre. Plus qu\u2019un simple accessoire, elles sont une pi\u00e8ce fonctionnelle qui prot\u00e8ge vos muscles du froid et aide \u00e0 pr\u00e9venir les blessures, tout en ajoutant une touche [&hellip;]<\/p>\n","protected":false},"featured_media":17840,"comment_status":"open","ping_status":"closed","template":"","meta":{"content-type":"","_monsterinsights_skip_tracking":false,"_monsterinsights_sitenote_active":false,"_monsterinsights_sitenote_note":"","_monsterinsights_sitenote_category":0,"_uf_show_specific_survey":0,"_uf_disable_surveys":false},"product_brand":[],"product_cat":[950,956],"product_tag":[1092,1015,1120,1403,1194,1204,1072,1231,1253,1307,1305],"class_list":{"0":"post-19276","1":"product","2":"type-product","3":"status-publish","4":"has-post-thumbnail","6":"product_cat-accessoires","7":"product_cat-jambieres","8":"product_tag-accessoires-fr","9":"product_tag-accessoires","10":"product_tag-danse-du-ventre","11":"product_tag-danse-orientale","12":"product_tag-fuchsia-fr","13":"product_tag-gris-fr","14":"product_tag-jambieres","15":"product_tag-marron-fr","16":"product_tag-noir","17":"product_tag-vetements-dentrainement","18":"product_tag-vetements-de-danse-du-ventre-fr","20":"first","21":"instock","22":"sale","23":"taxable","24":"shipping-taxable","25":"purchasable","26":"product-type-variable","27":"add-to-wishlist-after_add_to_cart"},"yoast_head":"<!-- This site is optimized with the Yoast SEO plugin v26.6 - https:\/\/yoast.com\/wordpress\/plugins\/seo\/ -->\n<title>Calentadores B\u00e1sicos - Neyla Dancewear - V\u00eatements de danse du ventre<\/title>\n<meta name=\"description\" content=\"Les chauffe-jambes basiques sont le compl\u00e9ment parfait pour votre look de danse orientale ! Les meilleurs accessoires de danse orientale !\" \/>\n<meta name=\"robots\" content=\"index, follow, max-snippet:-1, max-image-preview:large, max-video-preview:-1\" \/>\n<link rel=\"canonical\" href=\"https:\/\/neylaropadedanza.es\/fr\/product\/calentadores-basicos\/\" \/>\n<meta property=\"og:locale\" content=\"fr_FR\" \/>\n<meta property=\"og:type\" content=\"article\" \/>\n<meta property=\"og:title\" content=\"Calentadores B\u00e1sicos - Neyla Dancewear - V\u00eatements de danse du ventre\" \/>\n<meta property=\"og:description\" content=\"Les chauffe-jambes basiques sont le compl\u00e9ment parfait pour votre look de danse orientale ! Les meilleurs accessoires de danse orientale !\" \/>\n<meta property=\"og:url\" content=\"https:\/\/neylaropadedanza.es\/fr\/product\/calentadores-basicos\/\" \/>\n<meta property=\"og:site_name\" content=\"Neyla Dancewear\" \/>\n<meta property=\"article:publisher\" content=\"https:\/\/www.facebook.com\/neyladancewear\/\" \/>\n<meta property=\"article:modified_time\" content=\"2026-03-09T20:36:30+00:00\" \/>\n<meta property=\"og:image\" content=\"https:\/\/neylaropadedanza.com\/wp-content\/uploads\/2020\/01\/Calentadres-danza-del-vientre-17.jpg\" \/>\n\t<meta property=\"og:image:width\" content=\"820\" \/>\n\t<meta property=\"og:image:height\" content=\"737\" \/>\n\t<meta property=\"og:image:type\" content=\"image\/jpeg\" \/>\n<meta name=\"twitter:card\" content=\"summary_large_image\" \/>\n<meta name=\"twitter:label1\" content=\"Dur\u00e9e de lecture estim\u00e9e\" \/>\n\t<meta name=\"twitter:data1\" content=\"1 minute\" \/>\n<script type=\"application\/ld+json\" class=\"yoast-schema-graph\">{\"@context\":\"https:\/\/schema.org\",\"@graph\":[{\"@type\":\"WebPage\",\"@id\":\"https:\/\/neylaropadedanza.es\/fr\/product\/calentadores-basicos\/\",\"url\":\"https:\/\/neylaropadedanza.es\/fr\/product\/calentadores-basicos\/\",\"name\":\"Calentadores B\u00e1sicos - Neyla Dancewear - V\u00eatements de danse du ventre\",\"isPartOf\":{\"@id\":\"https:\/\/neylaropadedanza.com\/#website\"},\"primaryImageOfPage\":{\"@id\":\"https:\/\/neylaropadedanza.es\/fr\/product\/calentadores-basicos\/#primaryimage\"},\"image\":{\"@id\":\"https:\/\/neylaropadedanza.es\/fr\/product\/calentadores-basicos\/#primaryimage\"},\"thumbnailUrl\":\"https:\/\/neylaropadedanza.es\/wp-content\/uploads\/2020\/01\/Calentadres-danza-del-vientre-17.jpg\",\"datePublished\":\"2020-01-31T19:35:29+00:00\",\"dateModified\":\"2026-03-09T20:36:30+00:00\",\"description\":\"Les chauffe-jambes basiques sont le compl\u00e9ment parfait pour votre look de danse orientale ! Les meilleurs accessoires de danse orientale !\",\"breadcrumb\":{\"@id\":\"https:\/\/neylaropadedanza.es\/fr\/product\/calentadores-basicos\/#breadcrumb\"},\"inLanguage\":\"fr-FR\",\"potentialAction\":[{\"@type\":\"ReadAction\",\"target\":[\"https:\/\/neylaropadedanza.es\/fr\/product\/calentadores-basicos\/\"]}]},{\"@type\":\"ImageObject\",\"inLanguage\":\"fr-FR\",\"@id\":\"https:\/\/neylaropadedanza.es\/fr\/product\/calentadores-basicos\/#primaryimage\",\"url\":\"https:\/\/neylaropadedanza.es\/wp-content\/uploads\/2020\/01\/Calentadres-danza-del-vientre-17.jpg\",\"contentUrl\":\"https:\/\/neylaropadedanza.es\/wp-content\/uploads\/2020\/01\/Calentadres-danza-del-vientre-17.jpg\",\"width\":820,\"height\":737,\"caption\":\"Jambi\u00e8res basiques en plusieurs couleurs pour danse du ventre.\"},{\"@type\":\"BreadcrumbList\",\"@id\":\"https:\/\/neylaropadedanza.es\/fr\/product\/calentadores-basicos\/#breadcrumb\",\"itemListElement\":[{\"@type\":\"ListItem\",\"position\":1,\"name\":\"Home\",\"item\":\"https:\/\/neylaropadedanza.es\/fr\/\"},{\"@type\":\"ListItem\",\"position\":2,\"name\":\"Produits\",\"item\":\"https:\/\/neylaropadedanza.es\/fr\/shop\/\"},{\"@type\":\"ListItem\",\"position\":3,\"name\":\"Calentadores B\u00e1sicos\"}]},{\"@type\":\"WebSite\",\"@id\":\"https:\/\/neylaropadedanza.com\/#website\",\"url\":\"https:\/\/neylaropadedanza.com\/\",\"name\":\"NeylaRopaDeDanza\",\"description\":\"Ropa de Danza del Vientre, danza oriental, trajes, ropa de ensayo y mucho m\u00e1s!\",\"publisher\":{\"@id\":\"https:\/\/neylaropadedanza.com\/#organization\"},\"potentialAction\":[{\"@type\":\"SearchAction\",\"target\":{\"@type\":\"EntryPoint\",\"urlTemplate\":\"https:\/\/neylaropadedanza.com\/?s={search_term_string}\"},\"query-input\":{\"@type\":\"PropertyValueSpecification\",\"valueRequired\":true,\"valueName\":\"search_term_string\"}}],\"inLanguage\":\"fr-FR\"},{\"@type\":\"Organization\",\"@id\":\"https:\/\/neylaropadedanza.com\/#organization\",\"name\":\"NeylaRopaDeDanza\",\"url\":\"https:\/\/neylaropadedanza.com\/\",\"logo\":{\"@type\":\"ImageObject\",\"inLanguage\":\"fr-FR\",\"@id\":\"https:\/\/neylaropadedanza.com\/#\/schema\/logo\/image\/\",\"url\":\"https:\/\/neylaropadedanza.es\/wp-content\/uploads\/2025\/04\/Neyla-Blanc.webp\",\"contentUrl\":\"https:\/\/neylaropadedanza.es\/wp-content\/uploads\/2025\/04\/Neyla-Blanc.webp\",\"width\":1970,\"height\":936,\"caption\":\"NeylaRopaDeDanza\"},\"image\":{\"@id\":\"https:\/\/neylaropadedanza.com\/#\/schema\/logo\/image\/\"},\"sameAs\":[\"https:\/\/www.facebook.com\/neyladancewear\/\",\"https:\/\/www.instagram.com\/neyladancewear\/\",\"https:\/\/www.youtube.com\/channel\/UCKlqrANcZD0QqKXzpy4taWA?view_as=subscriber\"]}]}<\/script>\n<!-- \/ Yoast SEO plugin. -->","yoast_head_json":{"title":"Calentadores B\u00e1sicos - Neyla Dancewear - V\u00eatements de danse du ventre","description":"Les chauffe-jambes basiques sont le compl\u00e9ment parfait pour votre look de danse orientale ! Les meilleurs accessoires de danse orientale !","robots":{"index":"index","follow":"follow","max-snippet":"max-snippet:-1","max-image-preview":"max-image-preview:large","max-video-preview":"max-video-preview:-1"},"canonical":"https:\/\/neylaropadedanza.es\/fr\/product\/calentadores-basicos\/","og_locale":"fr_FR","og_type":"article","og_title":"Calentadores B\u00e1sicos - Neyla Dancewear - V\u00eatements de danse du ventre","og_description":"Les chauffe-jambes basiques sont le compl\u00e9ment parfait pour votre look de danse orientale ! Les meilleurs accessoires de danse orientale !","og_url":"https:\/\/neylaropadedanza.es\/fr\/product\/calentadores-basicos\/","og_site_name":"Neyla Dancewear","article_publisher":"https:\/\/www.facebook.com\/neyladancewear\/","article_modified_time":"2026-03-09T20:36:30+00:00","og_image":[{"width":820,"height":737,"url":"https:\/\/neylaropadedanza.com\/wp-content\/uploads\/2020\/01\/Calentadres-danza-del-vientre-17.jpg","type":"image\/jpeg"}],"twitter_card":"summary_large_image","twitter_misc":{"Dur\u00e9e de lecture estim\u00e9e":"1 minute"},"schema":{"@context":"https:\/\/schema.org","@graph":[{"@type":"WebPage","@id":"https:\/\/neylaropadedanza.es\/fr\/product\/calentadores-basicos\/","url":"https:\/\/neylaropadedanza.es\/fr\/product\/calentadores-basicos\/","name":"Calentadores B\u00e1sicos - Neyla Dancewear - V\u00eatements de danse du ventre","isPartOf":{"@id":"https:\/\/neylaropadedanza.com\/#website"},"primaryImageOfPage":{"@id":"https:\/\/neylaropadedanza.es\/fr\/product\/calentadores-basicos\/#primaryimage"},"image":{"@id":"https:\/\/neylaropadedanza.es\/fr\/product\/calentadores-basicos\/#primaryimage"},"thumbnailUrl":"https:\/\/neylaropadedanza.es\/wp-content\/uploads\/2020\/01\/Calentadres-danza-del-vientre-17.jpg","datePublished":"2020-01-31T19:35:29+00:00","dateModified":"2026-03-09T20:36:30+00:00","description":"Les chauffe-jambes basiques sont le compl\u00e9ment parfait pour votre look de danse orientale ! Les meilleurs accessoires de danse orientale !","breadcrumb":{"@id":"https:\/\/neylaropadedanza.es\/fr\/product\/calentadores-basicos\/#breadcrumb"},"inLanguage":"fr-FR","potentialAction":[{"@type":"ReadAction","target":["https:\/\/neylaropadedanza.es\/fr\/product\/calentadores-basicos\/"]}]},{"@type":"ImageObject","inLanguage":"fr-FR","@id":"https:\/\/neylaropadedanza.es\/fr\/product\/calentadores-basicos\/#primaryimage","url":"https:\/\/neylaropadedanza.es\/wp-content\/uploads\/2020\/01\/Calentadres-danza-del-vientre-17.jpg","contentUrl":"https:\/\/neylaropadedanza.es\/wp-content\/uploads\/2020\/01\/Calentadres-danza-del-vientre-17.jpg","width":820,"height":737,"caption":"Jambi\u00e8res basiques en plusieurs couleurs pour danse du ventre."},{"@type":"BreadcrumbList","@id":"https:\/\/neylaropadedanza.es\/fr\/product\/calentadores-basicos\/#breadcrumb","itemListElement":[{"@type":"ListItem","position":1,"name":"Home","item":"https:\/\/neylaropadedanza.es\/fr\/"},{"@type":"ListItem","position":2,"name":"Produits","item":"https:\/\/neylaropadedanza.es\/fr\/shop\/"},{"@type":"ListItem","position":3,"name":"Calentadores B\u00e1sicos"}]},{"@type":"WebSite","@id":"https:\/\/neylaropadedanza.com\/#website","url":"https:\/\/neylaropadedanza.com\/","name":"NeylaRopaDeDanza","description":"Ropa de Danza del Vientre, danza oriental, trajes, ropa de ensayo y mucho m\u00e1s!","publisher":{"@id":"https:\/\/neylaropadedanza.com\/#organization"},"potentialAction":[{"@type":"SearchAction","target":{"@type":"EntryPoint","urlTemplate":"https:\/\/neylaropadedanza.com\/?s={search_term_string}"},"query-input":{"@type":"PropertyValueSpecification","valueRequired":true,"valueName":"search_term_string"}}],"inLanguage":"fr-FR"},{"@type":"Organization","@id":"https:\/\/neylaropadedanza.com\/#organization","name":"NeylaRopaDeDanza","url":"https:\/\/neylaropadedanza.com\/","logo":{"@type":"ImageObject","inLanguage":"fr-FR","@id":"https:\/\/neylaropadedanza.com\/#\/schema\/logo\/image\/","url":"https:\/\/neylaropadedanza.es\/wp-content\/uploads\/2025\/04\/Neyla-Blanc.webp","contentUrl":"https:\/\/neylaropadedanza.es\/wp-content\/uploads\/2025\/04\/Neyla-Blanc.webp","width":1970,"height":936,"caption":"NeylaRopaDeDanza"},"image":{"@id":"https:\/\/neylaropadedanza.com\/#\/schema\/logo\/image\/"},"sameAs":["https:\/\/www.facebook.com\/neyladancewear\/","https:\/\/www.instagram.com\/neyladancewear\/","https:\/\/www.youtube.com\/channel\/UCKlqrANcZD0QqKXzpy4taWA?view_as=subscriber"]}]}},"_links":{"self":[{"href":"https:\/\/neylaropadedanza.es\/fr\/wp-json\/wp\/v2\/product\/19276","targetHints":{"allow":["GET"]}}],"collection":[{"href":"https:\/\/neylaropadedanza.es\/fr\/wp-json\/wp\/v2\/product"}],"about":[{"href":"https:\/\/neylaropadedanza.es\/fr\/wp-json\/wp\/v2\/types\/product"}],"replies":[{"embeddable":true,"href":"https:\/\/neylaropadedanza.es\/fr\/wp-json\/wp\/v2\/comments?post=19276"}],"version-history":[{"count":0,"href":"https:\/\/neylaropadedanza.es\/fr\/wp-json\/wp\/v2\/product\/19276\/revisions"}],"wp:featuredmedia":[{"embeddable":true,"href":"https:\/\/neylaropadedanza.es\/fr\/wp-json\/wp\/v2\/media\/17840"}],"wp:attachment":[{"href":"https:\/\/neylaropadedanza.es\/fr\/wp-json\/wp\/v2\/media?parent=19276"}],"wp:term":[{"taxonomy":"product_brand","embeddable":true,"href":"https:\/\/neylaropadedanza.es\/fr\/wp-json\/wp\/v2\/product_brand?post=19276"},{"taxonomy":"product_cat","embeddable":true,"href":"https:\/\/neylaropadedanza.es\/fr\/wp-json\/wp\/v2\/product_cat?post=19276"},{"taxonomy":"product_tag","embeddable":true,"href":"https:\/\/neylaropadedanza.es\/fr\/wp-json\/wp\/v2\/product_tag?post=19276"}],"curies":[{"name":"wp","href":"https:\/\/api.w.org\/{rel}","templated":true}]}}