{"id":19231,"date":"2020-03-27T11:44:43","date_gmt":"2020-03-27T10:44:43","guid":{"rendered":"https:\/\/neylaropadedanza.es\/product\/mayanin\/"},"modified":"2020-03-27T11:44:43","modified_gmt":"2020-03-27T11:44:43","slug":"mayanin","status":"publish","type":"product","link":"https:\/\/neylaropadedanza.es\/fr\/product\/mayanin\/","title":{"rendered":"Mayanin"},"content":{"rendered":"<h2 data-start=\"105\" data-end=\"165\">\u2728 Jupe Mayanin \u2013 Couleurs vibrantes et esprit indien \u2728<\/h2>\n<p data-start=\"166\" data-end=\"389\">La Jupe<strong data-start=\"176\" data-end=\"187\"> Mayanin <\/strong>est fabriqu\u00e9e \u00e0 la main en Inde et repr\u00e9sente un v\u00e9ritable travail artisanal ! \ud83d\udcab Avec son design traditionnel et sa touche d\u2019\u00e9l\u00e9gance, elle deviendra votre alli\u00e9e aussi bien pour danser le Bollywood que pour adopter un look boh\u00e8me au quotidien. <\/p>\n<p data-start=\"391\" data-end=\"798\">\ud83e\uddf5 <strong data-start=\"394\" data-end=\"417\">Confection et design<\/strong><br data-start=\"417\" data-end=\"420\">Cette jupe est r\u00e9alis\u00e9e en 100 % mousseline, un tissu l\u00e9ger \u00e0 la tomb\u00e9e fluide, brod\u00e9 \u00e0 la main et orn\u00e9 de paillettes argent\u00e9es qui scintillent \u00e0 chacun de vos mouvements.<br data-start=\"592\" data-end=\"595\">Le mod\u00e8le<strong data-start=\"605\" data-end=\"616\"> Mayanin<\/strong> pr\u00e9sente un fond vert fonc\u00e9 avec des broderies dans des tons bleu marine, dor\u00e9 et vert clair.<\/p>\n<p data-start=\"800\" data-end=\"900\">\ud83c\udf08 Disponible dans plusieurs couleurs pour s\u2019adapter \u00e0 ton style ou ta chor\u00e9graphie.<\/p>\n<p data-start=\"902\" data-end=\"1046\"><strong data-start=\"905\" data-end=\"928\">\ud83d\udccf Taille unique (EU 34\u201342)<\/strong><br data-start=\"928\" data-end=\"931\">Gr\u00e2ce \u00e0 sa taille \u00e9lastique et \u00e0 ses cordons, elle s\u2019adapte facilement \u00e0 toutes les morphologies.<\/p>\n<p data-start=\"1048\" data-end=\"1066\">\ud83e\udeb7 <strong data-start=\"1051\" data-end=\"1066\">Id\u00e9ale pour :<\/strong><\/p>\n<ul data-start=\"1068\" data-end=\"1201\">\n<li data-start=\"1068\" data-end=\"1103\">\n<p data-start=\"1070\" data-end=\"1103\">Danse Bollywood et danses indiennes<\/p>\n<\/li>\n<li data-start=\"1104\" data-end=\"1133\">\n<p data-start=\"1106\" data-end=\"1133\">Danse orientale et fusions<\/p>\n<\/li>\n<li data-start=\"1134\" data-end=\"1172\">\n<p data-start=\"1136\" data-end=\"1172\">Tenues boho pour la rue ou les festivals<\/p>\n<\/li>\n<li data-start=\"1173\" data-end=\"1201\">\n<p data-start=\"1175\" data-end=\"1201\">Costumes de sc\u00e8ne<\/p>\n<\/li>\n<\/ul>\n<p data-start=\"1203\" data-end=\"1449\">\ud83d\udc8e<strong data-start=\"1206\" data-end=\"1229\"> Qualit\u00e9 garantie<\/strong><br data-start=\"1229\" data-end=\"1232\">Chez Neyla Dancewear, nous s\u00e9lectionnons tous nos produits avec soin afin d\u2019offrir la meilleure qualit\u00e9 au meilleur prix. Notre collection de jupes indiennes allie confort, style et authenticit\u00e9. <\/p>\n<p data-start=\"1451\" data-end=\"1650\">\ud83d\udce9 <strong data-start=\"1454\" data-end=\"1472\">Des questions ?<\/strong><br data-start=\"1472\" data-end=\"1475\">Contactez-nous via le formulaire web ou \u00e9crivez-nous \u00e0 <a class=\"cursor-pointer\" rel=\"noopener\" data-start=\"1530\" data-end=\"1615\">atencionalcliente@neylaropadedanza.es <\/a>\u2014 nous serons ravies de vous aider !<\/p>\n","protected":false},"excerpt":{"rendered":"<p>\u2728 Jupe Mayanin \u2013 Couleurs vibrantes et esprit indien \u2728 La Jupe Mayanin est fabriqu\u00e9e \u00e0 la main en Inde et repr\u00e9sente un v\u00e9ritable travail artisanal ! \ud83d\udcab Avec son design traditionnel et sa touche d\u2019\u00e9l\u00e9gance, elle deviendra votre alli\u00e9e aussi bien pour danser le Bollywood que pour adopter un look boh\u00e8me au quotidien. \ud83e\uddf5 [&hellip;]<\/p>\n","protected":false},"featured_media":17918,"comment_status":"open","ping_status":"closed","template":"","meta":{"content-type":"","_monsterinsights_skip_tracking":false,"_monsterinsights_sitenote_active":false,"_monsterinsights_sitenote_note":"","_monsterinsights_sitenote_category":0,"_uf_show_specific_survey":0,"_uf_disable_surveys":false},"product_brand":[],"product_cat":[965],"product_tag":[1040,1116,1120,1403,1134,1206,1160,1164,1215,1387,1307,1305],"class_list":{"0":"post-19231","1":"product","2":"type-product","3":"status-publish","4":"has-post-thumbnail","6":"product_cat-jupes-indiennes","7":"product_tag-bollywood-fr","8":"product_tag-danse-bollywood","9":"product_tag-danse-du-ventre","10":"product_tag-danse-orientale","11":"product_tag-dore","12":"product_tag-india-fr","13":"product_tag-jupe","14":"product_tag-jupe-indienne","15":"product_tag-paillettes","16":"product_tag-vert-kaki","17":"product_tag-vetements-dentrainement","18":"product_tag-vetements-de-danse-du-ventre-fr","19":"product_shipping_class-standard-fr","21":"first","22":"outofstock","23":"sale","24":"taxable","25":"shipping-taxable","26":"purchasable","27":"product-type-simple","28":"add-to-wishlist-after_add_to_cart"},"yoast_head":"<!-- This site is optimized with the Yoast SEO plugin v26.6 - https:\/\/yoast.com\/wordpress\/plugins\/seo\/ -->\n<title>Mayanin - Neyla Dancewear -V\u00eatements Bollywood - Jupes indiennes<\/title>\n<meta name=\"description\" content=\"La jupe Mayanin est faite \u00e0 la main en Inde ! Dansez le Bollywood avec elle ou bien promenez-vous sur la promenade en bord de mer de votre ville !\" \/>\n<meta name=\"robots\" content=\"index, follow, max-snippet:-1, max-image-preview:large, max-video-preview:-1\" \/>\n<link rel=\"canonical\" href=\"https:\/\/neylaropadedanza.es\/fr\/product\/mayanin\/\" \/>\n<meta property=\"og:locale\" content=\"fr_FR\" \/>\n<meta property=\"og:type\" content=\"article\" \/>\n<meta property=\"og:title\" content=\"Mayanin - Neyla Dancewear -V\u00eatements Bollywood - Jupes indiennes\" \/>\n<meta property=\"og:description\" content=\"La jupe Mayanin est faite \u00e0 la main en Inde ! Dansez le Bollywood avec elle ou bien promenez-vous sur la promenade en bord de mer de votre ville !\" \/>\n<meta property=\"og:url\" content=\"https:\/\/neylaropadedanza.es\/fr\/product\/mayanin\/\" \/>\n<meta property=\"og:site_name\" content=\"Neyla Dancewear\" \/>\n<meta property=\"article:publisher\" content=\"https:\/\/www.facebook.com\/neyladancewear\/\" \/>\n<meta property=\"article:modified_time\" content=\"2020-03-27T11:44:43+00:00\" \/>\n<meta property=\"og:image\" content=\"https:\/\/neylaropadedanza.com\/wp-content\/uploads\/2020\/03\/Falda-India-5.jpg\" \/>\n\t<meta property=\"og:image:width\" content=\"775\" \/>\n\t<meta property=\"og:image:height\" content=\"1024\" \/>\n\t<meta property=\"og:image:type\" content=\"image\/jpeg\" \/>\n<meta name=\"twitter:card\" content=\"summary_large_image\" \/>\n<meta name=\"twitter:label1\" content=\"Dur\u00e9e de lecture estim\u00e9e\" \/>\n\t<meta name=\"twitter:data1\" content=\"1 minute\" \/>\n<script type=\"application\/ld+json\" class=\"yoast-schema-graph\">{\"@context\":\"https:\/\/schema.org\",\"@graph\":[{\"@type\":\"WebPage\",\"@id\":\"https:\/\/neylaropadedanza.es\/fr\/product\/mayanin\/\",\"url\":\"https:\/\/neylaropadedanza.es\/fr\/product\/mayanin\/\",\"name\":\"Mayanin - Neyla Dancewear -V\u00eatements Bollywood - Jupes indiennes\",\"isPartOf\":{\"@id\":\"https:\/\/neylaropadedanza.com\/#website\"},\"primaryImageOfPage\":{\"@id\":\"https:\/\/neylaropadedanza.es\/fr\/product\/mayanin\/#primaryimage\"},\"image\":{\"@id\":\"https:\/\/neylaropadedanza.es\/fr\/product\/mayanin\/#primaryimage\"},\"thumbnailUrl\":\"https:\/\/neylaropadedanza.es\/wp-content\/uploads\/2020\/03\/Falda-India-5.jpg\",\"datePublished\":\"2020-03-27T10:44:43+00:00\",\"dateModified\":\"2020-03-27T11:44:43+00:00\",\"description\":\"La jupe Mayanin est faite \u00e0 la main en Inde ! Dansez le Bollywood avec elle ou bien promenez-vous sur la promenade en bord de mer de votre ville !\",\"breadcrumb\":{\"@id\":\"https:\/\/neylaropadedanza.es\/fr\/product\/mayanin\/#breadcrumb\"},\"inLanguage\":\"fr-FR\",\"potentialAction\":[{\"@type\":\"ReadAction\",\"target\":[\"https:\/\/neylaropadedanza.es\/fr\/product\/mayanin\/\"]}]},{\"@type\":\"ImageObject\",\"inLanguage\":\"fr-FR\",\"@id\":\"https:\/\/neylaropadedanza.es\/fr\/product\/mayanin\/#primaryimage\",\"url\":\"https:\/\/neylaropadedanza.es\/wp-content\/uploads\/2020\/03\/Falda-India-5.jpg\",\"contentUrl\":\"https:\/\/neylaropadedanza.es\/wp-content\/uploads\/2020\/03\/Falda-India-5.jpg\",\"width\":775,\"height\":1024,\"caption\":\"Jupe longue en mousseline vert fonc\u00e9 avec broderies traditionnelles et sequins argent\u00e9s.\"},{\"@type\":\"BreadcrumbList\",\"@id\":\"https:\/\/neylaropadedanza.es\/fr\/product\/mayanin\/#breadcrumb\",\"itemListElement\":[{\"@type\":\"ListItem\",\"position\":1,\"name\":\"Home\",\"item\":\"https:\/\/neylaropadedanza.es\/fr\/\"},{\"@type\":\"ListItem\",\"position\":2,\"name\":\"Produits\",\"item\":\"https:\/\/neylaropadedanza.es\/fr\/shop\/\"},{\"@type\":\"ListItem\",\"position\":3,\"name\":\"Mayanin\"}]},{\"@type\":\"WebSite\",\"@id\":\"https:\/\/neylaropadedanza.com\/#website\",\"url\":\"https:\/\/neylaropadedanza.com\/\",\"name\":\"NeylaRopaDeDanza\",\"description\":\"Ropa de Danza del Vientre, danza oriental, trajes, ropa de ensayo y mucho m\u00e1s!\",\"publisher\":{\"@id\":\"https:\/\/neylaropadedanza.com\/#organization\"},\"potentialAction\":[{\"@type\":\"SearchAction\",\"target\":{\"@type\":\"EntryPoint\",\"urlTemplate\":\"https:\/\/neylaropadedanza.com\/?s={search_term_string}\"},\"query-input\":{\"@type\":\"PropertyValueSpecification\",\"valueRequired\":true,\"valueName\":\"search_term_string\"}}],\"inLanguage\":\"fr-FR\"},{\"@type\":\"Organization\",\"@id\":\"https:\/\/neylaropadedanza.com\/#organization\",\"name\":\"NeylaRopaDeDanza\",\"url\":\"https:\/\/neylaropadedanza.com\/\",\"logo\":{\"@type\":\"ImageObject\",\"inLanguage\":\"fr-FR\",\"@id\":\"https:\/\/neylaropadedanza.com\/#\/schema\/logo\/image\/\",\"url\":\"https:\/\/neylaropadedanza.es\/wp-content\/uploads\/2025\/04\/Neyla-Blanc.webp\",\"contentUrl\":\"https:\/\/neylaropadedanza.es\/wp-content\/uploads\/2025\/04\/Neyla-Blanc.webp\",\"width\":1970,\"height\":936,\"caption\":\"NeylaRopaDeDanza\"},\"image\":{\"@id\":\"https:\/\/neylaropadedanza.com\/#\/schema\/logo\/image\/\"},\"sameAs\":[\"https:\/\/www.facebook.com\/neyladancewear\/\",\"https:\/\/www.instagram.com\/neyladancewear\/\",\"https:\/\/www.youtube.com\/channel\/UCKlqrANcZD0QqKXzpy4taWA?view_as=subscriber\"]}]}<\/script>\n<!-- \/ Yoast SEO plugin. -->","yoast_head_json":{"title":"Mayanin - Neyla Dancewear -V\u00eatements Bollywood - Jupes indiennes","description":"La jupe Mayanin est faite \u00e0 la main en Inde ! Dansez le Bollywood avec elle ou bien promenez-vous sur la promenade en bord de mer de votre ville !","robots":{"index":"index","follow":"follow","max-snippet":"max-snippet:-1","max-image-preview":"max-image-preview:large","max-video-preview":"max-video-preview:-1"},"canonical":"https:\/\/neylaropadedanza.es\/fr\/product\/mayanin\/","og_locale":"fr_FR","og_type":"article","og_title":"Mayanin - Neyla Dancewear -V\u00eatements Bollywood - Jupes indiennes","og_description":"La jupe Mayanin est faite \u00e0 la main en Inde ! Dansez le Bollywood avec elle ou bien promenez-vous sur la promenade en bord de mer de votre ville !","og_url":"https:\/\/neylaropadedanza.es\/fr\/product\/mayanin\/","og_site_name":"Neyla Dancewear","article_publisher":"https:\/\/www.facebook.com\/neyladancewear\/","article_modified_time":"2020-03-27T11:44:43+00:00","og_image":[{"width":775,"height":1024,"url":"https:\/\/neylaropadedanza.com\/wp-content\/uploads\/2020\/03\/Falda-India-5.jpg","type":"image\/jpeg"}],"twitter_card":"summary_large_image","twitter_misc":{"Dur\u00e9e de lecture estim\u00e9e":"1 minute"},"schema":{"@context":"https:\/\/schema.org","@graph":[{"@type":"WebPage","@id":"https:\/\/neylaropadedanza.es\/fr\/product\/mayanin\/","url":"https:\/\/neylaropadedanza.es\/fr\/product\/mayanin\/","name":"Mayanin - Neyla Dancewear -V\u00eatements Bollywood - Jupes indiennes","isPartOf":{"@id":"https:\/\/neylaropadedanza.com\/#website"},"primaryImageOfPage":{"@id":"https:\/\/neylaropadedanza.es\/fr\/product\/mayanin\/#primaryimage"},"image":{"@id":"https:\/\/neylaropadedanza.es\/fr\/product\/mayanin\/#primaryimage"},"thumbnailUrl":"https:\/\/neylaropadedanza.es\/wp-content\/uploads\/2020\/03\/Falda-India-5.jpg","datePublished":"2020-03-27T10:44:43+00:00","dateModified":"2020-03-27T11:44:43+00:00","description":"La jupe Mayanin est faite \u00e0 la main en Inde ! Dansez le Bollywood avec elle ou bien promenez-vous sur la promenade en bord de mer de votre ville !","breadcrumb":{"@id":"https:\/\/neylaropadedanza.es\/fr\/product\/mayanin\/#breadcrumb"},"inLanguage":"fr-FR","potentialAction":[{"@type":"ReadAction","target":["https:\/\/neylaropadedanza.es\/fr\/product\/mayanin\/"]}]},{"@type":"ImageObject","inLanguage":"fr-FR","@id":"https:\/\/neylaropadedanza.es\/fr\/product\/mayanin\/#primaryimage","url":"https:\/\/neylaropadedanza.es\/wp-content\/uploads\/2020\/03\/Falda-India-5.jpg","contentUrl":"https:\/\/neylaropadedanza.es\/wp-content\/uploads\/2020\/03\/Falda-India-5.jpg","width":775,"height":1024,"caption":"Jupe longue en mousseline vert fonc\u00e9 avec broderies traditionnelles et sequins argent\u00e9s."},{"@type":"BreadcrumbList","@id":"https:\/\/neylaropadedanza.es\/fr\/product\/mayanin\/#breadcrumb","itemListElement":[{"@type":"ListItem","position":1,"name":"Home","item":"https:\/\/neylaropadedanza.es\/fr\/"},{"@type":"ListItem","position":2,"name":"Produits","item":"https:\/\/neylaropadedanza.es\/fr\/shop\/"},{"@type":"ListItem","position":3,"name":"Mayanin"}]},{"@type":"WebSite","@id":"https:\/\/neylaropadedanza.com\/#website","url":"https:\/\/neylaropadedanza.com\/","name":"NeylaRopaDeDanza","description":"Ropa de Danza del Vientre, danza oriental, trajes, ropa de ensayo y mucho m\u00e1s!","publisher":{"@id":"https:\/\/neylaropadedanza.com\/#organization"},"potentialAction":[{"@type":"SearchAction","target":{"@type":"EntryPoint","urlTemplate":"https:\/\/neylaropadedanza.com\/?s={search_term_string}"},"query-input":{"@type":"PropertyValueSpecification","valueRequired":true,"valueName":"search_term_string"}}],"inLanguage":"fr-FR"},{"@type":"Organization","@id":"https:\/\/neylaropadedanza.com\/#organization","name":"NeylaRopaDeDanza","url":"https:\/\/neylaropadedanza.com\/","logo":{"@type":"ImageObject","inLanguage":"fr-FR","@id":"https:\/\/neylaropadedanza.com\/#\/schema\/logo\/image\/","url":"https:\/\/neylaropadedanza.es\/wp-content\/uploads\/2025\/04\/Neyla-Blanc.webp","contentUrl":"https:\/\/neylaropadedanza.es\/wp-content\/uploads\/2025\/04\/Neyla-Blanc.webp","width":1970,"height":936,"caption":"NeylaRopaDeDanza"},"image":{"@id":"https:\/\/neylaropadedanza.com\/#\/schema\/logo\/image\/"},"sameAs":["https:\/\/www.facebook.com\/neyladancewear\/","https:\/\/www.instagram.com\/neyladancewear\/","https:\/\/www.youtube.com\/channel\/UCKlqrANcZD0QqKXzpy4taWA?view_as=subscriber"]}]}},"_links":{"self":[{"href":"https:\/\/neylaropadedanza.es\/fr\/wp-json\/wp\/v2\/product\/19231","targetHints":{"allow":["GET"]}}],"collection":[{"href":"https:\/\/neylaropadedanza.es\/fr\/wp-json\/wp\/v2\/product"}],"about":[{"href":"https:\/\/neylaropadedanza.es\/fr\/wp-json\/wp\/v2\/types\/product"}],"replies":[{"embeddable":true,"href":"https:\/\/neylaropadedanza.es\/fr\/wp-json\/wp\/v2\/comments?post=19231"}],"version-history":[{"count":0,"href":"https:\/\/neylaropadedanza.es\/fr\/wp-json\/wp\/v2\/product\/19231\/revisions"}],"wp:featuredmedia":[{"embeddable":true,"href":"https:\/\/neylaropadedanza.es\/fr\/wp-json\/wp\/v2\/media\/17918"}],"wp:attachment":[{"href":"https:\/\/neylaropadedanza.es\/fr\/wp-json\/wp\/v2\/media?parent=19231"}],"wp:term":[{"taxonomy":"product_brand","embeddable":true,"href":"https:\/\/neylaropadedanza.es\/fr\/wp-json\/wp\/v2\/product_brand?post=19231"},{"taxonomy":"product_cat","embeddable":true,"href":"https:\/\/neylaropadedanza.es\/fr\/wp-json\/wp\/v2\/product_cat?post=19231"},{"taxonomy":"product_tag","embeddable":true,"href":"https:\/\/neylaropadedanza.es\/fr\/wp-json\/wp\/v2\/product_tag?post=19231"}],"curies":[{"name":"wp","href":"https:\/\/api.w.org\/{rel}","templated":true}]}}