{"id":19228,"date":"2020-03-27T16:47:43","date_gmt":"2020-03-27T15:47:43","guid":{"rendered":"https:\/\/neylaropadedanza.es\/product\/kinari\/"},"modified":"2020-03-27T16:47:43","modified_gmt":"2020-03-27T16:47:43","slug":"kinari","status":"publish","type":"product","link":"https:\/\/neylaropadedanza.es\/fr\/product\/kinari\/","title":{"rendered":"Kinari"},"content":{"rendered":"<h3 data-start=\"235\" data-end=\"292\">\u2728 Jupe Kinari \u2013 Couleurs vibrantes et esprit indien \u2728<\/h3>\n<p data-start=\"294\" data-end=\"516\">La Jupe <strong data-start=\"304\" data-end=\"314\">Kinari <\/strong>est faite \u00e0 la main en Inde et incarne l\u2019artisanat authentique ! \ud83d\udcab Avec son design traditionnel et plein de couleurs, elle deviendra votre alli\u00e9e pour danser le Bollywood ou pour arborer un look boh\u00e8me au quotidien. <\/p>\n<p data-start=\"518\" data-end=\"986\">\ud83e\uddf5<strong data-start=\"521\" data-end=\"544\"> Confection et design<\/strong><br data-start=\"544\" data-end=\"547\">Cette jupe est r\u00e9alis\u00e9e en <strong data-start=\"580\" data-end=\"595\">100 % chiffon<\/strong>, un tissu l\u00e9ger et fluide, orn\u00e9 de broderies artisanales et de sequins argent\u00e9s qui captent la lumi\u00e8re \u00e0 chaque mouvement.<br data-start=\"723\" data-end=\"726\">Le mod\u00e8le <strong data-start=\"736\" data-end=\"746\">Kinari <\/strong>se distingue par un d\u00e9grad\u00e9 de<strong data-start=\"777\" data-end=\"814\"> vert, orange et marron, sublim\u00e9 <\/strong>par des broderies dans les tons bleu, dor\u00e9 et vert.<br data-start=\"905\" data-end=\"908\">\u2714\ufe0f La ceinture est \u00e9lastique avec des cordons r\u00e9glables pour un ajustement optimal.<\/p>\n<p data-start=\"988\" data-end=\"1088\">\ud83c\udf08 Disponible dans plusieurs couleurs pour s\u2019adapter \u00e0 ton style ou ta chor\u00e9graphie.<\/p>\n<p data-start=\"1090\" data-end=\"1234\"><strong data-start=\"1093\" data-end=\"1116\">\ud83d\udccf Taille unique (EU 34\u201342)<\/strong><br data-start=\"1116\" data-end=\"1119\">Gr\u00e2ce \u00e0 sa taille \u00e9lastique et \u00e0 ses cordons, elle s\u2019adapte facilement \u00e0 toutes les morphologies.<\/p>\n<p data-start=\"1236\" data-end=\"1254\">\ud83e\udeb7 <strong data-start=\"1239\" data-end=\"1254\">Id\u00e9ale pour :<\/strong><\/p>\n<ul data-start=\"1256\" data-end=\"1389\">\n<li data-start=\"1256\" data-end=\"1291\">\n<p data-start=\"1258\" data-end=\"1291\">Danse Bollywood et danses indiennes<\/p>\n<\/li>\n<li data-start=\"1292\" data-end=\"1321\">\n<p data-start=\"1294\" data-end=\"1321\">Danse orientale et fusions<\/p>\n<\/li>\n<li data-start=\"1322\" data-end=\"1360\">\n<p data-start=\"1324\" data-end=\"1360\">Tenues boho pour la rue ou les festivals<\/p>\n<\/li>\n<li data-start=\"1361\" data-end=\"1389\">\n<p data-start=\"1363\" data-end=\"1389\">Costumes de sc\u00e8ne<\/p>\n<\/li>\n<\/ul>\n<p data-start=\"1391\" data-end=\"1637\">\ud83d\udc8e<strong data-start=\"1394\" data-end=\"1417\"> Qualit\u00e9 garantie<\/strong><br data-start=\"1417\" data-end=\"1420\">Chez Neyla Dancewear, nous s\u00e9lectionnons tous nos produits avec soin afin d\u2019offrir la meilleure qualit\u00e9 au meilleur prix. Notre collection de jupes indiennes allie confort, style et authenticit\u00e9. <\/p>\n<p data-start=\"1639\" data-end=\"1838\">\ud83d\udce9 <strong data-start=\"1642\" data-end=\"1660\">Des questions ?<\/strong><br data-start=\"1660\" data-end=\"1663\">Contactez-nous via le formulaire web ou \u00e9crivez-nous \u00e0 <a class=\"cursor-pointer\" rel=\"noopener\" data-start=\"1718\" data-end=\"1803\">atencionalcliente@neylaropadedanza.es <\/a>\u2014 nous serons ravies de vous aider !<\/p>\n","protected":false},"excerpt":{"rendered":"<p>\u2728 Jupe Kinari \u2013 Couleurs vibrantes et esprit indien \u2728 La Jupe Kinari est faite \u00e0 la main en Inde et incarne l\u2019artisanat authentique ! \ud83d\udcab Avec son design traditionnel et plein de couleurs, elle deviendra votre alli\u00e9e pour danser le Bollywood ou pour arborer un look boh\u00e8me au quotidien. \ud83e\uddf5 Confection et designCette jupe [&hellip;]<\/p>\n","protected":false},"featured_media":17920,"comment_status":"open","ping_status":"closed","template":"","meta":{"content-type":"","_monsterinsights_skip_tracking":false,"_monsterinsights_sitenote_active":false,"_monsterinsights_sitenote_note":"","_monsterinsights_sitenote_category":0,"_uf_show_specific_survey":0,"_uf_disable_surveys":false},"product_brand":[],"product_cat":[965],"product_tag":[1040,1116,1120,1403,1206,1160,1164,1251,1215,1371,1389,1307,1305],"class_list":{"0":"post-19228","1":"product","2":"type-product","3":"status-publish","4":"has-post-thumbnail","6":"product_cat-jupes-indiennes","7":"product_tag-bollywood-fr","8":"product_tag-danse-bollywood","9":"product_tag-danse-du-ventre","10":"product_tag-danse-orientale","11":"product_tag-india-fr","12":"product_tag-jupe","13":"product_tag-jupe-indienne","14":"product_tag-orange-fr","15":"product_tag-paillettes","16":"product_tag-turquoise-fr","17":"product_tag-vert-pistache","18":"product_tag-vetements-dentrainement","19":"product_tag-vetements-de-danse-du-ventre-fr","20":"product_shipping_class-standard-fr","22":"first","23":"instock","24":"sale","25":"taxable","26":"shipping-taxable","27":"purchasable","28":"product-type-simple","29":"add-to-wishlist-after_add_to_cart"},"yoast_head":"<!-- This site is optimized with the Yoast SEO plugin v26.6 - https:\/\/yoast.com\/wordpress\/plugins\/seo\/ -->\n<title>Kinari - Neyla Dancewear -V\u00eatements Bollywood - Jupes indiennes<\/title>\n<meta name=\"description\" content=\"La Jupe Kinari est faite \u00e0 la main en Inde ! Dansez Bollywood avec elle ou promenez-vous sur la promenade de votre ville !\" \/>\n<meta name=\"robots\" content=\"index, follow, max-snippet:-1, max-image-preview:large, max-video-preview:-1\" \/>\n<link rel=\"canonical\" href=\"https:\/\/neylaropadedanza.es\/fr\/product\/kinari\/\" \/>\n<meta property=\"og:locale\" content=\"fr_FR\" \/>\n<meta property=\"og:type\" content=\"article\" \/>\n<meta property=\"og:title\" content=\"Kinari - Neyla Dancewear -V\u00eatements Bollywood - Jupes indiennes\" \/>\n<meta property=\"og:description\" content=\"La Jupe Kinari est faite \u00e0 la main en Inde ! Dansez Bollywood avec elle ou promenez-vous sur la promenade de votre ville !\" \/>\n<meta property=\"og:url\" content=\"https:\/\/neylaropadedanza.es\/fr\/product\/kinari\/\" \/>\n<meta property=\"og:site_name\" content=\"Neyla Dancewear\" \/>\n<meta property=\"article:publisher\" content=\"https:\/\/www.facebook.com\/neyladancewear\/\" \/>\n<meta property=\"article:modified_time\" content=\"2020-03-27T16:47:43+00:00\" \/>\n<meta property=\"og:image\" content=\"https:\/\/neylaropadedanza.com\/wp-content\/uploads\/2020\/03\/Falda-India-10.jpg\" \/>\n\t<meta property=\"og:image:width\" content=\"750\" \/>\n\t<meta property=\"og:image:height\" content=\"1024\" \/>\n\t<meta property=\"og:image:type\" content=\"image\/jpeg\" \/>\n<meta name=\"twitter:card\" content=\"summary_large_image\" \/>\n<meta name=\"twitter:label1\" content=\"Dur\u00e9e de lecture estim\u00e9e\" \/>\n\t<meta name=\"twitter:data1\" content=\"1 minute\" \/>\n<script type=\"application\/ld+json\" class=\"yoast-schema-graph\">{\"@context\":\"https:\/\/schema.org\",\"@graph\":[{\"@type\":\"WebPage\",\"@id\":\"https:\/\/neylaropadedanza.es\/fr\/product\/kinari\/\",\"url\":\"https:\/\/neylaropadedanza.es\/fr\/product\/kinari\/\",\"name\":\"Kinari - Neyla Dancewear -V\u00eatements Bollywood - Jupes indiennes\",\"isPartOf\":{\"@id\":\"https:\/\/neylaropadedanza.com\/#website\"},\"primaryImageOfPage\":{\"@id\":\"https:\/\/neylaropadedanza.es\/fr\/product\/kinari\/#primaryimage\"},\"image\":{\"@id\":\"https:\/\/neylaropadedanza.es\/fr\/product\/kinari\/#primaryimage\"},\"thumbnailUrl\":\"https:\/\/neylaropadedanza.es\/wp-content\/uploads\/2020\/03\/Falda-India-10.jpg\",\"datePublished\":\"2020-03-27T15:47:43+00:00\",\"dateModified\":\"2020-03-27T16:47:43+00:00\",\"description\":\"La Jupe Kinari est faite \u00e0 la main en Inde ! Dansez Bollywood avec elle ou promenez-vous sur la promenade de votre ville !\",\"breadcrumb\":{\"@id\":\"https:\/\/neylaropadedanza.es\/fr\/product\/kinari\/#breadcrumb\"},\"inLanguage\":\"fr-FR\",\"potentialAction\":[{\"@type\":\"ReadAction\",\"target\":[\"https:\/\/neylaropadedanza.es\/fr\/product\/kinari\/\"]}]},{\"@type\":\"ImageObject\",\"inLanguage\":\"fr-FR\",\"@id\":\"https:\/\/neylaropadedanza.es\/fr\/product\/kinari\/#primaryimage\",\"url\":\"https:\/\/neylaropadedanza.es\/wp-content\/uploads\/2020\/03\/Falda-India-10.jpg\",\"contentUrl\":\"https:\/\/neylaropadedanza.es\/wp-content\/uploads\/2020\/03\/Falda-India-10.jpg\",\"width\":750,\"height\":1024,\"caption\":\"Jupe indienne longue en chiffon vert, orange et marron avec broderies artisanales et d\u00e9tails en sequins argent\u00e9s.\"},{\"@type\":\"BreadcrumbList\",\"@id\":\"https:\/\/neylaropadedanza.es\/fr\/product\/kinari\/#breadcrumb\",\"itemListElement\":[{\"@type\":\"ListItem\",\"position\":1,\"name\":\"Home\",\"item\":\"https:\/\/neylaropadedanza.es\/fr\/\"},{\"@type\":\"ListItem\",\"position\":2,\"name\":\"Produits\",\"item\":\"https:\/\/neylaropadedanza.es\/fr\/shop\/\"},{\"@type\":\"ListItem\",\"position\":3,\"name\":\"Kinari\"}]},{\"@type\":\"WebSite\",\"@id\":\"https:\/\/neylaropadedanza.com\/#website\",\"url\":\"https:\/\/neylaropadedanza.com\/\",\"name\":\"NeylaRopaDeDanza\",\"description\":\"Ropa de Danza del Vientre, danza oriental, trajes, ropa de ensayo y mucho m\u00e1s!\",\"publisher\":{\"@id\":\"https:\/\/neylaropadedanza.com\/#organization\"},\"potentialAction\":[{\"@type\":\"SearchAction\",\"target\":{\"@type\":\"EntryPoint\",\"urlTemplate\":\"https:\/\/neylaropadedanza.com\/?s={search_term_string}\"},\"query-input\":{\"@type\":\"PropertyValueSpecification\",\"valueRequired\":true,\"valueName\":\"search_term_string\"}}],\"inLanguage\":\"fr-FR\"},{\"@type\":\"Organization\",\"@id\":\"https:\/\/neylaropadedanza.com\/#organization\",\"name\":\"NeylaRopaDeDanza\",\"url\":\"https:\/\/neylaropadedanza.com\/\",\"logo\":{\"@type\":\"ImageObject\",\"inLanguage\":\"fr-FR\",\"@id\":\"https:\/\/neylaropadedanza.com\/#\/schema\/logo\/image\/\",\"url\":\"https:\/\/neylaropadedanza.es\/wp-content\/uploads\/2025\/04\/Neyla-Blanc.webp\",\"contentUrl\":\"https:\/\/neylaropadedanza.es\/wp-content\/uploads\/2025\/04\/Neyla-Blanc.webp\",\"width\":1970,\"height\":936,\"caption\":\"NeylaRopaDeDanza\"},\"image\":{\"@id\":\"https:\/\/neylaropadedanza.com\/#\/schema\/logo\/image\/\"},\"sameAs\":[\"https:\/\/www.facebook.com\/neyladancewear\/\",\"https:\/\/www.instagram.com\/neyladancewear\/\",\"https:\/\/www.youtube.com\/channel\/UCKlqrANcZD0QqKXzpy4taWA?view_as=subscriber\"]}]}<\/script>\n<!-- \/ Yoast SEO plugin. -->","yoast_head_json":{"title":"Kinari - Neyla Dancewear -V\u00eatements Bollywood - Jupes indiennes","description":"La Jupe Kinari est faite \u00e0 la main en Inde ! Dansez Bollywood avec elle ou promenez-vous sur la promenade de votre ville !","robots":{"index":"index","follow":"follow","max-snippet":"max-snippet:-1","max-image-preview":"max-image-preview:large","max-video-preview":"max-video-preview:-1"},"canonical":"https:\/\/neylaropadedanza.es\/fr\/product\/kinari\/","og_locale":"fr_FR","og_type":"article","og_title":"Kinari - Neyla Dancewear -V\u00eatements Bollywood - Jupes indiennes","og_description":"La Jupe Kinari est faite \u00e0 la main en Inde ! Dansez Bollywood avec elle ou promenez-vous sur la promenade de votre ville !","og_url":"https:\/\/neylaropadedanza.es\/fr\/product\/kinari\/","og_site_name":"Neyla Dancewear","article_publisher":"https:\/\/www.facebook.com\/neyladancewear\/","article_modified_time":"2020-03-27T16:47:43+00:00","og_image":[{"width":750,"height":1024,"url":"https:\/\/neylaropadedanza.com\/wp-content\/uploads\/2020\/03\/Falda-India-10.jpg","type":"image\/jpeg"}],"twitter_card":"summary_large_image","twitter_misc":{"Dur\u00e9e de lecture estim\u00e9e":"1 minute"},"schema":{"@context":"https:\/\/schema.org","@graph":[{"@type":"WebPage","@id":"https:\/\/neylaropadedanza.es\/fr\/product\/kinari\/","url":"https:\/\/neylaropadedanza.es\/fr\/product\/kinari\/","name":"Kinari - Neyla Dancewear -V\u00eatements Bollywood - Jupes indiennes","isPartOf":{"@id":"https:\/\/neylaropadedanza.com\/#website"},"primaryImageOfPage":{"@id":"https:\/\/neylaropadedanza.es\/fr\/product\/kinari\/#primaryimage"},"image":{"@id":"https:\/\/neylaropadedanza.es\/fr\/product\/kinari\/#primaryimage"},"thumbnailUrl":"https:\/\/neylaropadedanza.es\/wp-content\/uploads\/2020\/03\/Falda-India-10.jpg","datePublished":"2020-03-27T15:47:43+00:00","dateModified":"2020-03-27T16:47:43+00:00","description":"La Jupe Kinari est faite \u00e0 la main en Inde ! Dansez Bollywood avec elle ou promenez-vous sur la promenade de votre ville !","breadcrumb":{"@id":"https:\/\/neylaropadedanza.es\/fr\/product\/kinari\/#breadcrumb"},"inLanguage":"fr-FR","potentialAction":[{"@type":"ReadAction","target":["https:\/\/neylaropadedanza.es\/fr\/product\/kinari\/"]}]},{"@type":"ImageObject","inLanguage":"fr-FR","@id":"https:\/\/neylaropadedanza.es\/fr\/product\/kinari\/#primaryimage","url":"https:\/\/neylaropadedanza.es\/wp-content\/uploads\/2020\/03\/Falda-India-10.jpg","contentUrl":"https:\/\/neylaropadedanza.es\/wp-content\/uploads\/2020\/03\/Falda-India-10.jpg","width":750,"height":1024,"caption":"Jupe indienne longue en chiffon vert, orange et marron avec broderies artisanales et d\u00e9tails en sequins argent\u00e9s."},{"@type":"BreadcrumbList","@id":"https:\/\/neylaropadedanza.es\/fr\/product\/kinari\/#breadcrumb","itemListElement":[{"@type":"ListItem","position":1,"name":"Home","item":"https:\/\/neylaropadedanza.es\/fr\/"},{"@type":"ListItem","position":2,"name":"Produits","item":"https:\/\/neylaropadedanza.es\/fr\/shop\/"},{"@type":"ListItem","position":3,"name":"Kinari"}]},{"@type":"WebSite","@id":"https:\/\/neylaropadedanza.com\/#website","url":"https:\/\/neylaropadedanza.com\/","name":"NeylaRopaDeDanza","description":"Ropa de Danza del Vientre, danza oriental, trajes, ropa de ensayo y mucho m\u00e1s!","publisher":{"@id":"https:\/\/neylaropadedanza.com\/#organization"},"potentialAction":[{"@type":"SearchAction","target":{"@type":"EntryPoint","urlTemplate":"https:\/\/neylaropadedanza.com\/?s={search_term_string}"},"query-input":{"@type":"PropertyValueSpecification","valueRequired":true,"valueName":"search_term_string"}}],"inLanguage":"fr-FR"},{"@type":"Organization","@id":"https:\/\/neylaropadedanza.com\/#organization","name":"NeylaRopaDeDanza","url":"https:\/\/neylaropadedanza.com\/","logo":{"@type":"ImageObject","inLanguage":"fr-FR","@id":"https:\/\/neylaropadedanza.com\/#\/schema\/logo\/image\/","url":"https:\/\/neylaropadedanza.es\/wp-content\/uploads\/2025\/04\/Neyla-Blanc.webp","contentUrl":"https:\/\/neylaropadedanza.es\/wp-content\/uploads\/2025\/04\/Neyla-Blanc.webp","width":1970,"height":936,"caption":"NeylaRopaDeDanza"},"image":{"@id":"https:\/\/neylaropadedanza.com\/#\/schema\/logo\/image\/"},"sameAs":["https:\/\/www.facebook.com\/neyladancewear\/","https:\/\/www.instagram.com\/neyladancewear\/","https:\/\/www.youtube.com\/channel\/UCKlqrANcZD0QqKXzpy4taWA?view_as=subscriber"]}]}},"_links":{"self":[{"href":"https:\/\/neylaropadedanza.es\/fr\/wp-json\/wp\/v2\/product\/19228","targetHints":{"allow":["GET"]}}],"collection":[{"href":"https:\/\/neylaropadedanza.es\/fr\/wp-json\/wp\/v2\/product"}],"about":[{"href":"https:\/\/neylaropadedanza.es\/fr\/wp-json\/wp\/v2\/types\/product"}],"replies":[{"embeddable":true,"href":"https:\/\/neylaropadedanza.es\/fr\/wp-json\/wp\/v2\/comments?post=19228"}],"version-history":[{"count":0,"href":"https:\/\/neylaropadedanza.es\/fr\/wp-json\/wp\/v2\/product\/19228\/revisions"}],"wp:featuredmedia":[{"embeddable":true,"href":"https:\/\/neylaropadedanza.es\/fr\/wp-json\/wp\/v2\/media\/17920"}],"wp:attachment":[{"href":"https:\/\/neylaropadedanza.es\/fr\/wp-json\/wp\/v2\/media?parent=19228"}],"wp:term":[{"taxonomy":"product_brand","embeddable":true,"href":"https:\/\/neylaropadedanza.es\/fr\/wp-json\/wp\/v2\/product_brand?post=19228"},{"taxonomy":"product_cat","embeddable":true,"href":"https:\/\/neylaropadedanza.es\/fr\/wp-json\/wp\/v2\/product_cat?post=19228"},{"taxonomy":"product_tag","embeddable":true,"href":"https:\/\/neylaropadedanza.es\/fr\/wp-json\/wp\/v2\/product_tag?post=19228"}],"curies":[{"name":"wp","href":"https:\/\/api.w.org\/{rel}","templated":true}]}}