{"id":19222,"date":"2020-03-27T20:08:01","date_gmt":"2020-03-27T20:08:01","guid":{"rendered":"https:\/\/neylaropadedanza.es\/product\/kiran\/"},"modified":"2020-03-27T20:08:01","modified_gmt":"2020-03-27T20:08:01","slug":"kiran","status":"publish","type":"product","link":"https:\/\/neylaropadedanza.es\/fr\/product\/kiran\/","title":{"rendered":"Kiran"},"content":{"rendered":"<h3 data-start=\"228\" data-end=\"284\">\u2728 Jupe Kiran \u2013 Couleurs \u00e9clatantes et esprit indien \u2728<\/h3>\n<p data-start=\"286\" data-end=\"511\">La <strong data-start=\"290\" data-end=\"305\">Jupe Kiran <\/strong>est fabriqu\u00e9e \u00e0 la main en Inde et incarne le v\u00e9ritable artisanat ! \ud83d\udcab Avec son design traditionnel et color\u00e9, elle deviendra ta pi\u00e8ce pr\u00e9f\u00e9r\u00e9e pour danser le <strong data-start=\"442\" data-end=\"462\">Bollywood <\/strong>ou cr\u00e9er un look boh\u00e8me dans ta vie quotidienne. <\/p>\n<p data-start=\"513\" data-end=\"918\"><strong data-start=\"516\" data-end=\"539\">\ud83e\uddf5 Tissu et design<\/strong><br data-start=\"539\" data-end=\"542\">Confectionn\u00e9e en 100 % mousseline, cette jupe est l<strong data-start=\"575\" data-end=\"590\">\u00e9g\u00e8re et fluide,<\/strong> orn\u00e9e de broderies artisanales et de<strong data-start=\"642\" data-end=\"666\"> sequins argent\u00e9s<\/strong> <strong data-start=\"669\" data-end=\"694\">qui brillent \u00e0 chaque mouvement.<\/strong> Le mod\u00e8le <strong data-start=\"737\" data-end=\"746\">Kiran<\/strong> associe un fond<strong data-start=\"764\" data-end=\"778\"> bleu cie<\/strong>l \u00e0 des <strong data-start=\"801\" data-end=\"832\">broderies dans des tons bleu fonc\u00e9, vert et dor<\/strong>\u00e9.<br data-start=\"833\" data-end=\"836\">\u2714\ufe0f Ceinture \u00e9lastique avec <strong data-start=\"873\" data-end=\"896\">liens r\u00e9glables<\/strong> pour un ajustement parfait. <\/p>\n<p data-start=\"920\" data-end=\"1020\">\ud83c\udf08 Disponible dans plusieurs couleurs pour s\u2019adapter \u00e0 ton style ou ta chor\u00e9graphie.<\/p>\n<p data-start=\"1022\" data-end=\"1166\"><strong data-start=\"1025\" data-end=\"1048\">\ud83d\udccf Taille unique (EU 34\u201342)<\/strong><br data-start=\"1048\" data-end=\"1051\">Gr\u00e2ce \u00e0 sa taille \u00e9lastique et \u00e0 ses cordons, elle s\u2019adapte facilement \u00e0 toutes les morphologies.<\/p>\n<p data-start=\"1168\" data-end=\"1188\">\ud83e\udeb7 <strong data-start=\"1171\" data-end=\"1185\">Id\u00e9ale pour :<\/strong><\/p>\n<ul data-start=\"1189\" data-end=\"1322\">\n<li data-start=\"1189\" data-end=\"1224\">\n<p data-start=\"1191\" data-end=\"1224\">Danse Bollywood et danses indiennes<\/p>\n<\/li>\n<li data-start=\"1225\" data-end=\"1254\">\n<p data-start=\"1227\" data-end=\"1254\">Danse orientale et fusions<\/p>\n<\/li>\n<li data-start=\"1255\" data-end=\"1293\">\n<p data-start=\"1257\" data-end=\"1293\">Tenues boho pour la rue ou les festivals<\/p>\n<\/li>\n<li data-start=\"1294\" data-end=\"1322\">\n<p data-start=\"1296\" data-end=\"1322\">Costumes de sc\u00e8ne<\/p>\n<\/li>\n<\/ul>\n<p data-start=\"1324\" data-end=\"1582\">\ud83d\udc8e<strong data-start=\"1327\" data-end=\"1350\"> Qualit\u00e9 garantie<\/strong><br data-start=\"1350\" data-end=\"1353\">Chez <strong data-start=\"1356\" data-end=\"1375\">Neyla Dancewea<\/strong>r, nous s\u00e9lectionnons tous nos produits avec soin pour t\u2019offrir la <strong data-start=\"1462\" data-end=\"1480\">meilleure qualit\u00e9 au meilleur prix<\/strong>. Notre collection de jupes indiennes<strong data-start=\"1545\" data-end=\"1581\"> garantit confort, style et authenticit\u00e9.<\/strong> <\/p>\n<p data-start=\"1584\" data-end=\"1779\">\ud83d\udce9 Une question ?<br data-start=\"1601\" data-end=\"1604\">Contacte-nous via le formulaire du site ou par email \u00e0 <a class=\"cursor-pointer\" rel=\"noopener\" data-start=\"1659\" data-end=\"1744\">atencionalcliente@neylaropadedanza.es <\/a>\u2014 nous serons ravies de t\u2019aider !<\/p>\n","protected":false},"excerpt":{"rendered":"<p>\u2728 Jupe Kiran \u2013 Couleurs \u00e9clatantes et esprit indien \u2728 La Jupe Kiran est fabriqu\u00e9e \u00e0 la main en Inde et incarne le v\u00e9ritable artisanat ! \ud83d\udcab Avec son design traditionnel et color\u00e9, elle deviendra ta pi\u00e8ce pr\u00e9f\u00e9r\u00e9e pour danser le Bollywood ou cr\u00e9er un look boh\u00e8me dans ta vie quotidienne. \ud83e\uddf5 Tissu et designConfectionn\u00e9e [&hellip;]<\/p>\n","protected":false},"featured_media":17926,"comment_status":"open","ping_status":"closed","template":"","meta":{"content-type":"","_monsterinsights_skip_tracking":false,"_monsterinsights_sitenote_active":false,"_monsterinsights_sitenote_note":"","_monsterinsights_sitenote_category":0,"_uf_show_specific_survey":0,"_uf_disable_surveys":false},"product_brand":[],"product_cat":[965],"product_tag":[1048,1056,1040,1116,1120,1403,1134,1206,1160,1164,1215,1385,1307,1305],"class_list":{"0":"post-19222","1":"product","2":"type-product","3":"status-publish","4":"has-post-thumbnail","6":"product_cat-jupes-indiennes","7":"product_tag-bleu","8":"product_tag-bleu-fonce","9":"product_tag-bollywood-fr","10":"product_tag-danse-bollywood","11":"product_tag-danse-du-ventre","12":"product_tag-danse-orientale","13":"product_tag-dore","14":"product_tag-india-fr","15":"product_tag-jupe","16":"product_tag-jupe-indienne","17":"product_tag-paillettes","18":"product_tag-vert","19":"product_tag-vetements-dentrainement","20":"product_tag-vetements-de-danse-du-ventre-fr","21":"product_shipping_class-standard-fr","23":"first","24":"instock","25":"sale","26":"taxable","27":"shipping-taxable","28":"purchasable","29":"product-type-simple","30":"add-to-wishlist-after_add_to_cart"},"yoast_head":"<!-- This site is optimized with the Yoast SEO plugin v26.6 - https:\/\/yoast.com\/wordpress\/plugins\/seo\/ -->\n<title>Kiran - Neyla Dancewear -V\u00eatements Bollywood - Jupes indiennes<\/title>\n<meta name=\"description\" content=\"La Jupe Kiran est faite \u00e0 la main en Inde ! Dansez Bollywood avec elle ou bien promenez-vous le long de la promenade de votre ville !\" \/>\n<meta name=\"robots\" content=\"index, follow, max-snippet:-1, max-image-preview:large, max-video-preview:-1\" \/>\n<link rel=\"canonical\" href=\"https:\/\/neylaropadedanza.es\/fr\/product\/kiran\/\" \/>\n<meta property=\"og:locale\" content=\"fr_FR\" \/>\n<meta property=\"og:type\" content=\"article\" \/>\n<meta property=\"og:title\" content=\"Kiran - Neyla Dancewear -V\u00eatements Bollywood - Jupes indiennes\" \/>\n<meta property=\"og:description\" content=\"La Jupe Kiran est faite \u00e0 la main en Inde ! Dansez Bollywood avec elle ou bien promenez-vous le long de la promenade de votre ville !\" \/>\n<meta property=\"og:url\" content=\"https:\/\/neylaropadedanza.es\/fr\/product\/kiran\/\" \/>\n<meta property=\"og:site_name\" content=\"Neyla Dancewear\" \/>\n<meta property=\"article:publisher\" content=\"https:\/\/www.facebook.com\/neyladancewear\/\" \/>\n<meta property=\"og:image\" content=\"https:\/\/neylaropadedanza.com\/wp-content\/uploads\/2020\/03\/Falda-India-21.jpg\" \/>\n\t<meta property=\"og:image:width\" content=\"736\" \/>\n\t<meta property=\"og:image:height\" content=\"1024\" \/>\n\t<meta property=\"og:image:type\" content=\"image\/jpeg\" \/>\n<meta name=\"twitter:card\" content=\"summary_large_image\" \/>\n<meta name=\"twitter:label1\" content=\"Dur\u00e9e de lecture estim\u00e9e\" \/>\n\t<meta name=\"twitter:data1\" content=\"1 minute\" \/>\n<script type=\"application\/ld+json\" class=\"yoast-schema-graph\">{\"@context\":\"https:\/\/schema.org\",\"@graph\":[{\"@type\":\"WebPage\",\"@id\":\"https:\/\/neylaropadedanza.es\/fr\/product\/kiran\/\",\"url\":\"https:\/\/neylaropadedanza.es\/fr\/product\/kiran\/\",\"name\":\"Kiran - Neyla Dancewear -V\u00eatements Bollywood - Jupes indiennes\",\"isPartOf\":{\"@id\":\"https:\/\/neylaropadedanza.com\/#website\"},\"primaryImageOfPage\":{\"@id\":\"https:\/\/neylaropadedanza.es\/fr\/product\/kiran\/#primaryimage\"},\"image\":{\"@id\":\"https:\/\/neylaropadedanza.es\/fr\/product\/kiran\/#primaryimage\"},\"thumbnailUrl\":\"https:\/\/neylaropadedanza.es\/wp-content\/uploads\/2020\/03\/Falda-India-21.jpg\",\"datePublished\":\"2020-03-27T20:08:01+00:00\",\"description\":\"La Jupe Kiran est faite \u00e0 la main en Inde ! Dansez Bollywood avec elle ou bien promenez-vous le long de la promenade de votre ville !\",\"breadcrumb\":{\"@id\":\"https:\/\/neylaropadedanza.es\/fr\/product\/kiran\/#breadcrumb\"},\"inLanguage\":\"fr-FR\",\"potentialAction\":[{\"@type\":\"ReadAction\",\"target\":[\"https:\/\/neylaropadedanza.es\/fr\/product\/kiran\/\"]}]},{\"@type\":\"ImageObject\",\"inLanguage\":\"fr-FR\",\"@id\":\"https:\/\/neylaropadedanza.es\/fr\/product\/kiran\/#primaryimage\",\"url\":\"https:\/\/neylaropadedanza.es\/wp-content\/uploads\/2020\/03\/Falda-India-21.jpg\",\"contentUrl\":\"https:\/\/neylaropadedanza.es\/wp-content\/uploads\/2020\/03\/Falda-India-21.jpg\",\"width\":736,\"height\":1024,\"caption\":\"Jupe longue en mousseline bleu ciel avec broderies bleu fonc\u00e9, vertes et dor\u00e9es et d\u00e9tails en sequins argent\u00e9s.\"},{\"@type\":\"BreadcrumbList\",\"@id\":\"https:\/\/neylaropadedanza.es\/fr\/product\/kiran\/#breadcrumb\",\"itemListElement\":[{\"@type\":\"ListItem\",\"position\":1,\"name\":\"Home\",\"item\":\"https:\/\/neylaropadedanza.es\/fr\/\"},{\"@type\":\"ListItem\",\"position\":2,\"name\":\"Produits\",\"item\":\"https:\/\/neylaropadedanza.es\/fr\/shop\/\"},{\"@type\":\"ListItem\",\"position\":3,\"name\":\"Kiran\"}]},{\"@type\":\"WebSite\",\"@id\":\"https:\/\/neylaropadedanza.com\/#website\",\"url\":\"https:\/\/neylaropadedanza.com\/\",\"name\":\"NeylaRopaDeDanza\",\"description\":\"Ropa de Danza del Vientre, danza oriental, trajes, ropa de ensayo y mucho m\u00e1s!\",\"publisher\":{\"@id\":\"https:\/\/neylaropadedanza.com\/#organization\"},\"potentialAction\":[{\"@type\":\"SearchAction\",\"target\":{\"@type\":\"EntryPoint\",\"urlTemplate\":\"https:\/\/neylaropadedanza.com\/?s={search_term_string}\"},\"query-input\":{\"@type\":\"PropertyValueSpecification\",\"valueRequired\":true,\"valueName\":\"search_term_string\"}}],\"inLanguage\":\"fr-FR\"},{\"@type\":\"Organization\",\"@id\":\"https:\/\/neylaropadedanza.com\/#organization\",\"name\":\"NeylaRopaDeDanza\",\"url\":\"https:\/\/neylaropadedanza.com\/\",\"logo\":{\"@type\":\"ImageObject\",\"inLanguage\":\"fr-FR\",\"@id\":\"https:\/\/neylaropadedanza.com\/#\/schema\/logo\/image\/\",\"url\":\"https:\/\/neylaropadedanza.es\/wp-content\/uploads\/2025\/04\/Neyla-Blanc.webp\",\"contentUrl\":\"https:\/\/neylaropadedanza.es\/wp-content\/uploads\/2025\/04\/Neyla-Blanc.webp\",\"width\":1970,\"height\":936,\"caption\":\"NeylaRopaDeDanza\"},\"image\":{\"@id\":\"https:\/\/neylaropadedanza.com\/#\/schema\/logo\/image\/\"},\"sameAs\":[\"https:\/\/www.facebook.com\/neyladancewear\/\",\"https:\/\/www.instagram.com\/neyladancewear\/\",\"https:\/\/www.youtube.com\/channel\/UCKlqrANcZD0QqKXzpy4taWA?view_as=subscriber\"]}]}<\/script>\n<!-- \/ Yoast SEO plugin. -->","yoast_head_json":{"title":"Kiran - Neyla Dancewear -V\u00eatements Bollywood - Jupes indiennes","description":"La Jupe Kiran est faite \u00e0 la main en Inde ! Dansez Bollywood avec elle ou bien promenez-vous le long de la promenade de votre ville !","robots":{"index":"index","follow":"follow","max-snippet":"max-snippet:-1","max-image-preview":"max-image-preview:large","max-video-preview":"max-video-preview:-1"},"canonical":"https:\/\/neylaropadedanza.es\/fr\/product\/kiran\/","og_locale":"fr_FR","og_type":"article","og_title":"Kiran - Neyla Dancewear -V\u00eatements Bollywood - Jupes indiennes","og_description":"La Jupe Kiran est faite \u00e0 la main en Inde ! Dansez Bollywood avec elle ou bien promenez-vous le long de la promenade de votre ville !","og_url":"https:\/\/neylaropadedanza.es\/fr\/product\/kiran\/","og_site_name":"Neyla Dancewear","article_publisher":"https:\/\/www.facebook.com\/neyladancewear\/","og_image":[{"width":736,"height":1024,"url":"https:\/\/neylaropadedanza.com\/wp-content\/uploads\/2020\/03\/Falda-India-21.jpg","type":"image\/jpeg"}],"twitter_card":"summary_large_image","twitter_misc":{"Dur\u00e9e de lecture estim\u00e9e":"1 minute"},"schema":{"@context":"https:\/\/schema.org","@graph":[{"@type":"WebPage","@id":"https:\/\/neylaropadedanza.es\/fr\/product\/kiran\/","url":"https:\/\/neylaropadedanza.es\/fr\/product\/kiran\/","name":"Kiran - Neyla Dancewear -V\u00eatements Bollywood - Jupes indiennes","isPartOf":{"@id":"https:\/\/neylaropadedanza.com\/#website"},"primaryImageOfPage":{"@id":"https:\/\/neylaropadedanza.es\/fr\/product\/kiran\/#primaryimage"},"image":{"@id":"https:\/\/neylaropadedanza.es\/fr\/product\/kiran\/#primaryimage"},"thumbnailUrl":"https:\/\/neylaropadedanza.es\/wp-content\/uploads\/2020\/03\/Falda-India-21.jpg","datePublished":"2020-03-27T20:08:01+00:00","description":"La Jupe Kiran est faite \u00e0 la main en Inde ! Dansez Bollywood avec elle ou bien promenez-vous le long de la promenade de votre ville !","breadcrumb":{"@id":"https:\/\/neylaropadedanza.es\/fr\/product\/kiran\/#breadcrumb"},"inLanguage":"fr-FR","potentialAction":[{"@type":"ReadAction","target":["https:\/\/neylaropadedanza.es\/fr\/product\/kiran\/"]}]},{"@type":"ImageObject","inLanguage":"fr-FR","@id":"https:\/\/neylaropadedanza.es\/fr\/product\/kiran\/#primaryimage","url":"https:\/\/neylaropadedanza.es\/wp-content\/uploads\/2020\/03\/Falda-India-21.jpg","contentUrl":"https:\/\/neylaropadedanza.es\/wp-content\/uploads\/2020\/03\/Falda-India-21.jpg","width":736,"height":1024,"caption":"Jupe longue en mousseline bleu ciel avec broderies bleu fonc\u00e9, vertes et dor\u00e9es et d\u00e9tails en sequins argent\u00e9s."},{"@type":"BreadcrumbList","@id":"https:\/\/neylaropadedanza.es\/fr\/product\/kiran\/#breadcrumb","itemListElement":[{"@type":"ListItem","position":1,"name":"Home","item":"https:\/\/neylaropadedanza.es\/fr\/"},{"@type":"ListItem","position":2,"name":"Produits","item":"https:\/\/neylaropadedanza.es\/fr\/shop\/"},{"@type":"ListItem","position":3,"name":"Kiran"}]},{"@type":"WebSite","@id":"https:\/\/neylaropadedanza.com\/#website","url":"https:\/\/neylaropadedanza.com\/","name":"NeylaRopaDeDanza","description":"Ropa de Danza del Vientre, danza oriental, trajes, ropa de ensayo y mucho m\u00e1s!","publisher":{"@id":"https:\/\/neylaropadedanza.com\/#organization"},"potentialAction":[{"@type":"SearchAction","target":{"@type":"EntryPoint","urlTemplate":"https:\/\/neylaropadedanza.com\/?s={search_term_string}"},"query-input":{"@type":"PropertyValueSpecification","valueRequired":true,"valueName":"search_term_string"}}],"inLanguage":"fr-FR"},{"@type":"Organization","@id":"https:\/\/neylaropadedanza.com\/#organization","name":"NeylaRopaDeDanza","url":"https:\/\/neylaropadedanza.com\/","logo":{"@type":"ImageObject","inLanguage":"fr-FR","@id":"https:\/\/neylaropadedanza.com\/#\/schema\/logo\/image\/","url":"https:\/\/neylaropadedanza.es\/wp-content\/uploads\/2025\/04\/Neyla-Blanc.webp","contentUrl":"https:\/\/neylaropadedanza.es\/wp-content\/uploads\/2025\/04\/Neyla-Blanc.webp","width":1970,"height":936,"caption":"NeylaRopaDeDanza"},"image":{"@id":"https:\/\/neylaropadedanza.com\/#\/schema\/logo\/image\/"},"sameAs":["https:\/\/www.facebook.com\/neyladancewear\/","https:\/\/www.instagram.com\/neyladancewear\/","https:\/\/www.youtube.com\/channel\/UCKlqrANcZD0QqKXzpy4taWA?view_as=subscriber"]}]}},"_links":{"self":[{"href":"https:\/\/neylaropadedanza.es\/fr\/wp-json\/wp\/v2\/product\/19222","targetHints":{"allow":["GET"]}}],"collection":[{"href":"https:\/\/neylaropadedanza.es\/fr\/wp-json\/wp\/v2\/product"}],"about":[{"href":"https:\/\/neylaropadedanza.es\/fr\/wp-json\/wp\/v2\/types\/product"}],"replies":[{"embeddable":true,"href":"https:\/\/neylaropadedanza.es\/fr\/wp-json\/wp\/v2\/comments?post=19222"}],"version-history":[{"count":0,"href":"https:\/\/neylaropadedanza.es\/fr\/wp-json\/wp\/v2\/product\/19222\/revisions"}],"wp:featuredmedia":[{"embeddable":true,"href":"https:\/\/neylaropadedanza.es\/fr\/wp-json\/wp\/v2\/media\/17926"}],"wp:attachment":[{"href":"https:\/\/neylaropadedanza.es\/fr\/wp-json\/wp\/v2\/media?parent=19222"}],"wp:term":[{"taxonomy":"product_brand","embeddable":true,"href":"https:\/\/neylaropadedanza.es\/fr\/wp-json\/wp\/v2\/product_brand?post=19222"},{"taxonomy":"product_cat","embeddable":true,"href":"https:\/\/neylaropadedanza.es\/fr\/wp-json\/wp\/v2\/product_cat?post=19222"},{"taxonomy":"product_tag","embeddable":true,"href":"https:\/\/neylaropadedanza.es\/fr\/wp-json\/wp\/v2\/product_tag?post=19222"}],"curies":[{"name":"wp","href":"https:\/\/api.w.org\/{rel}","templated":true}]}}