{"id":19214,"date":"2020-05-13T17:05:00","date_gmt":"2020-05-13T15:05:00","guid":{"rendered":"https:\/\/neylaropadedanza.es\/product\/jambieres-hautes\/"},"modified":"2025-10-07T22:42:46","modified_gmt":"2025-10-07T22:42:46","slug":"jambieres-hautes","status":"publish","type":"product","link":"https:\/\/neylaropadedanza.es\/fr\/product\/jambieres-hautes\/","title":{"rendered":"Jambi\u00e8res Hautes"},"content":{"rendered":"<h2 data-start=\"223\" data-end=\"308\"><strong data-start=\"232\" data-end=\"308\">\u2728 Jambi\u00e8res Hautes \u2013 Confort, style et protection pour vos entra\u00eenements \u2728<\/strong><\/h2>\n<p data-start=\"310\" data-end=\"594\">Les<strong data-start=\"314\" data-end=\"336\"> Jambi\u00e8res Hautes<\/strong> sont l\u2019accessoire id\u00e9al pour vos cours de danse orientale, en particulier pendant les journ\u00e9es fra\u00eeches. Elles apportent non seulement une touche \u00e9l\u00e9gante \u00e0 votre tenue, mais permettent aussi de <strong data-start=\"490\" data-end=\"535\">pr\u00e9venir les blessures en gardant<\/strong> les muscles bien au chaud. <\/p>\n<p data-start=\"596\" data-end=\"907\">\ud83e\udde6 <strong data-start=\"599\" data-end=\"632\">Design pratique et flatteur<\/strong><br data-start=\"632\" data-end=\"635\">Ces jambi\u00e8res montent jusqu\u2019au <strong data-start=\"682\" data-end=\"697\">milieu de la cuisse <\/strong>et disposent d\u2019une <strong data-start=\"716\" data-end=\"740\">ouverture au talon<\/strong> pour un meilleur ajustement et plus de confort. Elles restent bien en place tout en permettant une grande libert\u00e9 de mouvement. <\/p>\n<p data-start=\"909\" data-end=\"997\">\ud83c\udfa8<strong data-start=\"912\" data-end=\"936\"> Couleurs disponibles :<\/strong><br data-start=\"936\" data-end=\"939\">\u2013 Noir classique<br data-start=\"954\" data-end=\"957\">\u2013 Bleu \u00c9ther, une teinte originale et \u00e9l\u00e9gante<\/p>\n<p data-start=\"999\" data-end=\"1299\">\ud83e\uddf5 <strong data-start=\"1002\" data-end=\"1036\">Qualit\u00e9 et confort garantis<\/strong><br data-start=\"1036\" data-end=\"1039\">Chez <strong data-start=\"1042\" data-end=\"1061\">Neyla Dancewear,<\/strong> nous s\u00e9lectionnons minutieusement tous nos accessoires pour garantir<strong data-start=\"1219\" data-end=\"1247\"> qualit\u00e9, durabilit\u00e9 et confort<\/strong>. Nos jambi\u00e8res ont \u00e9t\u00e9 rigoureusement test\u00e9es avant mise en vente. <\/p>\n<p data-start=\"1301\" data-end=\"1584\">\ud83d\udca1<strong data-start=\"1304\" data-end=\"1335\"> Un indispensable de la danse<\/strong><br data-start=\"1335\" data-end=\"1338\">Id\u00e9ales pour la <strong data-start=\"1414\" data-end=\"1494\">danse orientale, tribal, fusion, yoga, pilates ou toute autre discipline,<\/strong> ces jambi\u00e8res offrent chaleur et style \u00e0 chaque s\u00e9ance. <\/p>\n<p data-start=\"1586\" data-end=\"1896\">\u2728<strong data-start=\"1588\" data-end=\"1637\"> D\u00e9couvrez notre section Accessoires<\/strong><br data-start=\"1637\" data-end=\"1640\">Explorez notre <a href=\"https:\/\/neylaropadedanza.es\/fr\/accessoires\/\"><strong data-start=\"1670\" data-end=\"1684\">s\u00e9lection compl\u00e8te d\u2019accessoires <\/strong><\/a>: <strong data-start=\"1719\" data-end=\"1788\">ceintures de danse, voiles en soie, bijoux, jambi\u00e8res et bien plus encore. <\/strong><\/p>\n<p data-start=\"1586\" data-end=\"1896\">Jetez aussi un \u0153il \u00e0 notre espace <a href=\"https:\/\/neylaropadedanza.es\/fr\/do-it-yourself\/\"><strong data-start=\"1871\" data-end=\"1895\">DIY (Do It Yourself)<\/strong><\/a> pour personnaliser votre tenue.<\/p>\n<p data-start=\"1898\" data-end=\"2098\">\ud83d\udce9 Vous souhaitez une autre couleur ou mati\u00e8re ? Contactez-nous par mail \u00e0 <a class=\"cursor-pointer\" rel=\"noopener\" data-start=\"1948\" data-end=\"2033\">atencionalcliente@neylaropadedanza.es<\/a> ou via le <a href=\"https:\/\/neylaropadedanza.es\/fr\/contact\/\">formulaire de contact.<\/a> Nous serons ravies de vous aider !  Nous serons ravies de vous conseiller !<\/p>\n","protected":false},"excerpt":{"rendered":"<p>\u2728 Jambi\u00e8res Hautes \u2013 Confort, style et protection pour vos entra\u00eenements \u2728 Les Jambi\u00e8res Hautes sont l\u2019accessoire id\u00e9al pour vos cours de danse orientale, en particulier pendant les journ\u00e9es fra\u00eeches. Elles apportent non seulement une touche \u00e9l\u00e9gante \u00e0 votre tenue, mais permettent aussi de pr\u00e9venir les blessures en gardant les muscles bien au chaud. \ud83e\udde6 [&hellip;]<\/p>\n","protected":false},"featured_media":17966,"comment_status":"open","ping_status":"closed","template":"","meta":{"content-type":"","_monsterinsights_skip_tracking":false,"_monsterinsights_sitenote_active":false,"_monsterinsights_sitenote_note":"","_monsterinsights_sitenote_category":0,"_uf_show_specific_survey":0,"_uf_disable_surveys":false},"product_brand":[],"product_cat":[950,956],"product_tag":[1015,1124,1120,1403,1072,994,1253,1307,1297,1305],"class_list":{"0":"post-19214","1":"product","2":"type-product","3":"status-publish","4":"has-post-thumbnail","6":"product_cat-accessoires","7":"product_cat-jambieres","8":"product_tag-accessoires","9":"product_tag-danse-arabe","10":"product_tag-danse-du-ventre","11":"product_tag-danse-orientale","12":"product_tag-jambieres","13":"product_tag-neyla-dancewear-fr","14":"product_tag-noir","15":"product_tag-vetements-dentrainement","16":"product_tag-vetements-de-danse","17":"product_tag-vetements-de-danse-du-ventre-fr","19":"first","20":"instock","21":"sale","22":"taxable","23":"shipping-taxable","24":"purchasable","25":"product-type-variable","26":"add-to-wishlist-after_add_to_cart"},"yoast_head":"<!-- This site is optimized with the Yoast SEO plugin v26.6 - https:\/\/yoast.com\/wordpress\/plugins\/seo\/ -->\n<title>Jambi\u00e8res Hautes - Neyla Dancewear - V\u00eatements de danse du ventre<\/title>\n<meta name=\"description\" content=\"Les Chauffe-jambes hauts deviendront votre accessoire id\u00e9al pour la danse du ventre lors des jours froids ! V\u00eatements de danse orientale au meilleur prix !\" \/>\n<meta name=\"robots\" content=\"index, follow, max-snippet:-1, max-image-preview:large, max-video-preview:-1\" \/>\n<link rel=\"canonical\" href=\"https:\/\/neylaropadedanza.es\/fr\/product\/jambieres-hautes\/\" \/>\n<meta property=\"og:locale\" content=\"fr_FR\" \/>\n<meta property=\"og:type\" content=\"article\" \/>\n<meta property=\"og:title\" content=\"Jambi\u00e8res Hautes - Neyla Dancewear - V\u00eatements de danse du ventre\" \/>\n<meta property=\"og:description\" content=\"Les Chauffe-jambes hauts deviendront votre accessoire id\u00e9al pour la danse du ventre lors des jours froids ! V\u00eatements de danse orientale au meilleur prix !\" \/>\n<meta property=\"og:url\" content=\"https:\/\/neylaropadedanza.es\/fr\/product\/jambieres-hautes\/\" \/>\n<meta property=\"og:site_name\" content=\"Neyla Dancewear\" \/>\n<meta property=\"article:publisher\" content=\"https:\/\/www.facebook.com\/neyladancewear\/\" \/>\n<meta property=\"article:modified_time\" content=\"2025-10-07T22:42:46+00:00\" \/>\n<meta property=\"og:image\" content=\"https:\/\/neylaropadedanza.com\/wp-content\/uploads\/2020\/05\/Calentadores-Danza-del-Vientre-2.jpg\" \/>\n\t<meta property=\"og:image:width\" content=\"938\" \/>\n\t<meta property=\"og:image:height\" content=\"1024\" \/>\n\t<meta property=\"og:image:type\" content=\"image\/jpeg\" \/>\n<meta name=\"twitter:card\" content=\"summary_large_image\" \/>\n<meta name=\"twitter:label1\" content=\"Dur\u00e9e de lecture estim\u00e9e\" \/>\n\t<meta name=\"twitter:data1\" content=\"1 minute\" \/>\n<script type=\"application\/ld+json\" class=\"yoast-schema-graph\">{\"@context\":\"https:\/\/schema.org\",\"@graph\":[{\"@type\":\"WebPage\",\"@id\":\"https:\/\/neylaropadedanza.es\/fr\/product\/jambieres-hautes\/\",\"url\":\"https:\/\/neylaropadedanza.es\/fr\/product\/jambieres-hautes\/\",\"name\":\"Jambi\u00e8res Hautes - Neyla Dancewear - V\u00eatements de danse du ventre\",\"isPartOf\":{\"@id\":\"https:\/\/neylaropadedanza.com\/#website\"},\"primaryImageOfPage\":{\"@id\":\"https:\/\/neylaropadedanza.es\/fr\/product\/jambieres-hautes\/#primaryimage\"},\"image\":{\"@id\":\"https:\/\/neylaropadedanza.es\/fr\/product\/jambieres-hautes\/#primaryimage\"},\"thumbnailUrl\":\"https:\/\/neylaropadedanza.es\/wp-content\/uploads\/2020\/05\/Calentadores-Danza-del-Vientre-2.jpg\",\"datePublished\":\"2020-05-13T15:05:00+00:00\",\"dateModified\":\"2025-10-07T22:42:46+00:00\",\"description\":\"Les Chauffe-jambes hauts deviendront votre accessoire id\u00e9al pour la danse du ventre lors des jours froids ! V\u00eatements de danse orientale au meilleur prix !\",\"breadcrumb\":{\"@id\":\"https:\/\/neylaropadedanza.es\/fr\/product\/jambieres-hautes\/#breadcrumb\"},\"inLanguage\":\"fr-FR\",\"potentialAction\":[{\"@type\":\"ReadAction\",\"target\":[\"https:\/\/neylaropadedanza.es\/fr\/product\/jambieres-hautes\/\"]}]},{\"@type\":\"ImageObject\",\"inLanguage\":\"fr-FR\",\"@id\":\"https:\/\/neylaropadedanza.es\/fr\/product\/jambieres-hautes\/#primaryimage\",\"url\":\"https:\/\/neylaropadedanza.es\/wp-content\/uploads\/2020\/05\/Calentadores-Danza-del-Vientre-2.jpg\",\"contentUrl\":\"https:\/\/neylaropadedanza.es\/wp-content\/uploads\/2020\/05\/Calentadores-Danza-del-Vientre-2.jpg\",\"width\":938,\"height\":1024,\"caption\":\"Jambi\u00e8res longues noires pour la danse du ventre avec ouverture au talon, mod\u00e8le Neyla Dancewear parfait pour les cours et r\u00e9p\u00e9titions.\"},{\"@type\":\"BreadcrumbList\",\"@id\":\"https:\/\/neylaropadedanza.es\/fr\/product\/jambieres-hautes\/#breadcrumb\",\"itemListElement\":[{\"@type\":\"ListItem\",\"position\":1,\"name\":\"Home\",\"item\":\"https:\/\/neylaropadedanza.es\/fr\/\"},{\"@type\":\"ListItem\",\"position\":2,\"name\":\"Produits\",\"item\":\"https:\/\/neylaropadedanza.es\/fr\/shop\/\"},{\"@type\":\"ListItem\",\"position\":3,\"name\":\"Jambi\u00e8res Hautes\"}]},{\"@type\":\"WebSite\",\"@id\":\"https:\/\/neylaropadedanza.com\/#website\",\"url\":\"https:\/\/neylaropadedanza.com\/\",\"name\":\"NeylaRopaDeDanza\",\"description\":\"Ropa de Danza del Vientre, danza oriental, trajes, ropa de ensayo y mucho m\u00e1s!\",\"publisher\":{\"@id\":\"https:\/\/neylaropadedanza.com\/#organization\"},\"potentialAction\":[{\"@type\":\"SearchAction\",\"target\":{\"@type\":\"EntryPoint\",\"urlTemplate\":\"https:\/\/neylaropadedanza.com\/?s={search_term_string}\"},\"query-input\":{\"@type\":\"PropertyValueSpecification\",\"valueRequired\":true,\"valueName\":\"search_term_string\"}}],\"inLanguage\":\"fr-FR\"},{\"@type\":\"Organization\",\"@id\":\"https:\/\/neylaropadedanza.com\/#organization\",\"name\":\"NeylaRopaDeDanza\",\"url\":\"https:\/\/neylaropadedanza.com\/\",\"logo\":{\"@type\":\"ImageObject\",\"inLanguage\":\"fr-FR\",\"@id\":\"https:\/\/neylaropadedanza.com\/#\/schema\/logo\/image\/\",\"url\":\"https:\/\/neylaropadedanza.es\/wp-content\/uploads\/2025\/04\/Neyla-Blanc.webp\",\"contentUrl\":\"https:\/\/neylaropadedanza.es\/wp-content\/uploads\/2025\/04\/Neyla-Blanc.webp\",\"width\":1970,\"height\":936,\"caption\":\"NeylaRopaDeDanza\"},\"image\":{\"@id\":\"https:\/\/neylaropadedanza.com\/#\/schema\/logo\/image\/\"},\"sameAs\":[\"https:\/\/www.facebook.com\/neyladancewear\/\",\"https:\/\/www.instagram.com\/neyladancewear\/\",\"https:\/\/www.youtube.com\/channel\/UCKlqrANcZD0QqKXzpy4taWA?view_as=subscriber\"]}]}<\/script>\n<!-- \/ Yoast SEO plugin. -->","yoast_head_json":{"title":"Jambi\u00e8res Hautes - Neyla Dancewear - V\u00eatements de danse du ventre","description":"Les Chauffe-jambes hauts deviendront votre accessoire id\u00e9al pour la danse du ventre lors des jours froids ! V\u00eatements de danse orientale au meilleur prix !","robots":{"index":"index","follow":"follow","max-snippet":"max-snippet:-1","max-image-preview":"max-image-preview:large","max-video-preview":"max-video-preview:-1"},"canonical":"https:\/\/neylaropadedanza.es\/fr\/product\/jambieres-hautes\/","og_locale":"fr_FR","og_type":"article","og_title":"Jambi\u00e8res Hautes - Neyla Dancewear - V\u00eatements de danse du ventre","og_description":"Les Chauffe-jambes hauts deviendront votre accessoire id\u00e9al pour la danse du ventre lors des jours froids ! V\u00eatements de danse orientale au meilleur prix !","og_url":"https:\/\/neylaropadedanza.es\/fr\/product\/jambieres-hautes\/","og_site_name":"Neyla Dancewear","article_publisher":"https:\/\/www.facebook.com\/neyladancewear\/","article_modified_time":"2025-10-07T22:42:46+00:00","og_image":[{"width":938,"height":1024,"url":"https:\/\/neylaropadedanza.com\/wp-content\/uploads\/2020\/05\/Calentadores-Danza-del-Vientre-2.jpg","type":"image\/jpeg"}],"twitter_card":"summary_large_image","twitter_misc":{"Dur\u00e9e de lecture estim\u00e9e":"1 minute"},"schema":{"@context":"https:\/\/schema.org","@graph":[{"@type":"WebPage","@id":"https:\/\/neylaropadedanza.es\/fr\/product\/jambieres-hautes\/","url":"https:\/\/neylaropadedanza.es\/fr\/product\/jambieres-hautes\/","name":"Jambi\u00e8res Hautes - Neyla Dancewear - V\u00eatements de danse du ventre","isPartOf":{"@id":"https:\/\/neylaropadedanza.com\/#website"},"primaryImageOfPage":{"@id":"https:\/\/neylaropadedanza.es\/fr\/product\/jambieres-hautes\/#primaryimage"},"image":{"@id":"https:\/\/neylaropadedanza.es\/fr\/product\/jambieres-hautes\/#primaryimage"},"thumbnailUrl":"https:\/\/neylaropadedanza.es\/wp-content\/uploads\/2020\/05\/Calentadores-Danza-del-Vientre-2.jpg","datePublished":"2020-05-13T15:05:00+00:00","dateModified":"2025-10-07T22:42:46+00:00","description":"Les Chauffe-jambes hauts deviendront votre accessoire id\u00e9al pour la danse du ventre lors des jours froids ! V\u00eatements de danse orientale au meilleur prix !","breadcrumb":{"@id":"https:\/\/neylaropadedanza.es\/fr\/product\/jambieres-hautes\/#breadcrumb"},"inLanguage":"fr-FR","potentialAction":[{"@type":"ReadAction","target":["https:\/\/neylaropadedanza.es\/fr\/product\/jambieres-hautes\/"]}]},{"@type":"ImageObject","inLanguage":"fr-FR","@id":"https:\/\/neylaropadedanza.es\/fr\/product\/jambieres-hautes\/#primaryimage","url":"https:\/\/neylaropadedanza.es\/wp-content\/uploads\/2020\/05\/Calentadores-Danza-del-Vientre-2.jpg","contentUrl":"https:\/\/neylaropadedanza.es\/wp-content\/uploads\/2020\/05\/Calentadores-Danza-del-Vientre-2.jpg","width":938,"height":1024,"caption":"Jambi\u00e8res longues noires pour la danse du ventre avec ouverture au talon, mod\u00e8le Neyla Dancewear parfait pour les cours et r\u00e9p\u00e9titions."},{"@type":"BreadcrumbList","@id":"https:\/\/neylaropadedanza.es\/fr\/product\/jambieres-hautes\/#breadcrumb","itemListElement":[{"@type":"ListItem","position":1,"name":"Home","item":"https:\/\/neylaropadedanza.es\/fr\/"},{"@type":"ListItem","position":2,"name":"Produits","item":"https:\/\/neylaropadedanza.es\/fr\/shop\/"},{"@type":"ListItem","position":3,"name":"Jambi\u00e8res Hautes"}]},{"@type":"WebSite","@id":"https:\/\/neylaropadedanza.com\/#website","url":"https:\/\/neylaropadedanza.com\/","name":"NeylaRopaDeDanza","description":"Ropa de Danza del Vientre, danza oriental, trajes, ropa de ensayo y mucho m\u00e1s!","publisher":{"@id":"https:\/\/neylaropadedanza.com\/#organization"},"potentialAction":[{"@type":"SearchAction","target":{"@type":"EntryPoint","urlTemplate":"https:\/\/neylaropadedanza.com\/?s={search_term_string}"},"query-input":{"@type":"PropertyValueSpecification","valueRequired":true,"valueName":"search_term_string"}}],"inLanguage":"fr-FR"},{"@type":"Organization","@id":"https:\/\/neylaropadedanza.com\/#organization","name":"NeylaRopaDeDanza","url":"https:\/\/neylaropadedanza.com\/","logo":{"@type":"ImageObject","inLanguage":"fr-FR","@id":"https:\/\/neylaropadedanza.com\/#\/schema\/logo\/image\/","url":"https:\/\/neylaropadedanza.es\/wp-content\/uploads\/2025\/04\/Neyla-Blanc.webp","contentUrl":"https:\/\/neylaropadedanza.es\/wp-content\/uploads\/2025\/04\/Neyla-Blanc.webp","width":1970,"height":936,"caption":"NeylaRopaDeDanza"},"image":{"@id":"https:\/\/neylaropadedanza.com\/#\/schema\/logo\/image\/"},"sameAs":["https:\/\/www.facebook.com\/neyladancewear\/","https:\/\/www.instagram.com\/neyladancewear\/","https:\/\/www.youtube.com\/channel\/UCKlqrANcZD0QqKXzpy4taWA?view_as=subscriber"]}]}},"_links":{"self":[{"href":"https:\/\/neylaropadedanza.es\/fr\/wp-json\/wp\/v2\/product\/19214","targetHints":{"allow":["GET"]}}],"collection":[{"href":"https:\/\/neylaropadedanza.es\/fr\/wp-json\/wp\/v2\/product"}],"about":[{"href":"https:\/\/neylaropadedanza.es\/fr\/wp-json\/wp\/v2\/types\/product"}],"replies":[{"embeddable":true,"href":"https:\/\/neylaropadedanza.es\/fr\/wp-json\/wp\/v2\/comments?post=19214"}],"version-history":[{"count":0,"href":"https:\/\/neylaropadedanza.es\/fr\/wp-json\/wp\/v2\/product\/19214\/revisions"}],"wp:featuredmedia":[{"embeddable":true,"href":"https:\/\/neylaropadedanza.es\/fr\/wp-json\/wp\/v2\/media\/17966"}],"wp:attachment":[{"href":"https:\/\/neylaropadedanza.es\/fr\/wp-json\/wp\/v2\/media?parent=19214"}],"wp:term":[{"taxonomy":"product_brand","embeddable":true,"href":"https:\/\/neylaropadedanza.es\/fr\/wp-json\/wp\/v2\/product_brand?post=19214"},{"taxonomy":"product_cat","embeddable":true,"href":"https:\/\/neylaropadedanza.es\/fr\/wp-json\/wp\/v2\/product_cat?post=19214"},{"taxonomy":"product_tag","embeddable":true,"href":"https:\/\/neylaropadedanza.es\/fr\/wp-json\/wp\/v2\/product_tag?post=19214"}],"curies":[{"name":"wp","href":"https:\/\/api.w.org\/{rel}","templated":true}]}}