{"id":19202,"date":"2021-12-16T19:29:18","date_gmt":"2021-12-16T18:29:18","guid":{"rendered":"https:\/\/neylaropadedanza.es\/product\/hadarah\/"},"modified":"2021-12-16T19:29:18","modified_gmt":"2021-12-16T19:29:18","slug":"hadarah","status":"publish","type":"product","link":"https:\/\/neylaropadedanza.es\/fr\/product\/hadarah\/","title":{"rendered":"Hadarah"},"content":{"rendered":"<h2 data-start=\"132\" data-end=\"207\"><strong data-start=\"132\" data-end=\"207\">\u2728 Ensemble Hadarah \u2013 L\u2019Outfit Parfait pour la Danse Orientale !\u2728<\/strong><\/h2>\n<p data-start=\"209\" data-end=\"596\">L\u2019<strong data-start=\"213\" data-end=\"233\">Ensemble Hadarah <\/strong>deviendra ton nouveau favori pour tes entra\u00eenements de danse orientale ! Confortable, dynamique et audacieux, il est con\u00e7u pour que tu te sentes libre et s\u00fbre de toi pendant que tu danses. Chez<strong data-start=\"398\" data-end=\"417\"> Neyla Dancewear, <\/strong>nous cr\u00e9ons des tenues uniques pour la danse du ventre, danse orientale, tribal, fusions, Bollywood\u2026 et bien plus encore ! Et si tu ne trouves pas ce que tu cherches, demande-nous : nous pouvons le cr\u00e9er pour toi !   <\/p>\n<p data-start=\"598\" data-end=\"673\">\ud83d\udda4 <strong data-start=\"601\" data-end=\"638\">Que comprend l\u2019ensemble Hadarah ?<\/strong><br data-start=\"638\" data-end=\"641\">Il se compose de deux pi\u00e8ces :<\/p>\n<ul data-start=\"674\" data-end=\"988\">\n<li data-start=\"674\" data-end=\"839\">\n<p data-start=\"676\" data-end=\"839\"><strong data-start=\"676\" data-end=\"698\">Un top \u00e0 manches courtes<\/strong> avec une coupe asym\u00e9trique, plus long d\u2019un c\u00f4t\u00e9, et trois ouvertures d\u00e9coratives sur la poitrine pour une touche sexy et d\u00e9contract\u00e9e.<\/p>\n<\/li>\n<li data-start=\"840\" data-end=\"988\">\n<p data-start=\"842\" data-end=\"988\">Une<strong data-start=\"842\" data-end=\"867\"> jupe midi asym\u00e9trique<\/strong> avec trois fentes au niveau des hanches et des liens d\u00e9coratifs sur les c\u00f4t\u00e9s pour ajouter du mouvement et du style \u00e0 chaque pas.<\/p>\n<\/li>\n<\/ul>\n<p data-start=\"990\" data-end=\"1225\">L\u2019ensemble est confectionn\u00e9 dans un tissu extensible <strong data-start=\"1047\" data-end=\"1078\">imprim\u00e9 aux couleurs \u00e9clatantes,<\/strong> capturant parfaitement l\u2019\u00e9nergie de la danse. C\u2019est le choix parfait pour les danseuses qui veulent se d\u00e9marquer et s\u2019exprimer avec libert\u00e9. <\/p>\n<p data-start=\"1227\" data-end=\"1505\">\ud83d\udc8e<strong data-start=\"1230\" data-end=\"1253\"> Compl\u00e8te ton look<\/strong><br data-start=\"1253\" data-end=\"1256\">Ajoute ta touche personnelle en le combinant avec nos accessoires. D\u00e9couvre bijoux, ceintures en strass, voiles en soie, ornements pour les pieds et bien plus dans notre section <strong data-start=\"1432\" data-end=\"1451\"><a class=\"\" href=\"https:\/\/neylaropadedanza.es\/fr\/accessoires\/\" rel=\"noopener\" data-start=\"1434\" data-end=\"1449\">Accessoires<\/a><\/strong>, soigneusement s\u00e9lectionn\u00e9s pour sublimer ta danse.  <\/p>\n<p data-start=\"1507\" data-end=\"1875\">\ud83d\udccf<strong data-start=\"1510\" data-end=\"1530\"> Tailles et ajustements<\/strong><br data-start=\"1530\" data-end=\"1533\">Nos ensembles d\u2019entra\u00eenement sont fabriqu\u00e9s en lycra extensible, assurant un ajustement parfait et flatteur pour toutes les morphologies. Tu as un doute sur la taille ? \u00c9cris-nous par mail.<br data-start=\"1753\" data-end=\"1756\">Et si tu as besoin d\u2019une taille sp\u00e9ciale ou d\u2019un mod\u00e8le unique, nous pouvons le cr\u00e9er sur mesure rien que pour toi ! <\/p>\n","protected":false},"excerpt":{"rendered":"<p><a href=\"https:\/\/neylaropadedanza.es\/fr\/guide-des-mesures\/\">Guide des Tailles<\/a><\/p>\n","protected":false},"featured_media":18062,"comment_status":"open","ping_status":"closed","template":"","meta":{"content-type":"","_monsterinsights_skip_tracking":false,"_monsterinsights_sitenote_active":false,"_monsterinsights_sitenote_note":"","_monsterinsights_sitenote_category":0,"_uf_show_specific_survey":0,"_uf_disable_surveys":false},"product_brand":[],"product_cat":[973,967,969],"product_tag":[1088,1120,1158,1108,1307,1305],"class_list":{"0":"post-19202","1":"product","2":"type-product","3":"status-publish","4":"has-post-thumbnail","6":"product_cat-ensambles","7":"product_cat-outlet-fr","8":"product_cat-vetements-dentrainement","9":"product_tag-colore","10":"product_tag-danse-du-ventre","11":"product_tag-imprime","12":"product_tag-tenue-dentrainement","13":"product_tag-vetements-dentrainement","14":"product_tag-vetements-de-danse-du-ventre-fr","15":"product_shipping_class-standard-fr","17":"first","18":"instock","19":"sale","20":"taxable","21":"shipping-taxable","22":"purchasable","23":"product-type-variable","24":"add-to-wishlist-after_add_to_cart"},"yoast_head":"<!-- This site is optimized with the Yoast SEO plugin v27.4 - https:\/\/yoast.com\/product\/yoast-seo-wordpress\/ -->\n<title>Hadarah - Neyla Dancewear - V\u00eatements de danse du ventre<\/title>\n<meta name=\"description\" content=\"L\u2019ensemble Hadarah sera le look complet id\u00e9al pour vos r\u00e9p\u00e9titions de danse du ventre ! Tr\u00e8s confortable, color\u00e9 et sexy ! Chez Neyla Dancewear, vous trouverez tout ce dont vous avez besoin !\" \/>\n<meta name=\"robots\" content=\"index, follow, max-snippet:-1, max-image-preview:large, max-video-preview:-1\" \/>\n<link rel=\"canonical\" href=\"https:\/\/neylaropadedanza.es\/fr\/product\/hadarah\/\" \/>\n<meta property=\"og:locale\" content=\"fr_FR\" \/>\n<meta property=\"og:type\" content=\"article\" \/>\n<meta property=\"og:title\" content=\"Hadarah - Neyla Dancewear - V\u00eatements de danse du ventre\" \/>\n<meta property=\"og:description\" content=\"L\u2019ensemble Hadarah sera le look complet id\u00e9al pour vos r\u00e9p\u00e9titions de danse du ventre ! Tr\u00e8s confortable, color\u00e9 et sexy ! Chez Neyla Dancewear, vous trouverez tout ce dont vous avez besoin !\" \/>\n<meta property=\"og:url\" content=\"https:\/\/neylaropadedanza.es\/fr\/product\/hadarah\/\" \/>\n<meta property=\"og:site_name\" content=\"Neyla Dancewear\" \/>\n<meta property=\"article:publisher\" content=\"https:\/\/www.facebook.com\/neyladancewear\/\" \/>\n<meta property=\"article:modified_time\" content=\"2021-12-16T19:29:18+00:00\" \/>\n<meta property=\"og:image\" content=\"https:\/\/neylaropadedanza.com\/wp-content\/uploads\/2021\/12\/Ropa-Danza-del-Vientre-16.jpg\" \/>\n\t<meta property=\"og:image:width\" content=\"1633\" \/>\n\t<meta property=\"og:image:height\" content=\"2024\" \/>\n\t<meta property=\"og:image:type\" content=\"image\/jpeg\" \/>\n<meta name=\"twitter:card\" content=\"summary_large_image\" \/>\n<meta name=\"twitter:label1\" content=\"Dur\u00e9e de lecture estim\u00e9e\" \/>\n\t<meta name=\"twitter:data1\" content=\"1 minute\" \/>\n<script type=\"application\/ld+json\" class=\"yoast-schema-graph\">{\"@context\":\"https:\\\/\\\/schema.org\",\"@graph\":[{\"@type\":\"WebPage\",\"@id\":\"https:\\\/\\\/neylaropadedanza.es\\\/fr\\\/product\\\/hadarah\\\/\",\"url\":\"https:\\\/\\\/neylaropadedanza.es\\\/fr\\\/product\\\/hadarah\\\/\",\"name\":\"Hadarah - Neyla Dancewear - V\u00eatements de danse du ventre\",\"isPartOf\":{\"@id\":\"https:\\\/\\\/neylaropadedanza.com\\\/#website\"},\"primaryImageOfPage\":{\"@id\":\"https:\\\/\\\/neylaropadedanza.es\\\/fr\\\/product\\\/hadarah\\\/#primaryimage\"},\"image\":{\"@id\":\"https:\\\/\\\/neylaropadedanza.es\\\/fr\\\/product\\\/hadarah\\\/#primaryimage\"},\"thumbnailUrl\":\"https:\\\/\\\/neylaropadedanza.es\\\/wp-content\\\/uploads\\\/2021\\\/12\\\/Ropa-Danza-del-Vientre-16.jpg\",\"datePublished\":\"2021-12-16T18:29:18+00:00\",\"dateModified\":\"2021-12-16T19:29:18+00:00\",\"description\":\"L\u2019ensemble Hadarah sera le look complet id\u00e9al pour vos r\u00e9p\u00e9titions de danse du ventre ! Tr\u00e8s confortable, color\u00e9 et sexy ! Chez Neyla Dancewear, vous trouverez tout ce dont vous avez besoin !\",\"breadcrumb\":{\"@id\":\"https:\\\/\\\/neylaropadedanza.es\\\/fr\\\/product\\\/hadarah\\\/#breadcrumb\"},\"inLanguage\":\"fr-FR\",\"potentialAction\":[{\"@type\":\"ReadAction\",\"target\":[\"https:\\\/\\\/neylaropadedanza.es\\\/fr\\\/product\\\/hadarah\\\/\"]}]},{\"@type\":\"ImageObject\",\"inLanguage\":\"fr-FR\",\"@id\":\"https:\\\/\\\/neylaropadedanza.es\\\/fr\\\/product\\\/hadarah\\\/#primaryimage\",\"url\":\"https:\\\/\\\/neylaropadedanza.es\\\/wp-content\\\/uploads\\\/2021\\\/12\\\/Ropa-Danza-del-Vientre-16.jpg\",\"contentUrl\":\"https:\\\/\\\/neylaropadedanza.es\\\/wp-content\\\/uploads\\\/2021\\\/12\\\/Ropa-Danza-del-Vientre-16.jpg\",\"width\":1633,\"height\":2024,\"caption\":\"Ensemble de danse compos\u00e9 d\u2019un top \u00e0 manches courtes avec encolure asym\u00e9trique et fentes au niveau de la poitrine, et d\u2019une jupe midi \u00e0 coupe diagonale avec ouvertures d\u00e9coratives sur les hanches et liens lat\u00e9raux. R\u00e9alis\u00e9 en lycra imprim\u00e9 multicolore.\"},{\"@type\":\"BreadcrumbList\",\"@id\":\"https:\\\/\\\/neylaropadedanza.es\\\/fr\\\/product\\\/hadarah\\\/#breadcrumb\",\"itemListElement\":[{\"@type\":\"ListItem\",\"position\":1,\"name\":\"Home\",\"item\":\"https:\\\/\\\/neylaropadedanza.es\\\/fr\\\/\"},{\"@type\":\"ListItem\",\"position\":2,\"name\":\"Produits\",\"item\":\"https:\\\/\\\/neylaropadedanza.es\\\/fr\\\/shop\\\/\"},{\"@type\":\"ListItem\",\"position\":3,\"name\":\"Hadarah\"}]},{\"@type\":\"WebSite\",\"@id\":\"https:\\\/\\\/neylaropadedanza.com\\\/#website\",\"url\":\"https:\\\/\\\/neylaropadedanza.com\\\/\",\"name\":\"NeylaRopaDeDanza\",\"description\":\"Ropa de Danza del Vientre, danza oriental, trajes, ropa de ensayo y mucho m\u00e1s!\",\"publisher\":{\"@id\":\"https:\\\/\\\/neylaropadedanza.com\\\/#organization\"},\"potentialAction\":[{\"@type\":\"SearchAction\",\"target\":{\"@type\":\"EntryPoint\",\"urlTemplate\":\"https:\\\/\\\/neylaropadedanza.com\\\/?s={search_term_string}\"},\"query-input\":{\"@type\":\"PropertyValueSpecification\",\"valueRequired\":true,\"valueName\":\"search_term_string\"}}],\"inLanguage\":\"fr-FR\"},{\"@type\":\"Organization\",\"@id\":\"https:\\\/\\\/neylaropadedanza.com\\\/#organization\",\"name\":\"NeylaRopaDeDanza\",\"url\":\"https:\\\/\\\/neylaropadedanza.com\\\/\",\"logo\":{\"@type\":\"ImageObject\",\"inLanguage\":\"fr-FR\",\"@id\":\"https:\\\/\\\/neylaropadedanza.com\\\/#\\\/schema\\\/logo\\\/image\\\/\",\"url\":\"https:\\\/\\\/neylaropadedanza.es\\\/wp-content\\\/uploads\\\/2025\\\/04\\\/Neyla-Blanc.webp\",\"contentUrl\":\"https:\\\/\\\/neylaropadedanza.es\\\/wp-content\\\/uploads\\\/2025\\\/04\\\/Neyla-Blanc.webp\",\"width\":1970,\"height\":936,\"caption\":\"NeylaRopaDeDanza\"},\"image\":{\"@id\":\"https:\\\/\\\/neylaropadedanza.com\\\/#\\\/schema\\\/logo\\\/image\\\/\"},\"sameAs\":[\"https:\\\/\\\/www.facebook.com\\\/neyladancewear\\\/\",\"https:\\\/\\\/www.instagram.com\\\/neyladancewear\\\/\",\"https:\\\/\\\/www.youtube.com\\\/channel\\\/UCKlqrANcZD0QqKXzpy4taWA?view_as=subscriber\"]}]}<\/script>\n<!-- \/ Yoast SEO plugin. -->","yoast_head_json":{"title":"Hadarah - Neyla Dancewear - V\u00eatements de danse du ventre","description":"L\u2019ensemble Hadarah sera le look complet id\u00e9al pour vos r\u00e9p\u00e9titions de danse du ventre ! Tr\u00e8s confortable, color\u00e9 et sexy ! Chez Neyla Dancewear, vous trouverez tout ce dont vous avez besoin !","robots":{"index":"index","follow":"follow","max-snippet":"max-snippet:-1","max-image-preview":"max-image-preview:large","max-video-preview":"max-video-preview:-1"},"canonical":"https:\/\/neylaropadedanza.es\/fr\/product\/hadarah\/","og_locale":"fr_FR","og_type":"article","og_title":"Hadarah - Neyla Dancewear - V\u00eatements de danse du ventre","og_description":"L\u2019ensemble Hadarah sera le look complet id\u00e9al pour vos r\u00e9p\u00e9titions de danse du ventre ! Tr\u00e8s confortable, color\u00e9 et sexy ! Chez Neyla Dancewear, vous trouverez tout ce dont vous avez besoin !","og_url":"https:\/\/neylaropadedanza.es\/fr\/product\/hadarah\/","og_site_name":"Neyla Dancewear","article_publisher":"https:\/\/www.facebook.com\/neyladancewear\/","article_modified_time":"2021-12-16T19:29:18+00:00","og_image":[{"width":1633,"height":2024,"url":"https:\/\/neylaropadedanza.com\/wp-content\/uploads\/2021\/12\/Ropa-Danza-del-Vientre-16.jpg","type":"image\/jpeg"}],"twitter_card":"summary_large_image","twitter_misc":{"Dur\u00e9e de lecture estim\u00e9e":"1 minute"},"schema":{"@context":"https:\/\/schema.org","@graph":[{"@type":"WebPage","@id":"https:\/\/neylaropadedanza.es\/fr\/product\/hadarah\/","url":"https:\/\/neylaropadedanza.es\/fr\/product\/hadarah\/","name":"Hadarah - Neyla Dancewear - V\u00eatements de danse du ventre","isPartOf":{"@id":"https:\/\/neylaropadedanza.com\/#website"},"primaryImageOfPage":{"@id":"https:\/\/neylaropadedanza.es\/fr\/product\/hadarah\/#primaryimage"},"image":{"@id":"https:\/\/neylaropadedanza.es\/fr\/product\/hadarah\/#primaryimage"},"thumbnailUrl":"https:\/\/neylaropadedanza.es\/wp-content\/uploads\/2021\/12\/Ropa-Danza-del-Vientre-16.jpg","datePublished":"2021-12-16T18:29:18+00:00","dateModified":"2021-12-16T19:29:18+00:00","description":"L\u2019ensemble Hadarah sera le look complet id\u00e9al pour vos r\u00e9p\u00e9titions de danse du ventre ! Tr\u00e8s confortable, color\u00e9 et sexy ! Chez Neyla Dancewear, vous trouverez tout ce dont vous avez besoin !","breadcrumb":{"@id":"https:\/\/neylaropadedanza.es\/fr\/product\/hadarah\/#breadcrumb"},"inLanguage":"fr-FR","potentialAction":[{"@type":"ReadAction","target":["https:\/\/neylaropadedanza.es\/fr\/product\/hadarah\/"]}]},{"@type":"ImageObject","inLanguage":"fr-FR","@id":"https:\/\/neylaropadedanza.es\/fr\/product\/hadarah\/#primaryimage","url":"https:\/\/neylaropadedanza.es\/wp-content\/uploads\/2021\/12\/Ropa-Danza-del-Vientre-16.jpg","contentUrl":"https:\/\/neylaropadedanza.es\/wp-content\/uploads\/2021\/12\/Ropa-Danza-del-Vientre-16.jpg","width":1633,"height":2024,"caption":"Ensemble de danse compos\u00e9 d\u2019un top \u00e0 manches courtes avec encolure asym\u00e9trique et fentes au niveau de la poitrine, et d\u2019une jupe midi \u00e0 coupe diagonale avec ouvertures d\u00e9coratives sur les hanches et liens lat\u00e9raux. R\u00e9alis\u00e9 en lycra imprim\u00e9 multicolore."},{"@type":"BreadcrumbList","@id":"https:\/\/neylaropadedanza.es\/fr\/product\/hadarah\/#breadcrumb","itemListElement":[{"@type":"ListItem","position":1,"name":"Home","item":"https:\/\/neylaropadedanza.es\/fr\/"},{"@type":"ListItem","position":2,"name":"Produits","item":"https:\/\/neylaropadedanza.es\/fr\/shop\/"},{"@type":"ListItem","position":3,"name":"Hadarah"}]},{"@type":"WebSite","@id":"https:\/\/neylaropadedanza.com\/#website","url":"https:\/\/neylaropadedanza.com\/","name":"NeylaRopaDeDanza","description":"Ropa de Danza del Vientre, danza oriental, trajes, ropa de ensayo y mucho m\u00e1s!","publisher":{"@id":"https:\/\/neylaropadedanza.com\/#organization"},"potentialAction":[{"@type":"SearchAction","target":{"@type":"EntryPoint","urlTemplate":"https:\/\/neylaropadedanza.com\/?s={search_term_string}"},"query-input":{"@type":"PropertyValueSpecification","valueRequired":true,"valueName":"search_term_string"}}],"inLanguage":"fr-FR"},{"@type":"Organization","@id":"https:\/\/neylaropadedanza.com\/#organization","name":"NeylaRopaDeDanza","url":"https:\/\/neylaropadedanza.com\/","logo":{"@type":"ImageObject","inLanguage":"fr-FR","@id":"https:\/\/neylaropadedanza.com\/#\/schema\/logo\/image\/","url":"https:\/\/neylaropadedanza.es\/wp-content\/uploads\/2025\/04\/Neyla-Blanc.webp","contentUrl":"https:\/\/neylaropadedanza.es\/wp-content\/uploads\/2025\/04\/Neyla-Blanc.webp","width":1970,"height":936,"caption":"NeylaRopaDeDanza"},"image":{"@id":"https:\/\/neylaropadedanza.com\/#\/schema\/logo\/image\/"},"sameAs":["https:\/\/www.facebook.com\/neyladancewear\/","https:\/\/www.instagram.com\/neyladancewear\/","https:\/\/www.youtube.com\/channel\/UCKlqrANcZD0QqKXzpy4taWA?view_as=subscriber"]}]}},"_links":{"self":[{"href":"https:\/\/neylaropadedanza.es\/fr\/wp-json\/wp\/v2\/product\/19202","targetHints":{"allow":["GET"]}}],"collection":[{"href":"https:\/\/neylaropadedanza.es\/fr\/wp-json\/wp\/v2\/product"}],"about":[{"href":"https:\/\/neylaropadedanza.es\/fr\/wp-json\/wp\/v2\/types\/product"}],"replies":[{"embeddable":true,"href":"https:\/\/neylaropadedanza.es\/fr\/wp-json\/wp\/v2\/comments?post=19202"}],"version-history":[{"count":0,"href":"https:\/\/neylaropadedanza.es\/fr\/wp-json\/wp\/v2\/product\/19202\/revisions"}],"wp:featuredmedia":[{"embeddable":true,"href":"https:\/\/neylaropadedanza.es\/fr\/wp-json\/wp\/v2\/media\/18062"}],"wp:attachment":[{"href":"https:\/\/neylaropadedanza.es\/fr\/wp-json\/wp\/v2\/media?parent=19202"}],"wp:term":[{"taxonomy":"product_brand","embeddable":true,"href":"https:\/\/neylaropadedanza.es\/fr\/wp-json\/wp\/v2\/product_brand?post=19202"},{"taxonomy":"product_cat","embeddable":true,"href":"https:\/\/neylaropadedanza.es\/fr\/wp-json\/wp\/v2\/product_cat?post=19202"},{"taxonomy":"product_tag","embeddable":true,"href":"https:\/\/neylaropadedanza.es\/fr\/wp-json\/wp\/v2\/product_tag?post=19202"}],"curies":[{"name":"wp","href":"https:\/\/api.w.org\/{rel}","templated":true}]}}