{"id":19195,"date":"2021-12-18T15:48:13","date_gmt":"2021-12-18T15:48:13","guid":{"rendered":"https:\/\/neylaropadedanza.es\/product\/tasilmah\/"},"modified":"2021-12-18T15:48:13","modified_gmt":"2021-12-18T15:48:13","slug":"tasilmah","status":"publish","type":"product","link":"https:\/\/neylaropadedanza.es\/fr\/product\/tasilmah\/","title":{"rendered":"Tasilmah"},"content":{"rendered":"<h2 data-start=\"137\" data-end=\"196\"><strong data-start=\"137\" data-end=\"196\">\u2728 Ensemble Tasilmah \u2013 \u00c9l\u00e9gance au style flamenco \u2728<\/strong><\/h2>\n<p data-start=\"198\" data-end=\"389\">L\u2019<strong data-start=\"202\" data-end=\"223\">ensemble Tasilmah <\/strong>va vous faire craquer ! \ud83d\udc83 \u00c9l\u00e9gant, original et tr\u00e8s flatteur, il est parfait pour briller dans vos cours de danse orientale, tribal ou fusion. <\/p>\n<p data-start=\"391\" data-end=\"509\">Un design pens\u00e9 pour allier <strong data-start=\"434\" data-end=\"456\">confort et style,<\/strong> entre tradition et modernit\u00e9 :<\/p>\n<p data-start=\"511\" data-end=\"780\">\ud83d\udc5a <strong data-start=\"514\" data-end=\"521\">Top <\/strong>: Coupe droite sous la poitrine, avec une <strong data-start=\"561\" data-end=\"588\">manche longue \u00e0 volant<\/strong> sur le bras gauche et une<strong data-start=\"615\" data-end=\"631\"> fine bretelle<\/strong> sur le bras droit. La ceinture sous-poitrine et le volant sont en<strong data-start=\"703\" data-end=\"740\"> tissu noir \u00e0 pois blancs<\/strong>, qui apporte une touche flamenco irr\u00e9sistible. <\/p>\n<p data-start=\"782\" data-end=\"1007\">\ud83d\udc57 <strong data-start=\"785\" data-end=\"794\">Jupe :<\/strong> Courte et asym\u00e9trique, avec une<strong data-start=\"820\" data-end=\"838\"> coupe en diagonale<\/strong> et des <strong data-start=\"841\" data-end=\"865\">volants \u00e0 pois.<\/strong> Elle se noue sur le c\u00f4t\u00e9 pour s\u2019ajuster facilement et valoriser votre silhouette. Un ensemble confortable et styl\u00e9 qui suit tous vos mouvements !  <\/p>\n<p data-start=\"1009\" data-end=\"1247\">\ud83e\uddf5 Confectionn\u00e9 en lycra extensible de haute qualit\u00e9, cet ensemble \u00e9pouse parfaitement les formes et permet une grande libert\u00e9 de mouvement. Cr\u00e9\u00e9 et fabriqu\u00e9 \u00e0 Barcelone avec des tissus soigneusement s\u00e9lectionn\u00e9s. <\/p>\n<p data-start=\"1249\" data-end=\"1432\">\ud83c\udf80 <strong data-start=\"1252\" data-end=\"1285\">Envie de compl\u00e9ter votre tenue ?<\/strong> D\u00e9couvrez notre section <a class=\"\" href=\"https:\/\/neylaropadedanza.es\/fr\/accessoires\/\" rel=\"noopener\" data-start=\"1314\" data-end=\"1329\">Accessoires<\/a> : ceintures \u00e0 strass, voiles en soie, bijoux et bien plus encore. Tout ce qu\u2019il vous faut pour sublimer votre danse ! <\/p>\n<p data-start=\"1434\" data-end=\"1672\">\ud83d\udccf <strong data-start=\"1437\" data-end=\"1459\">Tailles disponibles<\/strong> : Gr\u00e2ce \u00e0 l\u2019\u00e9lasticit\u00e9 du tissu, cet ensemble s\u2019adapte \u00e0 toutes les morphologies. Si vous avez un doute sur votre taille ou souhaitez une tenue personnalis\u00e9e, contactez-nous. Nous serons ravies de vous aider !  <\/p>\n","protected":false},"excerpt":{"rendered":"<p><a href=\"https:\/\/neylaropadedanza.es\/fr\/guide-des-mesures\/\">Guide des Tailles<\/a><\/p>\n","protected":false},"featured_media":18070,"comment_status":"open","ping_status":"closed","template":"","meta":{"content-type":"","_monsterinsights_skip_tracking":false,"_monsterinsights_sitenote_active":false,"_monsterinsights_sitenote_note":"","_monsterinsights_sitenote_category":0,"_uf_show_specific_survey":0,"_uf_disable_surveys":false},"product_brand":[],"product_cat":[973,967,969],"product_tag":[1104,1098,1418,1253,1223,1307,1301],"class_list":{"0":"post-19195","1":"product","2":"type-product","3":"status-publish","4":"has-post-thumbnail","6":"product_cat-ensambles","7":"product_cat-outlet-fr","8":"product_cat-vetements-dentrainement","9":"product_tag-costume-de-danse-orientale","10":"product_tag-ensemble","11":"product_tag-lycra-fr","12":"product_tag-noir","13":"product_tag-pois","14":"product_tag-vetements-dentrainement","15":"product_tag-vetements-de-danse-du-ventre","16":"product_shipping_class-standard-fr","18":"first","19":"instock","20":"sale","21":"taxable","22":"shipping-taxable","23":"purchasable","24":"product-type-variable","25":"add-to-wishlist-after_add_to_cart"},"yoast_head":"<!-- This site is optimized with the Yoast SEO plugin v26.6 - https:\/\/yoast.com\/wordpress\/plugins\/seo\/ -->\n<title>Tasilmah - Neyla Dancewear - V\u00eatements de danse du ventre<\/title>\n<meta name=\"description\" content=\"L\u2019ensemble Tasilmah va vous s\u00e9duire ! \u00c9l\u00e9gant mais amusant, avec une touche flamenco et super flatteur. Vous brillerez lors de vos cours de danse du ventre !\" \/>\n<meta name=\"robots\" content=\"index, follow, max-snippet:-1, max-image-preview:large, max-video-preview:-1\" \/>\n<link rel=\"canonical\" href=\"https:\/\/neylaropadedanza.es\/fr\/product\/tasilmah\/\" \/>\n<meta property=\"og:locale\" content=\"fr_FR\" \/>\n<meta property=\"og:type\" content=\"article\" \/>\n<meta property=\"og:title\" content=\"Tasilmah - Neyla Dancewear - V\u00eatements de danse du ventre\" \/>\n<meta property=\"og:description\" content=\"L\u2019ensemble Tasilmah va vous s\u00e9duire ! \u00c9l\u00e9gant mais amusant, avec une touche flamenco et super flatteur. Vous brillerez lors de vos cours de danse du ventre !\" \/>\n<meta property=\"og:url\" content=\"https:\/\/neylaropadedanza.es\/fr\/product\/tasilmah\/\" \/>\n<meta property=\"og:site_name\" content=\"Neyla Dancewear\" \/>\n<meta property=\"article:publisher\" content=\"https:\/\/www.facebook.com\/neyladancewear\/\" \/>\n<meta property=\"og:image\" content=\"https:\/\/neylaropadedanza.com\/wp-content\/uploads\/2021\/12\/Ropa-Danza-del-Vientre-24.jpg\" \/>\n\t<meta property=\"og:image:width\" content=\"1603\" \/>\n\t<meta property=\"og:image:height\" content=\"2024\" \/>\n\t<meta property=\"og:image:type\" content=\"image\/jpeg\" \/>\n<meta name=\"twitter:card\" content=\"summary_large_image\" \/>\n<meta name=\"twitter:label1\" content=\"Dur\u00e9e de lecture estim\u00e9e\" \/>\n\t<meta name=\"twitter:data1\" content=\"1 minute\" \/>\n<script type=\"application\/ld+json\" class=\"yoast-schema-graph\">{\"@context\":\"https:\/\/schema.org\",\"@graph\":[{\"@type\":\"WebPage\",\"@id\":\"https:\/\/neylaropadedanza.es\/fr\/product\/tasilmah\/\",\"url\":\"https:\/\/neylaropadedanza.es\/fr\/product\/tasilmah\/\",\"name\":\"Tasilmah - Neyla Dancewear - V\u00eatements de danse du ventre\",\"isPartOf\":{\"@id\":\"https:\/\/neylaropadedanza.com\/#website\"},\"primaryImageOfPage\":{\"@id\":\"https:\/\/neylaropadedanza.es\/fr\/product\/tasilmah\/#primaryimage\"},\"image\":{\"@id\":\"https:\/\/neylaropadedanza.es\/fr\/product\/tasilmah\/#primaryimage\"},\"thumbnailUrl\":\"https:\/\/neylaropadedanza.es\/wp-content\/uploads\/2021\/12\/Ropa-Danza-del-Vientre-24.jpg\",\"datePublished\":\"2021-12-18T15:48:13+00:00\",\"description\":\"L\u2019ensemble Tasilmah va vous s\u00e9duire ! \u00c9l\u00e9gant mais amusant, avec une touche flamenco et super flatteur. Vous brillerez lors de vos cours de danse du ventre !\",\"breadcrumb\":{\"@id\":\"https:\/\/neylaropadedanza.es\/fr\/product\/tasilmah\/#breadcrumb\"},\"inLanguage\":\"fr-FR\",\"potentialAction\":[{\"@type\":\"ReadAction\",\"target\":[\"https:\/\/neylaropadedanza.es\/fr\/product\/tasilmah\/\"]}]},{\"@type\":\"ImageObject\",\"inLanguage\":\"fr-FR\",\"@id\":\"https:\/\/neylaropadedanza.es\/fr\/product\/tasilmah\/#primaryimage\",\"url\":\"https:\/\/neylaropadedanza.es\/wp-content\/uploads\/2021\/12\/Ropa-Danza-del-Vientre-24.jpg\",\"contentUrl\":\"https:\/\/neylaropadedanza.es\/wp-content\/uploads\/2021\/12\/Ropa-Danza-del-Vientre-24.jpg\",\"width\":1603,\"height\":2024,\"caption\":\"Ensemble noir de danse orientale avec top \u00e0 une manche et jupe \u00e0 volants \u00e0 pois, en pose de studio.\"},{\"@type\":\"BreadcrumbList\",\"@id\":\"https:\/\/neylaropadedanza.es\/fr\/product\/tasilmah\/#breadcrumb\",\"itemListElement\":[{\"@type\":\"ListItem\",\"position\":1,\"name\":\"Home\",\"item\":\"https:\/\/neylaropadedanza.es\/fr\/\"},{\"@type\":\"ListItem\",\"position\":2,\"name\":\"Produits\",\"item\":\"https:\/\/neylaropadedanza.es\/fr\/shop\/\"},{\"@type\":\"ListItem\",\"position\":3,\"name\":\"Tasilmah\"}]},{\"@type\":\"WebSite\",\"@id\":\"https:\/\/neylaropadedanza.com\/#website\",\"url\":\"https:\/\/neylaropadedanza.com\/\",\"name\":\"NeylaRopaDeDanza\",\"description\":\"Ropa de Danza del Vientre, danza oriental, trajes, ropa de ensayo y mucho m\u00e1s!\",\"publisher\":{\"@id\":\"https:\/\/neylaropadedanza.com\/#organization\"},\"potentialAction\":[{\"@type\":\"SearchAction\",\"target\":{\"@type\":\"EntryPoint\",\"urlTemplate\":\"https:\/\/neylaropadedanza.com\/?s={search_term_string}\"},\"query-input\":{\"@type\":\"PropertyValueSpecification\",\"valueRequired\":true,\"valueName\":\"search_term_string\"}}],\"inLanguage\":\"fr-FR\"},{\"@type\":\"Organization\",\"@id\":\"https:\/\/neylaropadedanza.com\/#organization\",\"name\":\"NeylaRopaDeDanza\",\"url\":\"https:\/\/neylaropadedanza.com\/\",\"logo\":{\"@type\":\"ImageObject\",\"inLanguage\":\"fr-FR\",\"@id\":\"https:\/\/neylaropadedanza.com\/#\/schema\/logo\/image\/\",\"url\":\"https:\/\/neylaropadedanza.es\/wp-content\/uploads\/2025\/04\/Neyla-Blanc.webp\",\"contentUrl\":\"https:\/\/neylaropadedanza.es\/wp-content\/uploads\/2025\/04\/Neyla-Blanc.webp\",\"width\":1970,\"height\":936,\"caption\":\"NeylaRopaDeDanza\"},\"image\":{\"@id\":\"https:\/\/neylaropadedanza.com\/#\/schema\/logo\/image\/\"},\"sameAs\":[\"https:\/\/www.facebook.com\/neyladancewear\/\",\"https:\/\/www.instagram.com\/neyladancewear\/\",\"https:\/\/www.youtube.com\/channel\/UCKlqrANcZD0QqKXzpy4taWA?view_as=subscriber\"]}]}<\/script>\n<!-- \/ Yoast SEO plugin. -->","yoast_head_json":{"title":"Tasilmah - Neyla Dancewear - V\u00eatements de danse du ventre","description":"L\u2019ensemble Tasilmah va vous s\u00e9duire ! \u00c9l\u00e9gant mais amusant, avec une touche flamenco et super flatteur. Vous brillerez lors de vos cours de danse du ventre !","robots":{"index":"index","follow":"follow","max-snippet":"max-snippet:-1","max-image-preview":"max-image-preview:large","max-video-preview":"max-video-preview:-1"},"canonical":"https:\/\/neylaropadedanza.es\/fr\/product\/tasilmah\/","og_locale":"fr_FR","og_type":"article","og_title":"Tasilmah - Neyla Dancewear - V\u00eatements de danse du ventre","og_description":"L\u2019ensemble Tasilmah va vous s\u00e9duire ! \u00c9l\u00e9gant mais amusant, avec une touche flamenco et super flatteur. Vous brillerez lors de vos cours de danse du ventre !","og_url":"https:\/\/neylaropadedanza.es\/fr\/product\/tasilmah\/","og_site_name":"Neyla Dancewear","article_publisher":"https:\/\/www.facebook.com\/neyladancewear\/","og_image":[{"width":1603,"height":2024,"url":"https:\/\/neylaropadedanza.com\/wp-content\/uploads\/2021\/12\/Ropa-Danza-del-Vientre-24.jpg","type":"image\/jpeg"}],"twitter_card":"summary_large_image","twitter_misc":{"Dur\u00e9e de lecture estim\u00e9e":"1 minute"},"schema":{"@context":"https:\/\/schema.org","@graph":[{"@type":"WebPage","@id":"https:\/\/neylaropadedanza.es\/fr\/product\/tasilmah\/","url":"https:\/\/neylaropadedanza.es\/fr\/product\/tasilmah\/","name":"Tasilmah - Neyla Dancewear - V\u00eatements de danse du ventre","isPartOf":{"@id":"https:\/\/neylaropadedanza.com\/#website"},"primaryImageOfPage":{"@id":"https:\/\/neylaropadedanza.es\/fr\/product\/tasilmah\/#primaryimage"},"image":{"@id":"https:\/\/neylaropadedanza.es\/fr\/product\/tasilmah\/#primaryimage"},"thumbnailUrl":"https:\/\/neylaropadedanza.es\/wp-content\/uploads\/2021\/12\/Ropa-Danza-del-Vientre-24.jpg","datePublished":"2021-12-18T15:48:13+00:00","description":"L\u2019ensemble Tasilmah va vous s\u00e9duire ! \u00c9l\u00e9gant mais amusant, avec une touche flamenco et super flatteur. Vous brillerez lors de vos cours de danse du ventre !","breadcrumb":{"@id":"https:\/\/neylaropadedanza.es\/fr\/product\/tasilmah\/#breadcrumb"},"inLanguage":"fr-FR","potentialAction":[{"@type":"ReadAction","target":["https:\/\/neylaropadedanza.es\/fr\/product\/tasilmah\/"]}]},{"@type":"ImageObject","inLanguage":"fr-FR","@id":"https:\/\/neylaropadedanza.es\/fr\/product\/tasilmah\/#primaryimage","url":"https:\/\/neylaropadedanza.es\/wp-content\/uploads\/2021\/12\/Ropa-Danza-del-Vientre-24.jpg","contentUrl":"https:\/\/neylaropadedanza.es\/wp-content\/uploads\/2021\/12\/Ropa-Danza-del-Vientre-24.jpg","width":1603,"height":2024,"caption":"Ensemble noir de danse orientale avec top \u00e0 une manche et jupe \u00e0 volants \u00e0 pois, en pose de studio."},{"@type":"BreadcrumbList","@id":"https:\/\/neylaropadedanza.es\/fr\/product\/tasilmah\/#breadcrumb","itemListElement":[{"@type":"ListItem","position":1,"name":"Home","item":"https:\/\/neylaropadedanza.es\/fr\/"},{"@type":"ListItem","position":2,"name":"Produits","item":"https:\/\/neylaropadedanza.es\/fr\/shop\/"},{"@type":"ListItem","position":3,"name":"Tasilmah"}]},{"@type":"WebSite","@id":"https:\/\/neylaropadedanza.com\/#website","url":"https:\/\/neylaropadedanza.com\/","name":"NeylaRopaDeDanza","description":"Ropa de Danza del Vientre, danza oriental, trajes, ropa de ensayo y mucho m\u00e1s!","publisher":{"@id":"https:\/\/neylaropadedanza.com\/#organization"},"potentialAction":[{"@type":"SearchAction","target":{"@type":"EntryPoint","urlTemplate":"https:\/\/neylaropadedanza.com\/?s={search_term_string}"},"query-input":{"@type":"PropertyValueSpecification","valueRequired":true,"valueName":"search_term_string"}}],"inLanguage":"fr-FR"},{"@type":"Organization","@id":"https:\/\/neylaropadedanza.com\/#organization","name":"NeylaRopaDeDanza","url":"https:\/\/neylaropadedanza.com\/","logo":{"@type":"ImageObject","inLanguage":"fr-FR","@id":"https:\/\/neylaropadedanza.com\/#\/schema\/logo\/image\/","url":"https:\/\/neylaropadedanza.es\/wp-content\/uploads\/2025\/04\/Neyla-Blanc.webp","contentUrl":"https:\/\/neylaropadedanza.es\/wp-content\/uploads\/2025\/04\/Neyla-Blanc.webp","width":1970,"height":936,"caption":"NeylaRopaDeDanza"},"image":{"@id":"https:\/\/neylaropadedanza.com\/#\/schema\/logo\/image\/"},"sameAs":["https:\/\/www.facebook.com\/neyladancewear\/","https:\/\/www.instagram.com\/neyladancewear\/","https:\/\/www.youtube.com\/channel\/UCKlqrANcZD0QqKXzpy4taWA?view_as=subscriber"]}]}},"_links":{"self":[{"href":"https:\/\/neylaropadedanza.es\/fr\/wp-json\/wp\/v2\/product\/19195","targetHints":{"allow":["GET"]}}],"collection":[{"href":"https:\/\/neylaropadedanza.es\/fr\/wp-json\/wp\/v2\/product"}],"about":[{"href":"https:\/\/neylaropadedanza.es\/fr\/wp-json\/wp\/v2\/types\/product"}],"replies":[{"embeddable":true,"href":"https:\/\/neylaropadedanza.es\/fr\/wp-json\/wp\/v2\/comments?post=19195"}],"version-history":[{"count":0,"href":"https:\/\/neylaropadedanza.es\/fr\/wp-json\/wp\/v2\/product\/19195\/revisions"}],"wp:featuredmedia":[{"embeddable":true,"href":"https:\/\/neylaropadedanza.es\/fr\/wp-json\/wp\/v2\/media\/18070"}],"wp:attachment":[{"href":"https:\/\/neylaropadedanza.es\/fr\/wp-json\/wp\/v2\/media?parent=19195"}],"wp:term":[{"taxonomy":"product_brand","embeddable":true,"href":"https:\/\/neylaropadedanza.es\/fr\/wp-json\/wp\/v2\/product_brand?post=19195"},{"taxonomy":"product_cat","embeddable":true,"href":"https:\/\/neylaropadedanza.es\/fr\/wp-json\/wp\/v2\/product_cat?post=19195"},{"taxonomy":"product_tag","embeddable":true,"href":"https:\/\/neylaropadedanza.es\/fr\/wp-json\/wp\/v2\/product_tag?post=19195"}],"curies":[{"name":"wp","href":"https:\/\/api.w.org\/{rel}","templated":true}]}}