{"id":19187,"date":"2021-12-20T18:35:13","date_gmt":"2021-12-20T17:35:13","guid":{"rendered":"https:\/\/neylaropadedanza.es\/product\/tharaa\/"},"modified":"2021-12-20T18:35:13","modified_gmt":"2021-12-20T18:35:13","slug":"tharaa","status":"publish","type":"product","link":"https:\/\/neylaropadedanza.es\/fr\/product\/tharaa\/","title":{"rendered":"Tharaa"},"content":{"rendered":"<h2 data-start=\"132\" data-end=\"187\">\u2728 Ensemble Tharaa \u2013 \u00c9l\u00e9gance, Couleur et Mouvement \u2728<\/h2>\n<p data-start=\"189\" data-end=\"466\">L\u2019<strong data-start=\"193\" data-end=\"212\">Ensemble Tharaa<\/strong> deviendra votre favori pour vos cours de danse ! \ud83d\udc9c \u00c9l\u00e9gant, original et avec une touche flamenca, ce mod\u00e8le au motif fleuri vous fera briller d\u00e8s que vous l\u2019essaierez.  <\/p>\n<p data-start=\"468\" data-end=\"624\">\ud83e\ude70<strong data-start=\"471\" data-end=\"553\"> Parfait pour la danse orientale, le tribal, la fusion, le yoga ou le Bollywood<\/strong>, il allie confort, style et libert\u00e9 de mouvement.<\/p>\n<h3 data-start=\"631\" data-end=\"658\">\ud83e\uddf5 D\u00e9tails du mod\u00e8le :<\/h3>\n<ul data-start=\"660\" data-end=\"1110\">\n<li data-start=\"660\" data-end=\"748\">\n<p data-start=\"662\" data-end=\"748\"><strong data-start=\"662\" data-end=\"680\">Top court <\/strong>asym\u00e9trique avec manche longue \u00e0 gauche et bretelle fine \u00e0 droite<\/p>\n<\/li>\n<li data-start=\"749\" data-end=\"844\">\n<p data-start=\"751\" data-end=\"844\"><strong data-start=\"751\" data-end=\"768\">Volant noir<\/strong> sur la manche et sous la poitrine, avec ceinture en lycra noir<\/p>\n<\/li>\n<li data-start=\"845\" data-end=\"941\">\n<p data-start=\"847\" data-end=\"941\"><strong data-start=\"847\" data-end=\"873\">Jupe courte fa\u00e7on par\u00e9o<\/strong>, nou\u00e9e sur le c\u00f4t\u00e9 et orn\u00e9e de<strong data-start=\"894\" data-end=\"921\"> volants en lycra<\/strong> noir<\/p>\n<\/li>\n<li data-start=\"942\" data-end=\"1038\">\n<p data-start=\"944\" data-end=\"1038\">Confectionn\u00e9 en <strong data-start=\"971\" data-end=\"996\">tissu fleuri dans les tons violets<\/strong>, verts et noirs<\/p>\n<\/li>\n<li data-start=\"1039\" data-end=\"1110\">\n<p data-start=\"1041\" data-end=\"1110\">Un ensemble confortable, flatteur, \u00e9l\u00e9gant et plein de caract\u00e8re. On adore ! <\/p>\n<\/li>\n<\/ul>\n<p data-start=\"1117\" data-end=\"1408\">\ud83c\udf38<strong data-start=\"1120\" data-end=\"1142\"> Chez Neyla Dancewear,<\/strong> tous nos v\u00eatements sont con\u00e7us et fabriqu\u00e9s \u00e0 Barcelone. Nous choisissons soigneusement des tissus de haute qualit\u00e9 pour garantir confort, durabilit\u00e9 et style. Chaque cr\u00e9ation est pens\u00e9e pour s\u2019adapter \u00e0 toutes les morphologies. Parce que chaque danseuse est unique !  <\/p>\n<p data-start=\"1415\" data-end=\"1658\">\ud83d\udc8c<strong data-start=\"1418\" data-end=\"1451\"> Besoin d\u2019aide pour choisir votre taille ?<\/strong><br data-start=\"1451\" data-end=\"1454\">Nos ensembles d\u2019entra\u00eenement en lycra s\u2019adaptent parfaitement \u00e0 toutes les silhouettes. Si vous avez besoin d\u2019une taille sp\u00e9ciale ou d\u2019un mod\u00e8le personnalis\u00e9, contactez-nous ! Nous serons ravies de vous aider.  Nous serons ravies de vous conseiller !<\/p>\n<p data-start=\"1665\" data-end=\"1840\">\ud83d\udc8e<strong data-start=\"1668\" data-end=\"1720\"> Compl\u00e9tez votre tenue avec nos accessoires :<\/strong><br data-start=\"1721\" data-end=\"1724\">D\u00e9couvrez nos ceintures, bijoux, voiles de soie, parures de pieds et bien plus \u2192 <a href=\"https:\/\/neylaropadedanza.es\/fr\/accessoires\/\">Accessoires<\/a><\/p>\n<p data-start=\"1848\" data-end=\"1898\">Pr\u00eate \u00e0 briller avec <strong data-start=\"1875\" data-end=\"1894\">l\u2019Ensemble Tharaa <\/strong>? \ud83c\udf1f <\/p>\n","protected":false},"excerpt":{"rendered":"<p><a href=\"https:\/\/neylaropadedanza.es\/fr\/guide-des-mesures\/\">Guide des Tailles<\/a><\/p>\n","protected":false},"featured_media":18078,"comment_status":"open","ping_status":"closed","template":"","meta":{"content-type":"","_monsterinsights_skip_tracking":false,"_monsterinsights_sitenote_active":false,"_monsterinsights_sitenote_note":"","_monsterinsights_sitenote_category":0,"_uf_show_specific_survey":0,"_uf_disable_surveys":false},"product_brand":[],"product_cat":[973,967,969],"product_tag":[1120,1098,1160,1219,1253,1108,1327,1385,1307,1305,1249],"class_list":{"0":"post-19187","1":"product","2":"type-product","3":"status-publish","4":"has-post-thumbnail","6":"product_cat-ensambles","7":"product_cat-outlet-fr","8":"product_cat-vetements-dentrainement","9":"product_tag-danse-du-ventre","10":"product_tag-ensemble","11":"product_tag-jupe","12":"product_tag-lilas","13":"product_tag-noir","14":"product_tag-tenue-dentrainement","15":"product_tag-top-fr","16":"product_tag-vert","17":"product_tag-vetements-dentrainement","18":"product_tag-vetements-de-danse-du-ventre-fr","19":"product_tag-violet","20":"product_shipping_class-standard-fr","22":"first","23":"instock","24":"sale","25":"taxable","26":"shipping-taxable","27":"purchasable","28":"product-type-variable","29":"add-to-wishlist-after_add_to_cart"},"yoast_head":"<!-- This site is optimized with the Yoast SEO plugin v26.6 - https:\/\/yoast.com\/wordpress\/plugins\/seo\/ -->\n<title>Tharaa - Neyla Dancewear - V\u00eatements de danse du ventre<\/title>\n<meta name=\"description\" content=\"Vous allez adorer l\u2019ensemble Tharaa ! \u00c9l\u00e9gant mais amusant, avec une touche flamenco et tr\u00e8s flatteur. Le meilleur v\u00eatement de danse du ventre !\" \/>\n<meta name=\"robots\" content=\"index, follow, max-snippet:-1, max-image-preview:large, max-video-preview:-1\" \/>\n<link rel=\"canonical\" href=\"https:\/\/neylaropadedanza.es\/fr\/product\/tharaa\/\" \/>\n<meta property=\"og:locale\" content=\"fr_FR\" \/>\n<meta property=\"og:type\" content=\"article\" \/>\n<meta property=\"og:title\" content=\"Tharaa - Neyla Dancewear - V\u00eatements de danse du ventre\" \/>\n<meta property=\"og:description\" content=\"Vous allez adorer l\u2019ensemble Tharaa ! \u00c9l\u00e9gant mais amusant, avec une touche flamenco et tr\u00e8s flatteur. Le meilleur v\u00eatement de danse du ventre !\" \/>\n<meta property=\"og:url\" content=\"https:\/\/neylaropadedanza.es\/fr\/product\/tharaa\/\" \/>\n<meta property=\"og:site_name\" content=\"Neyla Dancewear\" \/>\n<meta property=\"article:publisher\" content=\"https:\/\/www.facebook.com\/neyladancewear\/\" \/>\n<meta property=\"article:modified_time\" content=\"2021-12-20T18:35:13+00:00\" \/>\n<meta property=\"og:image\" content=\"https:\/\/neylaropadedanza.com\/wp-content\/uploads\/2021\/12\/Ropa-Danza-del-Vientre-28.jpg\" \/>\n\t<meta property=\"og:image:width\" content=\"1691\" \/>\n\t<meta property=\"og:image:height\" content=\"2024\" \/>\n\t<meta property=\"og:image:type\" content=\"image\/jpeg\" \/>\n<meta name=\"twitter:card\" content=\"summary_large_image\" \/>\n<meta name=\"twitter:label1\" content=\"Dur\u00e9e de lecture estim\u00e9e\" \/>\n\t<meta name=\"twitter:data1\" content=\"1 minute\" \/>\n<script type=\"application\/ld+json\" class=\"yoast-schema-graph\">{\"@context\":\"https:\/\/schema.org\",\"@graph\":[{\"@type\":\"WebPage\",\"@id\":\"https:\/\/neylaropadedanza.es\/fr\/product\/tharaa\/\",\"url\":\"https:\/\/neylaropadedanza.es\/fr\/product\/tharaa\/\",\"name\":\"Tharaa - Neyla Dancewear - V\u00eatements de danse du ventre\",\"isPartOf\":{\"@id\":\"https:\/\/neylaropadedanza.com\/#website\"},\"primaryImageOfPage\":{\"@id\":\"https:\/\/neylaropadedanza.es\/fr\/product\/tharaa\/#primaryimage\"},\"image\":{\"@id\":\"https:\/\/neylaropadedanza.es\/fr\/product\/tharaa\/#primaryimage\"},\"thumbnailUrl\":\"https:\/\/neylaropadedanza.es\/wp-content\/uploads\/2021\/12\/Ropa-Danza-del-Vientre-28.jpg\",\"datePublished\":\"2021-12-20T17:35:13+00:00\",\"dateModified\":\"2021-12-20T18:35:13+00:00\",\"description\":\"Vous allez adorer l\u2019ensemble Tharaa ! \u00c9l\u00e9gant mais amusant, avec une touche flamenco et tr\u00e8s flatteur. Le meilleur v\u00eatement de danse du ventre !\",\"breadcrumb\":{\"@id\":\"https:\/\/neylaropadedanza.es\/fr\/product\/tharaa\/#breadcrumb\"},\"inLanguage\":\"fr-FR\",\"potentialAction\":[{\"@type\":\"ReadAction\",\"target\":[\"https:\/\/neylaropadedanza.es\/fr\/product\/tharaa\/\"]}]},{\"@type\":\"ImageObject\",\"inLanguage\":\"fr-FR\",\"@id\":\"https:\/\/neylaropadedanza.es\/fr\/product\/tharaa\/#primaryimage\",\"url\":\"https:\/\/neylaropadedanza.es\/wp-content\/uploads\/2021\/12\/Ropa-Danza-del-Vientre-28.jpg\",\"contentUrl\":\"https:\/\/neylaropadedanza.es\/wp-content\/uploads\/2021\/12\/Ropa-Danza-del-Vientre-28.jpg\",\"width\":1691,\"height\":2024,\"caption\":\"Ensemble Tharaa de Neyla Dancewear, avec un top fleuri asym\u00e9trique et une jupe par\u00e9o noire \u00e0 volants.\"},{\"@type\":\"BreadcrumbList\",\"@id\":\"https:\/\/neylaropadedanza.es\/fr\/product\/tharaa\/#breadcrumb\",\"itemListElement\":[{\"@type\":\"ListItem\",\"position\":1,\"name\":\"Home\",\"item\":\"https:\/\/neylaropadedanza.es\/fr\/\"},{\"@type\":\"ListItem\",\"position\":2,\"name\":\"Produits\",\"item\":\"https:\/\/neylaropadedanza.es\/fr\/shop\/\"},{\"@type\":\"ListItem\",\"position\":3,\"name\":\"Tharaa\"}]},{\"@type\":\"WebSite\",\"@id\":\"https:\/\/neylaropadedanza.com\/#website\",\"url\":\"https:\/\/neylaropadedanza.com\/\",\"name\":\"NeylaRopaDeDanza\",\"description\":\"Ropa de Danza del Vientre, danza oriental, trajes, ropa de ensayo y mucho m\u00e1s!\",\"publisher\":{\"@id\":\"https:\/\/neylaropadedanza.com\/#organization\"},\"potentialAction\":[{\"@type\":\"SearchAction\",\"target\":{\"@type\":\"EntryPoint\",\"urlTemplate\":\"https:\/\/neylaropadedanza.com\/?s={search_term_string}\"},\"query-input\":{\"@type\":\"PropertyValueSpecification\",\"valueRequired\":true,\"valueName\":\"search_term_string\"}}],\"inLanguage\":\"fr-FR\"},{\"@type\":\"Organization\",\"@id\":\"https:\/\/neylaropadedanza.com\/#organization\",\"name\":\"NeylaRopaDeDanza\",\"url\":\"https:\/\/neylaropadedanza.com\/\",\"logo\":{\"@type\":\"ImageObject\",\"inLanguage\":\"fr-FR\",\"@id\":\"https:\/\/neylaropadedanza.com\/#\/schema\/logo\/image\/\",\"url\":\"https:\/\/neylaropadedanza.es\/wp-content\/uploads\/2025\/04\/Neyla-Blanc.webp\",\"contentUrl\":\"https:\/\/neylaropadedanza.es\/wp-content\/uploads\/2025\/04\/Neyla-Blanc.webp\",\"width\":1970,\"height\":936,\"caption\":\"NeylaRopaDeDanza\"},\"image\":{\"@id\":\"https:\/\/neylaropadedanza.com\/#\/schema\/logo\/image\/\"},\"sameAs\":[\"https:\/\/www.facebook.com\/neyladancewear\/\",\"https:\/\/www.instagram.com\/neyladancewear\/\",\"https:\/\/www.youtube.com\/channel\/UCKlqrANcZD0QqKXzpy4taWA?view_as=subscriber\"]}]}<\/script>\n<!-- \/ Yoast SEO plugin. -->","yoast_head_json":{"title":"Tharaa - Neyla Dancewear - V\u00eatements de danse du ventre","description":"Vous allez adorer l\u2019ensemble Tharaa ! \u00c9l\u00e9gant mais amusant, avec une touche flamenco et tr\u00e8s flatteur. Le meilleur v\u00eatement de danse du ventre !","robots":{"index":"index","follow":"follow","max-snippet":"max-snippet:-1","max-image-preview":"max-image-preview:large","max-video-preview":"max-video-preview:-1"},"canonical":"https:\/\/neylaropadedanza.es\/fr\/product\/tharaa\/","og_locale":"fr_FR","og_type":"article","og_title":"Tharaa - Neyla Dancewear - V\u00eatements de danse du ventre","og_description":"Vous allez adorer l\u2019ensemble Tharaa ! \u00c9l\u00e9gant mais amusant, avec une touche flamenco et tr\u00e8s flatteur. Le meilleur v\u00eatement de danse du ventre !","og_url":"https:\/\/neylaropadedanza.es\/fr\/product\/tharaa\/","og_site_name":"Neyla Dancewear","article_publisher":"https:\/\/www.facebook.com\/neyladancewear\/","article_modified_time":"2021-12-20T18:35:13+00:00","og_image":[{"width":1691,"height":2024,"url":"https:\/\/neylaropadedanza.com\/wp-content\/uploads\/2021\/12\/Ropa-Danza-del-Vientre-28.jpg","type":"image\/jpeg"}],"twitter_card":"summary_large_image","twitter_misc":{"Dur\u00e9e de lecture estim\u00e9e":"1 minute"},"schema":{"@context":"https:\/\/schema.org","@graph":[{"@type":"WebPage","@id":"https:\/\/neylaropadedanza.es\/fr\/product\/tharaa\/","url":"https:\/\/neylaropadedanza.es\/fr\/product\/tharaa\/","name":"Tharaa - Neyla Dancewear - V\u00eatements de danse du ventre","isPartOf":{"@id":"https:\/\/neylaropadedanza.com\/#website"},"primaryImageOfPage":{"@id":"https:\/\/neylaropadedanza.es\/fr\/product\/tharaa\/#primaryimage"},"image":{"@id":"https:\/\/neylaropadedanza.es\/fr\/product\/tharaa\/#primaryimage"},"thumbnailUrl":"https:\/\/neylaropadedanza.es\/wp-content\/uploads\/2021\/12\/Ropa-Danza-del-Vientre-28.jpg","datePublished":"2021-12-20T17:35:13+00:00","dateModified":"2021-12-20T18:35:13+00:00","description":"Vous allez adorer l\u2019ensemble Tharaa ! \u00c9l\u00e9gant mais amusant, avec une touche flamenco et tr\u00e8s flatteur. Le meilleur v\u00eatement de danse du ventre !","breadcrumb":{"@id":"https:\/\/neylaropadedanza.es\/fr\/product\/tharaa\/#breadcrumb"},"inLanguage":"fr-FR","potentialAction":[{"@type":"ReadAction","target":["https:\/\/neylaropadedanza.es\/fr\/product\/tharaa\/"]}]},{"@type":"ImageObject","inLanguage":"fr-FR","@id":"https:\/\/neylaropadedanza.es\/fr\/product\/tharaa\/#primaryimage","url":"https:\/\/neylaropadedanza.es\/wp-content\/uploads\/2021\/12\/Ropa-Danza-del-Vientre-28.jpg","contentUrl":"https:\/\/neylaropadedanza.es\/wp-content\/uploads\/2021\/12\/Ropa-Danza-del-Vientre-28.jpg","width":1691,"height":2024,"caption":"Ensemble Tharaa de Neyla Dancewear, avec un top fleuri asym\u00e9trique et une jupe par\u00e9o noire \u00e0 volants."},{"@type":"BreadcrumbList","@id":"https:\/\/neylaropadedanza.es\/fr\/product\/tharaa\/#breadcrumb","itemListElement":[{"@type":"ListItem","position":1,"name":"Home","item":"https:\/\/neylaropadedanza.es\/fr\/"},{"@type":"ListItem","position":2,"name":"Produits","item":"https:\/\/neylaropadedanza.es\/fr\/shop\/"},{"@type":"ListItem","position":3,"name":"Tharaa"}]},{"@type":"WebSite","@id":"https:\/\/neylaropadedanza.com\/#website","url":"https:\/\/neylaropadedanza.com\/","name":"NeylaRopaDeDanza","description":"Ropa de Danza del Vientre, danza oriental, trajes, ropa de ensayo y mucho m\u00e1s!","publisher":{"@id":"https:\/\/neylaropadedanza.com\/#organization"},"potentialAction":[{"@type":"SearchAction","target":{"@type":"EntryPoint","urlTemplate":"https:\/\/neylaropadedanza.com\/?s={search_term_string}"},"query-input":{"@type":"PropertyValueSpecification","valueRequired":true,"valueName":"search_term_string"}}],"inLanguage":"fr-FR"},{"@type":"Organization","@id":"https:\/\/neylaropadedanza.com\/#organization","name":"NeylaRopaDeDanza","url":"https:\/\/neylaropadedanza.com\/","logo":{"@type":"ImageObject","inLanguage":"fr-FR","@id":"https:\/\/neylaropadedanza.com\/#\/schema\/logo\/image\/","url":"https:\/\/neylaropadedanza.es\/wp-content\/uploads\/2025\/04\/Neyla-Blanc.webp","contentUrl":"https:\/\/neylaropadedanza.es\/wp-content\/uploads\/2025\/04\/Neyla-Blanc.webp","width":1970,"height":936,"caption":"NeylaRopaDeDanza"},"image":{"@id":"https:\/\/neylaropadedanza.com\/#\/schema\/logo\/image\/"},"sameAs":["https:\/\/www.facebook.com\/neyladancewear\/","https:\/\/www.instagram.com\/neyladancewear\/","https:\/\/www.youtube.com\/channel\/UCKlqrANcZD0QqKXzpy4taWA?view_as=subscriber"]}]}},"_links":{"self":[{"href":"https:\/\/neylaropadedanza.es\/fr\/wp-json\/wp\/v2\/product\/19187","targetHints":{"allow":["GET"]}}],"collection":[{"href":"https:\/\/neylaropadedanza.es\/fr\/wp-json\/wp\/v2\/product"}],"about":[{"href":"https:\/\/neylaropadedanza.es\/fr\/wp-json\/wp\/v2\/types\/product"}],"replies":[{"embeddable":true,"href":"https:\/\/neylaropadedanza.es\/fr\/wp-json\/wp\/v2\/comments?post=19187"}],"version-history":[{"count":0,"href":"https:\/\/neylaropadedanza.es\/fr\/wp-json\/wp\/v2\/product\/19187\/revisions"}],"wp:featuredmedia":[{"embeddable":true,"href":"https:\/\/neylaropadedanza.es\/fr\/wp-json\/wp\/v2\/media\/18078"}],"wp:attachment":[{"href":"https:\/\/neylaropadedanza.es\/fr\/wp-json\/wp\/v2\/media?parent=19187"}],"wp:term":[{"taxonomy":"product_brand","embeddable":true,"href":"https:\/\/neylaropadedanza.es\/fr\/wp-json\/wp\/v2\/product_brand?post=19187"},{"taxonomy":"product_cat","embeddable":true,"href":"https:\/\/neylaropadedanza.es\/fr\/wp-json\/wp\/v2\/product_cat?post=19187"},{"taxonomy":"product_tag","embeddable":true,"href":"https:\/\/neylaropadedanza.es\/fr\/wp-json\/wp\/v2\/product_tag?post=19187"}],"curies":[{"name":"wp","href":"https:\/\/api.w.org\/{rel}","templated":true}]}}