{"id":19171,"date":"2021-12-21T19:13:14","date_gmt":"2021-12-21T18:13:14","guid":{"rendered":"https:\/\/neylaropadedanza.es\/product\/hator\/"},"modified":"2025-10-07T22:42:45","modified_gmt":"2025-10-07T22:42:45","slug":"hator","status":"publish","type":"product","link":"https:\/\/neylaropadedanza.es\/fr\/product\/hator\/","title":{"rendered":"Hator"},"content":{"rendered":"<article class=\"text-token-text-primary w-full\" dir=\"auto\" data-testid=\"conversation-turn-276\" data-scroll-anchor=\"false\">\n<div class=\"text-base my-auto mx-auto [--thread-content-margin:--spacing(4)] @[37rem]:[--thread-content-margin:--spacing(6)] @[72rem]:[--thread-content-margin:--spacing(16)] px-(--thread-content-margin)\">\n<div class=\"[--thread-content-max-width:32rem] @[34rem]:[--thread-content-max-width:40rem] @[64rem]:[--thread-content-max-width:48rem] mx-auto flex max-w-(--thread-content-max-width) flex-1 text-base gap-4 md:gap-5 lg:gap-6 group\/turn-messages focus-visible:outline-hidden\" tabindex=\"-1\">\n<div class=\"group\/conversation-turn relative flex w-full min-w-0 flex-col agent-turn\">\n<div class=\"relative flex-col gap-1 md:gap-3\">\n<div class=\"flex max-w-full flex-col grow\">\n<div class=\"min-h-8 text-message relative flex w-full flex-col items-end gap-2 text-start break-words whitespace-normal [.text-message+&amp;]:mt-5\" dir=\"auto\" data-message-author-role=\"assistant\" data-message-id=\"a9ead7a6-c90c-4c56-8d0b-20d956f50298\" data-message-model-slug=\"gpt-4o\">\n<div class=\"flex w-full flex-col gap-1 empty:hidden first:pt-[3px]\">\n<div class=\"markdown prose dark:prose-invert w-full break-words light\">\n<h2 data-start=\"106\" data-end=\"177\">\u2728 Robe Hator \u2013 \u00c9l\u00e9gance et Touche Flamenco pour Votre Look de Danse Orientale<\/h2>\n<p data-start=\"179\" data-end=\"620\">La <strong data-start=\"182\" data-end=\"199\">Robe Hator <\/strong>est un v\u00e9ritable bijou de notre collection. Con\u00e7ue pour les danseuses qui souhaitent se d\u00e9marquer avec sophistication et f\u00e9minit\u00e9, elle associe l\u2019essence de la danse orientale \u00e0 une touche flamenco irr\u00e9sistible. Sa coupe sublime la silhouette tout en apportant gr\u00e2ce et fluidit\u00e9 \u00e0 chacun de vos mouvements. C\u2019est le choix id\u00e9al pour vos cours de danse orientale, tribal fusion, flamenco oriental ou m\u00eame pour la porter en ville!  <\/p>\n<p data-start=\"622\" data-end=\"1098\">Son principal atout est sa coupe asym\u00e9trique\u202f: un d\u00e9collet\u00e9 en diagonale qui cr\u00e9e une ligne \u00e9l\u00e9gante et s\u00e9duisante, avec des manches contrast\u00e9es pour plus de caract\u00e8re\u202f: manche courte sur le bras gauche et \u00e9paule d\u00e9nud\u00e9e sur le bras droit, pour une finition moderne et sensuelle. La jupe reprend cette coupe diagonale, plus courte sur le c\u00f4t\u00e9 gauche et plus longue sur le droit, apportant un tomb\u00e9 flatteur et un mouvement ample qui valorisent la danse. <\/p>\n<p data-start=\"1100\" data-end=\"1403\">Son imprim\u00e9 floral sur fond noir est tout simplement magnifique, avec des fleurs rouges vives et des feuilles vertes \u00e9voquant force, passion et naturel. Fabriqu\u00e9e dans des tissus de haute qualit\u00e9, confortables et extensibles, cette robe s\u2019adapte parfaitement \u00e0 votre corps, vous offrant une libert\u00e9 de mouvement totale tout en conservant une allure \u00e9l\u00e9gante et soign\u00e9e. <\/p>\n<p data-start=\"1405\" data-end=\"1712\">Chez <strong data-start=\"1408\" data-end=\"1427\">Neyla Dancewear,<\/strong> nous concevons et confectionnons tous nos mod\u00e8les \u00e0 Barcelone, en soignant chaque d\u00e9tail pour vous offrir des pi\u00e8ces uniques et de qualit\u00e9. Nous s\u00e9lectionnons des mati\u00e8res durables et agr\u00e9ables pour garantir beaut\u00e9, adaptabilit\u00e9 et long\u00e9vit\u00e9. <\/p>\n<p data-start=\"1714\" data-end=\"2030\">Compl\u00e9tez votre look <strong data-start=\"1754\" data-end=\"1771\">Robe Hator avec nos accessoires<\/strong>\u202f: <a href=\"https:\/\/neylaropadedanza.es\/fr\/accessoires\/\">ceintures orn\u00e9es de strass, bijoux, voiles de soie <\/a>et bien plus encore. Besoin d\u2019un mod\u00e8le sur mesure\u202f? Contactez-nous\u202f! Nous pouvons personnaliser votre robe ou ensemble exactement selon vos envies. <\/p>\n<p data-start=\"2032\" data-end=\"2188\" data-is-last-node=\"\" data-is-only-node=\"\">D\u00e9couvrez pourquoi tant de danseuses passionn\u00e9es choisissent<strong data-start=\"2049\" data-end=\"2068\"> Neyla Dancewear.<\/strong> Adoptez la <strong data-start=\"2132\" data-end=\"2149\">Robe Hator<\/strong> et faites briller votre danse comme jamais\u202f! <\/p>\n<\/div>\n<\/div>\n<\/div>\n<\/div>\n<div class=\"mx-[var(--mini-thread-content-inset)]\">\n<div class=\"flex min-h-[46px] justify-start\">\n<div class=\"touch:-me-2 touch:-ms-3.5 -ms-2.5 -me-1 flex flex-wrap items-center gap-y-4 p-1 select-none touch:w-[calc(100%+--spacing(3.5))] -mt-1 w-[calc(100%+--spacing(2.5))] duration-[1.5s] focus-within:transition-none hover:transition-none pointer-events-none [mask-image:linear-gradient(to_right,black_33%,transparent_66%)] [mask-size:300%_100%] [mask-position:100%_0%] motion-safe:transition-[mask-position] group-hover\/turn-messages:pointer-events-auto group-hover\/turn-messages:[mask-position:0_0] group-focus-within\/turn-messages:pointer-events-auto group-focus-within\/turn-messages:[mask-position:0_0] has-data-[state=open]:pointer-events-auto has-data-[state=open]:[mask-position:0_0]\"><\/div>\n<\/div>\n<\/div>\n<\/div>\n<\/div>\n<\/div>\n<\/div>\n<\/article>\n<article class=\"text-token-text-primary w-full\" dir=\"auto\" data-testid=\"conversation-turn-277\" data-scroll-anchor=\"false\">\n<h5 class=\"sr-only\"><\/h5>\n<\/article>\n","protected":false},"excerpt":{"rendered":"<p><a href=\"https:\/\/neylaropadedanza.es\/fr\/guide-des-mesures\/\">Guide des Tailles<\/a><\/p>\n","protected":false},"featured_media":18094,"comment_status":"open","ping_status":"closed","template":"","meta":{"content-type":"","_monsterinsights_skip_tracking":false,"_monsterinsights_sitenote_active":false,"_monsterinsights_sitenote_note":"","_monsterinsights_sitenote_category":0,"_uf_show_specific_survey":0,"_uf_disable_surveys":false},"product_brand":[],"product_cat":[967,981,969],"product_tag":[1120,1190,1418,1253,1391,1397,1395,1287,1385,1307,1305],"class_list":{"0":"post-19171","1":"product","2":"type-product","3":"status-publish","4":"has-post-thumbnail","6":"product_cat-outlet-fr","7":"product_cat-robes","8":"product_cat-vetements-dentrainement","9":"product_tag-danse-du-ventre","10":"product_tag-fleurs","11":"product_tag-lycra-fr","12":"product_tag-noir","13":"product_tag-robe","14":"product_tag-robe-dentrainement","15":"product_tag-robe-de-danse-du-ventre","16":"product_tag-rouge","17":"product_tag-vert","18":"product_tag-vetements-dentrainement","19":"product_tag-vetements-de-danse-du-ventre-fr","20":"product_shipping_class-standard-fr","22":"first","23":"instock","24":"sale","25":"taxable","26":"shipping-taxable","27":"purchasable","28":"product-type-variable","29":"add-to-wishlist-after_add_to_cart"},"yoast_head":"<!-- This site is optimized with the Yoast SEO plugin v27.4 - https:\/\/yoast.com\/product\/yoast-seo-wordpress\/ -->\n<title>Hator - Neyla Dancewear - V\u00eatements de danse du ventre<\/title>\n<meta name=\"description\" content=\"L\u2019ensemble Hator deviendra l\u2019un de vos pr\u00e9f\u00e9r\u00e9s ! Il est \u00e9l\u00e9gant et flatteur. Vous vous d\u00e9marquerez s\u00fbrement lors de vos cours de danse du ventre.\" \/>\n<meta name=\"robots\" content=\"index, follow, max-snippet:-1, max-image-preview:large, max-video-preview:-1\" \/>\n<link rel=\"canonical\" href=\"https:\/\/neylaropadedanza.es\/fr\/product\/hator\/\" \/>\n<meta property=\"og:locale\" content=\"fr_FR\" \/>\n<meta property=\"og:type\" content=\"article\" \/>\n<meta property=\"og:title\" content=\"Hator - Neyla Dancewear - V\u00eatements de danse du ventre\" \/>\n<meta property=\"og:description\" content=\"L\u2019ensemble Hator deviendra l\u2019un de vos pr\u00e9f\u00e9r\u00e9s ! Il est \u00e9l\u00e9gant et flatteur. Vous vous d\u00e9marquerez s\u00fbrement lors de vos cours de danse du ventre.\" \/>\n<meta property=\"og:url\" content=\"https:\/\/neylaropadedanza.es\/fr\/product\/hator\/\" \/>\n<meta property=\"og:site_name\" content=\"Neyla Dancewear\" \/>\n<meta property=\"article:publisher\" content=\"https:\/\/www.facebook.com\/neyladancewear\/\" \/>\n<meta property=\"article:modified_time\" content=\"2025-10-07T22:42:45+00:00\" \/>\n<meta property=\"og:image\" content=\"https:\/\/neylaropadedanza.com\/wp-content\/uploads\/2021\/12\/Ropa-Danza-del-Vientre-47.jpg\" \/>\n\t<meta property=\"og:image:width\" content=\"1712\" \/>\n\t<meta property=\"og:image:height\" content=\"2024\" \/>\n\t<meta property=\"og:image:type\" content=\"image\/jpeg\" \/>\n<meta name=\"twitter:card\" content=\"summary_large_image\" \/>\n<meta name=\"twitter:label1\" content=\"Dur\u00e9e de lecture estim\u00e9e\" \/>\n\t<meta name=\"twitter:data1\" content=\"2 minutes\" \/>\n<script type=\"application\/ld+json\" class=\"yoast-schema-graph\">{\"@context\":\"https:\\\/\\\/schema.org\",\"@graph\":[{\"@type\":\"WebPage\",\"@id\":\"https:\\\/\\\/neylaropadedanza.es\\\/fr\\\/product\\\/hator\\\/\",\"url\":\"https:\\\/\\\/neylaropadedanza.es\\\/fr\\\/product\\\/hator\\\/\",\"name\":\"Hator - Neyla Dancewear - V\u00eatements de danse du ventre\",\"isPartOf\":{\"@id\":\"https:\\\/\\\/neylaropadedanza.com\\\/#website\"},\"primaryImageOfPage\":{\"@id\":\"https:\\\/\\\/neylaropadedanza.es\\\/fr\\\/product\\\/hator\\\/#primaryimage\"},\"image\":{\"@id\":\"https:\\\/\\\/neylaropadedanza.es\\\/fr\\\/product\\\/hator\\\/#primaryimage\"},\"thumbnailUrl\":\"https:\\\/\\\/neylaropadedanza.es\\\/wp-content\\\/uploads\\\/2021\\\/12\\\/Ropa-Danza-del-Vientre-47.jpg\",\"datePublished\":\"2021-12-21T18:13:14+00:00\",\"dateModified\":\"2025-10-07T22:42:45+00:00\",\"description\":\"L\u2019ensemble Hator deviendra l\u2019un de vos pr\u00e9f\u00e9r\u00e9s ! Il est \u00e9l\u00e9gant et flatteur. Vous vous d\u00e9marquerez s\u00fbrement lors de vos cours de danse du ventre.\",\"breadcrumb\":{\"@id\":\"https:\\\/\\\/neylaropadedanza.es\\\/fr\\\/product\\\/hator\\\/#breadcrumb\"},\"inLanguage\":\"fr-FR\",\"potentialAction\":[{\"@type\":\"ReadAction\",\"target\":[\"https:\\\/\\\/neylaropadedanza.es\\\/fr\\\/product\\\/hator\\\/\"]}]},{\"@type\":\"ImageObject\",\"inLanguage\":\"fr-FR\",\"@id\":\"https:\\\/\\\/neylaropadedanza.es\\\/fr\\\/product\\\/hator\\\/#primaryimage\",\"url\":\"https:\\\/\\\/neylaropadedanza.es\\\/wp-content\\\/uploads\\\/2021\\\/12\\\/Ropa-Danza-del-Vientre-47.jpg\",\"contentUrl\":\"https:\\\/\\\/neylaropadedanza.es\\\/wp-content\\\/uploads\\\/2021\\\/12\\\/Ropa-Danza-del-Vientre-47.jpg\",\"width\":1712,\"height\":2024,\"caption\":\"Robe Hator de Neyla Dancewear, coupe asym\u00e9trique avec imprim\u00e9 floral rouge sur fond noir, id\u00e9ale pour la danse orientale.\"},{\"@type\":\"BreadcrumbList\",\"@id\":\"https:\\\/\\\/neylaropadedanza.es\\\/fr\\\/product\\\/hator\\\/#breadcrumb\",\"itemListElement\":[{\"@type\":\"ListItem\",\"position\":1,\"name\":\"Home\",\"item\":\"https:\\\/\\\/neylaropadedanza.es\\\/fr\\\/\"},{\"@type\":\"ListItem\",\"position\":2,\"name\":\"Produits\",\"item\":\"https:\\\/\\\/neylaropadedanza.es\\\/fr\\\/shop\\\/\"},{\"@type\":\"ListItem\",\"position\":3,\"name\":\"Hator\"}]},{\"@type\":\"WebSite\",\"@id\":\"https:\\\/\\\/neylaropadedanza.com\\\/#website\",\"url\":\"https:\\\/\\\/neylaropadedanza.com\\\/\",\"name\":\"NeylaRopaDeDanza\",\"description\":\"Ropa de Danza del Vientre, danza oriental, trajes, ropa de ensayo y mucho m\u00e1s!\",\"publisher\":{\"@id\":\"https:\\\/\\\/neylaropadedanza.com\\\/#organization\"},\"potentialAction\":[{\"@type\":\"SearchAction\",\"target\":{\"@type\":\"EntryPoint\",\"urlTemplate\":\"https:\\\/\\\/neylaropadedanza.com\\\/?s={search_term_string}\"},\"query-input\":{\"@type\":\"PropertyValueSpecification\",\"valueRequired\":true,\"valueName\":\"search_term_string\"}}],\"inLanguage\":\"fr-FR\"},{\"@type\":\"Organization\",\"@id\":\"https:\\\/\\\/neylaropadedanza.com\\\/#organization\",\"name\":\"NeylaRopaDeDanza\",\"url\":\"https:\\\/\\\/neylaropadedanza.com\\\/\",\"logo\":{\"@type\":\"ImageObject\",\"inLanguage\":\"fr-FR\",\"@id\":\"https:\\\/\\\/neylaropadedanza.com\\\/#\\\/schema\\\/logo\\\/image\\\/\",\"url\":\"https:\\\/\\\/neylaropadedanza.es\\\/wp-content\\\/uploads\\\/2025\\\/04\\\/Neyla-Blanc.webp\",\"contentUrl\":\"https:\\\/\\\/neylaropadedanza.es\\\/wp-content\\\/uploads\\\/2025\\\/04\\\/Neyla-Blanc.webp\",\"width\":1970,\"height\":936,\"caption\":\"NeylaRopaDeDanza\"},\"image\":{\"@id\":\"https:\\\/\\\/neylaropadedanza.com\\\/#\\\/schema\\\/logo\\\/image\\\/\"},\"sameAs\":[\"https:\\\/\\\/www.facebook.com\\\/neyladancewear\\\/\",\"https:\\\/\\\/www.instagram.com\\\/neyladancewear\\\/\",\"https:\\\/\\\/www.youtube.com\\\/channel\\\/UCKlqrANcZD0QqKXzpy4taWA?view_as=subscriber\"]}]}<\/script>\n<!-- \/ Yoast SEO plugin. -->","yoast_head_json":{"title":"Hator - Neyla Dancewear - V\u00eatements de danse du ventre","description":"L\u2019ensemble Hator deviendra l\u2019un de vos pr\u00e9f\u00e9r\u00e9s ! Il est \u00e9l\u00e9gant et flatteur. Vous vous d\u00e9marquerez s\u00fbrement lors de vos cours de danse du ventre.","robots":{"index":"index","follow":"follow","max-snippet":"max-snippet:-1","max-image-preview":"max-image-preview:large","max-video-preview":"max-video-preview:-1"},"canonical":"https:\/\/neylaropadedanza.es\/fr\/product\/hator\/","og_locale":"fr_FR","og_type":"article","og_title":"Hator - Neyla Dancewear - V\u00eatements de danse du ventre","og_description":"L\u2019ensemble Hator deviendra l\u2019un de vos pr\u00e9f\u00e9r\u00e9s ! Il est \u00e9l\u00e9gant et flatteur. Vous vous d\u00e9marquerez s\u00fbrement lors de vos cours de danse du ventre.","og_url":"https:\/\/neylaropadedanza.es\/fr\/product\/hator\/","og_site_name":"Neyla Dancewear","article_publisher":"https:\/\/www.facebook.com\/neyladancewear\/","article_modified_time":"2025-10-07T22:42:45+00:00","og_image":[{"width":1712,"height":2024,"url":"https:\/\/neylaropadedanza.com\/wp-content\/uploads\/2021\/12\/Ropa-Danza-del-Vientre-47.jpg","type":"image\/jpeg"}],"twitter_card":"summary_large_image","twitter_misc":{"Dur\u00e9e de lecture estim\u00e9e":"2 minutes"},"schema":{"@context":"https:\/\/schema.org","@graph":[{"@type":"WebPage","@id":"https:\/\/neylaropadedanza.es\/fr\/product\/hator\/","url":"https:\/\/neylaropadedanza.es\/fr\/product\/hator\/","name":"Hator - Neyla Dancewear - V\u00eatements de danse du ventre","isPartOf":{"@id":"https:\/\/neylaropadedanza.com\/#website"},"primaryImageOfPage":{"@id":"https:\/\/neylaropadedanza.es\/fr\/product\/hator\/#primaryimage"},"image":{"@id":"https:\/\/neylaropadedanza.es\/fr\/product\/hator\/#primaryimage"},"thumbnailUrl":"https:\/\/neylaropadedanza.es\/wp-content\/uploads\/2021\/12\/Ropa-Danza-del-Vientre-47.jpg","datePublished":"2021-12-21T18:13:14+00:00","dateModified":"2025-10-07T22:42:45+00:00","description":"L\u2019ensemble Hator deviendra l\u2019un de vos pr\u00e9f\u00e9r\u00e9s ! Il est \u00e9l\u00e9gant et flatteur. Vous vous d\u00e9marquerez s\u00fbrement lors de vos cours de danse du ventre.","breadcrumb":{"@id":"https:\/\/neylaropadedanza.es\/fr\/product\/hator\/#breadcrumb"},"inLanguage":"fr-FR","potentialAction":[{"@type":"ReadAction","target":["https:\/\/neylaropadedanza.es\/fr\/product\/hator\/"]}]},{"@type":"ImageObject","inLanguage":"fr-FR","@id":"https:\/\/neylaropadedanza.es\/fr\/product\/hator\/#primaryimage","url":"https:\/\/neylaropadedanza.es\/wp-content\/uploads\/2021\/12\/Ropa-Danza-del-Vientre-47.jpg","contentUrl":"https:\/\/neylaropadedanza.es\/wp-content\/uploads\/2021\/12\/Ropa-Danza-del-Vientre-47.jpg","width":1712,"height":2024,"caption":"Robe Hator de Neyla Dancewear, coupe asym\u00e9trique avec imprim\u00e9 floral rouge sur fond noir, id\u00e9ale pour la danse orientale."},{"@type":"BreadcrumbList","@id":"https:\/\/neylaropadedanza.es\/fr\/product\/hator\/#breadcrumb","itemListElement":[{"@type":"ListItem","position":1,"name":"Home","item":"https:\/\/neylaropadedanza.es\/fr\/"},{"@type":"ListItem","position":2,"name":"Produits","item":"https:\/\/neylaropadedanza.es\/fr\/shop\/"},{"@type":"ListItem","position":3,"name":"Hator"}]},{"@type":"WebSite","@id":"https:\/\/neylaropadedanza.com\/#website","url":"https:\/\/neylaropadedanza.com\/","name":"NeylaRopaDeDanza","description":"Ropa de Danza del Vientre, danza oriental, trajes, ropa de ensayo y mucho m\u00e1s!","publisher":{"@id":"https:\/\/neylaropadedanza.com\/#organization"},"potentialAction":[{"@type":"SearchAction","target":{"@type":"EntryPoint","urlTemplate":"https:\/\/neylaropadedanza.com\/?s={search_term_string}"},"query-input":{"@type":"PropertyValueSpecification","valueRequired":true,"valueName":"search_term_string"}}],"inLanguage":"fr-FR"},{"@type":"Organization","@id":"https:\/\/neylaropadedanza.com\/#organization","name":"NeylaRopaDeDanza","url":"https:\/\/neylaropadedanza.com\/","logo":{"@type":"ImageObject","inLanguage":"fr-FR","@id":"https:\/\/neylaropadedanza.com\/#\/schema\/logo\/image\/","url":"https:\/\/neylaropadedanza.es\/wp-content\/uploads\/2025\/04\/Neyla-Blanc.webp","contentUrl":"https:\/\/neylaropadedanza.es\/wp-content\/uploads\/2025\/04\/Neyla-Blanc.webp","width":1970,"height":936,"caption":"NeylaRopaDeDanza"},"image":{"@id":"https:\/\/neylaropadedanza.com\/#\/schema\/logo\/image\/"},"sameAs":["https:\/\/www.facebook.com\/neyladancewear\/","https:\/\/www.instagram.com\/neyladancewear\/","https:\/\/www.youtube.com\/channel\/UCKlqrANcZD0QqKXzpy4taWA?view_as=subscriber"]}]}},"_links":{"self":[{"href":"https:\/\/neylaropadedanza.es\/fr\/wp-json\/wp\/v2\/product\/19171","targetHints":{"allow":["GET"]}}],"collection":[{"href":"https:\/\/neylaropadedanza.es\/fr\/wp-json\/wp\/v2\/product"}],"about":[{"href":"https:\/\/neylaropadedanza.es\/fr\/wp-json\/wp\/v2\/types\/product"}],"replies":[{"embeddable":true,"href":"https:\/\/neylaropadedanza.es\/fr\/wp-json\/wp\/v2\/comments?post=19171"}],"version-history":[{"count":0,"href":"https:\/\/neylaropadedanza.es\/fr\/wp-json\/wp\/v2\/product\/19171\/revisions"}],"wp:featuredmedia":[{"embeddable":true,"href":"https:\/\/neylaropadedanza.es\/fr\/wp-json\/wp\/v2\/media\/18094"}],"wp:attachment":[{"href":"https:\/\/neylaropadedanza.es\/fr\/wp-json\/wp\/v2\/media?parent=19171"}],"wp:term":[{"taxonomy":"product_brand","embeddable":true,"href":"https:\/\/neylaropadedanza.es\/fr\/wp-json\/wp\/v2\/product_brand?post=19171"},{"taxonomy":"product_cat","embeddable":true,"href":"https:\/\/neylaropadedanza.es\/fr\/wp-json\/wp\/v2\/product_cat?post=19171"},{"taxonomy":"product_tag","embeddable":true,"href":"https:\/\/neylaropadedanza.es\/fr\/wp-json\/wp\/v2\/product_tag?post=19171"}],"curies":[{"name":"wp","href":"https:\/\/api.w.org\/{rel}","templated":true}]}}