{"id":19156,"date":"2022-01-07T19:24:51","date_gmt":"2022-01-07T19:24:51","guid":{"rendered":"https:\/\/neylaropadedanza.es\/product\/nahla\/"},"modified":"2022-01-07T19:24:51","modified_gmt":"2022-01-07T19:24:51","slug":"nahla","status":"publish","type":"product","link":"https:\/\/neylaropadedanza.es\/fr\/product\/nahla\/","title":{"rendered":"Nahla"},"content":{"rendered":"<h2 style=\"text-align: justify;\">\ud83c\udf1f <strong data-start=\"172\" data-end=\"235\">Combinaison d\u2019Entra\u00eenement Nahla \u2013 \u00c9l\u00e9gance et Confort pour Vos Cours de Danse<\/strong><\/h2>\n<p data-start=\"255\" data-end=\"557\">La<strong data-start=\"258\" data-end=\"272\"> Combinaison Nahla <\/strong>est l\u2019uniforme parfait pour tes cours et r\u00e9p\u00e9titions de danse orientale. Son design confortable, l\u00e9ger et flatteur te s\u00e9duira d\u00e8s que tu l\u2019enfileras. Parfaite pour la danse du ventre, la danse orientale, le tribal, le yoga ou toute autre discipline n\u00e9cessitant des mouvements fluides et expressifs.  <\/p>\n<p data-start=\"559\" data-end=\"894\">Son design unique comprend un <strong data-start=\"586\" data-end=\"676\">d\u00e9collet\u00e9 en diagonale avec une large bretelle sur le c\u00f4t\u00e9 gauche et l\u2019\u00e9paule droite d\u00e9gag\u00e9e, <\/strong>ainsi qu\u2019un dos semi-ouvert d\u00e9cor\u00e9 de trois fines bandes crois\u00e9es. Enti\u00e8rement r\u00e9alis\u00e9e en <strong data-start=\"780\" data-end=\"811\">lycra noir de haute qualit\u00e9,<\/strong> elle \u00e9pouse la silhouette tout en garantissant un confort optimal. <\/p>\n<p data-start=\"896\" data-end=\"1187\">Chez <strong data-start=\"899\" data-end=\"918\">Neyla Dancewear, <\/strong>chaque d\u00e9tail est pens\u00e9 avec soin. Nos combinaisons d\u2019entra\u00eenement sont <strong data-start=\"1003\" data-end=\"1016\">con\u00e7ues et fabriqu\u00e9es \u00e0 Barcelone,<\/strong> avec des mat\u00e9riaux haut de gamme et des finitions impeccables. Nous utilisons des lycras extensibles et r\u00e9sistants pour que chaque mouvement soit libre et \u00e9l\u00e9gant.  <\/p>\n<p data-start=\"1189\" data-end=\"1222\">\u2705 <strong data-start=\"1191\" data-end=\"1222\">Caract\u00e9ristiques principales :<\/strong><\/p>\n<ul data-start=\"1223\" data-end=\"1395\">\n<li data-start=\"1223\" data-end=\"1262\">\n<p data-start=\"1225\" data-end=\"1262\">Coupe asym\u00e9trique moderne et f\u00e9minine.<\/p>\n<\/li>\n<li data-start=\"1263\" data-end=\"1308\">\n<p data-start=\"1265\" data-end=\"1308\">Dos semi-ouvert avec bandes crois\u00e9es.<\/p>\n<\/li>\n<li data-start=\"1309\" data-end=\"1349\">\n<p data-start=\"1311\" data-end=\"1349\">Lycra noir premium, doux et extensible.<\/p>\n<\/li>\n<li data-start=\"1350\" data-end=\"1395\">\n<p data-start=\"1352\" data-end=\"1395\">Coutures renforc\u00e9es pour une durabilit\u00e9 accrue.<\/p>\n<\/li>\n<\/ul>\n<p data-start=\"1397\" data-end=\"1540\">\u2728<strong data-start=\"1399\" data-end=\"1420\"> Comment le porter ? <\/strong>D\u00e9couvre notre section<strong data-start=\"1449\" data-end=\"1471\"> jupettes d\u2019entra\u00eenement <\/strong>pour compl\u00e9ter ta tenue de danse. <a href=\"https:\/\/neylaropadedanza.es\/fr\/jupettes\/\">Clique ici <\/a>pour trouver la tienne ! <\/p>\n","protected":false},"excerpt":{"rendered":"<p><a href=\"https:\/\/neylaropadedanza.es\/fr\/guide-des-mesures\/\">Guide des Tailles<\/a><\/p>\n","protected":false},"featured_media":18134,"comment_status":"open","ping_status":"closed","template":"","meta":{"content-type":"","_monsterinsights_skip_tracking":false,"_monsterinsights_sitenote_active":false,"_monsterinsights_sitenote_note":"","_monsterinsights_sitenote_category":0,"_uf_show_specific_survey":0,"_uf_disable_surveys":false},"product_brand":[],"product_cat":[977,969],"product_tag":[1233,1247,1120,1418,1253,1305],"class_list":{"0":"post-19156","1":"product","2":"type-product","3":"status-publish","4":"has-post-thumbnail","6":"product_cat-combinaisons","7":"product_cat-vetements-dentrainement","8":"product_tag-combinaison","9":"product_tag-combinaison-pour-lentrainement","10":"product_tag-danse-du-ventre","11":"product_tag-lycra-fr","12":"product_tag-noir","13":"product_tag-vetements-de-danse-du-ventre-fr","14":"product_shipping_class-standard-fr","16":"first","17":"instock","18":"sale","19":"taxable","20":"shipping-taxable","21":"purchasable","22":"product-type-variable","23":"add-to-wishlist-after_add_to_cart"},"yoast_head":"<!-- This site is optimized with the Yoast SEO plugin v26.6 - https:\/\/yoast.com\/wordpress\/plugins\/seo\/ -->\n<title>Nahla - Neyla Dancewear - V\u00eatements de danse du ventre<\/title>\n<meta name=\"description\" content=\"El Mono Nahla est l&#039;uniforme id\u00e9al pour tous les cours de danse du vientre. C&#039;est tr\u00e8s pratique et l\u00e9ger, vous aurez un design qui vous enchantera seul avec le temps.\" \/>\n<meta name=\"robots\" content=\"index, follow, max-snippet:-1, max-image-preview:large, max-video-preview:-1\" \/>\n<link rel=\"canonical\" href=\"https:\/\/neylaropadedanza.es\/fr\/product\/nahla\/\" \/>\n<meta property=\"og:locale\" content=\"fr_FR\" \/>\n<meta property=\"og:type\" content=\"article\" \/>\n<meta property=\"og:title\" content=\"Nahla - Neyla Dancewear - V\u00eatements de danse du ventre\" \/>\n<meta property=\"og:description\" content=\"El Mono Nahla est l&#039;uniforme id\u00e9al pour tous les cours de danse du vientre. C&#039;est tr\u00e8s pratique et l\u00e9ger, vous aurez un design qui vous enchantera seul avec le temps.\" \/>\n<meta property=\"og:url\" content=\"https:\/\/neylaropadedanza.es\/fr\/product\/nahla\/\" \/>\n<meta property=\"og:site_name\" content=\"Neyla Dancewear\" \/>\n<meta property=\"article:publisher\" content=\"https:\/\/www.facebook.com\/neyladancewear\/\" \/>\n<meta property=\"og:image\" content=\"https:\/\/neylaropadedanza.com\/wp-content\/uploads\/2022\/01\/Ropa-Danza-del-Vientre-67.jpg\" \/>\n\t<meta property=\"og:image:width\" content=\"1768\" \/>\n\t<meta property=\"og:image:height\" content=\"2024\" \/>\n\t<meta property=\"og:image:type\" content=\"image\/jpeg\" \/>\n<meta name=\"twitter:card\" content=\"summary_large_image\" \/>\n<meta name=\"twitter:label1\" content=\"Dur\u00e9e de lecture estim\u00e9e\" \/>\n\t<meta name=\"twitter:data1\" content=\"1 minute\" \/>\n<script type=\"application\/ld+json\" class=\"yoast-schema-graph\">{\"@context\":\"https:\/\/schema.org\",\"@graph\":[{\"@type\":\"WebPage\",\"@id\":\"https:\/\/neylaropadedanza.es\/fr\/product\/nahla\/\",\"url\":\"https:\/\/neylaropadedanza.es\/fr\/product\/nahla\/\",\"name\":\"Nahla - Neyla Dancewear - V\u00eatements de danse du ventre\",\"isPartOf\":{\"@id\":\"https:\/\/neylaropadedanza.com\/#website\"},\"primaryImageOfPage\":{\"@id\":\"https:\/\/neylaropadedanza.es\/fr\/product\/nahla\/#primaryimage\"},\"image\":{\"@id\":\"https:\/\/neylaropadedanza.es\/fr\/product\/nahla\/#primaryimage\"},\"thumbnailUrl\":\"https:\/\/neylaropadedanza.es\/wp-content\/uploads\/2022\/01\/Ropa-Danza-del-Vientre-67.jpg\",\"datePublished\":\"2022-01-07T19:24:51+00:00\",\"description\":\"El Mono Nahla est l'uniforme id\u00e9al pour tous les cours de danse du vientre. C'est tr\u00e8s pratique et l\u00e9ger, vous aurez un design qui vous enchantera seul avec le temps.\",\"breadcrumb\":{\"@id\":\"https:\/\/neylaropadedanza.es\/fr\/product\/nahla\/#breadcrumb\"},\"inLanguage\":\"fr-FR\",\"potentialAction\":[{\"@type\":\"ReadAction\",\"target\":[\"https:\/\/neylaropadedanza.es\/fr\/product\/nahla\/\"]}]},{\"@type\":\"ImageObject\",\"inLanguage\":\"fr-FR\",\"@id\":\"https:\/\/neylaropadedanza.es\/fr\/product\/nahla\/#primaryimage\",\"url\":\"https:\/\/neylaropadedanza.es\/wp-content\/uploads\/2022\/01\/Ropa-Danza-del-Vientre-67.jpg\",\"contentUrl\":\"https:\/\/neylaropadedanza.es\/wp-content\/uploads\/2022\/01\/Ropa-Danza-del-Vientre-67.jpg\",\"width\":1768,\"height\":2024,\"caption\":\"Combinaison d\u2019entra\u00eenement Nahla en lycra noir pour danse orientale avec design asym\u00e9trique et dos \u00e0 brides.\"},{\"@type\":\"BreadcrumbList\",\"@id\":\"https:\/\/neylaropadedanza.es\/fr\/product\/nahla\/#breadcrumb\",\"itemListElement\":[{\"@type\":\"ListItem\",\"position\":1,\"name\":\"Home\",\"item\":\"https:\/\/neylaropadedanza.es\/fr\/\"},{\"@type\":\"ListItem\",\"position\":2,\"name\":\"Produits\",\"item\":\"https:\/\/neylaropadedanza.es\/fr\/shop\/\"},{\"@type\":\"ListItem\",\"position\":3,\"name\":\"Nahla\"}]},{\"@type\":\"WebSite\",\"@id\":\"https:\/\/neylaropadedanza.com\/#website\",\"url\":\"https:\/\/neylaropadedanza.com\/\",\"name\":\"NeylaRopaDeDanza\",\"description\":\"Ropa de Danza del Vientre, danza oriental, trajes, ropa de ensayo y mucho m\u00e1s!\",\"publisher\":{\"@id\":\"https:\/\/neylaropadedanza.com\/#organization\"},\"potentialAction\":[{\"@type\":\"SearchAction\",\"target\":{\"@type\":\"EntryPoint\",\"urlTemplate\":\"https:\/\/neylaropadedanza.com\/?s={search_term_string}\"},\"query-input\":{\"@type\":\"PropertyValueSpecification\",\"valueRequired\":true,\"valueName\":\"search_term_string\"}}],\"inLanguage\":\"fr-FR\"},{\"@type\":\"Organization\",\"@id\":\"https:\/\/neylaropadedanza.com\/#organization\",\"name\":\"NeylaRopaDeDanza\",\"url\":\"https:\/\/neylaropadedanza.com\/\",\"logo\":{\"@type\":\"ImageObject\",\"inLanguage\":\"fr-FR\",\"@id\":\"https:\/\/neylaropadedanza.com\/#\/schema\/logo\/image\/\",\"url\":\"https:\/\/neylaropadedanza.es\/wp-content\/uploads\/2025\/04\/Neyla-Blanc.webp\",\"contentUrl\":\"https:\/\/neylaropadedanza.es\/wp-content\/uploads\/2025\/04\/Neyla-Blanc.webp\",\"width\":1970,\"height\":936,\"caption\":\"NeylaRopaDeDanza\"},\"image\":{\"@id\":\"https:\/\/neylaropadedanza.com\/#\/schema\/logo\/image\/\"},\"sameAs\":[\"https:\/\/www.facebook.com\/neyladancewear\/\",\"https:\/\/www.instagram.com\/neyladancewear\/\",\"https:\/\/www.youtube.com\/channel\/UCKlqrANcZD0QqKXzpy4taWA?view_as=subscriber\"]}]}<\/script>\n<!-- \/ Yoast SEO plugin. -->","yoast_head_json":{"title":"Nahla - Neyla Dancewear - V\u00eatements de danse du ventre","description":"El Mono Nahla est l'uniforme id\u00e9al pour tous les cours de danse du vientre. C'est tr\u00e8s pratique et l\u00e9ger, vous aurez un design qui vous enchantera seul avec le temps.","robots":{"index":"index","follow":"follow","max-snippet":"max-snippet:-1","max-image-preview":"max-image-preview:large","max-video-preview":"max-video-preview:-1"},"canonical":"https:\/\/neylaropadedanza.es\/fr\/product\/nahla\/","og_locale":"fr_FR","og_type":"article","og_title":"Nahla - Neyla Dancewear - V\u00eatements de danse du ventre","og_description":"El Mono Nahla est l'uniforme id\u00e9al pour tous les cours de danse du vientre. C'est tr\u00e8s pratique et l\u00e9ger, vous aurez un design qui vous enchantera seul avec le temps.","og_url":"https:\/\/neylaropadedanza.es\/fr\/product\/nahla\/","og_site_name":"Neyla Dancewear","article_publisher":"https:\/\/www.facebook.com\/neyladancewear\/","og_image":[{"width":1768,"height":2024,"url":"https:\/\/neylaropadedanza.com\/wp-content\/uploads\/2022\/01\/Ropa-Danza-del-Vientre-67.jpg","type":"image\/jpeg"}],"twitter_card":"summary_large_image","twitter_misc":{"Dur\u00e9e de lecture estim\u00e9e":"1 minute"},"schema":{"@context":"https:\/\/schema.org","@graph":[{"@type":"WebPage","@id":"https:\/\/neylaropadedanza.es\/fr\/product\/nahla\/","url":"https:\/\/neylaropadedanza.es\/fr\/product\/nahla\/","name":"Nahla - Neyla Dancewear - V\u00eatements de danse du ventre","isPartOf":{"@id":"https:\/\/neylaropadedanza.com\/#website"},"primaryImageOfPage":{"@id":"https:\/\/neylaropadedanza.es\/fr\/product\/nahla\/#primaryimage"},"image":{"@id":"https:\/\/neylaropadedanza.es\/fr\/product\/nahla\/#primaryimage"},"thumbnailUrl":"https:\/\/neylaropadedanza.es\/wp-content\/uploads\/2022\/01\/Ropa-Danza-del-Vientre-67.jpg","datePublished":"2022-01-07T19:24:51+00:00","description":"El Mono Nahla est l'uniforme id\u00e9al pour tous les cours de danse du vientre. C'est tr\u00e8s pratique et l\u00e9ger, vous aurez un design qui vous enchantera seul avec le temps.","breadcrumb":{"@id":"https:\/\/neylaropadedanza.es\/fr\/product\/nahla\/#breadcrumb"},"inLanguage":"fr-FR","potentialAction":[{"@type":"ReadAction","target":["https:\/\/neylaropadedanza.es\/fr\/product\/nahla\/"]}]},{"@type":"ImageObject","inLanguage":"fr-FR","@id":"https:\/\/neylaropadedanza.es\/fr\/product\/nahla\/#primaryimage","url":"https:\/\/neylaropadedanza.es\/wp-content\/uploads\/2022\/01\/Ropa-Danza-del-Vientre-67.jpg","contentUrl":"https:\/\/neylaropadedanza.es\/wp-content\/uploads\/2022\/01\/Ropa-Danza-del-Vientre-67.jpg","width":1768,"height":2024,"caption":"Combinaison d\u2019entra\u00eenement Nahla en lycra noir pour danse orientale avec design asym\u00e9trique et dos \u00e0 brides."},{"@type":"BreadcrumbList","@id":"https:\/\/neylaropadedanza.es\/fr\/product\/nahla\/#breadcrumb","itemListElement":[{"@type":"ListItem","position":1,"name":"Home","item":"https:\/\/neylaropadedanza.es\/fr\/"},{"@type":"ListItem","position":2,"name":"Produits","item":"https:\/\/neylaropadedanza.es\/fr\/shop\/"},{"@type":"ListItem","position":3,"name":"Nahla"}]},{"@type":"WebSite","@id":"https:\/\/neylaropadedanza.com\/#website","url":"https:\/\/neylaropadedanza.com\/","name":"NeylaRopaDeDanza","description":"Ropa de Danza del Vientre, danza oriental, trajes, ropa de ensayo y mucho m\u00e1s!","publisher":{"@id":"https:\/\/neylaropadedanza.com\/#organization"},"potentialAction":[{"@type":"SearchAction","target":{"@type":"EntryPoint","urlTemplate":"https:\/\/neylaropadedanza.com\/?s={search_term_string}"},"query-input":{"@type":"PropertyValueSpecification","valueRequired":true,"valueName":"search_term_string"}}],"inLanguage":"fr-FR"},{"@type":"Organization","@id":"https:\/\/neylaropadedanza.com\/#organization","name":"NeylaRopaDeDanza","url":"https:\/\/neylaropadedanza.com\/","logo":{"@type":"ImageObject","inLanguage":"fr-FR","@id":"https:\/\/neylaropadedanza.com\/#\/schema\/logo\/image\/","url":"https:\/\/neylaropadedanza.es\/wp-content\/uploads\/2025\/04\/Neyla-Blanc.webp","contentUrl":"https:\/\/neylaropadedanza.es\/wp-content\/uploads\/2025\/04\/Neyla-Blanc.webp","width":1970,"height":936,"caption":"NeylaRopaDeDanza"},"image":{"@id":"https:\/\/neylaropadedanza.com\/#\/schema\/logo\/image\/"},"sameAs":["https:\/\/www.facebook.com\/neyladancewear\/","https:\/\/www.instagram.com\/neyladancewear\/","https:\/\/www.youtube.com\/channel\/UCKlqrANcZD0QqKXzpy4taWA?view_as=subscriber"]}]}},"_links":{"self":[{"href":"https:\/\/neylaropadedanza.es\/fr\/wp-json\/wp\/v2\/product\/19156","targetHints":{"allow":["GET"]}}],"collection":[{"href":"https:\/\/neylaropadedanza.es\/fr\/wp-json\/wp\/v2\/product"}],"about":[{"href":"https:\/\/neylaropadedanza.es\/fr\/wp-json\/wp\/v2\/types\/product"}],"replies":[{"embeddable":true,"href":"https:\/\/neylaropadedanza.es\/fr\/wp-json\/wp\/v2\/comments?post=19156"}],"version-history":[{"count":0,"href":"https:\/\/neylaropadedanza.es\/fr\/wp-json\/wp\/v2\/product\/19156\/revisions"}],"wp:featuredmedia":[{"embeddable":true,"href":"https:\/\/neylaropadedanza.es\/fr\/wp-json\/wp\/v2\/media\/18134"}],"wp:attachment":[{"href":"https:\/\/neylaropadedanza.es\/fr\/wp-json\/wp\/v2\/media?parent=19156"}],"wp:term":[{"taxonomy":"product_brand","embeddable":true,"href":"https:\/\/neylaropadedanza.es\/fr\/wp-json\/wp\/v2\/product_brand?post=19156"},{"taxonomy":"product_cat","embeddable":true,"href":"https:\/\/neylaropadedanza.es\/fr\/wp-json\/wp\/v2\/product_cat?post=19156"},{"taxonomy":"product_tag","embeddable":true,"href":"https:\/\/neylaropadedanza.es\/fr\/wp-json\/wp\/v2\/product_tag?post=19156"}],"curies":[{"name":"wp","href":"https:\/\/api.w.org\/{rel}","templated":true}]}}