{"id":19119,"date":"2022-12-02T18:57:36","date_gmt":"2022-12-02T17:57:36","guid":{"rendered":"https:\/\/neylaropadedanza.es\/product\/rashida\/"},"modified":"2022-12-02T18:57:36","modified_gmt":"2022-12-02T18:57:36","slug":"rashida","status":"publish","type":"product","link":"https:\/\/neylaropadedanza.es\/fr\/product\/rashida\/","title":{"rendered":"Rashida"},"content":{"rendered":"<p data-start=\"282\" data-end=\"360\">\ud83c\udf1f<strong data-start=\"285\" data-end=\"358\"> Jupe Rashida \u2013 \u00c9l\u00e9gance sauvage pour votre style de danse orientale<\/strong><\/p>\n<p data-start=\"362\" data-end=\"682\">La <strong data-start=\"365\" data-end=\"382\">Jupe Rashid<\/strong>a est con\u00e7ue pour les danseuses qui aiment se d\u00e9marquer avec une touche audacieuse et raffin\u00e9e lors de leurs cours de <strong data-start=\"483\" data-end=\"504\">danse orientale<\/strong>, <strong data-start=\"506\" data-end=\"524\">danse du ventre<\/strong>,<strong data-start=\"526\" data-end=\"543\"> tribal fusion<\/strong> ou <strong data-start=\"546\" data-end=\"559\">bollywood<\/strong>. Son design soign\u00e9 et son imprim\u00e9 animal en tons roses et noirs offrent un look moderne, vibrant et ultra flatteur. <\/p>\n<p data-start=\"684\" data-end=\"1035\">Cette jupe longue<strong data-start=\"713\" data-end=\"752\"> pr\u00e9sente une coupe diagonal<\/strong>e avec fente lat\u00e9rale qui apporte sensualit\u00e9 et une totale libert\u00e9 de mouvement. Id\u00e9ale pour mettre en valeur vos tours, d\u00e9placements et vibrations avec fluidit\u00e9. Sa <strong data-start=\"887\" data-end=\"922\">ceinture large en lycra noir <\/strong>assure un maintien confortable et adapt\u00e9 \u00e0 toutes les morphologies, tout en affinant la silhouette sans comprimer.  <\/p>\n<p data-start=\"1037\" data-end=\"1335\">Les liens <strong data-start=\"1060\" data-end=\"1099\">d\u00e9coratifs sur le c\u00f4t\u00e9 ajoutent du dynamisme<\/strong> et accompagnent vos mouvements, apportant une finition unique et f\u00e9minine. L\u2019imprim\u00e9 animal joue avec des contrastes intenses de rose et de noir, exprimant force et personnalit\u00e9 tout en sublimant chaque pas et pose. <\/p>\n<p data-start=\"1337\" data-end=\"1638\">\u2705<strong data-start=\"1339\" data-end=\"1370\"> Caract\u00e9ristiques principales :<\/strong><br data-start=\"1370\" data-end=\"1373\">\u2714\ufe0f Coupe longue et diagonale avec fente lat\u00e9rale.<br data-start=\"1420\" data-end=\"1423\">\u2714\ufe0f Ceinture large en lycra noir pour un ajustement parfait.<br data-start=\"1482\" data-end=\"1485\">\u2714\ufe0f Liens d\u00e9coratifs lat\u00e9raux pour plus de mouvement.<br data-start=\"1538\" data-end=\"1541\">\u2714\ufe0f Imprim\u00e9 animal rose et noir.<br data-start=\"1590\" data-end=\"1593\">\u2714\ufe0f Tissu l\u00e9ger, confortable et de haute qualit\u00e9.<\/p>\n<p data-start=\"1640\" data-end=\"1919\">Chez <strong data-start=\"1643\" data-end=\"1662\">Neyla Dancewear<\/strong>, nous concevons et fabriquons toutes nos pi\u00e8ces \u00e0 Barcelone en portant une attention minutieuse \u00e0 chaque d\u00e9tail et en s\u00e9lectionnant des mat\u00e9riaux premium. Parce que nous croyons que <strong data-start=\"1819\" data-end=\"1857\">la danse orientale est pour toutes<\/strong>, nous proposons des v\u00eatements originaux, confortables et accessibles. <\/p>\n<p data-start=\"1921\" data-end=\"2147\">Compl\u00e9tez votre look avec nos<strong data-start=\"1972\" data-end=\"1991\"> justaucorps d\u2019entra\u00eenement <\/strong>(<a href=\"https:\/\/neylaropadedanza.es\/fr\/combinaisons-dentrainement\/\">d\u00e9couvrez-les ici<\/a>) ou explorez notre large choix d\u2019accessoires : <a class=\"\" href=\"https:\/\/neylaropadedanza.es\/fr\/accessoires\/\" rel=\"noopener\" data-start=\"2038\" data-end=\"2097\">ceintures orn\u00e9es de strass, voiles en soie, bijoux et plus. <\/a>Cr\u00e9ez votre style unique et brillez \u00e0 chaque r\u00e9p\u00e9tition\u202f! <\/p>\n<p data-start=\"2149\" data-end=\"2298\">Besoin de conseils taille ou envie d\u2019un design sur mesure\u202f? Contactez-nous. Nous sommes l\u00e0 pour vous aider \u00e0 cr\u00e9er la tenue de danse de vos r\u00eaves\u202f! \ud83d\udc83\u2728  <\/p>\n","protected":false},"excerpt":{"rendered":"<p><a href=\"https:\/\/neylaropadedanza.es\/fr\/guide-des-mesures\/\">Guide des Tailles<\/a><\/p>\n","protected":false},"featured_media":18254,"comment_status":"open","ping_status":"closed","template":"","meta":{"content-type":"","_monsterinsights_skip_tracking":false,"_monsterinsights_sitenote_active":false,"_monsterinsights_sitenote_note":"","_monsterinsights_sitenote_category":0,"_uf_show_specific_survey":0,"_uf_disable_surveys":false},"product_brand":[],"product_cat":[975,967,969],"product_tag":[1160,1253,1311,1307,1305],"class_list":{"0":"post-19119","1":"product","2":"type-product","3":"status-publish","4":"has-post-thumbnail","6":"product_cat-jupes","7":"product_cat-outlet-fr","8":"product_cat-vetements-dentrainement","9":"product_tag-jupe","10":"product_tag-noir","11":"product_tag-rose","12":"product_tag-vetements-dentrainement","13":"product_tag-vetements-de-danse-du-ventre-fr","14":"product_shipping_class-standard-fr","16":"first","17":"instock","18":"sale","19":"taxable","20":"shipping-taxable","21":"purchasable","22":"product-type-variable","23":"add-to-wishlist-after_add_to_cart"},"yoast_head":"<!-- This site is optimized with the Yoast SEO plugin v27.4 - https:\/\/yoast.com\/product\/yoast-seo-wordpress\/ -->\n<title>Rashida - Neyla Dancewear - V\u00eatements de danse du ventre<\/title>\n<meta name=\"description\" content=\"La Jupe Rashida deviendra votre pr\u00e9f\u00e9r\u00e9e ! Une jupe id\u00e9ale, \u00e9l\u00e9gante, color\u00e9e et flatteuse ! Parfaite pour vos cours de danse du ventre.\" \/>\n<meta name=\"robots\" content=\"index, follow, max-snippet:-1, max-image-preview:large, max-video-preview:-1\" \/>\n<link rel=\"canonical\" href=\"https:\/\/neylaropadedanza.es\/fr\/product\/rashida\/\" \/>\n<meta property=\"og:locale\" content=\"fr_FR\" \/>\n<meta property=\"og:type\" content=\"article\" \/>\n<meta property=\"og:title\" content=\"Rashida - Neyla Dancewear - V\u00eatements de danse du ventre\" \/>\n<meta property=\"og:description\" content=\"La Jupe Rashida deviendra votre pr\u00e9f\u00e9r\u00e9e ! Une jupe id\u00e9ale, \u00e9l\u00e9gante, color\u00e9e et flatteuse ! Parfaite pour vos cours de danse du ventre.\" \/>\n<meta property=\"og:url\" content=\"https:\/\/neylaropadedanza.es\/fr\/product\/rashida\/\" \/>\n<meta property=\"og:site_name\" content=\"Neyla Dancewear\" \/>\n<meta property=\"article:publisher\" content=\"https:\/\/www.facebook.com\/neyladancewear\/\" \/>\n<meta property=\"article:modified_time\" content=\"2022-12-02T18:57:36+00:00\" \/>\n<meta property=\"og:image\" content=\"https:\/\/neylaropadedanza.com\/wp-content\/uploads\/2022\/12\/Ropa-Danza-del-Vientre-14-1.jpg\" \/>\n\t<meta property=\"og:image:width\" content=\"1518\" \/>\n\t<meta property=\"og:image:height\" content=\"2024\" \/>\n\t<meta property=\"og:image:type\" content=\"image\/jpeg\" \/>\n<meta name=\"twitter:card\" content=\"summary_large_image\" \/>\n<meta name=\"twitter:label1\" content=\"Dur\u00e9e de lecture estim\u00e9e\" \/>\n\t<meta name=\"twitter:data1\" content=\"2 minutes\" \/>\n<script type=\"application\/ld+json\" class=\"yoast-schema-graph\">{\"@context\":\"https:\\\/\\\/schema.org\",\"@graph\":[{\"@type\":\"WebPage\",\"@id\":\"https:\\\/\\\/neylaropadedanza.es\\\/fr\\\/product\\\/rashida\\\/\",\"url\":\"https:\\\/\\\/neylaropadedanza.es\\\/fr\\\/product\\\/rashida\\\/\",\"name\":\"Rashida - Neyla Dancewear - V\u00eatements de danse du ventre\",\"isPartOf\":{\"@id\":\"https:\\\/\\\/neylaropadedanza.com\\\/#website\"},\"primaryImageOfPage\":{\"@id\":\"https:\\\/\\\/neylaropadedanza.es\\\/fr\\\/product\\\/rashida\\\/#primaryimage\"},\"image\":{\"@id\":\"https:\\\/\\\/neylaropadedanza.es\\\/fr\\\/product\\\/rashida\\\/#primaryimage\"},\"thumbnailUrl\":\"https:\\\/\\\/neylaropadedanza.es\\\/wp-content\\\/uploads\\\/2022\\\/12\\\/Ropa-Danza-del-Vientre-14-1.jpg\",\"datePublished\":\"2022-12-02T17:57:36+00:00\",\"dateModified\":\"2022-12-02T18:57:36+00:00\",\"description\":\"La Jupe Rashida deviendra votre pr\u00e9f\u00e9r\u00e9e ! Une jupe id\u00e9ale, \u00e9l\u00e9gante, color\u00e9e et flatteuse ! Parfaite pour vos cours de danse du ventre.\",\"breadcrumb\":{\"@id\":\"https:\\\/\\\/neylaropadedanza.es\\\/fr\\\/product\\\/rashida\\\/#breadcrumb\"},\"inLanguage\":\"fr-FR\",\"potentialAction\":[{\"@type\":\"ReadAction\",\"target\":[\"https:\\\/\\\/neylaropadedanza.es\\\/fr\\\/product\\\/rashida\\\/\"]}]},{\"@type\":\"ImageObject\",\"inLanguage\":\"fr-FR\",\"@id\":\"https:\\\/\\\/neylaropadedanza.es\\\/fr\\\/product\\\/rashida\\\/#primaryimage\",\"url\":\"https:\\\/\\\/neylaropadedanza.es\\\/wp-content\\\/uploads\\\/2022\\\/12\\\/Ropa-Danza-del-Vientre-14-1.jpg\",\"contentUrl\":\"https:\\\/\\\/neylaropadedanza.es\\\/wp-content\\\/uploads\\\/2022\\\/12\\\/Ropa-Danza-del-Vientre-14-1.jpg\",\"width\":1518,\"height\":2024,\"caption\":\"Jupe Rashida Neyla Dancewear danse orientale imprim\u00e9 animal rose noir.\"},{\"@type\":\"BreadcrumbList\",\"@id\":\"https:\\\/\\\/neylaropadedanza.es\\\/fr\\\/product\\\/rashida\\\/#breadcrumb\",\"itemListElement\":[{\"@type\":\"ListItem\",\"position\":1,\"name\":\"Home\",\"item\":\"https:\\\/\\\/neylaropadedanza.es\\\/fr\\\/\"},{\"@type\":\"ListItem\",\"position\":2,\"name\":\"Produits\",\"item\":\"https:\\\/\\\/neylaropadedanza.es\\\/fr\\\/shop\\\/\"},{\"@type\":\"ListItem\",\"position\":3,\"name\":\"Rashida\"}]},{\"@type\":\"WebSite\",\"@id\":\"https:\\\/\\\/neylaropadedanza.com\\\/#website\",\"url\":\"https:\\\/\\\/neylaropadedanza.com\\\/\",\"name\":\"NeylaRopaDeDanza\",\"description\":\"Ropa de Danza del Vientre, danza oriental, trajes, ropa de ensayo y mucho m\u00e1s!\",\"publisher\":{\"@id\":\"https:\\\/\\\/neylaropadedanza.com\\\/#organization\"},\"potentialAction\":[{\"@type\":\"SearchAction\",\"target\":{\"@type\":\"EntryPoint\",\"urlTemplate\":\"https:\\\/\\\/neylaropadedanza.com\\\/?s={search_term_string}\"},\"query-input\":{\"@type\":\"PropertyValueSpecification\",\"valueRequired\":true,\"valueName\":\"search_term_string\"}}],\"inLanguage\":\"fr-FR\"},{\"@type\":\"Organization\",\"@id\":\"https:\\\/\\\/neylaropadedanza.com\\\/#organization\",\"name\":\"NeylaRopaDeDanza\",\"url\":\"https:\\\/\\\/neylaropadedanza.com\\\/\",\"logo\":{\"@type\":\"ImageObject\",\"inLanguage\":\"fr-FR\",\"@id\":\"https:\\\/\\\/neylaropadedanza.com\\\/#\\\/schema\\\/logo\\\/image\\\/\",\"url\":\"https:\\\/\\\/neylaropadedanza.es\\\/wp-content\\\/uploads\\\/2025\\\/04\\\/Neyla-Blanc.webp\",\"contentUrl\":\"https:\\\/\\\/neylaropadedanza.es\\\/wp-content\\\/uploads\\\/2025\\\/04\\\/Neyla-Blanc.webp\",\"width\":1970,\"height\":936,\"caption\":\"NeylaRopaDeDanza\"},\"image\":{\"@id\":\"https:\\\/\\\/neylaropadedanza.com\\\/#\\\/schema\\\/logo\\\/image\\\/\"},\"sameAs\":[\"https:\\\/\\\/www.facebook.com\\\/neyladancewear\\\/\",\"https:\\\/\\\/www.instagram.com\\\/neyladancewear\\\/\",\"https:\\\/\\\/www.youtube.com\\\/channel\\\/UCKlqrANcZD0QqKXzpy4taWA?view_as=subscriber\"]}]}<\/script>\n<!-- \/ Yoast SEO plugin. -->","yoast_head_json":{"title":"Rashida - Neyla Dancewear - V\u00eatements de danse du ventre","description":"La Jupe Rashida deviendra votre pr\u00e9f\u00e9r\u00e9e ! Une jupe id\u00e9ale, \u00e9l\u00e9gante, color\u00e9e et flatteuse ! Parfaite pour vos cours de danse du ventre.","robots":{"index":"index","follow":"follow","max-snippet":"max-snippet:-1","max-image-preview":"max-image-preview:large","max-video-preview":"max-video-preview:-1"},"canonical":"https:\/\/neylaropadedanza.es\/fr\/product\/rashida\/","og_locale":"fr_FR","og_type":"article","og_title":"Rashida - Neyla Dancewear - V\u00eatements de danse du ventre","og_description":"La Jupe Rashida deviendra votre pr\u00e9f\u00e9r\u00e9e ! Une jupe id\u00e9ale, \u00e9l\u00e9gante, color\u00e9e et flatteuse ! Parfaite pour vos cours de danse du ventre.","og_url":"https:\/\/neylaropadedanza.es\/fr\/product\/rashida\/","og_site_name":"Neyla Dancewear","article_publisher":"https:\/\/www.facebook.com\/neyladancewear\/","article_modified_time":"2022-12-02T18:57:36+00:00","og_image":[{"width":1518,"height":2024,"url":"https:\/\/neylaropadedanza.com\/wp-content\/uploads\/2022\/12\/Ropa-Danza-del-Vientre-14-1.jpg","type":"image\/jpeg"}],"twitter_card":"summary_large_image","twitter_misc":{"Dur\u00e9e de lecture estim\u00e9e":"2 minutes"},"schema":{"@context":"https:\/\/schema.org","@graph":[{"@type":"WebPage","@id":"https:\/\/neylaropadedanza.es\/fr\/product\/rashida\/","url":"https:\/\/neylaropadedanza.es\/fr\/product\/rashida\/","name":"Rashida - Neyla Dancewear - V\u00eatements de danse du ventre","isPartOf":{"@id":"https:\/\/neylaropadedanza.com\/#website"},"primaryImageOfPage":{"@id":"https:\/\/neylaropadedanza.es\/fr\/product\/rashida\/#primaryimage"},"image":{"@id":"https:\/\/neylaropadedanza.es\/fr\/product\/rashida\/#primaryimage"},"thumbnailUrl":"https:\/\/neylaropadedanza.es\/wp-content\/uploads\/2022\/12\/Ropa-Danza-del-Vientre-14-1.jpg","datePublished":"2022-12-02T17:57:36+00:00","dateModified":"2022-12-02T18:57:36+00:00","description":"La Jupe Rashida deviendra votre pr\u00e9f\u00e9r\u00e9e ! Une jupe id\u00e9ale, \u00e9l\u00e9gante, color\u00e9e et flatteuse ! Parfaite pour vos cours de danse du ventre.","breadcrumb":{"@id":"https:\/\/neylaropadedanza.es\/fr\/product\/rashida\/#breadcrumb"},"inLanguage":"fr-FR","potentialAction":[{"@type":"ReadAction","target":["https:\/\/neylaropadedanza.es\/fr\/product\/rashida\/"]}]},{"@type":"ImageObject","inLanguage":"fr-FR","@id":"https:\/\/neylaropadedanza.es\/fr\/product\/rashida\/#primaryimage","url":"https:\/\/neylaropadedanza.es\/wp-content\/uploads\/2022\/12\/Ropa-Danza-del-Vientre-14-1.jpg","contentUrl":"https:\/\/neylaropadedanza.es\/wp-content\/uploads\/2022\/12\/Ropa-Danza-del-Vientre-14-1.jpg","width":1518,"height":2024,"caption":"Jupe Rashida Neyla Dancewear danse orientale imprim\u00e9 animal rose noir."},{"@type":"BreadcrumbList","@id":"https:\/\/neylaropadedanza.es\/fr\/product\/rashida\/#breadcrumb","itemListElement":[{"@type":"ListItem","position":1,"name":"Home","item":"https:\/\/neylaropadedanza.es\/fr\/"},{"@type":"ListItem","position":2,"name":"Produits","item":"https:\/\/neylaropadedanza.es\/fr\/shop\/"},{"@type":"ListItem","position":3,"name":"Rashida"}]},{"@type":"WebSite","@id":"https:\/\/neylaropadedanza.com\/#website","url":"https:\/\/neylaropadedanza.com\/","name":"NeylaRopaDeDanza","description":"Ropa de Danza del Vientre, danza oriental, trajes, ropa de ensayo y mucho m\u00e1s!","publisher":{"@id":"https:\/\/neylaropadedanza.com\/#organization"},"potentialAction":[{"@type":"SearchAction","target":{"@type":"EntryPoint","urlTemplate":"https:\/\/neylaropadedanza.com\/?s={search_term_string}"},"query-input":{"@type":"PropertyValueSpecification","valueRequired":true,"valueName":"search_term_string"}}],"inLanguage":"fr-FR"},{"@type":"Organization","@id":"https:\/\/neylaropadedanza.com\/#organization","name":"NeylaRopaDeDanza","url":"https:\/\/neylaropadedanza.com\/","logo":{"@type":"ImageObject","inLanguage":"fr-FR","@id":"https:\/\/neylaropadedanza.com\/#\/schema\/logo\/image\/","url":"https:\/\/neylaropadedanza.es\/wp-content\/uploads\/2025\/04\/Neyla-Blanc.webp","contentUrl":"https:\/\/neylaropadedanza.es\/wp-content\/uploads\/2025\/04\/Neyla-Blanc.webp","width":1970,"height":936,"caption":"NeylaRopaDeDanza"},"image":{"@id":"https:\/\/neylaropadedanza.com\/#\/schema\/logo\/image\/"},"sameAs":["https:\/\/www.facebook.com\/neyladancewear\/","https:\/\/www.instagram.com\/neyladancewear\/","https:\/\/www.youtube.com\/channel\/UCKlqrANcZD0QqKXzpy4taWA?view_as=subscriber"]}]}},"_links":{"self":[{"href":"https:\/\/neylaropadedanza.es\/fr\/wp-json\/wp\/v2\/product\/19119","targetHints":{"allow":["GET"]}}],"collection":[{"href":"https:\/\/neylaropadedanza.es\/fr\/wp-json\/wp\/v2\/product"}],"about":[{"href":"https:\/\/neylaropadedanza.es\/fr\/wp-json\/wp\/v2\/types\/product"}],"replies":[{"embeddable":true,"href":"https:\/\/neylaropadedanza.es\/fr\/wp-json\/wp\/v2\/comments?post=19119"}],"version-history":[{"count":0,"href":"https:\/\/neylaropadedanza.es\/fr\/wp-json\/wp\/v2\/product\/19119\/revisions"}],"wp:featuredmedia":[{"embeddable":true,"href":"https:\/\/neylaropadedanza.es\/fr\/wp-json\/wp\/v2\/media\/18254"}],"wp:attachment":[{"href":"https:\/\/neylaropadedanza.es\/fr\/wp-json\/wp\/v2\/media?parent=19119"}],"wp:term":[{"taxonomy":"product_brand","embeddable":true,"href":"https:\/\/neylaropadedanza.es\/fr\/wp-json\/wp\/v2\/product_brand?post=19119"},{"taxonomy":"product_cat","embeddable":true,"href":"https:\/\/neylaropadedanza.es\/fr\/wp-json\/wp\/v2\/product_cat?post=19119"},{"taxonomy":"product_tag","embeddable":true,"href":"https:\/\/neylaropadedanza.es\/fr\/wp-json\/wp\/v2\/product_tag?post=19119"}],"curies":[{"name":"wp","href":"https:\/\/api.w.org\/{rel}","templated":true}]}}