{"id":19098,"date":"2022-12-03T12:28:25","date_gmt":"2022-12-03T11:28:25","guid":{"rendered":"https:\/\/neylaropadedanza.es\/product\/keket\/"},"modified":"2026-02-02T09:10:44","modified_gmt":"2026-02-02T09:10:44","slug":"keket","status":"publish","type":"product","link":"https:\/\/neylaropadedanza.es\/fr\/product\/keket\/","title":{"rendered":"Keket"},"content":{"rendered":"<h2 data-start=\"378\" data-end=\"465\">\ud83c\udf38<strong data-start=\"381\" data-end=\"465\"> Top Keket \u2013 Votre basique indispensable pour la danse orientale et fusion<\/strong><\/h2>\n<p data-start=\"467\" data-end=\"776\">Le Top Keket de Neyla Dancewear est la pi\u00e8ce basique mais incontournable pour compl\u00e9ter votre tenue de danse. Son design \u00e9l\u00e9gant et \u00e9pur\u00e9 en fait l\u2019alli\u00e9 parfait pour toutes vos tenues, que ce soit pour la danse orientale, tribale, bollywood ou m\u00eame les danses latines. <\/p>\n<p data-start=\"778\" data-end=\"1036\">Confectionn\u00e9 en fine dentelle noire extensible, il offre un confort exceptionnel et une touche sensuelle et raffin\u00e9e qui sublime vos mouvements. Sa coupe polyvalente permet de le nouer sous la poitrine ou dans le dos, s\u2019adaptant parfaitement \u00e0 votre silhouette. <\/p>\n<p data-start=\"1038\" data-end=\"1231\">Id\u00e9al \u00e0 associer avec nos jupes d\u2019entra\u00eenement disponibles en plusieurs couleurs et tailles dans notre boutique en ligne. Cliquez ici pour d\u00e9couvrir la jupe id\u00e9ale et compl\u00e9ter votre tenue. <\/p>\n<p data-start=\"1233\" data-end=\"1520\">Chez Neyla Dancewear, nous concevons et fabriquons tous nos mod\u00e8les \u00e0 Barcelone, en soignant chaque d\u00e9tail pour vous offrir une qualit\u00e9 et un design uniques. Nous s\u00e9lectionnons avec soin des mat\u00e9riaux de premi\u00e8re qualit\u00e9 pour garantir des produits durables, confortables et styl\u00e9s, toujours \u00e0 des prix comp\u00e9titifs. <\/p>\n<p data-start=\"1522\" data-end=\"1718\">Nous vous invitons \u00e0 explorer notre site o\u00f9 vous trouverez le Top Keket dans d\u2019autres couleurs et imprim\u00e9s : rouge, animal print, rayures\u2026 Osez les combinaisons et cr\u00e9ez votre propre style\u202f!<\/p>\n<p data-start=\"1720\" data-end=\"1943\">De plus, dans notre section accessoires, retrouvez ceintures orn\u00e9es de strass, voiles en soie, bijoux et bien d\u2019autres pi\u00e8ces pour parfaire votre tenue. <a href=\"https:\/\/neylaropadedanza.es\/fr\/accessoires\/\">Cliquez ici <\/a>et d\u00e9couvrez tout ce que nous avons \u00e0 vous proposer.<\/p>\n<p data-start=\"1945\" data-end=\"2098\">\u2705 Tailles : Gr\u00e2ce \u00e0 son tissu extensible, le Top Keket s\u2019adapte facilement \u00e0 toutes les morphologies. Consultez notre guide des tailles pour trouver la v\u00f4tre facilement. <\/p>\n","protected":false},"excerpt":{"rendered":"<p><a href=\"https:\/\/neylaropadedanza.es\/fr\/guide-des-mesures\/\">Guide des Tailles<\/a><\/p>\n","protected":false},"featured_media":18280,"comment_status":"open","ping_status":"closed","template":"","meta":{"content-type":"","_monsterinsights_skip_tracking":false,"_monsterinsights_sitenote_active":false,"_monsterinsights_sitenote_note":"","_monsterinsights_sitenote_category":0,"_uf_show_specific_survey":0,"_uf_disable_surveys":false},"product_brand":[],"product_cat":[971,969],"product_tag":[1120,1148,1253,1327,1307,1305],"class_list":{"0":"post-19098","1":"product","2":"type-product","3":"status-publish","4":"has-post-thumbnail","6":"product_cat-bodys-tops-et-leggings","7":"product_cat-vetements-dentrainement","8":"product_tag-danse-du-ventre","9":"product_tag-dantelle","10":"product_tag-noir","11":"product_tag-top-fr","12":"product_tag-vetements-dentrainement","13":"product_tag-vetements-de-danse-du-ventre-fr","14":"product_shipping_class-standard-fr","16":"first","17":"instock","18":"sale","19":"taxable","20":"shipping-taxable","21":"purchasable","22":"product-type-variable","23":"add-to-wishlist-after_add_to_cart"},"yoast_head":"<!-- This site is optimized with the Yoast SEO plugin v26.6 - https:\/\/yoast.com\/wordpress\/plugins\/seo\/ -->\n<title>Keket - Neyla Dancewear - V\u00eatements de danse du ventre<\/title>\n<meta name=\"description\" content=\"Le Top Keket est le compl\u00e9ment id\u00e9al pour votre look. Basique mais combinable avec n\u2019importe quel autre v\u00eatement. Un top pour vos cours de danse du ventre !\" \/>\n<meta name=\"robots\" content=\"index, follow, max-snippet:-1, max-image-preview:large, max-video-preview:-1\" \/>\n<link rel=\"canonical\" href=\"https:\/\/neylaropadedanza.es\/fr\/product\/keket\/\" \/>\n<meta property=\"og:locale\" content=\"fr_FR\" \/>\n<meta property=\"og:type\" content=\"article\" \/>\n<meta property=\"og:title\" content=\"Keket - Neyla Dancewear - V\u00eatements de danse du ventre\" \/>\n<meta property=\"og:description\" content=\"Le Top Keket est le compl\u00e9ment id\u00e9al pour votre look. Basique mais combinable avec n\u2019importe quel autre v\u00eatement. Un top pour vos cours de danse du ventre !\" \/>\n<meta property=\"og:url\" content=\"https:\/\/neylaropadedanza.es\/fr\/product\/keket\/\" \/>\n<meta property=\"og:site_name\" content=\"Neyla Dancewear\" \/>\n<meta property=\"article:publisher\" content=\"https:\/\/www.facebook.com\/neyladancewear\/\" \/>\n<meta property=\"article:modified_time\" content=\"2026-02-02T09:10:44+00:00\" \/>\n<meta property=\"og:image\" content=\"https:\/\/neylaropadedanza.com\/wp-content\/uploads\/2022\/12\/Ropa-de-Danza-del-Vientre-Ensayo-11-5.jpg\" \/>\n\t<meta property=\"og:image:width\" content=\"947\" \/>\n\t<meta property=\"og:image:height\" content=\"1024\" \/>\n\t<meta property=\"og:image:type\" content=\"image\/jpeg\" \/>\n<meta name=\"twitter:card\" content=\"summary_large_image\" \/>\n<meta name=\"twitter:label1\" content=\"Dur\u00e9e de lecture estim\u00e9e\" \/>\n\t<meta name=\"twitter:data1\" content=\"1 minute\" \/>\n<script type=\"application\/ld+json\" class=\"yoast-schema-graph\">{\"@context\":\"https:\/\/schema.org\",\"@graph\":[{\"@type\":\"WebPage\",\"@id\":\"https:\/\/neylaropadedanza.es\/fr\/product\/keket\/\",\"url\":\"https:\/\/neylaropadedanza.es\/fr\/product\/keket\/\",\"name\":\"Keket - Neyla Dancewear - V\u00eatements de danse du ventre\",\"isPartOf\":{\"@id\":\"https:\/\/neylaropadedanza.com\/#website\"},\"primaryImageOfPage\":{\"@id\":\"https:\/\/neylaropadedanza.es\/fr\/product\/keket\/#primaryimage\"},\"image\":{\"@id\":\"https:\/\/neylaropadedanza.es\/fr\/product\/keket\/#primaryimage\"},\"thumbnailUrl\":\"https:\/\/neylaropadedanza.es\/wp-content\/uploads\/2022\/12\/Ropa-de-Danza-del-Vientre-Ensayo-11-5.jpg\",\"datePublished\":\"2022-12-03T11:28:25+00:00\",\"dateModified\":\"2026-02-02T09:10:44+00:00\",\"description\":\"Le Top Keket est le compl\u00e9ment id\u00e9al pour votre look. Basique mais combinable avec n\u2019importe quel autre v\u00eatement. Un top pour vos cours de danse du ventre !\",\"breadcrumb\":{\"@id\":\"https:\/\/neylaropadedanza.es\/fr\/product\/keket\/#breadcrumb\"},\"inLanguage\":\"fr-FR\",\"potentialAction\":[{\"@type\":\"ReadAction\",\"target\":[\"https:\/\/neylaropadedanza.es\/fr\/product\/keket\/\"]}]},{\"@type\":\"ImageObject\",\"inLanguage\":\"fr-FR\",\"@id\":\"https:\/\/neylaropadedanza.es\/fr\/product\/keket\/#primaryimage\",\"url\":\"https:\/\/neylaropadedanza.es\/wp-content\/uploads\/2022\/12\/Ropa-de-Danza-del-Vientre-Ensayo-11-5.jpg\",\"contentUrl\":\"https:\/\/neylaropadedanza.es\/wp-content\/uploads\/2022\/12\/Ropa-de-Danza-del-Vientre-Ensayo-11-5.jpg\",\"width\":947,\"height\":1024,\"caption\":\"Top Keket dentelle noire manches longues danse orientale Neyla Dancewear\"},{\"@type\":\"BreadcrumbList\",\"@id\":\"https:\/\/neylaropadedanza.es\/fr\/product\/keket\/#breadcrumb\",\"itemListElement\":[{\"@type\":\"ListItem\",\"position\":1,\"name\":\"Home\",\"item\":\"https:\/\/neylaropadedanza.es\/fr\/\"},{\"@type\":\"ListItem\",\"position\":2,\"name\":\"Produits\",\"item\":\"https:\/\/neylaropadedanza.es\/fr\/shop\/\"},{\"@type\":\"ListItem\",\"position\":3,\"name\":\"Keket\"}]},{\"@type\":\"WebSite\",\"@id\":\"https:\/\/neylaropadedanza.com\/#website\",\"url\":\"https:\/\/neylaropadedanza.com\/\",\"name\":\"NeylaRopaDeDanza\",\"description\":\"Ropa de Danza del Vientre, danza oriental, trajes, ropa de ensayo y mucho m\u00e1s!\",\"publisher\":{\"@id\":\"https:\/\/neylaropadedanza.com\/#organization\"},\"potentialAction\":[{\"@type\":\"SearchAction\",\"target\":{\"@type\":\"EntryPoint\",\"urlTemplate\":\"https:\/\/neylaropadedanza.com\/?s={search_term_string}\"},\"query-input\":{\"@type\":\"PropertyValueSpecification\",\"valueRequired\":true,\"valueName\":\"search_term_string\"}}],\"inLanguage\":\"fr-FR\"},{\"@type\":\"Organization\",\"@id\":\"https:\/\/neylaropadedanza.com\/#organization\",\"name\":\"NeylaRopaDeDanza\",\"url\":\"https:\/\/neylaropadedanza.com\/\",\"logo\":{\"@type\":\"ImageObject\",\"inLanguage\":\"fr-FR\",\"@id\":\"https:\/\/neylaropadedanza.com\/#\/schema\/logo\/image\/\",\"url\":\"https:\/\/neylaropadedanza.es\/wp-content\/uploads\/2025\/04\/Neyla-Blanc.webp\",\"contentUrl\":\"https:\/\/neylaropadedanza.es\/wp-content\/uploads\/2025\/04\/Neyla-Blanc.webp\",\"width\":1970,\"height\":936,\"caption\":\"NeylaRopaDeDanza\"},\"image\":{\"@id\":\"https:\/\/neylaropadedanza.com\/#\/schema\/logo\/image\/\"},\"sameAs\":[\"https:\/\/www.facebook.com\/neyladancewear\/\",\"https:\/\/www.instagram.com\/neyladancewear\/\",\"https:\/\/www.youtube.com\/channel\/UCKlqrANcZD0QqKXzpy4taWA?view_as=subscriber\"]}]}<\/script>\n<!-- \/ Yoast SEO plugin. -->","yoast_head_json":{"title":"Keket - Neyla Dancewear - V\u00eatements de danse du ventre","description":"Le Top Keket est le compl\u00e9ment id\u00e9al pour votre look. Basique mais combinable avec n\u2019importe quel autre v\u00eatement. Un top pour vos cours de danse du ventre !","robots":{"index":"index","follow":"follow","max-snippet":"max-snippet:-1","max-image-preview":"max-image-preview:large","max-video-preview":"max-video-preview:-1"},"canonical":"https:\/\/neylaropadedanza.es\/fr\/product\/keket\/","og_locale":"fr_FR","og_type":"article","og_title":"Keket - Neyla Dancewear - V\u00eatements de danse du ventre","og_description":"Le Top Keket est le compl\u00e9ment id\u00e9al pour votre look. Basique mais combinable avec n\u2019importe quel autre v\u00eatement. Un top pour vos cours de danse du ventre !","og_url":"https:\/\/neylaropadedanza.es\/fr\/product\/keket\/","og_site_name":"Neyla Dancewear","article_publisher":"https:\/\/www.facebook.com\/neyladancewear\/","article_modified_time":"2026-02-02T09:10:44+00:00","og_image":[{"width":947,"height":1024,"url":"https:\/\/neylaropadedanza.com\/wp-content\/uploads\/2022\/12\/Ropa-de-Danza-del-Vientre-Ensayo-11-5.jpg","type":"image\/jpeg"}],"twitter_card":"summary_large_image","twitter_misc":{"Dur\u00e9e de lecture estim\u00e9e":"1 minute"},"schema":{"@context":"https:\/\/schema.org","@graph":[{"@type":"WebPage","@id":"https:\/\/neylaropadedanza.es\/fr\/product\/keket\/","url":"https:\/\/neylaropadedanza.es\/fr\/product\/keket\/","name":"Keket - Neyla Dancewear - V\u00eatements de danse du ventre","isPartOf":{"@id":"https:\/\/neylaropadedanza.com\/#website"},"primaryImageOfPage":{"@id":"https:\/\/neylaropadedanza.es\/fr\/product\/keket\/#primaryimage"},"image":{"@id":"https:\/\/neylaropadedanza.es\/fr\/product\/keket\/#primaryimage"},"thumbnailUrl":"https:\/\/neylaropadedanza.es\/wp-content\/uploads\/2022\/12\/Ropa-de-Danza-del-Vientre-Ensayo-11-5.jpg","datePublished":"2022-12-03T11:28:25+00:00","dateModified":"2026-02-02T09:10:44+00:00","description":"Le Top Keket est le compl\u00e9ment id\u00e9al pour votre look. Basique mais combinable avec n\u2019importe quel autre v\u00eatement. Un top pour vos cours de danse du ventre !","breadcrumb":{"@id":"https:\/\/neylaropadedanza.es\/fr\/product\/keket\/#breadcrumb"},"inLanguage":"fr-FR","potentialAction":[{"@type":"ReadAction","target":["https:\/\/neylaropadedanza.es\/fr\/product\/keket\/"]}]},{"@type":"ImageObject","inLanguage":"fr-FR","@id":"https:\/\/neylaropadedanza.es\/fr\/product\/keket\/#primaryimage","url":"https:\/\/neylaropadedanza.es\/wp-content\/uploads\/2022\/12\/Ropa-de-Danza-del-Vientre-Ensayo-11-5.jpg","contentUrl":"https:\/\/neylaropadedanza.es\/wp-content\/uploads\/2022\/12\/Ropa-de-Danza-del-Vientre-Ensayo-11-5.jpg","width":947,"height":1024,"caption":"Top Keket dentelle noire manches longues danse orientale Neyla Dancewear"},{"@type":"BreadcrumbList","@id":"https:\/\/neylaropadedanza.es\/fr\/product\/keket\/#breadcrumb","itemListElement":[{"@type":"ListItem","position":1,"name":"Home","item":"https:\/\/neylaropadedanza.es\/fr\/"},{"@type":"ListItem","position":2,"name":"Produits","item":"https:\/\/neylaropadedanza.es\/fr\/shop\/"},{"@type":"ListItem","position":3,"name":"Keket"}]},{"@type":"WebSite","@id":"https:\/\/neylaropadedanza.com\/#website","url":"https:\/\/neylaropadedanza.com\/","name":"NeylaRopaDeDanza","description":"Ropa de Danza del Vientre, danza oriental, trajes, ropa de ensayo y mucho m\u00e1s!","publisher":{"@id":"https:\/\/neylaropadedanza.com\/#organization"},"potentialAction":[{"@type":"SearchAction","target":{"@type":"EntryPoint","urlTemplate":"https:\/\/neylaropadedanza.com\/?s={search_term_string}"},"query-input":{"@type":"PropertyValueSpecification","valueRequired":true,"valueName":"search_term_string"}}],"inLanguage":"fr-FR"},{"@type":"Organization","@id":"https:\/\/neylaropadedanza.com\/#organization","name":"NeylaRopaDeDanza","url":"https:\/\/neylaropadedanza.com\/","logo":{"@type":"ImageObject","inLanguage":"fr-FR","@id":"https:\/\/neylaropadedanza.com\/#\/schema\/logo\/image\/","url":"https:\/\/neylaropadedanza.es\/wp-content\/uploads\/2025\/04\/Neyla-Blanc.webp","contentUrl":"https:\/\/neylaropadedanza.es\/wp-content\/uploads\/2025\/04\/Neyla-Blanc.webp","width":1970,"height":936,"caption":"NeylaRopaDeDanza"},"image":{"@id":"https:\/\/neylaropadedanza.com\/#\/schema\/logo\/image\/"},"sameAs":["https:\/\/www.facebook.com\/neyladancewear\/","https:\/\/www.instagram.com\/neyladancewear\/","https:\/\/www.youtube.com\/channel\/UCKlqrANcZD0QqKXzpy4taWA?view_as=subscriber"]}]}},"_links":{"self":[{"href":"https:\/\/neylaropadedanza.es\/fr\/wp-json\/wp\/v2\/product\/19098","targetHints":{"allow":["GET"]}}],"collection":[{"href":"https:\/\/neylaropadedanza.es\/fr\/wp-json\/wp\/v2\/product"}],"about":[{"href":"https:\/\/neylaropadedanza.es\/fr\/wp-json\/wp\/v2\/types\/product"}],"replies":[{"embeddable":true,"href":"https:\/\/neylaropadedanza.es\/fr\/wp-json\/wp\/v2\/comments?post=19098"}],"version-history":[{"count":0,"href":"https:\/\/neylaropadedanza.es\/fr\/wp-json\/wp\/v2\/product\/19098\/revisions"}],"wp:featuredmedia":[{"embeddable":true,"href":"https:\/\/neylaropadedanza.es\/fr\/wp-json\/wp\/v2\/media\/18280"}],"wp:attachment":[{"href":"https:\/\/neylaropadedanza.es\/fr\/wp-json\/wp\/v2\/media?parent=19098"}],"wp:term":[{"taxonomy":"product_brand","embeddable":true,"href":"https:\/\/neylaropadedanza.es\/fr\/wp-json\/wp\/v2\/product_brand?post=19098"},{"taxonomy":"product_cat","embeddable":true,"href":"https:\/\/neylaropadedanza.es\/fr\/wp-json\/wp\/v2\/product_cat?post=19098"},{"taxonomy":"product_tag","embeddable":true,"href":"https:\/\/neylaropadedanza.es\/fr\/wp-json\/wp\/v2\/product_tag?post=19098"}],"curies":[{"name":"wp","href":"https:\/\/api.w.org\/{rel}","templated":true}]}}