{"id":19089,"date":"2023-03-08T17:40:50","date_gmt":"2023-03-08T16:40:50","guid":{"rendered":"https:\/\/neylaropadedanza.es\/product\/malak\/"},"modified":"2023-03-08T17:40:50","modified_gmt":"2023-03-08T17:40:50","slug":"malak","status":"publish","type":"product","link":"https:\/\/neylaropadedanza.es\/fr\/product\/malak\/","title":{"rendered":"Malak"},"content":{"rendered":"<h2 data-start=\"314\" data-end=\"393\">\ud83c\udf38 Ensemble Malak \u2013 Couleur, \u00e9l\u00e9gance et mouvement pour votre danse orientale<\/h2>\n<p data-start=\"395\" data-end=\"779\">L\u2019<strong data-start=\"398\" data-end=\"416\">Ensemble Malak<\/strong> a \u00e9t\u00e9 con\u00e7u pour les danseuses qui souhaitent briller et se d\u00e9marquer lors de leurs cours et r\u00e9p\u00e9titions de<strong data-start=\"508\" data-end=\"529\"> danse orientale<\/strong>, <strong data-start=\"531\" data-end=\"552\">danse du ventre,<\/strong> <strong data-start=\"554\" data-end=\"571\">tribal fusion<\/strong> ou m\u00eame<strong data-start=\"582\" data-end=\"595\"> bollywood<\/strong>. Son <strong data-start=\"622\" data-end=\"675\">imprim\u00e9 floral XXL dans des tons rose et fuchsia<\/strong> apporte une touche fra\u00eeche, vibrante et ultra f\u00e9minine qui attirera tous les regards pendant vos mouvements. <\/p>\n<p data-start=\"781\" data-end=\"1231\">Le top pr\u00e9sente une coupe large <strong data-start=\"814\" data-end=\"861\">avec un col d\u00e9gag\u00e9 et des manches courtes<\/strong>, offrant confort et style. Il s\u2019adapte parfaitement \u00e0 toutes les morphologies, sublimant le buste de fa\u00e7on \u00e9l\u00e9gante tout en garantissant une libert\u00e9 de mouvement totale. La jupe arbore une coupe asym\u00e9trique, plus courte devant et plus longue derri\u00e8re, <strong data-start=\"1085\" data-end=\"1133\">avec un superbe tomb\u00e9 qui met en valeur chaque rotation<\/strong>, d\u00e9placement ou vibration avec fluidit\u00e9 et gr\u00e2ce.  <\/p>\n<p data-start=\"1233\" data-end=\"1501\">Confectionn\u00e9 en <strong data-start=\"1255\" data-end=\"1289\">lycra \u00e9lastique de haute qualit\u00e9<\/strong>, cet ensemble est doux au toucher, r\u00e9sistant et facile d\u2019entretien. Le tissu \u00e9pouse le corps comme une seconde peau, offrant un ajustement parfait et confortable, quelle que soit votre taille ou votre style de danse. <\/p>\n<p data-start=\"1503\" data-end=\"1933\">Chez <strong data-start=\"1506\" data-end=\"1525\">Neyla Dancewear,<\/strong> nous soignons chaque d\u00e9tail pour vous proposer des pi\u00e8ces uniques et originales qui valorisent votre art. Sur notre site, vous trouverez \u00e9galement de<a href=\"https:\/\/neylaropadedanza.es\/fr\/accessoires\/\"><strong data-start=\"1651\" data-end=\"1696\">s accessoires parfaits pour compl\u00e9ter votre tenue<\/strong><\/a> : ceintures orn\u00e9es de strass, bijoux, voiles en soie et bien plus encore. Ajoutez une touche de magie \u00e0 votre ensemble Malak en l\u2019associant \u00e0 ces accessoires pour un look sc\u00e9nique incomparable.  <\/p>\n<p data-start=\"1935\" data-end=\"2247\">Parce que nous croyons que la <strong data-start=\"1957\" data-end=\"1992\">danse orientale est pour toutes<\/strong>, peu importe l\u2019\u00e2ge, la morphologie ou le niveau. Si vous souhaitez un design sur mesure, des tailles sp\u00e9ciales ou des conseils pour assortir vos tenues, n\u2019h\u00e9sitez pas \u00e0 nous contacter. Nous sommes l\u00e0 pour cr\u00e9er avec vous l\u2019ensemble ou la jupe dont vous avez toujours r\u00eav\u00e9. \ud83d\udc83\u2728   <\/p>\n","protected":false},"excerpt":{"rendered":"<p><a href=\"https:\/\/neylaropadedanza.es\/fr\/guide-des-mesures\/\">Guide des Tailles<\/a><\/p>\n","protected":false},"featured_media":18330,"comment_status":"open","ping_status":"closed","template":"","meta":{"content-type":"","_monsterinsights_skip_tracking":false,"_monsterinsights_sitenote_active":false,"_monsterinsights_sitenote_note":"","_monsterinsights_sitenote_category":0,"_uf_show_specific_survey":0,"_uf_disable_surveys":false},"product_brand":[],"product_cat":[973,969],"product_tag":[1104,1403,1098,1190,1311,1108,1305],"class_list":{"0":"post-19089","1":"product","2":"type-product","3":"status-publish","4":"has-post-thumbnail","6":"product_cat-ensambles","7":"product_cat-vetements-dentrainement","8":"product_tag-costume-de-danse-orientale","9":"product_tag-danse-orientale","10":"product_tag-ensemble","11":"product_tag-fleurs","12":"product_tag-rose","13":"product_tag-tenue-dentrainement","14":"product_tag-vetements-de-danse-du-ventre-fr","15":"product_shipping_class-standard-fr","17":"first","18":"instock","19":"sale","20":"taxable","21":"shipping-taxable","22":"purchasable","23":"product-type-variable","24":"add-to-wishlist-after_add_to_cart"},"yoast_head":"<!-- This site is optimized with the Yoast SEO plugin v26.6 - https:\/\/yoast.com\/wordpress\/plugins\/seo\/ -->\n<title>Malak - Neyla Dancewear - V\u00eatements de danse du ventre<\/title>\n<meta name=\"description\" content=\"L\u2019ensemble Malak est id\u00e9al ! Il est si color\u00e9 que vous vous d\u00e9marquerez lors de vos cours de danse du ventre. Confortable, audacieux, unique et parfait !\" \/>\n<meta name=\"robots\" content=\"index, follow, max-snippet:-1, max-image-preview:large, max-video-preview:-1\" \/>\n<link rel=\"canonical\" href=\"https:\/\/neylaropadedanza.es\/fr\/product\/malak\/\" \/>\n<meta property=\"og:locale\" content=\"fr_FR\" \/>\n<meta property=\"og:type\" content=\"article\" \/>\n<meta property=\"og:title\" content=\"Malak - Neyla Dancewear - V\u00eatements de danse du ventre\" \/>\n<meta property=\"og:description\" content=\"L\u2019ensemble Malak est id\u00e9al ! Il est si color\u00e9 que vous vous d\u00e9marquerez lors de vos cours de danse du ventre. Confortable, audacieux, unique et parfait !\" \/>\n<meta property=\"og:url\" content=\"https:\/\/neylaropadedanza.es\/fr\/product\/malak\/\" \/>\n<meta property=\"og:site_name\" content=\"Neyla Dancewear\" \/>\n<meta property=\"article:publisher\" content=\"https:\/\/www.facebook.com\/neyladancewear\/\" \/>\n<meta property=\"article:modified_time\" content=\"2023-03-08T17:40:50+00:00\" \/>\n<meta property=\"og:image\" content=\"https:\/\/neylaropadedanza.es\/wp-content\/uploads\/2023\/03\/Bisuteria-Danza-del-Vientre-19.jpg\" \/>\n\t<meta property=\"og:image:width\" content=\"1437\" \/>\n\t<meta property=\"og:image:height\" content=\"2024\" \/>\n\t<meta property=\"og:image:type\" content=\"image\/jpeg\" \/>\n<meta name=\"twitter:card\" content=\"summary_large_image\" \/>\n<meta name=\"twitter:label1\" content=\"Dur\u00e9e de lecture estim\u00e9e\" \/>\n\t<meta name=\"twitter:data1\" content=\"2 minutes\" \/>\n<script type=\"application\/ld+json\" class=\"yoast-schema-graph\">{\"@context\":\"https:\/\/schema.org\",\"@graph\":[{\"@type\":\"WebPage\",\"@id\":\"https:\/\/neylaropadedanza.es\/fr\/product\/malak\/\",\"url\":\"https:\/\/neylaropadedanza.es\/fr\/product\/malak\/\",\"name\":\"Malak - Neyla Dancewear - V\u00eatements de danse du ventre\",\"isPartOf\":{\"@id\":\"https:\/\/neylaropadedanza.com\/#website\"},\"primaryImageOfPage\":{\"@id\":\"https:\/\/neylaropadedanza.es\/fr\/product\/malak\/#primaryimage\"},\"image\":{\"@id\":\"https:\/\/neylaropadedanza.es\/fr\/product\/malak\/#primaryimage\"},\"thumbnailUrl\":\"https:\/\/neylaropadedanza.es\/wp-content\/uploads\/2023\/03\/Bisuteria-Danza-del-Vientre-19.jpg\",\"datePublished\":\"2023-03-08T16:40:50+00:00\",\"dateModified\":\"2023-03-08T17:40:50+00:00\",\"description\":\"L\u2019ensemble Malak est id\u00e9al ! Il est si color\u00e9 que vous vous d\u00e9marquerez lors de vos cours de danse du ventre. Confortable, audacieux, unique et parfait !\",\"breadcrumb\":{\"@id\":\"https:\/\/neylaropadedanza.es\/fr\/product\/malak\/#breadcrumb\"},\"inLanguage\":\"fr-FR\",\"potentialAction\":[{\"@type\":\"ReadAction\",\"target\":[\"https:\/\/neylaropadedanza.es\/fr\/product\/malak\/\"]}]},{\"@type\":\"ImageObject\",\"inLanguage\":\"fr-FR\",\"@id\":\"https:\/\/neylaropadedanza.es\/fr\/product\/malak\/#primaryimage\",\"url\":\"https:\/\/neylaropadedanza.es\/wp-content\/uploads\/2023\/03\/Bisuteria-Danza-del-Vientre-19.jpg\",\"contentUrl\":\"https:\/\/neylaropadedanza.es\/wp-content\/uploads\/2023\/03\/Bisuteria-Danza-del-Vientre-19.jpg\",\"width\":1437,\"height\":2024,\"caption\":\"Ensemble danse orientale Malak imprim\u00e9 floral rose, top \u00e0 encolure large et jupe asym\u00e9trique Neyla Dancewear.\"},{\"@type\":\"BreadcrumbList\",\"@id\":\"https:\/\/neylaropadedanza.es\/fr\/product\/malak\/#breadcrumb\",\"itemListElement\":[{\"@type\":\"ListItem\",\"position\":1,\"name\":\"Home\",\"item\":\"https:\/\/neylaropadedanza.es\/fr\/\"},{\"@type\":\"ListItem\",\"position\":2,\"name\":\"Produits\",\"item\":\"https:\/\/neylaropadedanza.es\/fr\/shop\/\"},{\"@type\":\"ListItem\",\"position\":3,\"name\":\"Malak\"}]},{\"@type\":\"WebSite\",\"@id\":\"https:\/\/neylaropadedanza.com\/#website\",\"url\":\"https:\/\/neylaropadedanza.com\/\",\"name\":\"NeylaRopaDeDanza\",\"description\":\"Ropa de Danza del Vientre, danza oriental, trajes, ropa de ensayo y mucho m\u00e1s!\",\"publisher\":{\"@id\":\"https:\/\/neylaropadedanza.com\/#organization\"},\"potentialAction\":[{\"@type\":\"SearchAction\",\"target\":{\"@type\":\"EntryPoint\",\"urlTemplate\":\"https:\/\/neylaropadedanza.com\/?s={search_term_string}\"},\"query-input\":{\"@type\":\"PropertyValueSpecification\",\"valueRequired\":true,\"valueName\":\"search_term_string\"}}],\"inLanguage\":\"fr-FR\"},{\"@type\":\"Organization\",\"@id\":\"https:\/\/neylaropadedanza.com\/#organization\",\"name\":\"NeylaRopaDeDanza\",\"url\":\"https:\/\/neylaropadedanza.com\/\",\"logo\":{\"@type\":\"ImageObject\",\"inLanguage\":\"fr-FR\",\"@id\":\"https:\/\/neylaropadedanza.com\/#\/schema\/logo\/image\/\",\"url\":\"https:\/\/neylaropadedanza.es\/wp-content\/uploads\/2025\/04\/Neyla-Blanc.webp\",\"contentUrl\":\"https:\/\/neylaropadedanza.es\/wp-content\/uploads\/2025\/04\/Neyla-Blanc.webp\",\"width\":1970,\"height\":936,\"caption\":\"NeylaRopaDeDanza\"},\"image\":{\"@id\":\"https:\/\/neylaropadedanza.com\/#\/schema\/logo\/image\/\"},\"sameAs\":[\"https:\/\/www.facebook.com\/neyladancewear\/\",\"https:\/\/www.instagram.com\/neyladancewear\/\",\"https:\/\/www.youtube.com\/channel\/UCKlqrANcZD0QqKXzpy4taWA?view_as=subscriber\"]}]}<\/script>\n<!-- \/ Yoast SEO plugin. -->","yoast_head_json":{"title":"Malak - Neyla Dancewear - V\u00eatements de danse du ventre","description":"L\u2019ensemble Malak est id\u00e9al ! Il est si color\u00e9 que vous vous d\u00e9marquerez lors de vos cours de danse du ventre. Confortable, audacieux, unique et parfait !","robots":{"index":"index","follow":"follow","max-snippet":"max-snippet:-1","max-image-preview":"max-image-preview:large","max-video-preview":"max-video-preview:-1"},"canonical":"https:\/\/neylaropadedanza.es\/fr\/product\/malak\/","og_locale":"fr_FR","og_type":"article","og_title":"Malak - Neyla Dancewear - V\u00eatements de danse du ventre","og_description":"L\u2019ensemble Malak est id\u00e9al ! Il est si color\u00e9 que vous vous d\u00e9marquerez lors de vos cours de danse du ventre. Confortable, audacieux, unique et parfait !","og_url":"https:\/\/neylaropadedanza.es\/fr\/product\/malak\/","og_site_name":"Neyla Dancewear","article_publisher":"https:\/\/www.facebook.com\/neyladancewear\/","article_modified_time":"2023-03-08T17:40:50+00:00","og_image":[{"width":1437,"height":2024,"url":"https:\/\/neylaropadedanza.es\/wp-content\/uploads\/2023\/03\/Bisuteria-Danza-del-Vientre-19.jpg","type":"image\/jpeg"}],"twitter_card":"summary_large_image","twitter_misc":{"Dur\u00e9e de lecture estim\u00e9e":"2 minutes"},"schema":{"@context":"https:\/\/schema.org","@graph":[{"@type":"WebPage","@id":"https:\/\/neylaropadedanza.es\/fr\/product\/malak\/","url":"https:\/\/neylaropadedanza.es\/fr\/product\/malak\/","name":"Malak - Neyla Dancewear - V\u00eatements de danse du ventre","isPartOf":{"@id":"https:\/\/neylaropadedanza.com\/#website"},"primaryImageOfPage":{"@id":"https:\/\/neylaropadedanza.es\/fr\/product\/malak\/#primaryimage"},"image":{"@id":"https:\/\/neylaropadedanza.es\/fr\/product\/malak\/#primaryimage"},"thumbnailUrl":"https:\/\/neylaropadedanza.es\/wp-content\/uploads\/2023\/03\/Bisuteria-Danza-del-Vientre-19.jpg","datePublished":"2023-03-08T16:40:50+00:00","dateModified":"2023-03-08T17:40:50+00:00","description":"L\u2019ensemble Malak est id\u00e9al ! Il est si color\u00e9 que vous vous d\u00e9marquerez lors de vos cours de danse du ventre. Confortable, audacieux, unique et parfait !","breadcrumb":{"@id":"https:\/\/neylaropadedanza.es\/fr\/product\/malak\/#breadcrumb"},"inLanguage":"fr-FR","potentialAction":[{"@type":"ReadAction","target":["https:\/\/neylaropadedanza.es\/fr\/product\/malak\/"]}]},{"@type":"ImageObject","inLanguage":"fr-FR","@id":"https:\/\/neylaropadedanza.es\/fr\/product\/malak\/#primaryimage","url":"https:\/\/neylaropadedanza.es\/wp-content\/uploads\/2023\/03\/Bisuteria-Danza-del-Vientre-19.jpg","contentUrl":"https:\/\/neylaropadedanza.es\/wp-content\/uploads\/2023\/03\/Bisuteria-Danza-del-Vientre-19.jpg","width":1437,"height":2024,"caption":"Ensemble danse orientale Malak imprim\u00e9 floral rose, top \u00e0 encolure large et jupe asym\u00e9trique Neyla Dancewear."},{"@type":"BreadcrumbList","@id":"https:\/\/neylaropadedanza.es\/fr\/product\/malak\/#breadcrumb","itemListElement":[{"@type":"ListItem","position":1,"name":"Home","item":"https:\/\/neylaropadedanza.es\/fr\/"},{"@type":"ListItem","position":2,"name":"Produits","item":"https:\/\/neylaropadedanza.es\/fr\/shop\/"},{"@type":"ListItem","position":3,"name":"Malak"}]},{"@type":"WebSite","@id":"https:\/\/neylaropadedanza.com\/#website","url":"https:\/\/neylaropadedanza.com\/","name":"NeylaRopaDeDanza","description":"Ropa de Danza del Vientre, danza oriental, trajes, ropa de ensayo y mucho m\u00e1s!","publisher":{"@id":"https:\/\/neylaropadedanza.com\/#organization"},"potentialAction":[{"@type":"SearchAction","target":{"@type":"EntryPoint","urlTemplate":"https:\/\/neylaropadedanza.com\/?s={search_term_string}"},"query-input":{"@type":"PropertyValueSpecification","valueRequired":true,"valueName":"search_term_string"}}],"inLanguage":"fr-FR"},{"@type":"Organization","@id":"https:\/\/neylaropadedanza.com\/#organization","name":"NeylaRopaDeDanza","url":"https:\/\/neylaropadedanza.com\/","logo":{"@type":"ImageObject","inLanguage":"fr-FR","@id":"https:\/\/neylaropadedanza.com\/#\/schema\/logo\/image\/","url":"https:\/\/neylaropadedanza.es\/wp-content\/uploads\/2025\/04\/Neyla-Blanc.webp","contentUrl":"https:\/\/neylaropadedanza.es\/wp-content\/uploads\/2025\/04\/Neyla-Blanc.webp","width":1970,"height":936,"caption":"NeylaRopaDeDanza"},"image":{"@id":"https:\/\/neylaropadedanza.com\/#\/schema\/logo\/image\/"},"sameAs":["https:\/\/www.facebook.com\/neyladancewear\/","https:\/\/www.instagram.com\/neyladancewear\/","https:\/\/www.youtube.com\/channel\/UCKlqrANcZD0QqKXzpy4taWA?view_as=subscriber"]}]}},"_links":{"self":[{"href":"https:\/\/neylaropadedanza.es\/fr\/wp-json\/wp\/v2\/product\/19089","targetHints":{"allow":["GET"]}}],"collection":[{"href":"https:\/\/neylaropadedanza.es\/fr\/wp-json\/wp\/v2\/product"}],"about":[{"href":"https:\/\/neylaropadedanza.es\/fr\/wp-json\/wp\/v2\/types\/product"}],"replies":[{"embeddable":true,"href":"https:\/\/neylaropadedanza.es\/fr\/wp-json\/wp\/v2\/comments?post=19089"}],"version-history":[{"count":0,"href":"https:\/\/neylaropadedanza.es\/fr\/wp-json\/wp\/v2\/product\/19089\/revisions"}],"wp:featuredmedia":[{"embeddable":true,"href":"https:\/\/neylaropadedanza.es\/fr\/wp-json\/wp\/v2\/media\/18330"}],"wp:attachment":[{"href":"https:\/\/neylaropadedanza.es\/fr\/wp-json\/wp\/v2\/media?parent=19089"}],"wp:term":[{"taxonomy":"product_brand","embeddable":true,"href":"https:\/\/neylaropadedanza.es\/fr\/wp-json\/wp\/v2\/product_brand?post=19089"},{"taxonomy":"product_cat","embeddable":true,"href":"https:\/\/neylaropadedanza.es\/fr\/wp-json\/wp\/v2\/product_cat?post=19089"},{"taxonomy":"product_tag","embeddable":true,"href":"https:\/\/neylaropadedanza.es\/fr\/wp-json\/wp\/v2\/product_tag?post=19089"}],"curies":[{"name":"wp","href":"https:\/\/api.w.org\/{rel}","templated":true}]}}