{"id":19069,"date":"2023-03-09T16:37:54","date_gmt":"2023-03-09T16:37:54","guid":{"rendered":"https:\/\/neylaropadedanza.es\/product\/abla\/"},"modified":"2023-03-09T16:37:54","modified_gmt":"2023-03-09T16:37:54","slug":"abla","status":"publish","type":"product","link":"https:\/\/neylaropadedanza.es\/fr\/product\/abla\/","title":{"rendered":"Abla"},"content":{"rendered":"<h2 data-start=\"139\" data-end=\"202\">\ud83c\udf38 <strong data-start=\"142\" data-end=\"202\">Ensemble Abla \u2013 \u00c9l\u00e9gance coquette pour la danse orientale<\/strong><\/h2>\n<p data-start=\"204\" data-end=\"518\">L&rsquo;Ensemble Abla est id\u00e9al pour mettre en valeur votre style lors des cours de danse orientale, tribale ou fusion. Son design allie \u00e9l\u00e9gance et fra\u00eecheur avec une touche f\u00e9minine et coquette qui vous fera briller. Confectionn\u00e9 en tulle noir avec un d\u00e9licat imprim\u00e9 fleuri, il est parfait pour celles qui recherchent confort et originalit\u00e9.  <\/p>\n<p data-start=\"520\" data-end=\"866\">Il comprend deux pi\u00e8ces : un haut style bol\u00e9ro avec manches trois quarts, \u00e0 nouer devant ou derri\u00e8re pour un look personnalis\u00e9, et une jupe doubl\u00e9e au design asym\u00e9trique, plus courte devant et plus longue derri\u00e8re pour sublimer chaque mouvement. Un ensemble pens\u00e9 pour les danseuses qui veulent se d\u00e9marquer avec confiance et style. <\/p>\n<p data-start=\"868\" data-end=\"886\">\u2705 Caract\u00e9ristiques :<\/p>\n<ul data-start=\"887\" data-end=\"1021\">\n<li data-start=\"887\" data-end=\"923\">\n<p data-start=\"889\" data-end=\"923\">Haut bol\u00e9ro avec lien ajustable<\/p>\n<\/li>\n<li data-start=\"924\" data-end=\"944\">\n<p data-start=\"926\" data-end=\"944\">Manches trois quarts<\/p>\n<\/li>\n<li data-start=\"945\" data-end=\"982\">\n<p data-start=\"947\" data-end=\"982\">Jupe doubl\u00e9e asym\u00e9trique<\/p>\n<\/li>\n<li data-start=\"983\" data-end=\"1021\">\n<p data-start=\"985\" data-end=\"1021\">Tulle noir imprim\u00e9 fleuri<\/p>\n<\/li>\n<\/ul>\n<p data-start=\"1023\" data-end=\"1173\">\ud83d\udcab Associez-le avec nos accessoires de danse : <a class=\"\" href=\"https:\/\/neylaropadedanza.es\/fr\/accessoires\/\" rel=\"noopener\" data-start=\"1070\" data-end=\"1123\">ceintures strass, voiles de soie, bijoux<\/a> et bien plus pour un look complet et unique.<\/p>\n<p data-start=\"1175\" data-end=\"1397\">Chez Neyla Dancewear, nous s\u00e9lectionnons des mat\u00e9riaux de qualit\u00e9 pour des tenues confortables, adaptables et originales \u00e0 prix abordable. Besoin d\u2019un mod\u00e8le personnalis\u00e9 ou de conseils sur la taille\u202f? Contactez-nous ! \u2764\ufe0f  <\/p>\n","protected":false},"excerpt":{"rendered":"<p><a href=\"https:\/\/neylaropadedanza.es\/fr\/guide-des-mesures\/\">Guide des Tailles<\/a><\/p>\n","protected":false},"featured_media":18334,"comment_status":"open","ping_status":"closed","template":"","meta":{"content-type":"","_monsterinsights_skip_tracking":false,"_monsterinsights_sitenote_active":false,"_monsterinsights_sitenote_note":"","_monsterinsights_sitenote_category":0,"_uf_show_specific_survey":0,"_uf_disable_surveys":false},"product_brand":[],"product_cat":[973,969],"product_tag":[1120,1403,1098,1152,1190,1160,1253,1108,1327,1369,1303,1307],"class_list":{"0":"post-19069","1":"product","2":"type-product","3":"status-publish","4":"has-post-thumbnail","6":"product_cat-ensambles","7":"product_cat-vetements-dentrainement","8":"product_tag-danse-du-ventre","9":"product_tag-danse-orientale","10":"product_tag-ensemble","11":"product_tag-entrainement","12":"product_tag-fleurs","13":"product_tag-jupe","14":"product_tag-noir","15":"product_tag-tenue-dentrainement","16":"product_tag-top-fr","17":"product_tag-tulle-fr","18":"product_tag-vetements-dentrainement-pour-la-danse-du-ventre","19":"product_tag-vetements-dentrainement","20":"product_shipping_class-standard-fr","22":"first","23":"instock","24":"sale","25":"taxable","26":"shipping-taxable","27":"purchasable","28":"product-type-variable","29":"add-to-wishlist-after_add_to_cart"},"yoast_head":"<!-- This site is optimized with the Yoast SEO plugin v26.6 - https:\/\/yoast.com\/wordpress\/plugins\/seo\/ -->\n<title>Abla - Neyla Dancewear - V\u00eatements de danse du ventre<\/title>\n<meta name=\"description\" content=\"L\u2019ensemble Abla est id\u00e9al ! Il est tr\u00e8s \u00e9l\u00e9gant et coquet, et vous brillerez lors de vos cours de danse du ventre. Confortable, audacieux, unique et parfait !\" \/>\n<meta name=\"robots\" content=\"index, follow, max-snippet:-1, max-image-preview:large, max-video-preview:-1\" \/>\n<link rel=\"canonical\" href=\"https:\/\/neylaropadedanza.es\/fr\/product\/abla\/\" \/>\n<meta property=\"og:locale\" content=\"fr_FR\" \/>\n<meta property=\"og:type\" content=\"article\" \/>\n<meta property=\"og:title\" content=\"Abla - Neyla Dancewear - V\u00eatements de danse du ventre\" \/>\n<meta property=\"og:description\" content=\"L\u2019ensemble Abla est id\u00e9al ! Il est tr\u00e8s \u00e9l\u00e9gant et coquet, et vous brillerez lors de vos cours de danse du ventre. Confortable, audacieux, unique et parfait !\" \/>\n<meta property=\"og:url\" content=\"https:\/\/neylaropadedanza.es\/fr\/product\/abla\/\" \/>\n<meta property=\"og:site_name\" content=\"Neyla Dancewear\" \/>\n<meta property=\"article:publisher\" content=\"https:\/\/www.facebook.com\/neyladancewear\/\" \/>\n<meta property=\"og:image\" content=\"https:\/\/neylaropadedanza.com\/wp-content\/uploads\/2023\/03\/Ropa-de-Danza-del-Vientre.jpg\" \/>\n\t<meta property=\"og:image:width\" content=\"1759\" \/>\n\t<meta property=\"og:image:height\" content=\"2024\" \/>\n\t<meta property=\"og:image:type\" content=\"image\/jpeg\" \/>\n<meta name=\"twitter:card\" content=\"summary_large_image\" \/>\n<meta name=\"twitter:label1\" content=\"Dur\u00e9e de lecture estim\u00e9e\" \/>\n\t<meta name=\"twitter:data1\" content=\"1 minute\" \/>\n<script type=\"application\/ld+json\" class=\"yoast-schema-graph\">{\"@context\":\"https:\/\/schema.org\",\"@graph\":[{\"@type\":\"WebPage\",\"@id\":\"https:\/\/neylaropadedanza.es\/fr\/product\/abla\/\",\"url\":\"https:\/\/neylaropadedanza.es\/fr\/product\/abla\/\",\"name\":\"Abla - Neyla Dancewear - V\u00eatements de danse du ventre\",\"isPartOf\":{\"@id\":\"https:\/\/neylaropadedanza.com\/#website\"},\"primaryImageOfPage\":{\"@id\":\"https:\/\/neylaropadedanza.es\/fr\/product\/abla\/#primaryimage\"},\"image\":{\"@id\":\"https:\/\/neylaropadedanza.es\/fr\/product\/abla\/#primaryimage\"},\"thumbnailUrl\":\"https:\/\/neylaropadedanza.es\/wp-content\/uploads\/2023\/03\/Ropa-de-Danza-del-Vientre.jpg\",\"datePublished\":\"2023-03-09T16:37:54+00:00\",\"description\":\"L\u2019ensemble Abla est id\u00e9al ! Il est tr\u00e8s \u00e9l\u00e9gant et coquet, et vous brillerez lors de vos cours de danse du ventre. Confortable, audacieux, unique et parfait !\",\"breadcrumb\":{\"@id\":\"https:\/\/neylaropadedanza.es\/fr\/product\/abla\/#breadcrumb\"},\"inLanguage\":\"fr-FR\",\"potentialAction\":[{\"@type\":\"ReadAction\",\"target\":[\"https:\/\/neylaropadedanza.es\/fr\/product\/abla\/\"]}]},{\"@type\":\"ImageObject\",\"inLanguage\":\"fr-FR\",\"@id\":\"https:\/\/neylaropadedanza.es\/fr\/product\/abla\/#primaryimage\",\"url\":\"https:\/\/neylaropadedanza.es\/wp-content\/uploads\/2023\/03\/Ropa-de-Danza-del-Vientre.jpg\",\"contentUrl\":\"https:\/\/neylaropadedanza.es\/wp-content\/uploads\/2023\/03\/Ropa-de-Danza-del-Vientre.jpg\",\"width\":1759,\"height\":2024,\"caption\":\"Ensemble Neyla Dancewear de danse orientale avec top en tulle fleuri et jupe courte \u00e0 volants.\"},{\"@type\":\"BreadcrumbList\",\"@id\":\"https:\/\/neylaropadedanza.es\/fr\/product\/abla\/#breadcrumb\",\"itemListElement\":[{\"@type\":\"ListItem\",\"position\":1,\"name\":\"Home\",\"item\":\"https:\/\/neylaropadedanza.es\/fr\/\"},{\"@type\":\"ListItem\",\"position\":2,\"name\":\"Produits\",\"item\":\"https:\/\/neylaropadedanza.es\/fr\/shop\/\"},{\"@type\":\"ListItem\",\"position\":3,\"name\":\"Abla\"}]},{\"@type\":\"WebSite\",\"@id\":\"https:\/\/neylaropadedanza.com\/#website\",\"url\":\"https:\/\/neylaropadedanza.com\/\",\"name\":\"NeylaRopaDeDanza\",\"description\":\"Ropa de Danza del Vientre, danza oriental, trajes, ropa de ensayo y mucho m\u00e1s!\",\"publisher\":{\"@id\":\"https:\/\/neylaropadedanza.com\/#organization\"},\"potentialAction\":[{\"@type\":\"SearchAction\",\"target\":{\"@type\":\"EntryPoint\",\"urlTemplate\":\"https:\/\/neylaropadedanza.com\/?s={search_term_string}\"},\"query-input\":{\"@type\":\"PropertyValueSpecification\",\"valueRequired\":true,\"valueName\":\"search_term_string\"}}],\"inLanguage\":\"fr-FR\"},{\"@type\":\"Organization\",\"@id\":\"https:\/\/neylaropadedanza.com\/#organization\",\"name\":\"NeylaRopaDeDanza\",\"url\":\"https:\/\/neylaropadedanza.com\/\",\"logo\":{\"@type\":\"ImageObject\",\"inLanguage\":\"fr-FR\",\"@id\":\"https:\/\/neylaropadedanza.com\/#\/schema\/logo\/image\/\",\"url\":\"https:\/\/neylaropadedanza.es\/wp-content\/uploads\/2025\/04\/Neyla-Blanc.webp\",\"contentUrl\":\"https:\/\/neylaropadedanza.es\/wp-content\/uploads\/2025\/04\/Neyla-Blanc.webp\",\"width\":1970,\"height\":936,\"caption\":\"NeylaRopaDeDanza\"},\"image\":{\"@id\":\"https:\/\/neylaropadedanza.com\/#\/schema\/logo\/image\/\"},\"sameAs\":[\"https:\/\/www.facebook.com\/neyladancewear\/\",\"https:\/\/www.instagram.com\/neyladancewear\/\",\"https:\/\/www.youtube.com\/channel\/UCKlqrANcZD0QqKXzpy4taWA?view_as=subscriber\"]}]}<\/script>\n<!-- \/ Yoast SEO plugin. -->","yoast_head_json":{"title":"Abla - Neyla Dancewear - V\u00eatements de danse du ventre","description":"L\u2019ensemble Abla est id\u00e9al ! Il est tr\u00e8s \u00e9l\u00e9gant et coquet, et vous brillerez lors de vos cours de danse du ventre. Confortable, audacieux, unique et parfait !","robots":{"index":"index","follow":"follow","max-snippet":"max-snippet:-1","max-image-preview":"max-image-preview:large","max-video-preview":"max-video-preview:-1"},"canonical":"https:\/\/neylaropadedanza.es\/fr\/product\/abla\/","og_locale":"fr_FR","og_type":"article","og_title":"Abla - Neyla Dancewear - V\u00eatements de danse du ventre","og_description":"L\u2019ensemble Abla est id\u00e9al ! Il est tr\u00e8s \u00e9l\u00e9gant et coquet, et vous brillerez lors de vos cours de danse du ventre. Confortable, audacieux, unique et parfait !","og_url":"https:\/\/neylaropadedanza.es\/fr\/product\/abla\/","og_site_name":"Neyla Dancewear","article_publisher":"https:\/\/www.facebook.com\/neyladancewear\/","og_image":[{"width":1759,"height":2024,"url":"https:\/\/neylaropadedanza.com\/wp-content\/uploads\/2023\/03\/Ropa-de-Danza-del-Vientre.jpg","type":"image\/jpeg"}],"twitter_card":"summary_large_image","twitter_misc":{"Dur\u00e9e de lecture estim\u00e9e":"1 minute"},"schema":{"@context":"https:\/\/schema.org","@graph":[{"@type":"WebPage","@id":"https:\/\/neylaropadedanza.es\/fr\/product\/abla\/","url":"https:\/\/neylaropadedanza.es\/fr\/product\/abla\/","name":"Abla - Neyla Dancewear - V\u00eatements de danse du ventre","isPartOf":{"@id":"https:\/\/neylaropadedanza.com\/#website"},"primaryImageOfPage":{"@id":"https:\/\/neylaropadedanza.es\/fr\/product\/abla\/#primaryimage"},"image":{"@id":"https:\/\/neylaropadedanza.es\/fr\/product\/abla\/#primaryimage"},"thumbnailUrl":"https:\/\/neylaropadedanza.es\/wp-content\/uploads\/2023\/03\/Ropa-de-Danza-del-Vientre.jpg","datePublished":"2023-03-09T16:37:54+00:00","description":"L\u2019ensemble Abla est id\u00e9al ! Il est tr\u00e8s \u00e9l\u00e9gant et coquet, et vous brillerez lors de vos cours de danse du ventre. Confortable, audacieux, unique et parfait !","breadcrumb":{"@id":"https:\/\/neylaropadedanza.es\/fr\/product\/abla\/#breadcrumb"},"inLanguage":"fr-FR","potentialAction":[{"@type":"ReadAction","target":["https:\/\/neylaropadedanza.es\/fr\/product\/abla\/"]}]},{"@type":"ImageObject","inLanguage":"fr-FR","@id":"https:\/\/neylaropadedanza.es\/fr\/product\/abla\/#primaryimage","url":"https:\/\/neylaropadedanza.es\/wp-content\/uploads\/2023\/03\/Ropa-de-Danza-del-Vientre.jpg","contentUrl":"https:\/\/neylaropadedanza.es\/wp-content\/uploads\/2023\/03\/Ropa-de-Danza-del-Vientre.jpg","width":1759,"height":2024,"caption":"Ensemble Neyla Dancewear de danse orientale avec top en tulle fleuri et jupe courte \u00e0 volants."},{"@type":"BreadcrumbList","@id":"https:\/\/neylaropadedanza.es\/fr\/product\/abla\/#breadcrumb","itemListElement":[{"@type":"ListItem","position":1,"name":"Home","item":"https:\/\/neylaropadedanza.es\/fr\/"},{"@type":"ListItem","position":2,"name":"Produits","item":"https:\/\/neylaropadedanza.es\/fr\/shop\/"},{"@type":"ListItem","position":3,"name":"Abla"}]},{"@type":"WebSite","@id":"https:\/\/neylaropadedanza.com\/#website","url":"https:\/\/neylaropadedanza.com\/","name":"NeylaRopaDeDanza","description":"Ropa de Danza del Vientre, danza oriental, trajes, ropa de ensayo y mucho m\u00e1s!","publisher":{"@id":"https:\/\/neylaropadedanza.com\/#organization"},"potentialAction":[{"@type":"SearchAction","target":{"@type":"EntryPoint","urlTemplate":"https:\/\/neylaropadedanza.com\/?s={search_term_string}"},"query-input":{"@type":"PropertyValueSpecification","valueRequired":true,"valueName":"search_term_string"}}],"inLanguage":"fr-FR"},{"@type":"Organization","@id":"https:\/\/neylaropadedanza.com\/#organization","name":"NeylaRopaDeDanza","url":"https:\/\/neylaropadedanza.com\/","logo":{"@type":"ImageObject","inLanguage":"fr-FR","@id":"https:\/\/neylaropadedanza.com\/#\/schema\/logo\/image\/","url":"https:\/\/neylaropadedanza.es\/wp-content\/uploads\/2025\/04\/Neyla-Blanc.webp","contentUrl":"https:\/\/neylaropadedanza.es\/wp-content\/uploads\/2025\/04\/Neyla-Blanc.webp","width":1970,"height":936,"caption":"NeylaRopaDeDanza"},"image":{"@id":"https:\/\/neylaropadedanza.com\/#\/schema\/logo\/image\/"},"sameAs":["https:\/\/www.facebook.com\/neyladancewear\/","https:\/\/www.instagram.com\/neyladancewear\/","https:\/\/www.youtube.com\/channel\/UCKlqrANcZD0QqKXzpy4taWA?view_as=subscriber"]}]}},"_links":{"self":[{"href":"https:\/\/neylaropadedanza.es\/fr\/wp-json\/wp\/v2\/product\/19069","targetHints":{"allow":["GET"]}}],"collection":[{"href":"https:\/\/neylaropadedanza.es\/fr\/wp-json\/wp\/v2\/product"}],"about":[{"href":"https:\/\/neylaropadedanza.es\/fr\/wp-json\/wp\/v2\/types\/product"}],"replies":[{"embeddable":true,"href":"https:\/\/neylaropadedanza.es\/fr\/wp-json\/wp\/v2\/comments?post=19069"}],"version-history":[{"count":0,"href":"https:\/\/neylaropadedanza.es\/fr\/wp-json\/wp\/v2\/product\/19069\/revisions"}],"wp:featuredmedia":[{"embeddable":true,"href":"https:\/\/neylaropadedanza.es\/fr\/wp-json\/wp\/v2\/media\/18334"}],"wp:attachment":[{"href":"https:\/\/neylaropadedanza.es\/fr\/wp-json\/wp\/v2\/media?parent=19069"}],"wp:term":[{"taxonomy":"product_brand","embeddable":true,"href":"https:\/\/neylaropadedanza.es\/fr\/wp-json\/wp\/v2\/product_brand?post=19069"},{"taxonomy":"product_cat","embeddable":true,"href":"https:\/\/neylaropadedanza.es\/fr\/wp-json\/wp\/v2\/product_cat?post=19069"},{"taxonomy":"product_tag","embeddable":true,"href":"https:\/\/neylaropadedanza.es\/fr\/wp-json\/wp\/v2\/product_tag?post=19069"}],"curies":[{"name":"wp","href":"https:\/\/api.w.org\/{rel}","templated":true}]}}