{"id":19053,"date":"2023-05-11T18:27:34","date_gmt":"2023-05-11T18:27:34","guid":{"rendered":"https:\/\/neylaropadedanza.es\/product\/abil\/"},"modified":"2023-05-11T18:27:34","modified_gmt":"2023-05-11T18:27:34","slug":"abil","status":"publish","type":"product","link":"https:\/\/neylaropadedanza.es\/fr\/product\/abil\/","title":{"rendered":"Abil"},"content":{"rendered":"<h2 data-start=\"149\" data-end=\"226\">\ud83c\udf3f <strong data-start=\"155\" data-end=\"226\">Jupe Abil \u2013 La touche \u00e9l\u00e9gante et color\u00e9e pour la danse orientale<\/strong><\/h2>\n<p data-start=\"228\" data-end=\"602\">La Jupe Abil est con\u00e7ue pour les danseuses qui souhaitent briller avec un style original et raffin\u00e9 lors des cours ou des spectacles de danse orientale, tribale, fusion ou m\u00eame Bollywood. Sa coupe pareo courte en dentelle vert aqua apporte fra\u00eecheur et joie, tandis que le volant \u00e0 la base ajoute du mouvement et de la gr\u00e2ce \u00e0 chaque tour, mettant en valeur la f\u00e9minit\u00e9 de vos pas. <\/p>\n<p data-start=\"604\" data-end=\"964\">Chez <strong data-start=\"607\" data-end=\"626\">Neyla Dancewear,<\/strong> nous soignons chaque d\u00e9tail pour vous proposer des pi\u00e8ces uniques, confortables et flatteuses. La Jupe Abil se noue sur le c\u00f4t\u00e9 pour un ajustement parfait et adaptable \u00e0 toutes les tailles et morphologies. Sa dentelle douce et l\u00e9g\u00e8re est id\u00e9ale pour les longues r\u00e9p\u00e9titions ou les prestations sc\u00e9niques, en vous garantissant confort et confiance en toutes circonstances.  <\/p>\n<p data-start=\"966\" data-end=\"999\">\u2705 <strong data-start=\"968\" data-end=\"999\">Caract\u00e9ristiques principales :<\/strong><\/p>\n<ul data-start=\"1000\" data-end=\"1201\">\n<li data-start=\"1000\" data-end=\"1045\">\n<p data-start=\"1002\" data-end=\"1045\">Design pareo court avec lien r\u00e9glable sur le c\u00f4t\u00e9.<\/p>\n<\/li>\n<li data-start=\"1046\" data-end=\"1109\">\n<p data-start=\"1048\" data-end=\"1109\">Dentelle de haute qualit\u00e9 en vert aqua vif.<\/p>\n<\/li>\n<li data-start=\"1110\" data-end=\"1159\">\n<p data-start=\"1112\" data-end=\"1159\">Volant sur le bas pour plus de mouvement et de fluidit\u00e9.<\/p>\n<\/li>\n<li data-start=\"1160\" data-end=\"1201\">\n<p data-start=\"1162\" data-end=\"1201\">Tissu l\u00e9ger, confortable et facile \u00e0 entretenir.<\/p>\n<\/li>\n<\/ul>\n<p data-start=\"1203\" data-end=\"1477\">Pour cr\u00e9er une tenue compl\u00e8te et personnalis\u00e9e, associez la Jupe Abil avec l\u2019un de nos <strong data-start=\"1333\" data-end=\"1391\"><a class=\"\" href=\"https:\/\/neylaropadedanza.es\/fr\/combinaisons-dentrainement\/\" target=\"_new\" rel=\"noopener\" data-start=\"1335\" data-end=\"1389\">justaucorps d\u2019entra\u00eenement <\/a><\/strong>ou tops assortis en dentelle. Des possibilit\u00e9s infinies pour un look parfait\u202f! <\/p>\n<p data-start=\"1479\" data-end=\"1736\">N\u2019oubliez pas non plus de visiter notre<a href=\"https:\/\/neylaropadedanza.es\/fr\/accessoires\/\"><strong data-start=\"1545\" data-end=\"1603\"> section accessoires<\/strong><\/a>, o\u00f9 vous trouverez des ceintures en strass, des voiles en soie, des bijoux fantaisie et bien plus encore pour personnaliser votre style et briller \u00e0 chaque prestation.<\/p>\n<p data-start=\"1738\" data-end=\"2017\">Chez <strong data-start=\"1741\" data-end=\"1760\">Neyla Dancewear<\/strong>, toutes nos pi\u00e8ces sont dessin\u00e9es et confectionn\u00e9es \u00e0 Barcelone, en s\u00e9lectionnant soigneusement chaque mati\u00e8re pour vous offrir la meilleure qualit\u00e9 \u00e0 des prix comp\u00e9titifs. Parce que nous croyons que la danse orientale est faite pour toutes : quel que soit votre \u00e2ge, votre corps ou votre style. <\/p>\n<p data-start=\"2019\" data-end=\"2191\" data-is-last-node=\"\" data-is-only-node=\"\">Si vous avez besoin d\u2019aide pour choisir votre taille ou souhaitez un mod\u00e8le plus personnalis\u00e9, contactez-nous ! Nous serons ravies de cr\u00e9er pour vous la jupe ou la tenue de vos r\u00eaves. \ud83d\udc83\u2728  <\/p>\n","protected":false},"excerpt":{"rendered":"<p><a href=\"https:\/\/neylaropadedanza.es\/fr\/guide-des-mesures\/\">Guide des Tailles<\/a><\/p>\n","protected":false},"featured_media":18346,"comment_status":"open","ping_status":"closed","template":"","meta":{"content-type":"","_monsterinsights_skip_tracking":false,"_monsterinsights_sitenote_active":false,"_monsterinsights_sitenote_note":"","_monsterinsights_sitenote_category":0,"_uf_show_specific_survey":0,"_uf_disable_surveys":false},"product_brand":[],"product_cat":[975,969],"product_tag":[1030,1120,1403,1148,1150,1152,1180,1170,1307,1305],"class_list":{"0":"post-19053","1":"product","2":"type-product","3":"status-publish","4":"has-post-thumbnail","6":"product_cat-jupes","7":"product_cat-vetements-dentrainement","8":"product_tag-aigue-marine-fr","9":"product_tag-danse-du-ventre","10":"product_tag-danse-orientale","11":"product_tag-dantelle","12":"product_tag-dentelle-aigue-marine","13":"product_tag-entrainement","14":"product_tag-jupe-fr","15":"product_tag-jupe-de-danse-du-ventre","16":"product_tag-vetements-dentrainement","17":"product_tag-vetements-de-danse-du-ventre-fr","18":"product_shipping_class-standard-fr","20":"first","21":"instock","22":"sale","23":"taxable","24":"shipping-taxable","25":"purchasable","26":"product-type-variable","27":"add-to-wishlist-after_add_to_cart"},"yoast_head":"<!-- This site is optimized with the Yoast SEO plugin v27.4 - https:\/\/yoast.com\/product\/yoast-seo-wordpress\/ -->\n<title>Abil - Neyla Dancewear - V\u00eatements de danse du ventre<\/title>\n<meta name=\"description\" content=\"La Jupe Abil est id\u00e9ale, \u00e9l\u00e9gante, color\u00e9e et flatteuse ! Parfaite pour vos cours de danse du ventre. Une jupe que vous allez adorer.\" \/>\n<meta name=\"robots\" content=\"index, follow, max-snippet:-1, max-image-preview:large, max-video-preview:-1\" \/>\n<link rel=\"canonical\" href=\"https:\/\/neylaropadedanza.es\/fr\/product\/abil\/\" \/>\n<meta property=\"og:locale\" content=\"fr_FR\" \/>\n<meta property=\"og:type\" content=\"article\" \/>\n<meta property=\"og:title\" content=\"Abil - Neyla Dancewear - V\u00eatements de danse du ventre\" \/>\n<meta property=\"og:description\" content=\"La Jupe Abil est id\u00e9ale, \u00e9l\u00e9gante, color\u00e9e et flatteuse ! Parfaite pour vos cours de danse du ventre. Une jupe que vous allez adorer.\" \/>\n<meta property=\"og:url\" content=\"https:\/\/neylaropadedanza.es\/fr\/product\/abil\/\" \/>\n<meta property=\"og:site_name\" content=\"Neyla Dancewear\" \/>\n<meta property=\"article:publisher\" content=\"https:\/\/www.facebook.com\/neyladancewear\/\" \/>\n<meta property=\"og:image\" content=\"https:\/\/neylaropadedanza.com\/wp-content\/uploads\/2023\/05\/Falditas-danza-del-vientre-4.jpg\" \/>\n\t<meta property=\"og:image:width\" content=\"1816\" \/>\n\t<meta property=\"og:image:height\" content=\"2024\" \/>\n\t<meta property=\"og:image:type\" content=\"image\/jpeg\" \/>\n<meta name=\"twitter:card\" content=\"summary_large_image\" \/>\n<meta name=\"twitter:label1\" content=\"Dur\u00e9e de lecture estim\u00e9e\" \/>\n\t<meta name=\"twitter:data1\" content=\"2 minutes\" \/>\n<script type=\"application\/ld+json\" class=\"yoast-schema-graph\">{\"@context\":\"https:\\\/\\\/schema.org\",\"@graph\":[{\"@type\":\"WebPage\",\"@id\":\"https:\\\/\\\/neylaropadedanza.es\\\/fr\\\/product\\\/abil\\\/\",\"url\":\"https:\\\/\\\/neylaropadedanza.es\\\/fr\\\/product\\\/abil\\\/\",\"name\":\"Abil - Neyla Dancewear - V\u00eatements de danse du ventre\",\"isPartOf\":{\"@id\":\"https:\\\/\\\/neylaropadedanza.com\\\/#website\"},\"primaryImageOfPage\":{\"@id\":\"https:\\\/\\\/neylaropadedanza.es\\\/fr\\\/product\\\/abil\\\/#primaryimage\"},\"image\":{\"@id\":\"https:\\\/\\\/neylaropadedanza.es\\\/fr\\\/product\\\/abil\\\/#primaryimage\"},\"thumbnailUrl\":\"https:\\\/\\\/neylaropadedanza.es\\\/wp-content\\\/uploads\\\/2023\\\/05\\\/Falditas-danza-del-vientre-4.jpg\",\"datePublished\":\"2023-05-11T18:27:34+00:00\",\"description\":\"La Jupe Abil est id\u00e9ale, \u00e9l\u00e9gante, color\u00e9e et flatteuse ! Parfaite pour vos cours de danse du ventre. Une jupe que vous allez adorer.\",\"breadcrumb\":{\"@id\":\"https:\\\/\\\/neylaropadedanza.es\\\/fr\\\/product\\\/abil\\\/#breadcrumb\"},\"inLanguage\":\"fr-FR\",\"potentialAction\":[{\"@type\":\"ReadAction\",\"target\":[\"https:\\\/\\\/neylaropadedanza.es\\\/fr\\\/product\\\/abil\\\/\"]}]},{\"@type\":\"ImageObject\",\"inLanguage\":\"fr-FR\",\"@id\":\"https:\\\/\\\/neylaropadedanza.es\\\/fr\\\/product\\\/abil\\\/#primaryimage\",\"url\":\"https:\\\/\\\/neylaropadedanza.es\\\/wp-content\\\/uploads\\\/2023\\\/05\\\/Falditas-danza-del-vientre-4.jpg\",\"contentUrl\":\"https:\\\/\\\/neylaropadedanza.es\\\/wp-content\\\/uploads\\\/2023\\\/05\\\/Falditas-danza-del-vientre-4.jpg\",\"width\":1816,\"height\":2024,\"caption\":\"Jupe pareo courte en dentelle vert aqua avec volant, id\u00e9ale pour la danse orientale.\"},{\"@type\":\"BreadcrumbList\",\"@id\":\"https:\\\/\\\/neylaropadedanza.es\\\/fr\\\/product\\\/abil\\\/#breadcrumb\",\"itemListElement\":[{\"@type\":\"ListItem\",\"position\":1,\"name\":\"Home\",\"item\":\"https:\\\/\\\/neylaropadedanza.es\\\/fr\\\/\"},{\"@type\":\"ListItem\",\"position\":2,\"name\":\"Produits\",\"item\":\"https:\\\/\\\/neylaropadedanza.es\\\/fr\\\/shop\\\/\"},{\"@type\":\"ListItem\",\"position\":3,\"name\":\"Abil\"}]},{\"@type\":\"WebSite\",\"@id\":\"https:\\\/\\\/neylaropadedanza.com\\\/#website\",\"url\":\"https:\\\/\\\/neylaropadedanza.com\\\/\",\"name\":\"NeylaRopaDeDanza\",\"description\":\"Ropa de Danza del Vientre, danza oriental, trajes, ropa de ensayo y mucho m\u00e1s!\",\"publisher\":{\"@id\":\"https:\\\/\\\/neylaropadedanza.com\\\/#organization\"},\"potentialAction\":[{\"@type\":\"SearchAction\",\"target\":{\"@type\":\"EntryPoint\",\"urlTemplate\":\"https:\\\/\\\/neylaropadedanza.com\\\/?s={search_term_string}\"},\"query-input\":{\"@type\":\"PropertyValueSpecification\",\"valueRequired\":true,\"valueName\":\"search_term_string\"}}],\"inLanguage\":\"fr-FR\"},{\"@type\":\"Organization\",\"@id\":\"https:\\\/\\\/neylaropadedanza.com\\\/#organization\",\"name\":\"NeylaRopaDeDanza\",\"url\":\"https:\\\/\\\/neylaropadedanza.com\\\/\",\"logo\":{\"@type\":\"ImageObject\",\"inLanguage\":\"fr-FR\",\"@id\":\"https:\\\/\\\/neylaropadedanza.com\\\/#\\\/schema\\\/logo\\\/image\\\/\",\"url\":\"https:\\\/\\\/neylaropadedanza.es\\\/wp-content\\\/uploads\\\/2025\\\/04\\\/Neyla-Blanc.webp\",\"contentUrl\":\"https:\\\/\\\/neylaropadedanza.es\\\/wp-content\\\/uploads\\\/2025\\\/04\\\/Neyla-Blanc.webp\",\"width\":1970,\"height\":936,\"caption\":\"NeylaRopaDeDanza\"},\"image\":{\"@id\":\"https:\\\/\\\/neylaropadedanza.com\\\/#\\\/schema\\\/logo\\\/image\\\/\"},\"sameAs\":[\"https:\\\/\\\/www.facebook.com\\\/neyladancewear\\\/\",\"https:\\\/\\\/www.instagram.com\\\/neyladancewear\\\/\",\"https:\\\/\\\/www.youtube.com\\\/channel\\\/UCKlqrANcZD0QqKXzpy4taWA?view_as=subscriber\"]}]}<\/script>\n<!-- \/ Yoast SEO plugin. -->","yoast_head_json":{"title":"Abil - Neyla Dancewear - V\u00eatements de danse du ventre","description":"La Jupe Abil est id\u00e9ale, \u00e9l\u00e9gante, color\u00e9e et flatteuse ! Parfaite pour vos cours de danse du ventre. Une jupe que vous allez adorer.","robots":{"index":"index","follow":"follow","max-snippet":"max-snippet:-1","max-image-preview":"max-image-preview:large","max-video-preview":"max-video-preview:-1"},"canonical":"https:\/\/neylaropadedanza.es\/fr\/product\/abil\/","og_locale":"fr_FR","og_type":"article","og_title":"Abil - Neyla Dancewear - V\u00eatements de danse du ventre","og_description":"La Jupe Abil est id\u00e9ale, \u00e9l\u00e9gante, color\u00e9e et flatteuse ! Parfaite pour vos cours de danse du ventre. Une jupe que vous allez adorer.","og_url":"https:\/\/neylaropadedanza.es\/fr\/product\/abil\/","og_site_name":"Neyla Dancewear","article_publisher":"https:\/\/www.facebook.com\/neyladancewear\/","og_image":[{"width":1816,"height":2024,"url":"https:\/\/neylaropadedanza.com\/wp-content\/uploads\/2023\/05\/Falditas-danza-del-vientre-4.jpg","type":"image\/jpeg"}],"twitter_card":"summary_large_image","twitter_misc":{"Dur\u00e9e de lecture estim\u00e9e":"2 minutes"},"schema":{"@context":"https:\/\/schema.org","@graph":[{"@type":"WebPage","@id":"https:\/\/neylaropadedanza.es\/fr\/product\/abil\/","url":"https:\/\/neylaropadedanza.es\/fr\/product\/abil\/","name":"Abil - Neyla Dancewear - V\u00eatements de danse du ventre","isPartOf":{"@id":"https:\/\/neylaropadedanza.com\/#website"},"primaryImageOfPage":{"@id":"https:\/\/neylaropadedanza.es\/fr\/product\/abil\/#primaryimage"},"image":{"@id":"https:\/\/neylaropadedanza.es\/fr\/product\/abil\/#primaryimage"},"thumbnailUrl":"https:\/\/neylaropadedanza.es\/wp-content\/uploads\/2023\/05\/Falditas-danza-del-vientre-4.jpg","datePublished":"2023-05-11T18:27:34+00:00","description":"La Jupe Abil est id\u00e9ale, \u00e9l\u00e9gante, color\u00e9e et flatteuse ! Parfaite pour vos cours de danse du ventre. Une jupe que vous allez adorer.","breadcrumb":{"@id":"https:\/\/neylaropadedanza.es\/fr\/product\/abil\/#breadcrumb"},"inLanguage":"fr-FR","potentialAction":[{"@type":"ReadAction","target":["https:\/\/neylaropadedanza.es\/fr\/product\/abil\/"]}]},{"@type":"ImageObject","inLanguage":"fr-FR","@id":"https:\/\/neylaropadedanza.es\/fr\/product\/abil\/#primaryimage","url":"https:\/\/neylaropadedanza.es\/wp-content\/uploads\/2023\/05\/Falditas-danza-del-vientre-4.jpg","contentUrl":"https:\/\/neylaropadedanza.es\/wp-content\/uploads\/2023\/05\/Falditas-danza-del-vientre-4.jpg","width":1816,"height":2024,"caption":"Jupe pareo courte en dentelle vert aqua avec volant, id\u00e9ale pour la danse orientale."},{"@type":"BreadcrumbList","@id":"https:\/\/neylaropadedanza.es\/fr\/product\/abil\/#breadcrumb","itemListElement":[{"@type":"ListItem","position":1,"name":"Home","item":"https:\/\/neylaropadedanza.es\/fr\/"},{"@type":"ListItem","position":2,"name":"Produits","item":"https:\/\/neylaropadedanza.es\/fr\/shop\/"},{"@type":"ListItem","position":3,"name":"Abil"}]},{"@type":"WebSite","@id":"https:\/\/neylaropadedanza.com\/#website","url":"https:\/\/neylaropadedanza.com\/","name":"NeylaRopaDeDanza","description":"Ropa de Danza del Vientre, danza oriental, trajes, ropa de ensayo y mucho m\u00e1s!","publisher":{"@id":"https:\/\/neylaropadedanza.com\/#organization"},"potentialAction":[{"@type":"SearchAction","target":{"@type":"EntryPoint","urlTemplate":"https:\/\/neylaropadedanza.com\/?s={search_term_string}"},"query-input":{"@type":"PropertyValueSpecification","valueRequired":true,"valueName":"search_term_string"}}],"inLanguage":"fr-FR"},{"@type":"Organization","@id":"https:\/\/neylaropadedanza.com\/#organization","name":"NeylaRopaDeDanza","url":"https:\/\/neylaropadedanza.com\/","logo":{"@type":"ImageObject","inLanguage":"fr-FR","@id":"https:\/\/neylaropadedanza.com\/#\/schema\/logo\/image\/","url":"https:\/\/neylaropadedanza.es\/wp-content\/uploads\/2025\/04\/Neyla-Blanc.webp","contentUrl":"https:\/\/neylaropadedanza.es\/wp-content\/uploads\/2025\/04\/Neyla-Blanc.webp","width":1970,"height":936,"caption":"NeylaRopaDeDanza"},"image":{"@id":"https:\/\/neylaropadedanza.com\/#\/schema\/logo\/image\/"},"sameAs":["https:\/\/www.facebook.com\/neyladancewear\/","https:\/\/www.instagram.com\/neyladancewear\/","https:\/\/www.youtube.com\/channel\/UCKlqrANcZD0QqKXzpy4taWA?view_as=subscriber"]}]}},"_links":{"self":[{"href":"https:\/\/neylaropadedanza.es\/fr\/wp-json\/wp\/v2\/product\/19053","targetHints":{"allow":["GET"]}}],"collection":[{"href":"https:\/\/neylaropadedanza.es\/fr\/wp-json\/wp\/v2\/product"}],"about":[{"href":"https:\/\/neylaropadedanza.es\/fr\/wp-json\/wp\/v2\/types\/product"}],"replies":[{"embeddable":true,"href":"https:\/\/neylaropadedanza.es\/fr\/wp-json\/wp\/v2\/comments?post=19053"}],"version-history":[{"count":0,"href":"https:\/\/neylaropadedanza.es\/fr\/wp-json\/wp\/v2\/product\/19053\/revisions"}],"wp:featuredmedia":[{"embeddable":true,"href":"https:\/\/neylaropadedanza.es\/fr\/wp-json\/wp\/v2\/media\/18346"}],"wp:attachment":[{"href":"https:\/\/neylaropadedanza.es\/fr\/wp-json\/wp\/v2\/media?parent=19053"}],"wp:term":[{"taxonomy":"product_brand","embeddable":true,"href":"https:\/\/neylaropadedanza.es\/fr\/wp-json\/wp\/v2\/product_brand?post=19053"},{"taxonomy":"product_cat","embeddable":true,"href":"https:\/\/neylaropadedanza.es\/fr\/wp-json\/wp\/v2\/product_cat?post=19053"},{"taxonomy":"product_tag","embeddable":true,"href":"https:\/\/neylaropadedanza.es\/fr\/wp-json\/wp\/v2\/product_tag?post=19053"}],"curies":[{"name":"wp","href":"https:\/\/api.w.org\/{rel}","templated":true}]}}