{"id":19037,"date":"2023-10-03T18:27:55","date_gmt":"2023-10-03T16:27:55","guid":{"rendered":"https:\/\/neylaropadedanza.es\/product\/maissa\/"},"modified":"2023-10-03T18:27:55","modified_gmt":"2023-10-03T18:27:55","slug":"maissa","status":"publish","type":"product","link":"https:\/\/neylaropadedanza.es\/fr\/product\/maissa\/","title":{"rendered":"Maissa"},"content":{"rendered":"<h2 data-start=\"0\" data-end=\"76\"><strong data-start=\"0\" data-end=\"74\">\u2728 Ensemble Maissa \u2013 Couleur, style et libert\u00e9 pour votre danse orientale<\/strong><\/h2>\n<p data-start=\"78\" data-end=\"460\">D\u00e9couvrez l\u2019<strong data-start=\"91\" data-end=\"110\">Ensemble Maissa <\/strong>et apportez une \u00e9nergie vibrante \u00e0 chacune de vos r\u00e9p\u00e9titions\u202f! Sa <strong data-start=\"156\" data-end=\"181\">couleur corail vive <\/strong>est tout simplement irr\u00e9sistible\u202f: lumineuse, joyeuse et id\u00e9ale pour mettre en valeur chaque tour et mouvement dans vos danses orientales, tribales ou fusions. Confectionn\u00e9 en <strong data-start=\"313\" data-end=\"342\">dentelle d\u00e9licate mais r\u00e9sistante<\/strong>, il est pens\u00e9 pour vous offrir confort, l\u00e9g\u00e8ret\u00e9 et une \u00e9l\u00e9gante fluidit\u00e9 qui accompagne chaque pas.  <\/p>\n<p data-start=\"462\" data-end=\"1007\">Le <strong data-start=\"465\" data-end=\"472\">haut<\/strong> est court mais ample avec des <strong data-start=\"511\" data-end=\"531\">manches courtes, <\/strong>offrant une couverture l\u00e9g\u00e8re et une coupe flatteuse et d\u00e9contract\u00e9e. Son design permet une libert\u00e9 totale de mouvement tout en mettant en valeur la silhouette sans la contraindre. La <strong data-start=\"686\" data-end=\"695\">jupe<\/strong> est droite avec une coupe asym\u00e9trique (plus courte devant, plus longue derri\u00e8re) qui allonge la silhouette et ajoute de la dynamique \u00e0 votre danse. Et pour votre tranquillit\u00e9, l\u2019ensemble comprend<strong data-start=\"892\" data-end=\"925\"> une bande assortie et un short<\/strong> int\u00e9rieur, pour danser en toute s\u00e9curit\u00e9 et confort.   <\/p>\n<p data-start=\"1009\" data-end=\"1215\">Chez <strong data-start=\"1012\" data-end=\"1031\">Neyla Dancewear, <\/strong>nous croyons que <strong data-start=\"1044\" data-end=\"1082\">la danse orientale est faite pour toutes<\/strong>, quel que soit l\u2019\u00e2ge, la morphologie ou l\u2019exp\u00e9rience. Nous voulons que chaque v\u00eatement vous fasse sentir unique, confiante et belle. <\/p>\n<p data-start=\"1217\" data-end=\"1494\">\u2705 Associez votre<strong data-start=\"1230\" data-end=\"1249\"> Ensemble Maissa <\/strong>avec nos accessoires pour un look inoubliable. D\u00e9couvrez notre s\u00e9lection de<a href=\"https:\/\/neylaropadedanza.es\/fr\/accessoires\/\"><strong data-start=\"1331\" data-end=\"1384\"> bijoux, ceintures strass et voiles en soie <\/strong><\/a>pour ajouter une touche d\u2019\u00e9clat et de personnalit\u00e9 \u00e0 votre tenue. <\/p>\n<p data-start=\"1496\" data-end=\"1880\">Tous les mod\u00e8les Neyla Dancewear sont soigneusement con\u00e7us \u00e0 Barcelone, avec des tissus de qualit\u00e9 et des finitions impeccables, pour vous offrir des v\u00eatements confortables, r\u00e9sistants et \u00e9l\u00e9gants \u00e0 prix abordable. Vous h\u00e9sitez sur la taille ou souhaitez quelque chose de plus personnalis\u00e9\u202f? <strong data-start=\"1766\" data-end=\"1781\">Contactez-nous <\/strong>\u2013 nous serons ravies de vous aider ou m\u00eame de cr\u00e9er la pi\u00e8ce unique qui vous ressemble\u202f! <\/p>\n<p data-start=\"1882\" data-end=\"2001\" data-is-last-node=\"\" data-is-only-node=\"\"><strong data-start=\"1882\" data-end=\"2001\" data-is-last-node=\"\">Osez la couleur, le style et la libert\u00e9 dans chaque mouvement. Avec Maissa, vos cours et r\u00e9p\u00e9titions seront plus lumineux et inspirants que jamais\u202f! <\/strong><\/p>\n","protected":false},"excerpt":{"rendered":"<p>INCLUT LES SHORTS !<\/p>\n<p><a href=\"https:\/\/neylaropadedanza.es\/fr\/guide-des-mesures\/\">Guide des Tailles<\/a><\/p>\n","protected":false},"featured_media":18382,"comment_status":"open","ping_status":"closed","template":"","meta":{"content-type":"","_monsterinsights_skip_tracking":false,"_monsterinsights_sitenote_active":false,"_monsterinsights_sitenote_note":"","_monsterinsights_sitenote_category":0,"_uf_show_specific_survey":0,"_uf_disable_surveys":false},"product_brand":[],"product_cat":[973,969],"product_tag":[1110,1104,1098,1289,1108,1307,1305],"class_list":{"0":"post-19037","1":"product","2":"type-product","3":"status-publish","4":"has-post-thumbnail","6":"product_cat-ensambles","7":"product_cat-vetements-dentrainement","8":"product_tag-corail","9":"product_tag-costume-de-danse-orientale","10":"product_tag-ensemble","11":"product_tag-rouge-corail","12":"product_tag-tenue-dentrainement","13":"product_tag-vetements-dentrainement","14":"product_tag-vetements-de-danse-du-ventre-fr","16":"first","17":"instock","18":"sale","19":"taxable","20":"shipping-taxable","21":"purchasable","22":"product-type-variable","23":"add-to-wishlist-after_add_to_cart"},"yoast_head":"<!-- This site is optimized with the Yoast SEO plugin v26.6 - https:\/\/yoast.com\/wordpress\/plugins\/seo\/ -->\n<title>Maissa - Neyla Dancewear - V\u00eatements de danse du ventre<\/title>\n<meta name=\"description\" content=\"Avec l\u2019ensemble Maissa vous allez vous r\u00e9galer ! Car il a une couleur corail vif id\u00e9ale, une dentelle diff\u00e9rente et confortable, une texture agr\u00e9able et il sied \u00e0 merveille !\" \/>\n<meta name=\"robots\" content=\"index, follow, max-snippet:-1, max-image-preview:large, max-video-preview:-1\" \/>\n<link rel=\"canonical\" href=\"https:\/\/neylaropadedanza.es\/fr\/product\/maissa\/\" \/>\n<meta property=\"og:locale\" content=\"fr_FR\" \/>\n<meta property=\"og:type\" content=\"article\" \/>\n<meta property=\"og:title\" content=\"Maissa - Neyla Dancewear - V\u00eatements de danse du ventre\" \/>\n<meta property=\"og:description\" content=\"Avec l\u2019ensemble Maissa vous allez vous r\u00e9galer ! Car il a une couleur corail vif id\u00e9ale, une dentelle diff\u00e9rente et confortable, une texture agr\u00e9able et il sied \u00e0 merveille !\" \/>\n<meta property=\"og:url\" content=\"https:\/\/neylaropadedanza.es\/fr\/product\/maissa\/\" \/>\n<meta property=\"og:site_name\" content=\"Neyla Dancewear\" \/>\n<meta property=\"article:publisher\" content=\"https:\/\/www.facebook.com\/neyladancewear\/\" \/>\n<meta property=\"article:modified_time\" content=\"2023-10-03T18:27:55+00:00\" \/>\n<meta property=\"og:image\" content=\"https:\/\/neylaropadedanza.com\/wp-content\/uploads\/2023\/10\/Ropa-de-Danza-del-Vientre-15.jpg\" \/>\n\t<meta property=\"og:image:width\" content=\"1244\" \/>\n\t<meta property=\"og:image:height\" content=\"1100\" \/>\n\t<meta property=\"og:image:type\" content=\"image\/jpeg\" \/>\n<meta name=\"twitter:card\" content=\"summary_large_image\" \/>\n<meta name=\"twitter:label1\" content=\"Dur\u00e9e de lecture estim\u00e9e\" \/>\n\t<meta name=\"twitter:data1\" content=\"2 minutes\" \/>\n<script type=\"application\/ld+json\" class=\"yoast-schema-graph\">{\"@context\":\"https:\/\/schema.org\",\"@graph\":[{\"@type\":\"WebPage\",\"@id\":\"https:\/\/neylaropadedanza.es\/fr\/product\/maissa\/\",\"url\":\"https:\/\/neylaropadedanza.es\/fr\/product\/maissa\/\",\"name\":\"Maissa - Neyla Dancewear - V\u00eatements de danse du ventre\",\"isPartOf\":{\"@id\":\"https:\/\/neylaropadedanza.com\/#website\"},\"primaryImageOfPage\":{\"@id\":\"https:\/\/neylaropadedanza.es\/fr\/product\/maissa\/#primaryimage\"},\"image\":{\"@id\":\"https:\/\/neylaropadedanza.es\/fr\/product\/maissa\/#primaryimage\"},\"thumbnailUrl\":\"https:\/\/neylaropadedanza.es\/wp-content\/uploads\/2023\/10\/Ropa-de-Danza-del-Vientre-15.jpg\",\"datePublished\":\"2023-10-03T16:27:55+00:00\",\"dateModified\":\"2023-10-03T18:27:55+00:00\",\"description\":\"Avec l\u2019ensemble Maissa vous allez vous r\u00e9galer ! Car il a une couleur corail vif id\u00e9ale, une dentelle diff\u00e9rente et confortable, une texture agr\u00e9able et il sied \u00e0 merveille !\",\"breadcrumb\":{\"@id\":\"https:\/\/neylaropadedanza.es\/fr\/product\/maissa\/#breadcrumb\"},\"inLanguage\":\"fr-FR\",\"potentialAction\":[{\"@type\":\"ReadAction\",\"target\":[\"https:\/\/neylaropadedanza.es\/fr\/product\/maissa\/\"]}]},{\"@type\":\"ImageObject\",\"inLanguage\":\"fr-FR\",\"@id\":\"https:\/\/neylaropadedanza.es\/fr\/product\/maissa\/#primaryimage\",\"url\":\"https:\/\/neylaropadedanza.es\/wp-content\/uploads\/2023\/10\/Ropa-de-Danza-del-Vientre-15.jpg\",\"contentUrl\":\"https:\/\/neylaropadedanza.es\/wp-content\/uploads\/2023\/10\/Ropa-de-Danza-del-Vientre-15.jpg\",\"width\":1244,\"height\":1100,\"caption\":\"Ensemble Maissa en dentelle corail pour danse orientale avec haut court et jupe asym\u00e9trique.\"},{\"@type\":\"BreadcrumbList\",\"@id\":\"https:\/\/neylaropadedanza.es\/fr\/product\/maissa\/#breadcrumb\",\"itemListElement\":[{\"@type\":\"ListItem\",\"position\":1,\"name\":\"Home\",\"item\":\"https:\/\/neylaropadedanza.es\/fr\/\"},{\"@type\":\"ListItem\",\"position\":2,\"name\":\"Produits\",\"item\":\"https:\/\/neylaropadedanza.es\/fr\/shop\/\"},{\"@type\":\"ListItem\",\"position\":3,\"name\":\"Maissa\"}]},{\"@type\":\"WebSite\",\"@id\":\"https:\/\/neylaropadedanza.com\/#website\",\"url\":\"https:\/\/neylaropadedanza.com\/\",\"name\":\"NeylaRopaDeDanza\",\"description\":\"Ropa de Danza del Vientre, danza oriental, trajes, ropa de ensayo y mucho m\u00e1s!\",\"publisher\":{\"@id\":\"https:\/\/neylaropadedanza.com\/#organization\"},\"potentialAction\":[{\"@type\":\"SearchAction\",\"target\":{\"@type\":\"EntryPoint\",\"urlTemplate\":\"https:\/\/neylaropadedanza.com\/?s={search_term_string}\"},\"query-input\":{\"@type\":\"PropertyValueSpecification\",\"valueRequired\":true,\"valueName\":\"search_term_string\"}}],\"inLanguage\":\"fr-FR\"},{\"@type\":\"Organization\",\"@id\":\"https:\/\/neylaropadedanza.com\/#organization\",\"name\":\"NeylaRopaDeDanza\",\"url\":\"https:\/\/neylaropadedanza.com\/\",\"logo\":{\"@type\":\"ImageObject\",\"inLanguage\":\"fr-FR\",\"@id\":\"https:\/\/neylaropadedanza.com\/#\/schema\/logo\/image\/\",\"url\":\"https:\/\/neylaropadedanza.es\/wp-content\/uploads\/2025\/04\/Neyla-Blanc.webp\",\"contentUrl\":\"https:\/\/neylaropadedanza.es\/wp-content\/uploads\/2025\/04\/Neyla-Blanc.webp\",\"width\":1970,\"height\":936,\"caption\":\"NeylaRopaDeDanza\"},\"image\":{\"@id\":\"https:\/\/neylaropadedanza.com\/#\/schema\/logo\/image\/\"},\"sameAs\":[\"https:\/\/www.facebook.com\/neyladancewear\/\",\"https:\/\/www.instagram.com\/neyladancewear\/\",\"https:\/\/www.youtube.com\/channel\/UCKlqrANcZD0QqKXzpy4taWA?view_as=subscriber\"]}]}<\/script>\n<!-- \/ Yoast SEO plugin. -->","yoast_head_json":{"title":"Maissa - Neyla Dancewear - V\u00eatements de danse du ventre","description":"Avec l\u2019ensemble Maissa vous allez vous r\u00e9galer ! Car il a une couleur corail vif id\u00e9ale, une dentelle diff\u00e9rente et confortable, une texture agr\u00e9able et il sied \u00e0 merveille !","robots":{"index":"index","follow":"follow","max-snippet":"max-snippet:-1","max-image-preview":"max-image-preview:large","max-video-preview":"max-video-preview:-1"},"canonical":"https:\/\/neylaropadedanza.es\/fr\/product\/maissa\/","og_locale":"fr_FR","og_type":"article","og_title":"Maissa - Neyla Dancewear - V\u00eatements de danse du ventre","og_description":"Avec l\u2019ensemble Maissa vous allez vous r\u00e9galer ! Car il a une couleur corail vif id\u00e9ale, une dentelle diff\u00e9rente et confortable, une texture agr\u00e9able et il sied \u00e0 merveille !","og_url":"https:\/\/neylaropadedanza.es\/fr\/product\/maissa\/","og_site_name":"Neyla Dancewear","article_publisher":"https:\/\/www.facebook.com\/neyladancewear\/","article_modified_time":"2023-10-03T18:27:55+00:00","og_image":[{"width":1244,"height":1100,"url":"https:\/\/neylaropadedanza.com\/wp-content\/uploads\/2023\/10\/Ropa-de-Danza-del-Vientre-15.jpg","type":"image\/jpeg"}],"twitter_card":"summary_large_image","twitter_misc":{"Dur\u00e9e de lecture estim\u00e9e":"2 minutes"},"schema":{"@context":"https:\/\/schema.org","@graph":[{"@type":"WebPage","@id":"https:\/\/neylaropadedanza.es\/fr\/product\/maissa\/","url":"https:\/\/neylaropadedanza.es\/fr\/product\/maissa\/","name":"Maissa - Neyla Dancewear - V\u00eatements de danse du ventre","isPartOf":{"@id":"https:\/\/neylaropadedanza.com\/#website"},"primaryImageOfPage":{"@id":"https:\/\/neylaropadedanza.es\/fr\/product\/maissa\/#primaryimage"},"image":{"@id":"https:\/\/neylaropadedanza.es\/fr\/product\/maissa\/#primaryimage"},"thumbnailUrl":"https:\/\/neylaropadedanza.es\/wp-content\/uploads\/2023\/10\/Ropa-de-Danza-del-Vientre-15.jpg","datePublished":"2023-10-03T16:27:55+00:00","dateModified":"2023-10-03T18:27:55+00:00","description":"Avec l\u2019ensemble Maissa vous allez vous r\u00e9galer ! Car il a une couleur corail vif id\u00e9ale, une dentelle diff\u00e9rente et confortable, une texture agr\u00e9able et il sied \u00e0 merveille !","breadcrumb":{"@id":"https:\/\/neylaropadedanza.es\/fr\/product\/maissa\/#breadcrumb"},"inLanguage":"fr-FR","potentialAction":[{"@type":"ReadAction","target":["https:\/\/neylaropadedanza.es\/fr\/product\/maissa\/"]}]},{"@type":"ImageObject","inLanguage":"fr-FR","@id":"https:\/\/neylaropadedanza.es\/fr\/product\/maissa\/#primaryimage","url":"https:\/\/neylaropadedanza.es\/wp-content\/uploads\/2023\/10\/Ropa-de-Danza-del-Vientre-15.jpg","contentUrl":"https:\/\/neylaropadedanza.es\/wp-content\/uploads\/2023\/10\/Ropa-de-Danza-del-Vientre-15.jpg","width":1244,"height":1100,"caption":"Ensemble Maissa en dentelle corail pour danse orientale avec haut court et jupe asym\u00e9trique."},{"@type":"BreadcrumbList","@id":"https:\/\/neylaropadedanza.es\/fr\/product\/maissa\/#breadcrumb","itemListElement":[{"@type":"ListItem","position":1,"name":"Home","item":"https:\/\/neylaropadedanza.es\/fr\/"},{"@type":"ListItem","position":2,"name":"Produits","item":"https:\/\/neylaropadedanza.es\/fr\/shop\/"},{"@type":"ListItem","position":3,"name":"Maissa"}]},{"@type":"WebSite","@id":"https:\/\/neylaropadedanza.com\/#website","url":"https:\/\/neylaropadedanza.com\/","name":"NeylaRopaDeDanza","description":"Ropa de Danza del Vientre, danza oriental, trajes, ropa de ensayo y mucho m\u00e1s!","publisher":{"@id":"https:\/\/neylaropadedanza.com\/#organization"},"potentialAction":[{"@type":"SearchAction","target":{"@type":"EntryPoint","urlTemplate":"https:\/\/neylaropadedanza.com\/?s={search_term_string}"},"query-input":{"@type":"PropertyValueSpecification","valueRequired":true,"valueName":"search_term_string"}}],"inLanguage":"fr-FR"},{"@type":"Organization","@id":"https:\/\/neylaropadedanza.com\/#organization","name":"NeylaRopaDeDanza","url":"https:\/\/neylaropadedanza.com\/","logo":{"@type":"ImageObject","inLanguage":"fr-FR","@id":"https:\/\/neylaropadedanza.com\/#\/schema\/logo\/image\/","url":"https:\/\/neylaropadedanza.es\/wp-content\/uploads\/2025\/04\/Neyla-Blanc.webp","contentUrl":"https:\/\/neylaropadedanza.es\/wp-content\/uploads\/2025\/04\/Neyla-Blanc.webp","width":1970,"height":936,"caption":"NeylaRopaDeDanza"},"image":{"@id":"https:\/\/neylaropadedanza.com\/#\/schema\/logo\/image\/"},"sameAs":["https:\/\/www.facebook.com\/neyladancewear\/","https:\/\/www.instagram.com\/neyladancewear\/","https:\/\/www.youtube.com\/channel\/UCKlqrANcZD0QqKXzpy4taWA?view_as=subscriber"]}]}},"_links":{"self":[{"href":"https:\/\/neylaropadedanza.es\/fr\/wp-json\/wp\/v2\/product\/19037","targetHints":{"allow":["GET"]}}],"collection":[{"href":"https:\/\/neylaropadedanza.es\/fr\/wp-json\/wp\/v2\/product"}],"about":[{"href":"https:\/\/neylaropadedanza.es\/fr\/wp-json\/wp\/v2\/types\/product"}],"replies":[{"embeddable":true,"href":"https:\/\/neylaropadedanza.es\/fr\/wp-json\/wp\/v2\/comments?post=19037"}],"version-history":[{"count":0,"href":"https:\/\/neylaropadedanza.es\/fr\/wp-json\/wp\/v2\/product\/19037\/revisions"}],"wp:featuredmedia":[{"embeddable":true,"href":"https:\/\/neylaropadedanza.es\/fr\/wp-json\/wp\/v2\/media\/18382"}],"wp:attachment":[{"href":"https:\/\/neylaropadedanza.es\/fr\/wp-json\/wp\/v2\/media?parent=19037"}],"wp:term":[{"taxonomy":"product_brand","embeddable":true,"href":"https:\/\/neylaropadedanza.es\/fr\/wp-json\/wp\/v2\/product_brand?post=19037"},{"taxonomy":"product_cat","embeddable":true,"href":"https:\/\/neylaropadedanza.es\/fr\/wp-json\/wp\/v2\/product_cat?post=19037"},{"taxonomy":"product_tag","embeddable":true,"href":"https:\/\/neylaropadedanza.es\/fr\/wp-json\/wp\/v2\/product_tag?post=19037"}],"curies":[{"name":"wp","href":"https:\/\/api.w.org\/{rel}","templated":true}]}}