{"id":19032,"date":"2023-10-03T18:50:29","date_gmt":"2023-10-03T18:50:29","guid":{"rendered":"https:\/\/neylaropadedanza.es\/product\/munira\/"},"modified":"2026-03-09T20:36:30","modified_gmt":"2026-03-09T20:36:30","slug":"munira","status":"publish","type":"product","link":"https:\/\/neylaropadedanza.es\/fr\/product\/munira\/","title":{"rendered":"Munira"},"content":{"rendered":"<h2 data-start=\"0\" data-end=\"83\"><strong data-start=\"0\" data-end=\"81\">\u2728 Ensemble Munira \u2013 Fra\u00eecheur et confort pour vos entra\u00eenements de danse orientale<\/strong><\/h2>\n<p data-start=\"85\" data-end=\"429\">D\u00e9couvrez la magie de l<strong data-start=\"108\" data-end=\"127\">\u2019Ensemble Munira\u202f<\/strong>! Con\u00e7u pour les danseuses qui recherchent confort, douceur et style, cet ensemble transformera vos s\u00e9ances de <strong data-start=\"246\" data-end=\"267\">danse orientale<\/strong> et vos r\u00e9p\u00e9titions. Fabriqu\u00e9 en <strong data-start=\"312\" data-end=\"353\">dentelle blanche d\u00e9licate et respirante<\/strong>, il offre un toucher agr\u00e9able et une fluidit\u00e9 qui sublime chaque mouvement. <\/p>\n<p data-start=\"431\" data-end=\"807\">Le <strong data-start=\"434\" data-end=\"441\">haut<\/strong> est court et ample, avec des manches courtes pour une libert\u00e9 totale de mouvement, parfait pour toutes les morphologies. La <strong data-start=\"548\" data-end=\"557\">jupe<\/strong> est droite avec une coupe plus courte sur le devant, ce qui allonge et met en valeur la silhouette tout en ajoutant du dynamisme \u00e0 vos pas. De plus, <strong data-start=\"704\" data-end=\"725\">des shorts int\u00e9rieurs<\/strong> sont inclus pour danser l\u2019esprit tranquille\u202f!  <\/p>\n<p data-start=\"809\" data-end=\"1121\">Parfait pour vos r\u00e9p\u00e9titions de <strong data-start=\"838\" data-end=\"859\">danse du ventre<\/strong>, tribal, fusions, bollywood ou tout autre style que vous souhaitez explorer. Chez Neyla Dancewear, nous croyons fermement que la <strong data-start=\"971\" data-end=\"997\">danse est pour toutes<\/strong>, peu importe l\u2019\u00e2ge, la morphologie, la couleur ou l\u2019origine. Osez vous sentir unique et \u00e0 l\u2019aise dans ce design f\u00e9minin et soigneusement travaill\u00e9.  <\/p>\n<p data-start=\"1123\" data-end=\"1331\">\u2705 Compl\u00e9tez votre look avec nos accessoires. D\u00e9couvrez notre section <a class=\"cursor-pointer\" href=\"https:\/\/neylaropadedanza.es\/fr\/accessoires\/\" target=\"_new\" rel=\"noopener\" data-start=\"1210\" data-end=\"1292\"><strong data-start=\"1211\" data-end=\"1249\">bijoux et ceintures strass\u00e9es pour briller <\/strong><\/a>encore plus \u00e0 chaque entra\u00eenement. <\/p>\n<p data-start=\"1333\" data-end=\"1558\">Chez <strong data-start=\"1336\" data-end=\"1355\">Neyla Dancewear<\/strong>, nous soignons chaque d\u00e9tail\u202f: tous nos produits sont con\u00e7us et confectionn\u00e9s \u00e0 Barcelone avec des mat\u00e9riaux de premi\u00e8re qualit\u00e9 \u00e0 des prix accessibles. Nous voulons que la danse soit un plaisir ouvert \u00e0 toutes. <\/p>\n<p data-start=\"1560\" data-end=\"1742\">Si vous avez besoin de conseils sur les tailles ou souhaitez un mod\u00e8le <strong data-start=\"1620\" data-end=\"1632\">sur mesure<\/strong>, contactez-nous. Nous sommes l\u00e0 pour cr\u00e9er avec vous la tenue parfaite pour exprimer votre art \u00e0 chaque mouvement\u202f! <\/p>\n","protected":false},"excerpt":{"rendered":"<p>INCLUT LES SHORTS !<\/p>\n<p><a href=\"https:\/\/neylaropadedanza.es\/fr\/guide-des-mesures\/\">Guide des Tailles<\/a><\/p>\n","protected":false},"featured_media":18386,"comment_status":"open","ping_status":"closed","template":"","meta":{"content-type":"","_monsterinsights_skip_tracking":false,"_monsterinsights_sitenote_active":false,"_monsterinsights_sitenote_note":"","_monsterinsights_sitenote_category":0,"_uf_show_specific_survey":0,"_uf_disable_surveys":false},"product_brand":[],"product_cat":[973,969],"product_tag":[1401,1104,1098,1289,1108,1307,1305],"class_list":{"0":"post-19032","1":"product","2":"type-product","3":"status-publish","4":"has-post-thumbnail","6":"product_cat-ensambles","7":"product_cat-vetements-dentrainement","8":"product_tag-blanc","9":"product_tag-costume-de-danse-orientale","10":"product_tag-ensemble","11":"product_tag-rouge-corail","12":"product_tag-tenue-dentrainement","13":"product_tag-vetements-dentrainement","14":"product_tag-vetements-de-danse-du-ventre-fr","15":"product_shipping_class-standard-fr","17":"first","18":"instock","19":"sale","20":"taxable","21":"shipping-taxable","22":"purchasable","23":"product-type-variable","24":"add-to-wishlist-after_add_to_cart"},"yoast_head":"<!-- This site is optimized with the Yoast SEO plugin v26.6 - https:\/\/yoast.com\/wordpress\/plugins\/seo\/ -->\n<title>Munira - Neyla Dancewear - V\u00eatements de danse du ventre<\/title>\n<meta name=\"description\" content=\"Avec l\u2019ensemble Munira, vous allez vous r\u00e9galer ! Car il a une couleur corail vif id\u00e9ale, une dentelle diff\u00e9rente et confortable, une texture agr\u00e9able et il sied \u00e0 merveille !\" \/>\n<meta name=\"robots\" content=\"index, follow, max-snippet:-1, max-image-preview:large, max-video-preview:-1\" \/>\n<link rel=\"canonical\" href=\"https:\/\/neylaropadedanza.es\/fr\/product\/munira\/\" \/>\n<meta property=\"og:locale\" content=\"fr_FR\" \/>\n<meta property=\"og:type\" content=\"article\" \/>\n<meta property=\"og:title\" content=\"Munira - Neyla Dancewear - V\u00eatements de danse du ventre\" \/>\n<meta property=\"og:description\" content=\"Avec l\u2019ensemble Munira, vous allez vous r\u00e9galer ! Car il a une couleur corail vif id\u00e9ale, une dentelle diff\u00e9rente et confortable, une texture agr\u00e9able et il sied \u00e0 merveille !\" \/>\n<meta property=\"og:url\" content=\"https:\/\/neylaropadedanza.es\/fr\/product\/munira\/\" \/>\n<meta property=\"og:site_name\" content=\"Neyla Dancewear\" \/>\n<meta property=\"article:publisher\" content=\"https:\/\/www.facebook.com\/neyladancewear\/\" \/>\n<meta property=\"article:modified_time\" content=\"2026-03-09T20:36:30+00:00\" \/>\n<meta property=\"og:image\" content=\"https:\/\/neylaropadedanza.com\/wp-content\/uploads\/2023\/10\/Ropa-de-Danza-del-Vientre-9.jpg\" \/>\n\t<meta property=\"og:image:width\" content=\"1094\" \/>\n\t<meta property=\"og:image:height\" content=\"1100\" \/>\n\t<meta property=\"og:image:type\" content=\"image\/jpeg\" \/>\n<meta name=\"twitter:card\" content=\"summary_large_image\" \/>\n<meta name=\"twitter:label1\" content=\"Dur\u00e9e de lecture estim\u00e9e\" \/>\n\t<meta name=\"twitter:data1\" content=\"1 minute\" \/>\n<script type=\"application\/ld+json\" class=\"yoast-schema-graph\">{\"@context\":\"https:\/\/schema.org\",\"@graph\":[{\"@type\":\"WebPage\",\"@id\":\"https:\/\/neylaropadedanza.es\/fr\/product\/munira\/\",\"url\":\"https:\/\/neylaropadedanza.es\/fr\/product\/munira\/\",\"name\":\"Munira - Neyla Dancewear - V\u00eatements de danse du ventre\",\"isPartOf\":{\"@id\":\"https:\/\/neylaropadedanza.com\/#website\"},\"primaryImageOfPage\":{\"@id\":\"https:\/\/neylaropadedanza.es\/fr\/product\/munira\/#primaryimage\"},\"image\":{\"@id\":\"https:\/\/neylaropadedanza.es\/fr\/product\/munira\/#primaryimage\"},\"thumbnailUrl\":\"https:\/\/neylaropadedanza.es\/wp-content\/uploads\/2023\/10\/Ropa-de-Danza-del-Vientre-9.jpg\",\"datePublished\":\"2023-10-03T18:50:29+00:00\",\"dateModified\":\"2026-03-09T20:36:30+00:00\",\"description\":\"Avec l\u2019ensemble Munira, vous allez vous r\u00e9galer ! Car il a une couleur corail vif id\u00e9ale, une dentelle diff\u00e9rente et confortable, une texture agr\u00e9able et il sied \u00e0 merveille !\",\"breadcrumb\":{\"@id\":\"https:\/\/neylaropadedanza.es\/fr\/product\/munira\/#breadcrumb\"},\"inLanguage\":\"fr-FR\",\"potentialAction\":[{\"@type\":\"ReadAction\",\"target\":[\"https:\/\/neylaropadedanza.es\/fr\/product\/munira\/\"]}]},{\"@type\":\"ImageObject\",\"inLanguage\":\"fr-FR\",\"@id\":\"https:\/\/neylaropadedanza.es\/fr\/product\/munira\/#primaryimage\",\"url\":\"https:\/\/neylaropadedanza.es\/wp-content\/uploads\/2023\/10\/Ropa-de-Danza-del-Vientre-9.jpg\",\"contentUrl\":\"https:\/\/neylaropadedanza.es\/wp-content\/uploads\/2023\/10\/Ropa-de-Danza-del-Vientre-9.jpg\",\"width\":1094,\"height\":1100,\"caption\":\"Ensemble Munira de danse orientale en dentelle blanche avec top court et jupe asym\u00e9trique.\"},{\"@type\":\"BreadcrumbList\",\"@id\":\"https:\/\/neylaropadedanza.es\/fr\/product\/munira\/#breadcrumb\",\"itemListElement\":[{\"@type\":\"ListItem\",\"position\":1,\"name\":\"Home\",\"item\":\"https:\/\/neylaropadedanza.es\/fr\/\"},{\"@type\":\"ListItem\",\"position\":2,\"name\":\"Produits\",\"item\":\"https:\/\/neylaropadedanza.es\/fr\/shop\/\"},{\"@type\":\"ListItem\",\"position\":3,\"name\":\"Munira\"}]},{\"@type\":\"WebSite\",\"@id\":\"https:\/\/neylaropadedanza.com\/#website\",\"url\":\"https:\/\/neylaropadedanza.com\/\",\"name\":\"NeylaRopaDeDanza\",\"description\":\"Ropa de Danza del Vientre, danza oriental, trajes, ropa de ensayo y mucho m\u00e1s!\",\"publisher\":{\"@id\":\"https:\/\/neylaropadedanza.com\/#organization\"},\"potentialAction\":[{\"@type\":\"SearchAction\",\"target\":{\"@type\":\"EntryPoint\",\"urlTemplate\":\"https:\/\/neylaropadedanza.com\/?s={search_term_string}\"},\"query-input\":{\"@type\":\"PropertyValueSpecification\",\"valueRequired\":true,\"valueName\":\"search_term_string\"}}],\"inLanguage\":\"fr-FR\"},{\"@type\":\"Organization\",\"@id\":\"https:\/\/neylaropadedanza.com\/#organization\",\"name\":\"NeylaRopaDeDanza\",\"url\":\"https:\/\/neylaropadedanza.com\/\",\"logo\":{\"@type\":\"ImageObject\",\"inLanguage\":\"fr-FR\",\"@id\":\"https:\/\/neylaropadedanza.com\/#\/schema\/logo\/image\/\",\"url\":\"https:\/\/neylaropadedanza.es\/wp-content\/uploads\/2025\/04\/Neyla-Blanc.webp\",\"contentUrl\":\"https:\/\/neylaropadedanza.es\/wp-content\/uploads\/2025\/04\/Neyla-Blanc.webp\",\"width\":1970,\"height\":936,\"caption\":\"NeylaRopaDeDanza\"},\"image\":{\"@id\":\"https:\/\/neylaropadedanza.com\/#\/schema\/logo\/image\/\"},\"sameAs\":[\"https:\/\/www.facebook.com\/neyladancewear\/\",\"https:\/\/www.instagram.com\/neyladancewear\/\",\"https:\/\/www.youtube.com\/channel\/UCKlqrANcZD0QqKXzpy4taWA?view_as=subscriber\"]}]}<\/script>\n<!-- \/ Yoast SEO plugin. -->","yoast_head_json":{"title":"Munira - Neyla Dancewear - V\u00eatements de danse du ventre","description":"Avec l\u2019ensemble Munira, vous allez vous r\u00e9galer ! Car il a une couleur corail vif id\u00e9ale, une dentelle diff\u00e9rente et confortable, une texture agr\u00e9able et il sied \u00e0 merveille !","robots":{"index":"index","follow":"follow","max-snippet":"max-snippet:-1","max-image-preview":"max-image-preview:large","max-video-preview":"max-video-preview:-1"},"canonical":"https:\/\/neylaropadedanza.es\/fr\/product\/munira\/","og_locale":"fr_FR","og_type":"article","og_title":"Munira - Neyla Dancewear - V\u00eatements de danse du ventre","og_description":"Avec l\u2019ensemble Munira, vous allez vous r\u00e9galer ! Car il a une couleur corail vif id\u00e9ale, une dentelle diff\u00e9rente et confortable, une texture agr\u00e9able et il sied \u00e0 merveille !","og_url":"https:\/\/neylaropadedanza.es\/fr\/product\/munira\/","og_site_name":"Neyla Dancewear","article_publisher":"https:\/\/www.facebook.com\/neyladancewear\/","article_modified_time":"2026-03-09T20:36:30+00:00","og_image":[{"width":1094,"height":1100,"url":"https:\/\/neylaropadedanza.com\/wp-content\/uploads\/2023\/10\/Ropa-de-Danza-del-Vientre-9.jpg","type":"image\/jpeg"}],"twitter_card":"summary_large_image","twitter_misc":{"Dur\u00e9e de lecture estim\u00e9e":"1 minute"},"schema":{"@context":"https:\/\/schema.org","@graph":[{"@type":"WebPage","@id":"https:\/\/neylaropadedanza.es\/fr\/product\/munira\/","url":"https:\/\/neylaropadedanza.es\/fr\/product\/munira\/","name":"Munira - Neyla Dancewear - V\u00eatements de danse du ventre","isPartOf":{"@id":"https:\/\/neylaropadedanza.com\/#website"},"primaryImageOfPage":{"@id":"https:\/\/neylaropadedanza.es\/fr\/product\/munira\/#primaryimage"},"image":{"@id":"https:\/\/neylaropadedanza.es\/fr\/product\/munira\/#primaryimage"},"thumbnailUrl":"https:\/\/neylaropadedanza.es\/wp-content\/uploads\/2023\/10\/Ropa-de-Danza-del-Vientre-9.jpg","datePublished":"2023-10-03T18:50:29+00:00","dateModified":"2026-03-09T20:36:30+00:00","description":"Avec l\u2019ensemble Munira, vous allez vous r\u00e9galer ! Car il a une couleur corail vif id\u00e9ale, une dentelle diff\u00e9rente et confortable, une texture agr\u00e9able et il sied \u00e0 merveille !","breadcrumb":{"@id":"https:\/\/neylaropadedanza.es\/fr\/product\/munira\/#breadcrumb"},"inLanguage":"fr-FR","potentialAction":[{"@type":"ReadAction","target":["https:\/\/neylaropadedanza.es\/fr\/product\/munira\/"]}]},{"@type":"ImageObject","inLanguage":"fr-FR","@id":"https:\/\/neylaropadedanza.es\/fr\/product\/munira\/#primaryimage","url":"https:\/\/neylaropadedanza.es\/wp-content\/uploads\/2023\/10\/Ropa-de-Danza-del-Vientre-9.jpg","contentUrl":"https:\/\/neylaropadedanza.es\/wp-content\/uploads\/2023\/10\/Ropa-de-Danza-del-Vientre-9.jpg","width":1094,"height":1100,"caption":"Ensemble Munira de danse orientale en dentelle blanche avec top court et jupe asym\u00e9trique."},{"@type":"BreadcrumbList","@id":"https:\/\/neylaropadedanza.es\/fr\/product\/munira\/#breadcrumb","itemListElement":[{"@type":"ListItem","position":1,"name":"Home","item":"https:\/\/neylaropadedanza.es\/fr\/"},{"@type":"ListItem","position":2,"name":"Produits","item":"https:\/\/neylaropadedanza.es\/fr\/shop\/"},{"@type":"ListItem","position":3,"name":"Munira"}]},{"@type":"WebSite","@id":"https:\/\/neylaropadedanza.com\/#website","url":"https:\/\/neylaropadedanza.com\/","name":"NeylaRopaDeDanza","description":"Ropa de Danza del Vientre, danza oriental, trajes, ropa de ensayo y mucho m\u00e1s!","publisher":{"@id":"https:\/\/neylaropadedanza.com\/#organization"},"potentialAction":[{"@type":"SearchAction","target":{"@type":"EntryPoint","urlTemplate":"https:\/\/neylaropadedanza.com\/?s={search_term_string}"},"query-input":{"@type":"PropertyValueSpecification","valueRequired":true,"valueName":"search_term_string"}}],"inLanguage":"fr-FR"},{"@type":"Organization","@id":"https:\/\/neylaropadedanza.com\/#organization","name":"NeylaRopaDeDanza","url":"https:\/\/neylaropadedanza.com\/","logo":{"@type":"ImageObject","inLanguage":"fr-FR","@id":"https:\/\/neylaropadedanza.com\/#\/schema\/logo\/image\/","url":"https:\/\/neylaropadedanza.es\/wp-content\/uploads\/2025\/04\/Neyla-Blanc.webp","contentUrl":"https:\/\/neylaropadedanza.es\/wp-content\/uploads\/2025\/04\/Neyla-Blanc.webp","width":1970,"height":936,"caption":"NeylaRopaDeDanza"},"image":{"@id":"https:\/\/neylaropadedanza.com\/#\/schema\/logo\/image\/"},"sameAs":["https:\/\/www.facebook.com\/neyladancewear\/","https:\/\/www.instagram.com\/neyladancewear\/","https:\/\/www.youtube.com\/channel\/UCKlqrANcZD0QqKXzpy4taWA?view_as=subscriber"]}]}},"_links":{"self":[{"href":"https:\/\/neylaropadedanza.es\/fr\/wp-json\/wp\/v2\/product\/19032","targetHints":{"allow":["GET"]}}],"collection":[{"href":"https:\/\/neylaropadedanza.es\/fr\/wp-json\/wp\/v2\/product"}],"about":[{"href":"https:\/\/neylaropadedanza.es\/fr\/wp-json\/wp\/v2\/types\/product"}],"replies":[{"embeddable":true,"href":"https:\/\/neylaropadedanza.es\/fr\/wp-json\/wp\/v2\/comments?post=19032"}],"version-history":[{"count":0,"href":"https:\/\/neylaropadedanza.es\/fr\/wp-json\/wp\/v2\/product\/19032\/revisions"}],"wp:featuredmedia":[{"embeddable":true,"href":"https:\/\/neylaropadedanza.es\/fr\/wp-json\/wp\/v2\/media\/18386"}],"wp:attachment":[{"href":"https:\/\/neylaropadedanza.es\/fr\/wp-json\/wp\/v2\/media?parent=19032"}],"wp:term":[{"taxonomy":"product_brand","embeddable":true,"href":"https:\/\/neylaropadedanza.es\/fr\/wp-json\/wp\/v2\/product_brand?post=19032"},{"taxonomy":"product_cat","embeddable":true,"href":"https:\/\/neylaropadedanza.es\/fr\/wp-json\/wp\/v2\/product_cat?post=19032"},{"taxonomy":"product_tag","embeddable":true,"href":"https:\/\/neylaropadedanza.es\/fr\/wp-json\/wp\/v2\/product_tag?post=19032"}],"curies":[{"name":"wp","href":"https:\/\/api.w.org\/{rel}","templated":true}]}}