{"id":19012,"date":"2023-12-01T18:35:10","date_gmt":"2023-12-01T18:35:10","guid":{"rendered":"https:\/\/neylaropadedanza.es\/product\/aya\/"},"modified":"2023-12-01T18:35:10","modified_gmt":"2023-12-01T18:35:10","slug":"aya","status":"publish","type":"product","link":"https:\/\/neylaropadedanza.es\/fr\/product\/aya\/","title":{"rendered":"Aya"},"content":{"rendered":"<h2 data-start=\"0\" data-end=\"73\"><strong data-start=\"0\" data-end=\"71\">\ud83c\udf3a Robe Aya \u2013 Couleur, Art et Personnalit\u00e9 \u00e0 Chaque Mouvement ! \ud83c\udf3a<\/strong><\/h2>\n<p data-start=\"75\" data-end=\"388\">La <strong data-start=\"78\" data-end=\"93\">Robe Aya <\/strong>est une v\u00e9ritable d\u00e9claration de style pour les danseuses qui aiment se d\u00e9marquer. Ce design unique combine \u00e9l\u00e9gance et audace avec une touche fra\u00eeche et originale qui transformera vos cours de <strong data-start=\"280\" data-end=\"301\">danse orientale<\/strong>, <strong data-start=\"303\" data-end=\"321\">danse du ventre <\/strong>ou fusions modernes en un v\u00e9ritable spectacle color\u00e9 et artistique. <\/p>\n<p data-start=\"390\" data-end=\"783\">Son tissu imprim\u00e9 dans des tons rouges, gris et bleus, avec des motifs floraux et des d\u00e9tails g\u00e9om\u00e9triques, est enrichi de strass incrust\u00e9s pour une touche d&rsquo;\u00e9clat et de sophistication \u00e0 chaque tour et ondulation. L\u2019encolure asym\u00e9trique met en valeur le buste avec sensualit\u00e9 et \u00e9l\u00e9gance : une \u00e9paule d\u00e9couverte et une manche longue pour un contraste th\u00e9\u00e2tral et flatteur. <\/p>\n<p data-start=\"785\" data-end=\"1120\">Le ventre d\u00e9couvert accentue votre technique, tandis que la jupe longue avec fente lat\u00e9rale vous offre une totale libert\u00e9 de mouvement, ajoutant un effet fluide et enveloppant. Le tissu \u00e9lastique et confortable s&rsquo;adapte parfaitement \u00e0 toutes les morphologies pour que vous vous sentiez confiante, f\u00e9minine et pleine d&rsquo;\u00e9nergie. <\/p>\n<p data-start=\"1122\" data-end=\"1447\">Chez <strong data-start=\"1125\" data-end=\"1144\">Neyla Dancewear<\/strong>, nous soignons chaque d\u00e9tail : tous nos produits sont con\u00e7us pour offrir qualit\u00e9 et style \u00e0 des prix comp\u00e9titifs. Nous s\u00e9lectionnons soigneusement nos mat\u00e9riaux pour garantir durabilit\u00e9, confort et beaut\u00e9 \u00e0 chaque cr\u00e9ation. Et nous sommes fiers de concevoir et fabriquer en Espagne, soutenant l&rsquo;artisanat local.  <\/p>\n<p data-start=\"1449\" data-end=\"1670\">\u2728 Vous souhaitez compl\u00e9ter votre look ? Dans notre<a class=\"cursor-pointer\" href=\"https:\/\/neylaropadedanza.es\/fr\/accessoires\/\" target=\"_new\" rel=\"noopener\" data-start=\"1494\" data-end=\"1559\"> section accessoires<\/a>, vous trouverez des voiles en soie, des bijoux, des ceintures orn\u00e9es de strass et bien plus pour sublimer votre tenue. <\/p>\n<p data-start=\"1672\" data-end=\"1903\">Et si vous r\u00eavez d&rsquo;un mod\u00e8le encore plus personnel, sachez que nous pouvons cr\u00e9er des designs sur mesure rien que pour vous : votre <strong data-start=\"1766\" data-end=\"1794\">justaucorps, ensemble ou jupe,<\/strong> unique et exclusivement pour vous. Contactez-nous et parlons de votre id\u00e9e. Chez Neyla Dancewear, la danse est pour toutes !  <\/p>\n<p>&nbsp;<\/p>\n","protected":false},"excerpt":{"rendered":"<p><a href=\"https:\/\/neylaropadedanza.es\/fr\/guide-des-mesures\/\">Guide des Tailles<\/a><\/p>\n","protected":false},"featured_media":18430,"comment_status":"open","ping_status":"closed","template":"","meta":{"content-type":"","_monsterinsights_skip_tracking":false,"_monsterinsights_sitenote_active":false,"_monsterinsights_sitenote_note":"","_monsterinsights_sitenote_category":0,"_uf_show_specific_survey":0,"_uf_disable_surveys":false},"product_brand":[],"product_cat":[981,969],"product_tag":[1114,1403,1152,1202,1391,1397,1313,1287,1297,1305],"class_list":{"0":"post-19012","1":"product","2":"type-product","3":"status-publish","4":"has-post-thumbnail","6":"product_cat-robes","7":"product_cat-vetements-dentrainement","8":"product_tag-danse","9":"product_tag-danse-orientale","10":"product_tag-entrainement","11":"product_tag-grenat","12":"product_tag-robe","13":"product_tag-robe-dentrainement","14":"product_tag-roses-fr","15":"product_tag-rouge","16":"product_tag-vetements-de-danse","17":"product_tag-vetements-de-danse-du-ventre-fr","18":"product_shipping_class-standard-fr","20":"first","21":"instock","22":"sale","23":"taxable","24":"shipping-taxable","25":"purchasable","26":"product-type-variable","27":"add-to-wishlist-after_add_to_cart"},"yoast_head":"<!-- This site is optimized with the Yoast SEO plugin v27.4 - https:\/\/yoast.com\/product\/yoast-seo-wordpress\/ -->\n<title>Aya - Neyla Dancewear - V\u00eatements de danse du ventre<\/title>\n<meta name=\"description\" content=\"La Robe Aya deviendra votre pr\u00e9f\u00e9r\u00e9e !! La Robe Aya est audacieuse ! Amusante, color\u00e9e, unique, flatteuse et avec une touche de fra\u00eecheur !\" \/>\n<meta name=\"robots\" content=\"index, follow, max-snippet:-1, max-image-preview:large, max-video-preview:-1\" \/>\n<link rel=\"canonical\" href=\"https:\/\/neylaropadedanza.es\/fr\/product\/aya\/\" \/>\n<meta property=\"og:locale\" content=\"fr_FR\" \/>\n<meta property=\"og:type\" content=\"article\" \/>\n<meta property=\"og:title\" content=\"Aya - Neyla Dancewear - V\u00eatements de danse du ventre\" \/>\n<meta property=\"og:description\" content=\"La Robe Aya deviendra votre pr\u00e9f\u00e9r\u00e9e !! La Robe Aya est audacieuse ! Amusante, color\u00e9e, unique, flatteuse et avec une touche de fra\u00eecheur !\" \/>\n<meta property=\"og:url\" content=\"https:\/\/neylaropadedanza.es\/fr\/product\/aya\/\" \/>\n<meta property=\"og:site_name\" content=\"Neyla Dancewear\" \/>\n<meta property=\"article:publisher\" content=\"https:\/\/www.facebook.com\/neyladancewear\/\" \/>\n<meta property=\"og:image\" content=\"https:\/\/neylaropadedanza.com\/wp-content\/uploads\/2023\/12\/Ropa-de-Danza-del-Vientre-46.jpg\" \/>\n\t<meta property=\"og:image:width\" content=\"1192\" \/>\n\t<meta property=\"og:image:height\" content=\"1100\" \/>\n\t<meta property=\"og:image:type\" content=\"image\/jpeg\" \/>\n<meta name=\"twitter:card\" content=\"summary_large_image\" \/>\n<meta name=\"twitter:label1\" content=\"Dur\u00e9e de lecture estim\u00e9e\" \/>\n\t<meta name=\"twitter:data1\" content=\"2 minutes\" \/>\n<script type=\"application\/ld+json\" class=\"yoast-schema-graph\">{\"@context\":\"https:\\\/\\\/schema.org\",\"@graph\":[{\"@type\":\"WebPage\",\"@id\":\"https:\\\/\\\/neylaropadedanza.es\\\/fr\\\/product\\\/aya\\\/\",\"url\":\"https:\\\/\\\/neylaropadedanza.es\\\/fr\\\/product\\\/aya\\\/\",\"name\":\"Aya - Neyla Dancewear - V\u00eatements de danse du ventre\",\"isPartOf\":{\"@id\":\"https:\\\/\\\/neylaropadedanza.com\\\/#website\"},\"primaryImageOfPage\":{\"@id\":\"https:\\\/\\\/neylaropadedanza.es\\\/fr\\\/product\\\/aya\\\/#primaryimage\"},\"image\":{\"@id\":\"https:\\\/\\\/neylaropadedanza.es\\\/fr\\\/product\\\/aya\\\/#primaryimage\"},\"thumbnailUrl\":\"https:\\\/\\\/neylaropadedanza.es\\\/wp-content\\\/uploads\\\/2023\\\/12\\\/Ropa-de-Danza-del-Vientre-46.jpg\",\"datePublished\":\"2023-12-01T18:35:10+00:00\",\"description\":\"La Robe Aya deviendra votre pr\u00e9f\u00e9r\u00e9e !! La Robe Aya est audacieuse ! Amusante, color\u00e9e, unique, flatteuse et avec une touche de fra\u00eecheur !\",\"breadcrumb\":{\"@id\":\"https:\\\/\\\/neylaropadedanza.es\\\/fr\\\/product\\\/aya\\\/#breadcrumb\"},\"inLanguage\":\"fr-FR\",\"potentialAction\":[{\"@type\":\"ReadAction\",\"target\":[\"https:\\\/\\\/neylaropadedanza.es\\\/fr\\\/product\\\/aya\\\/\"]}]},{\"@type\":\"ImageObject\",\"inLanguage\":\"fr-FR\",\"@id\":\"https:\\\/\\\/neylaropadedanza.es\\\/fr\\\/product\\\/aya\\\/#primaryimage\",\"url\":\"https:\\\/\\\/neylaropadedanza.es\\\/wp-content\\\/uploads\\\/2023\\\/12\\\/Ropa-de-Danza-del-Vientre-46.jpg\",\"contentUrl\":\"https:\\\/\\\/neylaropadedanza.es\\\/wp-content\\\/uploads\\\/2023\\\/12\\\/Ropa-de-Danza-del-Vientre-46.jpg\",\"width\":1192,\"height\":1100,\"caption\":\"Robe Aya imprim\u00e9e multicolore avec encolure asym\u00e9trique et fente lat\u00e9rale pour la danse orientale.\"},{\"@type\":\"BreadcrumbList\",\"@id\":\"https:\\\/\\\/neylaropadedanza.es\\\/fr\\\/product\\\/aya\\\/#breadcrumb\",\"itemListElement\":[{\"@type\":\"ListItem\",\"position\":1,\"name\":\"Home\",\"item\":\"https:\\\/\\\/neylaropadedanza.es\\\/fr\\\/\"},{\"@type\":\"ListItem\",\"position\":2,\"name\":\"Produits\",\"item\":\"https:\\\/\\\/neylaropadedanza.es\\\/fr\\\/shop\\\/\"},{\"@type\":\"ListItem\",\"position\":3,\"name\":\"Aya\"}]},{\"@type\":\"WebSite\",\"@id\":\"https:\\\/\\\/neylaropadedanza.com\\\/#website\",\"url\":\"https:\\\/\\\/neylaropadedanza.com\\\/\",\"name\":\"NeylaRopaDeDanza\",\"description\":\"Ropa de Danza del Vientre, danza oriental, trajes, ropa de ensayo y mucho m\u00e1s!\",\"publisher\":{\"@id\":\"https:\\\/\\\/neylaropadedanza.com\\\/#organization\"},\"potentialAction\":[{\"@type\":\"SearchAction\",\"target\":{\"@type\":\"EntryPoint\",\"urlTemplate\":\"https:\\\/\\\/neylaropadedanza.com\\\/?s={search_term_string}\"},\"query-input\":{\"@type\":\"PropertyValueSpecification\",\"valueRequired\":true,\"valueName\":\"search_term_string\"}}],\"inLanguage\":\"fr-FR\"},{\"@type\":\"Organization\",\"@id\":\"https:\\\/\\\/neylaropadedanza.com\\\/#organization\",\"name\":\"NeylaRopaDeDanza\",\"url\":\"https:\\\/\\\/neylaropadedanza.com\\\/\",\"logo\":{\"@type\":\"ImageObject\",\"inLanguage\":\"fr-FR\",\"@id\":\"https:\\\/\\\/neylaropadedanza.com\\\/#\\\/schema\\\/logo\\\/image\\\/\",\"url\":\"https:\\\/\\\/neylaropadedanza.es\\\/wp-content\\\/uploads\\\/2025\\\/04\\\/Neyla-Blanc.webp\",\"contentUrl\":\"https:\\\/\\\/neylaropadedanza.es\\\/wp-content\\\/uploads\\\/2025\\\/04\\\/Neyla-Blanc.webp\",\"width\":1970,\"height\":936,\"caption\":\"NeylaRopaDeDanza\"},\"image\":{\"@id\":\"https:\\\/\\\/neylaropadedanza.com\\\/#\\\/schema\\\/logo\\\/image\\\/\"},\"sameAs\":[\"https:\\\/\\\/www.facebook.com\\\/neyladancewear\\\/\",\"https:\\\/\\\/www.instagram.com\\\/neyladancewear\\\/\",\"https:\\\/\\\/www.youtube.com\\\/channel\\\/UCKlqrANcZD0QqKXzpy4taWA?view_as=subscriber\"]}]}<\/script>\n<!-- \/ Yoast SEO plugin. -->","yoast_head_json":{"title":"Aya - Neyla Dancewear - V\u00eatements de danse du ventre","description":"La Robe Aya deviendra votre pr\u00e9f\u00e9r\u00e9e !! La Robe Aya est audacieuse ! Amusante, color\u00e9e, unique, flatteuse et avec une touche de fra\u00eecheur !","robots":{"index":"index","follow":"follow","max-snippet":"max-snippet:-1","max-image-preview":"max-image-preview:large","max-video-preview":"max-video-preview:-1"},"canonical":"https:\/\/neylaropadedanza.es\/fr\/product\/aya\/","og_locale":"fr_FR","og_type":"article","og_title":"Aya - Neyla Dancewear - V\u00eatements de danse du ventre","og_description":"La Robe Aya deviendra votre pr\u00e9f\u00e9r\u00e9e !! La Robe Aya est audacieuse ! Amusante, color\u00e9e, unique, flatteuse et avec une touche de fra\u00eecheur !","og_url":"https:\/\/neylaropadedanza.es\/fr\/product\/aya\/","og_site_name":"Neyla Dancewear","article_publisher":"https:\/\/www.facebook.com\/neyladancewear\/","og_image":[{"width":1192,"height":1100,"url":"https:\/\/neylaropadedanza.com\/wp-content\/uploads\/2023\/12\/Ropa-de-Danza-del-Vientre-46.jpg","type":"image\/jpeg"}],"twitter_card":"summary_large_image","twitter_misc":{"Dur\u00e9e de lecture estim\u00e9e":"2 minutes"},"schema":{"@context":"https:\/\/schema.org","@graph":[{"@type":"WebPage","@id":"https:\/\/neylaropadedanza.es\/fr\/product\/aya\/","url":"https:\/\/neylaropadedanza.es\/fr\/product\/aya\/","name":"Aya - Neyla Dancewear - V\u00eatements de danse du ventre","isPartOf":{"@id":"https:\/\/neylaropadedanza.com\/#website"},"primaryImageOfPage":{"@id":"https:\/\/neylaropadedanza.es\/fr\/product\/aya\/#primaryimage"},"image":{"@id":"https:\/\/neylaropadedanza.es\/fr\/product\/aya\/#primaryimage"},"thumbnailUrl":"https:\/\/neylaropadedanza.es\/wp-content\/uploads\/2023\/12\/Ropa-de-Danza-del-Vientre-46.jpg","datePublished":"2023-12-01T18:35:10+00:00","description":"La Robe Aya deviendra votre pr\u00e9f\u00e9r\u00e9e !! La Robe Aya est audacieuse ! Amusante, color\u00e9e, unique, flatteuse et avec une touche de fra\u00eecheur !","breadcrumb":{"@id":"https:\/\/neylaropadedanza.es\/fr\/product\/aya\/#breadcrumb"},"inLanguage":"fr-FR","potentialAction":[{"@type":"ReadAction","target":["https:\/\/neylaropadedanza.es\/fr\/product\/aya\/"]}]},{"@type":"ImageObject","inLanguage":"fr-FR","@id":"https:\/\/neylaropadedanza.es\/fr\/product\/aya\/#primaryimage","url":"https:\/\/neylaropadedanza.es\/wp-content\/uploads\/2023\/12\/Ropa-de-Danza-del-Vientre-46.jpg","contentUrl":"https:\/\/neylaropadedanza.es\/wp-content\/uploads\/2023\/12\/Ropa-de-Danza-del-Vientre-46.jpg","width":1192,"height":1100,"caption":"Robe Aya imprim\u00e9e multicolore avec encolure asym\u00e9trique et fente lat\u00e9rale pour la danse orientale."},{"@type":"BreadcrumbList","@id":"https:\/\/neylaropadedanza.es\/fr\/product\/aya\/#breadcrumb","itemListElement":[{"@type":"ListItem","position":1,"name":"Home","item":"https:\/\/neylaropadedanza.es\/fr\/"},{"@type":"ListItem","position":2,"name":"Produits","item":"https:\/\/neylaropadedanza.es\/fr\/shop\/"},{"@type":"ListItem","position":3,"name":"Aya"}]},{"@type":"WebSite","@id":"https:\/\/neylaropadedanza.com\/#website","url":"https:\/\/neylaropadedanza.com\/","name":"NeylaRopaDeDanza","description":"Ropa de Danza del Vientre, danza oriental, trajes, ropa de ensayo y mucho m\u00e1s!","publisher":{"@id":"https:\/\/neylaropadedanza.com\/#organization"},"potentialAction":[{"@type":"SearchAction","target":{"@type":"EntryPoint","urlTemplate":"https:\/\/neylaropadedanza.com\/?s={search_term_string}"},"query-input":{"@type":"PropertyValueSpecification","valueRequired":true,"valueName":"search_term_string"}}],"inLanguage":"fr-FR"},{"@type":"Organization","@id":"https:\/\/neylaropadedanza.com\/#organization","name":"NeylaRopaDeDanza","url":"https:\/\/neylaropadedanza.com\/","logo":{"@type":"ImageObject","inLanguage":"fr-FR","@id":"https:\/\/neylaropadedanza.com\/#\/schema\/logo\/image\/","url":"https:\/\/neylaropadedanza.es\/wp-content\/uploads\/2025\/04\/Neyla-Blanc.webp","contentUrl":"https:\/\/neylaropadedanza.es\/wp-content\/uploads\/2025\/04\/Neyla-Blanc.webp","width":1970,"height":936,"caption":"NeylaRopaDeDanza"},"image":{"@id":"https:\/\/neylaropadedanza.com\/#\/schema\/logo\/image\/"},"sameAs":["https:\/\/www.facebook.com\/neyladancewear\/","https:\/\/www.instagram.com\/neyladancewear\/","https:\/\/www.youtube.com\/channel\/UCKlqrANcZD0QqKXzpy4taWA?view_as=subscriber"]}]}},"_links":{"self":[{"href":"https:\/\/neylaropadedanza.es\/fr\/wp-json\/wp\/v2\/product\/19012","targetHints":{"allow":["GET"]}}],"collection":[{"href":"https:\/\/neylaropadedanza.es\/fr\/wp-json\/wp\/v2\/product"}],"about":[{"href":"https:\/\/neylaropadedanza.es\/fr\/wp-json\/wp\/v2\/types\/product"}],"replies":[{"embeddable":true,"href":"https:\/\/neylaropadedanza.es\/fr\/wp-json\/wp\/v2\/comments?post=19012"}],"version-history":[{"count":0,"href":"https:\/\/neylaropadedanza.es\/fr\/wp-json\/wp\/v2\/product\/19012\/revisions"}],"wp:featuredmedia":[{"embeddable":true,"href":"https:\/\/neylaropadedanza.es\/fr\/wp-json\/wp\/v2\/media\/18430"}],"wp:attachment":[{"href":"https:\/\/neylaropadedanza.es\/fr\/wp-json\/wp\/v2\/media?parent=19012"}],"wp:term":[{"taxonomy":"product_brand","embeddable":true,"href":"https:\/\/neylaropadedanza.es\/fr\/wp-json\/wp\/v2\/product_brand?post=19012"},{"taxonomy":"product_cat","embeddable":true,"href":"https:\/\/neylaropadedanza.es\/fr\/wp-json\/wp\/v2\/product_cat?post=19012"},{"taxonomy":"product_tag","embeddable":true,"href":"https:\/\/neylaropadedanza.es\/fr\/wp-json\/wp\/v2\/product_tag?post=19012"}],"curies":[{"name":"wp","href":"https:\/\/api.w.org\/{rel}","templated":true}]}}