{"id":19000,"date":"2024-01-03T18:19:34","date_gmt":"2024-01-03T17:19:34","guid":{"rendered":"https:\/\/neylaropadedanza.es\/product\/fala\/"},"modified":"2024-01-03T18:19:34","modified_gmt":"2024-01-03T18:19:34","slug":"fala","status":"publish","type":"product","link":"https:\/\/neylaropadedanza.es\/fr\/product\/fala\/","title":{"rendered":"Fala"},"content":{"rendered":"<h2 data-start=\"191\" data-end=\"272\"><strong data-start=\"191\" data-end=\"272\">Jupe Fala \u2013 Mouvement, couleur et personnalit\u00e9 pour la danse orientale<\/strong><\/h2>\n<p data-start=\"274\" data-end=\"616\">Osez briller avec notre Jupe Fala \u00e0 chaque cours de danse orientale\u202f! Sa coupe longue avec deux fentes frontales audacieuses apporte une touche \u00e9l\u00e9gante et originale qui vous rendra unique. Sa couleur<strong data-start=\"482\" data-end=\"499\"> fuchsia fonc\u00e9<\/strong> sublime la silhouette et s\u2019associe facilement avec tops, bodys ou ceintures pour cr\u00e9er votre propre look de danseuse orientale.  <\/p>\n<p data-start=\"618\" data-end=\"952\">Chez Neyla Dancewear, nous croyons que la danse est un art pour toutes. C\u2019est pourquoi nous concevons et fabriquons chaque v\u00eatement avec soin \u00e0 Barcelone, en utilisant des mat\u00e9riaux de premi\u00e8re qualit\u00e9 pour vous offrir des tenues de danse du ventre et styles associ\u00e9s (danses orientales, tribal fusion, bollywood, etc.) qui s\u2019adaptent \u00e0 votre expression. <\/p>\n<p data-start=\"954\" data-end=\"1138\">\u2714 Jupe longue avec double fente frontale pour plus de mouvement et de style<br \/>\n\u2714 Tissu doux et extensible qui \u00e9pouse vos formes confortablement<br \/>\n\u2714 Parfaite pour l\u2019entra\u00eenement, les r\u00e9p\u00e9titions et les spectacles<\/p>\n<p data-start=\"1140\" data-end=\"1307\">\u2728 Associez-la facilement avec nos <strong data-start=\"1192\" data-end=\"1211\">combinaisons d&rsquo;entra\u00eenement <\/strong>pour un ensemble confortable et \u00e9l\u00e9gant \ud83d\udc49 <a class=\"\" href=\"https:\/\/neylaropadedanza.es\/fr\/combinaisons-dentrainement\/\" target=\"_new\" rel=\"noopener\" data-start=\"1254\" data-end=\"1307\">Cliquez ici<\/a><\/p>\n<p data-start=\"1309\" data-end=\"1455\">Et ne manquez pas notre section <strong data-start=\"1344\" data-end=\"1358\">accessoires<\/strong> : voiles en soie, ceintures strass, bijoux et bien plus pour compl\u00e9ter votre tenue orientale.<\/p>\n<p data-start=\"1457\" data-end=\"1612\">Chez Neyla Dancewear, nous vous aidons \u00e0 trouver la taille id\u00e9ale ou \u00e0 concevoir votre mod\u00e8le personnalis\u00e9. Contactez-nous et dansez votre plus belle version\u202f! <\/p>\n<p>&nbsp;<\/p>\n","protected":false},"excerpt":{"rendered":"<p><a href=\"https:\/\/neylaropadedanza.es\/fr\/guide-des-mesures\/\">Guide des Tailles<\/a><\/p>\n","protected":false},"featured_media":18458,"comment_status":"open","ping_status":"closed","template":"","meta":{"content-type":"","_monsterinsights_skip_tracking":false,"_monsterinsights_sitenote_active":false,"_monsterinsights_sitenote_note":"","_monsterinsights_sitenote_category":0,"_uf_show_specific_survey":0,"_uf_disable_surveys":false},"product_brand":[],"product_cat":[975,969],"product_tag":[1120,1403,1152,1194,1180,1170,1307,1305],"class_list":{"0":"post-19000","1":"product","2":"type-product","3":"status-publish","4":"has-post-thumbnail","6":"product_cat-jupes","7":"product_cat-vetements-dentrainement","8":"product_tag-danse-du-ventre","9":"product_tag-danse-orientale","10":"product_tag-entrainement","11":"product_tag-fuchsia-fr","12":"product_tag-jupe-fr","13":"product_tag-jupe-de-danse-du-ventre","14":"product_tag-vetements-dentrainement","15":"product_tag-vetements-de-danse-du-ventre-fr","16":"product_shipping_class-standard-fr","18":"first","19":"instock","20":"sale","21":"taxable","22":"shipping-taxable","23":"purchasable","24":"product-type-variable","25":"add-to-wishlist-after_add_to_cart"},"yoast_head":"<!-- This site is optimized with the Yoast SEO plugin v27.4 - https:\/\/yoast.com\/product\/yoast-seo-wordpress\/ -->\n<title>Fala - Neyla Dancewear - V\u00eatements de danse du ventre<\/title>\n<meta name=\"description\" content=\"Jupe Fala fuchsia fonc\u00e9 pour danse du ventre avec ouvertures frontales et taille large, vue de face et de dos sur fond blanc.\" \/>\n<meta name=\"robots\" content=\"index, follow, max-snippet:-1, max-image-preview:large, max-video-preview:-1\" \/>\n<link rel=\"canonical\" href=\"https:\/\/neylaropadedanza.es\/fr\/product\/fala\/\" \/>\n<meta property=\"og:locale\" content=\"fr_FR\" \/>\n<meta property=\"og:type\" content=\"article\" \/>\n<meta property=\"og:title\" content=\"Fala - Neyla Dancewear - V\u00eatements de danse du ventre\" \/>\n<meta property=\"og:description\" content=\"Jupe Fala fuchsia fonc\u00e9 pour danse du ventre avec ouvertures frontales et taille large, vue de face et de dos sur fond blanc.\" \/>\n<meta property=\"og:url\" content=\"https:\/\/neylaropadedanza.es\/fr\/product\/fala\/\" \/>\n<meta property=\"og:site_name\" content=\"Neyla Dancewear\" \/>\n<meta property=\"article:publisher\" content=\"https:\/\/www.facebook.com\/neyladancewear\/\" \/>\n<meta property=\"article:modified_time\" content=\"2024-01-03T18:19:34+00:00\" \/>\n<meta property=\"og:image\" content=\"https:\/\/neylaropadedanza.com\/wp-content\/uploads\/2024\/01\/Ropa-de-Danza-del-Vientre-60.jpg\" \/>\n\t<meta property=\"og:image:width\" content=\"1203\" \/>\n\t<meta property=\"og:image:height\" content=\"1100\" \/>\n\t<meta property=\"og:image:type\" content=\"image\/jpeg\" \/>\n<meta name=\"twitter:card\" content=\"summary_large_image\" \/>\n<meta name=\"twitter:label1\" content=\"Dur\u00e9e de lecture estim\u00e9e\" \/>\n\t<meta name=\"twitter:data1\" content=\"1 minute\" \/>\n<script type=\"application\/ld+json\" class=\"yoast-schema-graph\">{\"@context\":\"https:\\\/\\\/schema.org\",\"@graph\":[{\"@type\":\"WebPage\",\"@id\":\"https:\\\/\\\/neylaropadedanza.es\\\/fr\\\/product\\\/fala\\\/\",\"url\":\"https:\\\/\\\/neylaropadedanza.es\\\/fr\\\/product\\\/fala\\\/\",\"name\":\"Fala - Neyla Dancewear - V\u00eatements de danse du ventre\",\"isPartOf\":{\"@id\":\"https:\\\/\\\/neylaropadedanza.com\\\/#website\"},\"primaryImageOfPage\":{\"@id\":\"https:\\\/\\\/neylaropadedanza.es\\\/fr\\\/product\\\/fala\\\/#primaryimage\"},\"image\":{\"@id\":\"https:\\\/\\\/neylaropadedanza.es\\\/fr\\\/product\\\/fala\\\/#primaryimage\"},\"thumbnailUrl\":\"https:\\\/\\\/neylaropadedanza.es\\\/wp-content\\\/uploads\\\/2024\\\/01\\\/Ropa-de-Danza-del-Vientre-60.jpg\",\"datePublished\":\"2024-01-03T17:19:34+00:00\",\"dateModified\":\"2024-01-03T18:19:34+00:00\",\"description\":\"Jupe Fala fuchsia fonc\u00e9 pour danse du ventre avec ouvertures frontales et taille large, vue de face et de dos sur fond blanc.\",\"breadcrumb\":{\"@id\":\"https:\\\/\\\/neylaropadedanza.es\\\/fr\\\/product\\\/fala\\\/#breadcrumb\"},\"inLanguage\":\"fr-FR\",\"potentialAction\":[{\"@type\":\"ReadAction\",\"target\":[\"https:\\\/\\\/neylaropadedanza.es\\\/fr\\\/product\\\/fala\\\/\"]}]},{\"@type\":\"ImageObject\",\"inLanguage\":\"fr-FR\",\"@id\":\"https:\\\/\\\/neylaropadedanza.es\\\/fr\\\/product\\\/fala\\\/#primaryimage\",\"url\":\"https:\\\/\\\/neylaropadedanza.es\\\/wp-content\\\/uploads\\\/2024\\\/01\\\/Ropa-de-Danza-del-Vientre-60.jpg\",\"contentUrl\":\"https:\\\/\\\/neylaropadedanza.es\\\/wp-content\\\/uploads\\\/2024\\\/01\\\/Ropa-de-Danza-del-Vientre-60.jpg\",\"width\":1203,\"height\":1100,\"caption\":\"Jupe Fala fuchsia fonc\u00e9 pour danse orientale avec fentes frontales et large ceinture, vue avant et arri\u00e8re sur fond blanc.\"},{\"@type\":\"BreadcrumbList\",\"@id\":\"https:\\\/\\\/neylaropadedanza.es\\\/fr\\\/product\\\/fala\\\/#breadcrumb\",\"itemListElement\":[{\"@type\":\"ListItem\",\"position\":1,\"name\":\"Home\",\"item\":\"https:\\\/\\\/neylaropadedanza.es\\\/fr\\\/\"},{\"@type\":\"ListItem\",\"position\":2,\"name\":\"Produits\",\"item\":\"https:\\\/\\\/neylaropadedanza.es\\\/fr\\\/shop\\\/\"},{\"@type\":\"ListItem\",\"position\":3,\"name\":\"Fala\"}]},{\"@type\":\"WebSite\",\"@id\":\"https:\\\/\\\/neylaropadedanza.com\\\/#website\",\"url\":\"https:\\\/\\\/neylaropadedanza.com\\\/\",\"name\":\"NeylaRopaDeDanza\",\"description\":\"Ropa de Danza del Vientre, danza oriental, trajes, ropa de ensayo y mucho m\u00e1s!\",\"publisher\":{\"@id\":\"https:\\\/\\\/neylaropadedanza.com\\\/#organization\"},\"potentialAction\":[{\"@type\":\"SearchAction\",\"target\":{\"@type\":\"EntryPoint\",\"urlTemplate\":\"https:\\\/\\\/neylaropadedanza.com\\\/?s={search_term_string}\"},\"query-input\":{\"@type\":\"PropertyValueSpecification\",\"valueRequired\":true,\"valueName\":\"search_term_string\"}}],\"inLanguage\":\"fr-FR\"},{\"@type\":\"Organization\",\"@id\":\"https:\\\/\\\/neylaropadedanza.com\\\/#organization\",\"name\":\"NeylaRopaDeDanza\",\"url\":\"https:\\\/\\\/neylaropadedanza.com\\\/\",\"logo\":{\"@type\":\"ImageObject\",\"inLanguage\":\"fr-FR\",\"@id\":\"https:\\\/\\\/neylaropadedanza.com\\\/#\\\/schema\\\/logo\\\/image\\\/\",\"url\":\"https:\\\/\\\/neylaropadedanza.es\\\/wp-content\\\/uploads\\\/2025\\\/04\\\/Neyla-Blanc.webp\",\"contentUrl\":\"https:\\\/\\\/neylaropadedanza.es\\\/wp-content\\\/uploads\\\/2025\\\/04\\\/Neyla-Blanc.webp\",\"width\":1970,\"height\":936,\"caption\":\"NeylaRopaDeDanza\"},\"image\":{\"@id\":\"https:\\\/\\\/neylaropadedanza.com\\\/#\\\/schema\\\/logo\\\/image\\\/\"},\"sameAs\":[\"https:\\\/\\\/www.facebook.com\\\/neyladancewear\\\/\",\"https:\\\/\\\/www.instagram.com\\\/neyladancewear\\\/\",\"https:\\\/\\\/www.youtube.com\\\/channel\\\/UCKlqrANcZD0QqKXzpy4taWA?view_as=subscriber\"]}]}<\/script>\n<!-- \/ Yoast SEO plugin. -->","yoast_head_json":{"title":"Fala - Neyla Dancewear - V\u00eatements de danse du ventre","description":"Jupe Fala fuchsia fonc\u00e9 pour danse du ventre avec ouvertures frontales et taille large, vue de face et de dos sur fond blanc.","robots":{"index":"index","follow":"follow","max-snippet":"max-snippet:-1","max-image-preview":"max-image-preview:large","max-video-preview":"max-video-preview:-1"},"canonical":"https:\/\/neylaropadedanza.es\/fr\/product\/fala\/","og_locale":"fr_FR","og_type":"article","og_title":"Fala - Neyla Dancewear - V\u00eatements de danse du ventre","og_description":"Jupe Fala fuchsia fonc\u00e9 pour danse du ventre avec ouvertures frontales et taille large, vue de face et de dos sur fond blanc.","og_url":"https:\/\/neylaropadedanza.es\/fr\/product\/fala\/","og_site_name":"Neyla Dancewear","article_publisher":"https:\/\/www.facebook.com\/neyladancewear\/","article_modified_time":"2024-01-03T18:19:34+00:00","og_image":[{"width":1203,"height":1100,"url":"https:\/\/neylaropadedanza.com\/wp-content\/uploads\/2024\/01\/Ropa-de-Danza-del-Vientre-60.jpg","type":"image\/jpeg"}],"twitter_card":"summary_large_image","twitter_misc":{"Dur\u00e9e de lecture estim\u00e9e":"1 minute"},"schema":{"@context":"https:\/\/schema.org","@graph":[{"@type":"WebPage","@id":"https:\/\/neylaropadedanza.es\/fr\/product\/fala\/","url":"https:\/\/neylaropadedanza.es\/fr\/product\/fala\/","name":"Fala - Neyla Dancewear - V\u00eatements de danse du ventre","isPartOf":{"@id":"https:\/\/neylaropadedanza.com\/#website"},"primaryImageOfPage":{"@id":"https:\/\/neylaropadedanza.es\/fr\/product\/fala\/#primaryimage"},"image":{"@id":"https:\/\/neylaropadedanza.es\/fr\/product\/fala\/#primaryimage"},"thumbnailUrl":"https:\/\/neylaropadedanza.es\/wp-content\/uploads\/2024\/01\/Ropa-de-Danza-del-Vientre-60.jpg","datePublished":"2024-01-03T17:19:34+00:00","dateModified":"2024-01-03T18:19:34+00:00","description":"Jupe Fala fuchsia fonc\u00e9 pour danse du ventre avec ouvertures frontales et taille large, vue de face et de dos sur fond blanc.","breadcrumb":{"@id":"https:\/\/neylaropadedanza.es\/fr\/product\/fala\/#breadcrumb"},"inLanguage":"fr-FR","potentialAction":[{"@type":"ReadAction","target":["https:\/\/neylaropadedanza.es\/fr\/product\/fala\/"]}]},{"@type":"ImageObject","inLanguage":"fr-FR","@id":"https:\/\/neylaropadedanza.es\/fr\/product\/fala\/#primaryimage","url":"https:\/\/neylaropadedanza.es\/wp-content\/uploads\/2024\/01\/Ropa-de-Danza-del-Vientre-60.jpg","contentUrl":"https:\/\/neylaropadedanza.es\/wp-content\/uploads\/2024\/01\/Ropa-de-Danza-del-Vientre-60.jpg","width":1203,"height":1100,"caption":"Jupe Fala fuchsia fonc\u00e9 pour danse orientale avec fentes frontales et large ceinture, vue avant et arri\u00e8re sur fond blanc."},{"@type":"BreadcrumbList","@id":"https:\/\/neylaropadedanza.es\/fr\/product\/fala\/#breadcrumb","itemListElement":[{"@type":"ListItem","position":1,"name":"Home","item":"https:\/\/neylaropadedanza.es\/fr\/"},{"@type":"ListItem","position":2,"name":"Produits","item":"https:\/\/neylaropadedanza.es\/fr\/shop\/"},{"@type":"ListItem","position":3,"name":"Fala"}]},{"@type":"WebSite","@id":"https:\/\/neylaropadedanza.com\/#website","url":"https:\/\/neylaropadedanza.com\/","name":"NeylaRopaDeDanza","description":"Ropa de Danza del Vientre, danza oriental, trajes, ropa de ensayo y mucho m\u00e1s!","publisher":{"@id":"https:\/\/neylaropadedanza.com\/#organization"},"potentialAction":[{"@type":"SearchAction","target":{"@type":"EntryPoint","urlTemplate":"https:\/\/neylaropadedanza.com\/?s={search_term_string}"},"query-input":{"@type":"PropertyValueSpecification","valueRequired":true,"valueName":"search_term_string"}}],"inLanguage":"fr-FR"},{"@type":"Organization","@id":"https:\/\/neylaropadedanza.com\/#organization","name":"NeylaRopaDeDanza","url":"https:\/\/neylaropadedanza.com\/","logo":{"@type":"ImageObject","inLanguage":"fr-FR","@id":"https:\/\/neylaropadedanza.com\/#\/schema\/logo\/image\/","url":"https:\/\/neylaropadedanza.es\/wp-content\/uploads\/2025\/04\/Neyla-Blanc.webp","contentUrl":"https:\/\/neylaropadedanza.es\/wp-content\/uploads\/2025\/04\/Neyla-Blanc.webp","width":1970,"height":936,"caption":"NeylaRopaDeDanza"},"image":{"@id":"https:\/\/neylaropadedanza.com\/#\/schema\/logo\/image\/"},"sameAs":["https:\/\/www.facebook.com\/neyladancewear\/","https:\/\/www.instagram.com\/neyladancewear\/","https:\/\/www.youtube.com\/channel\/UCKlqrANcZD0QqKXzpy4taWA?view_as=subscriber"]}]}},"_links":{"self":[{"href":"https:\/\/neylaropadedanza.es\/fr\/wp-json\/wp\/v2\/product\/19000","targetHints":{"allow":["GET"]}}],"collection":[{"href":"https:\/\/neylaropadedanza.es\/fr\/wp-json\/wp\/v2\/product"}],"about":[{"href":"https:\/\/neylaropadedanza.es\/fr\/wp-json\/wp\/v2\/types\/product"}],"replies":[{"embeddable":true,"href":"https:\/\/neylaropadedanza.es\/fr\/wp-json\/wp\/v2\/comments?post=19000"}],"version-history":[{"count":0,"href":"https:\/\/neylaropadedanza.es\/fr\/wp-json\/wp\/v2\/product\/19000\/revisions"}],"wp:featuredmedia":[{"embeddable":true,"href":"https:\/\/neylaropadedanza.es\/fr\/wp-json\/wp\/v2\/media\/18458"}],"wp:attachment":[{"href":"https:\/\/neylaropadedanza.es\/fr\/wp-json\/wp\/v2\/media?parent=19000"}],"wp:term":[{"taxonomy":"product_brand","embeddable":true,"href":"https:\/\/neylaropadedanza.es\/fr\/wp-json\/wp\/v2\/product_brand?post=19000"},{"taxonomy":"product_cat","embeddable":true,"href":"https:\/\/neylaropadedanza.es\/fr\/wp-json\/wp\/v2\/product_cat?post=19000"},{"taxonomy":"product_tag","embeddable":true,"href":"https:\/\/neylaropadedanza.es\/fr\/wp-json\/wp\/v2\/product_tag?post=19000"}],"curies":[{"name":"wp","href":"https:\/\/api.w.org\/{rel}","templated":true}]}}