{"id":18959,"date":"2024-11-21T17:20:35","date_gmt":"2024-11-21T16:20:35","guid":{"rendered":"https:\/\/neylaropadedanza.es\/product\/leyla\/"},"modified":"2024-11-21T17:20:35","modified_gmt":"2024-11-21T17:20:35","slug":"leyla","status":"publish","type":"product","link":"https:\/\/neylaropadedanza.es\/fr\/product\/leyla\/","title":{"rendered":"Leyla"},"content":{"rendered":"<h2 data-start=\"553\" data-end=\"619\">\ud83d\udc83 Jupe Leyla \u2013 Sensualit\u00e9 et Style pour Votre Danse du Ventre<\/h2>\n<p data-start=\"621\" data-end=\"961\">La<strong data-start=\"624\" data-end=\"639\"> jupe Leyla <\/strong>de Neyla Dancewear est pleine de personnalit\u00e9 : un design audacieux et \u00e9l\u00e9gant destin\u00e9 aux danseuses souhaitant se d\u00e9marquer. Son tissu l\u00e9ger bordeaux avec imprim\u00e9s de roses satin\u00e9es allie une finition sophistiqu\u00e9e \u00e0 une touche provocante, parfaite pour les <strong data-start=\"891\" data-end=\"960\">cours de danse du ventre, les danses orientales et les fusions latines.<\/strong> <\/p>\n<p data-start=\"963\" data-end=\"1242\">Sa coupe longue et droite affine la silhouette, tandis que la <strong data-start=\"1023\" data-end=\"1061\">fente haute sur la jambe droite offre<\/strong> une libert\u00e9 totale de mouvement et de sensualit\u00e9 en dansant. L\u2019\u00e9l\u00e9ment le plus marquant : <strong data-start=\"1145\" data-end=\"1181\">des hanches ouvertes avec de fines lani\u00e8res<\/strong> qui mettent en valeur la silhouette et offrent un look unique et f\u00e9minin. <\/p>\n<p data-start=\"1244\" data-end=\"1455\">Si vous pr\u00e9f\u00e9rez quelque chose de plus discret, vous pouvez l\u2019associer \u00e0 un short couleur chair ou \u00e0 des leggings noirs en dessous. Si vous osez le porter tel quel, vous profiterez d\u2019un look impressionnant qui bouge avec vous et accentue chaque pas. <\/p>\n<p data-start=\"1457\" data-end=\"1750\"><strong data-start=\"1457\" data-end=\"1489\">Caract\u00e9ristiques principales :<\/strong><br data-start=\"1489\" data-end=\"1492\">\u2714 Tissu fin bordeaux avec \u00e9clat satin\u00e9 et imprim\u00e9 de roses<br data-start=\"1552\" data-end=\"1555\">\u2714 Coupe longue et droite avec fente haute sur la jambe droite<br data-start=\"1615\" data-end=\"1618\">\u2714 Hanches ouvertes avec fines lani\u00e8res pour un design sexy et frappant<br data-start=\"1684\" data-end=\"1687\">\u2714 Tissu l\u00e9ger et confortable, facile \u00e0 assortir avec des tops ou bodies<\/p>\n<p data-start=\"1752\" data-end=\"1990\">Chez <strong data-start=\"1755\" data-end=\"1774\">Neyla Dancewear<\/strong>, nous concevons et fabriquons tous nos v\u00eatements \u00e0 Barcelone, en soignant chaque d\u00e9tail et en utilisant des mat\u00e9riaux de premi\u00e8re qualit\u00e9 pour vous offrir des <strong data-start=\"1919\" data-end=\"1987\">v\u00eatements de danse du ventre confortables, durables et au style unique.<\/strong><\/p>\n<p data-start=\"1992\" data-end=\"2243\">Dans notre boutique, vous trouverez des options pour tous les styles : <strong data-start=\"2055\" data-end=\"2128\">danse du ventre, tribal fusion, Bollywood, flamenco, danses latines et plus encore<\/strong>. Et si vous souhaitez quelque chose de sp\u00e9cial, sur mesure, \u00e9crivez-nous ! Nous cr\u00e9erons le v\u00eatement parfait pour votre art.  <\/p>\n<p data-start=\"2245\" data-end=\"2424\">\u2728 <strong data-start=\"2247\" data-end=\"2278\">Vous voulez compl\u00e9ter votre look ?<\/strong><br data-start=\"2278\" data-end=\"2281\">D\u00e9couvrez notre section <strong data-start=\"2309\" data-end=\"2328\">combinaisons d\u2019entra\u00eenement<\/strong>, avec des designs exclusifs pour assortir \u00e0 votre jupe Leyla.<br data-start=\"2386\" data-end=\"2389\">\ud83d\udc49<a class=\"\" href=\"https:\/\/neylaropadedanza.es\/fr\/combinaisons-dentrainement\/\" rel=\"noopener\" data-start=\"2392\" data-end=\"2424\"> Cliquez ici pour d\u00e9couvrir<\/a><\/p>\n<p data-start=\"2426\" data-end=\"2624\">Et explorez notre <strong data-start=\"2444\" data-end=\"2469\">section accessoires,<\/strong> avec voiles en soie, bijoux, ceintures en strass et bien d\u2019autres compl\u00e9ments pour sublimer votre style.<br data-start=\"2565\" data-end=\"2568\">\ud83d\udc49 <a class=\"\" href=\"https:\/\/neylaropadedanza.es\/fr\/costumes-neyla-queen\/\" rel=\"noopener\" data-start=\"2571\" data-end=\"2624\">Cliquez ici pour voir tous nos accessoires<\/a><\/p>\n","protected":false},"excerpt":{"rendered":"<p><a href=\"https:\/\/neylaropadedanza.es\/fr\/guide-des-mesures\/\">Guide des Tailles<\/a><\/p>\n","protected":false},"featured_media":18554,"comment_status":"open","ping_status":"closed","template":"","meta":{"content-type":"","_monsterinsights_skip_tracking":false,"_monsterinsights_sitenote_active":false,"_monsterinsights_sitenote_note":"","_monsterinsights_sitenote_category":0,"_uf_show_specific_survey":0,"_uf_disable_surveys":false},"product_brand":[],"product_cat":[975,969],"product_tag":[1281,1202,1160,1180,1172,1170,1307,1305],"class_list":{"0":"post-18959","1":"product","2":"type-product","3":"status-publish","4":"has-post-thumbnail","6":"product_cat-jupes","7":"product_cat-vetements-dentrainement","8":"product_tag-argente","9":"product_tag-grenat","10":"product_tag-jupe","11":"product_tag-jupe-fr","12":"product_tag-jupe-dentrainement","13":"product_tag-jupe-de-danse-du-ventre","14":"product_tag-vetements-dentrainement","15":"product_tag-vetements-de-danse-du-ventre-fr","16":"product_shipping_class-standard-fr","18":"first","19":"instock","20":"sale","21":"taxable","22":"shipping-taxable","23":"purchasable","24":"product-type-variable","25":"add-to-wishlist-after_add_to_cart"},"yoast_head":"<!-- This site is optimized with the Yoast SEO plugin v26.6 - https:\/\/yoast.com\/wordpress\/plugins\/seo\/ -->\n<title>Leyla - Neyla Dancewear - V\u00eatements de danse du ventre<\/title>\n<meta name=\"description\" content=\"La jupe Leila est audacieuse, mais vous allez l\u2019adorer ! Parfaite pour vos cours de danse du ventre. Ajoutez une touche plus sexy \u00e0 votre tenue !\" \/>\n<meta name=\"robots\" content=\"index, follow, max-snippet:-1, max-image-preview:large, max-video-preview:-1\" \/>\n<link rel=\"canonical\" href=\"https:\/\/neylaropadedanza.es\/fr\/product\/leyla\/\" \/>\n<meta property=\"og:locale\" content=\"fr_FR\" \/>\n<meta property=\"og:type\" content=\"article\" \/>\n<meta property=\"og:title\" content=\"Leyla - Neyla Dancewear - V\u00eatements de danse du ventre\" \/>\n<meta property=\"og:description\" content=\"La jupe Leila est audacieuse, mais vous allez l\u2019adorer ! Parfaite pour vos cours de danse du ventre. Ajoutez une touche plus sexy \u00e0 votre tenue !\" \/>\n<meta property=\"og:url\" content=\"https:\/\/neylaropadedanza.es\/fr\/product\/leyla\/\" \/>\n<meta property=\"og:site_name\" content=\"Neyla Dancewear\" \/>\n<meta property=\"article:publisher\" content=\"https:\/\/www.facebook.com\/neyladancewear\/\" \/>\n<meta property=\"article:modified_time\" content=\"2024-11-21T17:20:35+00:00\" \/>\n<meta property=\"og:image\" content=\"https:\/\/neylaropadedanza.com\/wp-content\/uploads\/2024\/11\/Falda-Dana-del-vientre.jpg\" \/>\n\t<meta property=\"og:image:width\" content=\"921\" \/>\n\t<meta property=\"og:image:height\" content=\"1100\" \/>\n\t<meta property=\"og:image:type\" content=\"image\/jpeg\" \/>\n<meta name=\"twitter:card\" content=\"summary_large_image\" \/>\n<meta name=\"twitter:label1\" content=\"Dur\u00e9e de lecture estim\u00e9e\" \/>\n\t<meta name=\"twitter:data1\" content=\"2 minutes\" \/>\n<script type=\"application\/ld+json\" class=\"yoast-schema-graph\">{\"@context\":\"https:\/\/schema.org\",\"@graph\":[{\"@type\":\"WebPage\",\"@id\":\"https:\/\/neylaropadedanza.es\/fr\/product\/leyla\/\",\"url\":\"https:\/\/neylaropadedanza.es\/fr\/product\/leyla\/\",\"name\":\"Leyla - Neyla Dancewear - V\u00eatements de danse du ventre\",\"isPartOf\":{\"@id\":\"https:\/\/neylaropadedanza.com\/#website\"},\"primaryImageOfPage\":{\"@id\":\"https:\/\/neylaropadedanza.es\/fr\/product\/leyla\/#primaryimage\"},\"image\":{\"@id\":\"https:\/\/neylaropadedanza.es\/fr\/product\/leyla\/#primaryimage\"},\"thumbnailUrl\":\"https:\/\/neylaropadedanza.es\/wp-content\/uploads\/2024\/11\/Falda-Dana-del-vientre.jpg\",\"datePublished\":\"2024-11-21T16:20:35+00:00\",\"dateModified\":\"2024-11-21T17:20:35+00:00\",\"description\":\"La jupe Leila est audacieuse, mais vous allez l\u2019adorer ! Parfaite pour vos cours de danse du ventre. Ajoutez une touche plus sexy \u00e0 votre tenue !\",\"breadcrumb\":{\"@id\":\"https:\/\/neylaropadedanza.es\/fr\/product\/leyla\/#breadcrumb\"},\"inLanguage\":\"fr-FR\",\"potentialAction\":[{\"@type\":\"ReadAction\",\"target\":[\"https:\/\/neylaropadedanza.es\/fr\/product\/leyla\/\"]}]},{\"@type\":\"ImageObject\",\"inLanguage\":\"fr-FR\",\"@id\":\"https:\/\/neylaropadedanza.es\/fr\/product\/leyla\/#primaryimage\",\"url\":\"https:\/\/neylaropadedanza.es\/wp-content\/uploads\/2024\/11\/Falda-Dana-del-vientre.jpg\",\"contentUrl\":\"https:\/\/neylaropadedanza.es\/wp-content\/uploads\/2024\/11\/Falda-Dana-del-vientre.jpg\",\"width\":921,\"height\":1100,\"caption\":\"Jupe de danse du ventre \u2013 R\u00e9p\u00e9tition de danse \u2013 Danse\"},{\"@type\":\"BreadcrumbList\",\"@id\":\"https:\/\/neylaropadedanza.es\/fr\/product\/leyla\/#breadcrumb\",\"itemListElement\":[{\"@type\":\"ListItem\",\"position\":1,\"name\":\"Home\",\"item\":\"https:\/\/neylaropadedanza.es\/fr\/\"},{\"@type\":\"ListItem\",\"position\":2,\"name\":\"Produits\",\"item\":\"https:\/\/neylaropadedanza.es\/fr\/shop\/\"},{\"@type\":\"ListItem\",\"position\":3,\"name\":\"Leyla\"}]},{\"@type\":\"WebSite\",\"@id\":\"https:\/\/neylaropadedanza.com\/#website\",\"url\":\"https:\/\/neylaropadedanza.com\/\",\"name\":\"NeylaRopaDeDanza\",\"description\":\"Ropa de Danza del Vientre, danza oriental, trajes, ropa de ensayo y mucho m\u00e1s!\",\"publisher\":{\"@id\":\"https:\/\/neylaropadedanza.com\/#organization\"},\"potentialAction\":[{\"@type\":\"SearchAction\",\"target\":{\"@type\":\"EntryPoint\",\"urlTemplate\":\"https:\/\/neylaropadedanza.com\/?s={search_term_string}\"},\"query-input\":{\"@type\":\"PropertyValueSpecification\",\"valueRequired\":true,\"valueName\":\"search_term_string\"}}],\"inLanguage\":\"fr-FR\"},{\"@type\":\"Organization\",\"@id\":\"https:\/\/neylaropadedanza.com\/#organization\",\"name\":\"NeylaRopaDeDanza\",\"url\":\"https:\/\/neylaropadedanza.com\/\",\"logo\":{\"@type\":\"ImageObject\",\"inLanguage\":\"fr-FR\",\"@id\":\"https:\/\/neylaropadedanza.com\/#\/schema\/logo\/image\/\",\"url\":\"https:\/\/neylaropadedanza.es\/wp-content\/uploads\/2025\/04\/Neyla-Blanc.webp\",\"contentUrl\":\"https:\/\/neylaropadedanza.es\/wp-content\/uploads\/2025\/04\/Neyla-Blanc.webp\",\"width\":1970,\"height\":936,\"caption\":\"NeylaRopaDeDanza\"},\"image\":{\"@id\":\"https:\/\/neylaropadedanza.com\/#\/schema\/logo\/image\/\"},\"sameAs\":[\"https:\/\/www.facebook.com\/neyladancewear\/\",\"https:\/\/www.instagram.com\/neyladancewear\/\",\"https:\/\/www.youtube.com\/channel\/UCKlqrANcZD0QqKXzpy4taWA?view_as=subscriber\"]}]}<\/script>\n<!-- \/ Yoast SEO plugin. -->","yoast_head_json":{"title":"Leyla - Neyla Dancewear - V\u00eatements de danse du ventre","description":"La jupe Leila est audacieuse, mais vous allez l\u2019adorer ! Parfaite pour vos cours de danse du ventre. Ajoutez une touche plus sexy \u00e0 votre tenue !","robots":{"index":"index","follow":"follow","max-snippet":"max-snippet:-1","max-image-preview":"max-image-preview:large","max-video-preview":"max-video-preview:-1"},"canonical":"https:\/\/neylaropadedanza.es\/fr\/product\/leyla\/","og_locale":"fr_FR","og_type":"article","og_title":"Leyla - Neyla Dancewear - V\u00eatements de danse du ventre","og_description":"La jupe Leila est audacieuse, mais vous allez l\u2019adorer ! Parfaite pour vos cours de danse du ventre. Ajoutez une touche plus sexy \u00e0 votre tenue !","og_url":"https:\/\/neylaropadedanza.es\/fr\/product\/leyla\/","og_site_name":"Neyla Dancewear","article_publisher":"https:\/\/www.facebook.com\/neyladancewear\/","article_modified_time":"2024-11-21T17:20:35+00:00","og_image":[{"width":921,"height":1100,"url":"https:\/\/neylaropadedanza.com\/wp-content\/uploads\/2024\/11\/Falda-Dana-del-vientre.jpg","type":"image\/jpeg"}],"twitter_card":"summary_large_image","twitter_misc":{"Dur\u00e9e de lecture estim\u00e9e":"2 minutes"},"schema":{"@context":"https:\/\/schema.org","@graph":[{"@type":"WebPage","@id":"https:\/\/neylaropadedanza.es\/fr\/product\/leyla\/","url":"https:\/\/neylaropadedanza.es\/fr\/product\/leyla\/","name":"Leyla - Neyla Dancewear - V\u00eatements de danse du ventre","isPartOf":{"@id":"https:\/\/neylaropadedanza.com\/#website"},"primaryImageOfPage":{"@id":"https:\/\/neylaropadedanza.es\/fr\/product\/leyla\/#primaryimage"},"image":{"@id":"https:\/\/neylaropadedanza.es\/fr\/product\/leyla\/#primaryimage"},"thumbnailUrl":"https:\/\/neylaropadedanza.es\/wp-content\/uploads\/2024\/11\/Falda-Dana-del-vientre.jpg","datePublished":"2024-11-21T16:20:35+00:00","dateModified":"2024-11-21T17:20:35+00:00","description":"La jupe Leila est audacieuse, mais vous allez l\u2019adorer ! Parfaite pour vos cours de danse du ventre. Ajoutez une touche plus sexy \u00e0 votre tenue !","breadcrumb":{"@id":"https:\/\/neylaropadedanza.es\/fr\/product\/leyla\/#breadcrumb"},"inLanguage":"fr-FR","potentialAction":[{"@type":"ReadAction","target":["https:\/\/neylaropadedanza.es\/fr\/product\/leyla\/"]}]},{"@type":"ImageObject","inLanguage":"fr-FR","@id":"https:\/\/neylaropadedanza.es\/fr\/product\/leyla\/#primaryimage","url":"https:\/\/neylaropadedanza.es\/wp-content\/uploads\/2024\/11\/Falda-Dana-del-vientre.jpg","contentUrl":"https:\/\/neylaropadedanza.es\/wp-content\/uploads\/2024\/11\/Falda-Dana-del-vientre.jpg","width":921,"height":1100,"caption":"Jupe de danse du ventre \u2013 R\u00e9p\u00e9tition de danse \u2013 Danse"},{"@type":"BreadcrumbList","@id":"https:\/\/neylaropadedanza.es\/fr\/product\/leyla\/#breadcrumb","itemListElement":[{"@type":"ListItem","position":1,"name":"Home","item":"https:\/\/neylaropadedanza.es\/fr\/"},{"@type":"ListItem","position":2,"name":"Produits","item":"https:\/\/neylaropadedanza.es\/fr\/shop\/"},{"@type":"ListItem","position":3,"name":"Leyla"}]},{"@type":"WebSite","@id":"https:\/\/neylaropadedanza.com\/#website","url":"https:\/\/neylaropadedanza.com\/","name":"NeylaRopaDeDanza","description":"Ropa de Danza del Vientre, danza oriental, trajes, ropa de ensayo y mucho m\u00e1s!","publisher":{"@id":"https:\/\/neylaropadedanza.com\/#organization"},"potentialAction":[{"@type":"SearchAction","target":{"@type":"EntryPoint","urlTemplate":"https:\/\/neylaropadedanza.com\/?s={search_term_string}"},"query-input":{"@type":"PropertyValueSpecification","valueRequired":true,"valueName":"search_term_string"}}],"inLanguage":"fr-FR"},{"@type":"Organization","@id":"https:\/\/neylaropadedanza.com\/#organization","name":"NeylaRopaDeDanza","url":"https:\/\/neylaropadedanza.com\/","logo":{"@type":"ImageObject","inLanguage":"fr-FR","@id":"https:\/\/neylaropadedanza.com\/#\/schema\/logo\/image\/","url":"https:\/\/neylaropadedanza.es\/wp-content\/uploads\/2025\/04\/Neyla-Blanc.webp","contentUrl":"https:\/\/neylaropadedanza.es\/wp-content\/uploads\/2025\/04\/Neyla-Blanc.webp","width":1970,"height":936,"caption":"NeylaRopaDeDanza"},"image":{"@id":"https:\/\/neylaropadedanza.com\/#\/schema\/logo\/image\/"},"sameAs":["https:\/\/www.facebook.com\/neyladancewear\/","https:\/\/www.instagram.com\/neyladancewear\/","https:\/\/www.youtube.com\/channel\/UCKlqrANcZD0QqKXzpy4taWA?view_as=subscriber"]}]}},"_links":{"self":[{"href":"https:\/\/neylaropadedanza.es\/fr\/wp-json\/wp\/v2\/product\/18959","targetHints":{"allow":["GET"]}}],"collection":[{"href":"https:\/\/neylaropadedanza.es\/fr\/wp-json\/wp\/v2\/product"}],"about":[{"href":"https:\/\/neylaropadedanza.es\/fr\/wp-json\/wp\/v2\/types\/product"}],"replies":[{"embeddable":true,"href":"https:\/\/neylaropadedanza.es\/fr\/wp-json\/wp\/v2\/comments?post=18959"}],"version-history":[{"count":0,"href":"https:\/\/neylaropadedanza.es\/fr\/wp-json\/wp\/v2\/product\/18959\/revisions"}],"wp:featuredmedia":[{"embeddable":true,"href":"https:\/\/neylaropadedanza.es\/fr\/wp-json\/wp\/v2\/media\/18554"}],"wp:attachment":[{"href":"https:\/\/neylaropadedanza.es\/fr\/wp-json\/wp\/v2\/media?parent=18959"}],"wp:term":[{"taxonomy":"product_brand","embeddable":true,"href":"https:\/\/neylaropadedanza.es\/fr\/wp-json\/wp\/v2\/product_brand?post=18959"},{"taxonomy":"product_cat","embeddable":true,"href":"https:\/\/neylaropadedanza.es\/fr\/wp-json\/wp\/v2\/product_cat?post=18959"},{"taxonomy":"product_tag","embeddable":true,"href":"https:\/\/neylaropadedanza.es\/fr\/wp-json\/wp\/v2\/product_tag?post=18959"}],"curies":[{"name":"wp","href":"https:\/\/api.w.org\/{rel}","templated":true}]}}