{"id":18888,"date":"2024-11-22T12:57:27","date_gmt":"2024-11-22T12:57:27","guid":{"rendered":"https:\/\/neylaropadedanza.es\/product\/aliat\/"},"modified":"2024-11-22T12:57:27","modified_gmt":"2024-11-22T12:57:27","slug":"aliat","status":"publish","type":"product","link":"https:\/\/neylaropadedanza.es\/fr\/product\/aliat\/","title":{"rendered":"Aliat"},"content":{"rendered":"<h2 data-start=\"305\" data-end=\"368\">\ud83e\ude75 Jupe Aliat \u2013 Danse du Ventre avec Style et Personnalit\u00e9<\/h2>\n<p data-start=\"370\" data-end=\"696\">La<strong data-start=\"373\" data-end=\"388\"> jupe Aliat <\/strong>de Neyla Dancewear est con\u00e7ue pour les danseuses qui souhaitent se d\u00e9marquer avec un design audacieux et \u00e9l\u00e9gant \u00e0 la fois. Sa couleur bleu satin\u00e9e et la douceur du lycra de haute qualit\u00e9 offrent une finition sophistiqu\u00e9e et saisissante <strong data-start=\"628\" data-end=\"695\">pour vos cours de danse du ventre, danses orientales ou danses latines.<\/strong> <\/p>\n<p data-start=\"698\" data-end=\"958\">Sa coupe longue et droite affine la silhouette, tandis que la fente lat\u00e9rale sur la jambe gauche et les deux d\u00e9coupes sur la hanche ajoutent une touche sexy et beaucoup de libert\u00e9 de mouvement. Parfaite pour r\u00e9p\u00e9ter confortablement et exprimer votre personnalit\u00e9 \u00e0 chaque pas. <\/p>\n<p data-start=\"960\" data-end=\"1237\"><strong data-start=\"960\" data-end=\"992\">Caract\u00e9ristiques principales :<\/strong><br data-start=\"992\" data-end=\"995\">\u2714 Tissu lycra bleu satin de haute qualit\u00e9<br data-start=\"1042\" data-end=\"1045\">\u2714 Design long et droit avec fente lat\u00e9rale pour une meilleure mobilit\u00e9<br data-start=\"1109\" data-end=\"1112\">\u2714 Deux d\u00e9coupes sur la hanche gauche apportant sensualit\u00e9 et style<br data-start=\"1180\" data-end=\"1183\">\u2714 L\u00e9g\u00e8re, confortable et facile \u00e0 assortir avec des tops ou bodies<\/p>\n<p data-start=\"1239\" data-end=\"1511\">Chez <strong data-start=\"1242\" data-end=\"1261\">Neyla Dancewear<\/strong>, nous concevons et fabriquons tous nos v\u00eatements \u00e0 Barcelone, en soignant chaque d\u00e9tail pour vous offrir des v\u00eatements de danse de la meilleure qualit\u00e9. Nous privil\u00e9gions des mat\u00e9riaux haut de gamme et des finitions impeccables pour que vous puissiez briller \u00e0 chaque r\u00e9p\u00e9tition ou repr\u00e9sentation. <\/p>\n<p data-start=\"1513\" data-end=\"1814\">En plus de notre collection de <strong data-start=\"1544\" data-end=\"1575\">jupes de danse du ventre<\/strong>, notre boutique propose des <strong data-start=\"1607\" data-end=\"1647\">v\u00eatements pour tous les styles de danse<\/strong> : tribal fusion, Bollywood, flamenco, danses latines, et plus encore. Si vous recherchez quelque chose de sp\u00e9cial et sur mesure, contactez-nous ! Nous serons ravies de cr\u00e9er la pi\u00e8ce parfaite pour vous.  <\/p>\n<p data-start=\"1816\" data-end=\"2007\">\u2728 <strong data-start=\"1818\" data-end=\"1849\">Vous voulez compl\u00e9ter votre look ?<\/strong><br data-start=\"1849\" data-end=\"1852\">D\u00e9couvrez notre section c<strong data-start=\"1879\" data-end=\"1898\">ombinaisons d\u2019entra\u00eenement <\/strong>avec des designs uniques pour assortir \u00e0 votre jupe Aliat.<br data-start=\"1951\" data-end=\"1954\">\ud83d\udc49 <a href=\"https:\/\/neylaropadedanza.es\/fr\/combinaisons-dentrainement\/\">Cliquez ici pour d\u00e9couvrir toutes nos combinaisons<\/a><\/p>\n<p data-start=\"2009\" data-end=\"2234\">Et ne manquez pas notre <strong data-start=\"2033\" data-end=\"2058\">section accessoires<\/strong>, avec voiles en soie, bijoux, ceintures en strass et bien d\u2019autres pi\u00e8ces pour personnaliser votre style au maximum.<br data-start=\"2173\" data-end=\"2176\">\ud83d\udc49 <a class=\"\" href=\"https:\/\/neylaropadedanza.es\/fr\/accessoires\/\" rel=\"noopener\" data-start=\"2179\" data-end=\"2234\">Cliquez ici pour d\u00e9couvrir tous nos accessoires<\/a><\/p>\n","protected":false},"excerpt":{"rendered":"<p><a href=\"https:\/\/neylaropadedanza.es\/fr\/guide-des-mesures\/\">Guide des Tailles<\/a><\/p>\n","protected":false},"featured_media":18354,"comment_status":"open","ping_status":"closed","template":"","meta":{"content-type":"","_monsterinsights_skip_tracking":false,"_monsterinsights_sitenote_active":false,"_monsterinsights_sitenote_note":"","_monsterinsights_sitenote_category":0,"_uf_show_specific_survey":0,"_uf_disable_surveys":false},"product_brand":[],"product_cat":[975,969],"product_tag":[1048,1054,1180,1160,1172,1182,1170,1307,1305],"class_list":{"0":"post-18888","1":"product","2":"type-product","3":"status-publish","4":"has-post-thumbnail","6":"product_cat-jupes","7":"product_cat-vetements-dentrainement","8":"product_tag-bleu","9":"product_tag-bleu-electrique","10":"product_tag-jupe-fr","11":"product_tag-jupe","12":"product_tag-jupe-dentrainement","13":"product_tag-jupe-dentrainement-fr","14":"product_tag-jupe-de-danse-du-ventre","15":"product_tag-vetements-dentrainement","16":"product_tag-vetements-de-danse-du-ventre-fr","17":"product_shipping_class-standard-fr","19":"first","20":"instock","21":"sale","22":"taxable","23":"shipping-taxable","24":"purchasable","25":"product-type-variable","26":"add-to-wishlist-after_add_to_cart"},"yoast_head":"<!-- This site is optimized with the Yoast SEO plugin v27.4 - https:\/\/yoast.com\/product\/yoast-seo-wordpress\/ -->\n<title>Aliat - Neyla Dancewear - V\u00eatements de danse du ventre<\/title>\n<meta name=\"description\" content=\"La jupe Aliat est audacieuse, mais vous allez l\u2019adorer ! Avec une touche \u00e9l\u00e9gante et une pointe de sensualit\u00e9 ! Parfaite pour vos cours de danse du ventre.\" \/>\n<meta name=\"robots\" content=\"index, follow, max-snippet:-1, max-image-preview:large, max-video-preview:-1\" \/>\n<link rel=\"canonical\" href=\"https:\/\/neylaropadedanza.es\/fr\/product\/aliat\/\" \/>\n<meta property=\"og:locale\" content=\"fr_FR\" \/>\n<meta property=\"og:type\" content=\"article\" \/>\n<meta property=\"og:title\" content=\"Aliat - Neyla Dancewear - V\u00eatements de danse du ventre\" \/>\n<meta property=\"og:description\" content=\"La jupe Aliat est audacieuse, mais vous allez l\u2019adorer ! Avec une touche \u00e9l\u00e9gante et une pointe de sensualit\u00e9 ! Parfaite pour vos cours de danse du ventre.\" \/>\n<meta property=\"og:url\" content=\"https:\/\/neylaropadedanza.es\/fr\/product\/aliat\/\" \/>\n<meta property=\"og:site_name\" content=\"Neyla Dancewear\" \/>\n<meta property=\"article:publisher\" content=\"https:\/\/www.facebook.com\/neyladancewear\/\" \/>\n<meta property=\"og:image\" content=\"https:\/\/neylaropadedanza.com\/wp-content\/uploads\/2023\/05\/Falditas-danza-del-vientre.jpg\" \/>\n\t<meta property=\"og:image:width\" content=\"1633\" \/>\n\t<meta property=\"og:image:height\" content=\"2024\" \/>\n\t<meta property=\"og:image:type\" content=\"image\/jpeg\" \/>\n<meta name=\"twitter:card\" content=\"summary_large_image\" \/>\n<meta name=\"twitter:label1\" content=\"Dur\u00e9e de lecture estim\u00e9e\" \/>\n\t<meta name=\"twitter:data1\" content=\"2 minutes\" \/>\n<script type=\"application\/ld+json\" class=\"yoast-schema-graph\">{\"@context\":\"https:\\\/\\\/schema.org\",\"@graph\":[{\"@type\":\"WebPage\",\"@id\":\"https:\\\/\\\/neylaropadedanza.es\\\/fr\\\/product\\\/aliat\\\/\",\"url\":\"https:\\\/\\\/neylaropadedanza.es\\\/fr\\\/product\\\/aliat\\\/\",\"name\":\"Aliat - Neyla Dancewear - V\u00eatements de danse du ventre\",\"isPartOf\":{\"@id\":\"https:\\\/\\\/neylaropadedanza.com\\\/#website\"},\"primaryImageOfPage\":{\"@id\":\"https:\\\/\\\/neylaropadedanza.es\\\/fr\\\/product\\\/aliat\\\/#primaryimage\"},\"image\":{\"@id\":\"https:\\\/\\\/neylaropadedanza.es\\\/fr\\\/product\\\/aliat\\\/#primaryimage\"},\"thumbnailUrl\":\"https:\\\/\\\/neylaropadedanza.es\\\/wp-content\\\/uploads\\\/2023\\\/05\\\/Falditas-danza-del-vientre.jpg\",\"datePublished\":\"2024-11-22T12:57:27+00:00\",\"description\":\"La jupe Aliat est audacieuse, mais vous allez l\u2019adorer ! Avec une touche \u00e9l\u00e9gante et une pointe de sensualit\u00e9 ! Parfaite pour vos cours de danse du ventre.\",\"breadcrumb\":{\"@id\":\"https:\\\/\\\/neylaropadedanza.es\\\/fr\\\/product\\\/aliat\\\/#breadcrumb\"},\"inLanguage\":\"fr-FR\",\"potentialAction\":[{\"@type\":\"ReadAction\",\"target\":[\"https:\\\/\\\/neylaropadedanza.es\\\/fr\\\/product\\\/aliat\\\/\"]}]},{\"@type\":\"ImageObject\",\"inLanguage\":\"fr-FR\",\"@id\":\"https:\\\/\\\/neylaropadedanza.es\\\/fr\\\/product\\\/aliat\\\/#primaryimage\",\"url\":\"https:\\\/\\\/neylaropadedanza.es\\\/wp-content\\\/uploads\\\/2023\\\/05\\\/Falditas-danza-del-vientre.jpg\",\"contentUrl\":\"https:\\\/\\\/neylaropadedanza.es\\\/wp-content\\\/uploads\\\/2023\\\/05\\\/Falditas-danza-del-vientre.jpg\",\"width\":1633,\"height\":2024,\"caption\":\"V\u00eatements de danse du ventre, danse du ventre, danse orientale, jupe de danse du ventre\"},{\"@type\":\"BreadcrumbList\",\"@id\":\"https:\\\/\\\/neylaropadedanza.es\\\/fr\\\/product\\\/aliat\\\/#breadcrumb\",\"itemListElement\":[{\"@type\":\"ListItem\",\"position\":1,\"name\":\"Home\",\"item\":\"https:\\\/\\\/neylaropadedanza.es\\\/fr\\\/\"},{\"@type\":\"ListItem\",\"position\":2,\"name\":\"Produits\",\"item\":\"https:\\\/\\\/neylaropadedanza.es\\\/fr\\\/shop\\\/\"},{\"@type\":\"ListItem\",\"position\":3,\"name\":\"Aliat\"}]},{\"@type\":\"WebSite\",\"@id\":\"https:\\\/\\\/neylaropadedanza.com\\\/#website\",\"url\":\"https:\\\/\\\/neylaropadedanza.com\\\/\",\"name\":\"NeylaRopaDeDanza\",\"description\":\"Ropa de Danza del Vientre, danza oriental, trajes, ropa de ensayo y mucho m\u00e1s!\",\"publisher\":{\"@id\":\"https:\\\/\\\/neylaropadedanza.com\\\/#organization\"},\"potentialAction\":[{\"@type\":\"SearchAction\",\"target\":{\"@type\":\"EntryPoint\",\"urlTemplate\":\"https:\\\/\\\/neylaropadedanza.com\\\/?s={search_term_string}\"},\"query-input\":{\"@type\":\"PropertyValueSpecification\",\"valueRequired\":true,\"valueName\":\"search_term_string\"}}],\"inLanguage\":\"fr-FR\"},{\"@type\":\"Organization\",\"@id\":\"https:\\\/\\\/neylaropadedanza.com\\\/#organization\",\"name\":\"NeylaRopaDeDanza\",\"url\":\"https:\\\/\\\/neylaropadedanza.com\\\/\",\"logo\":{\"@type\":\"ImageObject\",\"inLanguage\":\"fr-FR\",\"@id\":\"https:\\\/\\\/neylaropadedanza.com\\\/#\\\/schema\\\/logo\\\/image\\\/\",\"url\":\"https:\\\/\\\/neylaropadedanza.es\\\/wp-content\\\/uploads\\\/2025\\\/04\\\/Neyla-Blanc.webp\",\"contentUrl\":\"https:\\\/\\\/neylaropadedanza.es\\\/wp-content\\\/uploads\\\/2025\\\/04\\\/Neyla-Blanc.webp\",\"width\":1970,\"height\":936,\"caption\":\"NeylaRopaDeDanza\"},\"image\":{\"@id\":\"https:\\\/\\\/neylaropadedanza.com\\\/#\\\/schema\\\/logo\\\/image\\\/\"},\"sameAs\":[\"https:\\\/\\\/www.facebook.com\\\/neyladancewear\\\/\",\"https:\\\/\\\/www.instagram.com\\\/neyladancewear\\\/\",\"https:\\\/\\\/www.youtube.com\\\/channel\\\/UCKlqrANcZD0QqKXzpy4taWA?view_as=subscriber\"]}]}<\/script>\n<!-- \/ Yoast SEO plugin. -->","yoast_head_json":{"title":"Aliat - Neyla Dancewear - V\u00eatements de danse du ventre","description":"La jupe Aliat est audacieuse, mais vous allez l\u2019adorer ! Avec une touche \u00e9l\u00e9gante et une pointe de sensualit\u00e9 ! Parfaite pour vos cours de danse du ventre.","robots":{"index":"index","follow":"follow","max-snippet":"max-snippet:-1","max-image-preview":"max-image-preview:large","max-video-preview":"max-video-preview:-1"},"canonical":"https:\/\/neylaropadedanza.es\/fr\/product\/aliat\/","og_locale":"fr_FR","og_type":"article","og_title":"Aliat - Neyla Dancewear - V\u00eatements de danse du ventre","og_description":"La jupe Aliat est audacieuse, mais vous allez l\u2019adorer ! Avec une touche \u00e9l\u00e9gante et une pointe de sensualit\u00e9 ! Parfaite pour vos cours de danse du ventre.","og_url":"https:\/\/neylaropadedanza.es\/fr\/product\/aliat\/","og_site_name":"Neyla Dancewear","article_publisher":"https:\/\/www.facebook.com\/neyladancewear\/","og_image":[{"width":1633,"height":2024,"url":"https:\/\/neylaropadedanza.com\/wp-content\/uploads\/2023\/05\/Falditas-danza-del-vientre.jpg","type":"image\/jpeg"}],"twitter_card":"summary_large_image","twitter_misc":{"Dur\u00e9e de lecture estim\u00e9e":"2 minutes"},"schema":{"@context":"https:\/\/schema.org","@graph":[{"@type":"WebPage","@id":"https:\/\/neylaropadedanza.es\/fr\/product\/aliat\/","url":"https:\/\/neylaropadedanza.es\/fr\/product\/aliat\/","name":"Aliat - Neyla Dancewear - V\u00eatements de danse du ventre","isPartOf":{"@id":"https:\/\/neylaropadedanza.com\/#website"},"primaryImageOfPage":{"@id":"https:\/\/neylaropadedanza.es\/fr\/product\/aliat\/#primaryimage"},"image":{"@id":"https:\/\/neylaropadedanza.es\/fr\/product\/aliat\/#primaryimage"},"thumbnailUrl":"https:\/\/neylaropadedanza.es\/wp-content\/uploads\/2023\/05\/Falditas-danza-del-vientre.jpg","datePublished":"2024-11-22T12:57:27+00:00","description":"La jupe Aliat est audacieuse, mais vous allez l\u2019adorer ! Avec une touche \u00e9l\u00e9gante et une pointe de sensualit\u00e9 ! Parfaite pour vos cours de danse du ventre.","breadcrumb":{"@id":"https:\/\/neylaropadedanza.es\/fr\/product\/aliat\/#breadcrumb"},"inLanguage":"fr-FR","potentialAction":[{"@type":"ReadAction","target":["https:\/\/neylaropadedanza.es\/fr\/product\/aliat\/"]}]},{"@type":"ImageObject","inLanguage":"fr-FR","@id":"https:\/\/neylaropadedanza.es\/fr\/product\/aliat\/#primaryimage","url":"https:\/\/neylaropadedanza.es\/wp-content\/uploads\/2023\/05\/Falditas-danza-del-vientre.jpg","contentUrl":"https:\/\/neylaropadedanza.es\/wp-content\/uploads\/2023\/05\/Falditas-danza-del-vientre.jpg","width":1633,"height":2024,"caption":"V\u00eatements de danse du ventre, danse du ventre, danse orientale, jupe de danse du ventre"},{"@type":"BreadcrumbList","@id":"https:\/\/neylaropadedanza.es\/fr\/product\/aliat\/#breadcrumb","itemListElement":[{"@type":"ListItem","position":1,"name":"Home","item":"https:\/\/neylaropadedanza.es\/fr\/"},{"@type":"ListItem","position":2,"name":"Produits","item":"https:\/\/neylaropadedanza.es\/fr\/shop\/"},{"@type":"ListItem","position":3,"name":"Aliat"}]},{"@type":"WebSite","@id":"https:\/\/neylaropadedanza.com\/#website","url":"https:\/\/neylaropadedanza.com\/","name":"NeylaRopaDeDanza","description":"Ropa de Danza del Vientre, danza oriental, trajes, ropa de ensayo y mucho m\u00e1s!","publisher":{"@id":"https:\/\/neylaropadedanza.com\/#organization"},"potentialAction":[{"@type":"SearchAction","target":{"@type":"EntryPoint","urlTemplate":"https:\/\/neylaropadedanza.com\/?s={search_term_string}"},"query-input":{"@type":"PropertyValueSpecification","valueRequired":true,"valueName":"search_term_string"}}],"inLanguage":"fr-FR"},{"@type":"Organization","@id":"https:\/\/neylaropadedanza.com\/#organization","name":"NeylaRopaDeDanza","url":"https:\/\/neylaropadedanza.com\/","logo":{"@type":"ImageObject","inLanguage":"fr-FR","@id":"https:\/\/neylaropadedanza.com\/#\/schema\/logo\/image\/","url":"https:\/\/neylaropadedanza.es\/wp-content\/uploads\/2025\/04\/Neyla-Blanc.webp","contentUrl":"https:\/\/neylaropadedanza.es\/wp-content\/uploads\/2025\/04\/Neyla-Blanc.webp","width":1970,"height":936,"caption":"NeylaRopaDeDanza"},"image":{"@id":"https:\/\/neylaropadedanza.com\/#\/schema\/logo\/image\/"},"sameAs":["https:\/\/www.facebook.com\/neyladancewear\/","https:\/\/www.instagram.com\/neyladancewear\/","https:\/\/www.youtube.com\/channel\/UCKlqrANcZD0QqKXzpy4taWA?view_as=subscriber"]}]}},"_links":{"self":[{"href":"https:\/\/neylaropadedanza.es\/fr\/wp-json\/wp\/v2\/product\/18888","targetHints":{"allow":["GET"]}}],"collection":[{"href":"https:\/\/neylaropadedanza.es\/fr\/wp-json\/wp\/v2\/product"}],"about":[{"href":"https:\/\/neylaropadedanza.es\/fr\/wp-json\/wp\/v2\/types\/product"}],"replies":[{"embeddable":true,"href":"https:\/\/neylaropadedanza.es\/fr\/wp-json\/wp\/v2\/comments?post=18888"}],"version-history":[{"count":0,"href":"https:\/\/neylaropadedanza.es\/fr\/wp-json\/wp\/v2\/product\/18888\/revisions"}],"wp:featuredmedia":[{"embeddable":true,"href":"https:\/\/neylaropadedanza.es\/fr\/wp-json\/wp\/v2\/media\/18354"}],"wp:attachment":[{"href":"https:\/\/neylaropadedanza.es\/fr\/wp-json\/wp\/v2\/media?parent=18888"}],"wp:term":[{"taxonomy":"product_brand","embeddable":true,"href":"https:\/\/neylaropadedanza.es\/fr\/wp-json\/wp\/v2\/product_brand?post=18888"},{"taxonomy":"product_cat","embeddable":true,"href":"https:\/\/neylaropadedanza.es\/fr\/wp-json\/wp\/v2\/product_cat?post=18888"},{"taxonomy":"product_tag","embeddable":true,"href":"https:\/\/neylaropadedanza.es\/fr\/wp-json\/wp\/v2\/product_tag?post=18888"}],"curies":[{"name":"wp","href":"https:\/\/api.w.org\/{rel}","templated":true}]}}