{"id":18861,"date":"2025-01-21T20:25:57","date_gmt":"2025-01-21T19:25:57","guid":{"rendered":"https:\/\/neylaropadedanza.es\/product\/batula\/"},"modified":"2025-01-21T20:25:57","modified_gmt":"2025-01-21T20:25:57","slug":"batula","status":"publish","type":"product","link":"https:\/\/neylaropadedanza.es\/fr\/product\/batula\/","title":{"rendered":"Batula"},"content":{"rendered":"<div class=\"flex-shrink-0 flex flex-col relative items-end\">\n<div>\n<div class=\"pt-0\">\n<div class=\"gizmo-bot-avatar flex h-8 w-8 items-center justify-center overflow-hidden rounded-full\">\n<div class=\"relative p-1 rounded-sm flex items-center justify-center bg-token-main-surface-primary text-token-text-primary h-8 w-8\"><strong>Top Batula : Sophistication et Style pour la Danse<\/strong><\/div>\n<\/div>\n<\/div>\n<\/div>\n<\/div>\n<div class=\"group\/conversation-turn relative flex w-full min-w-0 flex-col agent-turn\">\n<div class=\"flex-col gap-1 md:gap-3\">\n<div class=\"flex max-w-full flex-col flex-grow\">\n<div class=\"min-h-8 text-message flex w-full flex-col items-end gap-2 whitespace-normal break-words text-start [.text-message+&amp;]:mt-5\" dir=\"auto\" data-message-author-role=\"assistant\" data-message-id=\"57bcd4f5-77ba-44df-b1d9-609863a9d256\" data-message-model-slug=\"gpt-4o\">\n<div class=\"flex w-full flex-col gap-1 empty:hidden first:pt-[3px]\">\n<div class=\"markdown prose w-full break-words dark:prose-invert light\">\n<p>Le<strong> top Batula<\/strong> combine la douceur du lycra \u00e0 la d\u00e9licatesse du tulle, cr\u00e9ant un v\u00eatement \u00e9l\u00e9gant et fonctionnel pour les danseuses de danse du ventre et autres styles. Son design court, arrivant juste sous la poitrine, et ses manches trois-quarts en tulle ajoutent une touche f\u00e9minine et sophistiqu\u00e9e, id\u00e9ale pour celles qui souhaitent se d\u00e9marquer \u00e0 chaque mouvement. Ce top noir est con\u00e7u pour offrir confort, style et libert\u00e9 totale de mouvement, devenant une pi\u00e8ce essentielle de votre garde-robe de danse.  <\/p>\n<p><strong>Caract\u00e9ristiques du Top Batula<\/strong><\/p>\n<ul>\n<li><strong>Mat\u00e9riau de haute qualit\u00e9 :<\/strong> Corps confectionn\u00e9 en lycra doux et extensible, avec manches en tulle translucide apportant l\u00e9g\u00e8ret\u00e9 et \u00e9l\u00e9gance.<\/li>\n<li><strong>Design court <\/strong>: Arrive juste sous la poitrine, mettant en valeur la silhouette et offrant un ajustement flatteur.<\/li>\n<li><strong>Manches trois-quarts<\/strong> : En tulle noir, apportent un style unique et sophistiqu\u00e9, id\u00e9al pour toute performance ou cours.<\/li>\n<li><strong>Polyvalence : <\/strong>Parfait pour \u00eatre associ\u00e9 \u00e0 d\u2019autres v\u00eatements et s\u2019adapter \u00e0 diff\u00e9rents styles et occasions de danse.<\/li>\n<\/ul>\n<p><strong>Associez-le \u00e0 la Jupe Bashira<\/strong><br \/>\nCompl\u00e9tez votre look de danse en associant le top Batula \u00e0 la <strong>jupe Bashira<\/strong>, con\u00e7ue pour compl\u00e9ter parfaitement le style \u00e9l\u00e9gant du top. D\u00e9couvrez la jupe Bashira en<a href=\"https:\/\/neylaropadedanza.es\/product\/bashira\/\"> cliquant ici.<\/a> <\/p>\n<p><strong>Pourquoi choisir le Top Batula<\/strong><br \/>\nLe <strong>top Batula<\/strong> est le choix id\u00e9al pour les danseuses recherchant un \u00e9quilibre entre confort et style. Son design sophistiqu\u00e9 et la qualit\u00e9 de ses mat\u00e9riaux en font une pi\u00e8ce indispensable, parfaite pour les r\u00e9p\u00e9titions, spectacles et s\u00e9ances photo. <\/p>\n<\/div>\n<\/div>\n<\/div>\n<\/div>\n<\/div>\n<\/div>\n<p>&nbsp;<\/p>\n","protected":false},"excerpt":{"rendered":"<p>* La jupe visible sur certaines images est vendue s\u00e9par\u00e9ment.<\/p>\n<p><a href=\"https:\/\/neylaropadedanza.es\/fr\/guide-des-mesures\/\">Guide des tailles<\/a><\/p>\n","protected":false},"featured_media":18576,"comment_status":"open","ping_status":"closed","template":"","meta":{"content-type":"","_monsterinsights_skip_tracking":false,"_monsterinsights_sitenote_active":false,"_monsterinsights_sitenote_note":"","_monsterinsights_sitenote_category":0,"_uf_show_specific_survey":0,"_uf_disable_surveys":false},"product_brand":[],"product_cat":[971,969],"product_tag":[1120,1418,1253,1327,1331,1369,1307,1305],"class_list":{"0":"post-18861","1":"product","2":"type-product","3":"status-publish","4":"has-post-thumbnail","6":"product_cat-bodys-tops-et-leggings","7":"product_cat-vetements-dentrainement","8":"product_tag-danse-du-ventre","9":"product_tag-lycra-fr","10":"product_tag-noir","11":"product_tag-top-fr","12":"product_tag-top-dentrainement-fr","13":"product_tag-tulle-fr","14":"product_tag-vetements-dentrainement","15":"product_tag-vetements-de-danse-du-ventre-fr","16":"product_shipping_class-standard-fr","18":"first","19":"instock","20":"sale","21":"taxable","22":"shipping-taxable","23":"purchasable","24":"product-type-variable","25":"add-to-wishlist-after_add_to_cart"},"yoast_head":"<!-- This site is optimized with the Yoast SEO plugin v26.6 - https:\/\/yoast.com\/wordpress\/plugins\/seo\/ -->\n<title>Batula - Neyla Dancewear - V\u00eatements de danse du ventre<\/title>\n<meta name=\"description\" content=\"Sublimez votre look avec le top Batula : lycra noir, manches trois-quarts en tulle et design court. Parfait pour la danse du ventre. Associez-le d\u00e8s maintenant \u00e0 la jupe Bashira !\" \/>\n<meta name=\"robots\" content=\"index, follow, max-snippet:-1, max-image-preview:large, max-video-preview:-1\" \/>\n<link rel=\"canonical\" href=\"https:\/\/neylaropadedanza.es\/fr\/product\/batula\/\" \/>\n<meta property=\"og:locale\" content=\"fr_FR\" \/>\n<meta property=\"og:type\" content=\"article\" \/>\n<meta property=\"og:title\" content=\"Batula - Neyla Dancewear - V\u00eatements de danse du ventre\" \/>\n<meta property=\"og:description\" content=\"Sublimez votre look avec le top Batula : lycra noir, manches trois-quarts en tulle et design court. Parfait pour la danse du ventre. Associez-le d\u00e8s maintenant \u00e0 la jupe Bashira !\" \/>\n<meta property=\"og:url\" content=\"https:\/\/neylaropadedanza.es\/fr\/product\/batula\/\" \/>\n<meta property=\"og:site_name\" content=\"Neyla Dancewear\" \/>\n<meta property=\"article:publisher\" content=\"https:\/\/www.facebook.com\/neyladancewear\/\" \/>\n<meta property=\"article:modified_time\" content=\"2025-01-21T20:25:57+00:00\" \/>\n<meta property=\"og:image\" content=\"https:\/\/neylaropadedanza.com\/wp-content\/uploads\/2025\/01\/Ropa-de-Danza-del-Vientre-6-4.jpg\" \/>\n\t<meta property=\"og:image:width\" content=\"1028\" \/>\n\t<meta property=\"og:image:height\" content=\"1100\" \/>\n\t<meta property=\"og:image:type\" content=\"image\/jpeg\" \/>\n<meta name=\"twitter:card\" content=\"summary_large_image\" \/>\n<meta name=\"twitter:label1\" content=\"Dur\u00e9e de lecture estim\u00e9e\" \/>\n\t<meta name=\"twitter:data1\" content=\"1 minute\" \/>\n<script type=\"application\/ld+json\" class=\"yoast-schema-graph\">{\"@context\":\"https:\/\/schema.org\",\"@graph\":[{\"@type\":\"WebPage\",\"@id\":\"https:\/\/neylaropadedanza.es\/fr\/product\/batula\/\",\"url\":\"https:\/\/neylaropadedanza.es\/fr\/product\/batula\/\",\"name\":\"Batula - Neyla Dancewear - V\u00eatements de danse du ventre\",\"isPartOf\":{\"@id\":\"https:\/\/neylaropadedanza.com\/#website\"},\"primaryImageOfPage\":{\"@id\":\"https:\/\/neylaropadedanza.es\/fr\/product\/batula\/#primaryimage\"},\"image\":{\"@id\":\"https:\/\/neylaropadedanza.es\/fr\/product\/batula\/#primaryimage\"},\"thumbnailUrl\":\"https:\/\/neylaropadedanza.es\/wp-content\/uploads\/2025\/01\/Ropa-de-Danza-del-Vientre-6-4.jpg\",\"datePublished\":\"2025-01-21T19:25:57+00:00\",\"dateModified\":\"2025-01-21T20:25:57+00:00\",\"description\":\"Sublimez votre look avec le top Batula : lycra noir, manches trois-quarts en tulle et design court. Parfait pour la danse du ventre. Associez-le d\u00e8s maintenant \u00e0 la jupe Bashira !\",\"breadcrumb\":{\"@id\":\"https:\/\/neylaropadedanza.es\/fr\/product\/batula\/#breadcrumb\"},\"inLanguage\":\"fr-FR\",\"potentialAction\":[{\"@type\":\"ReadAction\",\"target\":[\"https:\/\/neylaropadedanza.es\/fr\/product\/batula\/\"]}]},{\"@type\":\"ImageObject\",\"inLanguage\":\"fr-FR\",\"@id\":\"https:\/\/neylaropadedanza.es\/fr\/product\/batula\/#primaryimage\",\"url\":\"https:\/\/neylaropadedanza.es\/wp-content\/uploads\/2025\/01\/Ropa-de-Danza-del-Vientre-6-4.jpg\",\"contentUrl\":\"https:\/\/neylaropadedanza.es\/wp-content\/uploads\/2025\/01\/Ropa-de-Danza-del-Vientre-6-4.jpg\",\"width\":1028,\"height\":1100,\"caption\":\"Top court Batula en lycra noire avec manches trois-quarts en tulle, design \u00e9l\u00e9gant et confortable pour la danse du ventre.\"},{\"@type\":\"BreadcrumbList\",\"@id\":\"https:\/\/neylaropadedanza.es\/fr\/product\/batula\/#breadcrumb\",\"itemListElement\":[{\"@type\":\"ListItem\",\"position\":1,\"name\":\"Home\",\"item\":\"https:\/\/neylaropadedanza.es\/fr\/\"},{\"@type\":\"ListItem\",\"position\":2,\"name\":\"Produits\",\"item\":\"https:\/\/neylaropadedanza.es\/fr\/shop\/\"},{\"@type\":\"ListItem\",\"position\":3,\"name\":\"Batula\"}]},{\"@type\":\"WebSite\",\"@id\":\"https:\/\/neylaropadedanza.com\/#website\",\"url\":\"https:\/\/neylaropadedanza.com\/\",\"name\":\"NeylaRopaDeDanza\",\"description\":\"Ropa de Danza del Vientre, danza oriental, trajes, ropa de ensayo y mucho m\u00e1s!\",\"publisher\":{\"@id\":\"https:\/\/neylaropadedanza.com\/#organization\"},\"potentialAction\":[{\"@type\":\"SearchAction\",\"target\":{\"@type\":\"EntryPoint\",\"urlTemplate\":\"https:\/\/neylaropadedanza.com\/?s={search_term_string}\"},\"query-input\":{\"@type\":\"PropertyValueSpecification\",\"valueRequired\":true,\"valueName\":\"search_term_string\"}}],\"inLanguage\":\"fr-FR\"},{\"@type\":\"Organization\",\"@id\":\"https:\/\/neylaropadedanza.com\/#organization\",\"name\":\"NeylaRopaDeDanza\",\"url\":\"https:\/\/neylaropadedanza.com\/\",\"logo\":{\"@type\":\"ImageObject\",\"inLanguage\":\"fr-FR\",\"@id\":\"https:\/\/neylaropadedanza.com\/#\/schema\/logo\/image\/\",\"url\":\"https:\/\/neylaropadedanza.es\/wp-content\/uploads\/2025\/04\/Neyla-Blanc.webp\",\"contentUrl\":\"https:\/\/neylaropadedanza.es\/wp-content\/uploads\/2025\/04\/Neyla-Blanc.webp\",\"width\":1970,\"height\":936,\"caption\":\"NeylaRopaDeDanza\"},\"image\":{\"@id\":\"https:\/\/neylaropadedanza.com\/#\/schema\/logo\/image\/\"},\"sameAs\":[\"https:\/\/www.facebook.com\/neyladancewear\/\",\"https:\/\/www.instagram.com\/neyladancewear\/\",\"https:\/\/www.youtube.com\/channel\/UCKlqrANcZD0QqKXzpy4taWA?view_as=subscriber\"]}]}<\/script>\n<!-- \/ Yoast SEO plugin. -->","yoast_head_json":{"title":"Batula - Neyla Dancewear - V\u00eatements de danse du ventre","description":"Sublimez votre look avec le top Batula : lycra noir, manches trois-quarts en tulle et design court. Parfait pour la danse du ventre. Associez-le d\u00e8s maintenant \u00e0 la jupe Bashira !","robots":{"index":"index","follow":"follow","max-snippet":"max-snippet:-1","max-image-preview":"max-image-preview:large","max-video-preview":"max-video-preview:-1"},"canonical":"https:\/\/neylaropadedanza.es\/fr\/product\/batula\/","og_locale":"fr_FR","og_type":"article","og_title":"Batula - Neyla Dancewear - V\u00eatements de danse du ventre","og_description":"Sublimez votre look avec le top Batula : lycra noir, manches trois-quarts en tulle et design court. Parfait pour la danse du ventre. Associez-le d\u00e8s maintenant \u00e0 la jupe Bashira !","og_url":"https:\/\/neylaropadedanza.es\/fr\/product\/batula\/","og_site_name":"Neyla Dancewear","article_publisher":"https:\/\/www.facebook.com\/neyladancewear\/","article_modified_time":"2025-01-21T20:25:57+00:00","og_image":[{"width":1028,"height":1100,"url":"https:\/\/neylaropadedanza.com\/wp-content\/uploads\/2025\/01\/Ropa-de-Danza-del-Vientre-6-4.jpg","type":"image\/jpeg"}],"twitter_card":"summary_large_image","twitter_misc":{"Dur\u00e9e de lecture estim\u00e9e":"1 minute"},"schema":{"@context":"https:\/\/schema.org","@graph":[{"@type":"WebPage","@id":"https:\/\/neylaropadedanza.es\/fr\/product\/batula\/","url":"https:\/\/neylaropadedanza.es\/fr\/product\/batula\/","name":"Batula - Neyla Dancewear - V\u00eatements de danse du ventre","isPartOf":{"@id":"https:\/\/neylaropadedanza.com\/#website"},"primaryImageOfPage":{"@id":"https:\/\/neylaropadedanza.es\/fr\/product\/batula\/#primaryimage"},"image":{"@id":"https:\/\/neylaropadedanza.es\/fr\/product\/batula\/#primaryimage"},"thumbnailUrl":"https:\/\/neylaropadedanza.es\/wp-content\/uploads\/2025\/01\/Ropa-de-Danza-del-Vientre-6-4.jpg","datePublished":"2025-01-21T19:25:57+00:00","dateModified":"2025-01-21T20:25:57+00:00","description":"Sublimez votre look avec le top Batula : lycra noir, manches trois-quarts en tulle et design court. Parfait pour la danse du ventre. Associez-le d\u00e8s maintenant \u00e0 la jupe Bashira !","breadcrumb":{"@id":"https:\/\/neylaropadedanza.es\/fr\/product\/batula\/#breadcrumb"},"inLanguage":"fr-FR","potentialAction":[{"@type":"ReadAction","target":["https:\/\/neylaropadedanza.es\/fr\/product\/batula\/"]}]},{"@type":"ImageObject","inLanguage":"fr-FR","@id":"https:\/\/neylaropadedanza.es\/fr\/product\/batula\/#primaryimage","url":"https:\/\/neylaropadedanza.es\/wp-content\/uploads\/2025\/01\/Ropa-de-Danza-del-Vientre-6-4.jpg","contentUrl":"https:\/\/neylaropadedanza.es\/wp-content\/uploads\/2025\/01\/Ropa-de-Danza-del-Vientre-6-4.jpg","width":1028,"height":1100,"caption":"Top court Batula en lycra noire avec manches trois-quarts en tulle, design \u00e9l\u00e9gant et confortable pour la danse du ventre."},{"@type":"BreadcrumbList","@id":"https:\/\/neylaropadedanza.es\/fr\/product\/batula\/#breadcrumb","itemListElement":[{"@type":"ListItem","position":1,"name":"Home","item":"https:\/\/neylaropadedanza.es\/fr\/"},{"@type":"ListItem","position":2,"name":"Produits","item":"https:\/\/neylaropadedanza.es\/fr\/shop\/"},{"@type":"ListItem","position":3,"name":"Batula"}]},{"@type":"WebSite","@id":"https:\/\/neylaropadedanza.com\/#website","url":"https:\/\/neylaropadedanza.com\/","name":"NeylaRopaDeDanza","description":"Ropa de Danza del Vientre, danza oriental, trajes, ropa de ensayo y mucho m\u00e1s!","publisher":{"@id":"https:\/\/neylaropadedanza.com\/#organization"},"potentialAction":[{"@type":"SearchAction","target":{"@type":"EntryPoint","urlTemplate":"https:\/\/neylaropadedanza.com\/?s={search_term_string}"},"query-input":{"@type":"PropertyValueSpecification","valueRequired":true,"valueName":"search_term_string"}}],"inLanguage":"fr-FR"},{"@type":"Organization","@id":"https:\/\/neylaropadedanza.com\/#organization","name":"NeylaRopaDeDanza","url":"https:\/\/neylaropadedanza.com\/","logo":{"@type":"ImageObject","inLanguage":"fr-FR","@id":"https:\/\/neylaropadedanza.com\/#\/schema\/logo\/image\/","url":"https:\/\/neylaropadedanza.es\/wp-content\/uploads\/2025\/04\/Neyla-Blanc.webp","contentUrl":"https:\/\/neylaropadedanza.es\/wp-content\/uploads\/2025\/04\/Neyla-Blanc.webp","width":1970,"height":936,"caption":"NeylaRopaDeDanza"},"image":{"@id":"https:\/\/neylaropadedanza.com\/#\/schema\/logo\/image\/"},"sameAs":["https:\/\/www.facebook.com\/neyladancewear\/","https:\/\/www.instagram.com\/neyladancewear\/","https:\/\/www.youtube.com\/channel\/UCKlqrANcZD0QqKXzpy4taWA?view_as=subscriber"]}]}},"_links":{"self":[{"href":"https:\/\/neylaropadedanza.es\/fr\/wp-json\/wp\/v2\/product\/18861","targetHints":{"allow":["GET"]}}],"collection":[{"href":"https:\/\/neylaropadedanza.es\/fr\/wp-json\/wp\/v2\/product"}],"about":[{"href":"https:\/\/neylaropadedanza.es\/fr\/wp-json\/wp\/v2\/types\/product"}],"replies":[{"embeddable":true,"href":"https:\/\/neylaropadedanza.es\/fr\/wp-json\/wp\/v2\/comments?post=18861"}],"version-history":[{"count":0,"href":"https:\/\/neylaropadedanza.es\/fr\/wp-json\/wp\/v2\/product\/18861\/revisions"}],"wp:featuredmedia":[{"embeddable":true,"href":"https:\/\/neylaropadedanza.es\/fr\/wp-json\/wp\/v2\/media\/18576"}],"wp:attachment":[{"href":"https:\/\/neylaropadedanza.es\/fr\/wp-json\/wp\/v2\/media?parent=18861"}],"wp:term":[{"taxonomy":"product_brand","embeddable":true,"href":"https:\/\/neylaropadedanza.es\/fr\/wp-json\/wp\/v2\/product_brand?post=18861"},{"taxonomy":"product_cat","embeddable":true,"href":"https:\/\/neylaropadedanza.es\/fr\/wp-json\/wp\/v2\/product_cat?post=18861"},{"taxonomy":"product_tag","embeddable":true,"href":"https:\/\/neylaropadedanza.es\/fr\/wp-json\/wp\/v2\/product_tag?post=18861"}],"curies":[{"name":"wp","href":"https:\/\/api.w.org\/{rel}","templated":true}]}}