{"id":18819,"date":"2025-03-18T20:36:19","date_gmt":"2025-03-18T19:36:19","guid":{"rendered":"https:\/\/neylaropadedanza.es\/product\/dounia\/"},"modified":"2025-03-18T20:36:19","modified_gmt":"2025-03-18T20:36:19","slug":"dounia","status":"publish","type":"product","link":"https:\/\/neylaropadedanza.es\/fr\/product\/dounia\/","title":{"rendered":"Dounia"},"content":{"rendered":"<h2 style=\"text-align: justify;\">\ud83d\udda4 Jupe Dounia \u2013 V\u00eatements de Danse du Ventre \u2013 \u00c9l\u00e9gance et Mouvement<\/h2>\n<p data-pm-slice=\"1 1 []\">La j<strong>upe Dounia pour la danse du ventre <\/strong>est une pi\u00e8ce essentielle pour toute danseuse souhaitant renforcer sa pr\u00e9sence sur sc\u00e8ne avec \u00e9l\u00e9gance et mouvement. Confectionn\u00e9e dans un tissu l\u00e9ger et fluide, elle permet \u00e0 chaque tour, ondulation et d\u00e9placement de se d\u00e9marquer avec une fluidit\u00e9 impressionnante, ajoutant dynamisme et beaut\u00e9 \u00e0 chaque prestation. <\/p>\n<p>L\u2019imprim\u00e9 plumes aux tons chauds lui conf\u00e8re un design exotique et saisissant, id\u00e9al pour les spectacles individuels ou en groupe. L\u2019association des couleurs apporte une touche sophistiqu\u00e9e et polyvalente, rendant cette jupe adapt\u00e9e aux repr\u00e9sentations en direct, aux s\u00e9ances photo et aux r\u00e9p\u00e9titions. <\/p>\n<p>Sa coupe droite et fluide offre une silhouette flatteuse pour tous les types de corps, affinant la silhouette sans restreindre les mouvements. La ceinture \u00e9lastique noire offre un maintien confortable et s\u00e9curis\u00e9, vous permettant de vous concentrer sur votre danse sans vous soucier d\u2019ajustements constants. <\/p>\n<p>Gr\u00e2ce \u00e0 son tissu respirant et \u00e0 s\u00e9chage rapide, la jupe Dounia est parfaite pour les longues sessions d\u2019entra\u00eenement, les r\u00e9p\u00e9titions exigeantes et les repr\u00e9sentations sur toutes sortes de sc\u00e8nes. Sa polyvalence permet de l\u2019associer \u00e0 diff\u00e9rents hauts et accessoires, bien qu\u2019elle soit particuli\u00e8rement belle avec le top Dou assorti, disponible ici : <a href=\"https:\/\/neylaropadedanza.es\/fr\/product\/dou\/\">Top Dou<\/a>. Ensemble, ces v\u00eatements cr\u00e9ent un ensemble \u00e9l\u00e9gant et professionnel, id\u00e9al pour toute danseuse souhaitant se d\u00e9marquer avec style. <\/p>\n<p>Disponible en taille M\/L, la jupe Dounia pour la danse du ventre est une option incontournable pour les danseuses recherchant confort, \u00e9l\u00e9gance et fonctionnalit\u00e9 en une seule pi\u00e8ce.<\/p>\n","protected":false},"excerpt":{"rendered":"<p><a href=\"https:\/\/neylaropadedanza.es\/fr\/guide-des-mesures\/\">Guide des Tailles<\/a><\/p>\n","protected":false},"featured_media":18632,"comment_status":"open","ping_status":"closed","template":"","meta":{"content-type":"","_monsterinsights_skip_tracking":false,"_monsterinsights_sitenote_active":false,"_monsterinsights_sitenote_note":"","_monsterinsights_sitenote_category":0,"_uf_show_specific_survey":0,"_uf_disable_surveys":false},"product_brand":[],"product_cat":[975,969],"product_tag":[1430,1291,1413,1466,1474,1442,1457],"class_list":{"0":"post-18819","1":"product","2":"type-product","3":"status-publish","4":"has-post-thumbnail","6":"product_cat-jupes","7":"product_cat-vetements-dentrainement","8":"product_tag-costume-de-danse-arabe","9":"product_tag-costumes-de-danse-du-ventre","10":"product_tag-robe-de-danse-du-ventre-fr-2","11":"product_tag-top-de-danse-du-ventre","12":"product_tag-top-transparent","13":"product_tag-vetements-de-danse-orientale-fr","14":"product_tag-vetements-pour-spectacle-fr","15":"product_shipping_class-standard-fr","17":"first","18":"instock","19":"sale","20":"taxable","21":"shipping-taxable","22":"purchasable","23":"product-type-variable","24":"add-to-wishlist-after_add_to_cart"},"yoast_head":"<!-- This site is optimized with the Yoast SEO plugin v27.4 - https:\/\/yoast.com\/product\/yoast-seo-wordpress\/ -->\n<title>Dounia - Neyla Dancewear - V\u00eatements de danse du ventre<\/title>\n<meta name=\"description\" content=\"D\u00e9couvrez la jupe Dounia pour la danse du ventre avec imprim\u00e9 plumes. Un design \u00e9l\u00e9gant et confortable, id\u00e9al pour les spectacles et les r\u00e9p\u00e9titions.\" \/>\n<meta name=\"robots\" content=\"index, follow, max-snippet:-1, max-image-preview:large, max-video-preview:-1\" \/>\n<link rel=\"canonical\" href=\"https:\/\/neylaropadedanza.es\/fr\/product\/dounia\/\" \/>\n<meta property=\"og:locale\" content=\"fr_FR\" \/>\n<meta property=\"og:type\" content=\"article\" \/>\n<meta property=\"og:title\" content=\"Dounia - Neyla Dancewear - V\u00eatements de danse du ventre\" \/>\n<meta property=\"og:description\" content=\"D\u00e9couvrez la jupe Dounia pour la danse du ventre avec imprim\u00e9 plumes. Un design \u00e9l\u00e9gant et confortable, id\u00e9al pour les spectacles et les r\u00e9p\u00e9titions.\" \/>\n<meta property=\"og:url\" content=\"https:\/\/neylaropadedanza.es\/fr\/product\/dounia\/\" \/>\n<meta property=\"og:site_name\" content=\"Neyla Dancewear\" \/>\n<meta property=\"article:publisher\" content=\"https:\/\/www.facebook.com\/neyladancewear\/\" \/>\n<meta property=\"article:modified_time\" content=\"2025-03-18T20:36:19+00:00\" \/>\n<meta property=\"og:image\" content=\"https:\/\/neylaropadedanza.es\/wp-content\/uploads\/2025\/03\/Ropa-de-Danza-del-Vientre-41-1.jpg\" \/>\n\t<meta property=\"og:image:width\" content=\"1155\" \/>\n\t<meta property=\"og:image:height\" content=\"1100\" \/>\n\t<meta property=\"og:image:type\" content=\"image\/jpeg\" \/>\n<meta name=\"twitter:card\" content=\"summary_large_image\" \/>\n<meta name=\"twitter:label1\" content=\"Dur\u00e9e de lecture estim\u00e9e\" \/>\n\t<meta name=\"twitter:data1\" content=\"1 minute\" \/>\n<script type=\"application\/ld+json\" class=\"yoast-schema-graph\">{\"@context\":\"https:\\\/\\\/schema.org\",\"@graph\":[{\"@type\":\"WebPage\",\"@id\":\"https:\\\/\\\/neylaropadedanza.es\\\/fr\\\/product\\\/dounia\\\/\",\"url\":\"https:\\\/\\\/neylaropadedanza.es\\\/fr\\\/product\\\/dounia\\\/\",\"name\":\"Dounia - Neyla Dancewear - V\u00eatements de danse du ventre\",\"isPartOf\":{\"@id\":\"https:\\\/\\\/neylaropadedanza.com\\\/#website\"},\"primaryImageOfPage\":{\"@id\":\"https:\\\/\\\/neylaropadedanza.es\\\/fr\\\/product\\\/dounia\\\/#primaryimage\"},\"image\":{\"@id\":\"https:\\\/\\\/neylaropadedanza.es\\\/fr\\\/product\\\/dounia\\\/#primaryimage\"},\"thumbnailUrl\":\"https:\\\/\\\/neylaropadedanza.es\\\/wp-content\\\/uploads\\\/2025\\\/03\\\/Ropa-de-Danza-del-Vientre-41-1.jpg\",\"datePublished\":\"2025-03-18T19:36:19+00:00\",\"dateModified\":\"2025-03-18T20:36:19+00:00\",\"description\":\"D\u00e9couvrez la jupe Dounia pour la danse du ventre avec imprim\u00e9 plumes. Un design \u00e9l\u00e9gant et confortable, id\u00e9al pour les spectacles et les r\u00e9p\u00e9titions.\",\"breadcrumb\":{\"@id\":\"https:\\\/\\\/neylaropadedanza.es\\\/fr\\\/product\\\/dounia\\\/#breadcrumb\"},\"inLanguage\":\"fr-FR\",\"potentialAction\":[{\"@type\":\"ReadAction\",\"target\":[\"https:\\\/\\\/neylaropadedanza.es\\\/fr\\\/product\\\/dounia\\\/\"]}]},{\"@type\":\"ImageObject\",\"inLanguage\":\"fr-FR\",\"@id\":\"https:\\\/\\\/neylaropadedanza.es\\\/fr\\\/product\\\/dounia\\\/#primaryimage\",\"url\":\"https:\\\/\\\/neylaropadedanza.es\\\/wp-content\\\/uploads\\\/2025\\\/03\\\/Ropa-de-Danza-del-Vientre-41-1.jpg\",\"contentUrl\":\"https:\\\/\\\/neylaropadedanza.es\\\/wp-content\\\/uploads\\\/2025\\\/03\\\/Ropa-de-Danza-del-Vientre-41-1.jpg\",\"width\":1155,\"height\":1100,\"caption\":\"Jupe Dounia l\u00e9g\u00e8re et transparente avec imprim\u00e9 plumes pour la danse du ventre.\"},{\"@type\":\"BreadcrumbList\",\"@id\":\"https:\\\/\\\/neylaropadedanza.es\\\/fr\\\/product\\\/dounia\\\/#breadcrumb\",\"itemListElement\":[{\"@type\":\"ListItem\",\"position\":1,\"name\":\"Home\",\"item\":\"https:\\\/\\\/neylaropadedanza.es\\\/fr\\\/\"},{\"@type\":\"ListItem\",\"position\":2,\"name\":\"Produits\",\"item\":\"https:\\\/\\\/neylaropadedanza.es\\\/fr\\\/shop\\\/\"},{\"@type\":\"ListItem\",\"position\":3,\"name\":\"Dounia\"}]},{\"@type\":\"WebSite\",\"@id\":\"https:\\\/\\\/neylaropadedanza.com\\\/#website\",\"url\":\"https:\\\/\\\/neylaropadedanza.com\\\/\",\"name\":\"NeylaRopaDeDanza\",\"description\":\"Ropa de Danza del Vientre, danza oriental, trajes, ropa de ensayo y mucho m\u00e1s!\",\"publisher\":{\"@id\":\"https:\\\/\\\/neylaropadedanza.com\\\/#organization\"},\"potentialAction\":[{\"@type\":\"SearchAction\",\"target\":{\"@type\":\"EntryPoint\",\"urlTemplate\":\"https:\\\/\\\/neylaropadedanza.com\\\/?s={search_term_string}\"},\"query-input\":{\"@type\":\"PropertyValueSpecification\",\"valueRequired\":true,\"valueName\":\"search_term_string\"}}],\"inLanguage\":\"fr-FR\"},{\"@type\":\"Organization\",\"@id\":\"https:\\\/\\\/neylaropadedanza.com\\\/#organization\",\"name\":\"NeylaRopaDeDanza\",\"url\":\"https:\\\/\\\/neylaropadedanza.com\\\/\",\"logo\":{\"@type\":\"ImageObject\",\"inLanguage\":\"fr-FR\",\"@id\":\"https:\\\/\\\/neylaropadedanza.com\\\/#\\\/schema\\\/logo\\\/image\\\/\",\"url\":\"https:\\\/\\\/neylaropadedanza.es\\\/wp-content\\\/uploads\\\/2025\\\/04\\\/Neyla-Blanc.webp\",\"contentUrl\":\"https:\\\/\\\/neylaropadedanza.es\\\/wp-content\\\/uploads\\\/2025\\\/04\\\/Neyla-Blanc.webp\",\"width\":1970,\"height\":936,\"caption\":\"NeylaRopaDeDanza\"},\"image\":{\"@id\":\"https:\\\/\\\/neylaropadedanza.com\\\/#\\\/schema\\\/logo\\\/image\\\/\"},\"sameAs\":[\"https:\\\/\\\/www.facebook.com\\\/neyladancewear\\\/\",\"https:\\\/\\\/www.instagram.com\\\/neyladancewear\\\/\",\"https:\\\/\\\/www.youtube.com\\\/channel\\\/UCKlqrANcZD0QqKXzpy4taWA?view_as=subscriber\"]}]}<\/script>\n<!-- \/ Yoast SEO plugin. -->","yoast_head_json":{"title":"Dounia - Neyla Dancewear - V\u00eatements de danse du ventre","description":"D\u00e9couvrez la jupe Dounia pour la danse du ventre avec imprim\u00e9 plumes. Un design \u00e9l\u00e9gant et confortable, id\u00e9al pour les spectacles et les r\u00e9p\u00e9titions.","robots":{"index":"index","follow":"follow","max-snippet":"max-snippet:-1","max-image-preview":"max-image-preview:large","max-video-preview":"max-video-preview:-1"},"canonical":"https:\/\/neylaropadedanza.es\/fr\/product\/dounia\/","og_locale":"fr_FR","og_type":"article","og_title":"Dounia - Neyla Dancewear - V\u00eatements de danse du ventre","og_description":"D\u00e9couvrez la jupe Dounia pour la danse du ventre avec imprim\u00e9 plumes. Un design \u00e9l\u00e9gant et confortable, id\u00e9al pour les spectacles et les r\u00e9p\u00e9titions.","og_url":"https:\/\/neylaropadedanza.es\/fr\/product\/dounia\/","og_site_name":"Neyla Dancewear","article_publisher":"https:\/\/www.facebook.com\/neyladancewear\/","article_modified_time":"2025-03-18T20:36:19+00:00","og_image":[{"width":1155,"height":1100,"url":"https:\/\/neylaropadedanza.es\/wp-content\/uploads\/2025\/03\/Ropa-de-Danza-del-Vientre-41-1.jpg","type":"image\/jpeg"}],"twitter_card":"summary_large_image","twitter_misc":{"Dur\u00e9e de lecture estim\u00e9e":"1 minute"},"schema":{"@context":"https:\/\/schema.org","@graph":[{"@type":"WebPage","@id":"https:\/\/neylaropadedanza.es\/fr\/product\/dounia\/","url":"https:\/\/neylaropadedanza.es\/fr\/product\/dounia\/","name":"Dounia - Neyla Dancewear - V\u00eatements de danse du ventre","isPartOf":{"@id":"https:\/\/neylaropadedanza.com\/#website"},"primaryImageOfPage":{"@id":"https:\/\/neylaropadedanza.es\/fr\/product\/dounia\/#primaryimage"},"image":{"@id":"https:\/\/neylaropadedanza.es\/fr\/product\/dounia\/#primaryimage"},"thumbnailUrl":"https:\/\/neylaropadedanza.es\/wp-content\/uploads\/2025\/03\/Ropa-de-Danza-del-Vientre-41-1.jpg","datePublished":"2025-03-18T19:36:19+00:00","dateModified":"2025-03-18T20:36:19+00:00","description":"D\u00e9couvrez la jupe Dounia pour la danse du ventre avec imprim\u00e9 plumes. Un design \u00e9l\u00e9gant et confortable, id\u00e9al pour les spectacles et les r\u00e9p\u00e9titions.","breadcrumb":{"@id":"https:\/\/neylaropadedanza.es\/fr\/product\/dounia\/#breadcrumb"},"inLanguage":"fr-FR","potentialAction":[{"@type":"ReadAction","target":["https:\/\/neylaropadedanza.es\/fr\/product\/dounia\/"]}]},{"@type":"ImageObject","inLanguage":"fr-FR","@id":"https:\/\/neylaropadedanza.es\/fr\/product\/dounia\/#primaryimage","url":"https:\/\/neylaropadedanza.es\/wp-content\/uploads\/2025\/03\/Ropa-de-Danza-del-Vientre-41-1.jpg","contentUrl":"https:\/\/neylaropadedanza.es\/wp-content\/uploads\/2025\/03\/Ropa-de-Danza-del-Vientre-41-1.jpg","width":1155,"height":1100,"caption":"Jupe Dounia l\u00e9g\u00e8re et transparente avec imprim\u00e9 plumes pour la danse du ventre."},{"@type":"BreadcrumbList","@id":"https:\/\/neylaropadedanza.es\/fr\/product\/dounia\/#breadcrumb","itemListElement":[{"@type":"ListItem","position":1,"name":"Home","item":"https:\/\/neylaropadedanza.es\/fr\/"},{"@type":"ListItem","position":2,"name":"Produits","item":"https:\/\/neylaropadedanza.es\/fr\/shop\/"},{"@type":"ListItem","position":3,"name":"Dounia"}]},{"@type":"WebSite","@id":"https:\/\/neylaropadedanza.com\/#website","url":"https:\/\/neylaropadedanza.com\/","name":"NeylaRopaDeDanza","description":"Ropa de Danza del Vientre, danza oriental, trajes, ropa de ensayo y mucho m\u00e1s!","publisher":{"@id":"https:\/\/neylaropadedanza.com\/#organization"},"potentialAction":[{"@type":"SearchAction","target":{"@type":"EntryPoint","urlTemplate":"https:\/\/neylaropadedanza.com\/?s={search_term_string}"},"query-input":{"@type":"PropertyValueSpecification","valueRequired":true,"valueName":"search_term_string"}}],"inLanguage":"fr-FR"},{"@type":"Organization","@id":"https:\/\/neylaropadedanza.com\/#organization","name":"NeylaRopaDeDanza","url":"https:\/\/neylaropadedanza.com\/","logo":{"@type":"ImageObject","inLanguage":"fr-FR","@id":"https:\/\/neylaropadedanza.com\/#\/schema\/logo\/image\/","url":"https:\/\/neylaropadedanza.es\/wp-content\/uploads\/2025\/04\/Neyla-Blanc.webp","contentUrl":"https:\/\/neylaropadedanza.es\/wp-content\/uploads\/2025\/04\/Neyla-Blanc.webp","width":1970,"height":936,"caption":"NeylaRopaDeDanza"},"image":{"@id":"https:\/\/neylaropadedanza.com\/#\/schema\/logo\/image\/"},"sameAs":["https:\/\/www.facebook.com\/neyladancewear\/","https:\/\/www.instagram.com\/neyladancewear\/","https:\/\/www.youtube.com\/channel\/UCKlqrANcZD0QqKXzpy4taWA?view_as=subscriber"]}]}},"_links":{"self":[{"href":"https:\/\/neylaropadedanza.es\/fr\/wp-json\/wp\/v2\/product\/18819","targetHints":{"allow":["GET"]}}],"collection":[{"href":"https:\/\/neylaropadedanza.es\/fr\/wp-json\/wp\/v2\/product"}],"about":[{"href":"https:\/\/neylaropadedanza.es\/fr\/wp-json\/wp\/v2\/types\/product"}],"replies":[{"embeddable":true,"href":"https:\/\/neylaropadedanza.es\/fr\/wp-json\/wp\/v2\/comments?post=18819"}],"version-history":[{"count":0,"href":"https:\/\/neylaropadedanza.es\/fr\/wp-json\/wp\/v2\/product\/18819\/revisions"}],"wp:featuredmedia":[{"embeddable":true,"href":"https:\/\/neylaropadedanza.es\/fr\/wp-json\/wp\/v2\/media\/18632"}],"wp:attachment":[{"href":"https:\/\/neylaropadedanza.es\/fr\/wp-json\/wp\/v2\/media?parent=18819"}],"wp:term":[{"taxonomy":"product_brand","embeddable":true,"href":"https:\/\/neylaropadedanza.es\/fr\/wp-json\/wp\/v2\/product_brand?post=18819"},{"taxonomy":"product_cat","embeddable":true,"href":"https:\/\/neylaropadedanza.es\/fr\/wp-json\/wp\/v2\/product_cat?post=18819"},{"taxonomy":"product_tag","embeddable":true,"href":"https:\/\/neylaropadedanza.es\/fr\/wp-json\/wp\/v2\/product_tag?post=18819"}],"curies":[{"name":"wp","href":"https:\/\/api.w.org\/{rel}","templated":true}]}}