{"id":18807,"date":"2025-03-19T18:18:48","date_gmt":"2025-03-19T17:18:48","guid":{"rendered":"https:\/\/neylaropadedanza.es\/product\/dou\/"},"modified":"2025-03-19T18:18:48","modified_gmt":"2025-03-19T18:18:48","slug":"dou","status":"publish","type":"product","link":"https:\/\/neylaropadedanza.es\/fr\/product\/dou\/","title":{"rendered":"Dou"},"content":{"rendered":"<h2>Top de Danse du Ventre Dou \u2013 \u00c9l\u00e9gance et Mouvement<\/h2>\n<p data-start=\"68\" data-end=\"431\">Le <strong data-start=\"71\" data-end=\"106\">top de danse du ventre Dou<\/strong> est la combinaison parfaite <strong data-start=\"137\" data-end=\"177\">d\u2019\u00e9l\u00e9gance, de confort et de fonctionnalit\u00e9<\/strong>. Con\u00e7u pour mettre en <strong data-start=\"193\" data-end=\"215\">valeur la silhouette <\/strong>et accompagner chaque mouvement avec fluidit\u00e9, il est id\u00e9al pour les <strong data-start=\"271\" data-end=\"313\">spectacles, r\u00e9p\u00e9titions et cours de danse<\/strong>. Que ce soit sur sc\u00e8ne ou en studio, ce top offre l\u2019\u00e9quilibre parfait entre <strong data-start=\"403\" data-end=\"428\">style et flexibilit\u00e9.<\/strong>  <\/p>\n<p data-start=\"433\" data-end=\"868\">Confectionn\u00e9 dans un <strong data-start=\"453\" data-end=\"489\">tissu l\u00e9ger et semi-transparent<\/strong>, il permet une <strong data-start=\"503\" data-end=\"538\">libert\u00e9 de mouvement absolue<\/strong>, mettant en avant la fluidit\u00e9 et la gr\u00e2ce caract\u00e9ristiques de la <strong data-start=\"596\" data-end=\"614\">danse orientale.<\/strong> Son <strong data-start=\"619\" data-end=\"684\">imprim\u00e9 plumes impressionnant dans des tons chauds et terreux <\/strong>apporte une touche exotique et saisissante, faisant de ce v\u00eatement une pi\u00e8ce unique et sophistiqu\u00e9e. De plus, sa t<strong data-start=\"783\" data-end=\"800\">exture douce<\/strong> garantit un ajustement confortable qui s\u2019adapte parfaitement au corps.  <\/p>\n<p data-start=\"870\" data-end=\"1273\">L\u2019un de ses d\u00e9tails les plus remarquables est ses <strong data-start=\"913\" data-end=\"936\">manches trois-quarts,<\/strong> qui ajoutent une touche raffin\u00e9e et stylis\u00e9e. Sa <strong data-start=\"985\" data-end=\"1004\">coupe ajust\u00e9e<\/strong> flatte diff\u00e9rents types de corps, mettant en valeur la silhouette sans compromettre le <strong data-start=\"1081\" data-end=\"1123\">confort ni la libert\u00e9 de mouvement<\/strong>. Gr\u00e2ce \u00e0 son <strong data-start=\"1138\" data-end=\"1180\">tissu respirant<\/strong> et \u00e0 s\u00e9chage rapide, ce top garde les danseuses au frais m\u00eame pendant les <strong data-start=\"1245\" data-end=\"1270\">routines les plus exigeantes.<\/strong>  <\/p>\n<p data-start=\"1275\" data-end=\"1751\">Ce <strong data-start=\"1280\" data-end=\"1296\">top polyvalent<\/strong> se marie facilement avec diff\u00e9rentes<strong data-start=\"1333\" data-end=\"1365\"> jupes et pantalons de danse,<\/strong> offrant de multiples options de style. Pour un <strong data-start=\"1420\" data-end=\"1449\">look harmonieux et \u00e9l\u00e9gant<\/strong>, nous recommandons de le combiner avec la <strong data-start=\"1482\" data-end=\"1519\">jupe de danse du ventre Dounia<\/strong>, confectionn\u00e9e dans le m\u00eame<strong data-start=\"1675\" data-end=\"1713\"> tissu et imprim\u00e9 exquis<\/strong>. La jupe compl\u00e9mentaire renforce l<strong data-start=\"1547\" data-end=\"1580\">\u2019impact visuel<\/strong> de toute prestation, cr\u00e9ant un <strong data-start=\"1618\" data-end=\"1636\">ensemble coh\u00e9rent et professionnel<\/strong>. Retrouvez la jupe ici : <a href=\"https:\/\/neylaropadedanza.es\/product\/dounia\/\">Jupe Dounia<\/a>.   <\/p>\n<p data-start=\"1753\" data-end=\"2090\" data-is-last-node=\"\" data-is-only-node=\"\">Disponible en <strong data-start=\"1767\" data-end=\"1784\">plusieurs tailles,<\/strong> ce top est id\u00e9al tant pour les d<strong data-start=\"1815\" data-end=\"1862\">anseuses d\u00e9butantes que professionnelles<\/strong>. Si vous recherchez un <strong data-start=\"1885\" data-end=\"1925\">v\u00eatement l\u00e9ger, \u00e9l\u00e9gant et de haute qualit\u00e9<\/strong> pour votre g<strong data-start=\"1934\" data-end=\"1965\">arde-robe de danse orientale<\/strong>, le <strong data-start=\"1970\" data-end=\"1984\">top Dou<\/strong> est le choix parfait. \u00c9levez votre style et laissez vos mouvements s\u2019exprimer avec <strong data-start=\"2041\" data-end=\"2089\">\u00e9l\u00e9gance et confort.<\/strong>  <\/p>\n","protected":false},"excerpt":{"rendered":"<p>Attention : il s\u2019agit d\u2019une taille M ajust\u00e9e. Si vous avez une forte poitrine, il risque de ne pas bien vous aller. <\/p>\n","protected":false},"featured_media":18636,"comment_status":"open","ping_status":"closed","template":"","meta":{"content-type":"","_monsterinsights_skip_tracking":false,"_monsterinsights_sitenote_active":false,"_monsterinsights_sitenote_note":"","_monsterinsights_sitenote_category":0,"_uf_show_specific_survey":0,"_uf_disable_surveys":false},"product_brand":[],"product_cat":[971,969],"product_tag":[],"class_list":{"0":"post-18807","1":"product","2":"type-product","3":"status-publish","4":"has-post-thumbnail","6":"product_cat-bodys-tops-et-leggings","7":"product_cat-vetements-dentrainement","8":"product_shipping_class-standard-fr","10":"first","11":"instock","12":"sale","13":"taxable","14":"shipping-taxable","15":"purchasable","16":"product-type-variable","17":"add-to-wishlist-after_add_to_cart"},"yoast_head":"<!-- This site is optimized with the Yoast SEO plugin v27.4 - https:\/\/yoast.com\/product\/yoast-seo-wordpress\/ -->\n<title>Dou - Neyla Dancewear - V\u00eatements de danse du ventre<\/title>\n<meta name=\"description\" content=\"D\u00e9couvrez le top Dou pour danse du ventre avec imprim\u00e9 plumes. Un design \u00e9l\u00e9gant et confortable, id\u00e9al pour les spectacles et les r\u00e9p\u00e9titions.\" \/>\n<meta name=\"robots\" content=\"index, follow, max-snippet:-1, max-image-preview:large, max-video-preview:-1\" \/>\n<link rel=\"canonical\" href=\"https:\/\/neylaropadedanza.es\/fr\/product\/dou\/\" \/>\n<meta property=\"og:locale\" content=\"fr_FR\" \/>\n<meta property=\"og:type\" content=\"article\" \/>\n<meta property=\"og:title\" content=\"Dou - Neyla Dancewear - V\u00eatements de danse du ventre\" \/>\n<meta property=\"og:description\" content=\"D\u00e9couvrez le top Dou pour danse du ventre avec imprim\u00e9 plumes. Un design \u00e9l\u00e9gant et confortable, id\u00e9al pour les spectacles et les r\u00e9p\u00e9titions.\" \/>\n<meta property=\"og:url\" content=\"https:\/\/neylaropadedanza.es\/fr\/product\/dou\/\" \/>\n<meta property=\"og:site_name\" content=\"Neyla Dancewear\" \/>\n<meta property=\"article:publisher\" content=\"https:\/\/www.facebook.com\/neyladancewear\/\" \/>\n<meta property=\"article:modified_time\" content=\"2025-03-19T18:18:48+00:00\" \/>\n<meta property=\"og:image\" content=\"https:\/\/neylaropadedanza.es\/wp-content\/uploads\/2025\/03\/Ropa-de-Danza-del-Vientre-36-1.jpg\" \/>\n\t<meta property=\"og:image:width\" content=\"1076\" \/>\n\t<meta property=\"og:image:height\" content=\"1100\" \/>\n\t<meta property=\"og:image:type\" content=\"image\/jpeg\" \/>\n<meta name=\"twitter:card\" content=\"summary_large_image\" \/>\n<meta name=\"twitter:label1\" content=\"Dur\u00e9e de lecture estim\u00e9e\" \/>\n\t<meta name=\"twitter:data1\" content=\"2 minutes\" \/>\n<script type=\"application\/ld+json\" class=\"yoast-schema-graph\">{\"@context\":\"https:\\\/\\\/schema.org\",\"@graph\":[{\"@type\":\"WebPage\",\"@id\":\"https:\\\/\\\/neylaropadedanza.es\\\/fr\\\/product\\\/dou\\\/\",\"url\":\"https:\\\/\\\/neylaropadedanza.es\\\/fr\\\/product\\\/dou\\\/\",\"name\":\"Dou - Neyla Dancewear - V\u00eatements de danse du ventre\",\"isPartOf\":{\"@id\":\"https:\\\/\\\/neylaropadedanza.com\\\/#website\"},\"primaryImageOfPage\":{\"@id\":\"https:\\\/\\\/neylaropadedanza.es\\\/fr\\\/product\\\/dou\\\/#primaryimage\"},\"image\":{\"@id\":\"https:\\\/\\\/neylaropadedanza.es\\\/fr\\\/product\\\/dou\\\/#primaryimage\"},\"thumbnailUrl\":\"https:\\\/\\\/neylaropadedanza.es\\\/wp-content\\\/uploads\\\/2025\\\/03\\\/Ropa-de-Danza-del-Vientre-36-1.jpg\",\"datePublished\":\"2025-03-19T17:18:48+00:00\",\"dateModified\":\"2025-03-19T18:18:48+00:00\",\"description\":\"D\u00e9couvrez le top Dou pour danse du ventre avec imprim\u00e9 plumes. Un design \u00e9l\u00e9gant et confortable, id\u00e9al pour les spectacles et les r\u00e9p\u00e9titions.\",\"breadcrumb\":{\"@id\":\"https:\\\/\\\/neylaropadedanza.es\\\/fr\\\/product\\\/dou\\\/#breadcrumb\"},\"inLanguage\":\"fr-FR\",\"potentialAction\":[{\"@type\":\"ReadAction\",\"target\":[\"https:\\\/\\\/neylaropadedanza.es\\\/fr\\\/product\\\/dou\\\/\"]}]},{\"@type\":\"ImageObject\",\"inLanguage\":\"fr-FR\",\"@id\":\"https:\\\/\\\/neylaropadedanza.es\\\/fr\\\/product\\\/dou\\\/#primaryimage\",\"url\":\"https:\\\/\\\/neylaropadedanza.es\\\/wp-content\\\/uploads\\\/2025\\\/03\\\/Ropa-de-Danza-del-Vientre-36-1.jpg\",\"contentUrl\":\"https:\\\/\\\/neylaropadedanza.es\\\/wp-content\\\/uploads\\\/2025\\\/03\\\/Ropa-de-Danza-del-Vientre-36-1.jpg\",\"width\":1076,\"height\":1100,\"caption\":\"Top transparent de danse du ventre avec imprim\u00e9 plumes aux tons chauds.\"},{\"@type\":\"BreadcrumbList\",\"@id\":\"https:\\\/\\\/neylaropadedanza.es\\\/fr\\\/product\\\/dou\\\/#breadcrumb\",\"itemListElement\":[{\"@type\":\"ListItem\",\"position\":1,\"name\":\"Home\",\"item\":\"https:\\\/\\\/neylaropadedanza.es\\\/fr\\\/\"},{\"@type\":\"ListItem\",\"position\":2,\"name\":\"Produits\",\"item\":\"https:\\\/\\\/neylaropadedanza.es\\\/fr\\\/shop\\\/\"},{\"@type\":\"ListItem\",\"position\":3,\"name\":\"Dou\"}]},{\"@type\":\"WebSite\",\"@id\":\"https:\\\/\\\/neylaropadedanza.com\\\/#website\",\"url\":\"https:\\\/\\\/neylaropadedanza.com\\\/\",\"name\":\"NeylaRopaDeDanza\",\"description\":\"Ropa de Danza del Vientre, danza oriental, trajes, ropa de ensayo y mucho m\u00e1s!\",\"publisher\":{\"@id\":\"https:\\\/\\\/neylaropadedanza.com\\\/#organization\"},\"potentialAction\":[{\"@type\":\"SearchAction\",\"target\":{\"@type\":\"EntryPoint\",\"urlTemplate\":\"https:\\\/\\\/neylaropadedanza.com\\\/?s={search_term_string}\"},\"query-input\":{\"@type\":\"PropertyValueSpecification\",\"valueRequired\":true,\"valueName\":\"search_term_string\"}}],\"inLanguage\":\"fr-FR\"},{\"@type\":\"Organization\",\"@id\":\"https:\\\/\\\/neylaropadedanza.com\\\/#organization\",\"name\":\"NeylaRopaDeDanza\",\"url\":\"https:\\\/\\\/neylaropadedanza.com\\\/\",\"logo\":{\"@type\":\"ImageObject\",\"inLanguage\":\"fr-FR\",\"@id\":\"https:\\\/\\\/neylaropadedanza.com\\\/#\\\/schema\\\/logo\\\/image\\\/\",\"url\":\"https:\\\/\\\/neylaropadedanza.es\\\/wp-content\\\/uploads\\\/2025\\\/04\\\/Neyla-Blanc.webp\",\"contentUrl\":\"https:\\\/\\\/neylaropadedanza.es\\\/wp-content\\\/uploads\\\/2025\\\/04\\\/Neyla-Blanc.webp\",\"width\":1970,\"height\":936,\"caption\":\"NeylaRopaDeDanza\"},\"image\":{\"@id\":\"https:\\\/\\\/neylaropadedanza.com\\\/#\\\/schema\\\/logo\\\/image\\\/\"},\"sameAs\":[\"https:\\\/\\\/www.facebook.com\\\/neyladancewear\\\/\",\"https:\\\/\\\/www.instagram.com\\\/neyladancewear\\\/\",\"https:\\\/\\\/www.youtube.com\\\/channel\\\/UCKlqrANcZD0QqKXzpy4taWA?view_as=subscriber\"]}]}<\/script>\n<!-- \/ Yoast SEO plugin. -->","yoast_head_json":{"title":"Dou - Neyla Dancewear - V\u00eatements de danse du ventre","description":"D\u00e9couvrez le top Dou pour danse du ventre avec imprim\u00e9 plumes. Un design \u00e9l\u00e9gant et confortable, id\u00e9al pour les spectacles et les r\u00e9p\u00e9titions.","robots":{"index":"index","follow":"follow","max-snippet":"max-snippet:-1","max-image-preview":"max-image-preview:large","max-video-preview":"max-video-preview:-1"},"canonical":"https:\/\/neylaropadedanza.es\/fr\/product\/dou\/","og_locale":"fr_FR","og_type":"article","og_title":"Dou - Neyla Dancewear - V\u00eatements de danse du ventre","og_description":"D\u00e9couvrez le top Dou pour danse du ventre avec imprim\u00e9 plumes. Un design \u00e9l\u00e9gant et confortable, id\u00e9al pour les spectacles et les r\u00e9p\u00e9titions.","og_url":"https:\/\/neylaropadedanza.es\/fr\/product\/dou\/","og_site_name":"Neyla Dancewear","article_publisher":"https:\/\/www.facebook.com\/neyladancewear\/","article_modified_time":"2025-03-19T18:18:48+00:00","og_image":[{"width":1076,"height":1100,"url":"https:\/\/neylaropadedanza.es\/wp-content\/uploads\/2025\/03\/Ropa-de-Danza-del-Vientre-36-1.jpg","type":"image\/jpeg"}],"twitter_card":"summary_large_image","twitter_misc":{"Dur\u00e9e de lecture estim\u00e9e":"2 minutes"},"schema":{"@context":"https:\/\/schema.org","@graph":[{"@type":"WebPage","@id":"https:\/\/neylaropadedanza.es\/fr\/product\/dou\/","url":"https:\/\/neylaropadedanza.es\/fr\/product\/dou\/","name":"Dou - Neyla Dancewear - V\u00eatements de danse du ventre","isPartOf":{"@id":"https:\/\/neylaropadedanza.com\/#website"},"primaryImageOfPage":{"@id":"https:\/\/neylaropadedanza.es\/fr\/product\/dou\/#primaryimage"},"image":{"@id":"https:\/\/neylaropadedanza.es\/fr\/product\/dou\/#primaryimage"},"thumbnailUrl":"https:\/\/neylaropadedanza.es\/wp-content\/uploads\/2025\/03\/Ropa-de-Danza-del-Vientre-36-1.jpg","datePublished":"2025-03-19T17:18:48+00:00","dateModified":"2025-03-19T18:18:48+00:00","description":"D\u00e9couvrez le top Dou pour danse du ventre avec imprim\u00e9 plumes. Un design \u00e9l\u00e9gant et confortable, id\u00e9al pour les spectacles et les r\u00e9p\u00e9titions.","breadcrumb":{"@id":"https:\/\/neylaropadedanza.es\/fr\/product\/dou\/#breadcrumb"},"inLanguage":"fr-FR","potentialAction":[{"@type":"ReadAction","target":["https:\/\/neylaropadedanza.es\/fr\/product\/dou\/"]}]},{"@type":"ImageObject","inLanguage":"fr-FR","@id":"https:\/\/neylaropadedanza.es\/fr\/product\/dou\/#primaryimage","url":"https:\/\/neylaropadedanza.es\/wp-content\/uploads\/2025\/03\/Ropa-de-Danza-del-Vientre-36-1.jpg","contentUrl":"https:\/\/neylaropadedanza.es\/wp-content\/uploads\/2025\/03\/Ropa-de-Danza-del-Vientre-36-1.jpg","width":1076,"height":1100,"caption":"Top transparent de danse du ventre avec imprim\u00e9 plumes aux tons chauds."},{"@type":"BreadcrumbList","@id":"https:\/\/neylaropadedanza.es\/fr\/product\/dou\/#breadcrumb","itemListElement":[{"@type":"ListItem","position":1,"name":"Home","item":"https:\/\/neylaropadedanza.es\/fr\/"},{"@type":"ListItem","position":2,"name":"Produits","item":"https:\/\/neylaropadedanza.es\/fr\/shop\/"},{"@type":"ListItem","position":3,"name":"Dou"}]},{"@type":"WebSite","@id":"https:\/\/neylaropadedanza.com\/#website","url":"https:\/\/neylaropadedanza.com\/","name":"NeylaRopaDeDanza","description":"Ropa de Danza del Vientre, danza oriental, trajes, ropa de ensayo y mucho m\u00e1s!","publisher":{"@id":"https:\/\/neylaropadedanza.com\/#organization"},"potentialAction":[{"@type":"SearchAction","target":{"@type":"EntryPoint","urlTemplate":"https:\/\/neylaropadedanza.com\/?s={search_term_string}"},"query-input":{"@type":"PropertyValueSpecification","valueRequired":true,"valueName":"search_term_string"}}],"inLanguage":"fr-FR"},{"@type":"Organization","@id":"https:\/\/neylaropadedanza.com\/#organization","name":"NeylaRopaDeDanza","url":"https:\/\/neylaropadedanza.com\/","logo":{"@type":"ImageObject","inLanguage":"fr-FR","@id":"https:\/\/neylaropadedanza.com\/#\/schema\/logo\/image\/","url":"https:\/\/neylaropadedanza.es\/wp-content\/uploads\/2025\/04\/Neyla-Blanc.webp","contentUrl":"https:\/\/neylaropadedanza.es\/wp-content\/uploads\/2025\/04\/Neyla-Blanc.webp","width":1970,"height":936,"caption":"NeylaRopaDeDanza"},"image":{"@id":"https:\/\/neylaropadedanza.com\/#\/schema\/logo\/image\/"},"sameAs":["https:\/\/www.facebook.com\/neyladancewear\/","https:\/\/www.instagram.com\/neyladancewear\/","https:\/\/www.youtube.com\/channel\/UCKlqrANcZD0QqKXzpy4taWA?view_as=subscriber"]}]}},"_links":{"self":[{"href":"https:\/\/neylaropadedanza.es\/fr\/wp-json\/wp\/v2\/product\/18807","targetHints":{"allow":["GET"]}}],"collection":[{"href":"https:\/\/neylaropadedanza.es\/fr\/wp-json\/wp\/v2\/product"}],"about":[{"href":"https:\/\/neylaropadedanza.es\/fr\/wp-json\/wp\/v2\/types\/product"}],"replies":[{"embeddable":true,"href":"https:\/\/neylaropadedanza.es\/fr\/wp-json\/wp\/v2\/comments?post=18807"}],"version-history":[{"count":0,"href":"https:\/\/neylaropadedanza.es\/fr\/wp-json\/wp\/v2\/product\/18807\/revisions"}],"wp:featuredmedia":[{"embeddable":true,"href":"https:\/\/neylaropadedanza.es\/fr\/wp-json\/wp\/v2\/media\/18636"}],"wp:attachment":[{"href":"https:\/\/neylaropadedanza.es\/fr\/wp-json\/wp\/v2\/media?parent=18807"}],"wp:term":[{"taxonomy":"product_brand","embeddable":true,"href":"https:\/\/neylaropadedanza.es\/fr\/wp-json\/wp\/v2\/product_brand?post=18807"},{"taxonomy":"product_cat","embeddable":true,"href":"https:\/\/neylaropadedanza.es\/fr\/wp-json\/wp\/v2\/product_cat?post=18807"},{"taxonomy":"product_tag","embeddable":true,"href":"https:\/\/neylaropadedanza.es\/fr\/wp-json\/wp\/v2\/product_tag?post=18807"}],"curies":[{"name":"wp","href":"https:\/\/api.w.org\/{rel}","templated":true}]}}